{"id":93529,"date":"2026-05-04T14:12:09","date_gmt":"2026-05-04T12:12:09","guid":{"rendered":"https:\/\/amare-atelier.pl\/produkt\/body-control-set-black\/"},"modified":"2026-05-06T17:31:57","modified_gmt":"2026-05-06T15:31:57","slug":"body-control-set-black","status":"publish","type":"product","link":"https:\/\/amare-atelier.pl\/en\/product\/body-control-set-black\/","title":{"rendered":"Body Control Set &#8211; black"},"content":{"rendered":"<p>Minimalism at its most sensual. This fitted set consisting of a short bandeau top and high-waisted leggings is designed to accentuate the figure and provide maximum comfort. <\/p>\n<p>The elastic material fits perfectly to the body, shaping the figure and emphasizing the waist. The high-waisted leggings optically elongate the legs, while the simple, plain top exposes the shoulders and cleavage, creating a striking, but still minimalist styling. <\/p>\n<p>This is a set that will work for both going out and everyday styling &#8211; just change the accessories.<\/p>\n<p>Why you&#8217;ll love it<br \/>\n&#8211; emphasizes the silhouette and models the figure<br \/>\n&#8211; high top that lengthens the legs<br \/>\n&#8211; soft, stretchy material<br \/>\n&#8211; timeless, universal black<br \/>\n&#8211; perfect as a set or separately<\/p>\n","protected":false},"excerpt":{"rendered":"<p>Composition: 87% polyester, 13% elastane<\/p>\n<p>&nbsp;<\/p>\n","protected":false},"featured_media":93457,"template":"","meta":{"inline_featured_image":false},"product_brand":[],"product_cat":[150,133],"product_tag":[],"class_list":{"0":"post-93529","1":"product","2":"type-product","3":"status-publish","4":"has-post-thumbnail","6":"product_cat-nowosci","7":"product_cat-komplety","10":"first","11":"outofstock","12":"shipping-taxable","13":"purchasable","14":"product-type-variable"},"yoast_head":"<!-- This site is optimized with the Yoast SEO plugin v27.4 - https:\/\/yoast.com\/product\/yoast-seo-wordpress\/ -->\n<title>Body Control Set - black - Amare Atelier \u2013 Modna Odzie\u017c Damska | Styl, Klasa, Kobieco\u015b\u0107<\/title>\n<meta name=\"robots\" content=\"index, follow, max-snippet:-1, max-image-preview:large, max-video-preview:-1\" \/>\n<link rel=\"canonical\" href=\"https:\/\/amare-atelier.pl\/en\/product\/body-control-set-black\/\" \/>\n<meta property=\"og:locale\" content=\"en_US\" \/>\n<meta property=\"og:type\" content=\"article\" \/>\n<meta property=\"og:title\" content=\"Body Control Set - black - Amare Atelier \u2013 Modna Odzie\u017c Damska | Styl, Klasa, Kobieco\u015b\u0107\" \/>\n<meta property=\"og:description\" content=\"Composition: 87% polyester, 13% elastane &nbsp;\" \/>\n<meta property=\"og:url\" content=\"https:\/\/amare-atelier.pl\/en\/product\/body-control-set-black\/\" \/>\n<meta property=\"og:site_name\" content=\"Amare Atelier \u2013 Modna Odzie\u017c Damska | Styl, Klasa, Kobieco\u015b\u0107\" \/>\n<meta property=\"article:publisher\" content=\"https:\/\/www.facebook.com\/profile.php?id=61577234792545\" \/>\n<meta property=\"article:modified_time\" content=\"2026-05-06T15:31:57+00:00\" \/>\n<meta property=\"og:image\" content=\"https:\/\/amare-atelier.pl\/wp-content\/uploads\/2026\/05\/IMG_9838.jpeg\" \/>\n\t<meta property=\"og:image:width\" content=\"1206\" \/>\n\t<meta property=\"og:image:height\" content=\"2047\" \/>\n\t<meta property=\"og:image:type\" content=\"image\/jpeg\" \/>\n<meta name=\"twitter:card\" content=\"summary_large_image\" \/>\n<meta name=\"twitter:label1\" content=\"Est. reading time\" \/>\n\t<meta name=\"twitter:data1\" content=\"1 minute\" \/>\n<script type=\"application\/ld+json\" class=\"yoast-schema-graph\">{\"@context\":\"https:\\\/\\\/schema.org\",\"@graph\":[{\"@type\":\"WebPage\",\"@id\":\"https:\\\/\\\/amare-atelier.pl\\\/en\\\/product\\\/body-control-set-black\\\/\",\"url\":\"https:\\\/\\\/amare-atelier.pl\\\/en\\\/product\\\/body-control-set-black\\\/\",\"name\":\"Body Control Set - black - Amare Atelier \u2013 Modna Odzie\u017c Damska | Styl, Klasa, Kobieco\u015b\u0107\",\"isPartOf\":{\"@id\":\"https:\\\/\\\/amare-atelier.pl\\\/en\\\/#website\"},\"primaryImageOfPage\":{\"@id\":\"https:\\\/\\\/amare-atelier.pl\\\/en\\\/product\\\/body-control-set-black\\\/#primaryimage\"},\"image\":{\"@id\":\"https:\\\/\\\/amare-atelier.pl\\\/en\\\/product\\\/body-control-set-black\\\/#primaryimage\"},\"thumbnailUrl\":\"https:\\\/\\\/amare-atelier.pl\\\/wp-content\\\/uploads\\\/2026\\\/05\\\/IMG_9838.jpeg\",\"datePublished\":\"2026-05-04T12:12:09+00:00\",\"dateModified\":\"2026-05-06T15:31:57+00:00\",\"breadcrumb\":{\"@id\":\"https:\\\/\\\/amare-atelier.pl\\\/en\\\/product\\\/body-control-set-black\\\/#breadcrumb\"},\"inLanguage\":\"en-US\",\"potentialAction\":[{\"@type\":\"ReadAction\",\"target\":[\"https:\\\/\\\/amare-atelier.pl\\\/en\\\/product\\\/body-control-set-black\\\/\"]}]},{\"@type\":\"ImageObject\",\"inLanguage\":\"en-US\",\"@id\":\"https:\\\/\\\/amare-atelier.pl\\\/en\\\/product\\\/body-control-set-black\\\/#primaryimage\",\"url\":\"https:\\\/\\\/amare-atelier.pl\\\/wp-content\\\/uploads\\\/2026\\\/05\\\/IMG_9838.jpeg\",\"contentUrl\":\"https:\\\/\\\/amare-atelier.pl\\\/wp-content\\\/uploads\\\/2026\\\/05\\\/IMG_9838.jpeg\",\"width\":1206,\"height\":2047,\"caption\":\"Screenshot\"},{\"@type\":\"BreadcrumbList\",\"@id\":\"https:\\\/\\\/amare-atelier.pl\\\/en\\\/product\\\/body-control-set-black\\\/#breadcrumb\",\"itemListElement\":[{\"@type\":\"ListItem\",\"position\":1,\"name\":\"Strona g\u0142\u00f3wna\",\"item\":\"https:\\\/\\\/amare-atelier.pl\\\/en\\\/home\\\/\"},{\"@type\":\"ListItem\",\"position\":2,\"name\":\"Shop\",\"item\":\"https:\\\/\\\/amare-atelier.pl\\\/en\\\/shop\\\/\"},{\"@type\":\"ListItem\",\"position\":3,\"name\":\"Body Control Set &#8211; black\"}]},{\"@type\":\"WebSite\",\"@id\":\"https:\\\/\\\/amare-atelier.pl\\\/en\\\/#website\",\"url\":\"https:\\\/\\\/amare-atelier.pl\\\/en\\\/\",\"name\":\"Amare Atelier \u2013 Modna Odzie\u017c Damska | Styl, Klasa, Kobieco\u015b\u0107\",\"description\":\"\",\"publisher\":{\"@id\":\"https:\\\/\\\/amare-atelier.pl\\\/en\\\/#organization\"},\"potentialAction\":[{\"@type\":\"SearchAction\",\"target\":{\"@type\":\"EntryPoint\",\"urlTemplate\":\"https:\\\/\\\/amare-atelier.pl\\\/en\\\/?s={search_term_string}\"},\"query-input\":{\"@type\":\"PropertyValueSpecification\",\"valueRequired\":true,\"valueName\":\"search_term_string\"}}],\"inLanguage\":\"en-US\"},{\"@type\":\"Organization\",\"@id\":\"https:\\\/\\\/amare-atelier.pl\\\/en\\\/#organization\",\"name\":\"Amare Atelier \u2013 Modna Odzie\u017c Damska | Styl, Klasa, Kobieco\u015b\u0107\",\"url\":\"https:\\\/\\\/amare-atelier.pl\\\/en\\\/\",\"logo\":{\"@type\":\"ImageObject\",\"inLanguage\":\"en-US\",\"@id\":\"https:\\\/\\\/amare-atelier.pl\\\/en\\\/#\\\/schema\\\/logo\\\/image\\\/\",\"url\":\"https:\\\/\\\/amare-atelier.pl\\\/wp-content\\\/uploads\\\/2025\\\/06\\\/amare-logo.svg\",\"contentUrl\":\"https:\\\/\\\/amare-atelier.pl\\\/wp-content\\\/uploads\\\/2025\\\/06\\\/amare-logo.svg\",\"width\":578,\"height\":238,\"caption\":\"Amare Atelier \u2013 Modna Odzie\u017c Damska | Styl, Klasa, Kobieco\u015b\u0107\"},\"image\":{\"@id\":\"https:\\\/\\\/amare-atelier.pl\\\/en\\\/#\\\/schema\\\/logo\\\/image\\\/\"},\"sameAs\":[\"https:\\\/\\\/www.facebook.com\\\/profile.php?id=61577234792545\",\"https:\\\/\\\/www.instagram.com\\\/amare___atelier\\\/\"]}]}<\/script>\n<!-- \/ Yoast SEO plugin. -->","yoast_head_json":{"title":"Body Control Set - black - Amare Atelier \u2013 Modna Odzie\u017c Damska | Styl, Klasa, Kobieco\u015b\u0107","robots":{"index":"index","follow":"follow","max-snippet":"max-snippet:-1","max-image-preview":"max-image-preview:large","max-video-preview":"max-video-preview:-1"},"canonical":"https:\/\/amare-atelier.pl\/en\/product\/body-control-set-black\/","og_locale":"en_US","og_type":"article","og_title":"Body Control Set - black - Amare Atelier \u2013 Modna Odzie\u017c Damska | Styl, Klasa, Kobieco\u015b\u0107","og_description":"Composition: 87% polyester, 13% elastane &nbsp;","og_url":"https:\/\/amare-atelier.pl\/en\/product\/body-control-set-black\/","og_site_name":"Amare Atelier \u2013 Modna Odzie\u017c Damska | Styl, Klasa, Kobieco\u015b\u0107","article_publisher":"https:\/\/www.facebook.com\/profile.php?id=61577234792545","article_modified_time":"2026-05-06T15:31:57+00:00","og_image":[{"width":1206,"height":2047,"url":"https:\/\/amare-atelier.pl\/wp-content\/uploads\/2026\/05\/IMG_9838.jpeg","type":"image\/jpeg"}],"twitter_card":"summary_large_image","twitter_misc":{"Est. reading time":"1 minute"},"schema":{"@context":"https:\/\/schema.org","@graph":[{"@type":"WebPage","@id":"https:\/\/amare-atelier.pl\/en\/product\/body-control-set-black\/","url":"https:\/\/amare-atelier.pl\/en\/product\/body-control-set-black\/","name":"Body Control Set - black - Amare Atelier \u2013 Modna Odzie\u017c Damska | Styl, Klasa, Kobieco\u015b\u0107","isPartOf":{"@id":"https:\/\/amare-atelier.pl\/en\/#website"},"primaryImageOfPage":{"@id":"https:\/\/amare-atelier.pl\/en\/product\/body-control-set-black\/#primaryimage"},"image":{"@id":"https:\/\/amare-atelier.pl\/en\/product\/body-control-set-black\/#primaryimage"},"thumbnailUrl":"https:\/\/amare-atelier.pl\/wp-content\/uploads\/2026\/05\/IMG_9838.jpeg","datePublished":"2026-05-04T12:12:09+00:00","dateModified":"2026-05-06T15:31:57+00:00","breadcrumb":{"@id":"https:\/\/amare-atelier.pl\/en\/product\/body-control-set-black\/#breadcrumb"},"inLanguage":"en-US","potentialAction":[{"@type":"ReadAction","target":["https:\/\/amare-atelier.pl\/en\/product\/body-control-set-black\/"]}]},{"@type":"ImageObject","inLanguage":"en-US","@id":"https:\/\/amare-atelier.pl\/en\/product\/body-control-set-black\/#primaryimage","url":"https:\/\/amare-atelier.pl\/wp-content\/uploads\/2026\/05\/IMG_9838.jpeg","contentUrl":"https:\/\/amare-atelier.pl\/wp-content\/uploads\/2026\/05\/IMG_9838.jpeg","width":1206,"height":2047,"caption":"Screenshot"},{"@type":"BreadcrumbList","@id":"https:\/\/amare-atelier.pl\/en\/product\/body-control-set-black\/#breadcrumb","itemListElement":[{"@type":"ListItem","position":1,"name":"Strona g\u0142\u00f3wna","item":"https:\/\/amare-atelier.pl\/en\/home\/"},{"@type":"ListItem","position":2,"name":"Shop","item":"https:\/\/amare-atelier.pl\/en\/shop\/"},{"@type":"ListItem","position":3,"name":"Body Control Set &#8211; black"}]},{"@type":"WebSite","@id":"https:\/\/amare-atelier.pl\/en\/#website","url":"https:\/\/amare-atelier.pl\/en\/","name":"Amare Atelier \u2013 Modna Odzie\u017c Damska | Styl, Klasa, Kobieco\u015b\u0107","description":"","publisher":{"@id":"https:\/\/amare-atelier.pl\/en\/#organization"},"potentialAction":[{"@type":"SearchAction","target":{"@type":"EntryPoint","urlTemplate":"https:\/\/amare-atelier.pl\/en\/?s={search_term_string}"},"query-input":{"@type":"PropertyValueSpecification","valueRequired":true,"valueName":"search_term_string"}}],"inLanguage":"en-US"},{"@type":"Organization","@id":"https:\/\/amare-atelier.pl\/en\/#organization","name":"Amare Atelier \u2013 Modna Odzie\u017c Damska | Styl, Klasa, Kobieco\u015b\u0107","url":"https:\/\/amare-atelier.pl\/en\/","logo":{"@type":"ImageObject","inLanguage":"en-US","@id":"https:\/\/amare-atelier.pl\/en\/#\/schema\/logo\/image\/","url":"https:\/\/amare-atelier.pl\/wp-content\/uploads\/2025\/06\/amare-logo.svg","contentUrl":"https:\/\/amare-atelier.pl\/wp-content\/uploads\/2025\/06\/amare-logo.svg","width":578,"height":238,"caption":"Amare Atelier \u2013 Modna Odzie\u017c Damska | Styl, Klasa, Kobieco\u015b\u0107"},"image":{"@id":"https:\/\/amare-atelier.pl\/en\/#\/schema\/logo\/image\/"},"sameAs":["https:\/\/www.facebook.com\/profile.php?id=61577234792545","https:\/\/www.instagram.com\/amare___atelier\/"]}]}},"_links":{"self":[{"href":"https:\/\/amare-atelier.pl\/en\/wp-json\/wp\/v2\/product\/93529","targetHints":{"allow":["GET"]}}],"collection":[{"href":"https:\/\/amare-atelier.pl\/en\/wp-json\/wp\/v2\/product"}],"about":[{"href":"https:\/\/amare-atelier.pl\/en\/wp-json\/wp\/v2\/types\/product"}],"wp:featuredmedia":[{"embeddable":true,"href":"https:\/\/amare-atelier.pl\/en\/wp-json\/wp\/v2\/media\/93457"}],"wp:attachment":[{"href":"https:\/\/amare-atelier.pl\/en\/wp-json\/wp\/v2\/media?parent=93529"}],"wp:term":[{"taxonomy":"product_brand","embeddable":true,"href":"https:\/\/amare-atelier.pl\/en\/wp-json\/wp\/v2\/product_brand?post=93529"},{"taxonomy":"product_cat","embeddable":true,"href":"https:\/\/amare-atelier.pl\/en\/wp-json\/wp\/v2\/product_cat?post=93529"},{"taxonomy":"product_tag","embeddable":true,"href":"https:\/\/amare-atelier.pl\/en\/wp-json\/wp\/v2\/product_tag?post=93529"}],"curies":[{"name":"wp","href":"https:\/\/api.w.org\/{rel}","templated":true}]}}