{"id":75798,"date":"2026-02-14T05:00:44","date_gmt":"2026-02-14T04:00:44","guid":{"rendered":"https:\/\/amare-atelier.pl\/produkt\/black-lace-jacket\/"},"modified":"2026-02-14T05:00:44","modified_gmt":"2026-02-14T04:00:44","slug":"black-lace-jacket","status":"publish","type":"product","link":"https:\/\/amare-atelier.pl\/en\/product\/black-lace-jacket\/","title":{"rendered":"Black Lace Jacket"},"content":{"rendered":"<p>Black jacket with lace trim is an elegant closet base in a feminine way. The slim fit subtly emphasizes the silhouette, and delicate black lace decorates the bottom of the jacket and the cuffs of the sleeves, adding lightness and character to the whole. The simple form broken by a decorative detail makes the model look stylish and unique, without excessive formality.  <\/p>\n<p>Great for both elegant styling and more casual combinations &#8211; imposed over a top, shirt or fitted dress. This is a proposal for women who like classics with a distinctly feminine touch. <\/p>\n","protected":false},"excerpt":{"rendered":"<p>Composition:95%polyester,5%elastane<\/p>\n<p>Not sure about the size? Write to us on Instagram amare___atelier from 09:00-16:00, we will help you in 5 minutes! <\/p>\n","protected":false},"featured_media":73404,"template":"","meta":{"inline_featured_image":false},"product_brand":[],"product_cat":[277,164],"product_tag":[],"class_list":{"0":"post-75798","1":"product","2":"type-product","3":"status-publish","4":"has-post-thumbnail","6":"product_cat-mariners","7":"product_cat-news","10":"first","11":"instock","12":"shipping-taxable","13":"purchasable","14":"product-type-variable"},"yoast_head":"<!-- This site is optimized with the Yoast SEO plugin v26.3 - https:\/\/yoast.com\/wordpress\/plugins\/seo\/ -->\n<title>Black Lace Jacket - Amare Atelier \u2013 Modna Odzie\u017c Damska | Styl, Klasa, Kobieco\u015b\u0107<\/title>\n<meta name=\"robots\" content=\"index, follow, max-snippet:-1, max-image-preview:large, max-video-preview:-1\" \/>\n<link rel=\"canonical\" href=\"https:\/\/amare-atelier.pl\/en\/product\/black-lace-jacket\/\" \/>\n<meta property=\"og:locale\" content=\"en_US\" \/>\n<meta property=\"og:type\" content=\"article\" \/>\n<meta property=\"og:title\" content=\"Black Lace Jacket - Amare Atelier \u2013 Modna Odzie\u017c Damska | Styl, Klasa, Kobieco\u015b\u0107\" \/>\n<meta property=\"og:description\" content=\"Composition:95%polyester,5%elastane Not sure about the size? Write to us on Instagram amare___atelier from 09:00-16:00, we will help you in 5 minutes!\" \/>\n<meta property=\"og:url\" content=\"https:\/\/amare-atelier.pl\/en\/product\/black-lace-jacket\/\" \/>\n<meta property=\"og:site_name\" content=\"Amare Atelier \u2013 Modna Odzie\u017c Damska | Styl, Klasa, Kobieco\u015b\u0107\" \/>\n<meta property=\"article:publisher\" content=\"https:\/\/www.facebook.com\/profile.php?id=61577234792545\" \/>\n<meta property=\"og:image\" content=\"https:\/\/amare-atelier.pl\/wp-content\/uploads\/2026\/02\/IMG_1962-scaled.jpeg\" \/>\n\t<meta property=\"og:image:width\" content=\"1920\" \/>\n\t<meta property=\"og:image:height\" content=\"2560\" \/>\n\t<meta property=\"og:image:type\" content=\"image\/jpeg\" \/>\n<meta name=\"twitter:card\" content=\"summary_large_image\" \/>\n<script type=\"application\/ld+json\" class=\"yoast-schema-graph\">{\"@context\":\"https:\/\/schema.org\",\"@graph\":[{\"@type\":\"WebPage\",\"@id\":\"https:\/\/amare-atelier.pl\/en\/product\/black-lace-jacket\/\",\"url\":\"https:\/\/amare-atelier.pl\/en\/product\/black-lace-jacket\/\",\"name\":\"Black Lace Jacket - Amare Atelier \u2013 Modna Odzie\u017c Damska | Styl, Klasa, Kobieco\u015b\u0107\",\"isPartOf\":{\"@id\":\"https:\/\/amare-atelier.pl\/en\/#website\"},\"primaryImageOfPage\":{\"@id\":\"https:\/\/amare-atelier.pl\/en\/product\/black-lace-jacket\/#primaryimage\"},\"image\":{\"@id\":\"https:\/\/amare-atelier.pl\/en\/product\/black-lace-jacket\/#primaryimage\"},\"thumbnailUrl\":\"https:\/\/amare-atelier.pl\/wp-content\/uploads\/2026\/02\/IMG_1962-scaled.jpeg\",\"datePublished\":\"2026-02-14T04:00:44+00:00\",\"breadcrumb\":{\"@id\":\"https:\/\/amare-atelier.pl\/en\/product\/black-lace-jacket\/#breadcrumb\"},\"inLanguage\":\"en-US\",\"potentialAction\":[{\"@type\":\"ReadAction\",\"target\":[\"https:\/\/amare-atelier.pl\/en\/product\/black-lace-jacket\/\"]}]},{\"@type\":\"ImageObject\",\"inLanguage\":\"en-US\",\"@id\":\"https:\/\/amare-atelier.pl\/en\/product\/black-lace-jacket\/#primaryimage\",\"url\":\"https:\/\/amare-atelier.pl\/wp-content\/uploads\/2026\/02\/IMG_1962-scaled.jpeg\",\"contentUrl\":\"https:\/\/amare-atelier.pl\/wp-content\/uploads\/2026\/02\/IMG_1962-scaled.jpeg\",\"width\":1920,\"height\":2560},{\"@type\":\"BreadcrumbList\",\"@id\":\"https:\/\/amare-atelier.pl\/en\/product\/black-lace-jacket\/#breadcrumb\",\"itemListElement\":[{\"@type\":\"ListItem\",\"position\":1,\"name\":\"Strona g\u0142\u00f3wna\",\"item\":\"https:\/\/amare-atelier.pl\/en\/home\/\"},{\"@type\":\"ListItem\",\"position\":2,\"name\":\"Shop\",\"item\":\"https:\/\/amare-atelier.pl\/en\/shop\/\"},{\"@type\":\"ListItem\",\"position\":3,\"name\":\"Black Lace Jacket\"}]},{\"@type\":\"WebSite\",\"@id\":\"https:\/\/amare-atelier.pl\/en\/#website\",\"url\":\"https:\/\/amare-atelier.pl\/en\/\",\"name\":\"Amare Atelier \u2013 Modna Odzie\u017c Damska | Styl, Klasa, Kobieco\u015b\u0107\",\"description\":\"\",\"publisher\":{\"@id\":\"https:\/\/amare-atelier.pl\/en\/#organization\"},\"potentialAction\":[{\"@type\":\"SearchAction\",\"target\":{\"@type\":\"EntryPoint\",\"urlTemplate\":\"https:\/\/amare-atelier.pl\/en\/?s={search_term_string}\"},\"query-input\":{\"@type\":\"PropertyValueSpecification\",\"valueRequired\":true,\"valueName\":\"search_term_string\"}}],\"inLanguage\":\"en-US\"},{\"@type\":\"Organization\",\"@id\":\"https:\/\/amare-atelier.pl\/en\/#organization\",\"name\":\"Amare Atelier \u2013 Modna Odzie\u017c Damska | Styl, Klasa, Kobieco\u015b\u0107\",\"url\":\"https:\/\/amare-atelier.pl\/en\/\",\"logo\":{\"@type\":\"ImageObject\",\"inLanguage\":\"en-US\",\"@id\":\"https:\/\/amare-atelier.pl\/en\/#\/schema\/logo\/image\/\",\"url\":\"https:\/\/amare-atelier.pl\/wp-content\/uploads\/2025\/06\/amare-logo.svg\",\"contentUrl\":\"https:\/\/amare-atelier.pl\/wp-content\/uploads\/2025\/06\/amare-logo.svg\",\"width\":578,\"height\":238,\"caption\":\"Amare Atelier \u2013 Modna Odzie\u017c Damska | Styl, Klasa, Kobieco\u015b\u0107\"},\"image\":{\"@id\":\"https:\/\/amare-atelier.pl\/en\/#\/schema\/logo\/image\/\"},\"sameAs\":[\"https:\/\/www.facebook.com\/profile.php?id=61577234792545\",\"https:\/\/www.instagram.com\/amare___atelier\/\"]}]}<\/script>\n<!-- \/ Yoast SEO plugin. -->","yoast_head_json":{"title":"Black Lace Jacket - Amare Atelier \u2013 Modna Odzie\u017c Damska | Styl, Klasa, Kobieco\u015b\u0107","robots":{"index":"index","follow":"follow","max-snippet":"max-snippet:-1","max-image-preview":"max-image-preview:large","max-video-preview":"max-video-preview:-1"},"canonical":"https:\/\/amare-atelier.pl\/en\/product\/black-lace-jacket\/","og_locale":"en_US","og_type":"article","og_title":"Black Lace Jacket - Amare Atelier \u2013 Modna Odzie\u017c Damska | Styl, Klasa, Kobieco\u015b\u0107","og_description":"Composition:95%polyester,5%elastane Not sure about the size? Write to us on Instagram amare___atelier from 09:00-16:00, we will help you in 5 minutes!","og_url":"https:\/\/amare-atelier.pl\/en\/product\/black-lace-jacket\/","og_site_name":"Amare Atelier \u2013 Modna Odzie\u017c Damska | Styl, Klasa, Kobieco\u015b\u0107","article_publisher":"https:\/\/www.facebook.com\/profile.php?id=61577234792545","og_image":[{"width":1920,"height":2560,"url":"https:\/\/amare-atelier.pl\/wp-content\/uploads\/2026\/02\/IMG_1962-scaled.jpeg","type":"image\/jpeg"}],"twitter_card":"summary_large_image","schema":{"@context":"https:\/\/schema.org","@graph":[{"@type":"WebPage","@id":"https:\/\/amare-atelier.pl\/en\/product\/black-lace-jacket\/","url":"https:\/\/amare-atelier.pl\/en\/product\/black-lace-jacket\/","name":"Black Lace Jacket - Amare Atelier \u2013 Modna Odzie\u017c Damska | Styl, Klasa, Kobieco\u015b\u0107","isPartOf":{"@id":"https:\/\/amare-atelier.pl\/en\/#website"},"primaryImageOfPage":{"@id":"https:\/\/amare-atelier.pl\/en\/product\/black-lace-jacket\/#primaryimage"},"image":{"@id":"https:\/\/amare-atelier.pl\/en\/product\/black-lace-jacket\/#primaryimage"},"thumbnailUrl":"https:\/\/amare-atelier.pl\/wp-content\/uploads\/2026\/02\/IMG_1962-scaled.jpeg","datePublished":"2026-02-14T04:00:44+00:00","breadcrumb":{"@id":"https:\/\/amare-atelier.pl\/en\/product\/black-lace-jacket\/#breadcrumb"},"inLanguage":"en-US","potentialAction":[{"@type":"ReadAction","target":["https:\/\/amare-atelier.pl\/en\/product\/black-lace-jacket\/"]}]},{"@type":"ImageObject","inLanguage":"en-US","@id":"https:\/\/amare-atelier.pl\/en\/product\/black-lace-jacket\/#primaryimage","url":"https:\/\/amare-atelier.pl\/wp-content\/uploads\/2026\/02\/IMG_1962-scaled.jpeg","contentUrl":"https:\/\/amare-atelier.pl\/wp-content\/uploads\/2026\/02\/IMG_1962-scaled.jpeg","width":1920,"height":2560},{"@type":"BreadcrumbList","@id":"https:\/\/amare-atelier.pl\/en\/product\/black-lace-jacket\/#breadcrumb","itemListElement":[{"@type":"ListItem","position":1,"name":"Strona g\u0142\u00f3wna","item":"https:\/\/amare-atelier.pl\/en\/home\/"},{"@type":"ListItem","position":2,"name":"Shop","item":"https:\/\/amare-atelier.pl\/en\/shop\/"},{"@type":"ListItem","position":3,"name":"Black Lace Jacket"}]},{"@type":"WebSite","@id":"https:\/\/amare-atelier.pl\/en\/#website","url":"https:\/\/amare-atelier.pl\/en\/","name":"Amare Atelier \u2013 Modna Odzie\u017c Damska | Styl, Klasa, Kobieco\u015b\u0107","description":"","publisher":{"@id":"https:\/\/amare-atelier.pl\/en\/#organization"},"potentialAction":[{"@type":"SearchAction","target":{"@type":"EntryPoint","urlTemplate":"https:\/\/amare-atelier.pl\/en\/?s={search_term_string}"},"query-input":{"@type":"PropertyValueSpecification","valueRequired":true,"valueName":"search_term_string"}}],"inLanguage":"en-US"},{"@type":"Organization","@id":"https:\/\/amare-atelier.pl\/en\/#organization","name":"Amare Atelier \u2013 Modna Odzie\u017c Damska | Styl, Klasa, Kobieco\u015b\u0107","url":"https:\/\/amare-atelier.pl\/en\/","logo":{"@type":"ImageObject","inLanguage":"en-US","@id":"https:\/\/amare-atelier.pl\/en\/#\/schema\/logo\/image\/","url":"https:\/\/amare-atelier.pl\/wp-content\/uploads\/2025\/06\/amare-logo.svg","contentUrl":"https:\/\/amare-atelier.pl\/wp-content\/uploads\/2025\/06\/amare-logo.svg","width":578,"height":238,"caption":"Amare Atelier \u2013 Modna Odzie\u017c Damska | Styl, Klasa, Kobieco\u015b\u0107"},"image":{"@id":"https:\/\/amare-atelier.pl\/en\/#\/schema\/logo\/image\/"},"sameAs":["https:\/\/www.facebook.com\/profile.php?id=61577234792545","https:\/\/www.instagram.com\/amare___atelier\/"]}]}},"_links":{"self":[{"href":"https:\/\/amare-atelier.pl\/en\/wp-json\/wp\/v2\/product\/75798","targetHints":{"allow":["GET"]}}],"collection":[{"href":"https:\/\/amare-atelier.pl\/en\/wp-json\/wp\/v2\/product"}],"about":[{"href":"https:\/\/amare-atelier.pl\/en\/wp-json\/wp\/v2\/types\/product"}],"wp:featuredmedia":[{"embeddable":true,"href":"https:\/\/amare-atelier.pl\/en\/wp-json\/wp\/v2\/media\/73404"}],"wp:attachment":[{"href":"https:\/\/amare-atelier.pl\/en\/wp-json\/wp\/v2\/media?parent=75798"}],"wp:term":[{"taxonomy":"product_brand","embeddable":true,"href":"https:\/\/amare-atelier.pl\/en\/wp-json\/wp\/v2\/product_brand?post=75798"},{"taxonomy":"product_cat","embeddable":true,"href":"https:\/\/amare-atelier.pl\/en\/wp-json\/wp\/v2\/product_cat?post=75798"},{"taxonomy":"product_tag","embeddable":true,"href":"https:\/\/amare-atelier.pl\/en\/wp-json\/wp\/v2\/product_tag?post=75798"}],"curies":[{"name":"wp","href":"https:\/\/api.w.org\/{rel}","templated":true}]}}