{"id":75779,"date":"2026-02-25T11:10:54","date_gmt":"2026-02-25T10:10:54","guid":{"rendered":"https:\/\/amare-atelier.pl\/produkt\/t-shirt-puff\/"},"modified":"2026-03-24T17:50:06","modified_gmt":"2026-03-24T16:50:06","slug":"t-shirt-puff","status":"publish","type":"product","link":"https:\/\/amare-atelier.pl\/en\/product\/t-shirt-puff\/","title":{"rendered":"T-shirt Puff"},"content":{"rendered":"<p>A white T-shirt with character &#8211; the subtle lettering on the sleeve and the delicate logo on the bust do the job without screaming. Puffed sleeves add volume to the top, making the silhouette look more proportional (less bottom, more &#8220;wow&#8221; on top). Wear it classically or roll it up for an even stronger effect and fashionable vibe. Lightweight, comfortable and very &#8220;to style&#8221;. &#8211; From jeans to your red rose skirt.   <\/p>\n","protected":false},"excerpt":{"rendered":"<p>Composition:100% cotton<\/p>\n<p>Not sure about the size? Write to us on Instagram amare___atelier from 09:00-16:00, we will help you in 5 minutes! <\/p>\n","protected":false},"featured_media":73730,"template":"","meta":{"inline_featured_image":false},"product_brand":[],"product_cat":[316,158],"product_tag":[],"class_list":{"0":"post-75779","1":"product","2":"type-product","3":"status-publish","4":"has-post-thumbnail","6":"product_cat-sale","7":"product_cat-blouses","10":"first","11":"instock","12":"sale","13":"shipping-taxable","14":"purchasable","15":"product-type-variable"},"yoast_head":"<!-- This site is optimized with the Yoast SEO plugin v26.3 - https:\/\/yoast.com\/wordpress\/plugins\/seo\/ -->\n<title>T-shirt Puff - Amare Atelier \u2013 Modna Odzie\u017c Damska | Styl, Klasa, Kobieco\u015b\u0107<\/title>\n<meta name=\"robots\" content=\"index, follow, max-snippet:-1, max-image-preview:large, max-video-preview:-1\" \/>\n<link rel=\"canonical\" href=\"https:\/\/amare-atelier.pl\/en\/product\/t-shirt-puff\/\" \/>\n<meta property=\"og:locale\" content=\"en_US\" \/>\n<meta property=\"og:type\" content=\"article\" \/>\n<meta property=\"og:title\" content=\"T-shirt Puff - Amare Atelier \u2013 Modna Odzie\u017c Damska | Styl, Klasa, Kobieco\u015b\u0107\" \/>\n<meta property=\"og:description\" content=\"Composition:100% cotton Not sure about the size? Write to us on Instagram amare___atelier from 09:00-16:00, we will help you in 5 minutes!\" \/>\n<meta property=\"og:url\" content=\"https:\/\/amare-atelier.pl\/en\/product\/t-shirt-puff\/\" \/>\n<meta property=\"og:site_name\" content=\"Amare Atelier \u2013 Modna Odzie\u017c Damska | Styl, Klasa, Kobieco\u015b\u0107\" \/>\n<meta property=\"article:publisher\" content=\"https:\/\/www.facebook.com\/profile.php?id=61577234792545\" \/>\n<meta property=\"article:modified_time\" content=\"2026-03-24T16:50:06+00:00\" \/>\n<meta property=\"og:image\" content=\"https:\/\/amare-atelier.pl\/wp-content\/uploads\/2026\/02\/IMG_2208-scaled.jpeg\" \/>\n\t<meta property=\"og:image:width\" content=\"1920\" \/>\n\t<meta property=\"og:image:height\" content=\"2560\" \/>\n\t<meta property=\"og:image:type\" content=\"image\/jpeg\" \/>\n<meta name=\"twitter:card\" content=\"summary_large_image\" \/>\n<script type=\"application\/ld+json\" class=\"yoast-schema-graph\">{\"@context\":\"https:\/\/schema.org\",\"@graph\":[{\"@type\":\"WebPage\",\"@id\":\"https:\/\/amare-atelier.pl\/en\/product\/t-shirt-puff\/\",\"url\":\"https:\/\/amare-atelier.pl\/en\/product\/t-shirt-puff\/\",\"name\":\"T-shirt Puff - Amare Atelier \u2013 Modna Odzie\u017c Damska | Styl, Klasa, Kobieco\u015b\u0107\",\"isPartOf\":{\"@id\":\"https:\/\/amare-atelier.pl\/en\/#website\"},\"primaryImageOfPage\":{\"@id\":\"https:\/\/amare-atelier.pl\/en\/product\/t-shirt-puff\/#primaryimage\"},\"image\":{\"@id\":\"https:\/\/amare-atelier.pl\/en\/product\/t-shirt-puff\/#primaryimage\"},\"thumbnailUrl\":\"https:\/\/amare-atelier.pl\/wp-content\/uploads\/2026\/02\/IMG_2208-scaled.jpeg\",\"datePublished\":\"2026-02-25T10:10:54+00:00\",\"dateModified\":\"2026-03-24T16:50:06+00:00\",\"breadcrumb\":{\"@id\":\"https:\/\/amare-atelier.pl\/en\/product\/t-shirt-puff\/#breadcrumb\"},\"inLanguage\":\"en-US\",\"potentialAction\":[{\"@type\":\"ReadAction\",\"target\":[\"https:\/\/amare-atelier.pl\/en\/product\/t-shirt-puff\/\"]}]},{\"@type\":\"ImageObject\",\"inLanguage\":\"en-US\",\"@id\":\"https:\/\/amare-atelier.pl\/en\/product\/t-shirt-puff\/#primaryimage\",\"url\":\"https:\/\/amare-atelier.pl\/wp-content\/uploads\/2026\/02\/IMG_2208-scaled.jpeg\",\"contentUrl\":\"https:\/\/amare-atelier.pl\/wp-content\/uploads\/2026\/02\/IMG_2208-scaled.jpeg\",\"width\":1920,\"height\":2560},{\"@type\":\"BreadcrumbList\",\"@id\":\"https:\/\/amare-atelier.pl\/en\/product\/t-shirt-puff\/#breadcrumb\",\"itemListElement\":[{\"@type\":\"ListItem\",\"position\":1,\"name\":\"Strona g\u0142\u00f3wna\",\"item\":\"https:\/\/amare-atelier.pl\/en\/home\/\"},{\"@type\":\"ListItem\",\"position\":2,\"name\":\"Shop\",\"item\":\"https:\/\/amare-atelier.pl\/en\/shop\/\"},{\"@type\":\"ListItem\",\"position\":3,\"name\":\"T-shirt Puff\"}]},{\"@type\":\"WebSite\",\"@id\":\"https:\/\/amare-atelier.pl\/en\/#website\",\"url\":\"https:\/\/amare-atelier.pl\/en\/\",\"name\":\"Amare Atelier \u2013 Modna Odzie\u017c Damska | Styl, Klasa, Kobieco\u015b\u0107\",\"description\":\"\",\"publisher\":{\"@id\":\"https:\/\/amare-atelier.pl\/en\/#organization\"},\"potentialAction\":[{\"@type\":\"SearchAction\",\"target\":{\"@type\":\"EntryPoint\",\"urlTemplate\":\"https:\/\/amare-atelier.pl\/en\/?s={search_term_string}\"},\"query-input\":{\"@type\":\"PropertyValueSpecification\",\"valueRequired\":true,\"valueName\":\"search_term_string\"}}],\"inLanguage\":\"en-US\"},{\"@type\":\"Organization\",\"@id\":\"https:\/\/amare-atelier.pl\/en\/#organization\",\"name\":\"Amare Atelier \u2013 Modna Odzie\u017c Damska | Styl, Klasa, Kobieco\u015b\u0107\",\"url\":\"https:\/\/amare-atelier.pl\/en\/\",\"logo\":{\"@type\":\"ImageObject\",\"inLanguage\":\"en-US\",\"@id\":\"https:\/\/amare-atelier.pl\/en\/#\/schema\/logo\/image\/\",\"url\":\"https:\/\/amare-atelier.pl\/wp-content\/uploads\/2025\/06\/amare-logo.svg\",\"contentUrl\":\"https:\/\/amare-atelier.pl\/wp-content\/uploads\/2025\/06\/amare-logo.svg\",\"width\":578,\"height\":238,\"caption\":\"Amare Atelier \u2013 Modna Odzie\u017c Damska | Styl, Klasa, Kobieco\u015b\u0107\"},\"image\":{\"@id\":\"https:\/\/amare-atelier.pl\/en\/#\/schema\/logo\/image\/\"},\"sameAs\":[\"https:\/\/www.facebook.com\/profile.php?id=61577234792545\",\"https:\/\/www.instagram.com\/amare___atelier\/\"]}]}<\/script>\n<!-- \/ Yoast SEO plugin. -->","yoast_head_json":{"title":"T-shirt Puff - Amare Atelier \u2013 Modna Odzie\u017c Damska | Styl, Klasa, Kobieco\u015b\u0107","robots":{"index":"index","follow":"follow","max-snippet":"max-snippet:-1","max-image-preview":"max-image-preview:large","max-video-preview":"max-video-preview:-1"},"canonical":"https:\/\/amare-atelier.pl\/en\/product\/t-shirt-puff\/","og_locale":"en_US","og_type":"article","og_title":"T-shirt Puff - Amare Atelier \u2013 Modna Odzie\u017c Damska | Styl, Klasa, Kobieco\u015b\u0107","og_description":"Composition:100% cotton Not sure about the size? Write to us on Instagram amare___atelier from 09:00-16:00, we will help you in 5 minutes!","og_url":"https:\/\/amare-atelier.pl\/en\/product\/t-shirt-puff\/","og_site_name":"Amare Atelier \u2013 Modna Odzie\u017c Damska | Styl, Klasa, Kobieco\u015b\u0107","article_publisher":"https:\/\/www.facebook.com\/profile.php?id=61577234792545","article_modified_time":"2026-03-24T16:50:06+00:00","og_image":[{"width":1920,"height":2560,"url":"https:\/\/amare-atelier.pl\/wp-content\/uploads\/2026\/02\/IMG_2208-scaled.jpeg","type":"image\/jpeg"}],"twitter_card":"summary_large_image","schema":{"@context":"https:\/\/schema.org","@graph":[{"@type":"WebPage","@id":"https:\/\/amare-atelier.pl\/en\/product\/t-shirt-puff\/","url":"https:\/\/amare-atelier.pl\/en\/product\/t-shirt-puff\/","name":"T-shirt Puff - Amare Atelier \u2013 Modna Odzie\u017c Damska | Styl, Klasa, Kobieco\u015b\u0107","isPartOf":{"@id":"https:\/\/amare-atelier.pl\/en\/#website"},"primaryImageOfPage":{"@id":"https:\/\/amare-atelier.pl\/en\/product\/t-shirt-puff\/#primaryimage"},"image":{"@id":"https:\/\/amare-atelier.pl\/en\/product\/t-shirt-puff\/#primaryimage"},"thumbnailUrl":"https:\/\/amare-atelier.pl\/wp-content\/uploads\/2026\/02\/IMG_2208-scaled.jpeg","datePublished":"2026-02-25T10:10:54+00:00","dateModified":"2026-03-24T16:50:06+00:00","breadcrumb":{"@id":"https:\/\/amare-atelier.pl\/en\/product\/t-shirt-puff\/#breadcrumb"},"inLanguage":"en-US","potentialAction":[{"@type":"ReadAction","target":["https:\/\/amare-atelier.pl\/en\/product\/t-shirt-puff\/"]}]},{"@type":"ImageObject","inLanguage":"en-US","@id":"https:\/\/amare-atelier.pl\/en\/product\/t-shirt-puff\/#primaryimage","url":"https:\/\/amare-atelier.pl\/wp-content\/uploads\/2026\/02\/IMG_2208-scaled.jpeg","contentUrl":"https:\/\/amare-atelier.pl\/wp-content\/uploads\/2026\/02\/IMG_2208-scaled.jpeg","width":1920,"height":2560},{"@type":"BreadcrumbList","@id":"https:\/\/amare-atelier.pl\/en\/product\/t-shirt-puff\/#breadcrumb","itemListElement":[{"@type":"ListItem","position":1,"name":"Strona g\u0142\u00f3wna","item":"https:\/\/amare-atelier.pl\/en\/home\/"},{"@type":"ListItem","position":2,"name":"Shop","item":"https:\/\/amare-atelier.pl\/en\/shop\/"},{"@type":"ListItem","position":3,"name":"T-shirt Puff"}]},{"@type":"WebSite","@id":"https:\/\/amare-atelier.pl\/en\/#website","url":"https:\/\/amare-atelier.pl\/en\/","name":"Amare Atelier \u2013 Modna Odzie\u017c Damska | Styl, Klasa, Kobieco\u015b\u0107","description":"","publisher":{"@id":"https:\/\/amare-atelier.pl\/en\/#organization"},"potentialAction":[{"@type":"SearchAction","target":{"@type":"EntryPoint","urlTemplate":"https:\/\/amare-atelier.pl\/en\/?s={search_term_string}"},"query-input":{"@type":"PropertyValueSpecification","valueRequired":true,"valueName":"search_term_string"}}],"inLanguage":"en-US"},{"@type":"Organization","@id":"https:\/\/amare-atelier.pl\/en\/#organization","name":"Amare Atelier \u2013 Modna Odzie\u017c Damska | Styl, Klasa, Kobieco\u015b\u0107","url":"https:\/\/amare-atelier.pl\/en\/","logo":{"@type":"ImageObject","inLanguage":"en-US","@id":"https:\/\/amare-atelier.pl\/en\/#\/schema\/logo\/image\/","url":"https:\/\/amare-atelier.pl\/wp-content\/uploads\/2025\/06\/amare-logo.svg","contentUrl":"https:\/\/amare-atelier.pl\/wp-content\/uploads\/2025\/06\/amare-logo.svg","width":578,"height":238,"caption":"Amare Atelier \u2013 Modna Odzie\u017c Damska | Styl, Klasa, Kobieco\u015b\u0107"},"image":{"@id":"https:\/\/amare-atelier.pl\/en\/#\/schema\/logo\/image\/"},"sameAs":["https:\/\/www.facebook.com\/profile.php?id=61577234792545","https:\/\/www.instagram.com\/amare___atelier\/"]}]}},"_links":{"self":[{"href":"https:\/\/amare-atelier.pl\/en\/wp-json\/wp\/v2\/product\/75779","targetHints":{"allow":["GET"]}}],"collection":[{"href":"https:\/\/amare-atelier.pl\/en\/wp-json\/wp\/v2\/product"}],"about":[{"href":"https:\/\/amare-atelier.pl\/en\/wp-json\/wp\/v2\/types\/product"}],"wp:featuredmedia":[{"embeddable":true,"href":"https:\/\/amare-atelier.pl\/en\/wp-json\/wp\/v2\/media\/73730"}],"wp:attachment":[{"href":"https:\/\/amare-atelier.pl\/en\/wp-json\/wp\/v2\/media?parent=75779"}],"wp:term":[{"taxonomy":"product_brand","embeddable":true,"href":"https:\/\/amare-atelier.pl\/en\/wp-json\/wp\/v2\/product_brand?post=75779"},{"taxonomy":"product_cat","embeddable":true,"href":"https:\/\/amare-atelier.pl\/en\/wp-json\/wp\/v2\/product_cat?post=75779"},{"taxonomy":"product_tag","embeddable":true,"href":"https:\/\/amare-atelier.pl\/en\/wp-json\/wp\/v2\/product_tag?post=75779"}],"curies":[{"name":"wp","href":"https:\/\/api.w.org\/{rel}","templated":true}]}}