{"id":58293,"date":"2025-09-10T14:34:48","date_gmt":"2025-09-10T12:34:48","guid":{"rendered":"https:\/\/amareprod.wpenginepowered.com\/produkt\/japonki-leggings-black\/"},"modified":"2025-10-28T17:23:13","modified_gmt":"2025-10-28T16:23:13","slug":"japonki-leggings-black","status":"publish","type":"product","link":"https:\/\/amare-atelier.pl\/en\/product\/japonki-leggings-black\/","title":{"rendered":"Japonki Leggings &#8211; Black"},"content":{"rendered":"<p>Enhance your silhouette and elevate any look with unique Japonki leggings in classic black! Crafted from a flexible, smooth fabric that perfectly conforms to your body, ensuring comfort all day long. Distinctive stirrups add a trendy, unique touch and look great with both sneakers and heels. These leggings are perfect for everyday wear, meeting friends, or evening events.<\/p>\n","protected":false},"excerpt":{"rendered":"<p>Enhance your silhouette and elevate any look with unique Japonki leggings in classic black! Crafted from a flexible, smooth fabric that perfectly conforms to your body, ensuring comfort all day long. Distinctive stirrups add a trendy, unique touch and look great with both sneakers and heels. These leggings are perfect for everyday wear, meeting friends, [&hellip;]<\/p>\n","protected":false},"featured_media":56045,"template":"","meta":{"inline_featured_image":false},"product_brand":[],"product_cat":[165],"product_tag":[],"class_list":{"0":"post-58293","1":"product","2":"type-product","3":"status-publish","4":"has-post-thumbnail","6":"product_cat-pants","9":"first","10":"outofstock","11":"shipping-taxable","12":"purchasable","13":"product-type-variable"},"yoast_head":"<!-- This site is optimized with the Yoast SEO plugin v26.3 - https:\/\/yoast.com\/wordpress\/plugins\/seo\/ -->\n<title>Japonki Leggings - Black - Amare Atelier \u2013 Modna Odzie\u017c Damska | Styl, Klasa, Kobieco\u015b\u0107<\/title>\n<meta name=\"robots\" content=\"index, follow, max-snippet:-1, max-image-preview:large, max-video-preview:-1\" \/>\n<link rel=\"canonical\" href=\"https:\/\/amare-atelier.pl\/en\/product\/japonki-leggings-black\/\" \/>\n<meta property=\"og:locale\" content=\"en_US\" \/>\n<meta property=\"og:type\" content=\"article\" \/>\n<meta property=\"og:title\" content=\"Japonki Leggings - Black - Amare Atelier \u2013 Modna Odzie\u017c Damska | Styl, Klasa, Kobieco\u015b\u0107\" \/>\n<meta property=\"og:description\" content=\"Enhance your silhouette and elevate any look with unique Japonki leggings in classic black! Crafted from a flexible, smooth fabric that perfectly conforms to your body, ensuring comfort all day long. Distinctive stirrups add a trendy, unique touch and look great with both sneakers and heels. These leggings are perfect for everyday wear, meeting friends, [&hellip;]\" \/>\n<meta property=\"og:url\" content=\"https:\/\/amare-atelier.pl\/en\/product\/japonki-leggings-black\/\" \/>\n<meta property=\"og:site_name\" content=\"Amare Atelier \u2013 Modna Odzie\u017c Damska | Styl, Klasa, Kobieco\u015b\u0107\" \/>\n<meta property=\"article:publisher\" content=\"https:\/\/www.facebook.com\/profile.php?id=61577234792545\" \/>\n<meta property=\"article:modified_time\" content=\"2025-10-28T16:23:13+00:00\" \/>\n<meta property=\"og:image\" content=\"https:\/\/amare-atelier.pl\/wp-content\/uploads\/2025\/09\/40fe44fe-f3c6-4dc3-bd52-dd851d252b5b.jpeg\" \/>\n\t<meta property=\"og:image:width\" content=\"1200\" \/>\n\t<meta property=\"og:image:height\" content=\"1600\" \/>\n\t<meta property=\"og:image:type\" content=\"image\/jpeg\" \/>\n<meta name=\"twitter:card\" content=\"summary_large_image\" \/>\n<script type=\"application\/ld+json\" class=\"yoast-schema-graph\">{\"@context\":\"https:\/\/schema.org\",\"@graph\":[{\"@type\":\"WebPage\",\"@id\":\"https:\/\/amare-atelier.pl\/en\/product\/japonki-leggings-black\/\",\"url\":\"https:\/\/amare-atelier.pl\/en\/product\/japonki-leggings-black\/\",\"name\":\"Japonki Leggings - Black - Amare Atelier \u2013 Modna Odzie\u017c Damska | Styl, Klasa, Kobieco\u015b\u0107\",\"isPartOf\":{\"@id\":\"https:\/\/amare-atelier.pl\/en\/#website\"},\"primaryImageOfPage\":{\"@id\":\"https:\/\/amare-atelier.pl\/en\/product\/japonki-leggings-black\/#primaryimage\"},\"image\":{\"@id\":\"https:\/\/amare-atelier.pl\/en\/product\/japonki-leggings-black\/#primaryimage\"},\"thumbnailUrl\":\"https:\/\/amare-atelier.pl\/wp-content\/uploads\/2025\/09\/40fe44fe-f3c6-4dc3-bd52-dd851d252b5b.jpeg\",\"datePublished\":\"2025-09-10T12:34:48+00:00\",\"dateModified\":\"2025-10-28T16:23:13+00:00\",\"breadcrumb\":{\"@id\":\"https:\/\/amare-atelier.pl\/en\/product\/japonki-leggings-black\/#breadcrumb\"},\"inLanguage\":\"en-US\",\"potentialAction\":[{\"@type\":\"ReadAction\",\"target\":[\"https:\/\/amare-atelier.pl\/en\/product\/japonki-leggings-black\/\"]}]},{\"@type\":\"ImageObject\",\"inLanguage\":\"en-US\",\"@id\":\"https:\/\/amare-atelier.pl\/en\/product\/japonki-leggings-black\/#primaryimage\",\"url\":\"https:\/\/amare-atelier.pl\/wp-content\/uploads\/2025\/09\/40fe44fe-f3c6-4dc3-bd52-dd851d252b5b.jpeg\",\"contentUrl\":\"https:\/\/amare-atelier.pl\/wp-content\/uploads\/2025\/09\/40fe44fe-f3c6-4dc3-bd52-dd851d252b5b.jpeg\",\"width\":1200,\"height\":1600},{\"@type\":\"BreadcrumbList\",\"@id\":\"https:\/\/amare-atelier.pl\/en\/product\/japonki-leggings-black\/#breadcrumb\",\"itemListElement\":[{\"@type\":\"ListItem\",\"position\":1,\"name\":\"Strona g\u0142\u00f3wna\",\"item\":\"https:\/\/amare-atelier.pl\/en\/home\/\"},{\"@type\":\"ListItem\",\"position\":2,\"name\":\"Shop\",\"item\":\"https:\/\/amare-atelier.pl\/en\/shop\/\"},{\"@type\":\"ListItem\",\"position\":3,\"name\":\"Japonki Leggings &#8211; Black\"}]},{\"@type\":\"WebSite\",\"@id\":\"https:\/\/amare-atelier.pl\/en\/#website\",\"url\":\"https:\/\/amare-atelier.pl\/en\/\",\"name\":\"Amare Atelier \u2013 Modna Odzie\u017c Damska | Styl, Klasa, Kobieco\u015b\u0107\",\"description\":\"\",\"publisher\":{\"@id\":\"https:\/\/amare-atelier.pl\/en\/#organization\"},\"potentialAction\":[{\"@type\":\"SearchAction\",\"target\":{\"@type\":\"EntryPoint\",\"urlTemplate\":\"https:\/\/amare-atelier.pl\/en\/?s={search_term_string}\"},\"query-input\":{\"@type\":\"PropertyValueSpecification\",\"valueRequired\":true,\"valueName\":\"search_term_string\"}}],\"inLanguage\":\"en-US\"},{\"@type\":\"Organization\",\"@id\":\"https:\/\/amare-atelier.pl\/en\/#organization\",\"name\":\"Amare Atelier \u2013 Modna Odzie\u017c Damska | Styl, Klasa, Kobieco\u015b\u0107\",\"url\":\"https:\/\/amare-atelier.pl\/en\/\",\"logo\":{\"@type\":\"ImageObject\",\"inLanguage\":\"en-US\",\"@id\":\"https:\/\/amare-atelier.pl\/en\/#\/schema\/logo\/image\/\",\"url\":\"https:\/\/amare-atelier.pl\/wp-content\/uploads\/2025\/06\/amare-logo.svg\",\"contentUrl\":\"https:\/\/amare-atelier.pl\/wp-content\/uploads\/2025\/06\/amare-logo.svg\",\"width\":578,\"height\":238,\"caption\":\"Amare Atelier \u2013 Modna Odzie\u017c Damska | Styl, Klasa, Kobieco\u015b\u0107\"},\"image\":{\"@id\":\"https:\/\/amare-atelier.pl\/en\/#\/schema\/logo\/image\/\"},\"sameAs\":[\"https:\/\/www.facebook.com\/profile.php?id=61577234792545\",\"https:\/\/www.instagram.com\/amare___atelier\/\"]}]}<\/script>\n<!-- \/ Yoast SEO plugin. -->","yoast_head_json":{"title":"Japonki Leggings - Black - Amare Atelier \u2013 Modna Odzie\u017c Damska | Styl, Klasa, Kobieco\u015b\u0107","robots":{"index":"index","follow":"follow","max-snippet":"max-snippet:-1","max-image-preview":"max-image-preview:large","max-video-preview":"max-video-preview:-1"},"canonical":"https:\/\/amare-atelier.pl\/en\/product\/japonki-leggings-black\/","og_locale":"en_US","og_type":"article","og_title":"Japonki Leggings - Black - Amare Atelier \u2013 Modna Odzie\u017c Damska | Styl, Klasa, Kobieco\u015b\u0107","og_description":"Enhance your silhouette and elevate any look with unique Japonki leggings in classic black! Crafted from a flexible, smooth fabric that perfectly conforms to your body, ensuring comfort all day long. Distinctive stirrups add a trendy, unique touch and look great with both sneakers and heels. These leggings are perfect for everyday wear, meeting friends, [&hellip;]","og_url":"https:\/\/amare-atelier.pl\/en\/product\/japonki-leggings-black\/","og_site_name":"Amare Atelier \u2013 Modna Odzie\u017c Damska | Styl, Klasa, Kobieco\u015b\u0107","article_publisher":"https:\/\/www.facebook.com\/profile.php?id=61577234792545","article_modified_time":"2025-10-28T16:23:13+00:00","og_image":[{"width":1200,"height":1600,"url":"https:\/\/amare-atelier.pl\/wp-content\/uploads\/2025\/09\/40fe44fe-f3c6-4dc3-bd52-dd851d252b5b.jpeg","type":"image\/jpeg"}],"twitter_card":"summary_large_image","schema":{"@context":"https:\/\/schema.org","@graph":[{"@type":"WebPage","@id":"https:\/\/amare-atelier.pl\/en\/product\/japonki-leggings-black\/","url":"https:\/\/amare-atelier.pl\/en\/product\/japonki-leggings-black\/","name":"Japonki Leggings - Black - Amare Atelier \u2013 Modna Odzie\u017c Damska | Styl, Klasa, Kobieco\u015b\u0107","isPartOf":{"@id":"https:\/\/amare-atelier.pl\/en\/#website"},"primaryImageOfPage":{"@id":"https:\/\/amare-atelier.pl\/en\/product\/japonki-leggings-black\/#primaryimage"},"image":{"@id":"https:\/\/amare-atelier.pl\/en\/product\/japonki-leggings-black\/#primaryimage"},"thumbnailUrl":"https:\/\/amare-atelier.pl\/wp-content\/uploads\/2025\/09\/40fe44fe-f3c6-4dc3-bd52-dd851d252b5b.jpeg","datePublished":"2025-09-10T12:34:48+00:00","dateModified":"2025-10-28T16:23:13+00:00","breadcrumb":{"@id":"https:\/\/amare-atelier.pl\/en\/product\/japonki-leggings-black\/#breadcrumb"},"inLanguage":"en-US","potentialAction":[{"@type":"ReadAction","target":["https:\/\/amare-atelier.pl\/en\/product\/japonki-leggings-black\/"]}]},{"@type":"ImageObject","inLanguage":"en-US","@id":"https:\/\/amare-atelier.pl\/en\/product\/japonki-leggings-black\/#primaryimage","url":"https:\/\/amare-atelier.pl\/wp-content\/uploads\/2025\/09\/40fe44fe-f3c6-4dc3-bd52-dd851d252b5b.jpeg","contentUrl":"https:\/\/amare-atelier.pl\/wp-content\/uploads\/2025\/09\/40fe44fe-f3c6-4dc3-bd52-dd851d252b5b.jpeg","width":1200,"height":1600},{"@type":"BreadcrumbList","@id":"https:\/\/amare-atelier.pl\/en\/product\/japonki-leggings-black\/#breadcrumb","itemListElement":[{"@type":"ListItem","position":1,"name":"Strona g\u0142\u00f3wna","item":"https:\/\/amare-atelier.pl\/en\/home\/"},{"@type":"ListItem","position":2,"name":"Shop","item":"https:\/\/amare-atelier.pl\/en\/shop\/"},{"@type":"ListItem","position":3,"name":"Japonki Leggings &#8211; Black"}]},{"@type":"WebSite","@id":"https:\/\/amare-atelier.pl\/en\/#website","url":"https:\/\/amare-atelier.pl\/en\/","name":"Amare Atelier \u2013 Modna Odzie\u017c Damska | Styl, Klasa, Kobieco\u015b\u0107","description":"","publisher":{"@id":"https:\/\/amare-atelier.pl\/en\/#organization"},"potentialAction":[{"@type":"SearchAction","target":{"@type":"EntryPoint","urlTemplate":"https:\/\/amare-atelier.pl\/en\/?s={search_term_string}"},"query-input":{"@type":"PropertyValueSpecification","valueRequired":true,"valueName":"search_term_string"}}],"inLanguage":"en-US"},{"@type":"Organization","@id":"https:\/\/amare-atelier.pl\/en\/#organization","name":"Amare Atelier \u2013 Modna Odzie\u017c Damska | Styl, Klasa, Kobieco\u015b\u0107","url":"https:\/\/amare-atelier.pl\/en\/","logo":{"@type":"ImageObject","inLanguage":"en-US","@id":"https:\/\/amare-atelier.pl\/en\/#\/schema\/logo\/image\/","url":"https:\/\/amare-atelier.pl\/wp-content\/uploads\/2025\/06\/amare-logo.svg","contentUrl":"https:\/\/amare-atelier.pl\/wp-content\/uploads\/2025\/06\/amare-logo.svg","width":578,"height":238,"caption":"Amare Atelier \u2013 Modna Odzie\u017c Damska | Styl, Klasa, Kobieco\u015b\u0107"},"image":{"@id":"https:\/\/amare-atelier.pl\/en\/#\/schema\/logo\/image\/"},"sameAs":["https:\/\/www.facebook.com\/profile.php?id=61577234792545","https:\/\/www.instagram.com\/amare___atelier\/"]}]}},"_links":{"self":[{"href":"https:\/\/amare-atelier.pl\/en\/wp-json\/wp\/v2\/product\/58293","targetHints":{"allow":["GET"]}}],"collection":[{"href":"https:\/\/amare-atelier.pl\/en\/wp-json\/wp\/v2\/product"}],"about":[{"href":"https:\/\/amare-atelier.pl\/en\/wp-json\/wp\/v2\/types\/product"}],"wp:featuredmedia":[{"embeddable":true,"href":"https:\/\/amare-atelier.pl\/en\/wp-json\/wp\/v2\/media\/56045"}],"wp:attachment":[{"href":"https:\/\/amare-atelier.pl\/en\/wp-json\/wp\/v2\/media?parent=58293"}],"wp:term":[{"taxonomy":"product_brand","embeddable":true,"href":"https:\/\/amare-atelier.pl\/en\/wp-json\/wp\/v2\/product_brand?post=58293"},{"taxonomy":"product_cat","embeddable":true,"href":"https:\/\/amare-atelier.pl\/en\/wp-json\/wp\/v2\/product_cat?post=58293"},{"taxonomy":"product_tag","embeddable":true,"href":"https:\/\/amare-atelier.pl\/en\/wp-json\/wp\/v2\/product_tag?post=58293"}],"curies":[{"name":"wp","href":"https:\/\/api.w.org\/{rel}","templated":true}]}}