{"id":57954,"date":"2025-09-03T10:48:46","date_gmt":"2025-09-03T08:48:46","guid":{"rendered":"https:\/\/amareprod.wpenginepowered.com\/produkt\/cozy-cloud-sweater-wrapped-in-white\/"},"modified":"2025-09-03T10:48:46","modified_gmt":"2025-09-03T08:48:46","slug":"cozy-cloud-sweater-wrapped-in-white","status":"publish","type":"product","link":"https:\/\/amare-atelier.pl\/en\/product\/cozy-cloud-sweater-wrapped-in-white\/","title":{"rendered":"Cozy Cloud Sweater &#8211; Wrapped in White"},"content":{"rendered":"<p>The soft, long Cozy Cloud sweater is the essence of comfort and style. Its oversized fit provides freedom of movement, while the fluffy texture envelops you like the softest blanket. Perfect with jeans, a dress, or for lounging at home &#8211; it works whenever you want to feel comfortable and feminine.  <\/p>\n<p>\u2022 maxi length &#8211; creates an effect of lightness and elegance<\/p>\n<p>\u2022 oversized fit that suits every body type<\/p>\n<p>\u2022 incredibly soft and pleasant to touch material<\/p>\n<p>\u2022 versatile white shade &#8211; brightens up any outfit<\/p>\n","protected":false},"excerpt":{"rendered":"<p>The soft, long Cozy Cloud sweater is the essence of comfort and style. Its oversized fit provides freedom of movement, while the fluffy texture envelops you like the softest blanket. Perfect with jeans, a dress, or for lounging at home &#8211; it works whenever you want to feel comfortable and feminine. \u2022 maxi length &#8211; [&hellip;]<\/p>\n","protected":false},"featured_media":55875,"template":"","meta":{"inline_featured_image":false},"product_brand":[],"product_cat":[164,166],"product_tag":[],"class_list":{"0":"post-57954","1":"product","2":"type-product","3":"status-publish","4":"has-post-thumbnail","6":"product_cat-news","7":"product_cat-sweaters","10":"first","11":"outofstock","12":"shipping-taxable","13":"purchasable","14":"product-type-variable"},"yoast_head":"<!-- This site is optimized with the Yoast SEO plugin v26.3 - https:\/\/yoast.com\/wordpress\/plugins\/seo\/ -->\n<title>Cozy Cloud Sweater - Wrapped in White - Amare Atelier \u2013 Modna Odzie\u017c Damska | Styl, Klasa, Kobieco\u015b\u0107<\/title>\n<meta name=\"robots\" content=\"index, follow, max-snippet:-1, max-image-preview:large, max-video-preview:-1\" \/>\n<link rel=\"canonical\" href=\"https:\/\/amare-atelier.pl\/en\/product\/cozy-cloud-sweater-wrapped-in-white\/\" \/>\n<meta property=\"og:locale\" content=\"en_US\" \/>\n<meta property=\"og:type\" content=\"article\" \/>\n<meta property=\"og:title\" content=\"Cozy Cloud Sweater - Wrapped in White - Amare Atelier \u2013 Modna Odzie\u017c Damska | Styl, Klasa, Kobieco\u015b\u0107\" \/>\n<meta property=\"og:description\" content=\"The soft, long Cozy Cloud sweater is the essence of comfort and style. Its oversized fit provides freedom of movement, while the fluffy texture envelops you like the softest blanket. Perfect with jeans, a dress, or for lounging at home &#8211; it works whenever you want to feel comfortable and feminine. \u2022 maxi length &#8211; [&hellip;]\" \/>\n<meta property=\"og:url\" content=\"https:\/\/amare-atelier.pl\/en\/product\/cozy-cloud-sweater-wrapped-in-white\/\" \/>\n<meta property=\"og:site_name\" content=\"Amare Atelier \u2013 Modna Odzie\u017c Damska | Styl, Klasa, Kobieco\u015b\u0107\" \/>\n<meta property=\"article:publisher\" content=\"https:\/\/www.facebook.com\/profile.php?id=61577234792545\" \/>\n<meta property=\"og:image\" content=\"https:\/\/amare-atelier.pl\/wp-content\/uploads\/2025\/09\/IMG_0409.jpeg\" \/>\n\t<meta property=\"og:image:width\" content=\"640\" \/>\n\t<meta property=\"og:image:height\" content=\"960\" \/>\n\t<meta property=\"og:image:type\" content=\"image\/jpeg\" \/>\n<meta name=\"twitter:card\" content=\"summary_large_image\" \/>\n<script type=\"application\/ld+json\" class=\"yoast-schema-graph\">{\"@context\":\"https:\/\/schema.org\",\"@graph\":[{\"@type\":\"WebPage\",\"@id\":\"https:\/\/amare-atelier.pl\/en\/product\/cozy-cloud-sweater-wrapped-in-white\/\",\"url\":\"https:\/\/amare-atelier.pl\/en\/product\/cozy-cloud-sweater-wrapped-in-white\/\",\"name\":\"Cozy Cloud Sweater - Wrapped in White - Amare Atelier \u2013 Modna Odzie\u017c Damska | Styl, Klasa, Kobieco\u015b\u0107\",\"isPartOf\":{\"@id\":\"https:\/\/amare-atelier.pl\/en\/#website\"},\"primaryImageOfPage\":{\"@id\":\"https:\/\/amare-atelier.pl\/en\/product\/cozy-cloud-sweater-wrapped-in-white\/#primaryimage\"},\"image\":{\"@id\":\"https:\/\/amare-atelier.pl\/en\/product\/cozy-cloud-sweater-wrapped-in-white\/#primaryimage\"},\"thumbnailUrl\":\"https:\/\/amare-atelier.pl\/wp-content\/uploads\/2025\/09\/IMG_0409.jpeg\",\"datePublished\":\"2025-09-03T08:48:46+00:00\",\"breadcrumb\":{\"@id\":\"https:\/\/amare-atelier.pl\/en\/product\/cozy-cloud-sweater-wrapped-in-white\/#breadcrumb\"},\"inLanguage\":\"en-US\",\"potentialAction\":[{\"@type\":\"ReadAction\",\"target\":[\"https:\/\/amare-atelier.pl\/en\/product\/cozy-cloud-sweater-wrapped-in-white\/\"]}]},{\"@type\":\"ImageObject\",\"inLanguage\":\"en-US\",\"@id\":\"https:\/\/amare-atelier.pl\/en\/product\/cozy-cloud-sweater-wrapped-in-white\/#primaryimage\",\"url\":\"https:\/\/amare-atelier.pl\/wp-content\/uploads\/2025\/09\/IMG_0409.jpeg\",\"contentUrl\":\"https:\/\/amare-atelier.pl\/wp-content\/uploads\/2025\/09\/IMG_0409.jpeg\",\"width\":640,\"height\":960},{\"@type\":\"BreadcrumbList\",\"@id\":\"https:\/\/amare-atelier.pl\/en\/product\/cozy-cloud-sweater-wrapped-in-white\/#breadcrumb\",\"itemListElement\":[{\"@type\":\"ListItem\",\"position\":1,\"name\":\"Strona g\u0142\u00f3wna\",\"item\":\"https:\/\/amare-atelier.pl\/en\/home\/\"},{\"@type\":\"ListItem\",\"position\":2,\"name\":\"Shop\",\"item\":\"https:\/\/amare-atelier.pl\/en\/shop\/\"},{\"@type\":\"ListItem\",\"position\":3,\"name\":\"Cozy Cloud Sweater &#8211; Wrapped in White\"}]},{\"@type\":\"WebSite\",\"@id\":\"https:\/\/amare-atelier.pl\/en\/#website\",\"url\":\"https:\/\/amare-atelier.pl\/en\/\",\"name\":\"Amare Atelier \u2013 Modna Odzie\u017c Damska | Styl, Klasa, Kobieco\u015b\u0107\",\"description\":\"\",\"publisher\":{\"@id\":\"https:\/\/amare-atelier.pl\/en\/#organization\"},\"potentialAction\":[{\"@type\":\"SearchAction\",\"target\":{\"@type\":\"EntryPoint\",\"urlTemplate\":\"https:\/\/amare-atelier.pl\/en\/?s={search_term_string}\"},\"query-input\":{\"@type\":\"PropertyValueSpecification\",\"valueRequired\":true,\"valueName\":\"search_term_string\"}}],\"inLanguage\":\"en-US\"},{\"@type\":\"Organization\",\"@id\":\"https:\/\/amare-atelier.pl\/en\/#organization\",\"name\":\"Amare Atelier \u2013 Modna Odzie\u017c Damska | Styl, Klasa, Kobieco\u015b\u0107\",\"url\":\"https:\/\/amare-atelier.pl\/en\/\",\"logo\":{\"@type\":\"ImageObject\",\"inLanguage\":\"en-US\",\"@id\":\"https:\/\/amare-atelier.pl\/en\/#\/schema\/logo\/image\/\",\"url\":\"https:\/\/amare-atelier.pl\/wp-content\/uploads\/2025\/06\/amare-logo.svg\",\"contentUrl\":\"https:\/\/amare-atelier.pl\/wp-content\/uploads\/2025\/06\/amare-logo.svg\",\"width\":578,\"height\":238,\"caption\":\"Amare Atelier \u2013 Modna Odzie\u017c Damska | Styl, Klasa, Kobieco\u015b\u0107\"},\"image\":{\"@id\":\"https:\/\/amare-atelier.pl\/en\/#\/schema\/logo\/image\/\"},\"sameAs\":[\"https:\/\/www.facebook.com\/profile.php?id=61577234792545\",\"https:\/\/www.instagram.com\/amare___atelier\/\"]}]}<\/script>\n<!-- \/ Yoast SEO plugin. -->","yoast_head_json":{"title":"Cozy Cloud Sweater - Wrapped in White - Amare Atelier \u2013 Modna Odzie\u017c Damska | Styl, Klasa, Kobieco\u015b\u0107","robots":{"index":"index","follow":"follow","max-snippet":"max-snippet:-1","max-image-preview":"max-image-preview:large","max-video-preview":"max-video-preview:-1"},"canonical":"https:\/\/amare-atelier.pl\/en\/product\/cozy-cloud-sweater-wrapped-in-white\/","og_locale":"en_US","og_type":"article","og_title":"Cozy Cloud Sweater - Wrapped in White - Amare Atelier \u2013 Modna Odzie\u017c Damska | Styl, Klasa, Kobieco\u015b\u0107","og_description":"The soft, long Cozy Cloud sweater is the essence of comfort and style. Its oversized fit provides freedom of movement, while the fluffy texture envelops you like the softest blanket. Perfect with jeans, a dress, or for lounging at home &#8211; it works whenever you want to feel comfortable and feminine. \u2022 maxi length &#8211; [&hellip;]","og_url":"https:\/\/amare-atelier.pl\/en\/product\/cozy-cloud-sweater-wrapped-in-white\/","og_site_name":"Amare Atelier \u2013 Modna Odzie\u017c Damska | Styl, Klasa, Kobieco\u015b\u0107","article_publisher":"https:\/\/www.facebook.com\/profile.php?id=61577234792545","og_image":[{"width":640,"height":960,"url":"https:\/\/amare-atelier.pl\/wp-content\/uploads\/2025\/09\/IMG_0409.jpeg","type":"image\/jpeg"}],"twitter_card":"summary_large_image","schema":{"@context":"https:\/\/schema.org","@graph":[{"@type":"WebPage","@id":"https:\/\/amare-atelier.pl\/en\/product\/cozy-cloud-sweater-wrapped-in-white\/","url":"https:\/\/amare-atelier.pl\/en\/product\/cozy-cloud-sweater-wrapped-in-white\/","name":"Cozy Cloud Sweater - Wrapped in White - Amare Atelier \u2013 Modna Odzie\u017c Damska | Styl, Klasa, Kobieco\u015b\u0107","isPartOf":{"@id":"https:\/\/amare-atelier.pl\/en\/#website"},"primaryImageOfPage":{"@id":"https:\/\/amare-atelier.pl\/en\/product\/cozy-cloud-sweater-wrapped-in-white\/#primaryimage"},"image":{"@id":"https:\/\/amare-atelier.pl\/en\/product\/cozy-cloud-sweater-wrapped-in-white\/#primaryimage"},"thumbnailUrl":"https:\/\/amare-atelier.pl\/wp-content\/uploads\/2025\/09\/IMG_0409.jpeg","datePublished":"2025-09-03T08:48:46+00:00","breadcrumb":{"@id":"https:\/\/amare-atelier.pl\/en\/product\/cozy-cloud-sweater-wrapped-in-white\/#breadcrumb"},"inLanguage":"en-US","potentialAction":[{"@type":"ReadAction","target":["https:\/\/amare-atelier.pl\/en\/product\/cozy-cloud-sweater-wrapped-in-white\/"]}]},{"@type":"ImageObject","inLanguage":"en-US","@id":"https:\/\/amare-atelier.pl\/en\/product\/cozy-cloud-sweater-wrapped-in-white\/#primaryimage","url":"https:\/\/amare-atelier.pl\/wp-content\/uploads\/2025\/09\/IMG_0409.jpeg","contentUrl":"https:\/\/amare-atelier.pl\/wp-content\/uploads\/2025\/09\/IMG_0409.jpeg","width":640,"height":960},{"@type":"BreadcrumbList","@id":"https:\/\/amare-atelier.pl\/en\/product\/cozy-cloud-sweater-wrapped-in-white\/#breadcrumb","itemListElement":[{"@type":"ListItem","position":1,"name":"Strona g\u0142\u00f3wna","item":"https:\/\/amare-atelier.pl\/en\/home\/"},{"@type":"ListItem","position":2,"name":"Shop","item":"https:\/\/amare-atelier.pl\/en\/shop\/"},{"@type":"ListItem","position":3,"name":"Cozy Cloud Sweater &#8211; Wrapped in White"}]},{"@type":"WebSite","@id":"https:\/\/amare-atelier.pl\/en\/#website","url":"https:\/\/amare-atelier.pl\/en\/","name":"Amare Atelier \u2013 Modna Odzie\u017c Damska | Styl, Klasa, Kobieco\u015b\u0107","description":"","publisher":{"@id":"https:\/\/amare-atelier.pl\/en\/#organization"},"potentialAction":[{"@type":"SearchAction","target":{"@type":"EntryPoint","urlTemplate":"https:\/\/amare-atelier.pl\/en\/?s={search_term_string}"},"query-input":{"@type":"PropertyValueSpecification","valueRequired":true,"valueName":"search_term_string"}}],"inLanguage":"en-US"},{"@type":"Organization","@id":"https:\/\/amare-atelier.pl\/en\/#organization","name":"Amare Atelier \u2013 Modna Odzie\u017c Damska | Styl, Klasa, Kobieco\u015b\u0107","url":"https:\/\/amare-atelier.pl\/en\/","logo":{"@type":"ImageObject","inLanguage":"en-US","@id":"https:\/\/amare-atelier.pl\/en\/#\/schema\/logo\/image\/","url":"https:\/\/amare-atelier.pl\/wp-content\/uploads\/2025\/06\/amare-logo.svg","contentUrl":"https:\/\/amare-atelier.pl\/wp-content\/uploads\/2025\/06\/amare-logo.svg","width":578,"height":238,"caption":"Amare Atelier \u2013 Modna Odzie\u017c Damska | Styl, Klasa, Kobieco\u015b\u0107"},"image":{"@id":"https:\/\/amare-atelier.pl\/en\/#\/schema\/logo\/image\/"},"sameAs":["https:\/\/www.facebook.com\/profile.php?id=61577234792545","https:\/\/www.instagram.com\/amare___atelier\/"]}]}},"_links":{"self":[{"href":"https:\/\/amare-atelier.pl\/en\/wp-json\/wp\/v2\/product\/57954","targetHints":{"allow":["GET"]}}],"collection":[{"href":"https:\/\/amare-atelier.pl\/en\/wp-json\/wp\/v2\/product"}],"about":[{"href":"https:\/\/amare-atelier.pl\/en\/wp-json\/wp\/v2\/types\/product"}],"wp:featuredmedia":[{"embeddable":true,"href":"https:\/\/amare-atelier.pl\/en\/wp-json\/wp\/v2\/media\/55875"}],"wp:attachment":[{"href":"https:\/\/amare-atelier.pl\/en\/wp-json\/wp\/v2\/media?parent=57954"}],"wp:term":[{"taxonomy":"product_brand","embeddable":true,"href":"https:\/\/amare-atelier.pl\/en\/wp-json\/wp\/v2\/product_brand?post=57954"},{"taxonomy":"product_cat","embeddable":true,"href":"https:\/\/amare-atelier.pl\/en\/wp-json\/wp\/v2\/product_cat?post=57954"},{"taxonomy":"product_tag","embeddable":true,"href":"https:\/\/amare-atelier.pl\/en\/wp-json\/wp\/v2\/product_tag?post=57954"}],"curies":[{"name":"wp","href":"https:\/\/api.w.org\/{rel}","templated":true}]}}