{"id":57903,"date":"2025-10-09T11:28:18","date_gmt":"2025-10-09T09:28:18","guid":{"rendered":"https:\/\/amareprod.wpenginepowered.com\/produkt\/noir-eclat-black-blouse-with-flared-sleeves\/"},"modified":"2025-11-08T10:16:25","modified_gmt":"2025-11-08T09:16:25","slug":"noir-eclat-black-blouse-with-flared-sleeves","status":"publish","type":"product","link":"https:\/\/amare-atelier.pl\/en\/product\/noir-eclat-black-blouse-with-flared-sleeves\/","title":{"rendered":"Noir \u00c9clat \u2014 Black Blouse with Flared Sleeves"},"content":{"rendered":"<p>A blouse that speaks louder than words.<\/p>\n<p>Noir \u00c9clat combines timeless black, elegance, and subtle boldness. The fitted cut accentuates the feminine silhouette, while the flared cuffs add lightness and artistic character. <\/p>\n<p>A minimalist form yet an eye-catching effect \u2014 perfect for women who love classic style with a modern twist.<\/p>\n","protected":false},"excerpt":{"rendered":"<p>A blouse that speaks louder than words. Noir \u00c9clat combines timeless black, elegance, and subtle boldness. The fitted cut accentuates the feminine silhouette, while the flared cuffs add lightness and artistic character. A minimalist form yet an eye-catching effect \u2014 perfect for women who love classic style with a modern twist.<\/p>\n","protected":false},"featured_media":57687,"template":"","meta":{"inline_featured_image":false},"product_brand":[],"product_cat":[158,164],"product_tag":[],"class_list":{"0":"post-57903","1":"product","2":"type-product","3":"status-publish","4":"has-post-thumbnail","6":"product_cat-blouses","7":"product_cat-news","10":"first","11":"instock","12":"shipping-taxable","13":"purchasable","14":"product-type-variable"},"yoast_head":"<!-- This site is optimized with the Yoast SEO plugin v26.3 - https:\/\/yoast.com\/wordpress\/plugins\/seo\/ -->\n<title>Noir \u00c9clat \u2014 Black Blouse with Flared Sleeves - Amare Atelier \u2013 Modna Odzie\u017c Damska | Styl, Klasa, Kobieco\u015b\u0107<\/title>\n<meta name=\"robots\" content=\"index, follow, max-snippet:-1, max-image-preview:large, max-video-preview:-1\" \/>\n<link rel=\"canonical\" href=\"https:\/\/amare-atelier.pl\/en\/product\/noir-eclat-black-blouse-with-flared-sleeves\/\" \/>\n<meta property=\"og:locale\" content=\"en_US\" \/>\n<meta property=\"og:type\" content=\"article\" \/>\n<meta property=\"og:title\" content=\"Noir \u00c9clat \u2014 Black Blouse with Flared Sleeves - Amare Atelier \u2013 Modna Odzie\u017c Damska | Styl, Klasa, Kobieco\u015b\u0107\" \/>\n<meta property=\"og:description\" content=\"A blouse that speaks louder than words. Noir \u00c9clat combines timeless black, elegance, and subtle boldness. The fitted cut accentuates the feminine silhouette, while the flared cuffs add lightness and artistic character. A minimalist form yet an eye-catching effect \u2014 perfect for women who love classic style with a modern twist.\" \/>\n<meta property=\"og:url\" content=\"https:\/\/amare-atelier.pl\/en\/product\/noir-eclat-black-blouse-with-flared-sleeves\/\" \/>\n<meta property=\"og:site_name\" content=\"Amare Atelier \u2013 Modna Odzie\u017c Damska | Styl, Klasa, Kobieco\u015b\u0107\" \/>\n<meta property=\"article:publisher\" content=\"https:\/\/www.facebook.com\/profile.php?id=61577234792545\" \/>\n<meta property=\"article:modified_time\" content=\"2025-11-08T09:16:25+00:00\" \/>\n<meta property=\"og:image\" content=\"https:\/\/amare-atelier.pl\/wp-content\/uploads\/2025\/10\/886057e3-e69f-403c-a68d-67ab912f0c07.jpeg\" \/>\n\t<meta property=\"og:image:width\" content=\"1152\" \/>\n\t<meta property=\"og:image:height\" content=\"2048\" \/>\n\t<meta property=\"og:image:type\" content=\"image\/jpeg\" \/>\n<meta name=\"twitter:card\" content=\"summary_large_image\" \/>\n<script type=\"application\/ld+json\" class=\"yoast-schema-graph\">{\"@context\":\"https:\/\/schema.org\",\"@graph\":[{\"@type\":\"WebPage\",\"@id\":\"https:\/\/amare-atelier.pl\/en\/product\/noir-eclat-black-blouse-with-flared-sleeves\/\",\"url\":\"https:\/\/amare-atelier.pl\/en\/product\/noir-eclat-black-blouse-with-flared-sleeves\/\",\"name\":\"Noir \u00c9clat \u2014 Black Blouse with Flared Sleeves - Amare Atelier \u2013 Modna Odzie\u017c Damska | Styl, Klasa, Kobieco\u015b\u0107\",\"isPartOf\":{\"@id\":\"https:\/\/amare-atelier.pl\/en\/#website\"},\"primaryImageOfPage\":{\"@id\":\"https:\/\/amare-atelier.pl\/en\/product\/noir-eclat-black-blouse-with-flared-sleeves\/#primaryimage\"},\"image\":{\"@id\":\"https:\/\/amare-atelier.pl\/en\/product\/noir-eclat-black-blouse-with-flared-sleeves\/#primaryimage\"},\"thumbnailUrl\":\"https:\/\/amare-atelier.pl\/wp-content\/uploads\/2025\/10\/886057e3-e69f-403c-a68d-67ab912f0c07.jpeg\",\"datePublished\":\"2025-10-09T09:28:18+00:00\",\"dateModified\":\"2025-11-08T09:16:25+00:00\",\"breadcrumb\":{\"@id\":\"https:\/\/amare-atelier.pl\/en\/product\/noir-eclat-black-blouse-with-flared-sleeves\/#breadcrumb\"},\"inLanguage\":\"en-US\",\"potentialAction\":[{\"@type\":\"ReadAction\",\"target\":[\"https:\/\/amare-atelier.pl\/en\/product\/noir-eclat-black-blouse-with-flared-sleeves\/\"]}]},{\"@type\":\"ImageObject\",\"inLanguage\":\"en-US\",\"@id\":\"https:\/\/amare-atelier.pl\/en\/product\/noir-eclat-black-blouse-with-flared-sleeves\/#primaryimage\",\"url\":\"https:\/\/amare-atelier.pl\/wp-content\/uploads\/2025\/10\/886057e3-e69f-403c-a68d-67ab912f0c07.jpeg\",\"contentUrl\":\"https:\/\/amare-atelier.pl\/wp-content\/uploads\/2025\/10\/886057e3-e69f-403c-a68d-67ab912f0c07.jpeg\",\"width\":1152,\"height\":2048},{\"@type\":\"BreadcrumbList\",\"@id\":\"https:\/\/amare-atelier.pl\/en\/product\/noir-eclat-black-blouse-with-flared-sleeves\/#breadcrumb\",\"itemListElement\":[{\"@type\":\"ListItem\",\"position\":1,\"name\":\"Strona g\u0142\u00f3wna\",\"item\":\"https:\/\/amare-atelier.pl\/en\/home\/\"},{\"@type\":\"ListItem\",\"position\":2,\"name\":\"Shop\",\"item\":\"https:\/\/amare-atelier.pl\/en\/shop\/\"},{\"@type\":\"ListItem\",\"position\":3,\"name\":\"Noir \u00c9clat \u2014 Black Blouse with Flared Sleeves\"}]},{\"@type\":\"WebSite\",\"@id\":\"https:\/\/amare-atelier.pl\/en\/#website\",\"url\":\"https:\/\/amare-atelier.pl\/en\/\",\"name\":\"Amare Atelier \u2013 Modna Odzie\u017c Damska | Styl, Klasa, Kobieco\u015b\u0107\",\"description\":\"\",\"publisher\":{\"@id\":\"https:\/\/amare-atelier.pl\/en\/#organization\"},\"potentialAction\":[{\"@type\":\"SearchAction\",\"target\":{\"@type\":\"EntryPoint\",\"urlTemplate\":\"https:\/\/amare-atelier.pl\/en\/?s={search_term_string}\"},\"query-input\":{\"@type\":\"PropertyValueSpecification\",\"valueRequired\":true,\"valueName\":\"search_term_string\"}}],\"inLanguage\":\"en-US\"},{\"@type\":\"Organization\",\"@id\":\"https:\/\/amare-atelier.pl\/en\/#organization\",\"name\":\"Amare Atelier \u2013 Modna Odzie\u017c Damska | Styl, Klasa, Kobieco\u015b\u0107\",\"url\":\"https:\/\/amare-atelier.pl\/en\/\",\"logo\":{\"@type\":\"ImageObject\",\"inLanguage\":\"en-US\",\"@id\":\"https:\/\/amare-atelier.pl\/en\/#\/schema\/logo\/image\/\",\"url\":\"https:\/\/amare-atelier.pl\/wp-content\/uploads\/2025\/06\/amare-logo.svg\",\"contentUrl\":\"https:\/\/amare-atelier.pl\/wp-content\/uploads\/2025\/06\/amare-logo.svg\",\"width\":578,\"height\":238,\"caption\":\"Amare Atelier \u2013 Modna Odzie\u017c Damska | Styl, Klasa, Kobieco\u015b\u0107\"},\"image\":{\"@id\":\"https:\/\/amare-atelier.pl\/en\/#\/schema\/logo\/image\/\"},\"sameAs\":[\"https:\/\/www.facebook.com\/profile.php?id=61577234792545\",\"https:\/\/www.instagram.com\/amare___atelier\/\"]}]}<\/script>\n<!-- \/ Yoast SEO plugin. -->","yoast_head_json":{"title":"Noir \u00c9clat \u2014 Black Blouse with Flared Sleeves - Amare Atelier \u2013 Modna Odzie\u017c Damska | Styl, Klasa, Kobieco\u015b\u0107","robots":{"index":"index","follow":"follow","max-snippet":"max-snippet:-1","max-image-preview":"max-image-preview:large","max-video-preview":"max-video-preview:-1"},"canonical":"https:\/\/amare-atelier.pl\/en\/product\/noir-eclat-black-blouse-with-flared-sleeves\/","og_locale":"en_US","og_type":"article","og_title":"Noir \u00c9clat \u2014 Black Blouse with Flared Sleeves - Amare Atelier \u2013 Modna Odzie\u017c Damska | Styl, Klasa, Kobieco\u015b\u0107","og_description":"A blouse that speaks louder than words. Noir \u00c9clat combines timeless black, elegance, and subtle boldness. The fitted cut accentuates the feminine silhouette, while the flared cuffs add lightness and artistic character. A minimalist form yet an eye-catching effect \u2014 perfect for women who love classic style with a modern twist.","og_url":"https:\/\/amare-atelier.pl\/en\/product\/noir-eclat-black-blouse-with-flared-sleeves\/","og_site_name":"Amare Atelier \u2013 Modna Odzie\u017c Damska | Styl, Klasa, Kobieco\u015b\u0107","article_publisher":"https:\/\/www.facebook.com\/profile.php?id=61577234792545","article_modified_time":"2025-11-08T09:16:25+00:00","og_image":[{"width":1152,"height":2048,"url":"https:\/\/amare-atelier.pl\/wp-content\/uploads\/2025\/10\/886057e3-e69f-403c-a68d-67ab912f0c07.jpeg","type":"image\/jpeg"}],"twitter_card":"summary_large_image","schema":{"@context":"https:\/\/schema.org","@graph":[{"@type":"WebPage","@id":"https:\/\/amare-atelier.pl\/en\/product\/noir-eclat-black-blouse-with-flared-sleeves\/","url":"https:\/\/amare-atelier.pl\/en\/product\/noir-eclat-black-blouse-with-flared-sleeves\/","name":"Noir \u00c9clat \u2014 Black Blouse with Flared Sleeves - Amare Atelier \u2013 Modna Odzie\u017c Damska | Styl, Klasa, Kobieco\u015b\u0107","isPartOf":{"@id":"https:\/\/amare-atelier.pl\/en\/#website"},"primaryImageOfPage":{"@id":"https:\/\/amare-atelier.pl\/en\/product\/noir-eclat-black-blouse-with-flared-sleeves\/#primaryimage"},"image":{"@id":"https:\/\/amare-atelier.pl\/en\/product\/noir-eclat-black-blouse-with-flared-sleeves\/#primaryimage"},"thumbnailUrl":"https:\/\/amare-atelier.pl\/wp-content\/uploads\/2025\/10\/886057e3-e69f-403c-a68d-67ab912f0c07.jpeg","datePublished":"2025-10-09T09:28:18+00:00","dateModified":"2025-11-08T09:16:25+00:00","breadcrumb":{"@id":"https:\/\/amare-atelier.pl\/en\/product\/noir-eclat-black-blouse-with-flared-sleeves\/#breadcrumb"},"inLanguage":"en-US","potentialAction":[{"@type":"ReadAction","target":["https:\/\/amare-atelier.pl\/en\/product\/noir-eclat-black-blouse-with-flared-sleeves\/"]}]},{"@type":"ImageObject","inLanguage":"en-US","@id":"https:\/\/amare-atelier.pl\/en\/product\/noir-eclat-black-blouse-with-flared-sleeves\/#primaryimage","url":"https:\/\/amare-atelier.pl\/wp-content\/uploads\/2025\/10\/886057e3-e69f-403c-a68d-67ab912f0c07.jpeg","contentUrl":"https:\/\/amare-atelier.pl\/wp-content\/uploads\/2025\/10\/886057e3-e69f-403c-a68d-67ab912f0c07.jpeg","width":1152,"height":2048},{"@type":"BreadcrumbList","@id":"https:\/\/amare-atelier.pl\/en\/product\/noir-eclat-black-blouse-with-flared-sleeves\/#breadcrumb","itemListElement":[{"@type":"ListItem","position":1,"name":"Strona g\u0142\u00f3wna","item":"https:\/\/amare-atelier.pl\/en\/home\/"},{"@type":"ListItem","position":2,"name":"Shop","item":"https:\/\/amare-atelier.pl\/en\/shop\/"},{"@type":"ListItem","position":3,"name":"Noir \u00c9clat \u2014 Black Blouse with Flared Sleeves"}]},{"@type":"WebSite","@id":"https:\/\/amare-atelier.pl\/en\/#website","url":"https:\/\/amare-atelier.pl\/en\/","name":"Amare Atelier \u2013 Modna Odzie\u017c Damska | Styl, Klasa, Kobieco\u015b\u0107","description":"","publisher":{"@id":"https:\/\/amare-atelier.pl\/en\/#organization"},"potentialAction":[{"@type":"SearchAction","target":{"@type":"EntryPoint","urlTemplate":"https:\/\/amare-atelier.pl\/en\/?s={search_term_string}"},"query-input":{"@type":"PropertyValueSpecification","valueRequired":true,"valueName":"search_term_string"}}],"inLanguage":"en-US"},{"@type":"Organization","@id":"https:\/\/amare-atelier.pl\/en\/#organization","name":"Amare Atelier \u2013 Modna Odzie\u017c Damska | Styl, Klasa, Kobieco\u015b\u0107","url":"https:\/\/amare-atelier.pl\/en\/","logo":{"@type":"ImageObject","inLanguage":"en-US","@id":"https:\/\/amare-atelier.pl\/en\/#\/schema\/logo\/image\/","url":"https:\/\/amare-atelier.pl\/wp-content\/uploads\/2025\/06\/amare-logo.svg","contentUrl":"https:\/\/amare-atelier.pl\/wp-content\/uploads\/2025\/06\/amare-logo.svg","width":578,"height":238,"caption":"Amare Atelier \u2013 Modna Odzie\u017c Damska | Styl, Klasa, Kobieco\u015b\u0107"},"image":{"@id":"https:\/\/amare-atelier.pl\/en\/#\/schema\/logo\/image\/"},"sameAs":["https:\/\/www.facebook.com\/profile.php?id=61577234792545","https:\/\/www.instagram.com\/amare___atelier\/"]}]}},"_links":{"self":[{"href":"https:\/\/amare-atelier.pl\/en\/wp-json\/wp\/v2\/product\/57903","targetHints":{"allow":["GET"]}}],"collection":[{"href":"https:\/\/amare-atelier.pl\/en\/wp-json\/wp\/v2\/product"}],"about":[{"href":"https:\/\/amare-atelier.pl\/en\/wp-json\/wp\/v2\/types\/product"}],"wp:featuredmedia":[{"embeddable":true,"href":"https:\/\/amare-atelier.pl\/en\/wp-json\/wp\/v2\/media\/57687"}],"wp:attachment":[{"href":"https:\/\/amare-atelier.pl\/en\/wp-json\/wp\/v2\/media?parent=57903"}],"wp:term":[{"taxonomy":"product_brand","embeddable":true,"href":"https:\/\/amare-atelier.pl\/en\/wp-json\/wp\/v2\/product_brand?post=57903"},{"taxonomy":"product_cat","embeddable":true,"href":"https:\/\/amare-atelier.pl\/en\/wp-json\/wp\/v2\/product_cat?post=57903"},{"taxonomy":"product_tag","embeddable":true,"href":"https:\/\/amare-atelier.pl\/en\/wp-json\/wp\/v2\/product_tag?post=57903"}],"curies":[{"name":"wp","href":"https:\/\/api.w.org\/{rel}","templated":true}]}}