{"id":57894,"date":"2025-10-09T12:15:57","date_gmt":"2025-10-09T10:15:57","guid":{"rendered":"https:\/\/amareprod.wpenginepowered.com\/produkt\/soft-elegance-knit-set-gray\/"},"modified":"2025-10-09T12:15:57","modified_gmt":"2025-10-09T10:15:57","slug":"soft-elegance-knit-set-gray","status":"publish","type":"product","link":"https:\/\/amare-atelier.pl\/en\/product\/soft-elegance-knit-set-gray\/","title":{"rendered":"Soft Elegance Knit Set \u2014 Gray"},"content":{"rendered":"<p>Stylish and cozy knit set in a cool gray shade \u2014 the perfect choice for women who value comfort with an elegant twist.<\/p>\n<p>The soft, stretchy fabric drapes beautifully on the figure, while the fitted top and flared-leg pants create a modern, minimalist ensemble.<\/p>\n","protected":false},"excerpt":{"rendered":"<p>Stylish and cozy knit set in a cool gray shade \u2014 the perfect choice for women who value comfort with an elegant twist. The soft, stretchy fabric drapes beautifully on the figure, while the fitted top and flared-leg pants create a modern, minimalist ensemble.<\/p>\n","protected":false},"featured_media":57825,"template":"","meta":{"inline_featured_image":false},"product_brand":[],"product_cat":[164,160],"product_tag":[],"class_list":{"0":"post-57894","1":"product","2":"type-product","3":"status-publish","4":"has-post-thumbnail","6":"product_cat-news","7":"product_cat-sets","10":"first","11":"instock","12":"shipping-taxable","13":"purchasable","14":"product-type-variable"},"yoast_head":"<!-- This site is optimized with the Yoast SEO plugin v26.3 - https:\/\/yoast.com\/wordpress\/plugins\/seo\/ -->\n<title>Soft Elegance Knit Set \u2014 Gray - Amare Atelier \u2013 Modna Odzie\u017c Damska | Styl, Klasa, Kobieco\u015b\u0107<\/title>\n<meta name=\"robots\" content=\"index, follow, max-snippet:-1, max-image-preview:large, max-video-preview:-1\" \/>\n<link rel=\"canonical\" href=\"https:\/\/amare-atelier.pl\/en\/product\/soft-elegance-knit-set-gray\/\" \/>\n<meta property=\"og:locale\" content=\"en_US\" \/>\n<meta property=\"og:type\" content=\"article\" \/>\n<meta property=\"og:title\" content=\"Soft Elegance Knit Set \u2014 Gray - Amare Atelier \u2013 Modna Odzie\u017c Damska | Styl, Klasa, Kobieco\u015b\u0107\" \/>\n<meta property=\"og:description\" content=\"Stylish and cozy knit set in a cool gray shade \u2014 the perfect choice for women who value comfort with an elegant twist. The soft, stretchy fabric drapes beautifully on the figure, while the fitted top and flared-leg pants create a modern, minimalist ensemble.\" \/>\n<meta property=\"og:url\" content=\"https:\/\/amare-atelier.pl\/en\/product\/soft-elegance-knit-set-gray\/\" \/>\n<meta property=\"og:site_name\" content=\"Amare Atelier \u2013 Modna Odzie\u017c Damska | Styl, Klasa, Kobieco\u015b\u0107\" \/>\n<meta property=\"article:publisher\" content=\"https:\/\/www.facebook.com\/profile.php?id=61577234792545\" \/>\n<meta property=\"og:image\" content=\"https:\/\/amare-atelier.pl\/wp-content\/uploads\/2025\/10\/IMG_1316.jpeg\" \/>\n\t<meta property=\"og:image:width\" content=\"1206\" \/>\n\t<meta property=\"og:image:height\" content=\"1587\" \/>\n\t<meta property=\"og:image:type\" content=\"image\/jpeg\" \/>\n<meta name=\"twitter:card\" content=\"summary_large_image\" \/>\n<script type=\"application\/ld+json\" class=\"yoast-schema-graph\">{\"@context\":\"https:\/\/schema.org\",\"@graph\":[{\"@type\":\"WebPage\",\"@id\":\"https:\/\/amare-atelier.pl\/en\/product\/soft-elegance-knit-set-gray\/\",\"url\":\"https:\/\/amare-atelier.pl\/en\/product\/soft-elegance-knit-set-gray\/\",\"name\":\"Soft Elegance Knit Set \u2014 Gray - Amare Atelier \u2013 Modna Odzie\u017c Damska | Styl, Klasa, Kobieco\u015b\u0107\",\"isPartOf\":{\"@id\":\"https:\/\/amare-atelier.pl\/en\/#website\"},\"primaryImageOfPage\":{\"@id\":\"https:\/\/amare-atelier.pl\/en\/product\/soft-elegance-knit-set-gray\/#primaryimage\"},\"image\":{\"@id\":\"https:\/\/amare-atelier.pl\/en\/product\/soft-elegance-knit-set-gray\/#primaryimage\"},\"thumbnailUrl\":\"https:\/\/amare-atelier.pl\/wp-content\/uploads\/2025\/10\/IMG_1316.jpeg\",\"datePublished\":\"2025-10-09T10:15:57+00:00\",\"breadcrumb\":{\"@id\":\"https:\/\/amare-atelier.pl\/en\/product\/soft-elegance-knit-set-gray\/#breadcrumb\"},\"inLanguage\":\"en-US\",\"potentialAction\":[{\"@type\":\"ReadAction\",\"target\":[\"https:\/\/amare-atelier.pl\/en\/product\/soft-elegance-knit-set-gray\/\"]}]},{\"@type\":\"ImageObject\",\"inLanguage\":\"en-US\",\"@id\":\"https:\/\/amare-atelier.pl\/en\/product\/soft-elegance-knit-set-gray\/#primaryimage\",\"url\":\"https:\/\/amare-atelier.pl\/wp-content\/uploads\/2025\/10\/IMG_1316.jpeg\",\"contentUrl\":\"https:\/\/amare-atelier.pl\/wp-content\/uploads\/2025\/10\/IMG_1316.jpeg\",\"width\":1206,\"height\":1587,\"caption\":\"Screenshot\"},{\"@type\":\"BreadcrumbList\",\"@id\":\"https:\/\/amare-atelier.pl\/en\/product\/soft-elegance-knit-set-gray\/#breadcrumb\",\"itemListElement\":[{\"@type\":\"ListItem\",\"position\":1,\"name\":\"Strona g\u0142\u00f3wna\",\"item\":\"https:\/\/amare-atelier.pl\/en\/home\/\"},{\"@type\":\"ListItem\",\"position\":2,\"name\":\"Shop\",\"item\":\"https:\/\/amare-atelier.pl\/en\/shop\/\"},{\"@type\":\"ListItem\",\"position\":3,\"name\":\"Soft Elegance Knit Set \u2014 Gray\"}]},{\"@type\":\"WebSite\",\"@id\":\"https:\/\/amare-atelier.pl\/en\/#website\",\"url\":\"https:\/\/amare-atelier.pl\/en\/\",\"name\":\"Amare Atelier \u2013 Modna Odzie\u017c Damska | Styl, Klasa, Kobieco\u015b\u0107\",\"description\":\"\",\"publisher\":{\"@id\":\"https:\/\/amare-atelier.pl\/en\/#organization\"},\"potentialAction\":[{\"@type\":\"SearchAction\",\"target\":{\"@type\":\"EntryPoint\",\"urlTemplate\":\"https:\/\/amare-atelier.pl\/en\/?s={search_term_string}\"},\"query-input\":{\"@type\":\"PropertyValueSpecification\",\"valueRequired\":true,\"valueName\":\"search_term_string\"}}],\"inLanguage\":\"en-US\"},{\"@type\":\"Organization\",\"@id\":\"https:\/\/amare-atelier.pl\/en\/#organization\",\"name\":\"Amare Atelier \u2013 Modna Odzie\u017c Damska | Styl, Klasa, Kobieco\u015b\u0107\",\"url\":\"https:\/\/amare-atelier.pl\/en\/\",\"logo\":{\"@type\":\"ImageObject\",\"inLanguage\":\"en-US\",\"@id\":\"https:\/\/amare-atelier.pl\/en\/#\/schema\/logo\/image\/\",\"url\":\"https:\/\/amare-atelier.pl\/wp-content\/uploads\/2025\/06\/amare-logo.svg\",\"contentUrl\":\"https:\/\/amare-atelier.pl\/wp-content\/uploads\/2025\/06\/amare-logo.svg\",\"width\":578,\"height\":238,\"caption\":\"Amare Atelier \u2013 Modna Odzie\u017c Damska | Styl, Klasa, Kobieco\u015b\u0107\"},\"image\":{\"@id\":\"https:\/\/amare-atelier.pl\/en\/#\/schema\/logo\/image\/\"},\"sameAs\":[\"https:\/\/www.facebook.com\/profile.php?id=61577234792545\",\"https:\/\/www.instagram.com\/amare___atelier\/\"]}]}<\/script>\n<!-- \/ Yoast SEO plugin. -->","yoast_head_json":{"title":"Soft Elegance Knit Set \u2014 Gray - Amare Atelier \u2013 Modna Odzie\u017c Damska | Styl, Klasa, Kobieco\u015b\u0107","robots":{"index":"index","follow":"follow","max-snippet":"max-snippet:-1","max-image-preview":"max-image-preview:large","max-video-preview":"max-video-preview:-1"},"canonical":"https:\/\/amare-atelier.pl\/en\/product\/soft-elegance-knit-set-gray\/","og_locale":"en_US","og_type":"article","og_title":"Soft Elegance Knit Set \u2014 Gray - Amare Atelier \u2013 Modna Odzie\u017c Damska | Styl, Klasa, Kobieco\u015b\u0107","og_description":"Stylish and cozy knit set in a cool gray shade \u2014 the perfect choice for women who value comfort with an elegant twist. The soft, stretchy fabric drapes beautifully on the figure, while the fitted top and flared-leg pants create a modern, minimalist ensemble.","og_url":"https:\/\/amare-atelier.pl\/en\/product\/soft-elegance-knit-set-gray\/","og_site_name":"Amare Atelier \u2013 Modna Odzie\u017c Damska | Styl, Klasa, Kobieco\u015b\u0107","article_publisher":"https:\/\/www.facebook.com\/profile.php?id=61577234792545","og_image":[{"width":1206,"height":1587,"url":"https:\/\/amare-atelier.pl\/wp-content\/uploads\/2025\/10\/IMG_1316.jpeg","type":"image\/jpeg"}],"twitter_card":"summary_large_image","schema":{"@context":"https:\/\/schema.org","@graph":[{"@type":"WebPage","@id":"https:\/\/amare-atelier.pl\/en\/product\/soft-elegance-knit-set-gray\/","url":"https:\/\/amare-atelier.pl\/en\/product\/soft-elegance-knit-set-gray\/","name":"Soft Elegance Knit Set \u2014 Gray - Amare Atelier \u2013 Modna Odzie\u017c Damska | Styl, Klasa, Kobieco\u015b\u0107","isPartOf":{"@id":"https:\/\/amare-atelier.pl\/en\/#website"},"primaryImageOfPage":{"@id":"https:\/\/amare-atelier.pl\/en\/product\/soft-elegance-knit-set-gray\/#primaryimage"},"image":{"@id":"https:\/\/amare-atelier.pl\/en\/product\/soft-elegance-knit-set-gray\/#primaryimage"},"thumbnailUrl":"https:\/\/amare-atelier.pl\/wp-content\/uploads\/2025\/10\/IMG_1316.jpeg","datePublished":"2025-10-09T10:15:57+00:00","breadcrumb":{"@id":"https:\/\/amare-atelier.pl\/en\/product\/soft-elegance-knit-set-gray\/#breadcrumb"},"inLanguage":"en-US","potentialAction":[{"@type":"ReadAction","target":["https:\/\/amare-atelier.pl\/en\/product\/soft-elegance-knit-set-gray\/"]}]},{"@type":"ImageObject","inLanguage":"en-US","@id":"https:\/\/amare-atelier.pl\/en\/product\/soft-elegance-knit-set-gray\/#primaryimage","url":"https:\/\/amare-atelier.pl\/wp-content\/uploads\/2025\/10\/IMG_1316.jpeg","contentUrl":"https:\/\/amare-atelier.pl\/wp-content\/uploads\/2025\/10\/IMG_1316.jpeg","width":1206,"height":1587,"caption":"Screenshot"},{"@type":"BreadcrumbList","@id":"https:\/\/amare-atelier.pl\/en\/product\/soft-elegance-knit-set-gray\/#breadcrumb","itemListElement":[{"@type":"ListItem","position":1,"name":"Strona g\u0142\u00f3wna","item":"https:\/\/amare-atelier.pl\/en\/home\/"},{"@type":"ListItem","position":2,"name":"Shop","item":"https:\/\/amare-atelier.pl\/en\/shop\/"},{"@type":"ListItem","position":3,"name":"Soft Elegance Knit Set \u2014 Gray"}]},{"@type":"WebSite","@id":"https:\/\/amare-atelier.pl\/en\/#website","url":"https:\/\/amare-atelier.pl\/en\/","name":"Amare Atelier \u2013 Modna Odzie\u017c Damska | Styl, Klasa, Kobieco\u015b\u0107","description":"","publisher":{"@id":"https:\/\/amare-atelier.pl\/en\/#organization"},"potentialAction":[{"@type":"SearchAction","target":{"@type":"EntryPoint","urlTemplate":"https:\/\/amare-atelier.pl\/en\/?s={search_term_string}"},"query-input":{"@type":"PropertyValueSpecification","valueRequired":true,"valueName":"search_term_string"}}],"inLanguage":"en-US"},{"@type":"Organization","@id":"https:\/\/amare-atelier.pl\/en\/#organization","name":"Amare Atelier \u2013 Modna Odzie\u017c Damska | Styl, Klasa, Kobieco\u015b\u0107","url":"https:\/\/amare-atelier.pl\/en\/","logo":{"@type":"ImageObject","inLanguage":"en-US","@id":"https:\/\/amare-atelier.pl\/en\/#\/schema\/logo\/image\/","url":"https:\/\/amare-atelier.pl\/wp-content\/uploads\/2025\/06\/amare-logo.svg","contentUrl":"https:\/\/amare-atelier.pl\/wp-content\/uploads\/2025\/06\/amare-logo.svg","width":578,"height":238,"caption":"Amare Atelier \u2013 Modna Odzie\u017c Damska | Styl, Klasa, Kobieco\u015b\u0107"},"image":{"@id":"https:\/\/amare-atelier.pl\/en\/#\/schema\/logo\/image\/"},"sameAs":["https:\/\/www.facebook.com\/profile.php?id=61577234792545","https:\/\/www.instagram.com\/amare___atelier\/"]}]}},"_links":{"self":[{"href":"https:\/\/amare-atelier.pl\/en\/wp-json\/wp\/v2\/product\/57894","targetHints":{"allow":["GET"]}}],"collection":[{"href":"https:\/\/amare-atelier.pl\/en\/wp-json\/wp\/v2\/product"}],"about":[{"href":"https:\/\/amare-atelier.pl\/en\/wp-json\/wp\/v2\/types\/product"}],"wp:featuredmedia":[{"embeddable":true,"href":"https:\/\/amare-atelier.pl\/en\/wp-json\/wp\/v2\/media\/57825"}],"wp:attachment":[{"href":"https:\/\/amare-atelier.pl\/en\/wp-json\/wp\/v2\/media?parent=57894"}],"wp:term":[{"taxonomy":"product_brand","embeddable":true,"href":"https:\/\/amare-atelier.pl\/en\/wp-json\/wp\/v2\/product_brand?post=57894"},{"taxonomy":"product_cat","embeddable":true,"href":"https:\/\/amare-atelier.pl\/en\/wp-json\/wp\/v2\/product_cat?post=57894"},{"taxonomy":"product_tag","embeddable":true,"href":"https:\/\/amare-atelier.pl\/en\/wp-json\/wp\/v2\/product_tag?post=57894"}],"curies":[{"name":"wp","href":"https:\/\/api.w.org\/{rel}","templated":true}]}}