{"id":56851,"date":"2025-06-23T12:33:31","date_gmt":"2025-06-23T10:33:31","guid":{"rendered":"https:\/\/amareprod.wpenginepowered.com\/?page_id=56851"},"modified":"2025-11-04T02:21:47","modified_gmt":"2025-11-04T01:21:47","slug":"returns-policy","status":"publish","type":"page","link":"https:\/\/amare-atelier.pl\/en\/returns-policy\/","title":{"rendered":"Returns Policy"},"content":{"rendered":"\n<h2 class=\"wp-block-heading\"><strong>Returns Policy at Amar\u00e9 Atelier<\/strong><\/h2>\n\n<p>We want your shopping experience at Amar\u00e9 Atelier to be completely satisfying. However, if the product doesn&#8217;t meet your expectations, you can return it.  The buyer bears the cost of returning the product in case of contract withdrawal. <\/p>\n\n<p><strong>1. Return period<\/strong><br\/>You have 14 days to return the item without giving a reason. This period starts from the day you received the package. <\/p>\n\n<p><strong>2. Return Conditions<\/strong><br\/>Returned items must meet the following conditions:<\/p>\n\n<ul class=\"wp-block-list\">\n<li>Must show no signs of use.<\/li>\n\n\n\n<li>Must have all original tags and labels attached.<\/li>\n\n\n\n<li>Must be in pristine condition.<\/li>\n<\/ul>\n\n<p><strong>3. How to Return? Step by Step <\/strong><\/p>\n\n<ul class=\"wp-block-list\">\n<li>Notify us about the return: Send your withdrawal notice to our email address amareatelier@wp.pl. You can use the withdrawal form template attached to our Store Terms and Conditions, but this is optional. <\/li>\n\n\n\n<li>Prepare the package: Pack the item you&#8217;re returning, ensuring it&#8217;s safely wrapped. Include proof of purchase (such as receipt or order number) to help us identify your return. <\/li>\n\n\n\n<li>Send the item: Ship the package to:<br\/>Oliwia \u017byto Amar\u00e9 Atelier<br\/>ul. Je\u017cynowa 9<br\/>62-069 Pal\u0119dzie<br\/>marked &#8220;RETURN&#8221;. <\/li>\n<\/ul>\n\n<p><strong>4. Return Costs<\/strong><br\/>The customer is responsible for direct return shipping costs. We do not accept cash on delivery shipments. <\/p>\n\n<p><strong>5. Refund<\/strong><br\/>Refunds will be processed within 14 days of receiving the returned item. The money will be refunded using the same payment method used for the purchase, unless otherwise agreed. <\/p>\n\n<p><strong>6. Exceptions to Return Rights<\/strong><br\/>Return rights do not apply to products made to your special order or personalized items. For hygiene reasons, lingerie can only be returned if unused and with original protective packaging intact. <\/p>\n","protected":false},"excerpt":{"rendered":"<p>Returns Policy at Amar\u00e9 Atelier We want your shopping experience at Amar\u00e9 Atelier to be completely satisfying. However, if the product doesn&#8217;t meet your expectations, you can return it. The buyer bears the cost of returning the product in case of contract withdrawal. 1. Return periodYou have 14 days to return the item without giving [&hellip;]<\/p>\n","protected":false},"author":1,"featured_media":0,"parent":0,"menu_order":0,"comment_status":"closed","ping_status":"closed","template":"","meta":{"inline_featured_image":false,"footnotes":""},"class_list":["post-56851","page","type-page","status-publish","hentry"],"yoast_head":"<!-- This site is optimized with the Yoast SEO plugin v26.3 - https:\/\/yoast.com\/wordpress\/plugins\/seo\/ -->\n<title>Returns Policy - Amare Atelier \u2013 Modna Odzie\u017c Damska | Styl, Klasa, Kobieco\u015b\u0107<\/title>\n<meta name=\"robots\" content=\"index, follow, max-snippet:-1, max-image-preview:large, max-video-preview:-1\" \/>\n<link rel=\"canonical\" href=\"https:\/\/amare-atelier.pl\/en\/returns-policy\/\" \/>\n<meta property=\"og:locale\" content=\"en_US\" \/>\n<meta property=\"og:type\" content=\"article\" \/>\n<meta property=\"og:title\" content=\"Returns Policy - Amare Atelier \u2013 Modna Odzie\u017c Damska | Styl, Klasa, Kobieco\u015b\u0107\" \/>\n<meta property=\"og:description\" content=\"Returns Policy at Amar\u00e9 Atelier We want your shopping experience at Amar\u00e9 Atelier to be completely satisfying. However, if the product doesn&#8217;t meet your expectations, you can return it. The buyer bears the cost of returning the product in case of contract withdrawal. 1. Return periodYou have 14 days to return the item without giving [&hellip;]\" \/>\n<meta property=\"og:url\" content=\"https:\/\/amare-atelier.pl\/en\/returns-policy\/\" \/>\n<meta property=\"og:site_name\" content=\"Amare Atelier \u2013 Modna Odzie\u017c Damska | Styl, Klasa, Kobieco\u015b\u0107\" \/>\n<meta property=\"article:publisher\" content=\"https:\/\/www.facebook.com\/profile.php?id=61577234792545\" \/>\n<meta property=\"article:modified_time\" content=\"2025-11-04T01:21:47+00:00\" \/>\n<meta name=\"twitter:card\" content=\"summary_large_image\" \/>\n<meta name=\"twitter:label1\" content=\"Est. reading time\" \/>\n\t<meta name=\"twitter:data1\" content=\"2 minutes\" \/>\n<script type=\"application\/ld+json\" class=\"yoast-schema-graph\">{\"@context\":\"https:\/\/schema.org\",\"@graph\":[{\"@type\":\"WebPage\",\"@id\":\"https:\/\/amare-atelier.pl\/en\/returns-policy\/\",\"url\":\"https:\/\/amare-atelier.pl\/en\/returns-policy\/\",\"name\":\"Returns Policy - Amare Atelier \u2013 Modna Odzie\u017c Damska | Styl, Klasa, Kobieco\u015b\u0107\",\"isPartOf\":{\"@id\":\"https:\/\/amare-atelier.pl\/en\/#website\"},\"datePublished\":\"2025-06-23T10:33:31+00:00\",\"dateModified\":\"2025-11-04T01:21:47+00:00\",\"breadcrumb\":{\"@id\":\"https:\/\/amare-atelier.pl\/en\/returns-policy\/#breadcrumb\"},\"inLanguage\":\"en-US\",\"potentialAction\":[{\"@type\":\"ReadAction\",\"target\":[\"https:\/\/amare-atelier.pl\/en\/returns-policy\/\"]}]},{\"@type\":\"BreadcrumbList\",\"@id\":\"https:\/\/amare-atelier.pl\/en\/returns-policy\/#breadcrumb\",\"itemListElement\":[{\"@type\":\"ListItem\",\"position\":1,\"name\":\"Strona g\u0142\u00f3wna\",\"item\":\"https:\/\/amare-atelier.pl\/en\/home\/\"},{\"@type\":\"ListItem\",\"position\":2,\"name\":\"Returns Policy\"}]},{\"@type\":\"WebSite\",\"@id\":\"https:\/\/amare-atelier.pl\/en\/#website\",\"url\":\"https:\/\/amare-atelier.pl\/en\/\",\"name\":\"Amare Atelier \u2013 Modna Odzie\u017c Damska | Styl, Klasa, Kobieco\u015b\u0107\",\"description\":\"\",\"publisher\":{\"@id\":\"https:\/\/amare-atelier.pl\/en\/#organization\"},\"potentialAction\":[{\"@type\":\"SearchAction\",\"target\":{\"@type\":\"EntryPoint\",\"urlTemplate\":\"https:\/\/amare-atelier.pl\/en\/?s={search_term_string}\"},\"query-input\":{\"@type\":\"PropertyValueSpecification\",\"valueRequired\":true,\"valueName\":\"search_term_string\"}}],\"inLanguage\":\"en-US\"},{\"@type\":\"Organization\",\"@id\":\"https:\/\/amare-atelier.pl\/en\/#organization\",\"name\":\"Amare Atelier \u2013 Modna Odzie\u017c Damska | Styl, Klasa, Kobieco\u015b\u0107\",\"url\":\"https:\/\/amare-atelier.pl\/en\/\",\"logo\":{\"@type\":\"ImageObject\",\"inLanguage\":\"en-US\",\"@id\":\"https:\/\/amare-atelier.pl\/en\/#\/schema\/logo\/image\/\",\"url\":\"https:\/\/amare-atelier.pl\/wp-content\/uploads\/2025\/06\/amare-logo.svg\",\"contentUrl\":\"https:\/\/amare-atelier.pl\/wp-content\/uploads\/2025\/06\/amare-logo.svg\",\"width\":578,\"height\":238,\"caption\":\"Amare Atelier \u2013 Modna Odzie\u017c Damska | Styl, Klasa, Kobieco\u015b\u0107\"},\"image\":{\"@id\":\"https:\/\/amare-atelier.pl\/en\/#\/schema\/logo\/image\/\"},\"sameAs\":[\"https:\/\/www.facebook.com\/profile.php?id=61577234792545\",\"https:\/\/www.instagram.com\/amare___atelier\/\"]}]}<\/script>\n<!-- \/ Yoast SEO plugin. -->","yoast_head_json":{"title":"Returns Policy - Amare Atelier \u2013 Modna Odzie\u017c Damska | Styl, Klasa, Kobieco\u015b\u0107","robots":{"index":"index","follow":"follow","max-snippet":"max-snippet:-1","max-image-preview":"max-image-preview:large","max-video-preview":"max-video-preview:-1"},"canonical":"https:\/\/amare-atelier.pl\/en\/returns-policy\/","og_locale":"en_US","og_type":"article","og_title":"Returns Policy - Amare Atelier \u2013 Modna Odzie\u017c Damska | Styl, Klasa, Kobieco\u015b\u0107","og_description":"Returns Policy at Amar\u00e9 Atelier We want your shopping experience at Amar\u00e9 Atelier to be completely satisfying. However, if the product doesn&#8217;t meet your expectations, you can return it. The buyer bears the cost of returning the product in case of contract withdrawal. 1. Return periodYou have 14 days to return the item without giving [&hellip;]","og_url":"https:\/\/amare-atelier.pl\/en\/returns-policy\/","og_site_name":"Amare Atelier \u2013 Modna Odzie\u017c Damska | Styl, Klasa, Kobieco\u015b\u0107","article_publisher":"https:\/\/www.facebook.com\/profile.php?id=61577234792545","article_modified_time":"2025-11-04T01:21:47+00:00","twitter_card":"summary_large_image","twitter_misc":{"Est. reading time":"2 minutes"},"schema":{"@context":"https:\/\/schema.org","@graph":[{"@type":"WebPage","@id":"https:\/\/amare-atelier.pl\/en\/returns-policy\/","url":"https:\/\/amare-atelier.pl\/en\/returns-policy\/","name":"Returns Policy - Amare Atelier \u2013 Modna Odzie\u017c Damska | Styl, Klasa, Kobieco\u015b\u0107","isPartOf":{"@id":"https:\/\/amare-atelier.pl\/en\/#website"},"datePublished":"2025-06-23T10:33:31+00:00","dateModified":"2025-11-04T01:21:47+00:00","breadcrumb":{"@id":"https:\/\/amare-atelier.pl\/en\/returns-policy\/#breadcrumb"},"inLanguage":"en-US","potentialAction":[{"@type":"ReadAction","target":["https:\/\/amare-atelier.pl\/en\/returns-policy\/"]}]},{"@type":"BreadcrumbList","@id":"https:\/\/amare-atelier.pl\/en\/returns-policy\/#breadcrumb","itemListElement":[{"@type":"ListItem","position":1,"name":"Strona g\u0142\u00f3wna","item":"https:\/\/amare-atelier.pl\/en\/home\/"},{"@type":"ListItem","position":2,"name":"Returns Policy"}]},{"@type":"WebSite","@id":"https:\/\/amare-atelier.pl\/en\/#website","url":"https:\/\/amare-atelier.pl\/en\/","name":"Amare Atelier \u2013 Modna Odzie\u017c Damska | Styl, Klasa, Kobieco\u015b\u0107","description":"","publisher":{"@id":"https:\/\/amare-atelier.pl\/en\/#organization"},"potentialAction":[{"@type":"SearchAction","target":{"@type":"EntryPoint","urlTemplate":"https:\/\/amare-atelier.pl\/en\/?s={search_term_string}"},"query-input":{"@type":"PropertyValueSpecification","valueRequired":true,"valueName":"search_term_string"}}],"inLanguage":"en-US"},{"@type":"Organization","@id":"https:\/\/amare-atelier.pl\/en\/#organization","name":"Amare Atelier \u2013 Modna Odzie\u017c Damska | Styl, Klasa, Kobieco\u015b\u0107","url":"https:\/\/amare-atelier.pl\/en\/","logo":{"@type":"ImageObject","inLanguage":"en-US","@id":"https:\/\/amare-atelier.pl\/en\/#\/schema\/logo\/image\/","url":"https:\/\/amare-atelier.pl\/wp-content\/uploads\/2025\/06\/amare-logo.svg","contentUrl":"https:\/\/amare-atelier.pl\/wp-content\/uploads\/2025\/06\/amare-logo.svg","width":578,"height":238,"caption":"Amare Atelier \u2013 Modna Odzie\u017c Damska | Styl, Klasa, Kobieco\u015b\u0107"},"image":{"@id":"https:\/\/amare-atelier.pl\/en\/#\/schema\/logo\/image\/"},"sameAs":["https:\/\/www.facebook.com\/profile.php?id=61577234792545","https:\/\/www.instagram.com\/amare___atelier\/"]}]}},"_links":{"self":[{"href":"https:\/\/amare-atelier.pl\/en\/wp-json\/wp\/v2\/pages\/56851","targetHints":{"allow":["GET"]}}],"collection":[{"href":"https:\/\/amare-atelier.pl\/en\/wp-json\/wp\/v2\/pages"}],"about":[{"href":"https:\/\/amare-atelier.pl\/en\/wp-json\/wp\/v2\/types\/page"}],"author":[{"embeddable":true,"href":"https:\/\/amare-atelier.pl\/en\/wp-json\/wp\/v2\/users\/1"}],"replies":[{"embeddable":true,"href":"https:\/\/amare-atelier.pl\/en\/wp-json\/wp\/v2\/comments?post=56851"}],"version-history":[{"count":0,"href":"https:\/\/amare-atelier.pl\/en\/wp-json\/wp\/v2\/pages\/56851\/revisions"}],"wp:attachment":[{"href":"https:\/\/amare-atelier.pl\/en\/wp-json\/wp\/v2\/media?parent=56851"}],"curies":[{"name":"wp","href":"https:\/\/api.w.org\/{rel}","templated":true}]}}