{"id":93522,"date":"2026-05-04T14:12:09","date_gmt":"2026-05-04T12:12:09","guid":{"rendered":"https:\/\/amare-atelier.pl\/produkt\/body-control-set-schwarz\/"},"modified":"2026-05-10T11:56:43","modified_gmt":"2026-05-10T09:56:43","slug":"body-control-set-schwarz","status":"publish","type":"product","link":"https:\/\/amare-atelier.pl\/de\/produkt\/body-control-set-schwarz\/","title":{"rendered":"Body Control Set &#8211; schwarz"},"content":{"rendered":"<p>Minimalismus in seiner sinnlichsten Form. Dieses taillierte Set, bestehend aus einem kurzen Bandeau-Top und hoch taillierten Leggings, wurde entworfen, um die Silhouette zu akzentuieren und maximalen Komfort zu bieten. <\/p>\n<p>Der dehnbare Stoff passt sich perfekt dem K\u00f6rper an, formt die Figur und betont die Taille. Die hoch taillierten Leggings verl\u00e4ngern optisch die Beine, w\u00e4hrend das schlichte, unifarbene Oberteil die Schultern und das Dekollet\u00e9 freilegt und ein auff\u00e4lliges, aber dennoch minimalistisches Styling schafft. <\/p>\n<p>Dieses Set eignet sich sowohl zum Ausgehen als auch f\u00fcr das allt\u00e4gliche Styling &#8211; wechseln Sie einfach die Accessoires.<\/p>\n<p>Warum Sie es lieben werden.<br \/>\n&#8211; betont Ihre Silhouette und formt Ihre Figur<br \/>\n&#8211; hohes Top, das Ihre Beine verl\u00e4ngert<br \/>\n&#8211; weiches, dehnbares Material<br \/>\n&#8211; zeitloses, universelles Schwarz<br \/>\n&#8211; ideal als Set oder einzeln<\/p>\n","protected":false},"excerpt":{"rendered":"<p>Zusammensetzung: 87% Polyester, 13% Elasthan<\/p>\n<p>&nbsp;<\/p>\n","protected":false},"featured_media":93458,"template":"","meta":{"inline_featured_image":false},"product_brand":[],"product_cat":[251,249],"product_tag":[],"class_list":{"0":"post-93522","1":"product","2":"type-product","3":"status-publish","4":"has-post-thumbnail","6":"product_cat-neuheiten","7":"product_cat-sets","10":"first","11":"instock","12":"shipping-taxable","13":"purchasable","14":"product-type-variable"},"yoast_head":"<!-- This site is optimized with the Yoast SEO plugin v27.4 - https:\/\/yoast.com\/product\/yoast-seo-wordpress\/ -->\n<title>Body Control Set - schwarz - Amare Atelier \u2013 Modna Odzie\u017c Damska | Styl, Klasa, Kobieco\u015b\u0107<\/title>\n<meta name=\"robots\" content=\"index, follow, max-snippet:-1, max-image-preview:large, max-video-preview:-1\" \/>\n<link rel=\"canonical\" href=\"https:\/\/amare-atelier.pl\/de\/produkt\/body-control-set-schwarz\/\" \/>\n<meta property=\"og:locale\" content=\"de_DE\" \/>\n<meta property=\"og:type\" content=\"article\" \/>\n<meta property=\"og:title\" content=\"Body Control Set - schwarz - Amare Atelier \u2013 Modna Odzie\u017c Damska | Styl, Klasa, Kobieco\u015b\u0107\" \/>\n<meta property=\"og:description\" content=\"Zusammensetzung: 87% Polyester, 13% Elasthan &nbsp;\" \/>\n<meta property=\"og:url\" content=\"https:\/\/amare-atelier.pl\/de\/produkt\/body-control-set-schwarz\/\" \/>\n<meta property=\"og:site_name\" content=\"Amare Atelier \u2013 Modna Odzie\u017c Damska | Styl, Klasa, Kobieco\u015b\u0107\" \/>\n<meta property=\"article:publisher\" content=\"https:\/\/www.facebook.com\/profile.php?id=61577234792545\" \/>\n<meta property=\"article:modified_time\" content=\"2026-05-10T09:56:43+00:00\" \/>\n<meta property=\"og:image\" content=\"https:\/\/amare-atelier.pl\/wp-content\/uploads\/2026\/05\/IMG_9838.jpeg\" \/>\n\t<meta property=\"og:image:width\" content=\"1206\" \/>\n\t<meta property=\"og:image:height\" content=\"2047\" \/>\n\t<meta property=\"og:image:type\" content=\"image\/jpeg\" \/>\n<meta name=\"twitter:card\" content=\"summary_large_image\" \/>\n<meta name=\"twitter:label1\" content=\"Gesch\u00e4tzte Lesezeit\" \/>\n\t<meta name=\"twitter:data1\" content=\"1\u00a0Minute\" \/>\n<script type=\"application\/ld+json\" class=\"yoast-schema-graph\">{\"@context\":\"https:\\\/\\\/schema.org\",\"@graph\":[{\"@type\":\"WebPage\",\"@id\":\"https:\\\/\\\/amare-atelier.pl\\\/de\\\/produkt\\\/body-control-set-schwarz\\\/\",\"url\":\"https:\\\/\\\/amare-atelier.pl\\\/de\\\/produkt\\\/body-control-set-schwarz\\\/\",\"name\":\"Body Control Set - schwarz - Amare Atelier \u2013 Modna Odzie\u017c Damska | Styl, Klasa, Kobieco\u015b\u0107\",\"isPartOf\":{\"@id\":\"https:\\\/\\\/amare-atelier.pl\\\/de\\\/#website\"},\"primaryImageOfPage\":{\"@id\":\"https:\\\/\\\/amare-atelier.pl\\\/de\\\/produkt\\\/body-control-set-schwarz\\\/#primaryimage\"},\"image\":{\"@id\":\"https:\\\/\\\/amare-atelier.pl\\\/de\\\/produkt\\\/body-control-set-schwarz\\\/#primaryimage\"},\"thumbnailUrl\":\"https:\\\/\\\/amare-atelier.pl\\\/wp-content\\\/uploads\\\/2026\\\/05\\\/IMG_9838.jpeg\",\"datePublished\":\"2026-05-04T12:12:09+00:00\",\"dateModified\":\"2026-05-10T09:56:43+00:00\",\"breadcrumb\":{\"@id\":\"https:\\\/\\\/amare-atelier.pl\\\/de\\\/produkt\\\/body-control-set-schwarz\\\/#breadcrumb\"},\"inLanguage\":\"de\",\"potentialAction\":[{\"@type\":\"ReadAction\",\"target\":[\"https:\\\/\\\/amare-atelier.pl\\\/de\\\/produkt\\\/body-control-set-schwarz\\\/\"]}]},{\"@type\":\"ImageObject\",\"inLanguage\":\"de\",\"@id\":\"https:\\\/\\\/amare-atelier.pl\\\/de\\\/produkt\\\/body-control-set-schwarz\\\/#primaryimage\",\"url\":\"https:\\\/\\\/amare-atelier.pl\\\/wp-content\\\/uploads\\\/2026\\\/05\\\/IMG_9838.jpeg\",\"contentUrl\":\"https:\\\/\\\/amare-atelier.pl\\\/wp-content\\\/uploads\\\/2026\\\/05\\\/IMG_9838.jpeg\",\"width\":1206,\"height\":2047,\"caption\":\"Bildschirmfoto\"},{\"@type\":\"BreadcrumbList\",\"@id\":\"https:\\\/\\\/amare-atelier.pl\\\/de\\\/produkt\\\/body-control-set-schwarz\\\/#breadcrumb\",\"itemListElement\":[{\"@type\":\"ListItem\",\"position\":1,\"name\":\"Startseite\",\"item\":\"https:\\\/\\\/amare-atelier.pl\\\/de\\\/startseite\\\/\"},{\"@type\":\"ListItem\",\"position\":2,\"name\":\"Shop\",\"item\":\"https:\\\/\\\/amare-atelier.pl\\\/de\\\/shop\\\/\"},{\"@type\":\"ListItem\",\"position\":3,\"name\":\"Body Control Set &#8211; schwarz\"}]},{\"@type\":\"WebSite\",\"@id\":\"https:\\\/\\\/amare-atelier.pl\\\/de\\\/#website\",\"url\":\"https:\\\/\\\/amare-atelier.pl\\\/de\\\/\",\"name\":\"Amare Atelier \u2013 Modna Odzie\u017c Damska | Styl, Klasa, Kobieco\u015b\u0107\",\"description\":\"\",\"publisher\":{\"@id\":\"https:\\\/\\\/amare-atelier.pl\\\/de\\\/#organization\"},\"potentialAction\":[{\"@type\":\"SearchAction\",\"target\":{\"@type\":\"EntryPoint\",\"urlTemplate\":\"https:\\\/\\\/amare-atelier.pl\\\/de\\\/?s={search_term_string}\"},\"query-input\":{\"@type\":\"PropertyValueSpecification\",\"valueRequired\":true,\"valueName\":\"search_term_string\"}}],\"inLanguage\":\"de\"},{\"@type\":\"Organization\",\"@id\":\"https:\\\/\\\/amare-atelier.pl\\\/de\\\/#organization\",\"name\":\"Amare Atelier \u2013 Modna Odzie\u017c Damska | Styl, Klasa, Kobieco\u015b\u0107\",\"url\":\"https:\\\/\\\/amare-atelier.pl\\\/de\\\/\",\"logo\":{\"@type\":\"ImageObject\",\"inLanguage\":\"de\",\"@id\":\"https:\\\/\\\/amare-atelier.pl\\\/de\\\/#\\\/schema\\\/logo\\\/image\\\/\",\"url\":\"https:\\\/\\\/amare-atelier.pl\\\/wp-content\\\/uploads\\\/2025\\\/06\\\/amare-logo.svg\",\"contentUrl\":\"https:\\\/\\\/amare-atelier.pl\\\/wp-content\\\/uploads\\\/2025\\\/06\\\/amare-logo.svg\",\"width\":578,\"height\":238,\"caption\":\"Amare Atelier \u2013 Modna Odzie\u017c Damska | Styl, Klasa, Kobieco\u015b\u0107\"},\"image\":{\"@id\":\"https:\\\/\\\/amare-atelier.pl\\\/de\\\/#\\\/schema\\\/logo\\\/image\\\/\"},\"sameAs\":[\"https:\\\/\\\/www.facebook.com\\\/profile.php?id=61577234792545\",\"https:\\\/\\\/www.instagram.com\\\/amare___atelier\\\/\"]}]}<\/script>\n<!-- \/ Yoast SEO plugin. -->","yoast_head_json":{"title":"Body Control Set - schwarz - Amare Atelier \u2013 Modna Odzie\u017c Damska | Styl, Klasa, Kobieco\u015b\u0107","robots":{"index":"index","follow":"follow","max-snippet":"max-snippet:-1","max-image-preview":"max-image-preview:large","max-video-preview":"max-video-preview:-1"},"canonical":"https:\/\/amare-atelier.pl\/de\/produkt\/body-control-set-schwarz\/","og_locale":"de_DE","og_type":"article","og_title":"Body Control Set - schwarz - Amare Atelier \u2013 Modna Odzie\u017c Damska | Styl, Klasa, Kobieco\u015b\u0107","og_description":"Zusammensetzung: 87% Polyester, 13% Elasthan &nbsp;","og_url":"https:\/\/amare-atelier.pl\/de\/produkt\/body-control-set-schwarz\/","og_site_name":"Amare Atelier \u2013 Modna Odzie\u017c Damska | Styl, Klasa, Kobieco\u015b\u0107","article_publisher":"https:\/\/www.facebook.com\/profile.php?id=61577234792545","article_modified_time":"2026-05-10T09:56:43+00:00","og_image":[{"width":1206,"height":2047,"url":"https:\/\/amare-atelier.pl\/wp-content\/uploads\/2026\/05\/IMG_9838.jpeg","type":"image\/jpeg"}],"twitter_card":"summary_large_image","twitter_misc":{"Gesch\u00e4tzte Lesezeit":"1\u00a0Minute"},"schema":{"@context":"https:\/\/schema.org","@graph":[{"@type":"WebPage","@id":"https:\/\/amare-atelier.pl\/de\/produkt\/body-control-set-schwarz\/","url":"https:\/\/amare-atelier.pl\/de\/produkt\/body-control-set-schwarz\/","name":"Body Control Set - schwarz - Amare Atelier \u2013 Modna Odzie\u017c Damska | Styl, Klasa, Kobieco\u015b\u0107","isPartOf":{"@id":"https:\/\/amare-atelier.pl\/de\/#website"},"primaryImageOfPage":{"@id":"https:\/\/amare-atelier.pl\/de\/produkt\/body-control-set-schwarz\/#primaryimage"},"image":{"@id":"https:\/\/amare-atelier.pl\/de\/produkt\/body-control-set-schwarz\/#primaryimage"},"thumbnailUrl":"https:\/\/amare-atelier.pl\/wp-content\/uploads\/2026\/05\/IMG_9838.jpeg","datePublished":"2026-05-04T12:12:09+00:00","dateModified":"2026-05-10T09:56:43+00:00","breadcrumb":{"@id":"https:\/\/amare-atelier.pl\/de\/produkt\/body-control-set-schwarz\/#breadcrumb"},"inLanguage":"de","potentialAction":[{"@type":"ReadAction","target":["https:\/\/amare-atelier.pl\/de\/produkt\/body-control-set-schwarz\/"]}]},{"@type":"ImageObject","inLanguage":"de","@id":"https:\/\/amare-atelier.pl\/de\/produkt\/body-control-set-schwarz\/#primaryimage","url":"https:\/\/amare-atelier.pl\/wp-content\/uploads\/2026\/05\/IMG_9838.jpeg","contentUrl":"https:\/\/amare-atelier.pl\/wp-content\/uploads\/2026\/05\/IMG_9838.jpeg","width":1206,"height":2047,"caption":"Bildschirmfoto"},{"@type":"BreadcrumbList","@id":"https:\/\/amare-atelier.pl\/de\/produkt\/body-control-set-schwarz\/#breadcrumb","itemListElement":[{"@type":"ListItem","position":1,"name":"Startseite","item":"https:\/\/amare-atelier.pl\/de\/startseite\/"},{"@type":"ListItem","position":2,"name":"Shop","item":"https:\/\/amare-atelier.pl\/de\/shop\/"},{"@type":"ListItem","position":3,"name":"Body Control Set &#8211; schwarz"}]},{"@type":"WebSite","@id":"https:\/\/amare-atelier.pl\/de\/#website","url":"https:\/\/amare-atelier.pl\/de\/","name":"Amare Atelier \u2013 Modna Odzie\u017c Damska | Styl, Klasa, Kobieco\u015b\u0107","description":"","publisher":{"@id":"https:\/\/amare-atelier.pl\/de\/#organization"},"potentialAction":[{"@type":"SearchAction","target":{"@type":"EntryPoint","urlTemplate":"https:\/\/amare-atelier.pl\/de\/?s={search_term_string}"},"query-input":{"@type":"PropertyValueSpecification","valueRequired":true,"valueName":"search_term_string"}}],"inLanguage":"de"},{"@type":"Organization","@id":"https:\/\/amare-atelier.pl\/de\/#organization","name":"Amare Atelier \u2013 Modna Odzie\u017c Damska | Styl, Klasa, Kobieco\u015b\u0107","url":"https:\/\/amare-atelier.pl\/de\/","logo":{"@type":"ImageObject","inLanguage":"de","@id":"https:\/\/amare-atelier.pl\/de\/#\/schema\/logo\/image\/","url":"https:\/\/amare-atelier.pl\/wp-content\/uploads\/2025\/06\/amare-logo.svg","contentUrl":"https:\/\/amare-atelier.pl\/wp-content\/uploads\/2025\/06\/amare-logo.svg","width":578,"height":238,"caption":"Amare Atelier \u2013 Modna Odzie\u017c Damska | Styl, Klasa, Kobieco\u015b\u0107"},"image":{"@id":"https:\/\/amare-atelier.pl\/de\/#\/schema\/logo\/image\/"},"sameAs":["https:\/\/www.facebook.com\/profile.php?id=61577234792545","https:\/\/www.instagram.com\/amare___atelier\/"]}]}},"_links":{"self":[{"href":"https:\/\/amare-atelier.pl\/de\/wp-json\/wp\/v2\/product\/93522","targetHints":{"allow":["GET"]}}],"collection":[{"href":"https:\/\/amare-atelier.pl\/de\/wp-json\/wp\/v2\/product"}],"about":[{"href":"https:\/\/amare-atelier.pl\/de\/wp-json\/wp\/v2\/types\/product"}],"wp:featuredmedia":[{"embeddable":true,"href":"https:\/\/amare-atelier.pl\/de\/wp-json\/wp\/v2\/media\/93458"}],"wp:attachment":[{"href":"https:\/\/amare-atelier.pl\/de\/wp-json\/wp\/v2\/media?parent=93522"}],"wp:term":[{"taxonomy":"product_brand","embeddable":true,"href":"https:\/\/amare-atelier.pl\/de\/wp-json\/wp\/v2\/product_brand?post=93522"},{"taxonomy":"product_cat","embeddable":true,"href":"https:\/\/amare-atelier.pl\/de\/wp-json\/wp\/v2\/product_cat?post=93522"},{"taxonomy":"product_tag","embeddable":true,"href":"https:\/\/amare-atelier.pl\/de\/wp-json\/wp\/v2\/product_tag?post=93522"}],"curies":[{"name":"wp","href":"https:\/\/api.w.org\/{rel}","templated":true}]}}