{"id":88623,"date":"2026-04-09T16:17:30","date_gmt":"2026-04-09T14:17:30","guid":{"rendered":"https:\/\/amare-atelier.pl\/produkt\/schwarzes-muse-drapiertes-kleid\/"},"modified":"2026-04-09T16:17:30","modified_gmt":"2026-04-09T14:17:30","slug":"schwarzes-muse-drapiertes-kleid","status":"publish","type":"product","link":"https:\/\/amare-atelier.pl\/de\/produkt\/schwarzes-muse-drapiertes-kleid\/","title":{"rendered":"Schwarzes Muse drapiertes Kleid"},"content":{"rendered":"<p>Klassisches Schwarz in seiner sinnlichsten Form. Das Black Muse Kleid ist eine Kombination aus Minimalismus und ausdrucksstarker Form, die m\u00fchelos einen Aha-Effekt erzeugt. <\/p>\n<p>Der taillierte Schnitt betont die Silhouette, w\u00e4hrend die Falten und dekorativen Drapierungen an der Taille die Figur formen und feminine Proportionen verleihen. Lange \u00c4rmel, die in einer dezenten, ausgestellten Manschette enden, verleihen Leichtigkeit und Eleganz und sorgen f\u00fcr einen sch\u00f6nen Effekt bei der Bewegung. <\/p>\n<p>Der weiche, dehnbare Stoff passt sich perfekt an Ihren K\u00f6rper an und sorgt f\u00fcr Komfort und Selbstvertrauen. Dieses Modell eignet sich sowohl f\u00fcr Abendausfl\u00fcge als auch f\u00fcr besondere Anl\u00e4sse &#8211; wann immer Sie stilvoll und edel aussehen m\u00f6chten. <\/p>\n<p>Details:<\/p>\n<ul>\n<li>Taillierter Schnitt zur Betonung der Silhouette<\/li>\n<li>Auff\u00e4llige Drapierungen und Falten<\/li>\n<li>lange \u00c4rmel mit ausgestellter Manschette<\/li>\n<li>weicher, dehnbarer Stoff<\/li>\n<li>Mini L\u00e4nge<\/li>\n<\/ul>\n","protected":false},"excerpt":{"rendered":"<p>Klassisches Schwarz in seiner sinnlichsten Form. Das Black Muse Kleid ist eine Kombination aus Minimalismus und ausdrucksstarker Form, die m\u00fchelos einen Aha-Effekt erzeugt. Der taillierte Schnitt betont die Silhouette, w\u00e4hrend die Falten und dekorativen Drapierungen an der Taille die Figur formen und feminine Proportionen verleihen. Lange \u00c4rmel, die in einer dezenten, ausgestellten Manschette enden, verleihen [&hellip;]<\/p>\n","protected":false},"featured_media":88591,"template":"","meta":{"inline_featured_image":false},"product_brand":[],"product_cat":[245,251],"product_tag":[],"class_list":{"0":"post-88623","1":"product","2":"type-product","3":"status-publish","4":"has-post-thumbnail","6":"product_cat-kleider","7":"product_cat-neuheiten","10":"first","11":"instock","12":"shipping-taxable","13":"purchasable","14":"product-type-variable"},"yoast_head":"<!-- This site is optimized with the Yoast SEO plugin v26.3 - https:\/\/yoast.com\/wordpress\/plugins\/seo\/ -->\n<title>Schwarzes Muse drapiertes Kleid - Amare Atelier \u2013 Modna Odzie\u017c Damska | Styl, Klasa, Kobieco\u015b\u0107<\/title>\n<meta name=\"robots\" content=\"index, follow, max-snippet:-1, max-image-preview:large, max-video-preview:-1\" \/>\n<link rel=\"canonical\" href=\"https:\/\/amare-atelier.pl\/de\/produkt\/schwarzes-muse-drapiertes-kleid\/\" \/>\n<meta property=\"og:locale\" content=\"de_DE\" \/>\n<meta property=\"og:type\" content=\"article\" \/>\n<meta property=\"og:title\" content=\"Schwarzes Muse drapiertes Kleid - Amare Atelier \u2013 Modna Odzie\u017c Damska | Styl, Klasa, Kobieco\u015b\u0107\" \/>\n<meta property=\"og:description\" content=\"Klassisches Schwarz in seiner sinnlichsten Form. Das Black Muse Kleid ist eine Kombination aus Minimalismus und ausdrucksstarker Form, die m\u00fchelos einen Aha-Effekt erzeugt. Der taillierte Schnitt betont die Silhouette, w\u00e4hrend die Falten und dekorativen Drapierungen an der Taille die Figur formen und feminine Proportionen verleihen. Lange \u00c4rmel, die in einer dezenten, ausgestellten Manschette enden, verleihen [&hellip;]\" \/>\n<meta property=\"og:url\" content=\"https:\/\/amare-atelier.pl\/de\/produkt\/schwarzes-muse-drapiertes-kleid\/\" \/>\n<meta property=\"og:site_name\" content=\"Amare Atelier \u2013 Modna Odzie\u017c Damska | Styl, Klasa, Kobieco\u015b\u0107\" \/>\n<meta property=\"article:publisher\" content=\"https:\/\/www.facebook.com\/profile.php?id=61577234792545\" \/>\n<meta property=\"og:image\" content=\"https:\/\/amare-atelier.pl\/wp-content\/uploads\/2026\/04\/bd76c9d3-c3b6-48b6-8acd-69b25e408ca4-scaled.jpeg\" \/>\n\t<meta property=\"og:image:width\" content=\"1707\" \/>\n\t<meta property=\"og:image:height\" content=\"2560\" \/>\n\t<meta property=\"og:image:type\" content=\"image\/jpeg\" \/>\n<meta name=\"twitter:card\" content=\"summary_large_image\" \/>\n<meta name=\"twitter:label1\" content=\"Gesch\u00e4tzte Lesezeit\" \/>\n\t<meta name=\"twitter:data1\" content=\"1\u00a0Minute\" \/>\n<script type=\"application\/ld+json\" class=\"yoast-schema-graph\">{\"@context\":\"https:\/\/schema.org\",\"@graph\":[{\"@type\":\"WebPage\",\"@id\":\"https:\/\/amare-atelier.pl\/de\/produkt\/schwarzes-muse-drapiertes-kleid\/\",\"url\":\"https:\/\/amare-atelier.pl\/de\/produkt\/schwarzes-muse-drapiertes-kleid\/\",\"name\":\"Schwarzes Muse drapiertes Kleid - Amare Atelier \u2013 Modna Odzie\u017c Damska | Styl, Klasa, Kobieco\u015b\u0107\",\"isPartOf\":{\"@id\":\"https:\/\/amare-atelier.pl\/de\/#website\"},\"primaryImageOfPage\":{\"@id\":\"https:\/\/amare-atelier.pl\/de\/produkt\/schwarzes-muse-drapiertes-kleid\/#primaryimage\"},\"image\":{\"@id\":\"https:\/\/amare-atelier.pl\/de\/produkt\/schwarzes-muse-drapiertes-kleid\/#primaryimage\"},\"thumbnailUrl\":\"https:\/\/amare-atelier.pl\/wp-content\/uploads\/2026\/04\/bd76c9d3-c3b6-48b6-8acd-69b25e408ca4-scaled.jpeg\",\"datePublished\":\"2026-04-09T14:17:30+00:00\",\"breadcrumb\":{\"@id\":\"https:\/\/amare-atelier.pl\/de\/produkt\/schwarzes-muse-drapiertes-kleid\/#breadcrumb\"},\"inLanguage\":\"de\",\"potentialAction\":[{\"@type\":\"ReadAction\",\"target\":[\"https:\/\/amare-atelier.pl\/de\/produkt\/schwarzes-muse-drapiertes-kleid\/\"]}]},{\"@type\":\"ImageObject\",\"inLanguage\":\"de\",\"@id\":\"https:\/\/amare-atelier.pl\/de\/produkt\/schwarzes-muse-drapiertes-kleid\/#primaryimage\",\"url\":\"https:\/\/amare-atelier.pl\/wp-content\/uploads\/2026\/04\/bd76c9d3-c3b6-48b6-8acd-69b25e408ca4-scaled.jpeg\",\"contentUrl\":\"https:\/\/amare-atelier.pl\/wp-content\/uploads\/2026\/04\/bd76c9d3-c3b6-48b6-8acd-69b25e408ca4-scaled.jpeg\",\"width\":1707,\"height\":2560},{\"@type\":\"BreadcrumbList\",\"@id\":\"https:\/\/amare-atelier.pl\/de\/produkt\/schwarzes-muse-drapiertes-kleid\/#breadcrumb\",\"itemListElement\":[{\"@type\":\"ListItem\",\"position\":1,\"name\":\"Startseite\",\"item\":\"https:\/\/amare-atelier.pl\/de\/startseite\/\"},{\"@type\":\"ListItem\",\"position\":2,\"name\":\"Shop\",\"item\":\"https:\/\/amare-atelier.pl\/de\/shop\/\"},{\"@type\":\"ListItem\",\"position\":3,\"name\":\"Schwarzes Muse drapiertes Kleid\"}]},{\"@type\":\"WebSite\",\"@id\":\"https:\/\/amare-atelier.pl\/de\/#website\",\"url\":\"https:\/\/amare-atelier.pl\/de\/\",\"name\":\"Amare Atelier \u2013 Modna Odzie\u017c Damska | Styl, Klasa, Kobieco\u015b\u0107\",\"description\":\"\",\"publisher\":{\"@id\":\"https:\/\/amare-atelier.pl\/de\/#organization\"},\"potentialAction\":[{\"@type\":\"SearchAction\",\"target\":{\"@type\":\"EntryPoint\",\"urlTemplate\":\"https:\/\/amare-atelier.pl\/de\/?s={search_term_string}\"},\"query-input\":{\"@type\":\"PropertyValueSpecification\",\"valueRequired\":true,\"valueName\":\"search_term_string\"}}],\"inLanguage\":\"de\"},{\"@type\":\"Organization\",\"@id\":\"https:\/\/amare-atelier.pl\/de\/#organization\",\"name\":\"Amare Atelier \u2013 Modna Odzie\u017c Damska | Styl, Klasa, Kobieco\u015b\u0107\",\"url\":\"https:\/\/amare-atelier.pl\/de\/\",\"logo\":{\"@type\":\"ImageObject\",\"inLanguage\":\"de\",\"@id\":\"https:\/\/amare-atelier.pl\/de\/#\/schema\/logo\/image\/\",\"url\":\"https:\/\/amare-atelier.pl\/wp-content\/uploads\/2025\/06\/amare-logo.svg\",\"contentUrl\":\"https:\/\/amare-atelier.pl\/wp-content\/uploads\/2025\/06\/amare-logo.svg\",\"width\":578,\"height\":238,\"caption\":\"Amare Atelier \u2013 Modna Odzie\u017c Damska | Styl, Klasa, Kobieco\u015b\u0107\"},\"image\":{\"@id\":\"https:\/\/amare-atelier.pl\/de\/#\/schema\/logo\/image\/\"},\"sameAs\":[\"https:\/\/www.facebook.com\/profile.php?id=61577234792545\",\"https:\/\/www.instagram.com\/amare___atelier\/\"]}]}<\/script>\n<!-- \/ Yoast SEO plugin. -->","yoast_head_json":{"title":"Schwarzes Muse drapiertes Kleid - Amare Atelier \u2013 Modna Odzie\u017c Damska | Styl, Klasa, Kobieco\u015b\u0107","robots":{"index":"index","follow":"follow","max-snippet":"max-snippet:-1","max-image-preview":"max-image-preview:large","max-video-preview":"max-video-preview:-1"},"canonical":"https:\/\/amare-atelier.pl\/de\/produkt\/schwarzes-muse-drapiertes-kleid\/","og_locale":"de_DE","og_type":"article","og_title":"Schwarzes Muse drapiertes Kleid - Amare Atelier \u2013 Modna Odzie\u017c Damska | Styl, Klasa, Kobieco\u015b\u0107","og_description":"Klassisches Schwarz in seiner sinnlichsten Form. Das Black Muse Kleid ist eine Kombination aus Minimalismus und ausdrucksstarker Form, die m\u00fchelos einen Aha-Effekt erzeugt. Der taillierte Schnitt betont die Silhouette, w\u00e4hrend die Falten und dekorativen Drapierungen an der Taille die Figur formen und feminine Proportionen verleihen. Lange \u00c4rmel, die in einer dezenten, ausgestellten Manschette enden, verleihen [&hellip;]","og_url":"https:\/\/amare-atelier.pl\/de\/produkt\/schwarzes-muse-drapiertes-kleid\/","og_site_name":"Amare Atelier \u2013 Modna Odzie\u017c Damska | Styl, Klasa, Kobieco\u015b\u0107","article_publisher":"https:\/\/www.facebook.com\/profile.php?id=61577234792545","og_image":[{"width":1707,"height":2560,"url":"https:\/\/amare-atelier.pl\/wp-content\/uploads\/2026\/04\/bd76c9d3-c3b6-48b6-8acd-69b25e408ca4-scaled.jpeg","type":"image\/jpeg"}],"twitter_card":"summary_large_image","twitter_misc":{"Gesch\u00e4tzte Lesezeit":"1\u00a0Minute"},"schema":{"@context":"https:\/\/schema.org","@graph":[{"@type":"WebPage","@id":"https:\/\/amare-atelier.pl\/de\/produkt\/schwarzes-muse-drapiertes-kleid\/","url":"https:\/\/amare-atelier.pl\/de\/produkt\/schwarzes-muse-drapiertes-kleid\/","name":"Schwarzes Muse drapiertes Kleid - Amare Atelier \u2013 Modna Odzie\u017c Damska | Styl, Klasa, Kobieco\u015b\u0107","isPartOf":{"@id":"https:\/\/amare-atelier.pl\/de\/#website"},"primaryImageOfPage":{"@id":"https:\/\/amare-atelier.pl\/de\/produkt\/schwarzes-muse-drapiertes-kleid\/#primaryimage"},"image":{"@id":"https:\/\/amare-atelier.pl\/de\/produkt\/schwarzes-muse-drapiertes-kleid\/#primaryimage"},"thumbnailUrl":"https:\/\/amare-atelier.pl\/wp-content\/uploads\/2026\/04\/bd76c9d3-c3b6-48b6-8acd-69b25e408ca4-scaled.jpeg","datePublished":"2026-04-09T14:17:30+00:00","breadcrumb":{"@id":"https:\/\/amare-atelier.pl\/de\/produkt\/schwarzes-muse-drapiertes-kleid\/#breadcrumb"},"inLanguage":"de","potentialAction":[{"@type":"ReadAction","target":["https:\/\/amare-atelier.pl\/de\/produkt\/schwarzes-muse-drapiertes-kleid\/"]}]},{"@type":"ImageObject","inLanguage":"de","@id":"https:\/\/amare-atelier.pl\/de\/produkt\/schwarzes-muse-drapiertes-kleid\/#primaryimage","url":"https:\/\/amare-atelier.pl\/wp-content\/uploads\/2026\/04\/bd76c9d3-c3b6-48b6-8acd-69b25e408ca4-scaled.jpeg","contentUrl":"https:\/\/amare-atelier.pl\/wp-content\/uploads\/2026\/04\/bd76c9d3-c3b6-48b6-8acd-69b25e408ca4-scaled.jpeg","width":1707,"height":2560},{"@type":"BreadcrumbList","@id":"https:\/\/amare-atelier.pl\/de\/produkt\/schwarzes-muse-drapiertes-kleid\/#breadcrumb","itemListElement":[{"@type":"ListItem","position":1,"name":"Startseite","item":"https:\/\/amare-atelier.pl\/de\/startseite\/"},{"@type":"ListItem","position":2,"name":"Shop","item":"https:\/\/amare-atelier.pl\/de\/shop\/"},{"@type":"ListItem","position":3,"name":"Schwarzes Muse drapiertes Kleid"}]},{"@type":"WebSite","@id":"https:\/\/amare-atelier.pl\/de\/#website","url":"https:\/\/amare-atelier.pl\/de\/","name":"Amare Atelier \u2013 Modna Odzie\u017c Damska | Styl, Klasa, Kobieco\u015b\u0107","description":"","publisher":{"@id":"https:\/\/amare-atelier.pl\/de\/#organization"},"potentialAction":[{"@type":"SearchAction","target":{"@type":"EntryPoint","urlTemplate":"https:\/\/amare-atelier.pl\/de\/?s={search_term_string}"},"query-input":{"@type":"PropertyValueSpecification","valueRequired":true,"valueName":"search_term_string"}}],"inLanguage":"de"},{"@type":"Organization","@id":"https:\/\/amare-atelier.pl\/de\/#organization","name":"Amare Atelier \u2013 Modna Odzie\u017c Damska | Styl, Klasa, Kobieco\u015b\u0107","url":"https:\/\/amare-atelier.pl\/de\/","logo":{"@type":"ImageObject","inLanguage":"de","@id":"https:\/\/amare-atelier.pl\/de\/#\/schema\/logo\/image\/","url":"https:\/\/amare-atelier.pl\/wp-content\/uploads\/2025\/06\/amare-logo.svg","contentUrl":"https:\/\/amare-atelier.pl\/wp-content\/uploads\/2025\/06\/amare-logo.svg","width":578,"height":238,"caption":"Amare Atelier \u2013 Modna Odzie\u017c Damska | Styl, Klasa, Kobieco\u015b\u0107"},"image":{"@id":"https:\/\/amare-atelier.pl\/de\/#\/schema\/logo\/image\/"},"sameAs":["https:\/\/www.facebook.com\/profile.php?id=61577234792545","https:\/\/www.instagram.com\/amare___atelier\/"]}]}},"_links":{"self":[{"href":"https:\/\/amare-atelier.pl\/de\/wp-json\/wp\/v2\/product\/88623","targetHints":{"allow":["GET"]}}],"collection":[{"href":"https:\/\/amare-atelier.pl\/de\/wp-json\/wp\/v2\/product"}],"about":[{"href":"https:\/\/amare-atelier.pl\/de\/wp-json\/wp\/v2\/types\/product"}],"wp:featuredmedia":[{"embeddable":true,"href":"https:\/\/amare-atelier.pl\/de\/wp-json\/wp\/v2\/media\/88591"}],"wp:attachment":[{"href":"https:\/\/amare-atelier.pl\/de\/wp-json\/wp\/v2\/media?parent=88623"}],"wp:term":[{"taxonomy":"product_brand","embeddable":true,"href":"https:\/\/amare-atelier.pl\/de\/wp-json\/wp\/v2\/product_brand?post=88623"},{"taxonomy":"product_cat","embeddable":true,"href":"https:\/\/amare-atelier.pl\/de\/wp-json\/wp\/v2\/product_cat?post=88623"},{"taxonomy":"product_tag","embeddable":true,"href":"https:\/\/amare-atelier.pl\/de\/wp-json\/wp\/v2\/product_tag?post=88623"}],"curies":[{"name":"wp","href":"https:\/\/api.w.org\/{rel}","templated":true}]}}