{"id":88560,"date":"2026-04-09T16:13:07","date_gmt":"2026-04-09T14:13:07","guid":{"rendered":"https:\/\/amare-atelier.pl\/produkt\/drapiertes-kleid-von-chocolate-muse\/"},"modified":"2026-04-09T16:13:07","modified_gmt":"2026-04-09T14:13:07","slug":"drapiertes-kleid-von-chocolate-muse","status":"publish","type":"product","link":"https:\/\/amare-atelier.pl\/de\/produkt\/drapiertes-kleid-von-chocolate-muse\/","title":{"rendered":"Drapiertes Kleid von Chocolate Muse"},"content":{"rendered":"<p>Sinnlich und raffiniert bis ins kleinste Detail, ist das Chocolate Muse Kleid der Inbegriff femininer Eleganz in einer modernen Ausgabe. Der taillierte Schnitt betont dezent die Silhouette, w\u00e4hrend die Falten und dekorativen Drapierungen an der Taille die Figur formen und ihr Charakter verleihen. <\/p>\n<p>Lange \u00c4rmel mit einer zarten, ausgestellten Manschette sorgen f\u00fcr Leichtigkeit und einen einzigartigen Effekt in der Bewegung. Der weich flie\u00dfende Stoff betont die Figur, und der tiefe Schokoladenton passt perfekt zu den goldenen Accessoires. <\/p>\n<p>Ideal f\u00fcr Abendausfl\u00fcge, besondere Anl\u00e4sse und Momente, in denen Sie die Blicke auf sich ziehen m\u00f6chten.<\/p>\n<p>Details:<\/p>\n<ul>\n<li>Taillierter Schnitt zur Betonung der Silhouette<\/li>\n<li>Auff\u00e4llige Drapierungen und Falten<\/li>\n<li>lange \u00c4rmel mit ausgestellter Manschette<\/li>\n<li>weicher, dehnbarer Stoff<\/li>\n<li>Mini L\u00e4nge<\/li>\n<\/ul>\n","protected":false},"excerpt":{"rendered":"<p>Sinnlich und raffiniert bis ins kleinste Detail, ist das Chocolate Muse Kleid der Inbegriff femininer Eleganz in einer modernen Ausgabe. Der taillierte Schnitt betont dezent die Silhouette, w\u00e4hrend die Falten und dekorativen Drapierungen an der Taille die Figur formen und ihr Charakter verleihen. Lange \u00c4rmel mit einer zarten, ausgestellten Manschette sorgen f\u00fcr Leichtigkeit und einen [&hellip;]<\/p>\n","protected":false},"featured_media":88532,"template":"","meta":{"inline_featured_image":false},"product_brand":[],"product_cat":[245,251],"product_tag":[],"class_list":{"0":"post-88560","1":"product","2":"type-product","3":"status-publish","4":"has-post-thumbnail","6":"product_cat-kleider","7":"product_cat-neuheiten","10":"first","11":"instock","12":"shipping-taxable","13":"purchasable","14":"product-type-variable"},"yoast_head":"<!-- This site is optimized with the Yoast SEO plugin v26.3 - https:\/\/yoast.com\/wordpress\/plugins\/seo\/ -->\n<title>Drapiertes Kleid von Chocolate Muse - Amare Atelier \u2013 Modna Odzie\u017c Damska | Styl, Klasa, Kobieco\u015b\u0107<\/title>\n<meta name=\"robots\" content=\"index, follow, max-snippet:-1, max-image-preview:large, max-video-preview:-1\" \/>\n<link rel=\"canonical\" href=\"https:\/\/amare-atelier.pl\/de\/produkt\/drapiertes-kleid-von-chocolate-muse\/\" \/>\n<meta property=\"og:locale\" content=\"de_DE\" \/>\n<meta property=\"og:type\" content=\"article\" \/>\n<meta property=\"og:title\" content=\"Drapiertes Kleid von Chocolate Muse - Amare Atelier \u2013 Modna Odzie\u017c Damska | Styl, Klasa, Kobieco\u015b\u0107\" \/>\n<meta property=\"og:description\" content=\"Sinnlich und raffiniert bis ins kleinste Detail, ist das Chocolate Muse Kleid der Inbegriff femininer Eleganz in einer modernen Ausgabe. Der taillierte Schnitt betont dezent die Silhouette, w\u00e4hrend die Falten und dekorativen Drapierungen an der Taille die Figur formen und ihr Charakter verleihen. Lange \u00c4rmel mit einer zarten, ausgestellten Manschette sorgen f\u00fcr Leichtigkeit und einen [&hellip;]\" \/>\n<meta property=\"og:url\" content=\"https:\/\/amare-atelier.pl\/de\/produkt\/drapiertes-kleid-von-chocolate-muse\/\" \/>\n<meta property=\"og:site_name\" content=\"Amare Atelier \u2013 Modna Odzie\u017c Damska | Styl, Klasa, Kobieco\u015b\u0107\" \/>\n<meta property=\"article:publisher\" content=\"https:\/\/www.facebook.com\/profile.php?id=61577234792545\" \/>\n<meta property=\"og:image\" content=\"https:\/\/amare-atelier.pl\/wp-content\/uploads\/2026\/04\/0dae2c16-c952-4759-b6b8-ec716662bde2-scaled.jpeg\" \/>\n\t<meta property=\"og:image:width\" content=\"1707\" \/>\n\t<meta property=\"og:image:height\" content=\"2560\" \/>\n\t<meta property=\"og:image:type\" content=\"image\/jpeg\" \/>\n<meta name=\"twitter:card\" content=\"summary_large_image\" \/>\n<meta name=\"twitter:label1\" content=\"Gesch\u00e4tzte Lesezeit\" \/>\n\t<meta name=\"twitter:data1\" content=\"1\u00a0Minute\" \/>\n<script type=\"application\/ld+json\" class=\"yoast-schema-graph\">{\"@context\":\"https:\/\/schema.org\",\"@graph\":[{\"@type\":\"WebPage\",\"@id\":\"https:\/\/amare-atelier.pl\/de\/produkt\/drapiertes-kleid-von-chocolate-muse\/\",\"url\":\"https:\/\/amare-atelier.pl\/de\/produkt\/drapiertes-kleid-von-chocolate-muse\/\",\"name\":\"Drapiertes Kleid von Chocolate Muse - Amare Atelier \u2013 Modna Odzie\u017c Damska | Styl, Klasa, Kobieco\u015b\u0107\",\"isPartOf\":{\"@id\":\"https:\/\/amare-atelier.pl\/de\/#website\"},\"primaryImageOfPage\":{\"@id\":\"https:\/\/amare-atelier.pl\/de\/produkt\/drapiertes-kleid-von-chocolate-muse\/#primaryimage\"},\"image\":{\"@id\":\"https:\/\/amare-atelier.pl\/de\/produkt\/drapiertes-kleid-von-chocolate-muse\/#primaryimage\"},\"thumbnailUrl\":\"https:\/\/amare-atelier.pl\/wp-content\/uploads\/2026\/04\/0dae2c16-c952-4759-b6b8-ec716662bde2-scaled.jpeg\",\"datePublished\":\"2026-04-09T14:13:07+00:00\",\"breadcrumb\":{\"@id\":\"https:\/\/amare-atelier.pl\/de\/produkt\/drapiertes-kleid-von-chocolate-muse\/#breadcrumb\"},\"inLanguage\":\"de\",\"potentialAction\":[{\"@type\":\"ReadAction\",\"target\":[\"https:\/\/amare-atelier.pl\/de\/produkt\/drapiertes-kleid-von-chocolate-muse\/\"]}]},{\"@type\":\"ImageObject\",\"inLanguage\":\"de\",\"@id\":\"https:\/\/amare-atelier.pl\/de\/produkt\/drapiertes-kleid-von-chocolate-muse\/#primaryimage\",\"url\":\"https:\/\/amare-atelier.pl\/wp-content\/uploads\/2026\/04\/0dae2c16-c952-4759-b6b8-ec716662bde2-scaled.jpeg\",\"contentUrl\":\"https:\/\/amare-atelier.pl\/wp-content\/uploads\/2026\/04\/0dae2c16-c952-4759-b6b8-ec716662bde2-scaled.jpeg\",\"width\":1707,\"height\":2560},{\"@type\":\"BreadcrumbList\",\"@id\":\"https:\/\/amare-atelier.pl\/de\/produkt\/drapiertes-kleid-von-chocolate-muse\/#breadcrumb\",\"itemListElement\":[{\"@type\":\"ListItem\",\"position\":1,\"name\":\"Startseite\",\"item\":\"https:\/\/amare-atelier.pl\/de\/startseite\/\"},{\"@type\":\"ListItem\",\"position\":2,\"name\":\"Shop\",\"item\":\"https:\/\/amare-atelier.pl\/de\/shop\/\"},{\"@type\":\"ListItem\",\"position\":3,\"name\":\"Drapiertes Kleid von Chocolate Muse\"}]},{\"@type\":\"WebSite\",\"@id\":\"https:\/\/amare-atelier.pl\/de\/#website\",\"url\":\"https:\/\/amare-atelier.pl\/de\/\",\"name\":\"Amare Atelier \u2013 Modna Odzie\u017c Damska | Styl, Klasa, Kobieco\u015b\u0107\",\"description\":\"\",\"publisher\":{\"@id\":\"https:\/\/amare-atelier.pl\/de\/#organization\"},\"potentialAction\":[{\"@type\":\"SearchAction\",\"target\":{\"@type\":\"EntryPoint\",\"urlTemplate\":\"https:\/\/amare-atelier.pl\/de\/?s={search_term_string}\"},\"query-input\":{\"@type\":\"PropertyValueSpecification\",\"valueRequired\":true,\"valueName\":\"search_term_string\"}}],\"inLanguage\":\"de\"},{\"@type\":\"Organization\",\"@id\":\"https:\/\/amare-atelier.pl\/de\/#organization\",\"name\":\"Amare Atelier \u2013 Modna Odzie\u017c Damska | Styl, Klasa, Kobieco\u015b\u0107\",\"url\":\"https:\/\/amare-atelier.pl\/de\/\",\"logo\":{\"@type\":\"ImageObject\",\"inLanguage\":\"de\",\"@id\":\"https:\/\/amare-atelier.pl\/de\/#\/schema\/logo\/image\/\",\"url\":\"https:\/\/amare-atelier.pl\/wp-content\/uploads\/2025\/06\/amare-logo.svg\",\"contentUrl\":\"https:\/\/amare-atelier.pl\/wp-content\/uploads\/2025\/06\/amare-logo.svg\",\"width\":578,\"height\":238,\"caption\":\"Amare Atelier \u2013 Modna Odzie\u017c Damska | Styl, Klasa, Kobieco\u015b\u0107\"},\"image\":{\"@id\":\"https:\/\/amare-atelier.pl\/de\/#\/schema\/logo\/image\/\"},\"sameAs\":[\"https:\/\/www.facebook.com\/profile.php?id=61577234792545\",\"https:\/\/www.instagram.com\/amare___atelier\/\"]}]}<\/script>\n<!-- \/ Yoast SEO plugin. -->","yoast_head_json":{"title":"Drapiertes Kleid von Chocolate Muse - Amare Atelier \u2013 Modna Odzie\u017c Damska | Styl, Klasa, Kobieco\u015b\u0107","robots":{"index":"index","follow":"follow","max-snippet":"max-snippet:-1","max-image-preview":"max-image-preview:large","max-video-preview":"max-video-preview:-1"},"canonical":"https:\/\/amare-atelier.pl\/de\/produkt\/drapiertes-kleid-von-chocolate-muse\/","og_locale":"de_DE","og_type":"article","og_title":"Drapiertes Kleid von Chocolate Muse - Amare Atelier \u2013 Modna Odzie\u017c Damska | Styl, Klasa, Kobieco\u015b\u0107","og_description":"Sinnlich und raffiniert bis ins kleinste Detail, ist das Chocolate Muse Kleid der Inbegriff femininer Eleganz in einer modernen Ausgabe. Der taillierte Schnitt betont dezent die Silhouette, w\u00e4hrend die Falten und dekorativen Drapierungen an der Taille die Figur formen und ihr Charakter verleihen. Lange \u00c4rmel mit einer zarten, ausgestellten Manschette sorgen f\u00fcr Leichtigkeit und einen [&hellip;]","og_url":"https:\/\/amare-atelier.pl\/de\/produkt\/drapiertes-kleid-von-chocolate-muse\/","og_site_name":"Amare Atelier \u2013 Modna Odzie\u017c Damska | Styl, Klasa, Kobieco\u015b\u0107","article_publisher":"https:\/\/www.facebook.com\/profile.php?id=61577234792545","og_image":[{"width":1707,"height":2560,"url":"https:\/\/amare-atelier.pl\/wp-content\/uploads\/2026\/04\/0dae2c16-c952-4759-b6b8-ec716662bde2-scaled.jpeg","type":"image\/jpeg"}],"twitter_card":"summary_large_image","twitter_misc":{"Gesch\u00e4tzte Lesezeit":"1\u00a0Minute"},"schema":{"@context":"https:\/\/schema.org","@graph":[{"@type":"WebPage","@id":"https:\/\/amare-atelier.pl\/de\/produkt\/drapiertes-kleid-von-chocolate-muse\/","url":"https:\/\/amare-atelier.pl\/de\/produkt\/drapiertes-kleid-von-chocolate-muse\/","name":"Drapiertes Kleid von Chocolate Muse - Amare Atelier \u2013 Modna Odzie\u017c Damska | Styl, Klasa, Kobieco\u015b\u0107","isPartOf":{"@id":"https:\/\/amare-atelier.pl\/de\/#website"},"primaryImageOfPage":{"@id":"https:\/\/amare-atelier.pl\/de\/produkt\/drapiertes-kleid-von-chocolate-muse\/#primaryimage"},"image":{"@id":"https:\/\/amare-atelier.pl\/de\/produkt\/drapiertes-kleid-von-chocolate-muse\/#primaryimage"},"thumbnailUrl":"https:\/\/amare-atelier.pl\/wp-content\/uploads\/2026\/04\/0dae2c16-c952-4759-b6b8-ec716662bde2-scaled.jpeg","datePublished":"2026-04-09T14:13:07+00:00","breadcrumb":{"@id":"https:\/\/amare-atelier.pl\/de\/produkt\/drapiertes-kleid-von-chocolate-muse\/#breadcrumb"},"inLanguage":"de","potentialAction":[{"@type":"ReadAction","target":["https:\/\/amare-atelier.pl\/de\/produkt\/drapiertes-kleid-von-chocolate-muse\/"]}]},{"@type":"ImageObject","inLanguage":"de","@id":"https:\/\/amare-atelier.pl\/de\/produkt\/drapiertes-kleid-von-chocolate-muse\/#primaryimage","url":"https:\/\/amare-atelier.pl\/wp-content\/uploads\/2026\/04\/0dae2c16-c952-4759-b6b8-ec716662bde2-scaled.jpeg","contentUrl":"https:\/\/amare-atelier.pl\/wp-content\/uploads\/2026\/04\/0dae2c16-c952-4759-b6b8-ec716662bde2-scaled.jpeg","width":1707,"height":2560},{"@type":"BreadcrumbList","@id":"https:\/\/amare-atelier.pl\/de\/produkt\/drapiertes-kleid-von-chocolate-muse\/#breadcrumb","itemListElement":[{"@type":"ListItem","position":1,"name":"Startseite","item":"https:\/\/amare-atelier.pl\/de\/startseite\/"},{"@type":"ListItem","position":2,"name":"Shop","item":"https:\/\/amare-atelier.pl\/de\/shop\/"},{"@type":"ListItem","position":3,"name":"Drapiertes Kleid von Chocolate Muse"}]},{"@type":"WebSite","@id":"https:\/\/amare-atelier.pl\/de\/#website","url":"https:\/\/amare-atelier.pl\/de\/","name":"Amare Atelier \u2013 Modna Odzie\u017c Damska | Styl, Klasa, Kobieco\u015b\u0107","description":"","publisher":{"@id":"https:\/\/amare-atelier.pl\/de\/#organization"},"potentialAction":[{"@type":"SearchAction","target":{"@type":"EntryPoint","urlTemplate":"https:\/\/amare-atelier.pl\/de\/?s={search_term_string}"},"query-input":{"@type":"PropertyValueSpecification","valueRequired":true,"valueName":"search_term_string"}}],"inLanguage":"de"},{"@type":"Organization","@id":"https:\/\/amare-atelier.pl\/de\/#organization","name":"Amare Atelier \u2013 Modna Odzie\u017c Damska | Styl, Klasa, Kobieco\u015b\u0107","url":"https:\/\/amare-atelier.pl\/de\/","logo":{"@type":"ImageObject","inLanguage":"de","@id":"https:\/\/amare-atelier.pl\/de\/#\/schema\/logo\/image\/","url":"https:\/\/amare-atelier.pl\/wp-content\/uploads\/2025\/06\/amare-logo.svg","contentUrl":"https:\/\/amare-atelier.pl\/wp-content\/uploads\/2025\/06\/amare-logo.svg","width":578,"height":238,"caption":"Amare Atelier \u2013 Modna Odzie\u017c Damska | Styl, Klasa, Kobieco\u015b\u0107"},"image":{"@id":"https:\/\/amare-atelier.pl\/de\/#\/schema\/logo\/image\/"},"sameAs":["https:\/\/www.facebook.com\/profile.php?id=61577234792545","https:\/\/www.instagram.com\/amare___atelier\/"]}]}},"_links":{"self":[{"href":"https:\/\/amare-atelier.pl\/de\/wp-json\/wp\/v2\/product\/88560","targetHints":{"allow":["GET"]}}],"collection":[{"href":"https:\/\/amare-atelier.pl\/de\/wp-json\/wp\/v2\/product"}],"about":[{"href":"https:\/\/amare-atelier.pl\/de\/wp-json\/wp\/v2\/types\/product"}],"wp:featuredmedia":[{"embeddable":true,"href":"https:\/\/amare-atelier.pl\/de\/wp-json\/wp\/v2\/media\/88532"}],"wp:attachment":[{"href":"https:\/\/amare-atelier.pl\/de\/wp-json\/wp\/v2\/media?parent=88560"}],"wp:term":[{"taxonomy":"product_brand","embeddable":true,"href":"https:\/\/amare-atelier.pl\/de\/wp-json\/wp\/v2\/product_brand?post=88560"},{"taxonomy":"product_cat","embeddable":true,"href":"https:\/\/amare-atelier.pl\/de\/wp-json\/wp\/v2\/product_cat?post=88560"},{"taxonomy":"product_tag","embeddable":true,"href":"https:\/\/amare-atelier.pl\/de\/wp-json\/wp\/v2\/product_tag?post=88560"}],"curies":[{"name":"wp","href":"https:\/\/api.w.org\/{rel}","templated":true}]}}