{"id":87502,"date":"2026-04-07T14:57:55","date_gmt":"2026-04-07T12:57:55","guid":{"rendered":"https:\/\/amare-atelier.pl\/produkt\/amare-mini-boss-hemd-rosa-gestreift\/"},"modified":"2026-04-07T14:57:55","modified_gmt":"2026-04-07T12:57:55","slug":"amare-mini-boss-hemd-rosa-gestreift","status":"publish","type":"product","link":"https:\/\/amare-atelier.pl\/de\/produkt\/amare-mini-boss-hemd-rosa-gestreift\/","title":{"rendered":"AMAR\u00c8 Mini Boss Hemd &#8211; Rosa gestreift"},"content":{"rendered":"<p>Ein klassisches Hemd, mit dem Sie die volle Kontrolle \u00fcber Ihren Stil haben. Das Mini Boss Hemd ist ein zeitloses, rosa gestreiftes St\u00fcck, das Sie auf vielf\u00e4ltige Weise tragen k\u00f6nnen &#8211; von einem eleganten, &#8216;cleanen&#8217; Look bis hin zu einer gewagten, von einem Korsett inspirierten Version. <\/p>\n<p>Bei dem Styling auf dem Foto wurde das Hemd hochgekrempelt, wodurch der Effekt eines kurzen Oberteils und einer betonten Taille entsteht. Es ist dieses Detail, das aus einem Klassiker einen auff\u00e4lligen, modischen Show-Look macht. <\/p>\n<p>Ein Modell &#8211; viele M\u00f6glichkeiten. Vom B\u00fcro bis zum Ausgehen. <\/p>\n<p>KONSTRUKTION UND DETAIL<\/p>\n<ul>\n<li>klassischer, leicht taillierter Schnitt<\/li>\n<li>volle L\u00e4nge &#8211; kann gestylt werden (auch als Crop)<\/li>\n<li>Knopfverschluss<\/li>\n<li>Steifkragen<\/li>\n<li>Verl\u00e4ngerte Manschetten f\u00fcr zus\u00e4tzliche Eleganz<\/li>\n<li>Vertikale Streifen f\u00fcr eine optisch schlankere Silhouette<\/li>\n<li>Zart definierte Schulterlinie<\/li>\n<\/ul>\n<p>MATERIAL<\/p>\n<p>80% Baumwolle, 20% Viskose<\/p>\n<ul>\n<li>atmungsaktiv und angenehm f\u00fcr die Haut<\/li>\n<li>weich, leicht flie\u00dfend &#8211; nicht steif<\/li>\n<li>Passt wunderbar zur Silhouette<\/li>\n<li>ideal f\u00fcr allt\u00e4gliche und elegantere Outfits<\/li>\n<\/ul>\n<p>Kombiniert Nat\u00fcrlichkeit mit einem subtilen, luxuri\u00f6sen Finish.<\/p>\n<p>WARUM SIE SIE LIEBEN WERDEN<\/p>\n<ul>\n<li>Sie k\u00f6nnen es auf viele Arten stylen<\/li>\n<li>betont die Taille (besonders in der aufgerollten Version)<\/li>\n<li>Passt zu allem, von Jeans bis zu eleganten Hosen<\/li>\n<li>erzeugt einen &#8220;m\u00fchelosen, aber raffinierten&#8221; Effekt<\/li>\n<li>macht den ganzen Look ohne unn\u00f6tige Zus\u00e4tze<\/li>\n<\/ul>\n<p>WIE MAN ES TR\u00c4GT?<\/p>\n<p>&#8211; Klassisch: in eine Hose oder einen Rock gesteckt &#8211; sauber, elegant<\/p>\n<p>&#8211; Crop-Look: unter der B\u00fcste gefaltet &#8211; WOW-Effekt und betonte Silhouette<\/p>\n<p>&#8211; L\u00e4ssig: aufgekn\u00f6pft als Bettdecke + Oberteil<\/p>\n<p>&#8211; Fashion Vibe: leicht aufgekn\u00f6pft, mit den \u00c4rmeln nach unten<\/p>\n","protected":false},"excerpt":{"rendered":"<p>Material: 80% Baumwolle, 20% Viskose<\/p>\n<p class=\"p1\"><span class=\"s1\">Sie sind sich nicht sicher, was die Gr\u00f6\u00dfe angeht? Schreiben Sie uns auf Instagram amare___atelier von 09:00-16:00, wir k\u00f6nnen Ihnen in 5 Minuten helfen! <\/span><\/p>\n","protected":false},"featured_media":87459,"template":"","meta":{"inline_featured_image":false},"product_brand":[],"product_cat":[311,251],"product_tag":[],"class_list":{"0":"post-87502","1":"product","2":"type-product","3":"status-publish","4":"has-post-thumbnail","6":"product_cat-hemden","7":"product_cat-neuheiten","10":"first","11":"instock","12":"shipping-taxable","13":"purchasable","14":"product-type-variable"},"yoast_head":"<!-- This site is optimized with the Yoast SEO plugin v26.3 - https:\/\/yoast.com\/wordpress\/plugins\/seo\/ -->\n<title>AMAR\u00c8 Mini Boss Hemd - Rosa gestreift - Amare Atelier \u2013 Modna Odzie\u017c Damska | Styl, Klasa, Kobieco\u015b\u0107<\/title>\n<meta name=\"robots\" content=\"index, follow, max-snippet:-1, max-image-preview:large, max-video-preview:-1\" \/>\n<link rel=\"canonical\" href=\"https:\/\/amare-atelier.pl\/de\/produkt\/amare-mini-boss-hemd-rosa-gestreift\/\" \/>\n<meta property=\"og:locale\" content=\"de_DE\" \/>\n<meta property=\"og:type\" content=\"article\" \/>\n<meta property=\"og:title\" content=\"AMAR\u00c8 Mini Boss Hemd - Rosa gestreift - Amare Atelier \u2013 Modna Odzie\u017c Damska | Styl, Klasa, Kobieco\u015b\u0107\" \/>\n<meta property=\"og:description\" content=\"Material: 80% Baumwolle, 20% Viskose Sie sind sich nicht sicher, was die Gr\u00f6\u00dfe angeht? Schreiben Sie uns auf Instagram amare___atelier von 09:00-16:00, wir k\u00f6nnen Ihnen in 5 Minuten helfen!\" \/>\n<meta property=\"og:url\" content=\"https:\/\/amare-atelier.pl\/de\/produkt\/amare-mini-boss-hemd-rosa-gestreift\/\" \/>\n<meta property=\"og:site_name\" content=\"Amare Atelier \u2013 Modna Odzie\u017c Damska | Styl, Klasa, Kobieco\u015b\u0107\" \/>\n<meta property=\"article:publisher\" content=\"https:\/\/www.facebook.com\/profile.php?id=61577234792545\" \/>\n<meta property=\"og:image\" content=\"https:\/\/amare-atelier.pl\/wp-content\/uploads\/2026\/04\/IMG_8125.jpeg\" \/>\n\t<meta property=\"og:image:width\" content=\"1320\" \/>\n\t<meta property=\"og:image:height\" content=\"2290\" \/>\n\t<meta property=\"og:image:type\" content=\"image\/jpeg\" \/>\n<meta name=\"twitter:card\" content=\"summary_large_image\" \/>\n<meta name=\"twitter:label1\" content=\"Gesch\u00e4tzte Lesezeit\" \/>\n\t<meta name=\"twitter:data1\" content=\"1\u00a0Minute\" \/>\n<script type=\"application\/ld+json\" class=\"yoast-schema-graph\">{\"@context\":\"https:\/\/schema.org\",\"@graph\":[{\"@type\":\"WebPage\",\"@id\":\"https:\/\/amare-atelier.pl\/de\/produkt\/amare-mini-boss-hemd-rosa-gestreift\/\",\"url\":\"https:\/\/amare-atelier.pl\/de\/produkt\/amare-mini-boss-hemd-rosa-gestreift\/\",\"name\":\"AMAR\u00c8 Mini Boss Hemd - Rosa gestreift - Amare Atelier \u2013 Modna Odzie\u017c Damska | Styl, Klasa, Kobieco\u015b\u0107\",\"isPartOf\":{\"@id\":\"https:\/\/amare-atelier.pl\/de\/#website\"},\"primaryImageOfPage\":{\"@id\":\"https:\/\/amare-atelier.pl\/de\/produkt\/amare-mini-boss-hemd-rosa-gestreift\/#primaryimage\"},\"image\":{\"@id\":\"https:\/\/amare-atelier.pl\/de\/produkt\/amare-mini-boss-hemd-rosa-gestreift\/#primaryimage\"},\"thumbnailUrl\":\"https:\/\/amare-atelier.pl\/wp-content\/uploads\/2026\/04\/IMG_8125.jpeg\",\"datePublished\":\"2026-04-07T12:57:55+00:00\",\"breadcrumb\":{\"@id\":\"https:\/\/amare-atelier.pl\/de\/produkt\/amare-mini-boss-hemd-rosa-gestreift\/#breadcrumb\"},\"inLanguage\":\"de\",\"potentialAction\":[{\"@type\":\"ReadAction\",\"target\":[\"https:\/\/amare-atelier.pl\/de\/produkt\/amare-mini-boss-hemd-rosa-gestreift\/\"]}]},{\"@type\":\"ImageObject\",\"inLanguage\":\"de\",\"@id\":\"https:\/\/amare-atelier.pl\/de\/produkt\/amare-mini-boss-hemd-rosa-gestreift\/#primaryimage\",\"url\":\"https:\/\/amare-atelier.pl\/wp-content\/uploads\/2026\/04\/IMG_8125.jpeg\",\"contentUrl\":\"https:\/\/amare-atelier.pl\/wp-content\/uploads\/2026\/04\/IMG_8125.jpeg\",\"width\":1320,\"height\":2290,\"caption\":\"Bildschirmfoto\"},{\"@type\":\"BreadcrumbList\",\"@id\":\"https:\/\/amare-atelier.pl\/de\/produkt\/amare-mini-boss-hemd-rosa-gestreift\/#breadcrumb\",\"itemListElement\":[{\"@type\":\"ListItem\",\"position\":1,\"name\":\"Startseite\",\"item\":\"https:\/\/amare-atelier.pl\/de\/startseite\/\"},{\"@type\":\"ListItem\",\"position\":2,\"name\":\"Shop\",\"item\":\"https:\/\/amare-atelier.pl\/de\/shop\/\"},{\"@type\":\"ListItem\",\"position\":3,\"name\":\"AMAR\u00c8 Mini Boss Hemd &#8211; Rosa gestreift\"}]},{\"@type\":\"WebSite\",\"@id\":\"https:\/\/amare-atelier.pl\/de\/#website\",\"url\":\"https:\/\/amare-atelier.pl\/de\/\",\"name\":\"Amare Atelier \u2013 Modna Odzie\u017c Damska | Styl, Klasa, Kobieco\u015b\u0107\",\"description\":\"\",\"publisher\":{\"@id\":\"https:\/\/amare-atelier.pl\/de\/#organization\"},\"potentialAction\":[{\"@type\":\"SearchAction\",\"target\":{\"@type\":\"EntryPoint\",\"urlTemplate\":\"https:\/\/amare-atelier.pl\/de\/?s={search_term_string}\"},\"query-input\":{\"@type\":\"PropertyValueSpecification\",\"valueRequired\":true,\"valueName\":\"search_term_string\"}}],\"inLanguage\":\"de\"},{\"@type\":\"Organization\",\"@id\":\"https:\/\/amare-atelier.pl\/de\/#organization\",\"name\":\"Amare Atelier \u2013 Modna Odzie\u017c Damska | Styl, Klasa, Kobieco\u015b\u0107\",\"url\":\"https:\/\/amare-atelier.pl\/de\/\",\"logo\":{\"@type\":\"ImageObject\",\"inLanguage\":\"de\",\"@id\":\"https:\/\/amare-atelier.pl\/de\/#\/schema\/logo\/image\/\",\"url\":\"https:\/\/amare-atelier.pl\/wp-content\/uploads\/2025\/06\/amare-logo.svg\",\"contentUrl\":\"https:\/\/amare-atelier.pl\/wp-content\/uploads\/2025\/06\/amare-logo.svg\",\"width\":578,\"height\":238,\"caption\":\"Amare Atelier \u2013 Modna Odzie\u017c Damska | Styl, Klasa, Kobieco\u015b\u0107\"},\"image\":{\"@id\":\"https:\/\/amare-atelier.pl\/de\/#\/schema\/logo\/image\/\"},\"sameAs\":[\"https:\/\/www.facebook.com\/profile.php?id=61577234792545\",\"https:\/\/www.instagram.com\/amare___atelier\/\"]}]}<\/script>\n<!-- \/ Yoast SEO plugin. -->","yoast_head_json":{"title":"AMAR\u00c8 Mini Boss Hemd - Rosa gestreift - Amare Atelier \u2013 Modna Odzie\u017c Damska | Styl, Klasa, Kobieco\u015b\u0107","robots":{"index":"index","follow":"follow","max-snippet":"max-snippet:-1","max-image-preview":"max-image-preview:large","max-video-preview":"max-video-preview:-1"},"canonical":"https:\/\/amare-atelier.pl\/de\/produkt\/amare-mini-boss-hemd-rosa-gestreift\/","og_locale":"de_DE","og_type":"article","og_title":"AMAR\u00c8 Mini Boss Hemd - Rosa gestreift - Amare Atelier \u2013 Modna Odzie\u017c Damska | Styl, Klasa, Kobieco\u015b\u0107","og_description":"Material: 80% Baumwolle, 20% Viskose Sie sind sich nicht sicher, was die Gr\u00f6\u00dfe angeht? Schreiben Sie uns auf Instagram amare___atelier von 09:00-16:00, wir k\u00f6nnen Ihnen in 5 Minuten helfen!","og_url":"https:\/\/amare-atelier.pl\/de\/produkt\/amare-mini-boss-hemd-rosa-gestreift\/","og_site_name":"Amare Atelier \u2013 Modna Odzie\u017c Damska | Styl, Klasa, Kobieco\u015b\u0107","article_publisher":"https:\/\/www.facebook.com\/profile.php?id=61577234792545","og_image":[{"width":1320,"height":2290,"url":"https:\/\/amare-atelier.pl\/wp-content\/uploads\/2026\/04\/IMG_8125.jpeg","type":"image\/jpeg"}],"twitter_card":"summary_large_image","twitter_misc":{"Gesch\u00e4tzte Lesezeit":"1\u00a0Minute"},"schema":{"@context":"https:\/\/schema.org","@graph":[{"@type":"WebPage","@id":"https:\/\/amare-atelier.pl\/de\/produkt\/amare-mini-boss-hemd-rosa-gestreift\/","url":"https:\/\/amare-atelier.pl\/de\/produkt\/amare-mini-boss-hemd-rosa-gestreift\/","name":"AMAR\u00c8 Mini Boss Hemd - Rosa gestreift - Amare Atelier \u2013 Modna Odzie\u017c Damska | Styl, Klasa, Kobieco\u015b\u0107","isPartOf":{"@id":"https:\/\/amare-atelier.pl\/de\/#website"},"primaryImageOfPage":{"@id":"https:\/\/amare-atelier.pl\/de\/produkt\/amare-mini-boss-hemd-rosa-gestreift\/#primaryimage"},"image":{"@id":"https:\/\/amare-atelier.pl\/de\/produkt\/amare-mini-boss-hemd-rosa-gestreift\/#primaryimage"},"thumbnailUrl":"https:\/\/amare-atelier.pl\/wp-content\/uploads\/2026\/04\/IMG_8125.jpeg","datePublished":"2026-04-07T12:57:55+00:00","breadcrumb":{"@id":"https:\/\/amare-atelier.pl\/de\/produkt\/amare-mini-boss-hemd-rosa-gestreift\/#breadcrumb"},"inLanguage":"de","potentialAction":[{"@type":"ReadAction","target":["https:\/\/amare-atelier.pl\/de\/produkt\/amare-mini-boss-hemd-rosa-gestreift\/"]}]},{"@type":"ImageObject","inLanguage":"de","@id":"https:\/\/amare-atelier.pl\/de\/produkt\/amare-mini-boss-hemd-rosa-gestreift\/#primaryimage","url":"https:\/\/amare-atelier.pl\/wp-content\/uploads\/2026\/04\/IMG_8125.jpeg","contentUrl":"https:\/\/amare-atelier.pl\/wp-content\/uploads\/2026\/04\/IMG_8125.jpeg","width":1320,"height":2290,"caption":"Bildschirmfoto"},{"@type":"BreadcrumbList","@id":"https:\/\/amare-atelier.pl\/de\/produkt\/amare-mini-boss-hemd-rosa-gestreift\/#breadcrumb","itemListElement":[{"@type":"ListItem","position":1,"name":"Startseite","item":"https:\/\/amare-atelier.pl\/de\/startseite\/"},{"@type":"ListItem","position":2,"name":"Shop","item":"https:\/\/amare-atelier.pl\/de\/shop\/"},{"@type":"ListItem","position":3,"name":"AMAR\u00c8 Mini Boss Hemd &#8211; Rosa gestreift"}]},{"@type":"WebSite","@id":"https:\/\/amare-atelier.pl\/de\/#website","url":"https:\/\/amare-atelier.pl\/de\/","name":"Amare Atelier \u2013 Modna Odzie\u017c Damska | Styl, Klasa, Kobieco\u015b\u0107","description":"","publisher":{"@id":"https:\/\/amare-atelier.pl\/de\/#organization"},"potentialAction":[{"@type":"SearchAction","target":{"@type":"EntryPoint","urlTemplate":"https:\/\/amare-atelier.pl\/de\/?s={search_term_string}"},"query-input":{"@type":"PropertyValueSpecification","valueRequired":true,"valueName":"search_term_string"}}],"inLanguage":"de"},{"@type":"Organization","@id":"https:\/\/amare-atelier.pl\/de\/#organization","name":"Amare Atelier \u2013 Modna Odzie\u017c Damska | Styl, Klasa, Kobieco\u015b\u0107","url":"https:\/\/amare-atelier.pl\/de\/","logo":{"@type":"ImageObject","inLanguage":"de","@id":"https:\/\/amare-atelier.pl\/de\/#\/schema\/logo\/image\/","url":"https:\/\/amare-atelier.pl\/wp-content\/uploads\/2025\/06\/amare-logo.svg","contentUrl":"https:\/\/amare-atelier.pl\/wp-content\/uploads\/2025\/06\/amare-logo.svg","width":578,"height":238,"caption":"Amare Atelier \u2013 Modna Odzie\u017c Damska | Styl, Klasa, Kobieco\u015b\u0107"},"image":{"@id":"https:\/\/amare-atelier.pl\/de\/#\/schema\/logo\/image\/"},"sameAs":["https:\/\/www.facebook.com\/profile.php?id=61577234792545","https:\/\/www.instagram.com\/amare___atelier\/"]}]}},"_links":{"self":[{"href":"https:\/\/amare-atelier.pl\/de\/wp-json\/wp\/v2\/product\/87502","targetHints":{"allow":["GET"]}}],"collection":[{"href":"https:\/\/amare-atelier.pl\/de\/wp-json\/wp\/v2\/product"}],"about":[{"href":"https:\/\/amare-atelier.pl\/de\/wp-json\/wp\/v2\/types\/product"}],"wp:featuredmedia":[{"embeddable":true,"href":"https:\/\/amare-atelier.pl\/de\/wp-json\/wp\/v2\/media\/87459"}],"wp:attachment":[{"href":"https:\/\/amare-atelier.pl\/de\/wp-json\/wp\/v2\/media?parent=87502"}],"wp:term":[{"taxonomy":"product_brand","embeddable":true,"href":"https:\/\/amare-atelier.pl\/de\/wp-json\/wp\/v2\/product_brand?post=87502"},{"taxonomy":"product_cat","embeddable":true,"href":"https:\/\/amare-atelier.pl\/de\/wp-json\/wp\/v2\/product_cat?post=87502"},{"taxonomy":"product_tag","embeddable":true,"href":"https:\/\/amare-atelier.pl\/de\/wp-json\/wp\/v2\/product_tag?post=87502"}],"curies":[{"name":"wp","href":"https:\/\/api.w.org\/{rel}","templated":true}]}}