{"id":87317,"date":"2026-04-02T20:31:50","date_gmt":"2026-04-02T18:31:50","guid":{"rendered":"https:\/\/amare-atelier.pl\/produkt\/weisser-anzug-mit-rose\/"},"modified":"2026-04-02T20:31:50","modified_gmt":"2026-04-02T18:31:50","slug":"weisser-anzug-mit-rose","status":"publish","type":"product","link":"https:\/\/amare-atelier.pl\/de\/produkt\/weisser-anzug-mit-rose\/","title":{"rendered":"Wei\u00dfer Anzug mit Rose"},"content":{"rendered":"<p>Ein eleganter, moderner Anzug in reinem Wei\u00df, entworfen f\u00fcr die Frau, die Details und Multifunktionalit\u00e4t sch\u00e4tzt. Es ist ein Set, das sich durch seine raffinierte Form und die M\u00f6glichkeit, es auf vielf\u00e4ltige Weise zu stylen, auszeichnet. <\/p>\n<p>SCHIFF<\/p>\n<p>Klassisch geschnittene, gekn\u00f6pfte Weste.<\/p>\n<p>Das Modell passt sich der Silhouette an und betont die Taille.<\/p>\n<p>Das auff\u00e4lligste Merkmal ist die markante volumin\u00f6se Rose &#8211; vollst\u00e4ndig abnehmbar, so dass Sie den Charakter des Stylings ver\u00e4ndern k\u00f6nnen.<\/p>\n<p>PANTS<\/p>\n<p>Lange Anzughose mit einer entspannten Passform.<\/p>\n<p>Sie haben einen elastischen Bund f\u00fcr eine bequeme Passform und passen zu einer Vielzahl von Silhouetten (XS-M).<\/p>\n<p>Das Material sitzt sch\u00f6n am K\u00f6rper und verl\u00e4ngert optisch die Beine.<\/p>\n<p>PASEK<\/p>\n<p>Er wird mit einem Stoffg\u00fcrtel geliefert, der aus dem gleichen Stoff wie der Anzug besteht.<\/p>\n<p>Kann auf verschiedene Weise getragen werden:<\/p>\n<p>&#8211; in der Taille (klassisch oder mit einer Schleife),<\/p>\n<p>&#8211; auf der R\u00fcckseite,<\/p>\n<p>&#8211; als Hals-Akzent im Pariser Stil,<\/p>\n<p>&#8211; oder ganz ohne G\u00fcrtel.<\/p>\n<p>DETAIL UND FUNKTIONALIT\u00c4T<\/p>\n<p>Ein Set, das viele Stylingm\u00f6glichkeiten bietet &#8211; ein Anzug, viele Looks.<\/p>\n<p>Dank der abnehmbaren Rose und des G\u00fcrtels k\u00f6nnen Sie seinen Charakter nach Belieben variieren, von minimalistisch bis auff\u00e4llig.<\/p>\n<p>GR\u00d6SSE UND PASSFORM<\/p>\n<p>Gr\u00f6\u00dfenbereich: XS-M (dank des elastischen Bunds der Hose)<\/p>\n<p>Das Model ist 163 cm gro\u00df und tr\u00e4gt die Gr\u00f6\u00dfe S.<\/p>\n","protected":false},"excerpt":{"rendered":"<p>Ein eleganter, moderner Anzug in reinem Wei\u00df, entworfen f\u00fcr die Frau, die Details und Multifunktionalit\u00e4t sch\u00e4tzt. Es ist ein Set, das sich durch seine raffinierte Form und die M\u00f6glichkeit, es auf vielf\u00e4ltige Weise zu stylen, auszeichnet. SCHIFF Klassisch geschnittene, gekn\u00f6pfte Weste. Das Modell passt sich der Silhouette an und betont die Taille. Das auff\u00e4lligste Merkmal [&hellip;]<\/p>\n","protected":false},"featured_media":87301,"template":"","meta":{"inline_featured_image":false},"product_brand":[],"product_cat":[251,249],"product_tag":[],"class_list":{"0":"post-87317","1":"product","2":"type-product","3":"status-publish","4":"has-post-thumbnail","6":"product_cat-neuheiten","7":"product_cat-sets","10":"first","11":"instock","12":"shipping-taxable","13":"purchasable","14":"product-type-variable"},"yoast_head":"<!-- This site is optimized with the Yoast SEO plugin v26.3 - https:\/\/yoast.com\/wordpress\/plugins\/seo\/ -->\n<title>Wei\u00dfer Anzug mit Rose - Amare Atelier \u2013 Modna Odzie\u017c Damska | Styl, Klasa, Kobieco\u015b\u0107<\/title>\n<meta name=\"robots\" content=\"index, follow, max-snippet:-1, max-image-preview:large, max-video-preview:-1\" \/>\n<link rel=\"canonical\" href=\"https:\/\/amare-atelier.pl\/de\/produkt\/weisser-anzug-mit-rose\/\" \/>\n<meta property=\"og:locale\" content=\"de_DE\" \/>\n<meta property=\"og:type\" content=\"article\" \/>\n<meta property=\"og:title\" content=\"Wei\u00dfer Anzug mit Rose - Amare Atelier \u2013 Modna Odzie\u017c Damska | Styl, Klasa, Kobieco\u015b\u0107\" \/>\n<meta property=\"og:description\" content=\"Ein eleganter, moderner Anzug in reinem Wei\u00df, entworfen f\u00fcr die Frau, die Details und Multifunktionalit\u00e4t sch\u00e4tzt. Es ist ein Set, das sich durch seine raffinierte Form und die M\u00f6glichkeit, es auf vielf\u00e4ltige Weise zu stylen, auszeichnet. SCHIFF Klassisch geschnittene, gekn\u00f6pfte Weste. Das Modell passt sich der Silhouette an und betont die Taille. Das auff\u00e4lligste Merkmal [&hellip;]\" \/>\n<meta property=\"og:url\" content=\"https:\/\/amare-atelier.pl\/de\/produkt\/weisser-anzug-mit-rose\/\" \/>\n<meta property=\"og:site_name\" content=\"Amare Atelier \u2013 Modna Odzie\u017c Damska | Styl, Klasa, Kobieco\u015b\u0107\" \/>\n<meta property=\"article:publisher\" content=\"https:\/\/www.facebook.com\/profile.php?id=61577234792545\" \/>\n<meta property=\"og:image\" content=\"https:\/\/amare-atelier.pl\/wp-content\/uploads\/2026\/04\/IMG_7929.jpeg\" \/>\n\t<meta property=\"og:image:width\" content=\"1320\" \/>\n\t<meta property=\"og:image:height\" content=\"2211\" \/>\n\t<meta property=\"og:image:type\" content=\"image\/jpeg\" \/>\n<meta name=\"twitter:card\" content=\"summary_large_image\" \/>\n<meta name=\"twitter:label1\" content=\"Gesch\u00e4tzte Lesezeit\" \/>\n\t<meta name=\"twitter:data1\" content=\"1\u00a0Minute\" \/>\n<script type=\"application\/ld+json\" class=\"yoast-schema-graph\">{\"@context\":\"https:\/\/schema.org\",\"@graph\":[{\"@type\":\"WebPage\",\"@id\":\"https:\/\/amare-atelier.pl\/de\/produkt\/weisser-anzug-mit-rose\/\",\"url\":\"https:\/\/amare-atelier.pl\/de\/produkt\/weisser-anzug-mit-rose\/\",\"name\":\"Wei\u00dfer Anzug mit Rose - Amare Atelier \u2013 Modna Odzie\u017c Damska | Styl, Klasa, Kobieco\u015b\u0107\",\"isPartOf\":{\"@id\":\"https:\/\/amare-atelier.pl\/de\/#website\"},\"primaryImageOfPage\":{\"@id\":\"https:\/\/amare-atelier.pl\/de\/produkt\/weisser-anzug-mit-rose\/#primaryimage\"},\"image\":{\"@id\":\"https:\/\/amare-atelier.pl\/de\/produkt\/weisser-anzug-mit-rose\/#primaryimage\"},\"thumbnailUrl\":\"https:\/\/amare-atelier.pl\/wp-content\/uploads\/2026\/04\/IMG_7929.jpeg\",\"datePublished\":\"2026-04-02T18:31:50+00:00\",\"breadcrumb\":{\"@id\":\"https:\/\/amare-atelier.pl\/de\/produkt\/weisser-anzug-mit-rose\/#breadcrumb\"},\"inLanguage\":\"de\",\"potentialAction\":[{\"@type\":\"ReadAction\",\"target\":[\"https:\/\/amare-atelier.pl\/de\/produkt\/weisser-anzug-mit-rose\/\"]}]},{\"@type\":\"ImageObject\",\"inLanguage\":\"de\",\"@id\":\"https:\/\/amare-atelier.pl\/de\/produkt\/weisser-anzug-mit-rose\/#primaryimage\",\"url\":\"https:\/\/amare-atelier.pl\/wp-content\/uploads\/2026\/04\/IMG_7929.jpeg\",\"contentUrl\":\"https:\/\/amare-atelier.pl\/wp-content\/uploads\/2026\/04\/IMG_7929.jpeg\",\"width\":1320,\"height\":2211,\"caption\":\"Screenshot\"},{\"@type\":\"BreadcrumbList\",\"@id\":\"https:\/\/amare-atelier.pl\/de\/produkt\/weisser-anzug-mit-rose\/#breadcrumb\",\"itemListElement\":[{\"@type\":\"ListItem\",\"position\":1,\"name\":\"Startseite\",\"item\":\"https:\/\/amare-atelier.pl\/de\/startseite\/\"},{\"@type\":\"ListItem\",\"position\":2,\"name\":\"Shop\",\"item\":\"https:\/\/amare-atelier.pl\/de\/shop\/\"},{\"@type\":\"ListItem\",\"position\":3,\"name\":\"Wei\u00dfer Anzug mit Rose\"}]},{\"@type\":\"WebSite\",\"@id\":\"https:\/\/amare-atelier.pl\/de\/#website\",\"url\":\"https:\/\/amare-atelier.pl\/de\/\",\"name\":\"Amare Atelier \u2013 Modna Odzie\u017c Damska | Styl, Klasa, Kobieco\u015b\u0107\",\"description\":\"\",\"publisher\":{\"@id\":\"https:\/\/amare-atelier.pl\/de\/#organization\"},\"potentialAction\":[{\"@type\":\"SearchAction\",\"target\":{\"@type\":\"EntryPoint\",\"urlTemplate\":\"https:\/\/amare-atelier.pl\/de\/?s={search_term_string}\"},\"query-input\":{\"@type\":\"PropertyValueSpecification\",\"valueRequired\":true,\"valueName\":\"search_term_string\"}}],\"inLanguage\":\"de\"},{\"@type\":\"Organization\",\"@id\":\"https:\/\/amare-atelier.pl\/de\/#organization\",\"name\":\"Amare Atelier \u2013 Modna Odzie\u017c Damska | Styl, Klasa, Kobieco\u015b\u0107\",\"url\":\"https:\/\/amare-atelier.pl\/de\/\",\"logo\":{\"@type\":\"ImageObject\",\"inLanguage\":\"de\",\"@id\":\"https:\/\/amare-atelier.pl\/de\/#\/schema\/logo\/image\/\",\"url\":\"https:\/\/amare-atelier.pl\/wp-content\/uploads\/2025\/06\/amare-logo.svg\",\"contentUrl\":\"https:\/\/amare-atelier.pl\/wp-content\/uploads\/2025\/06\/amare-logo.svg\",\"width\":578,\"height\":238,\"caption\":\"Amare Atelier \u2013 Modna Odzie\u017c Damska | Styl, Klasa, Kobieco\u015b\u0107\"},\"image\":{\"@id\":\"https:\/\/amare-atelier.pl\/de\/#\/schema\/logo\/image\/\"},\"sameAs\":[\"https:\/\/www.facebook.com\/profile.php?id=61577234792545\",\"https:\/\/www.instagram.com\/amare___atelier\/\"]}]}<\/script>\n<!-- \/ Yoast SEO plugin. -->","yoast_head_json":{"title":"Wei\u00dfer Anzug mit Rose - Amare Atelier \u2013 Modna Odzie\u017c Damska | Styl, Klasa, Kobieco\u015b\u0107","robots":{"index":"index","follow":"follow","max-snippet":"max-snippet:-1","max-image-preview":"max-image-preview:large","max-video-preview":"max-video-preview:-1"},"canonical":"https:\/\/amare-atelier.pl\/de\/produkt\/weisser-anzug-mit-rose\/","og_locale":"de_DE","og_type":"article","og_title":"Wei\u00dfer Anzug mit Rose - Amare Atelier \u2013 Modna Odzie\u017c Damska | Styl, Klasa, Kobieco\u015b\u0107","og_description":"Ein eleganter, moderner Anzug in reinem Wei\u00df, entworfen f\u00fcr die Frau, die Details und Multifunktionalit\u00e4t sch\u00e4tzt. Es ist ein Set, das sich durch seine raffinierte Form und die M\u00f6glichkeit, es auf vielf\u00e4ltige Weise zu stylen, auszeichnet. SCHIFF Klassisch geschnittene, gekn\u00f6pfte Weste. Das Modell passt sich der Silhouette an und betont die Taille. Das auff\u00e4lligste Merkmal [&hellip;]","og_url":"https:\/\/amare-atelier.pl\/de\/produkt\/weisser-anzug-mit-rose\/","og_site_name":"Amare Atelier \u2013 Modna Odzie\u017c Damska | Styl, Klasa, Kobieco\u015b\u0107","article_publisher":"https:\/\/www.facebook.com\/profile.php?id=61577234792545","og_image":[{"width":1320,"height":2211,"url":"https:\/\/amare-atelier.pl\/wp-content\/uploads\/2026\/04\/IMG_7929.jpeg","type":"image\/jpeg"}],"twitter_card":"summary_large_image","twitter_misc":{"Gesch\u00e4tzte Lesezeit":"1\u00a0Minute"},"schema":{"@context":"https:\/\/schema.org","@graph":[{"@type":"WebPage","@id":"https:\/\/amare-atelier.pl\/de\/produkt\/weisser-anzug-mit-rose\/","url":"https:\/\/amare-atelier.pl\/de\/produkt\/weisser-anzug-mit-rose\/","name":"Wei\u00dfer Anzug mit Rose - Amare Atelier \u2013 Modna Odzie\u017c Damska | Styl, Klasa, Kobieco\u015b\u0107","isPartOf":{"@id":"https:\/\/amare-atelier.pl\/de\/#website"},"primaryImageOfPage":{"@id":"https:\/\/amare-atelier.pl\/de\/produkt\/weisser-anzug-mit-rose\/#primaryimage"},"image":{"@id":"https:\/\/amare-atelier.pl\/de\/produkt\/weisser-anzug-mit-rose\/#primaryimage"},"thumbnailUrl":"https:\/\/amare-atelier.pl\/wp-content\/uploads\/2026\/04\/IMG_7929.jpeg","datePublished":"2026-04-02T18:31:50+00:00","breadcrumb":{"@id":"https:\/\/amare-atelier.pl\/de\/produkt\/weisser-anzug-mit-rose\/#breadcrumb"},"inLanguage":"de","potentialAction":[{"@type":"ReadAction","target":["https:\/\/amare-atelier.pl\/de\/produkt\/weisser-anzug-mit-rose\/"]}]},{"@type":"ImageObject","inLanguage":"de","@id":"https:\/\/amare-atelier.pl\/de\/produkt\/weisser-anzug-mit-rose\/#primaryimage","url":"https:\/\/amare-atelier.pl\/wp-content\/uploads\/2026\/04\/IMG_7929.jpeg","contentUrl":"https:\/\/amare-atelier.pl\/wp-content\/uploads\/2026\/04\/IMG_7929.jpeg","width":1320,"height":2211,"caption":"Screenshot"},{"@type":"BreadcrumbList","@id":"https:\/\/amare-atelier.pl\/de\/produkt\/weisser-anzug-mit-rose\/#breadcrumb","itemListElement":[{"@type":"ListItem","position":1,"name":"Startseite","item":"https:\/\/amare-atelier.pl\/de\/startseite\/"},{"@type":"ListItem","position":2,"name":"Shop","item":"https:\/\/amare-atelier.pl\/de\/shop\/"},{"@type":"ListItem","position":3,"name":"Wei\u00dfer Anzug mit Rose"}]},{"@type":"WebSite","@id":"https:\/\/amare-atelier.pl\/de\/#website","url":"https:\/\/amare-atelier.pl\/de\/","name":"Amare Atelier \u2013 Modna Odzie\u017c Damska | Styl, Klasa, Kobieco\u015b\u0107","description":"","publisher":{"@id":"https:\/\/amare-atelier.pl\/de\/#organization"},"potentialAction":[{"@type":"SearchAction","target":{"@type":"EntryPoint","urlTemplate":"https:\/\/amare-atelier.pl\/de\/?s={search_term_string}"},"query-input":{"@type":"PropertyValueSpecification","valueRequired":true,"valueName":"search_term_string"}}],"inLanguage":"de"},{"@type":"Organization","@id":"https:\/\/amare-atelier.pl\/de\/#organization","name":"Amare Atelier \u2013 Modna Odzie\u017c Damska | Styl, Klasa, Kobieco\u015b\u0107","url":"https:\/\/amare-atelier.pl\/de\/","logo":{"@type":"ImageObject","inLanguage":"de","@id":"https:\/\/amare-atelier.pl\/de\/#\/schema\/logo\/image\/","url":"https:\/\/amare-atelier.pl\/wp-content\/uploads\/2025\/06\/amare-logo.svg","contentUrl":"https:\/\/amare-atelier.pl\/wp-content\/uploads\/2025\/06\/amare-logo.svg","width":578,"height":238,"caption":"Amare Atelier \u2013 Modna Odzie\u017c Damska | Styl, Klasa, Kobieco\u015b\u0107"},"image":{"@id":"https:\/\/amare-atelier.pl\/de\/#\/schema\/logo\/image\/"},"sameAs":["https:\/\/www.facebook.com\/profile.php?id=61577234792545","https:\/\/www.instagram.com\/amare___atelier\/"]}]}},"_links":{"self":[{"href":"https:\/\/amare-atelier.pl\/de\/wp-json\/wp\/v2\/product\/87317","targetHints":{"allow":["GET"]}}],"collection":[{"href":"https:\/\/amare-atelier.pl\/de\/wp-json\/wp\/v2\/product"}],"about":[{"href":"https:\/\/amare-atelier.pl\/de\/wp-json\/wp\/v2\/types\/product"}],"wp:featuredmedia":[{"embeddable":true,"href":"https:\/\/amare-atelier.pl\/de\/wp-json\/wp\/v2\/media\/87301"}],"wp:attachment":[{"href":"https:\/\/amare-atelier.pl\/de\/wp-json\/wp\/v2\/media?parent=87317"}],"wp:term":[{"taxonomy":"product_brand","embeddable":true,"href":"https:\/\/amare-atelier.pl\/de\/wp-json\/wp\/v2\/product_brand?post=87317"},{"taxonomy":"product_cat","embeddable":true,"href":"https:\/\/amare-atelier.pl\/de\/wp-json\/wp\/v2\/product_cat?post=87317"},{"taxonomy":"product_tag","embeddable":true,"href":"https:\/\/amare-atelier.pl\/de\/wp-json\/wp\/v2\/product_tag?post=87317"}],"curies":[{"name":"wp","href":"https:\/\/api.w.org\/{rel}","templated":true}]}}