{"id":87135,"date":"2026-04-02T13:28:06","date_gmt":"2026-04-02T11:28:06","guid":{"rendered":"https:\/\/amare-atelier.pl\/produkt\/pure-ruffles-bluse-klassisch-weiss\/"},"modified":"2026-04-02T13:28:06","modified_gmt":"2026-04-02T11:28:06","slug":"pure-ruffles-bluse-klassisch-weiss","status":"publish","type":"product","link":"https:\/\/amare-atelier.pl\/de\/produkt\/pure-ruffles-bluse-klassisch-weiss\/","title":{"rendered":"Pure Ruffles Bluse &#8211; klassisch wei\u00df"},"content":{"rendered":"<p>Dezent, frisch und zeitlos. Die Pure Ruffles Bluse in klassischem Wei\u00df ist die perfekte Basis f\u00fcr viele Looks &#8211; von leger bis elegant. Der flie\u00dfende Stoff und die romantischen R\u00fcschen verleihen ihr einen leichten und m\u00e4dchenhaften Charme.  <\/p>\n<p>Mit dem Bindeband auf der Vorderseite k\u00f6nnen Sie den Schnitt sch\u00f6n anpassen und die Taille betonen. Dies ist ein Modell, das immer stilvoll aussieht und nie aus der Mode kommt \ud83e\udd0d. <\/p>\n<p>&#8211; leichtes, atmungsaktives Material<\/p>\n<p>&#8211; auff\u00e4llige R\u00fcschen<\/p>\n<p>&#8211; verstellbare Bindung<\/p>\n<p>&#8211; Klassische, universelle Farbe<\/p>\n","protected":false},"excerpt":{"rendered":"<p>Dezent, frisch und zeitlos. Die Pure Ruffles Bluse in klassischem Wei\u00df ist die perfekte Basis f\u00fcr viele Looks &#8211; von leger bis elegant. Der flie\u00dfende Stoff und die romantischen R\u00fcschen verleihen ihr einen leichten und m\u00e4dchenhaften Charme. Mit dem Bindeband auf der Vorderseite k\u00f6nnen Sie den Schnitt sch\u00f6n anpassen und die Taille betonen. Dies ist [&hellip;]<\/p>\n","protected":false},"featured_media":87125,"template":"","meta":{"inline_featured_image":false},"product_brand":[],"product_cat":[254,311,251],"product_tag":[],"class_list":{"0":"post-87135","1":"product","2":"type-product","3":"status-publish","4":"has-post-thumbnail","6":"product_cat-blusen","7":"product_cat-hemden","8":"product_cat-neuheiten","11":"first","12":"instock","13":"shipping-taxable","14":"purchasable","15":"product-type-variable"},"yoast_head":"<!-- This site is optimized with the Yoast SEO plugin v26.3 - https:\/\/yoast.com\/wordpress\/plugins\/seo\/ -->\n<title>Pure Ruffles Bluse - klassisch wei\u00df - Amare Atelier \u2013 Modna Odzie\u017c Damska | Styl, Klasa, Kobieco\u015b\u0107<\/title>\n<meta name=\"robots\" content=\"index, follow, max-snippet:-1, max-image-preview:large, max-video-preview:-1\" \/>\n<link rel=\"canonical\" href=\"https:\/\/amare-atelier.pl\/de\/produkt\/pure-ruffles-bluse-klassisch-weiss\/\" \/>\n<meta property=\"og:locale\" content=\"de_DE\" \/>\n<meta property=\"og:type\" content=\"article\" \/>\n<meta property=\"og:title\" content=\"Pure Ruffles Bluse - klassisch wei\u00df - Amare Atelier \u2013 Modna Odzie\u017c Damska | Styl, Klasa, Kobieco\u015b\u0107\" \/>\n<meta property=\"og:description\" content=\"Dezent, frisch und zeitlos. Die Pure Ruffles Bluse in klassischem Wei\u00df ist die perfekte Basis f\u00fcr viele Looks &#8211; von leger bis elegant. Der flie\u00dfende Stoff und die romantischen R\u00fcschen verleihen ihr einen leichten und m\u00e4dchenhaften Charme. Mit dem Bindeband auf der Vorderseite k\u00f6nnen Sie den Schnitt sch\u00f6n anpassen und die Taille betonen. Dies ist [&hellip;]\" \/>\n<meta property=\"og:url\" content=\"https:\/\/amare-atelier.pl\/de\/produkt\/pure-ruffles-bluse-klassisch-weiss\/\" \/>\n<meta property=\"og:site_name\" content=\"Amare Atelier \u2013 Modna Odzie\u017c Damska | Styl, Klasa, Kobieco\u015b\u0107\" \/>\n<meta property=\"article:publisher\" content=\"https:\/\/www.facebook.com\/profile.php?id=61577234792545\" \/>\n<meta property=\"og:image\" content=\"https:\/\/amare-atelier.pl\/wp-content\/uploads\/2026\/04\/257593cc-9e90-4773-bf20-9e7d60b49d2d.jpeg\" \/>\n\t<meta property=\"og:image:width\" content=\"1152\" \/>\n\t<meta property=\"og:image:height\" content=\"2048\" \/>\n\t<meta property=\"og:image:type\" content=\"image\/jpeg\" \/>\n<meta name=\"twitter:card\" content=\"summary_large_image\" \/>\n<script type=\"application\/ld+json\" class=\"yoast-schema-graph\">{\"@context\":\"https:\/\/schema.org\",\"@graph\":[{\"@type\":\"WebPage\",\"@id\":\"https:\/\/amare-atelier.pl\/de\/produkt\/pure-ruffles-bluse-klassisch-weiss\/\",\"url\":\"https:\/\/amare-atelier.pl\/de\/produkt\/pure-ruffles-bluse-klassisch-weiss\/\",\"name\":\"Pure Ruffles Bluse - klassisch wei\u00df - Amare Atelier \u2013 Modna Odzie\u017c Damska | Styl, Klasa, Kobieco\u015b\u0107\",\"isPartOf\":{\"@id\":\"https:\/\/amare-atelier.pl\/de\/#website\"},\"primaryImageOfPage\":{\"@id\":\"https:\/\/amare-atelier.pl\/de\/produkt\/pure-ruffles-bluse-klassisch-weiss\/#primaryimage\"},\"image\":{\"@id\":\"https:\/\/amare-atelier.pl\/de\/produkt\/pure-ruffles-bluse-klassisch-weiss\/#primaryimage\"},\"thumbnailUrl\":\"https:\/\/amare-atelier.pl\/wp-content\/uploads\/2026\/04\/257593cc-9e90-4773-bf20-9e7d60b49d2d.jpeg\",\"datePublished\":\"2026-04-02T11:28:06+00:00\",\"breadcrumb\":{\"@id\":\"https:\/\/amare-atelier.pl\/de\/produkt\/pure-ruffles-bluse-klassisch-weiss\/#breadcrumb\"},\"inLanguage\":\"de\",\"potentialAction\":[{\"@type\":\"ReadAction\",\"target\":[\"https:\/\/amare-atelier.pl\/de\/produkt\/pure-ruffles-bluse-klassisch-weiss\/\"]}]},{\"@type\":\"ImageObject\",\"inLanguage\":\"de\",\"@id\":\"https:\/\/amare-atelier.pl\/de\/produkt\/pure-ruffles-bluse-klassisch-weiss\/#primaryimage\",\"url\":\"https:\/\/amare-atelier.pl\/wp-content\/uploads\/2026\/04\/257593cc-9e90-4773-bf20-9e7d60b49d2d.jpeg\",\"contentUrl\":\"https:\/\/amare-atelier.pl\/wp-content\/uploads\/2026\/04\/257593cc-9e90-4773-bf20-9e7d60b49d2d.jpeg\",\"width\":1152,\"height\":2048},{\"@type\":\"BreadcrumbList\",\"@id\":\"https:\/\/amare-atelier.pl\/de\/produkt\/pure-ruffles-bluse-klassisch-weiss\/#breadcrumb\",\"itemListElement\":[{\"@type\":\"ListItem\",\"position\":1,\"name\":\"Startseite\",\"item\":\"https:\/\/amare-atelier.pl\/de\/startseite\/\"},{\"@type\":\"ListItem\",\"position\":2,\"name\":\"Shop\",\"item\":\"https:\/\/amare-atelier.pl\/de\/shop\/\"},{\"@type\":\"ListItem\",\"position\":3,\"name\":\"Pure Ruffles Bluse &#8211; klassisch wei\u00df\"}]},{\"@type\":\"WebSite\",\"@id\":\"https:\/\/amare-atelier.pl\/de\/#website\",\"url\":\"https:\/\/amare-atelier.pl\/de\/\",\"name\":\"Amare Atelier \u2013 Modna Odzie\u017c Damska | Styl, Klasa, Kobieco\u015b\u0107\",\"description\":\"\",\"publisher\":{\"@id\":\"https:\/\/amare-atelier.pl\/de\/#organization\"},\"potentialAction\":[{\"@type\":\"SearchAction\",\"target\":{\"@type\":\"EntryPoint\",\"urlTemplate\":\"https:\/\/amare-atelier.pl\/de\/?s={search_term_string}\"},\"query-input\":{\"@type\":\"PropertyValueSpecification\",\"valueRequired\":true,\"valueName\":\"search_term_string\"}}],\"inLanguage\":\"de\"},{\"@type\":\"Organization\",\"@id\":\"https:\/\/amare-atelier.pl\/de\/#organization\",\"name\":\"Amare Atelier \u2013 Modna Odzie\u017c Damska | Styl, Klasa, Kobieco\u015b\u0107\",\"url\":\"https:\/\/amare-atelier.pl\/de\/\",\"logo\":{\"@type\":\"ImageObject\",\"inLanguage\":\"de\",\"@id\":\"https:\/\/amare-atelier.pl\/de\/#\/schema\/logo\/image\/\",\"url\":\"https:\/\/amare-atelier.pl\/wp-content\/uploads\/2025\/06\/amare-logo.svg\",\"contentUrl\":\"https:\/\/amare-atelier.pl\/wp-content\/uploads\/2025\/06\/amare-logo.svg\",\"width\":578,\"height\":238,\"caption\":\"Amare Atelier \u2013 Modna Odzie\u017c Damska | Styl, Klasa, Kobieco\u015b\u0107\"},\"image\":{\"@id\":\"https:\/\/amare-atelier.pl\/de\/#\/schema\/logo\/image\/\"},\"sameAs\":[\"https:\/\/www.facebook.com\/profile.php?id=61577234792545\",\"https:\/\/www.instagram.com\/amare___atelier\/\"]}]}<\/script>\n<!-- \/ Yoast SEO plugin. -->","yoast_head_json":{"title":"Pure Ruffles Bluse - klassisch wei\u00df - Amare Atelier \u2013 Modna Odzie\u017c Damska | Styl, Klasa, Kobieco\u015b\u0107","robots":{"index":"index","follow":"follow","max-snippet":"max-snippet:-1","max-image-preview":"max-image-preview:large","max-video-preview":"max-video-preview:-1"},"canonical":"https:\/\/amare-atelier.pl\/de\/produkt\/pure-ruffles-bluse-klassisch-weiss\/","og_locale":"de_DE","og_type":"article","og_title":"Pure Ruffles Bluse - klassisch wei\u00df - Amare Atelier \u2013 Modna Odzie\u017c Damska | Styl, Klasa, Kobieco\u015b\u0107","og_description":"Dezent, frisch und zeitlos. Die Pure Ruffles Bluse in klassischem Wei\u00df ist die perfekte Basis f\u00fcr viele Looks &#8211; von leger bis elegant. Der flie\u00dfende Stoff und die romantischen R\u00fcschen verleihen ihr einen leichten und m\u00e4dchenhaften Charme. Mit dem Bindeband auf der Vorderseite k\u00f6nnen Sie den Schnitt sch\u00f6n anpassen und die Taille betonen. Dies ist [&hellip;]","og_url":"https:\/\/amare-atelier.pl\/de\/produkt\/pure-ruffles-bluse-klassisch-weiss\/","og_site_name":"Amare Atelier \u2013 Modna Odzie\u017c Damska | Styl, Klasa, Kobieco\u015b\u0107","article_publisher":"https:\/\/www.facebook.com\/profile.php?id=61577234792545","og_image":[{"width":1152,"height":2048,"url":"https:\/\/amare-atelier.pl\/wp-content\/uploads\/2026\/04\/257593cc-9e90-4773-bf20-9e7d60b49d2d.jpeg","type":"image\/jpeg"}],"twitter_card":"summary_large_image","schema":{"@context":"https:\/\/schema.org","@graph":[{"@type":"WebPage","@id":"https:\/\/amare-atelier.pl\/de\/produkt\/pure-ruffles-bluse-klassisch-weiss\/","url":"https:\/\/amare-atelier.pl\/de\/produkt\/pure-ruffles-bluse-klassisch-weiss\/","name":"Pure Ruffles Bluse - klassisch wei\u00df - Amare Atelier \u2013 Modna Odzie\u017c Damska | Styl, Klasa, Kobieco\u015b\u0107","isPartOf":{"@id":"https:\/\/amare-atelier.pl\/de\/#website"},"primaryImageOfPage":{"@id":"https:\/\/amare-atelier.pl\/de\/produkt\/pure-ruffles-bluse-klassisch-weiss\/#primaryimage"},"image":{"@id":"https:\/\/amare-atelier.pl\/de\/produkt\/pure-ruffles-bluse-klassisch-weiss\/#primaryimage"},"thumbnailUrl":"https:\/\/amare-atelier.pl\/wp-content\/uploads\/2026\/04\/257593cc-9e90-4773-bf20-9e7d60b49d2d.jpeg","datePublished":"2026-04-02T11:28:06+00:00","breadcrumb":{"@id":"https:\/\/amare-atelier.pl\/de\/produkt\/pure-ruffles-bluse-klassisch-weiss\/#breadcrumb"},"inLanguage":"de","potentialAction":[{"@type":"ReadAction","target":["https:\/\/amare-atelier.pl\/de\/produkt\/pure-ruffles-bluse-klassisch-weiss\/"]}]},{"@type":"ImageObject","inLanguage":"de","@id":"https:\/\/amare-atelier.pl\/de\/produkt\/pure-ruffles-bluse-klassisch-weiss\/#primaryimage","url":"https:\/\/amare-atelier.pl\/wp-content\/uploads\/2026\/04\/257593cc-9e90-4773-bf20-9e7d60b49d2d.jpeg","contentUrl":"https:\/\/amare-atelier.pl\/wp-content\/uploads\/2026\/04\/257593cc-9e90-4773-bf20-9e7d60b49d2d.jpeg","width":1152,"height":2048},{"@type":"BreadcrumbList","@id":"https:\/\/amare-atelier.pl\/de\/produkt\/pure-ruffles-bluse-klassisch-weiss\/#breadcrumb","itemListElement":[{"@type":"ListItem","position":1,"name":"Startseite","item":"https:\/\/amare-atelier.pl\/de\/startseite\/"},{"@type":"ListItem","position":2,"name":"Shop","item":"https:\/\/amare-atelier.pl\/de\/shop\/"},{"@type":"ListItem","position":3,"name":"Pure Ruffles Bluse &#8211; klassisch wei\u00df"}]},{"@type":"WebSite","@id":"https:\/\/amare-atelier.pl\/de\/#website","url":"https:\/\/amare-atelier.pl\/de\/","name":"Amare Atelier \u2013 Modna Odzie\u017c Damska | Styl, Klasa, Kobieco\u015b\u0107","description":"","publisher":{"@id":"https:\/\/amare-atelier.pl\/de\/#organization"},"potentialAction":[{"@type":"SearchAction","target":{"@type":"EntryPoint","urlTemplate":"https:\/\/amare-atelier.pl\/de\/?s={search_term_string}"},"query-input":{"@type":"PropertyValueSpecification","valueRequired":true,"valueName":"search_term_string"}}],"inLanguage":"de"},{"@type":"Organization","@id":"https:\/\/amare-atelier.pl\/de\/#organization","name":"Amare Atelier \u2013 Modna Odzie\u017c Damska | Styl, Klasa, Kobieco\u015b\u0107","url":"https:\/\/amare-atelier.pl\/de\/","logo":{"@type":"ImageObject","inLanguage":"de","@id":"https:\/\/amare-atelier.pl\/de\/#\/schema\/logo\/image\/","url":"https:\/\/amare-atelier.pl\/wp-content\/uploads\/2025\/06\/amare-logo.svg","contentUrl":"https:\/\/amare-atelier.pl\/wp-content\/uploads\/2025\/06\/amare-logo.svg","width":578,"height":238,"caption":"Amare Atelier \u2013 Modna Odzie\u017c Damska | Styl, Klasa, Kobieco\u015b\u0107"},"image":{"@id":"https:\/\/amare-atelier.pl\/de\/#\/schema\/logo\/image\/"},"sameAs":["https:\/\/www.facebook.com\/profile.php?id=61577234792545","https:\/\/www.instagram.com\/amare___atelier\/"]}]}},"_links":{"self":[{"href":"https:\/\/amare-atelier.pl\/de\/wp-json\/wp\/v2\/product\/87135","targetHints":{"allow":["GET"]}}],"collection":[{"href":"https:\/\/amare-atelier.pl\/de\/wp-json\/wp\/v2\/product"}],"about":[{"href":"https:\/\/amare-atelier.pl\/de\/wp-json\/wp\/v2\/types\/product"}],"wp:featuredmedia":[{"embeddable":true,"href":"https:\/\/amare-atelier.pl\/de\/wp-json\/wp\/v2\/media\/87125"}],"wp:attachment":[{"href":"https:\/\/amare-atelier.pl\/de\/wp-json\/wp\/v2\/media?parent=87135"}],"wp:term":[{"taxonomy":"product_brand","embeddable":true,"href":"https:\/\/amare-atelier.pl\/de\/wp-json\/wp\/v2\/product_brand?post=87135"},{"taxonomy":"product_cat","embeddable":true,"href":"https:\/\/amare-atelier.pl\/de\/wp-json\/wp\/v2\/product_cat?post=87135"},{"taxonomy":"product_tag","embeddable":true,"href":"https:\/\/amare-atelier.pl\/de\/wp-json\/wp\/v2\/product_tag?post=87135"}],"curies":[{"name":"wp","href":"https:\/\/api.w.org\/{rel}","templated":true}]}}