{"id":87113,"date":"2026-04-02T13:20:20","date_gmt":"2026-04-02T11:20:20","guid":{"rendered":"https:\/\/amare-atelier.pl\/produkt\/candy-ruffles-bluse-intensives-rosa\/"},"modified":"2026-04-02T13:20:20","modified_gmt":"2026-04-02T11:20:20","slug":"candy-ruffles-bluse-intensives-rosa","status":"publish","type":"product","link":"https:\/\/amare-atelier.pl\/de\/produkt\/candy-ruffles-bluse-intensives-rosa\/","title":{"rendered":"Candy Ruffles Bluse &#8211; intensives Rosa"},"content":{"rendered":"<p>Ausdrucksstark, feminin und auffallend. Die Candy Ruffles Bluse in einem intensiven Rosaton ist f\u00fcr M\u00e4dchen, die Mode mit Charakter m\u00f6gen. Der flie\u00dfende Stoff und die auff\u00e4lligen R\u00fcschen sorgen f\u00fcr einen leichten, aber sehr stilvollen Look.  <\/p>\n<p>Durch das Bindeband auf der Vorderseite sitzt die Bluse perfekt und akzentuiert die Taille auf subtile Weise. Dieses Modell \u00fcbernimmt das gesamte Styling &#8211; f\u00fcgen Sie einfach eine Jeans hinzu und Sie sind bereit \ud83d\udcab. <\/p>\n<p>&#8211; leichtes, luftiges Material<\/p>\n<p>&#8211; R\u00fcschen f\u00fcr Volumen und Bewegung<\/p>\n<p>&#8211; verstellbare Bindung<\/p>\n<p>&#8211; intensive, energiegeladene Farbe<\/p>\n","protected":false},"excerpt":{"rendered":"<p>Ausdrucksstark, feminin und auffallend. Die Candy Ruffles Bluse in einem intensiven Rosaton ist f\u00fcr M\u00e4dchen, die Mode mit Charakter m\u00f6gen. Der flie\u00dfende Stoff und die auff\u00e4lligen R\u00fcschen sorgen f\u00fcr einen leichten, aber sehr stilvollen Look. Durch das Bindeband auf der Vorderseite sitzt die Bluse perfekt und akzentuiert die Taille auf subtile Weise. Dieses Modell \u00fcbernimmt [&hellip;]<\/p>\n","protected":false},"featured_media":87103,"template":"","meta":{"inline_featured_image":false},"product_brand":[],"product_cat":[135,280,150],"product_tag":[],"class_list":{"0":"post-87113","1":"product","2":"type-product","3":"status-publish","4":"has-post-thumbnail","6":"product_cat-bluzki","7":"product_cat-koszule","8":"product_cat-nowosci","11":"first","12":"instock","13":"shipping-taxable","14":"purchasable","15":"product-type-variable"},"yoast_head":"<!-- This site is optimized with the Yoast SEO plugin v26.3 - https:\/\/yoast.com\/wordpress\/plugins\/seo\/ -->\n<title>Candy Ruffles Bluse - intensives Rosa - Amare Atelier \u2013 Modna Odzie\u017c Damska | Styl, Klasa, Kobieco\u015b\u0107<\/title>\n<meta name=\"robots\" content=\"index, follow, max-snippet:-1, max-image-preview:large, max-video-preview:-1\" \/>\n<link rel=\"canonical\" href=\"https:\/\/amare-atelier.pl\/de\/produkt\/candy-ruffles-bluse-intensives-rosa\/\" \/>\n<meta property=\"og:locale\" content=\"de_DE\" \/>\n<meta property=\"og:type\" content=\"article\" \/>\n<meta property=\"og:title\" content=\"Candy Ruffles Bluse - intensives Rosa - Amare Atelier \u2013 Modna Odzie\u017c Damska | Styl, Klasa, Kobieco\u015b\u0107\" \/>\n<meta property=\"og:description\" content=\"Ausdrucksstark, feminin und auffallend. Die Candy Ruffles Bluse in einem intensiven Rosaton ist f\u00fcr M\u00e4dchen, die Mode mit Charakter m\u00f6gen. Der flie\u00dfende Stoff und die auff\u00e4lligen R\u00fcschen sorgen f\u00fcr einen leichten, aber sehr stilvollen Look. Durch das Bindeband auf der Vorderseite sitzt die Bluse perfekt und akzentuiert die Taille auf subtile Weise. Dieses Modell \u00fcbernimmt [&hellip;]\" \/>\n<meta property=\"og:url\" content=\"https:\/\/amare-atelier.pl\/de\/produkt\/candy-ruffles-bluse-intensives-rosa\/\" \/>\n<meta property=\"og:site_name\" content=\"Amare Atelier \u2013 Modna Odzie\u017c Damska | Styl, Klasa, Kobieco\u015b\u0107\" \/>\n<meta property=\"article:publisher\" content=\"https:\/\/www.facebook.com\/profile.php?id=61577234792545\" \/>\n<meta property=\"og:image\" content=\"https:\/\/amare-atelier.pl\/wp-content\/uploads\/2026\/04\/f802d240-701a-4b41-aace-d8031a8a814c.jpeg\" \/>\n\t<meta property=\"og:image:width\" content=\"1152\" \/>\n\t<meta property=\"og:image:height\" content=\"2048\" \/>\n\t<meta property=\"og:image:type\" content=\"image\/jpeg\" \/>\n<meta name=\"twitter:card\" content=\"summary_large_image\" \/>\n<script type=\"application\/ld+json\" class=\"yoast-schema-graph\">{\"@context\":\"https:\/\/schema.org\",\"@graph\":[{\"@type\":\"WebPage\",\"@id\":\"https:\/\/amare-atelier.pl\/de\/produkt\/candy-ruffles-bluse-intensives-rosa\/\",\"url\":\"https:\/\/amare-atelier.pl\/de\/produkt\/candy-ruffles-bluse-intensives-rosa\/\",\"name\":\"Candy Ruffles Bluse - intensives Rosa - Amare Atelier \u2013 Modna Odzie\u017c Damska | Styl, Klasa, Kobieco\u015b\u0107\",\"isPartOf\":{\"@id\":\"https:\/\/amare-atelier.pl\/de\/#website\"},\"primaryImageOfPage\":{\"@id\":\"https:\/\/amare-atelier.pl\/de\/produkt\/candy-ruffles-bluse-intensives-rosa\/#primaryimage\"},\"image\":{\"@id\":\"https:\/\/amare-atelier.pl\/de\/produkt\/candy-ruffles-bluse-intensives-rosa\/#primaryimage\"},\"thumbnailUrl\":\"https:\/\/amare-atelier.pl\/wp-content\/uploads\/2026\/04\/f802d240-701a-4b41-aace-d8031a8a814c.jpeg\",\"datePublished\":\"2026-04-02T11:20:20+00:00\",\"breadcrumb\":{\"@id\":\"https:\/\/amare-atelier.pl\/de\/produkt\/candy-ruffles-bluse-intensives-rosa\/#breadcrumb\"},\"inLanguage\":\"de\",\"potentialAction\":[{\"@type\":\"ReadAction\",\"target\":[\"https:\/\/amare-atelier.pl\/de\/produkt\/candy-ruffles-bluse-intensives-rosa\/\"]}]},{\"@type\":\"ImageObject\",\"inLanguage\":\"de\",\"@id\":\"https:\/\/amare-atelier.pl\/de\/produkt\/candy-ruffles-bluse-intensives-rosa\/#primaryimage\",\"url\":\"https:\/\/amare-atelier.pl\/wp-content\/uploads\/2026\/04\/f802d240-701a-4b41-aace-d8031a8a814c.jpeg\",\"contentUrl\":\"https:\/\/amare-atelier.pl\/wp-content\/uploads\/2026\/04\/f802d240-701a-4b41-aace-d8031a8a814c.jpeg\",\"width\":1152,\"height\":2048},{\"@type\":\"BreadcrumbList\",\"@id\":\"https:\/\/amare-atelier.pl\/de\/produkt\/candy-ruffles-bluse-intensives-rosa\/#breadcrumb\",\"itemListElement\":[{\"@type\":\"ListItem\",\"position\":1,\"name\":\"Startseite\",\"item\":\"https:\/\/amare-atelier.pl\/de\/startseite\/\"},{\"@type\":\"ListItem\",\"position\":2,\"name\":\"Shop\",\"item\":\"https:\/\/amare-atelier.pl\/de\/shop\/\"},{\"@type\":\"ListItem\",\"position\":3,\"name\":\"Candy Ruffles Bluse &#8211; intensives Rosa\"}]},{\"@type\":\"WebSite\",\"@id\":\"https:\/\/amare-atelier.pl\/de\/#website\",\"url\":\"https:\/\/amare-atelier.pl\/de\/\",\"name\":\"Amare Atelier \u2013 Modna Odzie\u017c Damska | Styl, Klasa, Kobieco\u015b\u0107\",\"description\":\"\",\"publisher\":{\"@id\":\"https:\/\/amare-atelier.pl\/de\/#organization\"},\"potentialAction\":[{\"@type\":\"SearchAction\",\"target\":{\"@type\":\"EntryPoint\",\"urlTemplate\":\"https:\/\/amare-atelier.pl\/de\/?s={search_term_string}\"},\"query-input\":{\"@type\":\"PropertyValueSpecification\",\"valueRequired\":true,\"valueName\":\"search_term_string\"}}],\"inLanguage\":\"de\"},{\"@type\":\"Organization\",\"@id\":\"https:\/\/amare-atelier.pl\/de\/#organization\",\"name\":\"Amare Atelier \u2013 Modna Odzie\u017c Damska | Styl, Klasa, Kobieco\u015b\u0107\",\"url\":\"https:\/\/amare-atelier.pl\/de\/\",\"logo\":{\"@type\":\"ImageObject\",\"inLanguage\":\"de\",\"@id\":\"https:\/\/amare-atelier.pl\/de\/#\/schema\/logo\/image\/\",\"url\":\"https:\/\/amare-atelier.pl\/wp-content\/uploads\/2025\/06\/amare-logo.svg\",\"contentUrl\":\"https:\/\/amare-atelier.pl\/wp-content\/uploads\/2025\/06\/amare-logo.svg\",\"width\":578,\"height\":238,\"caption\":\"Amare Atelier \u2013 Modna Odzie\u017c Damska | Styl, Klasa, Kobieco\u015b\u0107\"},\"image\":{\"@id\":\"https:\/\/amare-atelier.pl\/de\/#\/schema\/logo\/image\/\"},\"sameAs\":[\"https:\/\/www.facebook.com\/profile.php?id=61577234792545\",\"https:\/\/www.instagram.com\/amare___atelier\/\"]}]}<\/script>\n<!-- \/ Yoast SEO plugin. -->","yoast_head_json":{"title":"Candy Ruffles Bluse - intensives Rosa - Amare Atelier \u2013 Modna Odzie\u017c Damska | Styl, Klasa, Kobieco\u015b\u0107","robots":{"index":"index","follow":"follow","max-snippet":"max-snippet:-1","max-image-preview":"max-image-preview:large","max-video-preview":"max-video-preview:-1"},"canonical":"https:\/\/amare-atelier.pl\/de\/produkt\/candy-ruffles-bluse-intensives-rosa\/","og_locale":"de_DE","og_type":"article","og_title":"Candy Ruffles Bluse - intensives Rosa - Amare Atelier \u2013 Modna Odzie\u017c Damska | Styl, Klasa, Kobieco\u015b\u0107","og_description":"Ausdrucksstark, feminin und auffallend. Die Candy Ruffles Bluse in einem intensiven Rosaton ist f\u00fcr M\u00e4dchen, die Mode mit Charakter m\u00f6gen. Der flie\u00dfende Stoff und die auff\u00e4lligen R\u00fcschen sorgen f\u00fcr einen leichten, aber sehr stilvollen Look. Durch das Bindeband auf der Vorderseite sitzt die Bluse perfekt und akzentuiert die Taille auf subtile Weise. Dieses Modell \u00fcbernimmt [&hellip;]","og_url":"https:\/\/amare-atelier.pl\/de\/produkt\/candy-ruffles-bluse-intensives-rosa\/","og_site_name":"Amare Atelier \u2013 Modna Odzie\u017c Damska | Styl, Klasa, Kobieco\u015b\u0107","article_publisher":"https:\/\/www.facebook.com\/profile.php?id=61577234792545","og_image":[{"width":1152,"height":2048,"url":"https:\/\/amare-atelier.pl\/wp-content\/uploads\/2026\/04\/f802d240-701a-4b41-aace-d8031a8a814c.jpeg","type":"image\/jpeg"}],"twitter_card":"summary_large_image","schema":{"@context":"https:\/\/schema.org","@graph":[{"@type":"WebPage","@id":"https:\/\/amare-atelier.pl\/de\/produkt\/candy-ruffles-bluse-intensives-rosa\/","url":"https:\/\/amare-atelier.pl\/de\/produkt\/candy-ruffles-bluse-intensives-rosa\/","name":"Candy Ruffles Bluse - intensives Rosa - Amare Atelier \u2013 Modna Odzie\u017c Damska | Styl, Klasa, Kobieco\u015b\u0107","isPartOf":{"@id":"https:\/\/amare-atelier.pl\/de\/#website"},"primaryImageOfPage":{"@id":"https:\/\/amare-atelier.pl\/de\/produkt\/candy-ruffles-bluse-intensives-rosa\/#primaryimage"},"image":{"@id":"https:\/\/amare-atelier.pl\/de\/produkt\/candy-ruffles-bluse-intensives-rosa\/#primaryimage"},"thumbnailUrl":"https:\/\/amare-atelier.pl\/wp-content\/uploads\/2026\/04\/f802d240-701a-4b41-aace-d8031a8a814c.jpeg","datePublished":"2026-04-02T11:20:20+00:00","breadcrumb":{"@id":"https:\/\/amare-atelier.pl\/de\/produkt\/candy-ruffles-bluse-intensives-rosa\/#breadcrumb"},"inLanguage":"de","potentialAction":[{"@type":"ReadAction","target":["https:\/\/amare-atelier.pl\/de\/produkt\/candy-ruffles-bluse-intensives-rosa\/"]}]},{"@type":"ImageObject","inLanguage":"de","@id":"https:\/\/amare-atelier.pl\/de\/produkt\/candy-ruffles-bluse-intensives-rosa\/#primaryimage","url":"https:\/\/amare-atelier.pl\/wp-content\/uploads\/2026\/04\/f802d240-701a-4b41-aace-d8031a8a814c.jpeg","contentUrl":"https:\/\/amare-atelier.pl\/wp-content\/uploads\/2026\/04\/f802d240-701a-4b41-aace-d8031a8a814c.jpeg","width":1152,"height":2048},{"@type":"BreadcrumbList","@id":"https:\/\/amare-atelier.pl\/de\/produkt\/candy-ruffles-bluse-intensives-rosa\/#breadcrumb","itemListElement":[{"@type":"ListItem","position":1,"name":"Startseite","item":"https:\/\/amare-atelier.pl\/de\/startseite\/"},{"@type":"ListItem","position":2,"name":"Shop","item":"https:\/\/amare-atelier.pl\/de\/shop\/"},{"@type":"ListItem","position":3,"name":"Candy Ruffles Bluse &#8211; intensives Rosa"}]},{"@type":"WebSite","@id":"https:\/\/amare-atelier.pl\/de\/#website","url":"https:\/\/amare-atelier.pl\/de\/","name":"Amare Atelier \u2013 Modna Odzie\u017c Damska | Styl, Klasa, Kobieco\u015b\u0107","description":"","publisher":{"@id":"https:\/\/amare-atelier.pl\/de\/#organization"},"potentialAction":[{"@type":"SearchAction","target":{"@type":"EntryPoint","urlTemplate":"https:\/\/amare-atelier.pl\/de\/?s={search_term_string}"},"query-input":{"@type":"PropertyValueSpecification","valueRequired":true,"valueName":"search_term_string"}}],"inLanguage":"de"},{"@type":"Organization","@id":"https:\/\/amare-atelier.pl\/de\/#organization","name":"Amare Atelier \u2013 Modna Odzie\u017c Damska | Styl, Klasa, Kobieco\u015b\u0107","url":"https:\/\/amare-atelier.pl\/de\/","logo":{"@type":"ImageObject","inLanguage":"de","@id":"https:\/\/amare-atelier.pl\/de\/#\/schema\/logo\/image\/","url":"https:\/\/amare-atelier.pl\/wp-content\/uploads\/2025\/06\/amare-logo.svg","contentUrl":"https:\/\/amare-atelier.pl\/wp-content\/uploads\/2025\/06\/amare-logo.svg","width":578,"height":238,"caption":"Amare Atelier \u2013 Modna Odzie\u017c Damska | Styl, Klasa, Kobieco\u015b\u0107"},"image":{"@id":"https:\/\/amare-atelier.pl\/de\/#\/schema\/logo\/image\/"},"sameAs":["https:\/\/www.facebook.com\/profile.php?id=61577234792545","https:\/\/www.instagram.com\/amare___atelier\/"]}]}},"_links":{"self":[{"href":"https:\/\/amare-atelier.pl\/de\/wp-json\/wp\/v2\/product\/87113","targetHints":{"allow":["GET"]}}],"collection":[{"href":"https:\/\/amare-atelier.pl\/de\/wp-json\/wp\/v2\/product"}],"about":[{"href":"https:\/\/amare-atelier.pl\/de\/wp-json\/wp\/v2\/types\/product"}],"wp:featuredmedia":[{"embeddable":true,"href":"https:\/\/amare-atelier.pl\/de\/wp-json\/wp\/v2\/media\/87103"}],"wp:attachment":[{"href":"https:\/\/amare-atelier.pl\/de\/wp-json\/wp\/v2\/media?parent=87113"}],"wp:term":[{"taxonomy":"product_brand","embeddable":true,"href":"https:\/\/amare-atelier.pl\/de\/wp-json\/wp\/v2\/product_brand?post=87113"},{"taxonomy":"product_cat","embeddable":true,"href":"https:\/\/amare-atelier.pl\/de\/wp-json\/wp\/v2\/product_cat?post=87113"},{"taxonomy":"product_tag","embeddable":true,"href":"https:\/\/amare-atelier.pl\/de\/wp-json\/wp\/v2\/product_tag?post=87113"}],"curies":[{"name":"wp","href":"https:\/\/api.w.org\/{rel}","templated":true}]}}