{"id":86438,"date":"2026-03-28T06:53:35","date_gmt":"2026-03-28T05:53:35","guid":{"rendered":"https:\/\/amare-atelier.pl\/produkt\/koerper-zweite-haut-rosa\/"},"modified":"2026-03-28T06:53:35","modified_gmt":"2026-03-28T05:53:35","slug":"koerper-zweite-haut-rosa","status":"publish","type":"product","link":"https:\/\/amare-atelier.pl\/de\/produkt\/koerper-zweite-haut-rosa\/","title":{"rendered":"K\u00f6rper Zweite Haut &#8211; Rosa"},"content":{"rendered":"<p>Ultrafemininer Body in einem zarten Rosaton, der wie eine zweite Haut wirkt. Er formt subtil die Silhouette und legt dank der eingebauten Polsterung die B\u00fcste sch\u00f6n frei. Der weiche, figurbetonte Stoff sorgt f\u00fcr ein leichtes und angenehmes Tragegef\u00fchl, w\u00e4hrend er Ihren K\u00f6rper wie verr\u00fcckt umspielt. Die verstellbaren Tr\u00e4ger sorgen f\u00fcr eine perfekte Passform und der Verschluss am Po f\u00fcr einen bequemen Sitz. Romantische, frische Farbe, die jeden Look aufpeppen wird    <span class=\"Apple-converted-space\"> <\/span><\/p>\n","protected":false},"excerpt":{"rendered":"<p>Ultrafemininer Body in einem zarten Rosaton, der wie eine zweite Haut wirkt. Er formt subtil die Silhouette und legt dank der eingebauten Polsterung die B\u00fcste sch\u00f6n frei. Der weiche, figurbetonte Stoff sorgt f\u00fcr ein leichtes und angenehmes Tragegef\u00fchl, w\u00e4hrend er Ihren K\u00f6rper wie verr\u00fcckt umspielt. Die verstellbaren Tr\u00e4ger sorgen f\u00fcr eine perfekte Passform und der [&hellip;]<\/p>\n","protected":false},"featured_media":86424,"template":"","meta":{"inline_featured_image":false},"product_brand":[],"product_cat":[254,251],"product_tag":[],"class_list":{"0":"post-86438","1":"product","2":"type-product","3":"status-publish","4":"has-post-thumbnail","6":"product_cat-blusen","7":"product_cat-neuheiten","10":"first","11":"instock","12":"shipping-taxable","13":"purchasable","14":"product-type-variable"},"yoast_head":"<!-- This site is optimized with the Yoast SEO plugin v26.3 - https:\/\/yoast.com\/wordpress\/plugins\/seo\/ -->\n<title>K\u00f6rper Zweite Haut - Rosa - Amare Atelier \u2013 Modna Odzie\u017c Damska | Styl, Klasa, Kobieco\u015b\u0107<\/title>\n<meta name=\"robots\" content=\"index, follow, max-snippet:-1, max-image-preview:large, max-video-preview:-1\" \/>\n<link rel=\"canonical\" href=\"https:\/\/amare-atelier.pl\/de\/produkt\/koerper-zweite-haut-rosa\/\" \/>\n<meta property=\"og:locale\" content=\"de_DE\" \/>\n<meta property=\"og:type\" content=\"article\" \/>\n<meta property=\"og:title\" content=\"K\u00f6rper Zweite Haut - Rosa - Amare Atelier \u2013 Modna Odzie\u017c Damska | Styl, Klasa, Kobieco\u015b\u0107\" \/>\n<meta property=\"og:description\" content=\"Ultrafemininer Body in einem zarten Rosaton, der wie eine zweite Haut wirkt. Er formt subtil die Silhouette und legt dank der eingebauten Polsterung die B\u00fcste sch\u00f6n frei. Der weiche, figurbetonte Stoff sorgt f\u00fcr ein leichtes und angenehmes Tragegef\u00fchl, w\u00e4hrend er Ihren K\u00f6rper wie verr\u00fcckt umspielt. Die verstellbaren Tr\u00e4ger sorgen f\u00fcr eine perfekte Passform und der [&hellip;]\" \/>\n<meta property=\"og:url\" content=\"https:\/\/amare-atelier.pl\/de\/produkt\/koerper-zweite-haut-rosa\/\" \/>\n<meta property=\"og:site_name\" content=\"Amare Atelier \u2013 Modna Odzie\u017c Damska | Styl, Klasa, Kobieco\u015b\u0107\" \/>\n<meta property=\"article:publisher\" content=\"https:\/\/www.facebook.com\/profile.php?id=61577234792545\" \/>\n<meta property=\"og:image\" content=\"https:\/\/amare-atelier.pl\/wp-content\/uploads\/2026\/03\/IMG_7710.jpeg\" \/>\n\t<meta property=\"og:image:width\" content=\"1320\" \/>\n\t<meta property=\"og:image:height\" content=\"2243\" \/>\n\t<meta property=\"og:image:type\" content=\"image\/jpeg\" \/>\n<meta name=\"twitter:card\" content=\"summary_large_image\" \/>\n<script type=\"application\/ld+json\" class=\"yoast-schema-graph\">{\"@context\":\"https:\/\/schema.org\",\"@graph\":[{\"@type\":\"WebPage\",\"@id\":\"https:\/\/amare-atelier.pl\/de\/produkt\/koerper-zweite-haut-rosa\/\",\"url\":\"https:\/\/amare-atelier.pl\/de\/produkt\/koerper-zweite-haut-rosa\/\",\"name\":\"K\u00f6rper Zweite Haut - Rosa - Amare Atelier \u2013 Modna Odzie\u017c Damska | Styl, Klasa, Kobieco\u015b\u0107\",\"isPartOf\":{\"@id\":\"https:\/\/amare-atelier.pl\/de\/#website\"},\"primaryImageOfPage\":{\"@id\":\"https:\/\/amare-atelier.pl\/de\/produkt\/koerper-zweite-haut-rosa\/#primaryimage\"},\"image\":{\"@id\":\"https:\/\/amare-atelier.pl\/de\/produkt\/koerper-zweite-haut-rosa\/#primaryimage\"},\"thumbnailUrl\":\"https:\/\/amare-atelier.pl\/wp-content\/uploads\/2026\/03\/IMG_7710.jpeg\",\"datePublished\":\"2026-03-28T05:53:35+00:00\",\"breadcrumb\":{\"@id\":\"https:\/\/amare-atelier.pl\/de\/produkt\/koerper-zweite-haut-rosa\/#breadcrumb\"},\"inLanguage\":\"de\",\"potentialAction\":[{\"@type\":\"ReadAction\",\"target\":[\"https:\/\/amare-atelier.pl\/de\/produkt\/koerper-zweite-haut-rosa\/\"]}]},{\"@type\":\"ImageObject\",\"inLanguage\":\"de\",\"@id\":\"https:\/\/amare-atelier.pl\/de\/produkt\/koerper-zweite-haut-rosa\/#primaryimage\",\"url\":\"https:\/\/amare-atelier.pl\/wp-content\/uploads\/2026\/03\/IMG_7710.jpeg\",\"contentUrl\":\"https:\/\/amare-atelier.pl\/wp-content\/uploads\/2026\/03\/IMG_7710.jpeg\",\"width\":1320,\"height\":2243,\"caption\":\"Screenshot\"},{\"@type\":\"BreadcrumbList\",\"@id\":\"https:\/\/amare-atelier.pl\/de\/produkt\/koerper-zweite-haut-rosa\/#breadcrumb\",\"itemListElement\":[{\"@type\":\"ListItem\",\"position\":1,\"name\":\"Startseite\",\"item\":\"https:\/\/amare-atelier.pl\/de\/startseite\/\"},{\"@type\":\"ListItem\",\"position\":2,\"name\":\"Shop\",\"item\":\"https:\/\/amare-atelier.pl\/de\/shop\/\"},{\"@type\":\"ListItem\",\"position\":3,\"name\":\"K\u00f6rper Zweite Haut &#8211; Rosa\"}]},{\"@type\":\"WebSite\",\"@id\":\"https:\/\/amare-atelier.pl\/de\/#website\",\"url\":\"https:\/\/amare-atelier.pl\/de\/\",\"name\":\"Amare Atelier \u2013 Modna Odzie\u017c Damska | Styl, Klasa, Kobieco\u015b\u0107\",\"description\":\"\",\"publisher\":{\"@id\":\"https:\/\/amare-atelier.pl\/de\/#organization\"},\"potentialAction\":[{\"@type\":\"SearchAction\",\"target\":{\"@type\":\"EntryPoint\",\"urlTemplate\":\"https:\/\/amare-atelier.pl\/de\/?s={search_term_string}\"},\"query-input\":{\"@type\":\"PropertyValueSpecification\",\"valueRequired\":true,\"valueName\":\"search_term_string\"}}],\"inLanguage\":\"de\"},{\"@type\":\"Organization\",\"@id\":\"https:\/\/amare-atelier.pl\/de\/#organization\",\"name\":\"Amare Atelier \u2013 Modna Odzie\u017c Damska | Styl, Klasa, Kobieco\u015b\u0107\",\"url\":\"https:\/\/amare-atelier.pl\/de\/\",\"logo\":{\"@type\":\"ImageObject\",\"inLanguage\":\"de\",\"@id\":\"https:\/\/amare-atelier.pl\/de\/#\/schema\/logo\/image\/\",\"url\":\"https:\/\/amare-atelier.pl\/wp-content\/uploads\/2025\/06\/amare-logo.svg\",\"contentUrl\":\"https:\/\/amare-atelier.pl\/wp-content\/uploads\/2025\/06\/amare-logo.svg\",\"width\":578,\"height\":238,\"caption\":\"Amare Atelier \u2013 Modna Odzie\u017c Damska | Styl, Klasa, Kobieco\u015b\u0107\"},\"image\":{\"@id\":\"https:\/\/amare-atelier.pl\/de\/#\/schema\/logo\/image\/\"},\"sameAs\":[\"https:\/\/www.facebook.com\/profile.php?id=61577234792545\",\"https:\/\/www.instagram.com\/amare___atelier\/\"]}]}<\/script>\n<!-- \/ Yoast SEO plugin. -->","yoast_head_json":{"title":"K\u00f6rper Zweite Haut - Rosa - Amare Atelier \u2013 Modna Odzie\u017c Damska | Styl, Klasa, Kobieco\u015b\u0107","robots":{"index":"index","follow":"follow","max-snippet":"max-snippet:-1","max-image-preview":"max-image-preview:large","max-video-preview":"max-video-preview:-1"},"canonical":"https:\/\/amare-atelier.pl\/de\/produkt\/koerper-zweite-haut-rosa\/","og_locale":"de_DE","og_type":"article","og_title":"K\u00f6rper Zweite Haut - Rosa - Amare Atelier \u2013 Modna Odzie\u017c Damska | Styl, Klasa, Kobieco\u015b\u0107","og_description":"Ultrafemininer Body in einem zarten Rosaton, der wie eine zweite Haut wirkt. Er formt subtil die Silhouette und legt dank der eingebauten Polsterung die B\u00fcste sch\u00f6n frei. Der weiche, figurbetonte Stoff sorgt f\u00fcr ein leichtes und angenehmes Tragegef\u00fchl, w\u00e4hrend er Ihren K\u00f6rper wie verr\u00fcckt umspielt. Die verstellbaren Tr\u00e4ger sorgen f\u00fcr eine perfekte Passform und der [&hellip;]","og_url":"https:\/\/amare-atelier.pl\/de\/produkt\/koerper-zweite-haut-rosa\/","og_site_name":"Amare Atelier \u2013 Modna Odzie\u017c Damska | Styl, Klasa, Kobieco\u015b\u0107","article_publisher":"https:\/\/www.facebook.com\/profile.php?id=61577234792545","og_image":[{"width":1320,"height":2243,"url":"https:\/\/amare-atelier.pl\/wp-content\/uploads\/2026\/03\/IMG_7710.jpeg","type":"image\/jpeg"}],"twitter_card":"summary_large_image","schema":{"@context":"https:\/\/schema.org","@graph":[{"@type":"WebPage","@id":"https:\/\/amare-atelier.pl\/de\/produkt\/koerper-zweite-haut-rosa\/","url":"https:\/\/amare-atelier.pl\/de\/produkt\/koerper-zweite-haut-rosa\/","name":"K\u00f6rper Zweite Haut - Rosa - Amare Atelier \u2013 Modna Odzie\u017c Damska | Styl, Klasa, Kobieco\u015b\u0107","isPartOf":{"@id":"https:\/\/amare-atelier.pl\/de\/#website"},"primaryImageOfPage":{"@id":"https:\/\/amare-atelier.pl\/de\/produkt\/koerper-zweite-haut-rosa\/#primaryimage"},"image":{"@id":"https:\/\/amare-atelier.pl\/de\/produkt\/koerper-zweite-haut-rosa\/#primaryimage"},"thumbnailUrl":"https:\/\/amare-atelier.pl\/wp-content\/uploads\/2026\/03\/IMG_7710.jpeg","datePublished":"2026-03-28T05:53:35+00:00","breadcrumb":{"@id":"https:\/\/amare-atelier.pl\/de\/produkt\/koerper-zweite-haut-rosa\/#breadcrumb"},"inLanguage":"de","potentialAction":[{"@type":"ReadAction","target":["https:\/\/amare-atelier.pl\/de\/produkt\/koerper-zweite-haut-rosa\/"]}]},{"@type":"ImageObject","inLanguage":"de","@id":"https:\/\/amare-atelier.pl\/de\/produkt\/koerper-zweite-haut-rosa\/#primaryimage","url":"https:\/\/amare-atelier.pl\/wp-content\/uploads\/2026\/03\/IMG_7710.jpeg","contentUrl":"https:\/\/amare-atelier.pl\/wp-content\/uploads\/2026\/03\/IMG_7710.jpeg","width":1320,"height":2243,"caption":"Screenshot"},{"@type":"BreadcrumbList","@id":"https:\/\/amare-atelier.pl\/de\/produkt\/koerper-zweite-haut-rosa\/#breadcrumb","itemListElement":[{"@type":"ListItem","position":1,"name":"Startseite","item":"https:\/\/amare-atelier.pl\/de\/startseite\/"},{"@type":"ListItem","position":2,"name":"Shop","item":"https:\/\/amare-atelier.pl\/de\/shop\/"},{"@type":"ListItem","position":3,"name":"K\u00f6rper Zweite Haut &#8211; Rosa"}]},{"@type":"WebSite","@id":"https:\/\/amare-atelier.pl\/de\/#website","url":"https:\/\/amare-atelier.pl\/de\/","name":"Amare Atelier \u2013 Modna Odzie\u017c Damska | Styl, Klasa, Kobieco\u015b\u0107","description":"","publisher":{"@id":"https:\/\/amare-atelier.pl\/de\/#organization"},"potentialAction":[{"@type":"SearchAction","target":{"@type":"EntryPoint","urlTemplate":"https:\/\/amare-atelier.pl\/de\/?s={search_term_string}"},"query-input":{"@type":"PropertyValueSpecification","valueRequired":true,"valueName":"search_term_string"}}],"inLanguage":"de"},{"@type":"Organization","@id":"https:\/\/amare-atelier.pl\/de\/#organization","name":"Amare Atelier \u2013 Modna Odzie\u017c Damska | Styl, Klasa, Kobieco\u015b\u0107","url":"https:\/\/amare-atelier.pl\/de\/","logo":{"@type":"ImageObject","inLanguage":"de","@id":"https:\/\/amare-atelier.pl\/de\/#\/schema\/logo\/image\/","url":"https:\/\/amare-atelier.pl\/wp-content\/uploads\/2025\/06\/amare-logo.svg","contentUrl":"https:\/\/amare-atelier.pl\/wp-content\/uploads\/2025\/06\/amare-logo.svg","width":578,"height":238,"caption":"Amare Atelier \u2013 Modna Odzie\u017c Damska | Styl, Klasa, Kobieco\u015b\u0107"},"image":{"@id":"https:\/\/amare-atelier.pl\/de\/#\/schema\/logo\/image\/"},"sameAs":["https:\/\/www.facebook.com\/profile.php?id=61577234792545","https:\/\/www.instagram.com\/amare___atelier\/"]}]}},"_links":{"self":[{"href":"https:\/\/amare-atelier.pl\/de\/wp-json\/wp\/v2\/product\/86438","targetHints":{"allow":["GET"]}}],"collection":[{"href":"https:\/\/amare-atelier.pl\/de\/wp-json\/wp\/v2\/product"}],"about":[{"href":"https:\/\/amare-atelier.pl\/de\/wp-json\/wp\/v2\/types\/product"}],"wp:featuredmedia":[{"embeddable":true,"href":"https:\/\/amare-atelier.pl\/de\/wp-json\/wp\/v2\/media\/86424"}],"wp:attachment":[{"href":"https:\/\/amare-atelier.pl\/de\/wp-json\/wp\/v2\/media?parent=86438"}],"wp:term":[{"taxonomy":"product_brand","embeddable":true,"href":"https:\/\/amare-atelier.pl\/de\/wp-json\/wp\/v2\/product_brand?post=86438"},{"taxonomy":"product_cat","embeddable":true,"href":"https:\/\/amare-atelier.pl\/de\/wp-json\/wp\/v2\/product_cat?post=86438"},{"taxonomy":"product_tag","embeddable":true,"href":"https:\/\/amare-atelier.pl\/de\/wp-json\/wp\/v2\/product_tag?post=86438"}],"curies":[{"name":"wp","href":"https:\/\/api.w.org\/{rel}","templated":true}]}}