{"id":85799,"date":"2026-03-27T07:26:06","date_gmt":"2026-03-27T06:26:06","guid":{"rendered":"https:\/\/amare-atelier.pl\/produkt\/insta-girl-trainingsanzug-3-teiliges-set\/"},"modified":"2026-03-27T07:26:06","modified_gmt":"2026-03-27T06:26:06","slug":"insta-girl-trainingsanzug-3-teiliges-set","status":"publish","type":"product","link":"https:\/\/amare-atelier.pl\/de\/produkt\/insta-girl-trainingsanzug-3-teiliges-set\/","title":{"rendered":"Insta Girl Trainingsanzug 3-teiliges Set"},"content":{"rendered":"<p>Ein stilvolles Set mit einem Insta-Girl-Vibe, das Komfort mit einem trendigen, minimalistischen Look kombiniert. Das kurze Sweatshirt und das passende Oberteil betonen wundersch\u00f6n die Silhouette, w\u00e4hrend die hoch taillierte Hose mit weitem Bein den Effekt eines leichten, lockeren Stylings im Vibe eines Off-Duty Models erzeugt. Das Set ist perfekt f\u00fcr den Alltag &#8211; zum Kaffee, auf Reisen, zum Einkaufen oder f\u00fcr einen l\u00e4ssigen Tag in der Stadt. Sie k\u00f6nnen es zusammen tragen oder die Teile einzeln kombinieren, um viele modische Outfits zu kreieren. Es ist ein Must-Have f\u00fcr Frauen, die clean girl, insta baddie und bequemen Luxusstil lieben.    <\/p>\n<p>&nbsp;<\/p>\n<p>Das Set ist aus hochwertigem 3-Faden-Stoff gefertigt &#8211; das Material ist atmungsaktiv, die Farbe w\u00e4scht sich nicht aus, verliert nach dem Waschen nicht den Schnitt und ballt sich nicht.<!--more--><\/p>\n","protected":false},"excerpt":{"rendered":"<p>Ein stilvolles Set mit einem Insta-Girl-Vibe, das Komfort mit einem trendigen, minimalistischen Look kombiniert. Das kurze Sweatshirt und das passende Oberteil betonen wundersch\u00f6n die Silhouette, w\u00e4hrend die hoch taillierte Hose mit weitem Bein den Effekt eines leichten, lockeren Stylings im Vibe eines Off-Duty Models erzeugt. Das Set ist perfekt f\u00fcr den Alltag &#8211; zum Kaffee, [&hellip;]<\/p>\n","protected":false},"featured_media":85774,"template":"","meta":{"inline_featured_image":false},"product_brand":[],"product_cat":[251,309],"product_tag":[],"class_list":{"0":"post-85799","1":"product","2":"type-product","3":"status-publish","4":"has-post-thumbnail","6":"product_cat-neuheiten","7":"product_cat-trainingsanzuge","10":"first","11":"instock","12":"shipping-taxable","13":"purchasable","14":"product-type-variable"},"yoast_head":"<!-- This site is optimized with the Yoast SEO plugin v26.3 - https:\/\/yoast.com\/wordpress\/plugins\/seo\/ -->\n<title>Insta Girl Trainingsanzug 3-teiliges Set - Amare Atelier \u2013 Modna Odzie\u017c Damska | Styl, Klasa, Kobieco\u015b\u0107<\/title>\n<meta name=\"robots\" content=\"index, follow, max-snippet:-1, max-image-preview:large, max-video-preview:-1\" \/>\n<link rel=\"canonical\" href=\"https:\/\/amare-atelier.pl\/de\/produkt\/insta-girl-trainingsanzug-3-teiliges-set\/\" \/>\n<meta property=\"og:locale\" content=\"de_DE\" \/>\n<meta property=\"og:type\" content=\"article\" \/>\n<meta property=\"og:title\" content=\"Insta Girl Trainingsanzug 3-teiliges Set - Amare Atelier \u2013 Modna Odzie\u017c Damska | Styl, Klasa, Kobieco\u015b\u0107\" \/>\n<meta property=\"og:description\" content=\"Ein stilvolles Set mit einem Insta-Girl-Vibe, das Komfort mit einem trendigen, minimalistischen Look kombiniert. Das kurze Sweatshirt und das passende Oberteil betonen wundersch\u00f6n die Silhouette, w\u00e4hrend die hoch taillierte Hose mit weitem Bein den Effekt eines leichten, lockeren Stylings im Vibe eines Off-Duty Models erzeugt. Das Set ist perfekt f\u00fcr den Alltag &#8211; zum Kaffee, [&hellip;]\" \/>\n<meta property=\"og:url\" content=\"https:\/\/amare-atelier.pl\/de\/produkt\/insta-girl-trainingsanzug-3-teiliges-set\/\" \/>\n<meta property=\"og:site_name\" content=\"Amare Atelier \u2013 Modna Odzie\u017c Damska | Styl, Klasa, Kobieco\u015b\u0107\" \/>\n<meta property=\"article:publisher\" content=\"https:\/\/www.facebook.com\/profile.php?id=61577234792545\" \/>\n<meta property=\"og:image\" content=\"https:\/\/amare-atelier.pl\/wp-content\/uploads\/2026\/03\/IMG_7648.webp\" \/>\n\t<meta property=\"og:image:width\" content=\"1200\" \/>\n\t<meta property=\"og:image:height\" content=\"1800\" \/>\n\t<meta property=\"og:image:type\" content=\"image\/webp\" \/>\n<meta name=\"twitter:card\" content=\"summary_large_image\" \/>\n<meta name=\"twitter:label1\" content=\"Gesch\u00e4tzte Lesezeit\" \/>\n\t<meta name=\"twitter:data1\" content=\"1\u00a0Minute\" \/>\n<script type=\"application\/ld+json\" class=\"yoast-schema-graph\">{\"@context\":\"https:\/\/schema.org\",\"@graph\":[{\"@type\":\"WebPage\",\"@id\":\"https:\/\/amare-atelier.pl\/de\/produkt\/insta-girl-trainingsanzug-3-teiliges-set\/\",\"url\":\"https:\/\/amare-atelier.pl\/de\/produkt\/insta-girl-trainingsanzug-3-teiliges-set\/\",\"name\":\"Insta Girl Trainingsanzug 3-teiliges Set - Amare Atelier \u2013 Modna Odzie\u017c Damska | Styl, Klasa, Kobieco\u015b\u0107\",\"isPartOf\":{\"@id\":\"https:\/\/amare-atelier.pl\/de\/#website\"},\"primaryImageOfPage\":{\"@id\":\"https:\/\/amare-atelier.pl\/de\/produkt\/insta-girl-trainingsanzug-3-teiliges-set\/#primaryimage\"},\"image\":{\"@id\":\"https:\/\/amare-atelier.pl\/de\/produkt\/insta-girl-trainingsanzug-3-teiliges-set\/#primaryimage\"},\"thumbnailUrl\":\"https:\/\/amare-atelier.pl\/wp-content\/uploads\/2026\/03\/IMG_7648.webp\",\"datePublished\":\"2026-03-27T06:26:06+00:00\",\"breadcrumb\":{\"@id\":\"https:\/\/amare-atelier.pl\/de\/produkt\/insta-girl-trainingsanzug-3-teiliges-set\/#breadcrumb\"},\"inLanguage\":\"de\",\"potentialAction\":[{\"@type\":\"ReadAction\",\"target\":[\"https:\/\/amare-atelier.pl\/de\/produkt\/insta-girl-trainingsanzug-3-teiliges-set\/\"]}]},{\"@type\":\"ImageObject\",\"inLanguage\":\"de\",\"@id\":\"https:\/\/amare-atelier.pl\/de\/produkt\/insta-girl-trainingsanzug-3-teiliges-set\/#primaryimage\",\"url\":\"https:\/\/amare-atelier.pl\/wp-content\/uploads\/2026\/03\/IMG_7648.webp\",\"contentUrl\":\"https:\/\/amare-atelier.pl\/wp-content\/uploads\/2026\/03\/IMG_7648.webp\",\"width\":1200,\"height\":1800},{\"@type\":\"BreadcrumbList\",\"@id\":\"https:\/\/amare-atelier.pl\/de\/produkt\/insta-girl-trainingsanzug-3-teiliges-set\/#breadcrumb\",\"itemListElement\":[{\"@type\":\"ListItem\",\"position\":1,\"name\":\"Startseite\",\"item\":\"https:\/\/amare-atelier.pl\/de\/startseite\/\"},{\"@type\":\"ListItem\",\"position\":2,\"name\":\"Shop\",\"item\":\"https:\/\/amare-atelier.pl\/de\/shop\/\"},{\"@type\":\"ListItem\",\"position\":3,\"name\":\"Insta Girl Trainingsanzug 3-teiliges Set\"}]},{\"@type\":\"WebSite\",\"@id\":\"https:\/\/amare-atelier.pl\/de\/#website\",\"url\":\"https:\/\/amare-atelier.pl\/de\/\",\"name\":\"Amare Atelier \u2013 Modna Odzie\u017c Damska | Styl, Klasa, Kobieco\u015b\u0107\",\"description\":\"\",\"publisher\":{\"@id\":\"https:\/\/amare-atelier.pl\/de\/#organization\"},\"potentialAction\":[{\"@type\":\"SearchAction\",\"target\":{\"@type\":\"EntryPoint\",\"urlTemplate\":\"https:\/\/amare-atelier.pl\/de\/?s={search_term_string}\"},\"query-input\":{\"@type\":\"PropertyValueSpecification\",\"valueRequired\":true,\"valueName\":\"search_term_string\"}}],\"inLanguage\":\"de\"},{\"@type\":\"Organization\",\"@id\":\"https:\/\/amare-atelier.pl\/de\/#organization\",\"name\":\"Amare Atelier \u2013 Modna Odzie\u017c Damska | Styl, Klasa, Kobieco\u015b\u0107\",\"url\":\"https:\/\/amare-atelier.pl\/de\/\",\"logo\":{\"@type\":\"ImageObject\",\"inLanguage\":\"de\",\"@id\":\"https:\/\/amare-atelier.pl\/de\/#\/schema\/logo\/image\/\",\"url\":\"https:\/\/amare-atelier.pl\/wp-content\/uploads\/2025\/06\/amare-logo.svg\",\"contentUrl\":\"https:\/\/amare-atelier.pl\/wp-content\/uploads\/2025\/06\/amare-logo.svg\",\"width\":578,\"height\":238,\"caption\":\"Amare Atelier \u2013 Modna Odzie\u017c Damska | Styl, Klasa, Kobieco\u015b\u0107\"},\"image\":{\"@id\":\"https:\/\/amare-atelier.pl\/de\/#\/schema\/logo\/image\/\"},\"sameAs\":[\"https:\/\/www.facebook.com\/profile.php?id=61577234792545\",\"https:\/\/www.instagram.com\/amare___atelier\/\"]}]}<\/script>\n<!-- \/ Yoast SEO plugin. -->","yoast_head_json":{"title":"Insta Girl Trainingsanzug 3-teiliges Set - Amare Atelier \u2013 Modna Odzie\u017c Damska | Styl, Klasa, Kobieco\u015b\u0107","robots":{"index":"index","follow":"follow","max-snippet":"max-snippet:-1","max-image-preview":"max-image-preview:large","max-video-preview":"max-video-preview:-1"},"canonical":"https:\/\/amare-atelier.pl\/de\/produkt\/insta-girl-trainingsanzug-3-teiliges-set\/","og_locale":"de_DE","og_type":"article","og_title":"Insta Girl Trainingsanzug 3-teiliges Set - Amare Atelier \u2013 Modna Odzie\u017c Damska | Styl, Klasa, Kobieco\u015b\u0107","og_description":"Ein stilvolles Set mit einem Insta-Girl-Vibe, das Komfort mit einem trendigen, minimalistischen Look kombiniert. Das kurze Sweatshirt und das passende Oberteil betonen wundersch\u00f6n die Silhouette, w\u00e4hrend die hoch taillierte Hose mit weitem Bein den Effekt eines leichten, lockeren Stylings im Vibe eines Off-Duty Models erzeugt. Das Set ist perfekt f\u00fcr den Alltag &#8211; zum Kaffee, [&hellip;]","og_url":"https:\/\/amare-atelier.pl\/de\/produkt\/insta-girl-trainingsanzug-3-teiliges-set\/","og_site_name":"Amare Atelier \u2013 Modna Odzie\u017c Damska | Styl, Klasa, Kobieco\u015b\u0107","article_publisher":"https:\/\/www.facebook.com\/profile.php?id=61577234792545","og_image":[{"width":1200,"height":1800,"url":"https:\/\/amare-atelier.pl\/wp-content\/uploads\/2026\/03\/IMG_7648.webp","type":"image\/webp"}],"twitter_card":"summary_large_image","twitter_misc":{"Gesch\u00e4tzte Lesezeit":"1\u00a0Minute"},"schema":{"@context":"https:\/\/schema.org","@graph":[{"@type":"WebPage","@id":"https:\/\/amare-atelier.pl\/de\/produkt\/insta-girl-trainingsanzug-3-teiliges-set\/","url":"https:\/\/amare-atelier.pl\/de\/produkt\/insta-girl-trainingsanzug-3-teiliges-set\/","name":"Insta Girl Trainingsanzug 3-teiliges Set - Amare Atelier \u2013 Modna Odzie\u017c Damska | Styl, Klasa, Kobieco\u015b\u0107","isPartOf":{"@id":"https:\/\/amare-atelier.pl\/de\/#website"},"primaryImageOfPage":{"@id":"https:\/\/amare-atelier.pl\/de\/produkt\/insta-girl-trainingsanzug-3-teiliges-set\/#primaryimage"},"image":{"@id":"https:\/\/amare-atelier.pl\/de\/produkt\/insta-girl-trainingsanzug-3-teiliges-set\/#primaryimage"},"thumbnailUrl":"https:\/\/amare-atelier.pl\/wp-content\/uploads\/2026\/03\/IMG_7648.webp","datePublished":"2026-03-27T06:26:06+00:00","breadcrumb":{"@id":"https:\/\/amare-atelier.pl\/de\/produkt\/insta-girl-trainingsanzug-3-teiliges-set\/#breadcrumb"},"inLanguage":"de","potentialAction":[{"@type":"ReadAction","target":["https:\/\/amare-atelier.pl\/de\/produkt\/insta-girl-trainingsanzug-3-teiliges-set\/"]}]},{"@type":"ImageObject","inLanguage":"de","@id":"https:\/\/amare-atelier.pl\/de\/produkt\/insta-girl-trainingsanzug-3-teiliges-set\/#primaryimage","url":"https:\/\/amare-atelier.pl\/wp-content\/uploads\/2026\/03\/IMG_7648.webp","contentUrl":"https:\/\/amare-atelier.pl\/wp-content\/uploads\/2026\/03\/IMG_7648.webp","width":1200,"height":1800},{"@type":"BreadcrumbList","@id":"https:\/\/amare-atelier.pl\/de\/produkt\/insta-girl-trainingsanzug-3-teiliges-set\/#breadcrumb","itemListElement":[{"@type":"ListItem","position":1,"name":"Startseite","item":"https:\/\/amare-atelier.pl\/de\/startseite\/"},{"@type":"ListItem","position":2,"name":"Shop","item":"https:\/\/amare-atelier.pl\/de\/shop\/"},{"@type":"ListItem","position":3,"name":"Insta Girl Trainingsanzug 3-teiliges Set"}]},{"@type":"WebSite","@id":"https:\/\/amare-atelier.pl\/de\/#website","url":"https:\/\/amare-atelier.pl\/de\/","name":"Amare Atelier \u2013 Modna Odzie\u017c Damska | Styl, Klasa, Kobieco\u015b\u0107","description":"","publisher":{"@id":"https:\/\/amare-atelier.pl\/de\/#organization"},"potentialAction":[{"@type":"SearchAction","target":{"@type":"EntryPoint","urlTemplate":"https:\/\/amare-atelier.pl\/de\/?s={search_term_string}"},"query-input":{"@type":"PropertyValueSpecification","valueRequired":true,"valueName":"search_term_string"}}],"inLanguage":"de"},{"@type":"Organization","@id":"https:\/\/amare-atelier.pl\/de\/#organization","name":"Amare Atelier \u2013 Modna Odzie\u017c Damska | Styl, Klasa, Kobieco\u015b\u0107","url":"https:\/\/amare-atelier.pl\/de\/","logo":{"@type":"ImageObject","inLanguage":"de","@id":"https:\/\/amare-atelier.pl\/de\/#\/schema\/logo\/image\/","url":"https:\/\/amare-atelier.pl\/wp-content\/uploads\/2025\/06\/amare-logo.svg","contentUrl":"https:\/\/amare-atelier.pl\/wp-content\/uploads\/2025\/06\/amare-logo.svg","width":578,"height":238,"caption":"Amare Atelier \u2013 Modna Odzie\u017c Damska | Styl, Klasa, Kobieco\u015b\u0107"},"image":{"@id":"https:\/\/amare-atelier.pl\/de\/#\/schema\/logo\/image\/"},"sameAs":["https:\/\/www.facebook.com\/profile.php?id=61577234792545","https:\/\/www.instagram.com\/amare___atelier\/"]}]}},"_links":{"self":[{"href":"https:\/\/amare-atelier.pl\/de\/wp-json\/wp\/v2\/product\/85799","targetHints":{"allow":["GET"]}}],"collection":[{"href":"https:\/\/amare-atelier.pl\/de\/wp-json\/wp\/v2\/product"}],"about":[{"href":"https:\/\/amare-atelier.pl\/de\/wp-json\/wp\/v2\/types\/product"}],"wp:featuredmedia":[{"embeddable":true,"href":"https:\/\/amare-atelier.pl\/de\/wp-json\/wp\/v2\/media\/85774"}],"wp:attachment":[{"href":"https:\/\/amare-atelier.pl\/de\/wp-json\/wp\/v2\/media?parent=85799"}],"wp:term":[{"taxonomy":"product_brand","embeddable":true,"href":"https:\/\/amare-atelier.pl\/de\/wp-json\/wp\/v2\/product_brand?post=85799"},{"taxonomy":"product_cat","embeddable":true,"href":"https:\/\/amare-atelier.pl\/de\/wp-json\/wp\/v2\/product_cat?post=85799"},{"taxonomy":"product_tag","embeddable":true,"href":"https:\/\/amare-atelier.pl\/de\/wp-json\/wp\/v2\/product_tag?post=85799"}],"curies":[{"name":"wp","href":"https:\/\/api.w.org\/{rel}","templated":true}]}}