{"id":82366,"date":"2026-03-17T12:44:14","date_gmt":"2026-03-17T11:44:14","guid":{"rendered":"https:\/\/amare-atelier.pl\/produkt\/sweet-butter-baumwoll-trainingsanzug\/"},"modified":"2026-03-17T12:44:14","modified_gmt":"2026-03-17T11:44:14","slug":"sweet-butter-baumwoll-trainingsanzug","status":"publish","type":"product","link":"https:\/\/amare-atelier.pl\/de\/produkt\/sweet-butter-baumwoll-trainingsanzug\/","title":{"rendered":"Sweet Butter Baumwoll-Trainingsanzug"},"content":{"rendered":"<p>Das \u00fcbergro\u00dfe gerippte Sweatshirt und die perfekt geschnittene Hose bilden ein Set, das Komfort mit \u00c4sthetik verbindet. Kordelz\u00fcge an den Kn\u00f6cheln verleihen der Silhouette Leichtigkeit und Proportionen. Die weiche Baumwolle schmiegt sich an den K\u00f6rper und sorgt f\u00fcr absoluten Komfort. Der Farbton Sweet Butter ist eine helle, buttrige Farbe, die jeden Look aufpeppt.   <\/p>\n","protected":false},"excerpt":{"rendered":"<p>Das \u00fcbergro\u00dfe gerippte Sweatshirt und die perfekt geschnittene Hose bilden ein Set, das Komfort mit \u00c4sthetik verbindet. Kordelz\u00fcge an den Kn\u00f6cheln verleihen der Silhouette Leichtigkeit und Proportionen. Die weiche Baumwolle schmiegt sich an den K\u00f6rper und sorgt f\u00fcr absoluten Komfort. Der Farbton Sweet Butter ist eine helle, buttrige Farbe, die jeden Look aufpeppt.<\/p>\n","protected":false},"featured_media":82352,"template":"","meta":{"inline_featured_image":false},"product_brand":[],"product_cat":[150,291],"product_tag":[],"class_list":{"0":"post-82366","1":"product","2":"type-product","3":"status-publish","4":"has-post-thumbnail","6":"product_cat-nowosci","7":"product_cat-dresy","10":"first","11":"instock","12":"shipping-taxable","13":"purchasable","14":"product-type-variable"},"yoast_head":"<!-- This site is optimized with the Yoast SEO plugin v26.3 - https:\/\/yoast.com\/wordpress\/plugins\/seo\/ -->\n<title>Sweet Butter Baumwoll-Trainingsanzug - Amare Atelier \u2013 Modna Odzie\u017c Damska | Styl, Klasa, Kobieco\u015b\u0107<\/title>\n<meta name=\"robots\" content=\"index, follow, max-snippet:-1, max-image-preview:large, max-video-preview:-1\" \/>\n<link rel=\"canonical\" href=\"https:\/\/amare-atelier.pl\/de\/produkt\/sweet-butter-baumwoll-trainingsanzug\/\" \/>\n<meta property=\"og:locale\" content=\"de_DE\" \/>\n<meta property=\"og:type\" content=\"article\" \/>\n<meta property=\"og:title\" content=\"Sweet Butter Baumwoll-Trainingsanzug - Amare Atelier \u2013 Modna Odzie\u017c Damska | Styl, Klasa, Kobieco\u015b\u0107\" \/>\n<meta property=\"og:description\" content=\"Das \u00fcbergro\u00dfe gerippte Sweatshirt und die perfekt geschnittene Hose bilden ein Set, das Komfort mit \u00c4sthetik verbindet. Kordelz\u00fcge an den Kn\u00f6cheln verleihen der Silhouette Leichtigkeit und Proportionen. Die weiche Baumwolle schmiegt sich an den K\u00f6rper und sorgt f\u00fcr absoluten Komfort. Der Farbton Sweet Butter ist eine helle, buttrige Farbe, die jeden Look aufpeppt.\" \/>\n<meta property=\"og:url\" content=\"https:\/\/amare-atelier.pl\/de\/produkt\/sweet-butter-baumwoll-trainingsanzug\/\" \/>\n<meta property=\"og:site_name\" content=\"Amare Atelier \u2013 Modna Odzie\u017c Damska | Styl, Klasa, Kobieco\u015b\u0107\" \/>\n<meta property=\"article:publisher\" content=\"https:\/\/www.facebook.com\/profile.php?id=61577234792545\" \/>\n<meta property=\"og:image\" content=\"https:\/\/amare-atelier.pl\/wp-content\/uploads\/2026\/03\/IMG_6913.jpeg\" \/>\n\t<meta property=\"og:image:width\" content=\"1442\" \/>\n\t<meta property=\"og:image:height\" content=\"1803\" \/>\n\t<meta property=\"og:image:type\" content=\"image\/jpeg\" \/>\n<meta name=\"twitter:card\" content=\"summary_large_image\" \/>\n<script type=\"application\/ld+json\" class=\"yoast-schema-graph\">{\"@context\":\"https:\/\/schema.org\",\"@graph\":[{\"@type\":\"WebPage\",\"@id\":\"https:\/\/amare-atelier.pl\/de\/produkt\/sweet-butter-baumwoll-trainingsanzug\/\",\"url\":\"https:\/\/amare-atelier.pl\/de\/produkt\/sweet-butter-baumwoll-trainingsanzug\/\",\"name\":\"Sweet Butter Baumwoll-Trainingsanzug - Amare Atelier \u2013 Modna Odzie\u017c Damska | Styl, Klasa, Kobieco\u015b\u0107\",\"isPartOf\":{\"@id\":\"https:\/\/amare-atelier.pl\/de\/#website\"},\"primaryImageOfPage\":{\"@id\":\"https:\/\/amare-atelier.pl\/de\/produkt\/sweet-butter-baumwoll-trainingsanzug\/#primaryimage\"},\"image\":{\"@id\":\"https:\/\/amare-atelier.pl\/de\/produkt\/sweet-butter-baumwoll-trainingsanzug\/#primaryimage\"},\"thumbnailUrl\":\"https:\/\/amare-atelier.pl\/wp-content\/uploads\/2026\/03\/IMG_6913.jpeg\",\"datePublished\":\"2026-03-17T11:44:14+00:00\",\"breadcrumb\":{\"@id\":\"https:\/\/amare-atelier.pl\/de\/produkt\/sweet-butter-baumwoll-trainingsanzug\/#breadcrumb\"},\"inLanguage\":\"de\",\"potentialAction\":[{\"@type\":\"ReadAction\",\"target\":[\"https:\/\/amare-atelier.pl\/de\/produkt\/sweet-butter-baumwoll-trainingsanzug\/\"]}]},{\"@type\":\"ImageObject\",\"inLanguage\":\"de\",\"@id\":\"https:\/\/amare-atelier.pl\/de\/produkt\/sweet-butter-baumwoll-trainingsanzug\/#primaryimage\",\"url\":\"https:\/\/amare-atelier.pl\/wp-content\/uploads\/2026\/03\/IMG_6913.jpeg\",\"contentUrl\":\"https:\/\/amare-atelier.pl\/wp-content\/uploads\/2026\/03\/IMG_6913.jpeg\",\"width\":1442,\"height\":1803},{\"@type\":\"BreadcrumbList\",\"@id\":\"https:\/\/amare-atelier.pl\/de\/produkt\/sweet-butter-baumwoll-trainingsanzug\/#breadcrumb\",\"itemListElement\":[{\"@type\":\"ListItem\",\"position\":1,\"name\":\"Startseite\",\"item\":\"https:\/\/amare-atelier.pl\/de\/startseite\/\"},{\"@type\":\"ListItem\",\"position\":2,\"name\":\"Shop\",\"item\":\"https:\/\/amare-atelier.pl\/de\/shop\/\"},{\"@type\":\"ListItem\",\"position\":3,\"name\":\"Sweet Butter Baumwoll-Trainingsanzug\"}]},{\"@type\":\"WebSite\",\"@id\":\"https:\/\/amare-atelier.pl\/de\/#website\",\"url\":\"https:\/\/amare-atelier.pl\/de\/\",\"name\":\"Amare Atelier \u2013 Modna Odzie\u017c Damska | Styl, Klasa, Kobieco\u015b\u0107\",\"description\":\"\",\"publisher\":{\"@id\":\"https:\/\/amare-atelier.pl\/de\/#organization\"},\"potentialAction\":[{\"@type\":\"SearchAction\",\"target\":{\"@type\":\"EntryPoint\",\"urlTemplate\":\"https:\/\/amare-atelier.pl\/de\/?s={search_term_string}\"},\"query-input\":{\"@type\":\"PropertyValueSpecification\",\"valueRequired\":true,\"valueName\":\"search_term_string\"}}],\"inLanguage\":\"de\"},{\"@type\":\"Organization\",\"@id\":\"https:\/\/amare-atelier.pl\/de\/#organization\",\"name\":\"Amare Atelier \u2013 Modna Odzie\u017c Damska | Styl, Klasa, Kobieco\u015b\u0107\",\"url\":\"https:\/\/amare-atelier.pl\/de\/\",\"logo\":{\"@type\":\"ImageObject\",\"inLanguage\":\"de\",\"@id\":\"https:\/\/amare-atelier.pl\/de\/#\/schema\/logo\/image\/\",\"url\":\"https:\/\/amare-atelier.pl\/wp-content\/uploads\/2025\/06\/amare-logo.svg\",\"contentUrl\":\"https:\/\/amare-atelier.pl\/wp-content\/uploads\/2025\/06\/amare-logo.svg\",\"width\":578,\"height\":238,\"caption\":\"Amare Atelier \u2013 Modna Odzie\u017c Damska | Styl, Klasa, Kobieco\u015b\u0107\"},\"image\":{\"@id\":\"https:\/\/amare-atelier.pl\/de\/#\/schema\/logo\/image\/\"},\"sameAs\":[\"https:\/\/www.facebook.com\/profile.php?id=61577234792545\",\"https:\/\/www.instagram.com\/amare___atelier\/\"]}]}<\/script>\n<!-- \/ Yoast SEO plugin. -->","yoast_head_json":{"title":"Sweet Butter Baumwoll-Trainingsanzug - Amare Atelier \u2013 Modna Odzie\u017c Damska | Styl, Klasa, Kobieco\u015b\u0107","robots":{"index":"index","follow":"follow","max-snippet":"max-snippet:-1","max-image-preview":"max-image-preview:large","max-video-preview":"max-video-preview:-1"},"canonical":"https:\/\/amare-atelier.pl\/de\/produkt\/sweet-butter-baumwoll-trainingsanzug\/","og_locale":"de_DE","og_type":"article","og_title":"Sweet Butter Baumwoll-Trainingsanzug - Amare Atelier \u2013 Modna Odzie\u017c Damska | Styl, Klasa, Kobieco\u015b\u0107","og_description":"Das \u00fcbergro\u00dfe gerippte Sweatshirt und die perfekt geschnittene Hose bilden ein Set, das Komfort mit \u00c4sthetik verbindet. Kordelz\u00fcge an den Kn\u00f6cheln verleihen der Silhouette Leichtigkeit und Proportionen. Die weiche Baumwolle schmiegt sich an den K\u00f6rper und sorgt f\u00fcr absoluten Komfort. Der Farbton Sweet Butter ist eine helle, buttrige Farbe, die jeden Look aufpeppt.","og_url":"https:\/\/amare-atelier.pl\/de\/produkt\/sweet-butter-baumwoll-trainingsanzug\/","og_site_name":"Amare Atelier \u2013 Modna Odzie\u017c Damska | Styl, Klasa, Kobieco\u015b\u0107","article_publisher":"https:\/\/www.facebook.com\/profile.php?id=61577234792545","og_image":[{"width":1442,"height":1803,"url":"https:\/\/amare-atelier.pl\/wp-content\/uploads\/2026\/03\/IMG_6913.jpeg","type":"image\/jpeg"}],"twitter_card":"summary_large_image","schema":{"@context":"https:\/\/schema.org","@graph":[{"@type":"WebPage","@id":"https:\/\/amare-atelier.pl\/de\/produkt\/sweet-butter-baumwoll-trainingsanzug\/","url":"https:\/\/amare-atelier.pl\/de\/produkt\/sweet-butter-baumwoll-trainingsanzug\/","name":"Sweet Butter Baumwoll-Trainingsanzug - Amare Atelier \u2013 Modna Odzie\u017c Damska | Styl, Klasa, Kobieco\u015b\u0107","isPartOf":{"@id":"https:\/\/amare-atelier.pl\/de\/#website"},"primaryImageOfPage":{"@id":"https:\/\/amare-atelier.pl\/de\/produkt\/sweet-butter-baumwoll-trainingsanzug\/#primaryimage"},"image":{"@id":"https:\/\/amare-atelier.pl\/de\/produkt\/sweet-butter-baumwoll-trainingsanzug\/#primaryimage"},"thumbnailUrl":"https:\/\/amare-atelier.pl\/wp-content\/uploads\/2026\/03\/IMG_6913.jpeg","datePublished":"2026-03-17T11:44:14+00:00","breadcrumb":{"@id":"https:\/\/amare-atelier.pl\/de\/produkt\/sweet-butter-baumwoll-trainingsanzug\/#breadcrumb"},"inLanguage":"de","potentialAction":[{"@type":"ReadAction","target":["https:\/\/amare-atelier.pl\/de\/produkt\/sweet-butter-baumwoll-trainingsanzug\/"]}]},{"@type":"ImageObject","inLanguage":"de","@id":"https:\/\/amare-atelier.pl\/de\/produkt\/sweet-butter-baumwoll-trainingsanzug\/#primaryimage","url":"https:\/\/amare-atelier.pl\/wp-content\/uploads\/2026\/03\/IMG_6913.jpeg","contentUrl":"https:\/\/amare-atelier.pl\/wp-content\/uploads\/2026\/03\/IMG_6913.jpeg","width":1442,"height":1803},{"@type":"BreadcrumbList","@id":"https:\/\/amare-atelier.pl\/de\/produkt\/sweet-butter-baumwoll-trainingsanzug\/#breadcrumb","itemListElement":[{"@type":"ListItem","position":1,"name":"Startseite","item":"https:\/\/amare-atelier.pl\/de\/startseite\/"},{"@type":"ListItem","position":2,"name":"Shop","item":"https:\/\/amare-atelier.pl\/de\/shop\/"},{"@type":"ListItem","position":3,"name":"Sweet Butter Baumwoll-Trainingsanzug"}]},{"@type":"WebSite","@id":"https:\/\/amare-atelier.pl\/de\/#website","url":"https:\/\/amare-atelier.pl\/de\/","name":"Amare Atelier \u2013 Modna Odzie\u017c Damska | Styl, Klasa, Kobieco\u015b\u0107","description":"","publisher":{"@id":"https:\/\/amare-atelier.pl\/de\/#organization"},"potentialAction":[{"@type":"SearchAction","target":{"@type":"EntryPoint","urlTemplate":"https:\/\/amare-atelier.pl\/de\/?s={search_term_string}"},"query-input":{"@type":"PropertyValueSpecification","valueRequired":true,"valueName":"search_term_string"}}],"inLanguage":"de"},{"@type":"Organization","@id":"https:\/\/amare-atelier.pl\/de\/#organization","name":"Amare Atelier \u2013 Modna Odzie\u017c Damska | Styl, Klasa, Kobieco\u015b\u0107","url":"https:\/\/amare-atelier.pl\/de\/","logo":{"@type":"ImageObject","inLanguage":"de","@id":"https:\/\/amare-atelier.pl\/de\/#\/schema\/logo\/image\/","url":"https:\/\/amare-atelier.pl\/wp-content\/uploads\/2025\/06\/amare-logo.svg","contentUrl":"https:\/\/amare-atelier.pl\/wp-content\/uploads\/2025\/06\/amare-logo.svg","width":578,"height":238,"caption":"Amare Atelier \u2013 Modna Odzie\u017c Damska | Styl, Klasa, Kobieco\u015b\u0107"},"image":{"@id":"https:\/\/amare-atelier.pl\/de\/#\/schema\/logo\/image\/"},"sameAs":["https:\/\/www.facebook.com\/profile.php?id=61577234792545","https:\/\/www.instagram.com\/amare___atelier\/"]}]}},"_links":{"self":[{"href":"https:\/\/amare-atelier.pl\/de\/wp-json\/wp\/v2\/product\/82366","targetHints":{"allow":["GET"]}}],"collection":[{"href":"https:\/\/amare-atelier.pl\/de\/wp-json\/wp\/v2\/product"}],"about":[{"href":"https:\/\/amare-atelier.pl\/de\/wp-json\/wp\/v2\/types\/product"}],"wp:featuredmedia":[{"embeddable":true,"href":"https:\/\/amare-atelier.pl\/de\/wp-json\/wp\/v2\/media\/82352"}],"wp:attachment":[{"href":"https:\/\/amare-atelier.pl\/de\/wp-json\/wp\/v2\/media?parent=82366"}],"wp:term":[{"taxonomy":"product_brand","embeddable":true,"href":"https:\/\/amare-atelier.pl\/de\/wp-json\/wp\/v2\/product_brand?post=82366"},{"taxonomy":"product_cat","embeddable":true,"href":"https:\/\/amare-atelier.pl\/de\/wp-json\/wp\/v2\/product_cat?post=82366"},{"taxonomy":"product_tag","embeddable":true,"href":"https:\/\/amare-atelier.pl\/de\/wp-json\/wp\/v2\/product_tag?post=82366"}],"curies":[{"name":"wp","href":"https:\/\/api.w.org\/{rel}","templated":true}]}}