{"id":81184,"date":"2026-03-08T16:56:27","date_gmt":"2026-03-08T15:56:27","guid":{"rendered":"https:\/\/amare-atelier.pl\/produkt\/baumwoll-trainingsanzug-wolkenweiss\/"},"modified":"2026-03-08T16:56:27","modified_gmt":"2026-03-08T15:56:27","slug":"baumwoll-trainingsanzug-wolkenweiss","status":"publish","type":"product","link":"https:\/\/amare-atelier.pl\/de\/produkt\/baumwoll-trainingsanzug-wolkenweiss\/","title":{"rendered":"Baumwoll-Trainingsanzug &#8211; Wolkenwei\u00df"},"content":{"rendered":"<p>H\u00fcllen Sie sich in Komfort in seiner reinsten Form. Unser Trainingsanzug in einem Farbton von Wolkenwei\u00df ist eine Kombination aus Minimalismus und Komfort, die in jeder Situation stilvoll aussieht. Er besteht aus 100% hochwertiger Baumwolle, ist weich, atmungsaktiv und \u00e4u\u00dferst angenehm auf der Haut.  <\/p>\n<p>Das Sweatshirt mit Kapuze sorgt f\u00fcr einen sportlich-l\u00e4ssigen Look, w\u00e4hrend die kn\u00f6chelhohe Hose die Silhouette sch\u00f6n formt. Ein Set, das Sie immer tragen werden, egal, ob Sie f\u00fcr einen kurzen Tag in der Stadt, einen Road Trip oder einen ruhigen Tag zu Hause unterwegs sind. <\/p>\n<p>Ein Klassiker, der immer gut aussieht.<\/p>\n","protected":false},"excerpt":{"rendered":"<p>H\u00fcllen Sie sich in Komfort in seiner reinsten Form. Unser Trainingsanzug in einem Farbton von Wolkenwei\u00df ist eine Kombination aus Minimalismus und Komfort, die in jeder Situation stilvoll aussieht. Er besteht aus 100% hochwertiger Baumwolle, ist weich, atmungsaktiv und \u00e4u\u00dferst angenehm auf der Haut. Das Sweatshirt mit Kapuze sorgt f\u00fcr einen sportlich-l\u00e4ssigen Look, w\u00e4hrend die [&hellip;]<\/p>\n","protected":false},"featured_media":81160,"template":"","meta":{"inline_featured_image":false},"product_brand":[],"product_cat":[251,249,309],"product_tag":[],"class_list":{"0":"post-81184","1":"product","2":"type-product","3":"status-publish","4":"has-post-thumbnail","6":"product_cat-neuheiten","7":"product_cat-sets","8":"product_cat-trainingsanzuge","11":"first","12":"instock","13":"shipping-taxable","14":"purchasable","15":"product-type-variable"},"yoast_head":"<!-- This site is optimized with the Yoast SEO plugin v26.3 - https:\/\/yoast.com\/wordpress\/plugins\/seo\/ -->\n<title>Baumwoll-Trainingsanzug - Wolkenwei\u00df - Amare Atelier \u2013 Modna Odzie\u017c Damska | Styl, Klasa, Kobieco\u015b\u0107<\/title>\n<meta name=\"robots\" content=\"index, follow, max-snippet:-1, max-image-preview:large, max-video-preview:-1\" \/>\n<link rel=\"canonical\" href=\"https:\/\/amare-atelier.pl\/de\/produkt\/baumwoll-trainingsanzug-wolkenweiss\/\" \/>\n<meta property=\"og:locale\" content=\"de_DE\" \/>\n<meta property=\"og:type\" content=\"article\" \/>\n<meta property=\"og:title\" content=\"Baumwoll-Trainingsanzug - Wolkenwei\u00df - Amare Atelier \u2013 Modna Odzie\u017c Damska | Styl, Klasa, Kobieco\u015b\u0107\" \/>\n<meta property=\"og:description\" content=\"H\u00fcllen Sie sich in Komfort in seiner reinsten Form. Unser Trainingsanzug in einem Farbton von Wolkenwei\u00df ist eine Kombination aus Minimalismus und Komfort, die in jeder Situation stilvoll aussieht. Er besteht aus 100% hochwertiger Baumwolle, ist weich, atmungsaktiv und \u00e4u\u00dferst angenehm auf der Haut. Das Sweatshirt mit Kapuze sorgt f\u00fcr einen sportlich-l\u00e4ssigen Look, w\u00e4hrend die [&hellip;]\" \/>\n<meta property=\"og:url\" content=\"https:\/\/amare-atelier.pl\/de\/produkt\/baumwoll-trainingsanzug-wolkenweiss\/\" \/>\n<meta property=\"og:site_name\" content=\"Amare Atelier \u2013 Modna Odzie\u017c Damska | Styl, Klasa, Kobieco\u015b\u0107\" \/>\n<meta property=\"article:publisher\" content=\"https:\/\/www.facebook.com\/profile.php?id=61577234792545\" \/>\n<meta property=\"og:image\" content=\"https:\/\/amare-atelier.pl\/wp-content\/uploads\/2026\/03\/IMG_6179.jpeg\" \/>\n\t<meta property=\"og:image:width\" content=\"1320\" \/>\n\t<meta property=\"og:image:height\" content=\"2295\" \/>\n\t<meta property=\"og:image:type\" content=\"image\/jpeg\" \/>\n<meta name=\"twitter:card\" content=\"summary_large_image\" \/>\n<meta name=\"twitter:label1\" content=\"Gesch\u00e4tzte Lesezeit\" \/>\n\t<meta name=\"twitter:data1\" content=\"1\u00a0Minute\" \/>\n<script type=\"application\/ld+json\" class=\"yoast-schema-graph\">{\"@context\":\"https:\/\/schema.org\",\"@graph\":[{\"@type\":\"WebPage\",\"@id\":\"https:\/\/amare-atelier.pl\/de\/produkt\/baumwoll-trainingsanzug-wolkenweiss\/\",\"url\":\"https:\/\/amare-atelier.pl\/de\/produkt\/baumwoll-trainingsanzug-wolkenweiss\/\",\"name\":\"Baumwoll-Trainingsanzug - Wolkenwei\u00df - Amare Atelier \u2013 Modna Odzie\u017c Damska | Styl, Klasa, Kobieco\u015b\u0107\",\"isPartOf\":{\"@id\":\"https:\/\/amare-atelier.pl\/de\/#website\"},\"primaryImageOfPage\":{\"@id\":\"https:\/\/amare-atelier.pl\/de\/produkt\/baumwoll-trainingsanzug-wolkenweiss\/#primaryimage\"},\"image\":{\"@id\":\"https:\/\/amare-atelier.pl\/de\/produkt\/baumwoll-trainingsanzug-wolkenweiss\/#primaryimage\"},\"thumbnailUrl\":\"https:\/\/amare-atelier.pl\/wp-content\/uploads\/2026\/03\/IMG_6179.jpeg\",\"datePublished\":\"2026-03-08T15:56:27+00:00\",\"breadcrumb\":{\"@id\":\"https:\/\/amare-atelier.pl\/de\/produkt\/baumwoll-trainingsanzug-wolkenweiss\/#breadcrumb\"},\"inLanguage\":\"de\",\"potentialAction\":[{\"@type\":\"ReadAction\",\"target\":[\"https:\/\/amare-atelier.pl\/de\/produkt\/baumwoll-trainingsanzug-wolkenweiss\/\"]}]},{\"@type\":\"ImageObject\",\"inLanguage\":\"de\",\"@id\":\"https:\/\/amare-atelier.pl\/de\/produkt\/baumwoll-trainingsanzug-wolkenweiss\/#primaryimage\",\"url\":\"https:\/\/amare-atelier.pl\/wp-content\/uploads\/2026\/03\/IMG_6179.jpeg\",\"contentUrl\":\"https:\/\/amare-atelier.pl\/wp-content\/uploads\/2026\/03\/IMG_6179.jpeg\",\"width\":1320,\"height\":2295,\"caption\":\"Bildschirmfoto\"},{\"@type\":\"BreadcrumbList\",\"@id\":\"https:\/\/amare-atelier.pl\/de\/produkt\/baumwoll-trainingsanzug-wolkenweiss\/#breadcrumb\",\"itemListElement\":[{\"@type\":\"ListItem\",\"position\":1,\"name\":\"Startseite\",\"item\":\"https:\/\/amare-atelier.pl\/de\/startseite\/\"},{\"@type\":\"ListItem\",\"position\":2,\"name\":\"Shop\",\"item\":\"https:\/\/amare-atelier.pl\/de\/shop\/\"},{\"@type\":\"ListItem\",\"position\":3,\"name\":\"Baumwoll-Trainingsanzug &#8211; Wolkenwei\u00df\"}]},{\"@type\":\"WebSite\",\"@id\":\"https:\/\/amare-atelier.pl\/de\/#website\",\"url\":\"https:\/\/amare-atelier.pl\/de\/\",\"name\":\"Amare Atelier \u2013 Modna Odzie\u017c Damska | Styl, Klasa, Kobieco\u015b\u0107\",\"description\":\"\",\"publisher\":{\"@id\":\"https:\/\/amare-atelier.pl\/de\/#organization\"},\"potentialAction\":[{\"@type\":\"SearchAction\",\"target\":{\"@type\":\"EntryPoint\",\"urlTemplate\":\"https:\/\/amare-atelier.pl\/de\/?s={search_term_string}\"},\"query-input\":{\"@type\":\"PropertyValueSpecification\",\"valueRequired\":true,\"valueName\":\"search_term_string\"}}],\"inLanguage\":\"de\"},{\"@type\":\"Organization\",\"@id\":\"https:\/\/amare-atelier.pl\/de\/#organization\",\"name\":\"Amare Atelier \u2013 Modna Odzie\u017c Damska | Styl, Klasa, Kobieco\u015b\u0107\",\"url\":\"https:\/\/amare-atelier.pl\/de\/\",\"logo\":{\"@type\":\"ImageObject\",\"inLanguage\":\"de\",\"@id\":\"https:\/\/amare-atelier.pl\/de\/#\/schema\/logo\/image\/\",\"url\":\"https:\/\/amare-atelier.pl\/wp-content\/uploads\/2025\/06\/amare-logo.svg\",\"contentUrl\":\"https:\/\/amare-atelier.pl\/wp-content\/uploads\/2025\/06\/amare-logo.svg\",\"width\":578,\"height\":238,\"caption\":\"Amare Atelier \u2013 Modna Odzie\u017c Damska | Styl, Klasa, Kobieco\u015b\u0107\"},\"image\":{\"@id\":\"https:\/\/amare-atelier.pl\/de\/#\/schema\/logo\/image\/\"},\"sameAs\":[\"https:\/\/www.facebook.com\/profile.php?id=61577234792545\",\"https:\/\/www.instagram.com\/amare___atelier\/\"]}]}<\/script>\n<!-- \/ Yoast SEO plugin. -->","yoast_head_json":{"title":"Baumwoll-Trainingsanzug - Wolkenwei\u00df - Amare Atelier \u2013 Modna Odzie\u017c Damska | Styl, Klasa, Kobieco\u015b\u0107","robots":{"index":"index","follow":"follow","max-snippet":"max-snippet:-1","max-image-preview":"max-image-preview:large","max-video-preview":"max-video-preview:-1"},"canonical":"https:\/\/amare-atelier.pl\/de\/produkt\/baumwoll-trainingsanzug-wolkenweiss\/","og_locale":"de_DE","og_type":"article","og_title":"Baumwoll-Trainingsanzug - Wolkenwei\u00df - Amare Atelier \u2013 Modna Odzie\u017c Damska | Styl, Klasa, Kobieco\u015b\u0107","og_description":"H\u00fcllen Sie sich in Komfort in seiner reinsten Form. Unser Trainingsanzug in einem Farbton von Wolkenwei\u00df ist eine Kombination aus Minimalismus und Komfort, die in jeder Situation stilvoll aussieht. Er besteht aus 100% hochwertiger Baumwolle, ist weich, atmungsaktiv und \u00e4u\u00dferst angenehm auf der Haut. Das Sweatshirt mit Kapuze sorgt f\u00fcr einen sportlich-l\u00e4ssigen Look, w\u00e4hrend die [&hellip;]","og_url":"https:\/\/amare-atelier.pl\/de\/produkt\/baumwoll-trainingsanzug-wolkenweiss\/","og_site_name":"Amare Atelier \u2013 Modna Odzie\u017c Damska | Styl, Klasa, Kobieco\u015b\u0107","article_publisher":"https:\/\/www.facebook.com\/profile.php?id=61577234792545","og_image":[{"width":1320,"height":2295,"url":"https:\/\/amare-atelier.pl\/wp-content\/uploads\/2026\/03\/IMG_6179.jpeg","type":"image\/jpeg"}],"twitter_card":"summary_large_image","twitter_misc":{"Gesch\u00e4tzte Lesezeit":"1\u00a0Minute"},"schema":{"@context":"https:\/\/schema.org","@graph":[{"@type":"WebPage","@id":"https:\/\/amare-atelier.pl\/de\/produkt\/baumwoll-trainingsanzug-wolkenweiss\/","url":"https:\/\/amare-atelier.pl\/de\/produkt\/baumwoll-trainingsanzug-wolkenweiss\/","name":"Baumwoll-Trainingsanzug - Wolkenwei\u00df - Amare Atelier \u2013 Modna Odzie\u017c Damska | Styl, Klasa, Kobieco\u015b\u0107","isPartOf":{"@id":"https:\/\/amare-atelier.pl\/de\/#website"},"primaryImageOfPage":{"@id":"https:\/\/amare-atelier.pl\/de\/produkt\/baumwoll-trainingsanzug-wolkenweiss\/#primaryimage"},"image":{"@id":"https:\/\/amare-atelier.pl\/de\/produkt\/baumwoll-trainingsanzug-wolkenweiss\/#primaryimage"},"thumbnailUrl":"https:\/\/amare-atelier.pl\/wp-content\/uploads\/2026\/03\/IMG_6179.jpeg","datePublished":"2026-03-08T15:56:27+00:00","breadcrumb":{"@id":"https:\/\/amare-atelier.pl\/de\/produkt\/baumwoll-trainingsanzug-wolkenweiss\/#breadcrumb"},"inLanguage":"de","potentialAction":[{"@type":"ReadAction","target":["https:\/\/amare-atelier.pl\/de\/produkt\/baumwoll-trainingsanzug-wolkenweiss\/"]}]},{"@type":"ImageObject","inLanguage":"de","@id":"https:\/\/amare-atelier.pl\/de\/produkt\/baumwoll-trainingsanzug-wolkenweiss\/#primaryimage","url":"https:\/\/amare-atelier.pl\/wp-content\/uploads\/2026\/03\/IMG_6179.jpeg","contentUrl":"https:\/\/amare-atelier.pl\/wp-content\/uploads\/2026\/03\/IMG_6179.jpeg","width":1320,"height":2295,"caption":"Bildschirmfoto"},{"@type":"BreadcrumbList","@id":"https:\/\/amare-atelier.pl\/de\/produkt\/baumwoll-trainingsanzug-wolkenweiss\/#breadcrumb","itemListElement":[{"@type":"ListItem","position":1,"name":"Startseite","item":"https:\/\/amare-atelier.pl\/de\/startseite\/"},{"@type":"ListItem","position":2,"name":"Shop","item":"https:\/\/amare-atelier.pl\/de\/shop\/"},{"@type":"ListItem","position":3,"name":"Baumwoll-Trainingsanzug &#8211; Wolkenwei\u00df"}]},{"@type":"WebSite","@id":"https:\/\/amare-atelier.pl\/de\/#website","url":"https:\/\/amare-atelier.pl\/de\/","name":"Amare Atelier \u2013 Modna Odzie\u017c Damska | Styl, Klasa, Kobieco\u015b\u0107","description":"","publisher":{"@id":"https:\/\/amare-atelier.pl\/de\/#organization"},"potentialAction":[{"@type":"SearchAction","target":{"@type":"EntryPoint","urlTemplate":"https:\/\/amare-atelier.pl\/de\/?s={search_term_string}"},"query-input":{"@type":"PropertyValueSpecification","valueRequired":true,"valueName":"search_term_string"}}],"inLanguage":"de"},{"@type":"Organization","@id":"https:\/\/amare-atelier.pl\/de\/#organization","name":"Amare Atelier \u2013 Modna Odzie\u017c Damska | Styl, Klasa, Kobieco\u015b\u0107","url":"https:\/\/amare-atelier.pl\/de\/","logo":{"@type":"ImageObject","inLanguage":"de","@id":"https:\/\/amare-atelier.pl\/de\/#\/schema\/logo\/image\/","url":"https:\/\/amare-atelier.pl\/wp-content\/uploads\/2025\/06\/amare-logo.svg","contentUrl":"https:\/\/amare-atelier.pl\/wp-content\/uploads\/2025\/06\/amare-logo.svg","width":578,"height":238,"caption":"Amare Atelier \u2013 Modna Odzie\u017c Damska | Styl, Klasa, Kobieco\u015b\u0107"},"image":{"@id":"https:\/\/amare-atelier.pl\/de\/#\/schema\/logo\/image\/"},"sameAs":["https:\/\/www.facebook.com\/profile.php?id=61577234792545","https:\/\/www.instagram.com\/amare___atelier\/"]}]}},"_links":{"self":[{"href":"https:\/\/amare-atelier.pl\/de\/wp-json\/wp\/v2\/product\/81184","targetHints":{"allow":["GET"]}}],"collection":[{"href":"https:\/\/amare-atelier.pl\/de\/wp-json\/wp\/v2\/product"}],"about":[{"href":"https:\/\/amare-atelier.pl\/de\/wp-json\/wp\/v2\/types\/product"}],"wp:featuredmedia":[{"embeddable":true,"href":"https:\/\/amare-atelier.pl\/de\/wp-json\/wp\/v2\/media\/81160"}],"wp:attachment":[{"href":"https:\/\/amare-atelier.pl\/de\/wp-json\/wp\/v2\/media?parent=81184"}],"wp:term":[{"taxonomy":"product_brand","embeddable":true,"href":"https:\/\/amare-atelier.pl\/de\/wp-json\/wp\/v2\/product_brand?post=81184"},{"taxonomy":"product_cat","embeddable":true,"href":"https:\/\/amare-atelier.pl\/de\/wp-json\/wp\/v2\/product_cat?post=81184"},{"taxonomy":"product_tag","embeddable":true,"href":"https:\/\/amare-atelier.pl\/de\/wp-json\/wp\/v2\/product_tag?post=81184"}],"curies":[{"name":"wp","href":"https:\/\/api.w.org\/{rel}","templated":true}]}}