{"id":76067,"date":"2026-01-11T16:12:45","date_gmt":"2026-01-11T15:12:45","guid":{"rendered":"https:\/\/amare-atelier.pl\/produkt\/rote-rock-shorts-mit-rosen\/"},"modified":"2026-01-11T16:12:45","modified_gmt":"2026-01-11T15:12:45","slug":"rote-rock-shorts-mit-rosen","status":"publish","type":"product","link":"https:\/\/amare-atelier.pl\/de\/produkt\/rote-rock-shorts-mit-rosen\/","title":{"rendered":"Rote Rock-Shorts mit Rosen"},"content":{"rendered":"<p>Die Rockshorts in Rot mit Rosenmotiv sind eine gewagte Kombination aus Weiblichkeit und Eleganz. Das intensive Rot zieht die Blicke auf sich und verleiht dem Styling eine unverwechselbare, sinnliche Note, w\u00e4hrend das Rosenmotiv die romantische Seite des Designs unterstreicht. <\/p>\n<p>Der Schnitt des Rocks mit versteckten Shorts garantiert Komfort und Bewegungsfreiheit, w\u00e4hrend er die Silhouette sch\u00f6n in Szene setzt. Perfekt f\u00fcr Abendausfl\u00fcge und besondere Anl\u00e4sse, wenn Sie glamour\u00f6s und stilvoll aussehen m\u00f6chten. <\/p>\n<p>Ausdrucksstark, stilvoll und sehr feminin &#8211; ein Modell, das Eindruck macht.<\/p>\n","protected":false},"excerpt":{"rendered":"<p>Die Rockshorts in Rot mit Rosenmotiv sind eine gewagte Kombination aus Weiblichkeit und Eleganz. Das intensive Rot zieht die Blicke auf sich und verleiht dem Styling eine unverwechselbare, sinnliche Note, w\u00e4hrend das Rosenmotiv die romantische Seite des Designs unterstreicht. Der Schnitt des Rocks mit versteckten Shorts garantiert Komfort und Bewegungsfreiheit, w\u00e4hrend er die Silhouette sch\u00f6n [&hellip;]<\/p>\n","protected":false},"featured_media":71577,"template":"","meta":{"inline_featured_image":false},"product_brand":[],"product_cat":[248],"product_tag":[],"class_list":{"0":"post-76067","1":"product","2":"type-product","3":"status-publish","4":"has-post-thumbnail","6":"product_cat-rocke","9":"first","10":"instock","11":"shipping-taxable","12":"purchasable","13":"product-type-variable"},"yoast_head":"<!-- This site is optimized with the Yoast SEO plugin v26.3 - https:\/\/yoast.com\/wordpress\/plugins\/seo\/ -->\n<title>Rote Rock-Shorts mit Rosen - Amare Atelier \u2013 Modna Odzie\u017c Damska | Styl, Klasa, Kobieco\u015b\u0107<\/title>\n<meta name=\"robots\" content=\"index, follow, max-snippet:-1, max-image-preview:large, max-video-preview:-1\" \/>\n<link rel=\"canonical\" href=\"https:\/\/amare-atelier.pl\/de\/produkt\/rote-rock-shorts-mit-rosen\/\" \/>\n<meta property=\"og:locale\" content=\"de_DE\" \/>\n<meta property=\"og:type\" content=\"article\" \/>\n<meta property=\"og:title\" content=\"Rote Rock-Shorts mit Rosen - Amare Atelier \u2013 Modna Odzie\u017c Damska | Styl, Klasa, Kobieco\u015b\u0107\" \/>\n<meta property=\"og:description\" content=\"Die Rockshorts in Rot mit Rosenmotiv sind eine gewagte Kombination aus Weiblichkeit und Eleganz. Das intensive Rot zieht die Blicke auf sich und verleiht dem Styling eine unverwechselbare, sinnliche Note, w\u00e4hrend das Rosenmotiv die romantische Seite des Designs unterstreicht. Der Schnitt des Rocks mit versteckten Shorts garantiert Komfort und Bewegungsfreiheit, w\u00e4hrend er die Silhouette sch\u00f6n [&hellip;]\" \/>\n<meta property=\"og:url\" content=\"https:\/\/amare-atelier.pl\/de\/produkt\/rote-rock-shorts-mit-rosen\/\" \/>\n<meta property=\"og:site_name\" content=\"Amare Atelier \u2013 Modna Odzie\u017c Damska | Styl, Klasa, Kobieco\u015b\u0107\" \/>\n<meta property=\"article:publisher\" content=\"https:\/\/www.facebook.com\/profile.php?id=61577234792545\" \/>\n<meta property=\"og:image\" content=\"https:\/\/amare-atelier.pl\/wp-content\/uploads\/2026\/01\/IMG_7522.jpeg\" \/>\n\t<meta property=\"og:image:width\" content=\"1320\" \/>\n\t<meta property=\"og:image:height\" content=\"1743\" \/>\n\t<meta property=\"og:image:type\" content=\"image\/jpeg\" \/>\n<meta name=\"twitter:card\" content=\"summary_large_image\" \/>\n<script type=\"application\/ld+json\" class=\"yoast-schema-graph\">{\"@context\":\"https:\/\/schema.org\",\"@graph\":[{\"@type\":\"WebPage\",\"@id\":\"https:\/\/amare-atelier.pl\/de\/produkt\/rote-rock-shorts-mit-rosen\/\",\"url\":\"https:\/\/amare-atelier.pl\/de\/produkt\/rote-rock-shorts-mit-rosen\/\",\"name\":\"Rote Rock-Shorts mit Rosen - Amare Atelier \u2013 Modna Odzie\u017c Damska | Styl, Klasa, Kobieco\u015b\u0107\",\"isPartOf\":{\"@id\":\"https:\/\/amare-atelier.pl\/de\/#website\"},\"primaryImageOfPage\":{\"@id\":\"https:\/\/amare-atelier.pl\/de\/produkt\/rote-rock-shorts-mit-rosen\/#primaryimage\"},\"image\":{\"@id\":\"https:\/\/amare-atelier.pl\/de\/produkt\/rote-rock-shorts-mit-rosen\/#primaryimage\"},\"thumbnailUrl\":\"https:\/\/amare-atelier.pl\/wp-content\/uploads\/2026\/01\/IMG_7522.jpeg\",\"datePublished\":\"2026-01-11T15:12:45+00:00\",\"breadcrumb\":{\"@id\":\"https:\/\/amare-atelier.pl\/de\/produkt\/rote-rock-shorts-mit-rosen\/#breadcrumb\"},\"inLanguage\":\"de\",\"potentialAction\":[{\"@type\":\"ReadAction\",\"target\":[\"https:\/\/amare-atelier.pl\/de\/produkt\/rote-rock-shorts-mit-rosen\/\"]}]},{\"@type\":\"ImageObject\",\"inLanguage\":\"de\",\"@id\":\"https:\/\/amare-atelier.pl\/de\/produkt\/rote-rock-shorts-mit-rosen\/#primaryimage\",\"url\":\"https:\/\/amare-atelier.pl\/wp-content\/uploads\/2026\/01\/IMG_7522.jpeg\",\"contentUrl\":\"https:\/\/amare-atelier.pl\/wp-content\/uploads\/2026\/01\/IMG_7522.jpeg\",\"width\":1320,\"height\":1743,\"caption\":\"Bildschirmfoto\"},{\"@type\":\"BreadcrumbList\",\"@id\":\"https:\/\/amare-atelier.pl\/de\/produkt\/rote-rock-shorts-mit-rosen\/#breadcrumb\",\"itemListElement\":[{\"@type\":\"ListItem\",\"position\":1,\"name\":\"Startseite\",\"item\":\"https:\/\/amare-atelier.pl\/de\/startseite\/\"},{\"@type\":\"ListItem\",\"position\":2,\"name\":\"Shop\",\"item\":\"https:\/\/amare-atelier.pl\/de\/shop\/\"},{\"@type\":\"ListItem\",\"position\":3,\"name\":\"Rote Rock-Shorts mit Rosen\"}]},{\"@type\":\"WebSite\",\"@id\":\"https:\/\/amare-atelier.pl\/de\/#website\",\"url\":\"https:\/\/amare-atelier.pl\/de\/\",\"name\":\"Amare Atelier \u2013 Modna Odzie\u017c Damska | Styl, Klasa, Kobieco\u015b\u0107\",\"description\":\"\",\"publisher\":{\"@id\":\"https:\/\/amare-atelier.pl\/de\/#organization\"},\"potentialAction\":[{\"@type\":\"SearchAction\",\"target\":{\"@type\":\"EntryPoint\",\"urlTemplate\":\"https:\/\/amare-atelier.pl\/de\/?s={search_term_string}\"},\"query-input\":{\"@type\":\"PropertyValueSpecification\",\"valueRequired\":true,\"valueName\":\"search_term_string\"}}],\"inLanguage\":\"de\"},{\"@type\":\"Organization\",\"@id\":\"https:\/\/amare-atelier.pl\/de\/#organization\",\"name\":\"Amare Atelier \u2013 Modna Odzie\u017c Damska | Styl, Klasa, Kobieco\u015b\u0107\",\"url\":\"https:\/\/amare-atelier.pl\/de\/\",\"logo\":{\"@type\":\"ImageObject\",\"inLanguage\":\"de\",\"@id\":\"https:\/\/amare-atelier.pl\/de\/#\/schema\/logo\/image\/\",\"url\":\"https:\/\/amare-atelier.pl\/wp-content\/uploads\/2025\/06\/amare-logo.svg\",\"contentUrl\":\"https:\/\/amare-atelier.pl\/wp-content\/uploads\/2025\/06\/amare-logo.svg\",\"width\":578,\"height\":238,\"caption\":\"Amare Atelier \u2013 Modna Odzie\u017c Damska | Styl, Klasa, Kobieco\u015b\u0107\"},\"image\":{\"@id\":\"https:\/\/amare-atelier.pl\/de\/#\/schema\/logo\/image\/\"},\"sameAs\":[\"https:\/\/www.facebook.com\/profile.php?id=61577234792545\",\"https:\/\/www.instagram.com\/amare___atelier\/\"]}]}<\/script>\n<!-- \/ Yoast SEO plugin. -->","yoast_head_json":{"title":"Rote Rock-Shorts mit Rosen - Amare Atelier \u2013 Modna Odzie\u017c Damska | Styl, Klasa, Kobieco\u015b\u0107","robots":{"index":"index","follow":"follow","max-snippet":"max-snippet:-1","max-image-preview":"max-image-preview:large","max-video-preview":"max-video-preview:-1"},"canonical":"https:\/\/amare-atelier.pl\/de\/produkt\/rote-rock-shorts-mit-rosen\/","og_locale":"de_DE","og_type":"article","og_title":"Rote Rock-Shorts mit Rosen - Amare Atelier \u2013 Modna Odzie\u017c Damska | Styl, Klasa, Kobieco\u015b\u0107","og_description":"Die Rockshorts in Rot mit Rosenmotiv sind eine gewagte Kombination aus Weiblichkeit und Eleganz. Das intensive Rot zieht die Blicke auf sich und verleiht dem Styling eine unverwechselbare, sinnliche Note, w\u00e4hrend das Rosenmotiv die romantische Seite des Designs unterstreicht. Der Schnitt des Rocks mit versteckten Shorts garantiert Komfort und Bewegungsfreiheit, w\u00e4hrend er die Silhouette sch\u00f6n [&hellip;]","og_url":"https:\/\/amare-atelier.pl\/de\/produkt\/rote-rock-shorts-mit-rosen\/","og_site_name":"Amare Atelier \u2013 Modna Odzie\u017c Damska | Styl, Klasa, Kobieco\u015b\u0107","article_publisher":"https:\/\/www.facebook.com\/profile.php?id=61577234792545","og_image":[{"width":1320,"height":1743,"url":"https:\/\/amare-atelier.pl\/wp-content\/uploads\/2026\/01\/IMG_7522.jpeg","type":"image\/jpeg"}],"twitter_card":"summary_large_image","schema":{"@context":"https:\/\/schema.org","@graph":[{"@type":"WebPage","@id":"https:\/\/amare-atelier.pl\/de\/produkt\/rote-rock-shorts-mit-rosen\/","url":"https:\/\/amare-atelier.pl\/de\/produkt\/rote-rock-shorts-mit-rosen\/","name":"Rote Rock-Shorts mit Rosen - Amare Atelier \u2013 Modna Odzie\u017c Damska | Styl, Klasa, Kobieco\u015b\u0107","isPartOf":{"@id":"https:\/\/amare-atelier.pl\/de\/#website"},"primaryImageOfPage":{"@id":"https:\/\/amare-atelier.pl\/de\/produkt\/rote-rock-shorts-mit-rosen\/#primaryimage"},"image":{"@id":"https:\/\/amare-atelier.pl\/de\/produkt\/rote-rock-shorts-mit-rosen\/#primaryimage"},"thumbnailUrl":"https:\/\/amare-atelier.pl\/wp-content\/uploads\/2026\/01\/IMG_7522.jpeg","datePublished":"2026-01-11T15:12:45+00:00","breadcrumb":{"@id":"https:\/\/amare-atelier.pl\/de\/produkt\/rote-rock-shorts-mit-rosen\/#breadcrumb"},"inLanguage":"de","potentialAction":[{"@type":"ReadAction","target":["https:\/\/amare-atelier.pl\/de\/produkt\/rote-rock-shorts-mit-rosen\/"]}]},{"@type":"ImageObject","inLanguage":"de","@id":"https:\/\/amare-atelier.pl\/de\/produkt\/rote-rock-shorts-mit-rosen\/#primaryimage","url":"https:\/\/amare-atelier.pl\/wp-content\/uploads\/2026\/01\/IMG_7522.jpeg","contentUrl":"https:\/\/amare-atelier.pl\/wp-content\/uploads\/2026\/01\/IMG_7522.jpeg","width":1320,"height":1743,"caption":"Bildschirmfoto"},{"@type":"BreadcrumbList","@id":"https:\/\/amare-atelier.pl\/de\/produkt\/rote-rock-shorts-mit-rosen\/#breadcrumb","itemListElement":[{"@type":"ListItem","position":1,"name":"Startseite","item":"https:\/\/amare-atelier.pl\/de\/startseite\/"},{"@type":"ListItem","position":2,"name":"Shop","item":"https:\/\/amare-atelier.pl\/de\/shop\/"},{"@type":"ListItem","position":3,"name":"Rote Rock-Shorts mit Rosen"}]},{"@type":"WebSite","@id":"https:\/\/amare-atelier.pl\/de\/#website","url":"https:\/\/amare-atelier.pl\/de\/","name":"Amare Atelier \u2013 Modna Odzie\u017c Damska | Styl, Klasa, Kobieco\u015b\u0107","description":"","publisher":{"@id":"https:\/\/amare-atelier.pl\/de\/#organization"},"potentialAction":[{"@type":"SearchAction","target":{"@type":"EntryPoint","urlTemplate":"https:\/\/amare-atelier.pl\/de\/?s={search_term_string}"},"query-input":{"@type":"PropertyValueSpecification","valueRequired":true,"valueName":"search_term_string"}}],"inLanguage":"de"},{"@type":"Organization","@id":"https:\/\/amare-atelier.pl\/de\/#organization","name":"Amare Atelier \u2013 Modna Odzie\u017c Damska | Styl, Klasa, Kobieco\u015b\u0107","url":"https:\/\/amare-atelier.pl\/de\/","logo":{"@type":"ImageObject","inLanguage":"de","@id":"https:\/\/amare-atelier.pl\/de\/#\/schema\/logo\/image\/","url":"https:\/\/amare-atelier.pl\/wp-content\/uploads\/2025\/06\/amare-logo.svg","contentUrl":"https:\/\/amare-atelier.pl\/wp-content\/uploads\/2025\/06\/amare-logo.svg","width":578,"height":238,"caption":"Amare Atelier \u2013 Modna Odzie\u017c Damska | Styl, Klasa, Kobieco\u015b\u0107"},"image":{"@id":"https:\/\/amare-atelier.pl\/de\/#\/schema\/logo\/image\/"},"sameAs":["https:\/\/www.facebook.com\/profile.php?id=61577234792545","https:\/\/www.instagram.com\/amare___atelier\/"]}]}},"_links":{"self":[{"href":"https:\/\/amare-atelier.pl\/de\/wp-json\/wp\/v2\/product\/76067","targetHints":{"allow":["GET"]}}],"collection":[{"href":"https:\/\/amare-atelier.pl\/de\/wp-json\/wp\/v2\/product"}],"about":[{"href":"https:\/\/amare-atelier.pl\/de\/wp-json\/wp\/v2\/types\/product"}],"wp:featuredmedia":[{"embeddable":true,"href":"https:\/\/amare-atelier.pl\/de\/wp-json\/wp\/v2\/media\/71577"}],"wp:attachment":[{"href":"https:\/\/amare-atelier.pl\/de\/wp-json\/wp\/v2\/media?parent=76067"}],"wp:term":[{"taxonomy":"product_brand","embeddable":true,"href":"https:\/\/amare-atelier.pl\/de\/wp-json\/wp\/v2\/product_brand?post=76067"},{"taxonomy":"product_cat","embeddable":true,"href":"https:\/\/amare-atelier.pl\/de\/wp-json\/wp\/v2\/product_cat?post=76067"},{"taxonomy":"product_tag","embeddable":true,"href":"https:\/\/amare-atelier.pl\/de\/wp-json\/wp\/v2\/product_tag?post=76067"}],"curies":[{"name":"wp","href":"https:\/\/api.w.org\/{rel}","templated":true}]}}