{"id":76059,"date":"2026-01-11T16:33:49","date_gmt":"2026-01-11T15:33:49","guid":{"rendered":"https:\/\/amare-atelier.pl\/produkt\/gelber-mohair-pullover-mit-puffaermeln\/"},"modified":"2026-03-24T18:21:03","modified_gmt":"2026-03-24T17:21:03","slug":"gelber-mohair-pullover-mit-puffaermeln","status":"publish","type":"product","link":"https:\/\/amare-atelier.pl\/de\/produkt\/gelber-mohair-pullover-mit-puffaermeln\/","title":{"rendered":"Gelber Mohair Pullover mit Puff\u00e4rmeln"},"content":{"rendered":"<p>Dieser gelbe Mohair-Pullover mit B\u00fcgel\u00e4rmeln ist eine einzigartige Kombination aus leicht, weich und modisch. Er ist aus einem weichen, flauschigen Stoff mit Mohair-Finish gefertigt, der die Silhouette umh\u00fcllt und einen subtil eleganten Effekt erzeugt. <\/p>\n<p>Die Puff\u00e4rmel verleihen dem Gesamtlook eine markante Form und betonen den stilvollen, femininen Charakter des Pullovers, w\u00e4hrend der Schnitt leicht und zart bleibt. Ein warmer Gelbton beleuchtet das Styling und macht den Pullover zu einem starken, aber dennoch sehr eleganten Kleidungsst\u00fcck. <\/p>\n<p>Perfekt f\u00fcr das allt\u00e4gliche Styling und f\u00fcr ausgefallenere Ensembles &#8211; bequem, auffallend und extrem stilvoll. \ud83d\udc9b<\/p>\n<hr>\n<p style=\"padding-left: 40px;\">\n","protected":false},"excerpt":{"rendered":"<p>Dieser gelbe Mohair-Pullover mit B\u00fcgel\u00e4rmeln ist eine einzigartige Kombination aus leicht, weich und modisch. Er ist aus einem weichen, flauschigen Stoff mit Mohair-Finish gefertigt, der die Silhouette umh\u00fcllt und einen subtil eleganten Effekt erzeugt. Die Puff\u00e4rmel verleihen dem Gesamtlook eine markante Form und betonen den stilvollen, femininen Charakter des Pullovers, w\u00e4hrend der Schnitt leicht und [&hellip;]<\/p>\n","protected":false},"featured_media":71641,"template":"","meta":{"inline_featured_image":false},"product_brand":[],"product_cat":[260,317],"product_tag":[],"class_list":{"0":"post-76059","1":"product","2":"type-product","3":"status-publish","4":"has-post-thumbnail","6":"product_cat-pullover","7":"product_cat-verkauf","10":"first","11":"instock","12":"sale","13":"shipping-taxable","14":"purchasable","15":"product-type-variable"},"yoast_head":"<!-- This site is optimized with the Yoast SEO plugin v26.3 - https:\/\/yoast.com\/wordpress\/plugins\/seo\/ -->\n<title>Gelber Mohair Pullover mit Puff\u00e4rmeln - Amare Atelier \u2013 Modna Odzie\u017c Damska | Styl, Klasa, Kobieco\u015b\u0107<\/title>\n<meta name=\"robots\" content=\"index, follow, max-snippet:-1, max-image-preview:large, max-video-preview:-1\" \/>\n<link rel=\"canonical\" href=\"https:\/\/amare-atelier.pl\/de\/produkt\/gelber-mohair-pullover-mit-puffaermeln\/\" \/>\n<meta property=\"og:locale\" content=\"de_DE\" \/>\n<meta property=\"og:type\" content=\"article\" \/>\n<meta property=\"og:title\" content=\"Gelber Mohair Pullover mit Puff\u00e4rmeln - Amare Atelier \u2013 Modna Odzie\u017c Damska | Styl, Klasa, Kobieco\u015b\u0107\" \/>\n<meta property=\"og:description\" content=\"Dieser gelbe Mohair-Pullover mit B\u00fcgel\u00e4rmeln ist eine einzigartige Kombination aus leicht, weich und modisch. Er ist aus einem weichen, flauschigen Stoff mit Mohair-Finish gefertigt, der die Silhouette umh\u00fcllt und einen subtil eleganten Effekt erzeugt. Die Puff\u00e4rmel verleihen dem Gesamtlook eine markante Form und betonen den stilvollen, femininen Charakter des Pullovers, w\u00e4hrend der Schnitt leicht und [&hellip;]\" \/>\n<meta property=\"og:url\" content=\"https:\/\/amare-atelier.pl\/de\/produkt\/gelber-mohair-pullover-mit-puffaermeln\/\" \/>\n<meta property=\"og:site_name\" content=\"Amare Atelier \u2013 Modna Odzie\u017c Damska | Styl, Klasa, Kobieco\u015b\u0107\" \/>\n<meta property=\"article:publisher\" content=\"https:\/\/www.facebook.com\/profile.php?id=61577234792545\" \/>\n<meta property=\"article:modified_time\" content=\"2026-03-24T17:21:03+00:00\" \/>\n<meta property=\"og:image\" content=\"https:\/\/amare-atelier.pl\/wp-content\/uploads\/2026\/01\/IMG_7533.webp\" \/>\n\t<meta property=\"og:image:width\" content=\"360\" \/>\n\t<meta property=\"og:image:height\" content=\"354\" \/>\n\t<meta property=\"og:image:type\" content=\"image\/webp\" \/>\n<meta name=\"twitter:card\" content=\"summary_large_image\" \/>\n<script type=\"application\/ld+json\" class=\"yoast-schema-graph\">{\"@context\":\"https:\/\/schema.org\",\"@graph\":[{\"@type\":\"WebPage\",\"@id\":\"https:\/\/amare-atelier.pl\/de\/produkt\/gelber-mohair-pullover-mit-puffaermeln\/\",\"url\":\"https:\/\/amare-atelier.pl\/de\/produkt\/gelber-mohair-pullover-mit-puffaermeln\/\",\"name\":\"Gelber Mohair Pullover mit Puff\u00e4rmeln - Amare Atelier \u2013 Modna Odzie\u017c Damska | Styl, Klasa, Kobieco\u015b\u0107\",\"isPartOf\":{\"@id\":\"https:\/\/amare-atelier.pl\/de\/#website\"},\"primaryImageOfPage\":{\"@id\":\"https:\/\/amare-atelier.pl\/de\/produkt\/gelber-mohair-pullover-mit-puffaermeln\/#primaryimage\"},\"image\":{\"@id\":\"https:\/\/amare-atelier.pl\/de\/produkt\/gelber-mohair-pullover-mit-puffaermeln\/#primaryimage\"},\"thumbnailUrl\":\"https:\/\/amare-atelier.pl\/wp-content\/uploads\/2026\/01\/IMG_7533.webp\",\"datePublished\":\"2026-01-11T15:33:49+00:00\",\"dateModified\":\"2026-03-24T17:21:03+00:00\",\"breadcrumb\":{\"@id\":\"https:\/\/amare-atelier.pl\/de\/produkt\/gelber-mohair-pullover-mit-puffaermeln\/#breadcrumb\"},\"inLanguage\":\"de\",\"potentialAction\":[{\"@type\":\"ReadAction\",\"target\":[\"https:\/\/amare-atelier.pl\/de\/produkt\/gelber-mohair-pullover-mit-puffaermeln\/\"]}]},{\"@type\":\"ImageObject\",\"inLanguage\":\"de\",\"@id\":\"https:\/\/amare-atelier.pl\/de\/produkt\/gelber-mohair-pullover-mit-puffaermeln\/#primaryimage\",\"url\":\"https:\/\/amare-atelier.pl\/wp-content\/uploads\/2026\/01\/IMG_7533.webp\",\"contentUrl\":\"https:\/\/amare-atelier.pl\/wp-content\/uploads\/2026\/01\/IMG_7533.webp\",\"width\":360,\"height\":354},{\"@type\":\"BreadcrumbList\",\"@id\":\"https:\/\/amare-atelier.pl\/de\/produkt\/gelber-mohair-pullover-mit-puffaermeln\/#breadcrumb\",\"itemListElement\":[{\"@type\":\"ListItem\",\"position\":1,\"name\":\"Startseite\",\"item\":\"https:\/\/amare-atelier.pl\/de\/startseite\/\"},{\"@type\":\"ListItem\",\"position\":2,\"name\":\"Shop\",\"item\":\"https:\/\/amare-atelier.pl\/de\/shop\/\"},{\"@type\":\"ListItem\",\"position\":3,\"name\":\"Gelber Mohair Pullover mit Puff\u00e4rmeln\"}]},{\"@type\":\"WebSite\",\"@id\":\"https:\/\/amare-atelier.pl\/de\/#website\",\"url\":\"https:\/\/amare-atelier.pl\/de\/\",\"name\":\"Amare Atelier \u2013 Modna Odzie\u017c Damska | Styl, Klasa, Kobieco\u015b\u0107\",\"description\":\"\",\"publisher\":{\"@id\":\"https:\/\/amare-atelier.pl\/de\/#organization\"},\"potentialAction\":[{\"@type\":\"SearchAction\",\"target\":{\"@type\":\"EntryPoint\",\"urlTemplate\":\"https:\/\/amare-atelier.pl\/de\/?s={search_term_string}\"},\"query-input\":{\"@type\":\"PropertyValueSpecification\",\"valueRequired\":true,\"valueName\":\"search_term_string\"}}],\"inLanguage\":\"de\"},{\"@type\":\"Organization\",\"@id\":\"https:\/\/amare-atelier.pl\/de\/#organization\",\"name\":\"Amare Atelier \u2013 Modna Odzie\u017c Damska | Styl, Klasa, Kobieco\u015b\u0107\",\"url\":\"https:\/\/amare-atelier.pl\/de\/\",\"logo\":{\"@type\":\"ImageObject\",\"inLanguage\":\"de\",\"@id\":\"https:\/\/amare-atelier.pl\/de\/#\/schema\/logo\/image\/\",\"url\":\"https:\/\/amare-atelier.pl\/wp-content\/uploads\/2025\/06\/amare-logo.svg\",\"contentUrl\":\"https:\/\/amare-atelier.pl\/wp-content\/uploads\/2025\/06\/amare-logo.svg\",\"width\":578,\"height\":238,\"caption\":\"Amare Atelier \u2013 Modna Odzie\u017c Damska | Styl, Klasa, Kobieco\u015b\u0107\"},\"image\":{\"@id\":\"https:\/\/amare-atelier.pl\/de\/#\/schema\/logo\/image\/\"},\"sameAs\":[\"https:\/\/www.facebook.com\/profile.php?id=61577234792545\",\"https:\/\/www.instagram.com\/amare___atelier\/\"]}]}<\/script>\n<!-- \/ Yoast SEO plugin. -->","yoast_head_json":{"title":"Gelber Mohair Pullover mit Puff\u00e4rmeln - Amare Atelier \u2013 Modna Odzie\u017c Damska | Styl, Klasa, Kobieco\u015b\u0107","robots":{"index":"index","follow":"follow","max-snippet":"max-snippet:-1","max-image-preview":"max-image-preview:large","max-video-preview":"max-video-preview:-1"},"canonical":"https:\/\/amare-atelier.pl\/de\/produkt\/gelber-mohair-pullover-mit-puffaermeln\/","og_locale":"de_DE","og_type":"article","og_title":"Gelber Mohair Pullover mit Puff\u00e4rmeln - Amare Atelier \u2013 Modna Odzie\u017c Damska | Styl, Klasa, Kobieco\u015b\u0107","og_description":"Dieser gelbe Mohair-Pullover mit B\u00fcgel\u00e4rmeln ist eine einzigartige Kombination aus leicht, weich und modisch. Er ist aus einem weichen, flauschigen Stoff mit Mohair-Finish gefertigt, der die Silhouette umh\u00fcllt und einen subtil eleganten Effekt erzeugt. Die Puff\u00e4rmel verleihen dem Gesamtlook eine markante Form und betonen den stilvollen, femininen Charakter des Pullovers, w\u00e4hrend der Schnitt leicht und [&hellip;]","og_url":"https:\/\/amare-atelier.pl\/de\/produkt\/gelber-mohair-pullover-mit-puffaermeln\/","og_site_name":"Amare Atelier \u2013 Modna Odzie\u017c Damska | Styl, Klasa, Kobieco\u015b\u0107","article_publisher":"https:\/\/www.facebook.com\/profile.php?id=61577234792545","article_modified_time":"2026-03-24T17:21:03+00:00","og_image":[{"width":360,"height":354,"url":"https:\/\/amare-atelier.pl\/wp-content\/uploads\/2026\/01\/IMG_7533.webp","type":"image\/webp"}],"twitter_card":"summary_large_image","schema":{"@context":"https:\/\/schema.org","@graph":[{"@type":"WebPage","@id":"https:\/\/amare-atelier.pl\/de\/produkt\/gelber-mohair-pullover-mit-puffaermeln\/","url":"https:\/\/amare-atelier.pl\/de\/produkt\/gelber-mohair-pullover-mit-puffaermeln\/","name":"Gelber Mohair Pullover mit Puff\u00e4rmeln - Amare Atelier \u2013 Modna Odzie\u017c Damska | Styl, Klasa, Kobieco\u015b\u0107","isPartOf":{"@id":"https:\/\/amare-atelier.pl\/de\/#website"},"primaryImageOfPage":{"@id":"https:\/\/amare-atelier.pl\/de\/produkt\/gelber-mohair-pullover-mit-puffaermeln\/#primaryimage"},"image":{"@id":"https:\/\/amare-atelier.pl\/de\/produkt\/gelber-mohair-pullover-mit-puffaermeln\/#primaryimage"},"thumbnailUrl":"https:\/\/amare-atelier.pl\/wp-content\/uploads\/2026\/01\/IMG_7533.webp","datePublished":"2026-01-11T15:33:49+00:00","dateModified":"2026-03-24T17:21:03+00:00","breadcrumb":{"@id":"https:\/\/amare-atelier.pl\/de\/produkt\/gelber-mohair-pullover-mit-puffaermeln\/#breadcrumb"},"inLanguage":"de","potentialAction":[{"@type":"ReadAction","target":["https:\/\/amare-atelier.pl\/de\/produkt\/gelber-mohair-pullover-mit-puffaermeln\/"]}]},{"@type":"ImageObject","inLanguage":"de","@id":"https:\/\/amare-atelier.pl\/de\/produkt\/gelber-mohair-pullover-mit-puffaermeln\/#primaryimage","url":"https:\/\/amare-atelier.pl\/wp-content\/uploads\/2026\/01\/IMG_7533.webp","contentUrl":"https:\/\/amare-atelier.pl\/wp-content\/uploads\/2026\/01\/IMG_7533.webp","width":360,"height":354},{"@type":"BreadcrumbList","@id":"https:\/\/amare-atelier.pl\/de\/produkt\/gelber-mohair-pullover-mit-puffaermeln\/#breadcrumb","itemListElement":[{"@type":"ListItem","position":1,"name":"Startseite","item":"https:\/\/amare-atelier.pl\/de\/startseite\/"},{"@type":"ListItem","position":2,"name":"Shop","item":"https:\/\/amare-atelier.pl\/de\/shop\/"},{"@type":"ListItem","position":3,"name":"Gelber Mohair Pullover mit Puff\u00e4rmeln"}]},{"@type":"WebSite","@id":"https:\/\/amare-atelier.pl\/de\/#website","url":"https:\/\/amare-atelier.pl\/de\/","name":"Amare Atelier \u2013 Modna Odzie\u017c Damska | Styl, Klasa, Kobieco\u015b\u0107","description":"","publisher":{"@id":"https:\/\/amare-atelier.pl\/de\/#organization"},"potentialAction":[{"@type":"SearchAction","target":{"@type":"EntryPoint","urlTemplate":"https:\/\/amare-atelier.pl\/de\/?s={search_term_string}"},"query-input":{"@type":"PropertyValueSpecification","valueRequired":true,"valueName":"search_term_string"}}],"inLanguage":"de"},{"@type":"Organization","@id":"https:\/\/amare-atelier.pl\/de\/#organization","name":"Amare Atelier \u2013 Modna Odzie\u017c Damska | Styl, Klasa, Kobieco\u015b\u0107","url":"https:\/\/amare-atelier.pl\/de\/","logo":{"@type":"ImageObject","inLanguage":"de","@id":"https:\/\/amare-atelier.pl\/de\/#\/schema\/logo\/image\/","url":"https:\/\/amare-atelier.pl\/wp-content\/uploads\/2025\/06\/amare-logo.svg","contentUrl":"https:\/\/amare-atelier.pl\/wp-content\/uploads\/2025\/06\/amare-logo.svg","width":578,"height":238,"caption":"Amare Atelier \u2013 Modna Odzie\u017c Damska | Styl, Klasa, Kobieco\u015b\u0107"},"image":{"@id":"https:\/\/amare-atelier.pl\/de\/#\/schema\/logo\/image\/"},"sameAs":["https:\/\/www.facebook.com\/profile.php?id=61577234792545","https:\/\/www.instagram.com\/amare___atelier\/"]}]}},"_links":{"self":[{"href":"https:\/\/amare-atelier.pl\/de\/wp-json\/wp\/v2\/product\/76059","targetHints":{"allow":["GET"]}}],"collection":[{"href":"https:\/\/amare-atelier.pl\/de\/wp-json\/wp\/v2\/product"}],"about":[{"href":"https:\/\/amare-atelier.pl\/de\/wp-json\/wp\/v2\/types\/product"}],"wp:featuredmedia":[{"embeddable":true,"href":"https:\/\/amare-atelier.pl\/de\/wp-json\/wp\/v2\/media\/71641"}],"wp:attachment":[{"href":"https:\/\/amare-atelier.pl\/de\/wp-json\/wp\/v2\/media?parent=76059"}],"wp:term":[{"taxonomy":"product_brand","embeddable":true,"href":"https:\/\/amare-atelier.pl\/de\/wp-json\/wp\/v2\/product_brand?post=76059"},{"taxonomy":"product_cat","embeddable":true,"href":"https:\/\/amare-atelier.pl\/de\/wp-json\/wp\/v2\/product_cat?post=76059"},{"taxonomy":"product_tag","embeddable":true,"href":"https:\/\/amare-atelier.pl\/de\/wp-json\/wp\/v2\/product_tag?post=76059"}],"curies":[{"name":"wp","href":"https:\/\/api.w.org\/{rel}","templated":true}]}}