{"id":76048,"date":"2026-01-15T22:17:03","date_gmt":"2026-01-15T21:17:03","guid":{"rendered":"https:\/\/amare-atelier.pl\/produkt\/maroon-golf-mit-doppelter-materialbrosche\/"},"modified":"2026-01-15T22:17:03","modified_gmt":"2026-01-15T21:17:03","slug":"maroon-golf-mit-doppelter-materialbrosche","status":"publish","type":"product","link":"https:\/\/amare-atelier.pl\/de\/produkt\/maroon-golf-mit-doppelter-materialbrosche\/","title":{"rendered":"Maroon Golf mit doppelter Materialbrosche"},"content":{"rendered":"<p>Ein au\u00dfergew\u00f6hnlich glatter und perfekt ausgearbeiteter Rollkragenpullover aus einer doppelten Schicht aus glattem, weichem Strickstoff. Dank des doppelten Stoffes ist er nicht durchsichtig, kaschiert sch\u00f6n und sitzt perfekt an der Silhouette, so dass er wie eine zweite Haut wirkt. <\/p>\n<p>Die minimalistische Form in Kombination mit der tief burgunderroten Farbe schafft eine zeitlose Basis f\u00fcr ein elegantes und allt\u00e4gliches Styling. Der Rollkragen schmiegt sich subtil an den Hals, ohne einzuengen, und der taillierte Schnitt betont die Figur, ohne sich eingeengt zu f\u00fchlen. <\/p>\n<p>Ideal zu Jacken, hoch taillierten Hosen und R\u00f6cken &#8211; ein Klassiker, der immer stilvoll aussieht.<br \/>\nWir legen jeder Bestellung eine Brosche bei.<\/p>\n","protected":false},"excerpt":{"rendered":"<p>Ein au\u00dfergew\u00f6hnlich glatter und perfekt ausgearbeiteter Rollkragenpullover aus einer doppelten Schicht aus glattem, weichem Strickstoff. Dank des doppelten Stoffes ist er nicht durchsichtig, kaschiert sch\u00f6n und sitzt perfekt an der Silhouette, so dass er wie eine zweite Haut wirkt. Die minimalistische Form in Kombination mit der tief burgunderroten Farbe schafft eine zeitlose Basis f\u00fcr ein [&hellip;]<\/p>\n","protected":false},"featured_media":71682,"template":"","meta":{"inline_featured_image":false},"product_brand":[],"product_cat":[254],"product_tag":[],"class_list":{"0":"post-76048","1":"product","2":"type-product","3":"status-publish","4":"has-post-thumbnail","6":"product_cat-blusen","9":"first","10":"instock","11":"shipping-taxable","12":"purchasable","13":"product-type-variable"},"yoast_head":"<!-- This site is optimized with the Yoast SEO plugin v26.3 - https:\/\/yoast.com\/wordpress\/plugins\/seo\/ -->\n<title>Maroon Golf mit doppelter Materialbrosche - Amare Atelier \u2013 Modna Odzie\u017c Damska | Styl, Klasa, Kobieco\u015b\u0107<\/title>\n<meta name=\"robots\" content=\"index, follow, max-snippet:-1, max-image-preview:large, max-video-preview:-1\" \/>\n<link rel=\"canonical\" href=\"https:\/\/amare-atelier.pl\/de\/produkt\/maroon-golf-mit-doppelter-materialbrosche\/\" \/>\n<meta property=\"og:locale\" content=\"de_DE\" \/>\n<meta property=\"og:type\" content=\"article\" \/>\n<meta property=\"og:title\" content=\"Maroon Golf mit doppelter Materialbrosche - Amare Atelier \u2013 Modna Odzie\u017c Damska | Styl, Klasa, Kobieco\u015b\u0107\" \/>\n<meta property=\"og:description\" content=\"Ein au\u00dfergew\u00f6hnlich glatter und perfekt ausgearbeiteter Rollkragenpullover aus einer doppelten Schicht aus glattem, weichem Strickstoff. Dank des doppelten Stoffes ist er nicht durchsichtig, kaschiert sch\u00f6n und sitzt perfekt an der Silhouette, so dass er wie eine zweite Haut wirkt. Die minimalistische Form in Kombination mit der tief burgunderroten Farbe schafft eine zeitlose Basis f\u00fcr ein [&hellip;]\" \/>\n<meta property=\"og:url\" content=\"https:\/\/amare-atelier.pl\/de\/produkt\/maroon-golf-mit-doppelter-materialbrosche\/\" \/>\n<meta property=\"og:site_name\" content=\"Amare Atelier \u2013 Modna Odzie\u017c Damska | Styl, Klasa, Kobieco\u015b\u0107\" \/>\n<meta property=\"article:publisher\" content=\"https:\/\/www.facebook.com\/profile.php?id=61577234792545\" \/>\n<meta property=\"og:image\" content=\"https:\/\/amare-atelier.pl\/wp-content\/uploads\/2026\/01\/0CA27A76-DE43-4318-8E4C-40B11DF89A54-scaled.jpeg\" \/>\n\t<meta property=\"og:image:width\" content=\"1920\" \/>\n\t<meta property=\"og:image:height\" content=\"2560\" \/>\n\t<meta property=\"og:image:type\" content=\"image\/jpeg\" \/>\n<meta name=\"twitter:card\" content=\"summary_large_image\" \/>\n<meta name=\"twitter:label1\" content=\"Gesch\u00e4tzte Lesezeit\" \/>\n\t<meta name=\"twitter:data1\" content=\"1\u00a0Minute\" \/>\n<script type=\"application\/ld+json\" class=\"yoast-schema-graph\">{\"@context\":\"https:\/\/schema.org\",\"@graph\":[{\"@type\":\"WebPage\",\"@id\":\"https:\/\/amare-atelier.pl\/de\/produkt\/maroon-golf-mit-doppelter-materialbrosche\/\",\"url\":\"https:\/\/amare-atelier.pl\/de\/produkt\/maroon-golf-mit-doppelter-materialbrosche\/\",\"name\":\"Maroon Golf mit doppelter Materialbrosche - Amare Atelier \u2013 Modna Odzie\u017c Damska | Styl, Klasa, Kobieco\u015b\u0107\",\"isPartOf\":{\"@id\":\"https:\/\/amare-atelier.pl\/de\/#website\"},\"primaryImageOfPage\":{\"@id\":\"https:\/\/amare-atelier.pl\/de\/produkt\/maroon-golf-mit-doppelter-materialbrosche\/#primaryimage\"},\"image\":{\"@id\":\"https:\/\/amare-atelier.pl\/de\/produkt\/maroon-golf-mit-doppelter-materialbrosche\/#primaryimage\"},\"thumbnailUrl\":\"https:\/\/amare-atelier.pl\/wp-content\/uploads\/2026\/01\/0CA27A76-DE43-4318-8E4C-40B11DF89A54-scaled.jpeg\",\"datePublished\":\"2026-01-15T21:17:03+00:00\",\"breadcrumb\":{\"@id\":\"https:\/\/amare-atelier.pl\/de\/produkt\/maroon-golf-mit-doppelter-materialbrosche\/#breadcrumb\"},\"inLanguage\":\"de\",\"potentialAction\":[{\"@type\":\"ReadAction\",\"target\":[\"https:\/\/amare-atelier.pl\/de\/produkt\/maroon-golf-mit-doppelter-materialbrosche\/\"]}]},{\"@type\":\"ImageObject\",\"inLanguage\":\"de\",\"@id\":\"https:\/\/amare-atelier.pl\/de\/produkt\/maroon-golf-mit-doppelter-materialbrosche\/#primaryimage\",\"url\":\"https:\/\/amare-atelier.pl\/wp-content\/uploads\/2026\/01\/0CA27A76-DE43-4318-8E4C-40B11DF89A54-scaled.jpeg\",\"contentUrl\":\"https:\/\/amare-atelier.pl\/wp-content\/uploads\/2026\/01\/0CA27A76-DE43-4318-8E4C-40B11DF89A54-scaled.jpeg\",\"width\":1920,\"height\":2560},{\"@type\":\"BreadcrumbList\",\"@id\":\"https:\/\/amare-atelier.pl\/de\/produkt\/maroon-golf-mit-doppelter-materialbrosche\/#breadcrumb\",\"itemListElement\":[{\"@type\":\"ListItem\",\"position\":1,\"name\":\"Startseite\",\"item\":\"https:\/\/amare-atelier.pl\/de\/startseite\/\"},{\"@type\":\"ListItem\",\"position\":2,\"name\":\"Shop\",\"item\":\"https:\/\/amare-atelier.pl\/de\/shop\/\"},{\"@type\":\"ListItem\",\"position\":3,\"name\":\"Maroon Golf mit doppelter Materialbrosche\"}]},{\"@type\":\"WebSite\",\"@id\":\"https:\/\/amare-atelier.pl\/de\/#website\",\"url\":\"https:\/\/amare-atelier.pl\/de\/\",\"name\":\"Amare Atelier \u2013 Modna Odzie\u017c Damska | Styl, Klasa, Kobieco\u015b\u0107\",\"description\":\"\",\"publisher\":{\"@id\":\"https:\/\/amare-atelier.pl\/de\/#organization\"},\"potentialAction\":[{\"@type\":\"SearchAction\",\"target\":{\"@type\":\"EntryPoint\",\"urlTemplate\":\"https:\/\/amare-atelier.pl\/de\/?s={search_term_string}\"},\"query-input\":{\"@type\":\"PropertyValueSpecification\",\"valueRequired\":true,\"valueName\":\"search_term_string\"}}],\"inLanguage\":\"de\"},{\"@type\":\"Organization\",\"@id\":\"https:\/\/amare-atelier.pl\/de\/#organization\",\"name\":\"Amare Atelier \u2013 Modna Odzie\u017c Damska | Styl, Klasa, Kobieco\u015b\u0107\",\"url\":\"https:\/\/amare-atelier.pl\/de\/\",\"logo\":{\"@type\":\"ImageObject\",\"inLanguage\":\"de\",\"@id\":\"https:\/\/amare-atelier.pl\/de\/#\/schema\/logo\/image\/\",\"url\":\"https:\/\/amare-atelier.pl\/wp-content\/uploads\/2025\/06\/amare-logo.svg\",\"contentUrl\":\"https:\/\/amare-atelier.pl\/wp-content\/uploads\/2025\/06\/amare-logo.svg\",\"width\":578,\"height\":238,\"caption\":\"Amare Atelier \u2013 Modna Odzie\u017c Damska | Styl, Klasa, Kobieco\u015b\u0107\"},\"image\":{\"@id\":\"https:\/\/amare-atelier.pl\/de\/#\/schema\/logo\/image\/\"},\"sameAs\":[\"https:\/\/www.facebook.com\/profile.php?id=61577234792545\",\"https:\/\/www.instagram.com\/amare___atelier\/\"]}]}<\/script>\n<!-- \/ Yoast SEO plugin. -->","yoast_head_json":{"title":"Maroon Golf mit doppelter Materialbrosche - Amare Atelier \u2013 Modna Odzie\u017c Damska | Styl, Klasa, Kobieco\u015b\u0107","robots":{"index":"index","follow":"follow","max-snippet":"max-snippet:-1","max-image-preview":"max-image-preview:large","max-video-preview":"max-video-preview:-1"},"canonical":"https:\/\/amare-atelier.pl\/de\/produkt\/maroon-golf-mit-doppelter-materialbrosche\/","og_locale":"de_DE","og_type":"article","og_title":"Maroon Golf mit doppelter Materialbrosche - Amare Atelier \u2013 Modna Odzie\u017c Damska | Styl, Klasa, Kobieco\u015b\u0107","og_description":"Ein au\u00dfergew\u00f6hnlich glatter und perfekt ausgearbeiteter Rollkragenpullover aus einer doppelten Schicht aus glattem, weichem Strickstoff. Dank des doppelten Stoffes ist er nicht durchsichtig, kaschiert sch\u00f6n und sitzt perfekt an der Silhouette, so dass er wie eine zweite Haut wirkt. Die minimalistische Form in Kombination mit der tief burgunderroten Farbe schafft eine zeitlose Basis f\u00fcr ein [&hellip;]","og_url":"https:\/\/amare-atelier.pl\/de\/produkt\/maroon-golf-mit-doppelter-materialbrosche\/","og_site_name":"Amare Atelier \u2013 Modna Odzie\u017c Damska | Styl, Klasa, Kobieco\u015b\u0107","article_publisher":"https:\/\/www.facebook.com\/profile.php?id=61577234792545","og_image":[{"width":1920,"height":2560,"url":"https:\/\/amare-atelier.pl\/wp-content\/uploads\/2026\/01\/0CA27A76-DE43-4318-8E4C-40B11DF89A54-scaled.jpeg","type":"image\/jpeg"}],"twitter_card":"summary_large_image","twitter_misc":{"Gesch\u00e4tzte Lesezeit":"1\u00a0Minute"},"schema":{"@context":"https:\/\/schema.org","@graph":[{"@type":"WebPage","@id":"https:\/\/amare-atelier.pl\/de\/produkt\/maroon-golf-mit-doppelter-materialbrosche\/","url":"https:\/\/amare-atelier.pl\/de\/produkt\/maroon-golf-mit-doppelter-materialbrosche\/","name":"Maroon Golf mit doppelter Materialbrosche - Amare Atelier \u2013 Modna Odzie\u017c Damska | Styl, Klasa, Kobieco\u015b\u0107","isPartOf":{"@id":"https:\/\/amare-atelier.pl\/de\/#website"},"primaryImageOfPage":{"@id":"https:\/\/amare-atelier.pl\/de\/produkt\/maroon-golf-mit-doppelter-materialbrosche\/#primaryimage"},"image":{"@id":"https:\/\/amare-atelier.pl\/de\/produkt\/maroon-golf-mit-doppelter-materialbrosche\/#primaryimage"},"thumbnailUrl":"https:\/\/amare-atelier.pl\/wp-content\/uploads\/2026\/01\/0CA27A76-DE43-4318-8E4C-40B11DF89A54-scaled.jpeg","datePublished":"2026-01-15T21:17:03+00:00","breadcrumb":{"@id":"https:\/\/amare-atelier.pl\/de\/produkt\/maroon-golf-mit-doppelter-materialbrosche\/#breadcrumb"},"inLanguage":"de","potentialAction":[{"@type":"ReadAction","target":["https:\/\/amare-atelier.pl\/de\/produkt\/maroon-golf-mit-doppelter-materialbrosche\/"]}]},{"@type":"ImageObject","inLanguage":"de","@id":"https:\/\/amare-atelier.pl\/de\/produkt\/maroon-golf-mit-doppelter-materialbrosche\/#primaryimage","url":"https:\/\/amare-atelier.pl\/wp-content\/uploads\/2026\/01\/0CA27A76-DE43-4318-8E4C-40B11DF89A54-scaled.jpeg","contentUrl":"https:\/\/amare-atelier.pl\/wp-content\/uploads\/2026\/01\/0CA27A76-DE43-4318-8E4C-40B11DF89A54-scaled.jpeg","width":1920,"height":2560},{"@type":"BreadcrumbList","@id":"https:\/\/amare-atelier.pl\/de\/produkt\/maroon-golf-mit-doppelter-materialbrosche\/#breadcrumb","itemListElement":[{"@type":"ListItem","position":1,"name":"Startseite","item":"https:\/\/amare-atelier.pl\/de\/startseite\/"},{"@type":"ListItem","position":2,"name":"Shop","item":"https:\/\/amare-atelier.pl\/de\/shop\/"},{"@type":"ListItem","position":3,"name":"Maroon Golf mit doppelter Materialbrosche"}]},{"@type":"WebSite","@id":"https:\/\/amare-atelier.pl\/de\/#website","url":"https:\/\/amare-atelier.pl\/de\/","name":"Amare Atelier \u2013 Modna Odzie\u017c Damska | Styl, Klasa, Kobieco\u015b\u0107","description":"","publisher":{"@id":"https:\/\/amare-atelier.pl\/de\/#organization"},"potentialAction":[{"@type":"SearchAction","target":{"@type":"EntryPoint","urlTemplate":"https:\/\/amare-atelier.pl\/de\/?s={search_term_string}"},"query-input":{"@type":"PropertyValueSpecification","valueRequired":true,"valueName":"search_term_string"}}],"inLanguage":"de"},{"@type":"Organization","@id":"https:\/\/amare-atelier.pl\/de\/#organization","name":"Amare Atelier \u2013 Modna Odzie\u017c Damska | Styl, Klasa, Kobieco\u015b\u0107","url":"https:\/\/amare-atelier.pl\/de\/","logo":{"@type":"ImageObject","inLanguage":"de","@id":"https:\/\/amare-atelier.pl\/de\/#\/schema\/logo\/image\/","url":"https:\/\/amare-atelier.pl\/wp-content\/uploads\/2025\/06\/amare-logo.svg","contentUrl":"https:\/\/amare-atelier.pl\/wp-content\/uploads\/2025\/06\/amare-logo.svg","width":578,"height":238,"caption":"Amare Atelier \u2013 Modna Odzie\u017c Damska | Styl, Klasa, Kobieco\u015b\u0107"},"image":{"@id":"https:\/\/amare-atelier.pl\/de\/#\/schema\/logo\/image\/"},"sameAs":["https:\/\/www.facebook.com\/profile.php?id=61577234792545","https:\/\/www.instagram.com\/amare___atelier\/"]}]}},"_links":{"self":[{"href":"https:\/\/amare-atelier.pl\/de\/wp-json\/wp\/v2\/product\/76048","targetHints":{"allow":["GET"]}}],"collection":[{"href":"https:\/\/amare-atelier.pl\/de\/wp-json\/wp\/v2\/product"}],"about":[{"href":"https:\/\/amare-atelier.pl\/de\/wp-json\/wp\/v2\/types\/product"}],"wp:featuredmedia":[{"embeddable":true,"href":"https:\/\/amare-atelier.pl\/de\/wp-json\/wp\/v2\/media\/71682"}],"wp:attachment":[{"href":"https:\/\/amare-atelier.pl\/de\/wp-json\/wp\/v2\/media?parent=76048"}],"wp:term":[{"taxonomy":"product_brand","embeddable":true,"href":"https:\/\/amare-atelier.pl\/de\/wp-json\/wp\/v2\/product_brand?post=76048"},{"taxonomy":"product_cat","embeddable":true,"href":"https:\/\/amare-atelier.pl\/de\/wp-json\/wp\/v2\/product_cat?post=76048"},{"taxonomy":"product_tag","embeddable":true,"href":"https:\/\/amare-atelier.pl\/de\/wp-json\/wp\/v2\/product_tag?post=76048"}],"curies":[{"name":"wp","href":"https:\/\/api.w.org\/{rel}","templated":true}]}}