{"id":75972,"date":"2026-01-27T17:18:01","date_gmt":"2026-01-27T16:18:01","guid":{"rendered":"https:\/\/amare-atelier.pl\/produkt\/taillierte-lederjacke-schwarz\/"},"modified":"2026-01-27T17:18:01","modified_gmt":"2026-01-27T16:18:01","slug":"taillierte-lederjacke-schwarz","status":"publish","type":"product","link":"https:\/\/amare-atelier.pl\/de\/produkt\/taillierte-lederjacke-schwarz\/","title":{"rendered":"Taillierte Lederjacke &#8211; Schwarz"},"content":{"rendered":"<p>Eine Stilikone mit einem modernen Twist.<\/p>\n<p>Die schwarze, schmal geschnittene Lederjacke ist ein zeitloses Must-Have, das jedem Outfit Charakter verleiht. Der sorgf\u00e4ltig geschneiderte Schnitt betont wunderbar die Silhouette, betont die Taille und modelliert die Proportionen. Hochwertiges Leder sieht \u00e4u\u00dferst elegant aus und verleiht dem Styling Definition und Selbstbewusstsein. Sie wird mit einem Rei\u00dfverschluss geschlossen und eignet sich sowohl f\u00fcr allt\u00e4gliche Ensembles als auch f\u00fcr raffinierte Abendlooks. Eine Jacke, die m\u00fchelos f\u00fcr einen Wow-Effekt sorgt.    <\/p>\n","protected":false},"excerpt":{"rendered":"<p>Eine Stilikone mit einem modernen Twist. Die schwarze, schmal geschnittene Lederjacke ist ein zeitloses Must-Have, das jedem Outfit Charakter verleiht. Der sorgf\u00e4ltig geschneiderte Schnitt betont wunderbar die Silhouette, betont die Taille und modelliert die Proportionen. Hochwertiges Leder sieht \u00e4u\u00dferst elegant aus und verleiht dem Styling Definition und Selbstbewusstsein. Sie wird mit einem Rei\u00dfverschluss geschlossen und [&hellip;]<\/p>\n","protected":false},"featured_media":81937,"template":"","meta":{"inline_featured_image":false},"product_brand":[],"product_cat":[259],"product_tag":[],"class_list":{"0":"post-75972","1":"product","2":"type-product","3":"status-publish","4":"has-post-thumbnail","6":"product_cat-oberbekleidung","9":"first","10":"instock","11":"shipping-taxable","12":"purchasable","13":"product-type-variable"},"yoast_head":"<!-- This site is optimized with the Yoast SEO plugin v26.3 - https:\/\/yoast.com\/wordpress\/plugins\/seo\/ -->\n<title>Taillierte Lederjacke - Schwarz - Amare Atelier \u2013 Modna Odzie\u017c Damska | Styl, Klasa, Kobieco\u015b\u0107<\/title>\n<meta name=\"robots\" content=\"index, follow, max-snippet:-1, max-image-preview:large, max-video-preview:-1\" \/>\n<link rel=\"canonical\" href=\"https:\/\/amare-atelier.pl\/de\/produkt\/taillierte-lederjacke-schwarz\/\" \/>\n<meta property=\"og:locale\" content=\"de_DE\" \/>\n<meta property=\"og:type\" content=\"article\" \/>\n<meta property=\"og:title\" content=\"Taillierte Lederjacke - Schwarz - Amare Atelier \u2013 Modna Odzie\u017c Damska | Styl, Klasa, Kobieco\u015b\u0107\" \/>\n<meta property=\"og:description\" content=\"Eine Stilikone mit einem modernen Twist. Die schwarze, schmal geschnittene Lederjacke ist ein zeitloses Must-Have, das jedem Outfit Charakter verleiht. Der sorgf\u00e4ltig geschneiderte Schnitt betont wunderbar die Silhouette, betont die Taille und modelliert die Proportionen. Hochwertiges Leder sieht \u00e4u\u00dferst elegant aus und verleiht dem Styling Definition und Selbstbewusstsein. Sie wird mit einem Rei\u00dfverschluss geschlossen und [&hellip;]\" \/>\n<meta property=\"og:url\" content=\"https:\/\/amare-atelier.pl\/de\/produkt\/taillierte-lederjacke-schwarz\/\" \/>\n<meta property=\"og:site_name\" content=\"Amare Atelier \u2013 Modna Odzie\u017c Damska | Styl, Klasa, Kobieco\u015b\u0107\" \/>\n<meta property=\"article:publisher\" content=\"https:\/\/www.facebook.com\/profile.php?id=61577234792545\" \/>\n<meta property=\"og:image\" content=\"https:\/\/amare-atelier.pl\/wp-content\/uploads\/2026\/01\/7D506CFF-3369-4DA9-A81C-5B1CAF405041-scaled.jpeg\" \/>\n\t<meta property=\"og:image:width\" content=\"1920\" \/>\n\t<meta property=\"og:image:height\" content=\"2560\" \/>\n\t<meta property=\"og:image:type\" content=\"image\/jpeg\" \/>\n<meta name=\"twitter:card\" content=\"summary_large_image\" \/>\n<script type=\"application\/ld+json\" class=\"yoast-schema-graph\">{\"@context\":\"https:\/\/schema.org\",\"@graph\":[{\"@type\":\"WebPage\",\"@id\":\"https:\/\/amare-atelier.pl\/de\/produkt\/taillierte-lederjacke-schwarz\/\",\"url\":\"https:\/\/amare-atelier.pl\/de\/produkt\/taillierte-lederjacke-schwarz\/\",\"name\":\"Taillierte Lederjacke - Schwarz - Amare Atelier \u2013 Modna Odzie\u017c Damska | Styl, Klasa, Kobieco\u015b\u0107\",\"isPartOf\":{\"@id\":\"https:\/\/amare-atelier.pl\/de\/#website\"},\"primaryImageOfPage\":{\"@id\":\"https:\/\/amare-atelier.pl\/de\/produkt\/taillierte-lederjacke-schwarz\/#primaryimage\"},\"image\":{\"@id\":\"https:\/\/amare-atelier.pl\/de\/produkt\/taillierte-lederjacke-schwarz\/#primaryimage\"},\"thumbnailUrl\":\"https:\/\/amare-atelier.pl\/wp-content\/uploads\/2026\/01\/IMG_6817.jpeg\",\"datePublished\":\"2026-01-27T16:18:01+00:00\",\"breadcrumb\":{\"@id\":\"https:\/\/amare-atelier.pl\/de\/produkt\/taillierte-lederjacke-schwarz\/#breadcrumb\"},\"inLanguage\":\"de\",\"potentialAction\":[{\"@type\":\"ReadAction\",\"target\":[\"https:\/\/amare-atelier.pl\/de\/produkt\/taillierte-lederjacke-schwarz\/\"]}]},{\"@type\":\"ImageObject\",\"inLanguage\":\"de\",\"@id\":\"https:\/\/amare-atelier.pl\/de\/produkt\/taillierte-lederjacke-schwarz\/#primaryimage\",\"url\":\"https:\/\/amare-atelier.pl\/wp-content\/uploads\/2026\/01\/IMG_6817.jpeg\",\"contentUrl\":\"https:\/\/amare-atelier.pl\/wp-content\/uploads\/2026\/01\/IMG_6817.jpeg\",\"width\":1320,\"height\":2215,\"caption\":\"Screenshot\"},{\"@type\":\"BreadcrumbList\",\"@id\":\"https:\/\/amare-atelier.pl\/de\/produkt\/taillierte-lederjacke-schwarz\/#breadcrumb\",\"itemListElement\":[{\"@type\":\"ListItem\",\"position\":1,\"name\":\"Startseite\",\"item\":\"https:\/\/amare-atelier.pl\/de\/startseite\/\"},{\"@type\":\"ListItem\",\"position\":2,\"name\":\"Shop\",\"item\":\"https:\/\/amare-atelier.pl\/de\/shop\/\"},{\"@type\":\"ListItem\",\"position\":3,\"name\":\"Taillierte Lederjacke &#8211; Schwarz\"}]},{\"@type\":\"WebSite\",\"@id\":\"https:\/\/amare-atelier.pl\/de\/#website\",\"url\":\"https:\/\/amare-atelier.pl\/de\/\",\"name\":\"Amare Atelier \u2013 Modna Odzie\u017c Damska | Styl, Klasa, Kobieco\u015b\u0107\",\"description\":\"\",\"publisher\":{\"@id\":\"https:\/\/amare-atelier.pl\/de\/#organization\"},\"potentialAction\":[{\"@type\":\"SearchAction\",\"target\":{\"@type\":\"EntryPoint\",\"urlTemplate\":\"https:\/\/amare-atelier.pl\/de\/?s={search_term_string}\"},\"query-input\":{\"@type\":\"PropertyValueSpecification\",\"valueRequired\":true,\"valueName\":\"search_term_string\"}}],\"inLanguage\":\"de\"},{\"@type\":\"Organization\",\"@id\":\"https:\/\/amare-atelier.pl\/de\/#organization\",\"name\":\"Amare Atelier \u2013 Modna Odzie\u017c Damska | Styl, Klasa, Kobieco\u015b\u0107\",\"url\":\"https:\/\/amare-atelier.pl\/de\/\",\"logo\":{\"@type\":\"ImageObject\",\"inLanguage\":\"de\",\"@id\":\"https:\/\/amare-atelier.pl\/de\/#\/schema\/logo\/image\/\",\"url\":\"https:\/\/amare-atelier.pl\/wp-content\/uploads\/2025\/06\/amare-logo.svg\",\"contentUrl\":\"https:\/\/amare-atelier.pl\/wp-content\/uploads\/2025\/06\/amare-logo.svg\",\"width\":578,\"height\":238,\"caption\":\"Amare Atelier \u2013 Modna Odzie\u017c Damska | Styl, Klasa, Kobieco\u015b\u0107\"},\"image\":{\"@id\":\"https:\/\/amare-atelier.pl\/de\/#\/schema\/logo\/image\/\"},\"sameAs\":[\"https:\/\/www.facebook.com\/profile.php?id=61577234792545\",\"https:\/\/www.instagram.com\/amare___atelier\/\"]}]}<\/script>\n<!-- \/ Yoast SEO plugin. -->","yoast_head_json":{"title":"Taillierte Lederjacke - Schwarz - Amare Atelier \u2013 Modna Odzie\u017c Damska | Styl, Klasa, Kobieco\u015b\u0107","robots":{"index":"index","follow":"follow","max-snippet":"max-snippet:-1","max-image-preview":"max-image-preview:large","max-video-preview":"max-video-preview:-1"},"canonical":"https:\/\/amare-atelier.pl\/de\/produkt\/taillierte-lederjacke-schwarz\/","og_locale":"de_DE","og_type":"article","og_title":"Taillierte Lederjacke - Schwarz - Amare Atelier \u2013 Modna Odzie\u017c Damska | Styl, Klasa, Kobieco\u015b\u0107","og_description":"Eine Stilikone mit einem modernen Twist. Die schwarze, schmal geschnittene Lederjacke ist ein zeitloses Must-Have, das jedem Outfit Charakter verleiht. Der sorgf\u00e4ltig geschneiderte Schnitt betont wunderbar die Silhouette, betont die Taille und modelliert die Proportionen. Hochwertiges Leder sieht \u00e4u\u00dferst elegant aus und verleiht dem Styling Definition und Selbstbewusstsein. Sie wird mit einem Rei\u00dfverschluss geschlossen und [&hellip;]","og_url":"https:\/\/amare-atelier.pl\/de\/produkt\/taillierte-lederjacke-schwarz\/","og_site_name":"Amare Atelier \u2013 Modna Odzie\u017c Damska | Styl, Klasa, Kobieco\u015b\u0107","article_publisher":"https:\/\/www.facebook.com\/profile.php?id=61577234792545","og_image":[{"width":1920,"height":2560,"url":"https:\/\/amare-atelier.pl\/wp-content\/uploads\/2026\/01\/7D506CFF-3369-4DA9-A81C-5B1CAF405041-scaled.jpeg","type":"image\/jpeg"}],"twitter_card":"summary_large_image","schema":{"@context":"https:\/\/schema.org","@graph":[{"@type":"WebPage","@id":"https:\/\/amare-atelier.pl\/de\/produkt\/taillierte-lederjacke-schwarz\/","url":"https:\/\/amare-atelier.pl\/de\/produkt\/taillierte-lederjacke-schwarz\/","name":"Taillierte Lederjacke - Schwarz - Amare Atelier \u2013 Modna Odzie\u017c Damska | Styl, Klasa, Kobieco\u015b\u0107","isPartOf":{"@id":"https:\/\/amare-atelier.pl\/de\/#website"},"primaryImageOfPage":{"@id":"https:\/\/amare-atelier.pl\/de\/produkt\/taillierte-lederjacke-schwarz\/#primaryimage"},"image":{"@id":"https:\/\/amare-atelier.pl\/de\/produkt\/taillierte-lederjacke-schwarz\/#primaryimage"},"thumbnailUrl":"https:\/\/amare-atelier.pl\/wp-content\/uploads\/2026\/01\/IMG_6817.jpeg","datePublished":"2026-01-27T16:18:01+00:00","breadcrumb":{"@id":"https:\/\/amare-atelier.pl\/de\/produkt\/taillierte-lederjacke-schwarz\/#breadcrumb"},"inLanguage":"de","potentialAction":[{"@type":"ReadAction","target":["https:\/\/amare-atelier.pl\/de\/produkt\/taillierte-lederjacke-schwarz\/"]}]},{"@type":"ImageObject","inLanguage":"de","@id":"https:\/\/amare-atelier.pl\/de\/produkt\/taillierte-lederjacke-schwarz\/#primaryimage","url":"https:\/\/amare-atelier.pl\/wp-content\/uploads\/2026\/01\/IMG_6817.jpeg","contentUrl":"https:\/\/amare-atelier.pl\/wp-content\/uploads\/2026\/01\/IMG_6817.jpeg","width":1320,"height":2215,"caption":"Screenshot"},{"@type":"BreadcrumbList","@id":"https:\/\/amare-atelier.pl\/de\/produkt\/taillierte-lederjacke-schwarz\/#breadcrumb","itemListElement":[{"@type":"ListItem","position":1,"name":"Startseite","item":"https:\/\/amare-atelier.pl\/de\/startseite\/"},{"@type":"ListItem","position":2,"name":"Shop","item":"https:\/\/amare-atelier.pl\/de\/shop\/"},{"@type":"ListItem","position":3,"name":"Taillierte Lederjacke &#8211; Schwarz"}]},{"@type":"WebSite","@id":"https:\/\/amare-atelier.pl\/de\/#website","url":"https:\/\/amare-atelier.pl\/de\/","name":"Amare Atelier \u2013 Modna Odzie\u017c Damska | Styl, Klasa, Kobieco\u015b\u0107","description":"","publisher":{"@id":"https:\/\/amare-atelier.pl\/de\/#organization"},"potentialAction":[{"@type":"SearchAction","target":{"@type":"EntryPoint","urlTemplate":"https:\/\/amare-atelier.pl\/de\/?s={search_term_string}"},"query-input":{"@type":"PropertyValueSpecification","valueRequired":true,"valueName":"search_term_string"}}],"inLanguage":"de"},{"@type":"Organization","@id":"https:\/\/amare-atelier.pl\/de\/#organization","name":"Amare Atelier \u2013 Modna Odzie\u017c Damska | Styl, Klasa, Kobieco\u015b\u0107","url":"https:\/\/amare-atelier.pl\/de\/","logo":{"@type":"ImageObject","inLanguage":"de","@id":"https:\/\/amare-atelier.pl\/de\/#\/schema\/logo\/image\/","url":"https:\/\/amare-atelier.pl\/wp-content\/uploads\/2025\/06\/amare-logo.svg","contentUrl":"https:\/\/amare-atelier.pl\/wp-content\/uploads\/2025\/06\/amare-logo.svg","width":578,"height":238,"caption":"Amare Atelier \u2013 Modna Odzie\u017c Damska | Styl, Klasa, Kobieco\u015b\u0107"},"image":{"@id":"https:\/\/amare-atelier.pl\/de\/#\/schema\/logo\/image\/"},"sameAs":["https:\/\/www.facebook.com\/profile.php?id=61577234792545","https:\/\/www.instagram.com\/amare___atelier\/"]}]}},"_links":{"self":[{"href":"https:\/\/amare-atelier.pl\/de\/wp-json\/wp\/v2\/product\/75972","targetHints":{"allow":["GET"]}}],"collection":[{"href":"https:\/\/amare-atelier.pl\/de\/wp-json\/wp\/v2\/product"}],"about":[{"href":"https:\/\/amare-atelier.pl\/de\/wp-json\/wp\/v2\/types\/product"}],"wp:featuredmedia":[{"embeddable":true,"href":"https:\/\/amare-atelier.pl\/de\/wp-json\/wp\/v2\/media\/81937"}],"wp:attachment":[{"href":"https:\/\/amare-atelier.pl\/de\/wp-json\/wp\/v2\/media?parent=75972"}],"wp:term":[{"taxonomy":"product_brand","embeddable":true,"href":"https:\/\/amare-atelier.pl\/de\/wp-json\/wp\/v2\/product_brand?post=75972"},{"taxonomy":"product_cat","embeddable":true,"href":"https:\/\/amare-atelier.pl\/de\/wp-json\/wp\/v2\/product_cat?post=75972"},{"taxonomy":"product_tag","embeddable":true,"href":"https:\/\/amare-atelier.pl\/de\/wp-json\/wp\/v2\/product_tag?post=75972"}],"curies":[{"name":"wp","href":"https:\/\/api.w.org\/{rel}","templated":true}]}}