{"id":75959,"date":"2026-02-10T13:18:31","date_gmt":"2026-02-10T12:18:31","guid":{"rendered":"https:\/\/amare-atelier.pl\/produkt\/paris-statement-weisse-bluse-in-uebergroesse-mit-rotem-aufdruck\/"},"modified":"2026-02-10T13:18:31","modified_gmt":"2026-02-10T12:18:31","slug":"paris-statement-weisse-bluse-in-uebergroesse-mit-rotem-aufdruck","status":"publish","type":"product","link":"https:\/\/amare-atelier.pl\/de\/produkt\/paris-statement-weisse-bluse-in-uebergroesse-mit-rotem-aufdruck\/","title":{"rendered":"PARIS STATEMENT &#8211; wei\u00dfe Bluse in \u00dcbergr\u00f6\u00dfe mit rotem Aufdruck"},"content":{"rendered":"<p>Mode, die f\u00fcr sich selbst spricht. PARIS STATEMENT ist eine wei\u00dfe Bluse in \u00dcbergr\u00f6\u00dfe mit einer lockeren Passform, inspiriert vom Pariser Stil und der Atmosph\u00e4re einer Modenschau. Der auff\u00e4llige rote Druck verleiht ihr Charakter und l\u00e4sst selbst das einfachste Outfit Catwalk-tauglich aussehen. Tragen Sie sie als Kleid oder im Duo mit Leggings oder Stiefeln &#8211; immer auff\u00e4llig und m\u00fchelos.   <\/p>\n<p>Ideal f\u00fcr Frauen, die Komfort mit mutigem Stil kombinieren m\u00f6chten.<\/p>\n","protected":false},"excerpt":{"rendered":"<p>Mode, die f\u00fcr sich selbst spricht. PARIS STATEMENT ist eine wei\u00dfe Bluse in \u00dcbergr\u00f6\u00dfe mit einer lockeren Passform, inspiriert vom Pariser Stil und der Atmosph\u00e4re einer Modenschau. Der auff\u00e4llige rote Druck verleiht ihr Charakter und l\u00e4sst selbst das einfachste Outfit Catwalk-tauglich aussehen. Tragen Sie sie als Kleid oder im Duo mit Leggings oder Stiefeln &#8211; [&hellip;]<\/p>\n","protected":false},"featured_media":72636,"template":"","meta":{"inline_featured_image":false},"product_brand":[],"product_cat":[254,251],"product_tag":[],"class_list":{"0":"post-75959","1":"product","2":"type-product","3":"status-publish","4":"has-post-thumbnail","6":"product_cat-blusen","7":"product_cat-neuheiten","10":"first","11":"instock","12":"shipping-taxable","13":"purchasable","14":"product-type-variable"},"yoast_head":"<!-- This site is optimized with the Yoast SEO plugin v26.3 - https:\/\/yoast.com\/wordpress\/plugins\/seo\/ -->\n<title>PARIS STATEMENT - wei\u00dfe Bluse in \u00dcbergr\u00f6\u00dfe mit rotem Aufdruck - Amare Atelier \u2013 Modna Odzie\u017c Damska | Styl, Klasa, Kobieco\u015b\u0107<\/title>\n<meta name=\"robots\" content=\"index, follow, max-snippet:-1, max-image-preview:large, max-video-preview:-1\" \/>\n<link rel=\"canonical\" href=\"https:\/\/amare-atelier.pl\/de\/produkt\/paris-statement-weisse-bluse-in-uebergroesse-mit-rotem-aufdruck\/\" \/>\n<meta property=\"og:locale\" content=\"de_DE\" \/>\n<meta property=\"og:type\" content=\"article\" \/>\n<meta property=\"og:title\" content=\"PARIS STATEMENT - wei\u00dfe Bluse in \u00dcbergr\u00f6\u00dfe mit rotem Aufdruck - Amare Atelier \u2013 Modna Odzie\u017c Damska | Styl, Klasa, Kobieco\u015b\u0107\" \/>\n<meta property=\"og:description\" content=\"Mode, die f\u00fcr sich selbst spricht. PARIS STATEMENT ist eine wei\u00dfe Bluse in \u00dcbergr\u00f6\u00dfe mit einer lockeren Passform, inspiriert vom Pariser Stil und der Atmosph\u00e4re einer Modenschau. Der auff\u00e4llige rote Druck verleiht ihr Charakter und l\u00e4sst selbst das einfachste Outfit Catwalk-tauglich aussehen. Tragen Sie sie als Kleid oder im Duo mit Leggings oder Stiefeln &#8211; [&hellip;]\" \/>\n<meta property=\"og:url\" content=\"https:\/\/amare-atelier.pl\/de\/produkt\/paris-statement-weisse-bluse-in-uebergroesse-mit-rotem-aufdruck\/\" \/>\n<meta property=\"og:site_name\" content=\"Amare Atelier \u2013 Modna Odzie\u017c Damska | Styl, Klasa, Kobieco\u015b\u0107\" \/>\n<meta property=\"article:publisher\" content=\"https:\/\/www.facebook.com\/profile.php?id=61577234792545\" \/>\n<meta property=\"og:image\" content=\"https:\/\/amare-atelier.pl\/wp-content\/uploads\/2026\/02\/084ccbc6-c20d-4052-b56a-9d6493012626.jpeg\" \/>\n\t<meta property=\"og:image:width\" content=\"1142\" \/>\n\t<meta property=\"og:image:height\" content=\"1600\" \/>\n\t<meta property=\"og:image:type\" content=\"image\/jpeg\" \/>\n<meta name=\"twitter:card\" content=\"summary_large_image\" \/>\n<script type=\"application\/ld+json\" class=\"yoast-schema-graph\">{\"@context\":\"https:\/\/schema.org\",\"@graph\":[{\"@type\":\"WebPage\",\"@id\":\"https:\/\/amare-atelier.pl\/de\/produkt\/paris-statement-weisse-bluse-in-uebergroesse-mit-rotem-aufdruck\/\",\"url\":\"https:\/\/amare-atelier.pl\/de\/produkt\/paris-statement-weisse-bluse-in-uebergroesse-mit-rotem-aufdruck\/\",\"name\":\"PARIS STATEMENT - wei\u00dfe Bluse in \u00dcbergr\u00f6\u00dfe mit rotem Aufdruck - Amare Atelier \u2013 Modna Odzie\u017c Damska | Styl, Klasa, Kobieco\u015b\u0107\",\"isPartOf\":{\"@id\":\"https:\/\/amare-atelier.pl\/de\/#website\"},\"primaryImageOfPage\":{\"@id\":\"https:\/\/amare-atelier.pl\/de\/produkt\/paris-statement-weisse-bluse-in-uebergroesse-mit-rotem-aufdruck\/#primaryimage\"},\"image\":{\"@id\":\"https:\/\/amare-atelier.pl\/de\/produkt\/paris-statement-weisse-bluse-in-uebergroesse-mit-rotem-aufdruck\/#primaryimage\"},\"thumbnailUrl\":\"https:\/\/amare-atelier.pl\/wp-content\/uploads\/2026\/02\/084ccbc6-c20d-4052-b56a-9d6493012626.jpeg\",\"datePublished\":\"2026-02-10T12:18:31+00:00\",\"breadcrumb\":{\"@id\":\"https:\/\/amare-atelier.pl\/de\/produkt\/paris-statement-weisse-bluse-in-uebergroesse-mit-rotem-aufdruck\/#breadcrumb\"},\"inLanguage\":\"de\",\"potentialAction\":[{\"@type\":\"ReadAction\",\"target\":[\"https:\/\/amare-atelier.pl\/de\/produkt\/paris-statement-weisse-bluse-in-uebergroesse-mit-rotem-aufdruck\/\"]}]},{\"@type\":\"ImageObject\",\"inLanguage\":\"de\",\"@id\":\"https:\/\/amare-atelier.pl\/de\/produkt\/paris-statement-weisse-bluse-in-uebergroesse-mit-rotem-aufdruck\/#primaryimage\",\"url\":\"https:\/\/amare-atelier.pl\/wp-content\/uploads\/2026\/02\/084ccbc6-c20d-4052-b56a-9d6493012626.jpeg\",\"contentUrl\":\"https:\/\/amare-atelier.pl\/wp-content\/uploads\/2026\/02\/084ccbc6-c20d-4052-b56a-9d6493012626.jpeg\",\"width\":1142,\"height\":1600},{\"@type\":\"BreadcrumbList\",\"@id\":\"https:\/\/amare-atelier.pl\/de\/produkt\/paris-statement-weisse-bluse-in-uebergroesse-mit-rotem-aufdruck\/#breadcrumb\",\"itemListElement\":[{\"@type\":\"ListItem\",\"position\":1,\"name\":\"Startseite\",\"item\":\"https:\/\/amare-atelier.pl\/de\/startseite\/\"},{\"@type\":\"ListItem\",\"position\":2,\"name\":\"Shop\",\"item\":\"https:\/\/amare-atelier.pl\/de\/shop\/\"},{\"@type\":\"ListItem\",\"position\":3,\"name\":\"PARIS STATEMENT &#8211; wei\u00dfe Bluse in \u00dcbergr\u00f6\u00dfe mit rotem Aufdruck\"}]},{\"@type\":\"WebSite\",\"@id\":\"https:\/\/amare-atelier.pl\/de\/#website\",\"url\":\"https:\/\/amare-atelier.pl\/de\/\",\"name\":\"Amare Atelier \u2013 Modna Odzie\u017c Damska | Styl, Klasa, Kobieco\u015b\u0107\",\"description\":\"\",\"publisher\":{\"@id\":\"https:\/\/amare-atelier.pl\/de\/#organization\"},\"potentialAction\":[{\"@type\":\"SearchAction\",\"target\":{\"@type\":\"EntryPoint\",\"urlTemplate\":\"https:\/\/amare-atelier.pl\/de\/?s={search_term_string}\"},\"query-input\":{\"@type\":\"PropertyValueSpecification\",\"valueRequired\":true,\"valueName\":\"search_term_string\"}}],\"inLanguage\":\"de\"},{\"@type\":\"Organization\",\"@id\":\"https:\/\/amare-atelier.pl\/de\/#organization\",\"name\":\"Amare Atelier \u2013 Modna Odzie\u017c Damska | Styl, Klasa, Kobieco\u015b\u0107\",\"url\":\"https:\/\/amare-atelier.pl\/de\/\",\"logo\":{\"@type\":\"ImageObject\",\"inLanguage\":\"de\",\"@id\":\"https:\/\/amare-atelier.pl\/de\/#\/schema\/logo\/image\/\",\"url\":\"https:\/\/amare-atelier.pl\/wp-content\/uploads\/2025\/06\/amare-logo.svg\",\"contentUrl\":\"https:\/\/amare-atelier.pl\/wp-content\/uploads\/2025\/06\/amare-logo.svg\",\"width\":578,\"height\":238,\"caption\":\"Amare Atelier \u2013 Modna Odzie\u017c Damska | Styl, Klasa, Kobieco\u015b\u0107\"},\"image\":{\"@id\":\"https:\/\/amare-atelier.pl\/de\/#\/schema\/logo\/image\/\"},\"sameAs\":[\"https:\/\/www.facebook.com\/profile.php?id=61577234792545\",\"https:\/\/www.instagram.com\/amare___atelier\/\"]}]}<\/script>\n<!-- \/ Yoast SEO plugin. -->","yoast_head_json":{"title":"PARIS STATEMENT - wei\u00dfe Bluse in \u00dcbergr\u00f6\u00dfe mit rotem Aufdruck - Amare Atelier \u2013 Modna Odzie\u017c Damska | Styl, Klasa, Kobieco\u015b\u0107","robots":{"index":"index","follow":"follow","max-snippet":"max-snippet:-1","max-image-preview":"max-image-preview:large","max-video-preview":"max-video-preview:-1"},"canonical":"https:\/\/amare-atelier.pl\/de\/produkt\/paris-statement-weisse-bluse-in-uebergroesse-mit-rotem-aufdruck\/","og_locale":"de_DE","og_type":"article","og_title":"PARIS STATEMENT - wei\u00dfe Bluse in \u00dcbergr\u00f6\u00dfe mit rotem Aufdruck - Amare Atelier \u2013 Modna Odzie\u017c Damska | Styl, Klasa, Kobieco\u015b\u0107","og_description":"Mode, die f\u00fcr sich selbst spricht. PARIS STATEMENT ist eine wei\u00dfe Bluse in \u00dcbergr\u00f6\u00dfe mit einer lockeren Passform, inspiriert vom Pariser Stil und der Atmosph\u00e4re einer Modenschau. Der auff\u00e4llige rote Druck verleiht ihr Charakter und l\u00e4sst selbst das einfachste Outfit Catwalk-tauglich aussehen. Tragen Sie sie als Kleid oder im Duo mit Leggings oder Stiefeln &#8211; [&hellip;]","og_url":"https:\/\/amare-atelier.pl\/de\/produkt\/paris-statement-weisse-bluse-in-uebergroesse-mit-rotem-aufdruck\/","og_site_name":"Amare Atelier \u2013 Modna Odzie\u017c Damska | Styl, Klasa, Kobieco\u015b\u0107","article_publisher":"https:\/\/www.facebook.com\/profile.php?id=61577234792545","og_image":[{"width":1142,"height":1600,"url":"https:\/\/amare-atelier.pl\/wp-content\/uploads\/2026\/02\/084ccbc6-c20d-4052-b56a-9d6493012626.jpeg","type":"image\/jpeg"}],"twitter_card":"summary_large_image","schema":{"@context":"https:\/\/schema.org","@graph":[{"@type":"WebPage","@id":"https:\/\/amare-atelier.pl\/de\/produkt\/paris-statement-weisse-bluse-in-uebergroesse-mit-rotem-aufdruck\/","url":"https:\/\/amare-atelier.pl\/de\/produkt\/paris-statement-weisse-bluse-in-uebergroesse-mit-rotem-aufdruck\/","name":"PARIS STATEMENT - wei\u00dfe Bluse in \u00dcbergr\u00f6\u00dfe mit rotem Aufdruck - Amare Atelier \u2013 Modna Odzie\u017c Damska | Styl, Klasa, Kobieco\u015b\u0107","isPartOf":{"@id":"https:\/\/amare-atelier.pl\/de\/#website"},"primaryImageOfPage":{"@id":"https:\/\/amare-atelier.pl\/de\/produkt\/paris-statement-weisse-bluse-in-uebergroesse-mit-rotem-aufdruck\/#primaryimage"},"image":{"@id":"https:\/\/amare-atelier.pl\/de\/produkt\/paris-statement-weisse-bluse-in-uebergroesse-mit-rotem-aufdruck\/#primaryimage"},"thumbnailUrl":"https:\/\/amare-atelier.pl\/wp-content\/uploads\/2026\/02\/084ccbc6-c20d-4052-b56a-9d6493012626.jpeg","datePublished":"2026-02-10T12:18:31+00:00","breadcrumb":{"@id":"https:\/\/amare-atelier.pl\/de\/produkt\/paris-statement-weisse-bluse-in-uebergroesse-mit-rotem-aufdruck\/#breadcrumb"},"inLanguage":"de","potentialAction":[{"@type":"ReadAction","target":["https:\/\/amare-atelier.pl\/de\/produkt\/paris-statement-weisse-bluse-in-uebergroesse-mit-rotem-aufdruck\/"]}]},{"@type":"ImageObject","inLanguage":"de","@id":"https:\/\/amare-atelier.pl\/de\/produkt\/paris-statement-weisse-bluse-in-uebergroesse-mit-rotem-aufdruck\/#primaryimage","url":"https:\/\/amare-atelier.pl\/wp-content\/uploads\/2026\/02\/084ccbc6-c20d-4052-b56a-9d6493012626.jpeg","contentUrl":"https:\/\/amare-atelier.pl\/wp-content\/uploads\/2026\/02\/084ccbc6-c20d-4052-b56a-9d6493012626.jpeg","width":1142,"height":1600},{"@type":"BreadcrumbList","@id":"https:\/\/amare-atelier.pl\/de\/produkt\/paris-statement-weisse-bluse-in-uebergroesse-mit-rotem-aufdruck\/#breadcrumb","itemListElement":[{"@type":"ListItem","position":1,"name":"Startseite","item":"https:\/\/amare-atelier.pl\/de\/startseite\/"},{"@type":"ListItem","position":2,"name":"Shop","item":"https:\/\/amare-atelier.pl\/de\/shop\/"},{"@type":"ListItem","position":3,"name":"PARIS STATEMENT &#8211; wei\u00dfe Bluse in \u00dcbergr\u00f6\u00dfe mit rotem Aufdruck"}]},{"@type":"WebSite","@id":"https:\/\/amare-atelier.pl\/de\/#website","url":"https:\/\/amare-atelier.pl\/de\/","name":"Amare Atelier \u2013 Modna Odzie\u017c Damska | Styl, Klasa, Kobieco\u015b\u0107","description":"","publisher":{"@id":"https:\/\/amare-atelier.pl\/de\/#organization"},"potentialAction":[{"@type":"SearchAction","target":{"@type":"EntryPoint","urlTemplate":"https:\/\/amare-atelier.pl\/de\/?s={search_term_string}"},"query-input":{"@type":"PropertyValueSpecification","valueRequired":true,"valueName":"search_term_string"}}],"inLanguage":"de"},{"@type":"Organization","@id":"https:\/\/amare-atelier.pl\/de\/#organization","name":"Amare Atelier \u2013 Modna Odzie\u017c Damska | Styl, Klasa, Kobieco\u015b\u0107","url":"https:\/\/amare-atelier.pl\/de\/","logo":{"@type":"ImageObject","inLanguage":"de","@id":"https:\/\/amare-atelier.pl\/de\/#\/schema\/logo\/image\/","url":"https:\/\/amare-atelier.pl\/wp-content\/uploads\/2025\/06\/amare-logo.svg","contentUrl":"https:\/\/amare-atelier.pl\/wp-content\/uploads\/2025\/06\/amare-logo.svg","width":578,"height":238,"caption":"Amare Atelier \u2013 Modna Odzie\u017c Damska | Styl, Klasa, Kobieco\u015b\u0107"},"image":{"@id":"https:\/\/amare-atelier.pl\/de\/#\/schema\/logo\/image\/"},"sameAs":["https:\/\/www.facebook.com\/profile.php?id=61577234792545","https:\/\/www.instagram.com\/amare___atelier\/"]}]}},"_links":{"self":[{"href":"https:\/\/amare-atelier.pl\/de\/wp-json\/wp\/v2\/product\/75959","targetHints":{"allow":["GET"]}}],"collection":[{"href":"https:\/\/amare-atelier.pl\/de\/wp-json\/wp\/v2\/product"}],"about":[{"href":"https:\/\/amare-atelier.pl\/de\/wp-json\/wp\/v2\/types\/product"}],"wp:featuredmedia":[{"embeddable":true,"href":"https:\/\/amare-atelier.pl\/de\/wp-json\/wp\/v2\/media\/72636"}],"wp:attachment":[{"href":"https:\/\/amare-atelier.pl\/de\/wp-json\/wp\/v2\/media?parent=75959"}],"wp:term":[{"taxonomy":"product_brand","embeddable":true,"href":"https:\/\/amare-atelier.pl\/de\/wp-json\/wp\/v2\/product_brand?post=75959"},{"taxonomy":"product_cat","embeddable":true,"href":"https:\/\/amare-atelier.pl\/de\/wp-json\/wp\/v2\/product_cat?post=75959"},{"taxonomy":"product_tag","embeddable":true,"href":"https:\/\/amare-atelier.pl\/de\/wp-json\/wp\/v2\/product_tag?post=75959"}],"curies":[{"name":"wp","href":"https:\/\/api.w.org\/{rel}","templated":true}]}}