{"id":75776,"date":"2026-02-25T11:20:04","date_gmt":"2026-02-25T10:20:04","guid":{"rendered":"https:\/\/amare-atelier.pl\/produkt\/rosalie-jacke-beige\/"},"modified":"2026-02-25T11:20:04","modified_gmt":"2026-02-25T10:20:04","slug":"rosalie-jacke-beige","status":"publish","type":"product","link":"https:\/\/amare-atelier.pl\/de\/produkt\/rosalie-jacke-beige\/","title":{"rendered":"Rosalie Jacke &#8211; Beige"},"content":{"rendered":"<p>Eine Jacke, die Klassiker mit der M\u00f6glichkeit der vollst\u00e4ndigen Personalisierung kombiniert. Hergestellt in einem sch\u00f6nen, raffinierten Beigeton, der sowohl elegante als auch allt\u00e4gliche Stylings harmonisch erg\u00e4nzt. Es ist ein Modell f\u00fcr Frauen, die gerne die Wahl haben &#8211; und einen passenden Stil, nicht umgekehrt.  <\/p>\n<p>Das markanteste Element ist die dekorative Rose, die Sie jederzeit abnehmen k\u00f6nnen. Dadurch kann die Jacke ihren Charakter leicht ver\u00e4ndern: von romantisch und ausdrucksstark bis hin zu minimalistisch und klassisch. Ein Detail, mit dem Sie entscheiden k\u00f6nnen, wie sehr Sie sich an einem bestimmten Tag abheben m\u00f6chten.  <\/p>\n<p>Der Oversize-Schnitt sorgt f\u00fcr einen l\u00e4ssigen und modernen Look, aber das Modell wurde mit Taillenschlaufen und einem zarten G\u00fcrtel aufgewertet. Sie k\u00f6nnen es leger und l\u00e4ssig tragen oder die Silhouette akzentuieren &#8211; mit dem mitgelieferten G\u00fcrtel oder einem anderen aus Ihrer Garderobe. Eine Jacke, viele Styling-M\u00f6glichkeiten.  <\/p>\n<p>Er sieht sowohl zu einem eleganten Rock, einer klassischen Hose als auch zu legeren Ensembles mit Denim gro\u00dfartig aus. Es ist ein Kleidungsst\u00fcck, das nahtlos vom Tag zum Abend \u00fcbergeht und sich dem jeweiligen Anlass anpasst. <\/p>\n","protected":false},"excerpt":{"rendered":"<p>Zusammensetzung: 75% Viskose,20% Polyester,5% Elastan<\/p>\n<p>Sie sind sich nicht sicher, was die Gr\u00f6\u00dfe angeht? Schreiben Sie uns auf Instagram amare___atelier von 09:00-16:00, wir k\u00f6nnen Ihnen in 5 Minuten helfen! <\/p>\n","protected":false},"featured_media":73748,"template":"","meta":{"inline_featured_image":false},"product_brand":[],"product_cat":[276,251],"product_tag":[],"class_list":{"0":"post-75776","1":"product","2":"type-product","3":"status-publish","4":"has-post-thumbnail","6":"product_cat-mariners","7":"product_cat-neuheiten","10":"first","11":"instock","12":"shipping-taxable","13":"purchasable","14":"product-type-variable"},"yoast_head":"<!-- This site is optimized with the Yoast SEO plugin v26.3 - https:\/\/yoast.com\/wordpress\/plugins\/seo\/ -->\n<title>Rosalie Jacke - Beige - Amare Atelier \u2013 Modna Odzie\u017c Damska | Styl, Klasa, Kobieco\u015b\u0107<\/title>\n<meta name=\"robots\" content=\"index, follow, max-snippet:-1, max-image-preview:large, max-video-preview:-1\" \/>\n<link rel=\"canonical\" href=\"https:\/\/amare-atelier.pl\/de\/produkt\/rosalie-jacke-beige\/\" \/>\n<meta property=\"og:locale\" content=\"de_DE\" \/>\n<meta property=\"og:type\" content=\"article\" \/>\n<meta property=\"og:title\" content=\"Rosalie Jacke - Beige - Amare Atelier \u2013 Modna Odzie\u017c Damska | Styl, Klasa, Kobieco\u015b\u0107\" \/>\n<meta property=\"og:description\" content=\"Zusammensetzung: 75% Viskose,20% Polyester,5% Elastan Sie sind sich nicht sicher, was die Gr\u00f6\u00dfe angeht? Schreiben Sie uns auf Instagram amare___atelier von 09:00-16:00, wir k\u00f6nnen Ihnen in 5 Minuten helfen!\" \/>\n<meta property=\"og:url\" content=\"https:\/\/amare-atelier.pl\/de\/produkt\/rosalie-jacke-beige\/\" \/>\n<meta property=\"og:site_name\" content=\"Amare Atelier \u2013 Modna Odzie\u017c Damska | Styl, Klasa, Kobieco\u015b\u0107\" \/>\n<meta property=\"article:publisher\" content=\"https:\/\/www.facebook.com\/profile.php?id=61577234792545\" \/>\n<meta property=\"og:image\" content=\"https:\/\/amare-atelier.pl\/wp-content\/uploads\/2026\/02\/IMG_1894-scaled.jpeg\" \/>\n\t<meta property=\"og:image:width\" content=\"1920\" \/>\n\t<meta property=\"og:image:height\" content=\"2560\" \/>\n\t<meta property=\"og:image:type\" content=\"image\/jpeg\" \/>\n<meta name=\"twitter:card\" content=\"summary_large_image\" \/>\n<meta name=\"twitter:label1\" content=\"Gesch\u00e4tzte Lesezeit\" \/>\n\t<meta name=\"twitter:data1\" content=\"1\u00a0Minute\" \/>\n<script type=\"application\/ld+json\" class=\"yoast-schema-graph\">{\"@context\":\"https:\/\/schema.org\",\"@graph\":[{\"@type\":\"WebPage\",\"@id\":\"https:\/\/amare-atelier.pl\/de\/produkt\/rosalie-jacke-beige\/\",\"url\":\"https:\/\/amare-atelier.pl\/de\/produkt\/rosalie-jacke-beige\/\",\"name\":\"Rosalie Jacke - Beige - Amare Atelier \u2013 Modna Odzie\u017c Damska | Styl, Klasa, Kobieco\u015b\u0107\",\"isPartOf\":{\"@id\":\"https:\/\/amare-atelier.pl\/de\/#website\"},\"primaryImageOfPage\":{\"@id\":\"https:\/\/amare-atelier.pl\/de\/produkt\/rosalie-jacke-beige\/#primaryimage\"},\"image\":{\"@id\":\"https:\/\/amare-atelier.pl\/de\/produkt\/rosalie-jacke-beige\/#primaryimage\"},\"thumbnailUrl\":\"https:\/\/amare-atelier.pl\/wp-content\/uploads\/2026\/02\/IMG_1894-scaled.jpeg\",\"datePublished\":\"2026-02-25T10:20:04+00:00\",\"breadcrumb\":{\"@id\":\"https:\/\/amare-atelier.pl\/de\/produkt\/rosalie-jacke-beige\/#breadcrumb\"},\"inLanguage\":\"de\",\"potentialAction\":[{\"@type\":\"ReadAction\",\"target\":[\"https:\/\/amare-atelier.pl\/de\/produkt\/rosalie-jacke-beige\/\"]}]},{\"@type\":\"ImageObject\",\"inLanguage\":\"de\",\"@id\":\"https:\/\/amare-atelier.pl\/de\/produkt\/rosalie-jacke-beige\/#primaryimage\",\"url\":\"https:\/\/amare-atelier.pl\/wp-content\/uploads\/2026\/02\/IMG_1894-scaled.jpeg\",\"contentUrl\":\"https:\/\/amare-atelier.pl\/wp-content\/uploads\/2026\/02\/IMG_1894-scaled.jpeg\",\"width\":1920,\"height\":2560},{\"@type\":\"BreadcrumbList\",\"@id\":\"https:\/\/amare-atelier.pl\/de\/produkt\/rosalie-jacke-beige\/#breadcrumb\",\"itemListElement\":[{\"@type\":\"ListItem\",\"position\":1,\"name\":\"Startseite\",\"item\":\"https:\/\/amare-atelier.pl\/de\/startseite\/\"},{\"@type\":\"ListItem\",\"position\":2,\"name\":\"Shop\",\"item\":\"https:\/\/amare-atelier.pl\/de\/shop\/\"},{\"@type\":\"ListItem\",\"position\":3,\"name\":\"Rosalie Jacke &#8211; Beige\"}]},{\"@type\":\"WebSite\",\"@id\":\"https:\/\/amare-atelier.pl\/de\/#website\",\"url\":\"https:\/\/amare-atelier.pl\/de\/\",\"name\":\"Amare Atelier \u2013 Modna Odzie\u017c Damska | Styl, Klasa, Kobieco\u015b\u0107\",\"description\":\"\",\"publisher\":{\"@id\":\"https:\/\/amare-atelier.pl\/de\/#organization\"},\"potentialAction\":[{\"@type\":\"SearchAction\",\"target\":{\"@type\":\"EntryPoint\",\"urlTemplate\":\"https:\/\/amare-atelier.pl\/de\/?s={search_term_string}\"},\"query-input\":{\"@type\":\"PropertyValueSpecification\",\"valueRequired\":true,\"valueName\":\"search_term_string\"}}],\"inLanguage\":\"de\"},{\"@type\":\"Organization\",\"@id\":\"https:\/\/amare-atelier.pl\/de\/#organization\",\"name\":\"Amare Atelier \u2013 Modna Odzie\u017c Damska | Styl, Klasa, Kobieco\u015b\u0107\",\"url\":\"https:\/\/amare-atelier.pl\/de\/\",\"logo\":{\"@type\":\"ImageObject\",\"inLanguage\":\"de\",\"@id\":\"https:\/\/amare-atelier.pl\/de\/#\/schema\/logo\/image\/\",\"url\":\"https:\/\/amare-atelier.pl\/wp-content\/uploads\/2025\/06\/amare-logo.svg\",\"contentUrl\":\"https:\/\/amare-atelier.pl\/wp-content\/uploads\/2025\/06\/amare-logo.svg\",\"width\":578,\"height\":238,\"caption\":\"Amare Atelier \u2013 Modna Odzie\u017c Damska | Styl, Klasa, Kobieco\u015b\u0107\"},\"image\":{\"@id\":\"https:\/\/amare-atelier.pl\/de\/#\/schema\/logo\/image\/\"},\"sameAs\":[\"https:\/\/www.facebook.com\/profile.php?id=61577234792545\",\"https:\/\/www.instagram.com\/amare___atelier\/\"]}]}<\/script>\n<!-- \/ Yoast SEO plugin. -->","yoast_head_json":{"title":"Rosalie Jacke - Beige - Amare Atelier \u2013 Modna Odzie\u017c Damska | Styl, Klasa, Kobieco\u015b\u0107","robots":{"index":"index","follow":"follow","max-snippet":"max-snippet:-1","max-image-preview":"max-image-preview:large","max-video-preview":"max-video-preview:-1"},"canonical":"https:\/\/amare-atelier.pl\/de\/produkt\/rosalie-jacke-beige\/","og_locale":"de_DE","og_type":"article","og_title":"Rosalie Jacke - Beige - Amare Atelier \u2013 Modna Odzie\u017c Damska | Styl, Klasa, Kobieco\u015b\u0107","og_description":"Zusammensetzung: 75% Viskose,20% Polyester,5% Elastan Sie sind sich nicht sicher, was die Gr\u00f6\u00dfe angeht? Schreiben Sie uns auf Instagram amare___atelier von 09:00-16:00, wir k\u00f6nnen Ihnen in 5 Minuten helfen!","og_url":"https:\/\/amare-atelier.pl\/de\/produkt\/rosalie-jacke-beige\/","og_site_name":"Amare Atelier \u2013 Modna Odzie\u017c Damska | Styl, Klasa, Kobieco\u015b\u0107","article_publisher":"https:\/\/www.facebook.com\/profile.php?id=61577234792545","og_image":[{"width":1920,"height":2560,"url":"https:\/\/amare-atelier.pl\/wp-content\/uploads\/2026\/02\/IMG_1894-scaled.jpeg","type":"image\/jpeg"}],"twitter_card":"summary_large_image","twitter_misc":{"Gesch\u00e4tzte Lesezeit":"1\u00a0Minute"},"schema":{"@context":"https:\/\/schema.org","@graph":[{"@type":"WebPage","@id":"https:\/\/amare-atelier.pl\/de\/produkt\/rosalie-jacke-beige\/","url":"https:\/\/amare-atelier.pl\/de\/produkt\/rosalie-jacke-beige\/","name":"Rosalie Jacke - Beige - Amare Atelier \u2013 Modna Odzie\u017c Damska | Styl, Klasa, Kobieco\u015b\u0107","isPartOf":{"@id":"https:\/\/amare-atelier.pl\/de\/#website"},"primaryImageOfPage":{"@id":"https:\/\/amare-atelier.pl\/de\/produkt\/rosalie-jacke-beige\/#primaryimage"},"image":{"@id":"https:\/\/amare-atelier.pl\/de\/produkt\/rosalie-jacke-beige\/#primaryimage"},"thumbnailUrl":"https:\/\/amare-atelier.pl\/wp-content\/uploads\/2026\/02\/IMG_1894-scaled.jpeg","datePublished":"2026-02-25T10:20:04+00:00","breadcrumb":{"@id":"https:\/\/amare-atelier.pl\/de\/produkt\/rosalie-jacke-beige\/#breadcrumb"},"inLanguage":"de","potentialAction":[{"@type":"ReadAction","target":["https:\/\/amare-atelier.pl\/de\/produkt\/rosalie-jacke-beige\/"]}]},{"@type":"ImageObject","inLanguage":"de","@id":"https:\/\/amare-atelier.pl\/de\/produkt\/rosalie-jacke-beige\/#primaryimage","url":"https:\/\/amare-atelier.pl\/wp-content\/uploads\/2026\/02\/IMG_1894-scaled.jpeg","contentUrl":"https:\/\/amare-atelier.pl\/wp-content\/uploads\/2026\/02\/IMG_1894-scaled.jpeg","width":1920,"height":2560},{"@type":"BreadcrumbList","@id":"https:\/\/amare-atelier.pl\/de\/produkt\/rosalie-jacke-beige\/#breadcrumb","itemListElement":[{"@type":"ListItem","position":1,"name":"Startseite","item":"https:\/\/amare-atelier.pl\/de\/startseite\/"},{"@type":"ListItem","position":2,"name":"Shop","item":"https:\/\/amare-atelier.pl\/de\/shop\/"},{"@type":"ListItem","position":3,"name":"Rosalie Jacke &#8211; Beige"}]},{"@type":"WebSite","@id":"https:\/\/amare-atelier.pl\/de\/#website","url":"https:\/\/amare-atelier.pl\/de\/","name":"Amare Atelier \u2013 Modna Odzie\u017c Damska | Styl, Klasa, Kobieco\u015b\u0107","description":"","publisher":{"@id":"https:\/\/amare-atelier.pl\/de\/#organization"},"potentialAction":[{"@type":"SearchAction","target":{"@type":"EntryPoint","urlTemplate":"https:\/\/amare-atelier.pl\/de\/?s={search_term_string}"},"query-input":{"@type":"PropertyValueSpecification","valueRequired":true,"valueName":"search_term_string"}}],"inLanguage":"de"},{"@type":"Organization","@id":"https:\/\/amare-atelier.pl\/de\/#organization","name":"Amare Atelier \u2013 Modna Odzie\u017c Damska | Styl, Klasa, Kobieco\u015b\u0107","url":"https:\/\/amare-atelier.pl\/de\/","logo":{"@type":"ImageObject","inLanguage":"de","@id":"https:\/\/amare-atelier.pl\/de\/#\/schema\/logo\/image\/","url":"https:\/\/amare-atelier.pl\/wp-content\/uploads\/2025\/06\/amare-logo.svg","contentUrl":"https:\/\/amare-atelier.pl\/wp-content\/uploads\/2025\/06\/amare-logo.svg","width":578,"height":238,"caption":"Amare Atelier \u2013 Modna Odzie\u017c Damska | Styl, Klasa, Kobieco\u015b\u0107"},"image":{"@id":"https:\/\/amare-atelier.pl\/de\/#\/schema\/logo\/image\/"},"sameAs":["https:\/\/www.facebook.com\/profile.php?id=61577234792545","https:\/\/www.instagram.com\/amare___atelier\/"]}]}},"_links":{"self":[{"href":"https:\/\/amare-atelier.pl\/de\/wp-json\/wp\/v2\/product\/75776","targetHints":{"allow":["GET"]}}],"collection":[{"href":"https:\/\/amare-atelier.pl\/de\/wp-json\/wp\/v2\/product"}],"about":[{"href":"https:\/\/amare-atelier.pl\/de\/wp-json\/wp\/v2\/types\/product"}],"wp:featuredmedia":[{"embeddable":true,"href":"https:\/\/amare-atelier.pl\/de\/wp-json\/wp\/v2\/media\/73748"}],"wp:attachment":[{"href":"https:\/\/amare-atelier.pl\/de\/wp-json\/wp\/v2\/media?parent=75776"}],"wp:term":[{"taxonomy":"product_brand","embeddable":true,"href":"https:\/\/amare-atelier.pl\/de\/wp-json\/wp\/v2\/product_brand?post=75776"},{"taxonomy":"product_cat","embeddable":true,"href":"https:\/\/amare-atelier.pl\/de\/wp-json\/wp\/v2\/product_cat?post=75776"},{"taxonomy":"product_tag","embeddable":true,"href":"https:\/\/amare-atelier.pl\/de\/wp-json\/wp\/v2\/product_tag?post=75776"}],"curies":[{"name":"wp","href":"https:\/\/api.w.org\/{rel}","templated":true}]}}