{"id":75769,"date":"2026-02-25T19:16:55","date_gmt":"2026-02-25T18:16:55","guid":{"rendered":"https:\/\/amare-atelier.pl\/produkt\/amore-rote-stilettos-transparent-mit-riemen\/"},"modified":"2026-02-25T19:16:55","modified_gmt":"2026-02-25T18:16:55","slug":"amore-rote-stilettos-transparent-mit-riemen","status":"publish","type":"product","link":"https:\/\/amare-atelier.pl\/de\/produkt\/amore-rote-stilettos-transparent-mit-riemen\/","title":{"rendered":"Amore Rote Stilettos &#8211; transparent mit Riemen"},"content":{"rendered":"<p>Klassiker in Fettschrift \u2764\ufe0f<\/p>\n<p>Das transparente Obermaterial umh\u00fcllt den Fu\u00df auf subtile Weise, w\u00e4hrend das lackierte Rot Charakter und feminines Selbstbewusstsein verleiht. Der schlanke, stabile Absatz und das Kn\u00f6chelriemchen machen das Bein sch\u00f6n schlank und sorgen bei jedem Schritt f\u00fcr einen &#8220;Wow&#8221;-Effekt. <\/p>\n<p>Es ist ein Modell, das:<\/p>\n<p>&#8211; wird jede Frisur aufwerten<\/p>\n<p>&#8211; perfekt f\u00fcr ein Date, eine Hochzeit, eine Veranstaltung<\/p>\n<p>&#8211; wird auch bei einem minimalistischen Look ein starkes Statement abgeben<\/p>\n","protected":false},"excerpt":{"rendered":"<p>Klassiker in Fettschrift \u2764\ufe0f Das transparente Obermaterial umh\u00fcllt den Fu\u00df auf subtile Weise, w\u00e4hrend das lackierte Rot Charakter und feminines Selbstbewusstsein verleiht. Der schlanke, stabile Absatz und das Kn\u00f6chelriemchen machen das Bein sch\u00f6n schlank und sorgen bei jedem Schritt f\u00fcr einen &#8220;Wow&#8221;-Effekt. Es ist ein Modell, das: &#8211; wird jede Frisur aufwerten &#8211; perfekt f\u00fcr [&hellip;]<\/p>\n","protected":false},"featured_media":73850,"template":"","meta":{"inline_featured_image":false},"product_brand":[],"product_cat":[251,305],"product_tag":[],"class_list":{"0":"post-75769","1":"product","2":"type-product","3":"status-publish","4":"has-post-thumbnail","6":"product_cat-neuheiten","7":"product_cat-schuhe","10":"first","11":"instock","12":"shipping-taxable","13":"purchasable","14":"product-type-variable"},"yoast_head":"<!-- This site is optimized with the Yoast SEO plugin v26.3 - https:\/\/yoast.com\/wordpress\/plugins\/seo\/ -->\n<title>Amore Rote Stilettos - transparent mit Riemen - Amare Atelier \u2013 Modna Odzie\u017c Damska | Styl, Klasa, Kobieco\u015b\u0107<\/title>\n<meta name=\"robots\" content=\"index, follow, max-snippet:-1, max-image-preview:large, max-video-preview:-1\" \/>\n<link rel=\"canonical\" href=\"https:\/\/amare-atelier.pl\/de\/produkt\/amore-rote-stilettos-transparent-mit-riemen\/\" \/>\n<meta property=\"og:locale\" content=\"de_DE\" \/>\n<meta property=\"og:type\" content=\"article\" \/>\n<meta property=\"og:title\" content=\"Amore Rote Stilettos - transparent mit Riemen - Amare Atelier \u2013 Modna Odzie\u017c Damska | Styl, Klasa, Kobieco\u015b\u0107\" \/>\n<meta property=\"og:description\" content=\"Klassiker in Fettschrift \u2764\ufe0f Das transparente Obermaterial umh\u00fcllt den Fu\u00df auf subtile Weise, w\u00e4hrend das lackierte Rot Charakter und feminines Selbstbewusstsein verleiht. Der schlanke, stabile Absatz und das Kn\u00f6chelriemchen machen das Bein sch\u00f6n schlank und sorgen bei jedem Schritt f\u00fcr einen &#8220;Wow&#8221;-Effekt. Es ist ein Modell, das: &#8211; wird jede Frisur aufwerten &#8211; perfekt f\u00fcr [&hellip;]\" \/>\n<meta property=\"og:url\" content=\"https:\/\/amare-atelier.pl\/de\/produkt\/amore-rote-stilettos-transparent-mit-riemen\/\" \/>\n<meta property=\"og:site_name\" content=\"Amare Atelier \u2013 Modna Odzie\u017c Damska | Styl, Klasa, Kobieco\u015b\u0107\" \/>\n<meta property=\"article:publisher\" content=\"https:\/\/www.facebook.com\/profile.php?id=61577234792545\" \/>\n<meta property=\"og:image\" content=\"https:\/\/amare-atelier.pl\/wp-content\/uploads\/2026\/02\/IMG_7716.jpeg\" \/>\n\t<meta property=\"og:image:width\" content=\"1536\" \/>\n\t<meta property=\"og:image:height\" content=\"2048\" \/>\n\t<meta property=\"og:image:type\" content=\"image\/jpeg\" \/>\n<meta name=\"twitter:card\" content=\"summary_large_image\" \/>\n<script type=\"application\/ld+json\" class=\"yoast-schema-graph\">{\"@context\":\"https:\/\/schema.org\",\"@graph\":[{\"@type\":\"WebPage\",\"@id\":\"https:\/\/amare-atelier.pl\/de\/produkt\/amore-rote-stilettos-transparent-mit-riemen\/\",\"url\":\"https:\/\/amare-atelier.pl\/de\/produkt\/amore-rote-stilettos-transparent-mit-riemen\/\",\"name\":\"Amore Rote Stilettos - transparent mit Riemen - Amare Atelier \u2013 Modna Odzie\u017c Damska | Styl, Klasa, Kobieco\u015b\u0107\",\"isPartOf\":{\"@id\":\"https:\/\/amare-atelier.pl\/de\/#website\"},\"primaryImageOfPage\":{\"@id\":\"https:\/\/amare-atelier.pl\/de\/produkt\/amore-rote-stilettos-transparent-mit-riemen\/#primaryimage\"},\"image\":{\"@id\":\"https:\/\/amare-atelier.pl\/de\/produkt\/amore-rote-stilettos-transparent-mit-riemen\/#primaryimage\"},\"thumbnailUrl\":\"https:\/\/amare-atelier.pl\/wp-content\/uploads\/2026\/02\/IMG_7716.jpeg\",\"datePublished\":\"2026-02-25T18:16:55+00:00\",\"breadcrumb\":{\"@id\":\"https:\/\/amare-atelier.pl\/de\/produkt\/amore-rote-stilettos-transparent-mit-riemen\/#breadcrumb\"},\"inLanguage\":\"de\",\"potentialAction\":[{\"@type\":\"ReadAction\",\"target\":[\"https:\/\/amare-atelier.pl\/de\/produkt\/amore-rote-stilettos-transparent-mit-riemen\/\"]}]},{\"@type\":\"ImageObject\",\"inLanguage\":\"de\",\"@id\":\"https:\/\/amare-atelier.pl\/de\/produkt\/amore-rote-stilettos-transparent-mit-riemen\/#primaryimage\",\"url\":\"https:\/\/amare-atelier.pl\/wp-content\/uploads\/2026\/02\/IMG_7716.jpeg\",\"contentUrl\":\"https:\/\/amare-atelier.pl\/wp-content\/uploads\/2026\/02\/IMG_7716.jpeg\",\"width\":1536,\"height\":2048},{\"@type\":\"BreadcrumbList\",\"@id\":\"https:\/\/amare-atelier.pl\/de\/produkt\/amore-rote-stilettos-transparent-mit-riemen\/#breadcrumb\",\"itemListElement\":[{\"@type\":\"ListItem\",\"position\":1,\"name\":\"Startseite\",\"item\":\"https:\/\/amare-atelier.pl\/de\/startseite\/\"},{\"@type\":\"ListItem\",\"position\":2,\"name\":\"Shop\",\"item\":\"https:\/\/amare-atelier.pl\/de\/shop\/\"},{\"@type\":\"ListItem\",\"position\":3,\"name\":\"Amore Rote Stilettos &#8211; transparent mit Riemen\"}]},{\"@type\":\"WebSite\",\"@id\":\"https:\/\/amare-atelier.pl\/de\/#website\",\"url\":\"https:\/\/amare-atelier.pl\/de\/\",\"name\":\"Amare Atelier \u2013 Modna Odzie\u017c Damska | Styl, Klasa, Kobieco\u015b\u0107\",\"description\":\"\",\"publisher\":{\"@id\":\"https:\/\/amare-atelier.pl\/de\/#organization\"},\"potentialAction\":[{\"@type\":\"SearchAction\",\"target\":{\"@type\":\"EntryPoint\",\"urlTemplate\":\"https:\/\/amare-atelier.pl\/de\/?s={search_term_string}\"},\"query-input\":{\"@type\":\"PropertyValueSpecification\",\"valueRequired\":true,\"valueName\":\"search_term_string\"}}],\"inLanguage\":\"de\"},{\"@type\":\"Organization\",\"@id\":\"https:\/\/amare-atelier.pl\/de\/#organization\",\"name\":\"Amare Atelier \u2013 Modna Odzie\u017c Damska | Styl, Klasa, Kobieco\u015b\u0107\",\"url\":\"https:\/\/amare-atelier.pl\/de\/\",\"logo\":{\"@type\":\"ImageObject\",\"inLanguage\":\"de\",\"@id\":\"https:\/\/amare-atelier.pl\/de\/#\/schema\/logo\/image\/\",\"url\":\"https:\/\/amare-atelier.pl\/wp-content\/uploads\/2025\/06\/amare-logo.svg\",\"contentUrl\":\"https:\/\/amare-atelier.pl\/wp-content\/uploads\/2025\/06\/amare-logo.svg\",\"width\":578,\"height\":238,\"caption\":\"Amare Atelier \u2013 Modna Odzie\u017c Damska | Styl, Klasa, Kobieco\u015b\u0107\"},\"image\":{\"@id\":\"https:\/\/amare-atelier.pl\/de\/#\/schema\/logo\/image\/\"},\"sameAs\":[\"https:\/\/www.facebook.com\/profile.php?id=61577234792545\",\"https:\/\/www.instagram.com\/amare___atelier\/\"]}]}<\/script>\n<!-- \/ Yoast SEO plugin. -->","yoast_head_json":{"title":"Amore Rote Stilettos - transparent mit Riemen - Amare Atelier \u2013 Modna Odzie\u017c Damska | Styl, Klasa, Kobieco\u015b\u0107","robots":{"index":"index","follow":"follow","max-snippet":"max-snippet:-1","max-image-preview":"max-image-preview:large","max-video-preview":"max-video-preview:-1"},"canonical":"https:\/\/amare-atelier.pl\/de\/produkt\/amore-rote-stilettos-transparent-mit-riemen\/","og_locale":"de_DE","og_type":"article","og_title":"Amore Rote Stilettos - transparent mit Riemen - Amare Atelier \u2013 Modna Odzie\u017c Damska | Styl, Klasa, Kobieco\u015b\u0107","og_description":"Klassiker in Fettschrift \u2764\ufe0f Das transparente Obermaterial umh\u00fcllt den Fu\u00df auf subtile Weise, w\u00e4hrend das lackierte Rot Charakter und feminines Selbstbewusstsein verleiht. Der schlanke, stabile Absatz und das Kn\u00f6chelriemchen machen das Bein sch\u00f6n schlank und sorgen bei jedem Schritt f\u00fcr einen &#8220;Wow&#8221;-Effekt. Es ist ein Modell, das: &#8211; wird jede Frisur aufwerten &#8211; perfekt f\u00fcr [&hellip;]","og_url":"https:\/\/amare-atelier.pl\/de\/produkt\/amore-rote-stilettos-transparent-mit-riemen\/","og_site_name":"Amare Atelier \u2013 Modna Odzie\u017c Damska | Styl, Klasa, Kobieco\u015b\u0107","article_publisher":"https:\/\/www.facebook.com\/profile.php?id=61577234792545","og_image":[{"width":1536,"height":2048,"url":"https:\/\/amare-atelier.pl\/wp-content\/uploads\/2026\/02\/IMG_7716.jpeg","type":"image\/jpeg"}],"twitter_card":"summary_large_image","schema":{"@context":"https:\/\/schema.org","@graph":[{"@type":"WebPage","@id":"https:\/\/amare-atelier.pl\/de\/produkt\/amore-rote-stilettos-transparent-mit-riemen\/","url":"https:\/\/amare-atelier.pl\/de\/produkt\/amore-rote-stilettos-transparent-mit-riemen\/","name":"Amore Rote Stilettos - transparent mit Riemen - Amare Atelier \u2013 Modna Odzie\u017c Damska | Styl, Klasa, Kobieco\u015b\u0107","isPartOf":{"@id":"https:\/\/amare-atelier.pl\/de\/#website"},"primaryImageOfPage":{"@id":"https:\/\/amare-atelier.pl\/de\/produkt\/amore-rote-stilettos-transparent-mit-riemen\/#primaryimage"},"image":{"@id":"https:\/\/amare-atelier.pl\/de\/produkt\/amore-rote-stilettos-transparent-mit-riemen\/#primaryimage"},"thumbnailUrl":"https:\/\/amare-atelier.pl\/wp-content\/uploads\/2026\/02\/IMG_7716.jpeg","datePublished":"2026-02-25T18:16:55+00:00","breadcrumb":{"@id":"https:\/\/amare-atelier.pl\/de\/produkt\/amore-rote-stilettos-transparent-mit-riemen\/#breadcrumb"},"inLanguage":"de","potentialAction":[{"@type":"ReadAction","target":["https:\/\/amare-atelier.pl\/de\/produkt\/amore-rote-stilettos-transparent-mit-riemen\/"]}]},{"@type":"ImageObject","inLanguage":"de","@id":"https:\/\/amare-atelier.pl\/de\/produkt\/amore-rote-stilettos-transparent-mit-riemen\/#primaryimage","url":"https:\/\/amare-atelier.pl\/wp-content\/uploads\/2026\/02\/IMG_7716.jpeg","contentUrl":"https:\/\/amare-atelier.pl\/wp-content\/uploads\/2026\/02\/IMG_7716.jpeg","width":1536,"height":2048},{"@type":"BreadcrumbList","@id":"https:\/\/amare-atelier.pl\/de\/produkt\/amore-rote-stilettos-transparent-mit-riemen\/#breadcrumb","itemListElement":[{"@type":"ListItem","position":1,"name":"Startseite","item":"https:\/\/amare-atelier.pl\/de\/startseite\/"},{"@type":"ListItem","position":2,"name":"Shop","item":"https:\/\/amare-atelier.pl\/de\/shop\/"},{"@type":"ListItem","position":3,"name":"Amore Rote Stilettos &#8211; transparent mit Riemen"}]},{"@type":"WebSite","@id":"https:\/\/amare-atelier.pl\/de\/#website","url":"https:\/\/amare-atelier.pl\/de\/","name":"Amare Atelier \u2013 Modna Odzie\u017c Damska | Styl, Klasa, Kobieco\u015b\u0107","description":"","publisher":{"@id":"https:\/\/amare-atelier.pl\/de\/#organization"},"potentialAction":[{"@type":"SearchAction","target":{"@type":"EntryPoint","urlTemplate":"https:\/\/amare-atelier.pl\/de\/?s={search_term_string}"},"query-input":{"@type":"PropertyValueSpecification","valueRequired":true,"valueName":"search_term_string"}}],"inLanguage":"de"},{"@type":"Organization","@id":"https:\/\/amare-atelier.pl\/de\/#organization","name":"Amare Atelier \u2013 Modna Odzie\u017c Damska | Styl, Klasa, Kobieco\u015b\u0107","url":"https:\/\/amare-atelier.pl\/de\/","logo":{"@type":"ImageObject","inLanguage":"de","@id":"https:\/\/amare-atelier.pl\/de\/#\/schema\/logo\/image\/","url":"https:\/\/amare-atelier.pl\/wp-content\/uploads\/2025\/06\/amare-logo.svg","contentUrl":"https:\/\/amare-atelier.pl\/wp-content\/uploads\/2025\/06\/amare-logo.svg","width":578,"height":238,"caption":"Amare Atelier \u2013 Modna Odzie\u017c Damska | Styl, Klasa, Kobieco\u015b\u0107"},"image":{"@id":"https:\/\/amare-atelier.pl\/de\/#\/schema\/logo\/image\/"},"sameAs":["https:\/\/www.facebook.com\/profile.php?id=61577234792545","https:\/\/www.instagram.com\/amare___atelier\/"]}]}},"_links":{"self":[{"href":"https:\/\/amare-atelier.pl\/de\/wp-json\/wp\/v2\/product\/75769","targetHints":{"allow":["GET"]}}],"collection":[{"href":"https:\/\/amare-atelier.pl\/de\/wp-json\/wp\/v2\/product"}],"about":[{"href":"https:\/\/amare-atelier.pl\/de\/wp-json\/wp\/v2\/types\/product"}],"wp:featuredmedia":[{"embeddable":true,"href":"https:\/\/amare-atelier.pl\/de\/wp-json\/wp\/v2\/media\/73850"}],"wp:attachment":[{"href":"https:\/\/amare-atelier.pl\/de\/wp-json\/wp\/v2\/media?parent=75769"}],"wp:term":[{"taxonomy":"product_brand","embeddable":true,"href":"https:\/\/amare-atelier.pl\/de\/wp-json\/wp\/v2\/product_brand?post=75769"},{"taxonomy":"product_cat","embeddable":true,"href":"https:\/\/amare-atelier.pl\/de\/wp-json\/wp\/v2\/product_cat?post=75769"},{"taxonomy":"product_tag","embeddable":true,"href":"https:\/\/amare-atelier.pl\/de\/wp-json\/wp\/v2\/product_tag?post=75769"}],"curies":[{"name":"wp","href":"https:\/\/api.w.org\/{rel}","templated":true}]}}