{"id":75646,"date":"2026-03-06T08:16:52","date_gmt":"2026-03-06T07:16:52","guid":{"rendered":"https:\/\/amare-atelier.pl\/produkt\/lumiere-weicher-mantel-in-kamel\/"},"modified":"2026-03-06T08:16:52","modified_gmt":"2026-03-06T07:16:52","slug":"lumiere-weicher-mantel-in-kamel","status":"publish","type":"product","link":"https:\/\/amare-atelier.pl\/de\/produkt\/lumiere-weicher-mantel-in-kamel\/","title":{"rendered":"LUMI\u00c9RE Weicher Mantel in Kamel"},"content":{"rendered":"<p>Der kurze Trench in einem sanften Camel-Ton ist ein einzigartiges Modell, das klassische Eleganz mit femininem Charakter verbindet. Die Farbe balanciert zwischen einem warmen Camel-Ton und einem subtilen Braunton, wodurch er weich und sehr stilvoll wirkt. <\/p>\n<p>Der Schnitt ist leicht oversized, aber dank des Bindebands in der Taille betont er wundersch\u00f6n die Proportionen der Silhouette. Dezente P\u00f6lsterchen an den Schultern verleihen ihm eine leichte und feminine Form, und die kurze L\u00e4nge macht den gesamten Look modern und sehr wirkungsvoll. <\/p>\n<p>Bemerkenswert sind auch die polierten Details &#8211; dekorative Kn\u00f6pfe in verschiedenen Farben, die Charakter verleihen und ins Auge fallen. Es sind diese Elemente, die den Trench einzigartig und unverwechselbar aussehen lassen. <\/p>\n<p>Das Modell ist aus 100% Baumwolle gefertigt, wodurch das Material nat\u00fcrlich, atmungsaktiv und angenehm zu tragen ist.<\/p>\n","protected":false},"excerpt":{"rendered":"<p>Der kurze Trench in einem sanften Camel-Ton ist ein einzigartiges Modell, das klassische Eleganz mit femininem Charakter verbindet. Die Farbe balanciert zwischen einem warmen Camel-Ton und einem subtilen Braunton, wodurch er weich und sehr stilvoll wirkt. Der Schnitt ist leicht oversized, aber dank des Bindebands in der Taille betont er wundersch\u00f6n die Proportionen der Silhouette. [&hellip;]<\/p>\n","protected":false},"featured_media":75203,"template":"","meta":{"inline_featured_image":false},"product_brand":[],"product_cat":[150,139],"product_tag":[],"class_list":{"0":"post-75646","1":"product","2":"type-product","3":"status-publish","4":"has-post-thumbnail","6":"product_cat-nowosci","7":"product_cat-okrycia-wierzchnie","10":"first","11":"instock","12":"shipping-taxable","13":"purchasable","14":"product-type-variable"},"yoast_head":"<!-- This site is optimized with the Yoast SEO plugin v26.3 - https:\/\/yoast.com\/wordpress\/plugins\/seo\/ -->\n<title>LUMI\u00c9RE Weicher Mantel in Kamel - Amare Atelier \u2013 Modna Odzie\u017c Damska | Styl, Klasa, Kobieco\u015b\u0107<\/title>\n<meta name=\"robots\" content=\"index, follow, max-snippet:-1, max-image-preview:large, max-video-preview:-1\" \/>\n<link rel=\"canonical\" href=\"https:\/\/amare-atelier.pl\/de\/produkt\/lumiere-weicher-mantel-in-kamel\/\" \/>\n<meta property=\"og:locale\" content=\"de_DE\" \/>\n<meta property=\"og:type\" content=\"article\" \/>\n<meta property=\"og:title\" content=\"LUMI\u00c9RE Weicher Mantel in Kamel - Amare Atelier \u2013 Modna Odzie\u017c Damska | Styl, Klasa, Kobieco\u015b\u0107\" \/>\n<meta property=\"og:description\" content=\"Der kurze Trench in einem sanften Camel-Ton ist ein einzigartiges Modell, das klassische Eleganz mit femininem Charakter verbindet. Die Farbe balanciert zwischen einem warmen Camel-Ton und einem subtilen Braunton, wodurch er weich und sehr stilvoll wirkt. Der Schnitt ist leicht oversized, aber dank des Bindebands in der Taille betont er wundersch\u00f6n die Proportionen der Silhouette. [&hellip;]\" \/>\n<meta property=\"og:url\" content=\"https:\/\/amare-atelier.pl\/de\/produkt\/lumiere-weicher-mantel-in-kamel\/\" \/>\n<meta property=\"og:site_name\" content=\"Amare Atelier \u2013 Modna Odzie\u017c Damska | Styl, Klasa, Kobieco\u015b\u0107\" \/>\n<meta property=\"article:publisher\" content=\"https:\/\/www.facebook.com\/profile.php?id=61577234792545\" \/>\n<meta property=\"og:image\" content=\"https:\/\/amare-atelier.pl\/wp-content\/uploads\/2026\/03\/IMG_6004.jpeg\" \/>\n\t<meta property=\"og:image:width\" content=\"1320\" \/>\n\t<meta property=\"og:image:height\" content=\"2316\" \/>\n\t<meta property=\"og:image:type\" content=\"image\/jpeg\" \/>\n<meta name=\"twitter:card\" content=\"summary_large_image\" \/>\n<meta name=\"twitter:label1\" content=\"Gesch\u00e4tzte Lesezeit\" \/>\n\t<meta name=\"twitter:data1\" content=\"1\u00a0Minute\" \/>\n<script type=\"application\/ld+json\" class=\"yoast-schema-graph\">{\"@context\":\"https:\/\/schema.org\",\"@graph\":[{\"@type\":\"WebPage\",\"@id\":\"https:\/\/amare-atelier.pl\/de\/produkt\/lumiere-weicher-mantel-in-kamel\/\",\"url\":\"https:\/\/amare-atelier.pl\/de\/produkt\/lumiere-weicher-mantel-in-kamel\/\",\"name\":\"LUMI\u00c9RE Weicher Mantel in Kamel - Amare Atelier \u2013 Modna Odzie\u017c Damska | Styl, Klasa, Kobieco\u015b\u0107\",\"isPartOf\":{\"@id\":\"https:\/\/amare-atelier.pl\/de\/#website\"},\"primaryImageOfPage\":{\"@id\":\"https:\/\/amare-atelier.pl\/de\/produkt\/lumiere-weicher-mantel-in-kamel\/#primaryimage\"},\"image\":{\"@id\":\"https:\/\/amare-atelier.pl\/de\/produkt\/lumiere-weicher-mantel-in-kamel\/#primaryimage\"},\"thumbnailUrl\":\"https:\/\/amare-atelier.pl\/wp-content\/uploads\/2026\/03\/IMG_6004.jpeg\",\"datePublished\":\"2026-03-06T07:16:52+00:00\",\"breadcrumb\":{\"@id\":\"https:\/\/amare-atelier.pl\/de\/produkt\/lumiere-weicher-mantel-in-kamel\/#breadcrumb\"},\"inLanguage\":\"de\",\"potentialAction\":[{\"@type\":\"ReadAction\",\"target\":[\"https:\/\/amare-atelier.pl\/de\/produkt\/lumiere-weicher-mantel-in-kamel\/\"]}]},{\"@type\":\"ImageObject\",\"inLanguage\":\"de\",\"@id\":\"https:\/\/amare-atelier.pl\/de\/produkt\/lumiere-weicher-mantel-in-kamel\/#primaryimage\",\"url\":\"https:\/\/amare-atelier.pl\/wp-content\/uploads\/2026\/03\/IMG_6004.jpeg\",\"contentUrl\":\"https:\/\/amare-atelier.pl\/wp-content\/uploads\/2026\/03\/IMG_6004.jpeg\",\"width\":1320,\"height\":2316,\"caption\":\"Bildschirmfoto\"},{\"@type\":\"BreadcrumbList\",\"@id\":\"https:\/\/amare-atelier.pl\/de\/produkt\/lumiere-weicher-mantel-in-kamel\/#breadcrumb\",\"itemListElement\":[{\"@type\":\"ListItem\",\"position\":1,\"name\":\"Startseite\",\"item\":\"https:\/\/amare-atelier.pl\/de\/startseite\/\"},{\"@type\":\"ListItem\",\"position\":2,\"name\":\"Shop\",\"item\":\"https:\/\/amare-atelier.pl\/de\/shop\/\"},{\"@type\":\"ListItem\",\"position\":3,\"name\":\"LUMI\u00c9RE Weicher Mantel in Kamel\"}]},{\"@type\":\"WebSite\",\"@id\":\"https:\/\/amare-atelier.pl\/de\/#website\",\"url\":\"https:\/\/amare-atelier.pl\/de\/\",\"name\":\"Amare Atelier \u2013 Modna Odzie\u017c Damska | Styl, Klasa, Kobieco\u015b\u0107\",\"description\":\"\",\"publisher\":{\"@id\":\"https:\/\/amare-atelier.pl\/de\/#organization\"},\"potentialAction\":[{\"@type\":\"SearchAction\",\"target\":{\"@type\":\"EntryPoint\",\"urlTemplate\":\"https:\/\/amare-atelier.pl\/de\/?s={search_term_string}\"},\"query-input\":{\"@type\":\"PropertyValueSpecification\",\"valueRequired\":true,\"valueName\":\"search_term_string\"}}],\"inLanguage\":\"de\"},{\"@type\":\"Organization\",\"@id\":\"https:\/\/amare-atelier.pl\/de\/#organization\",\"name\":\"Amare Atelier \u2013 Modna Odzie\u017c Damska | Styl, Klasa, Kobieco\u015b\u0107\",\"url\":\"https:\/\/amare-atelier.pl\/de\/\",\"logo\":{\"@type\":\"ImageObject\",\"inLanguage\":\"de\",\"@id\":\"https:\/\/amare-atelier.pl\/de\/#\/schema\/logo\/image\/\",\"url\":\"https:\/\/amare-atelier.pl\/wp-content\/uploads\/2025\/06\/amare-logo.svg\",\"contentUrl\":\"https:\/\/amare-atelier.pl\/wp-content\/uploads\/2025\/06\/amare-logo.svg\",\"width\":578,\"height\":238,\"caption\":\"Amare Atelier \u2013 Modna Odzie\u017c Damska | Styl, Klasa, Kobieco\u015b\u0107\"},\"image\":{\"@id\":\"https:\/\/amare-atelier.pl\/de\/#\/schema\/logo\/image\/\"},\"sameAs\":[\"https:\/\/www.facebook.com\/profile.php?id=61577234792545\",\"https:\/\/www.instagram.com\/amare___atelier\/\"]}]}<\/script>\n<!-- \/ Yoast SEO plugin. -->","yoast_head_json":{"title":"LUMI\u00c9RE Weicher Mantel in Kamel - Amare Atelier \u2013 Modna Odzie\u017c Damska | Styl, Klasa, Kobieco\u015b\u0107","robots":{"index":"index","follow":"follow","max-snippet":"max-snippet:-1","max-image-preview":"max-image-preview:large","max-video-preview":"max-video-preview:-1"},"canonical":"https:\/\/amare-atelier.pl\/de\/produkt\/lumiere-weicher-mantel-in-kamel\/","og_locale":"de_DE","og_type":"article","og_title":"LUMI\u00c9RE Weicher Mantel in Kamel - Amare Atelier \u2013 Modna Odzie\u017c Damska | Styl, Klasa, Kobieco\u015b\u0107","og_description":"Der kurze Trench in einem sanften Camel-Ton ist ein einzigartiges Modell, das klassische Eleganz mit femininem Charakter verbindet. Die Farbe balanciert zwischen einem warmen Camel-Ton und einem subtilen Braunton, wodurch er weich und sehr stilvoll wirkt. Der Schnitt ist leicht oversized, aber dank des Bindebands in der Taille betont er wundersch\u00f6n die Proportionen der Silhouette. [&hellip;]","og_url":"https:\/\/amare-atelier.pl\/de\/produkt\/lumiere-weicher-mantel-in-kamel\/","og_site_name":"Amare Atelier \u2013 Modna Odzie\u017c Damska | Styl, Klasa, Kobieco\u015b\u0107","article_publisher":"https:\/\/www.facebook.com\/profile.php?id=61577234792545","og_image":[{"width":1320,"height":2316,"url":"https:\/\/amare-atelier.pl\/wp-content\/uploads\/2026\/03\/IMG_6004.jpeg","type":"image\/jpeg"}],"twitter_card":"summary_large_image","twitter_misc":{"Gesch\u00e4tzte Lesezeit":"1\u00a0Minute"},"schema":{"@context":"https:\/\/schema.org","@graph":[{"@type":"WebPage","@id":"https:\/\/amare-atelier.pl\/de\/produkt\/lumiere-weicher-mantel-in-kamel\/","url":"https:\/\/amare-atelier.pl\/de\/produkt\/lumiere-weicher-mantel-in-kamel\/","name":"LUMI\u00c9RE Weicher Mantel in Kamel - Amare Atelier \u2013 Modna Odzie\u017c Damska | Styl, Klasa, Kobieco\u015b\u0107","isPartOf":{"@id":"https:\/\/amare-atelier.pl\/de\/#website"},"primaryImageOfPage":{"@id":"https:\/\/amare-atelier.pl\/de\/produkt\/lumiere-weicher-mantel-in-kamel\/#primaryimage"},"image":{"@id":"https:\/\/amare-atelier.pl\/de\/produkt\/lumiere-weicher-mantel-in-kamel\/#primaryimage"},"thumbnailUrl":"https:\/\/amare-atelier.pl\/wp-content\/uploads\/2026\/03\/IMG_6004.jpeg","datePublished":"2026-03-06T07:16:52+00:00","breadcrumb":{"@id":"https:\/\/amare-atelier.pl\/de\/produkt\/lumiere-weicher-mantel-in-kamel\/#breadcrumb"},"inLanguage":"de","potentialAction":[{"@type":"ReadAction","target":["https:\/\/amare-atelier.pl\/de\/produkt\/lumiere-weicher-mantel-in-kamel\/"]}]},{"@type":"ImageObject","inLanguage":"de","@id":"https:\/\/amare-atelier.pl\/de\/produkt\/lumiere-weicher-mantel-in-kamel\/#primaryimage","url":"https:\/\/amare-atelier.pl\/wp-content\/uploads\/2026\/03\/IMG_6004.jpeg","contentUrl":"https:\/\/amare-atelier.pl\/wp-content\/uploads\/2026\/03\/IMG_6004.jpeg","width":1320,"height":2316,"caption":"Bildschirmfoto"},{"@type":"BreadcrumbList","@id":"https:\/\/amare-atelier.pl\/de\/produkt\/lumiere-weicher-mantel-in-kamel\/#breadcrumb","itemListElement":[{"@type":"ListItem","position":1,"name":"Startseite","item":"https:\/\/amare-atelier.pl\/de\/startseite\/"},{"@type":"ListItem","position":2,"name":"Shop","item":"https:\/\/amare-atelier.pl\/de\/shop\/"},{"@type":"ListItem","position":3,"name":"LUMI\u00c9RE Weicher Mantel in Kamel"}]},{"@type":"WebSite","@id":"https:\/\/amare-atelier.pl\/de\/#website","url":"https:\/\/amare-atelier.pl\/de\/","name":"Amare Atelier \u2013 Modna Odzie\u017c Damska | Styl, Klasa, Kobieco\u015b\u0107","description":"","publisher":{"@id":"https:\/\/amare-atelier.pl\/de\/#organization"},"potentialAction":[{"@type":"SearchAction","target":{"@type":"EntryPoint","urlTemplate":"https:\/\/amare-atelier.pl\/de\/?s={search_term_string}"},"query-input":{"@type":"PropertyValueSpecification","valueRequired":true,"valueName":"search_term_string"}}],"inLanguage":"de"},{"@type":"Organization","@id":"https:\/\/amare-atelier.pl\/de\/#organization","name":"Amare Atelier \u2013 Modna Odzie\u017c Damska | Styl, Klasa, Kobieco\u015b\u0107","url":"https:\/\/amare-atelier.pl\/de\/","logo":{"@type":"ImageObject","inLanguage":"de","@id":"https:\/\/amare-atelier.pl\/de\/#\/schema\/logo\/image\/","url":"https:\/\/amare-atelier.pl\/wp-content\/uploads\/2025\/06\/amare-logo.svg","contentUrl":"https:\/\/amare-atelier.pl\/wp-content\/uploads\/2025\/06\/amare-logo.svg","width":578,"height":238,"caption":"Amare Atelier \u2013 Modna Odzie\u017c Damska | Styl, Klasa, Kobieco\u015b\u0107"},"image":{"@id":"https:\/\/amare-atelier.pl\/de\/#\/schema\/logo\/image\/"},"sameAs":["https:\/\/www.facebook.com\/profile.php?id=61577234792545","https:\/\/www.instagram.com\/amare___atelier\/"]}]}},"_links":{"self":[{"href":"https:\/\/amare-atelier.pl\/de\/wp-json\/wp\/v2\/product\/75646","targetHints":{"allow":["GET"]}}],"collection":[{"href":"https:\/\/amare-atelier.pl\/de\/wp-json\/wp\/v2\/product"}],"about":[{"href":"https:\/\/amare-atelier.pl\/de\/wp-json\/wp\/v2\/types\/product"}],"wp:featuredmedia":[{"embeddable":true,"href":"https:\/\/amare-atelier.pl\/de\/wp-json\/wp\/v2\/media\/75203"}],"wp:attachment":[{"href":"https:\/\/amare-atelier.pl\/de\/wp-json\/wp\/v2\/media?parent=75646"}],"wp:term":[{"taxonomy":"product_brand","embeddable":true,"href":"https:\/\/amare-atelier.pl\/de\/wp-json\/wp\/v2\/product_brand?post=75646"},{"taxonomy":"product_cat","embeddable":true,"href":"https:\/\/amare-atelier.pl\/de\/wp-json\/wp\/v2\/product_cat?post=75646"},{"taxonomy":"product_tag","embeddable":true,"href":"https:\/\/amare-atelier.pl\/de\/wp-json\/wp\/v2\/product_tag?post=75646"}],"curies":[{"name":"wp","href":"https:\/\/api.w.org\/{rel}","templated":true}]}}