{"id":75632,"date":"2026-03-05T21:09:33","date_gmt":"2026-03-05T20:09:33","guid":{"rendered":"https:\/\/amare-atelier.pl\/produkt\/maxikleid-mit-offenem-ruecken-luna-limonengruen\/"},"modified":"2026-03-13T10:37:04","modified_gmt":"2026-03-13T09:37:04","slug":"maxikleid-mit-offenem-ruecken-luna-limonengruen","status":"publish","type":"product","link":"https:\/\/amare-atelier.pl\/de\/produkt\/maxikleid-mit-offenem-ruecken-luna-limonengruen\/","title":{"rendered":"Maxikleid mit offenem R\u00fccken &#8220;Luna&#8221; &#8211; Limonengr\u00fcn"},"content":{"rendered":"<p>Elegantes und \u00e4u\u00dferst feminines Maxikleid in einem zarten Pastellgelb. Der taillierte Schnitt betont wundersch\u00f6n die Silhouette, w\u00e4hrend der effektvoll ausgestellte R\u00fccken mit einem zarten Band f\u00fcr Leichtigkeit und Sinnlichkeit sorgt. Lange \u00c4rmel gleichen den minimalistischen Schnitt aus und lassen das Kleid \u00e4u\u00dferst stilvoll und zeitlos wirken.  <\/p>\n<p>Der weiche, dehnbare Stoff sorgt f\u00fcr einen bequemen Sitz und eine perfekte Anpassung an den K\u00f6rper. Es ist die ideale Wahl f\u00fcr besondere Anl\u00e4sse &#8211; Partys, Hochzeiten, elegante Abendessen oder Sommerveranstaltungen. <\/p>\n","protected":false},"excerpt":{"rendered":"<p>Elegantes und \u00e4u\u00dferst feminines Maxikleid in einem zarten Pastellgelb. Der taillierte Schnitt betont wundersch\u00f6n die Silhouette, w\u00e4hrend der effektvoll ausgestellte R\u00fccken mit einem zarten Band f\u00fcr Leichtigkeit und Sinnlichkeit sorgt. Lange \u00c4rmel gleichen den minimalistischen Schnitt aus und lassen das Kleid \u00e4u\u00dferst stilvoll und zeitlos wirken. Der weiche, dehnbare Stoff sorgt f\u00fcr einen bequemen Sitz [&hellip;]<\/p>\n","protected":false},"featured_media":75062,"template":"","meta":{"inline_featured_image":false},"product_brand":[],"product_cat":[245,251],"product_tag":[],"class_list":{"0":"post-75632","1":"product","2":"type-product","3":"status-publish","4":"has-post-thumbnail","6":"product_cat-kleider","7":"product_cat-neuheiten","10":"first","11":"instock","12":"shipping-taxable","13":"purchasable","14":"product-type-variable"},"yoast_head":"<!-- This site is optimized with the Yoast SEO plugin v26.3 - https:\/\/yoast.com\/wordpress\/plugins\/seo\/ -->\n<title>Maxikleid mit offenem R\u00fccken &quot;Luna&quot; - Limonengr\u00fcn - Amare Atelier \u2013 Modna Odzie\u017c Damska | Styl, Klasa, Kobieco\u015b\u0107<\/title>\n<meta name=\"robots\" content=\"index, follow, max-snippet:-1, max-image-preview:large, max-video-preview:-1\" \/>\n<link rel=\"canonical\" href=\"https:\/\/amare-atelier.pl\/de\/produkt\/maxikleid-mit-offenem-ruecken-luna-limonengruen\/\" \/>\n<meta property=\"og:locale\" content=\"de_DE\" \/>\n<meta property=\"og:type\" content=\"article\" \/>\n<meta property=\"og:title\" content=\"Maxikleid mit offenem R\u00fccken &quot;Luna&quot; - Limonengr\u00fcn - Amare Atelier \u2013 Modna Odzie\u017c Damska | Styl, Klasa, Kobieco\u015b\u0107\" \/>\n<meta property=\"og:description\" content=\"Elegantes und \u00e4u\u00dferst feminines Maxikleid in einem zarten Pastellgelb. Der taillierte Schnitt betont wundersch\u00f6n die Silhouette, w\u00e4hrend der effektvoll ausgestellte R\u00fccken mit einem zarten Band f\u00fcr Leichtigkeit und Sinnlichkeit sorgt. Lange \u00c4rmel gleichen den minimalistischen Schnitt aus und lassen das Kleid \u00e4u\u00dferst stilvoll und zeitlos wirken. Der weiche, dehnbare Stoff sorgt f\u00fcr einen bequemen Sitz [&hellip;]\" \/>\n<meta property=\"og:url\" content=\"https:\/\/amare-atelier.pl\/de\/produkt\/maxikleid-mit-offenem-ruecken-luna-limonengruen\/\" \/>\n<meta property=\"og:site_name\" content=\"Amare Atelier \u2013 Modna Odzie\u017c Damska | Styl, Klasa, Kobieco\u015b\u0107\" \/>\n<meta property=\"article:publisher\" content=\"https:\/\/www.facebook.com\/profile.php?id=61577234792545\" \/>\n<meta property=\"article:modified_time\" content=\"2026-03-13T09:37:04+00:00\" \/>\n<meta property=\"og:image\" content=\"https:\/\/amare-atelier.pl\/wp-content\/uploads\/2026\/03\/IMG_7904.jpeg\" \/>\n\t<meta property=\"og:image:width\" content=\"1206\" \/>\n\t<meta property=\"og:image:height\" content=\"1592\" \/>\n\t<meta property=\"og:image:type\" content=\"image\/jpeg\" \/>\n<meta name=\"twitter:card\" content=\"summary_large_image\" \/>\n<script type=\"application\/ld+json\" class=\"yoast-schema-graph\">{\"@context\":\"https:\/\/schema.org\",\"@graph\":[{\"@type\":\"WebPage\",\"@id\":\"https:\/\/amare-atelier.pl\/de\/produkt\/maxikleid-mit-offenem-ruecken-luna-limonengruen\/\",\"url\":\"https:\/\/amare-atelier.pl\/de\/produkt\/maxikleid-mit-offenem-ruecken-luna-limonengruen\/\",\"name\":\"Maxikleid mit offenem R\u00fccken \\\"Luna\\\" - Limonengr\u00fcn - Amare Atelier \u2013 Modna Odzie\u017c Damska | Styl, Klasa, Kobieco\u015b\u0107\",\"isPartOf\":{\"@id\":\"https:\/\/amare-atelier.pl\/de\/#website\"},\"primaryImageOfPage\":{\"@id\":\"https:\/\/amare-atelier.pl\/de\/produkt\/maxikleid-mit-offenem-ruecken-luna-limonengruen\/#primaryimage\"},\"image\":{\"@id\":\"https:\/\/amare-atelier.pl\/de\/produkt\/maxikleid-mit-offenem-ruecken-luna-limonengruen\/#primaryimage\"},\"thumbnailUrl\":\"https:\/\/amare-atelier.pl\/wp-content\/uploads\/2026\/03\/IMG_7904.jpeg\",\"datePublished\":\"2026-03-05T20:09:33+00:00\",\"dateModified\":\"2026-03-13T09:37:04+00:00\",\"breadcrumb\":{\"@id\":\"https:\/\/amare-atelier.pl\/de\/produkt\/maxikleid-mit-offenem-ruecken-luna-limonengruen\/#breadcrumb\"},\"inLanguage\":\"de\",\"potentialAction\":[{\"@type\":\"ReadAction\",\"target\":[\"https:\/\/amare-atelier.pl\/de\/produkt\/maxikleid-mit-offenem-ruecken-luna-limonengruen\/\"]}]},{\"@type\":\"ImageObject\",\"inLanguage\":\"de\",\"@id\":\"https:\/\/amare-atelier.pl\/de\/produkt\/maxikleid-mit-offenem-ruecken-luna-limonengruen\/#primaryimage\",\"url\":\"https:\/\/amare-atelier.pl\/wp-content\/uploads\/2026\/03\/IMG_7904.jpeg\",\"contentUrl\":\"https:\/\/amare-atelier.pl\/wp-content\/uploads\/2026\/03\/IMG_7904.jpeg\",\"width\":1206,\"height\":1592,\"caption\":\"Bildschirmfoto\"},{\"@type\":\"BreadcrumbList\",\"@id\":\"https:\/\/amare-atelier.pl\/de\/produkt\/maxikleid-mit-offenem-ruecken-luna-limonengruen\/#breadcrumb\",\"itemListElement\":[{\"@type\":\"ListItem\",\"position\":1,\"name\":\"Startseite\",\"item\":\"https:\/\/amare-atelier.pl\/de\/startseite\/\"},{\"@type\":\"ListItem\",\"position\":2,\"name\":\"Shop\",\"item\":\"https:\/\/amare-atelier.pl\/de\/shop\/\"},{\"@type\":\"ListItem\",\"position\":3,\"name\":\"Maxikleid mit offenem R\u00fccken &#8220;Luna&#8221; &#8211; Limonengr\u00fcn\"}]},{\"@type\":\"WebSite\",\"@id\":\"https:\/\/amare-atelier.pl\/de\/#website\",\"url\":\"https:\/\/amare-atelier.pl\/de\/\",\"name\":\"Amare Atelier \u2013 Modna Odzie\u017c Damska | Styl, Klasa, Kobieco\u015b\u0107\",\"description\":\"\",\"publisher\":{\"@id\":\"https:\/\/amare-atelier.pl\/de\/#organization\"},\"potentialAction\":[{\"@type\":\"SearchAction\",\"target\":{\"@type\":\"EntryPoint\",\"urlTemplate\":\"https:\/\/amare-atelier.pl\/de\/?s={search_term_string}\"},\"query-input\":{\"@type\":\"PropertyValueSpecification\",\"valueRequired\":true,\"valueName\":\"search_term_string\"}}],\"inLanguage\":\"de\"},{\"@type\":\"Organization\",\"@id\":\"https:\/\/amare-atelier.pl\/de\/#organization\",\"name\":\"Amare Atelier \u2013 Modna Odzie\u017c Damska | Styl, Klasa, Kobieco\u015b\u0107\",\"url\":\"https:\/\/amare-atelier.pl\/de\/\",\"logo\":{\"@type\":\"ImageObject\",\"inLanguage\":\"de\",\"@id\":\"https:\/\/amare-atelier.pl\/de\/#\/schema\/logo\/image\/\",\"url\":\"https:\/\/amare-atelier.pl\/wp-content\/uploads\/2025\/06\/amare-logo.svg\",\"contentUrl\":\"https:\/\/amare-atelier.pl\/wp-content\/uploads\/2025\/06\/amare-logo.svg\",\"width\":578,\"height\":238,\"caption\":\"Amare Atelier \u2013 Modna Odzie\u017c Damska | Styl, Klasa, Kobieco\u015b\u0107\"},\"image\":{\"@id\":\"https:\/\/amare-atelier.pl\/de\/#\/schema\/logo\/image\/\"},\"sameAs\":[\"https:\/\/www.facebook.com\/profile.php?id=61577234792545\",\"https:\/\/www.instagram.com\/amare___atelier\/\"]}]}<\/script>\n<!-- \/ Yoast SEO plugin. -->","yoast_head_json":{"title":"Maxikleid mit offenem R\u00fccken \"Luna\" - Limonengr\u00fcn - Amare Atelier \u2013 Modna Odzie\u017c Damska | Styl, Klasa, Kobieco\u015b\u0107","robots":{"index":"index","follow":"follow","max-snippet":"max-snippet:-1","max-image-preview":"max-image-preview:large","max-video-preview":"max-video-preview:-1"},"canonical":"https:\/\/amare-atelier.pl\/de\/produkt\/maxikleid-mit-offenem-ruecken-luna-limonengruen\/","og_locale":"de_DE","og_type":"article","og_title":"Maxikleid mit offenem R\u00fccken \"Luna\" - Limonengr\u00fcn - Amare Atelier \u2013 Modna Odzie\u017c Damska | Styl, Klasa, Kobieco\u015b\u0107","og_description":"Elegantes und \u00e4u\u00dferst feminines Maxikleid in einem zarten Pastellgelb. Der taillierte Schnitt betont wundersch\u00f6n die Silhouette, w\u00e4hrend der effektvoll ausgestellte R\u00fccken mit einem zarten Band f\u00fcr Leichtigkeit und Sinnlichkeit sorgt. Lange \u00c4rmel gleichen den minimalistischen Schnitt aus und lassen das Kleid \u00e4u\u00dferst stilvoll und zeitlos wirken. Der weiche, dehnbare Stoff sorgt f\u00fcr einen bequemen Sitz [&hellip;]","og_url":"https:\/\/amare-atelier.pl\/de\/produkt\/maxikleid-mit-offenem-ruecken-luna-limonengruen\/","og_site_name":"Amare Atelier \u2013 Modna Odzie\u017c Damska | Styl, Klasa, Kobieco\u015b\u0107","article_publisher":"https:\/\/www.facebook.com\/profile.php?id=61577234792545","article_modified_time":"2026-03-13T09:37:04+00:00","og_image":[{"width":1206,"height":1592,"url":"https:\/\/amare-atelier.pl\/wp-content\/uploads\/2026\/03\/IMG_7904.jpeg","type":"image\/jpeg"}],"twitter_card":"summary_large_image","schema":{"@context":"https:\/\/schema.org","@graph":[{"@type":"WebPage","@id":"https:\/\/amare-atelier.pl\/de\/produkt\/maxikleid-mit-offenem-ruecken-luna-limonengruen\/","url":"https:\/\/amare-atelier.pl\/de\/produkt\/maxikleid-mit-offenem-ruecken-luna-limonengruen\/","name":"Maxikleid mit offenem R\u00fccken \"Luna\" - Limonengr\u00fcn - Amare Atelier \u2013 Modna Odzie\u017c Damska | Styl, Klasa, Kobieco\u015b\u0107","isPartOf":{"@id":"https:\/\/amare-atelier.pl\/de\/#website"},"primaryImageOfPage":{"@id":"https:\/\/amare-atelier.pl\/de\/produkt\/maxikleid-mit-offenem-ruecken-luna-limonengruen\/#primaryimage"},"image":{"@id":"https:\/\/amare-atelier.pl\/de\/produkt\/maxikleid-mit-offenem-ruecken-luna-limonengruen\/#primaryimage"},"thumbnailUrl":"https:\/\/amare-atelier.pl\/wp-content\/uploads\/2026\/03\/IMG_7904.jpeg","datePublished":"2026-03-05T20:09:33+00:00","dateModified":"2026-03-13T09:37:04+00:00","breadcrumb":{"@id":"https:\/\/amare-atelier.pl\/de\/produkt\/maxikleid-mit-offenem-ruecken-luna-limonengruen\/#breadcrumb"},"inLanguage":"de","potentialAction":[{"@type":"ReadAction","target":["https:\/\/amare-atelier.pl\/de\/produkt\/maxikleid-mit-offenem-ruecken-luna-limonengruen\/"]}]},{"@type":"ImageObject","inLanguage":"de","@id":"https:\/\/amare-atelier.pl\/de\/produkt\/maxikleid-mit-offenem-ruecken-luna-limonengruen\/#primaryimage","url":"https:\/\/amare-atelier.pl\/wp-content\/uploads\/2026\/03\/IMG_7904.jpeg","contentUrl":"https:\/\/amare-atelier.pl\/wp-content\/uploads\/2026\/03\/IMG_7904.jpeg","width":1206,"height":1592,"caption":"Bildschirmfoto"},{"@type":"BreadcrumbList","@id":"https:\/\/amare-atelier.pl\/de\/produkt\/maxikleid-mit-offenem-ruecken-luna-limonengruen\/#breadcrumb","itemListElement":[{"@type":"ListItem","position":1,"name":"Startseite","item":"https:\/\/amare-atelier.pl\/de\/startseite\/"},{"@type":"ListItem","position":2,"name":"Shop","item":"https:\/\/amare-atelier.pl\/de\/shop\/"},{"@type":"ListItem","position":3,"name":"Maxikleid mit offenem R\u00fccken &#8220;Luna&#8221; &#8211; Limonengr\u00fcn"}]},{"@type":"WebSite","@id":"https:\/\/amare-atelier.pl\/de\/#website","url":"https:\/\/amare-atelier.pl\/de\/","name":"Amare Atelier \u2013 Modna Odzie\u017c Damska | Styl, Klasa, Kobieco\u015b\u0107","description":"","publisher":{"@id":"https:\/\/amare-atelier.pl\/de\/#organization"},"potentialAction":[{"@type":"SearchAction","target":{"@type":"EntryPoint","urlTemplate":"https:\/\/amare-atelier.pl\/de\/?s={search_term_string}"},"query-input":{"@type":"PropertyValueSpecification","valueRequired":true,"valueName":"search_term_string"}}],"inLanguage":"de"},{"@type":"Organization","@id":"https:\/\/amare-atelier.pl\/de\/#organization","name":"Amare Atelier \u2013 Modna Odzie\u017c Damska | Styl, Klasa, Kobieco\u015b\u0107","url":"https:\/\/amare-atelier.pl\/de\/","logo":{"@type":"ImageObject","inLanguage":"de","@id":"https:\/\/amare-atelier.pl\/de\/#\/schema\/logo\/image\/","url":"https:\/\/amare-atelier.pl\/wp-content\/uploads\/2025\/06\/amare-logo.svg","contentUrl":"https:\/\/amare-atelier.pl\/wp-content\/uploads\/2025\/06\/amare-logo.svg","width":578,"height":238,"caption":"Amare Atelier \u2013 Modna Odzie\u017c Damska | Styl, Klasa, Kobieco\u015b\u0107"},"image":{"@id":"https:\/\/amare-atelier.pl\/de\/#\/schema\/logo\/image\/"},"sameAs":["https:\/\/www.facebook.com\/profile.php?id=61577234792545","https:\/\/www.instagram.com\/amare___atelier\/"]}]}},"_links":{"self":[{"href":"https:\/\/amare-atelier.pl\/de\/wp-json\/wp\/v2\/product\/75632","targetHints":{"allow":["GET"]}}],"collection":[{"href":"https:\/\/amare-atelier.pl\/de\/wp-json\/wp\/v2\/product"}],"about":[{"href":"https:\/\/amare-atelier.pl\/de\/wp-json\/wp\/v2\/types\/product"}],"wp:featuredmedia":[{"embeddable":true,"href":"https:\/\/amare-atelier.pl\/de\/wp-json\/wp\/v2\/media\/75062"}],"wp:attachment":[{"href":"https:\/\/amare-atelier.pl\/de\/wp-json\/wp\/v2\/media?parent=75632"}],"wp:term":[{"taxonomy":"product_brand","embeddable":true,"href":"https:\/\/amare-atelier.pl\/de\/wp-json\/wp\/v2\/product_brand?post=75632"},{"taxonomy":"product_cat","embeddable":true,"href":"https:\/\/amare-atelier.pl\/de\/wp-json\/wp\/v2\/product_cat?post=75632"},{"taxonomy":"product_tag","embeddable":true,"href":"https:\/\/amare-atelier.pl\/de\/wp-json\/wp\/v2\/product_tag?post=75632"}],"curies":[{"name":"wp","href":"https:\/\/api.w.org\/{rel}","templated":true}]}}