{"id":75623,"date":"2026-03-05T21:24:35","date_gmt":"2026-03-05T20:24:35","guid":{"rendered":"https:\/\/amare-atelier.pl\/produkt\/bloom-bluse-mit-dekorativer-blume-weiss\/"},"modified":"2026-03-31T16:33:38","modified_gmt":"2026-03-31T14:33:38","slug":"bloom-bluse-mit-dekorativer-blume-weiss","status":"publish","type":"product","link":"https:\/\/amare-atelier.pl\/de\/produkt\/bloom-bluse-mit-dekorativer-blume-weiss\/","title":{"rendered":"BLOOM Bluse mit dekorativer Blume &#8211; wei\u00df"},"content":{"rendered":"<p>Minimalismus mit einem einzigartigen Detail. Eine wei\u00dfe Bluse mit einer dekorativen Rose, die die Taille wundersch\u00f6n akzentuiert und dem Styling einen romantischen Touch verleiht. Perfekt f\u00fcr den Alltag und besondere Anl\u00e4sse.  <\/p>\n<p>&#8211; weiches, angenehmes Material<\/p>\n<p>&#8211; dekorative Rose an der Taille<\/p>\n<p>&#8211; Passt wunderbar zur Silhouette<\/p>\n<p>&#8211; Passt zu Jeans, R\u00f6cken und eleganten Hosen<\/p>\n","protected":false},"excerpt":{"rendered":"<p>Minimalismus mit einem einzigartigen Detail. Eine wei\u00dfe Bluse mit einer dekorativen Rose, die die Taille wundersch\u00f6n akzentuiert und dem Styling einen romantischen Touch verleiht. Perfekt f\u00fcr den Alltag und besondere Anl\u00e4sse. &#8211; weiches, angenehmes Material &#8211; dekorative Rose an der Taille &#8211; Passt wunderbar zur Silhouette &#8211; Passt zu Jeans, R\u00f6cken und eleganten Hosen<\/p>\n","protected":false},"featured_media":75100,"template":"","meta":{"inline_featured_image":false},"product_brand":[],"product_cat":[254,251],"product_tag":[],"class_list":{"0":"post-75623","1":"product","2":"type-product","3":"status-publish","4":"has-post-thumbnail","6":"product_cat-blusen","7":"product_cat-neuheiten","10":"first","11":"outofstock","12":"shipping-taxable","13":"purchasable","14":"product-type-variable"},"yoast_head":"<!-- This site is optimized with the Yoast SEO plugin v26.3 - https:\/\/yoast.com\/wordpress\/plugins\/seo\/ -->\n<title>BLOOM Bluse mit dekorativer Blume - wei\u00df - Amare Atelier \u2013 Modna Odzie\u017c Damska | Styl, Klasa, Kobieco\u015b\u0107<\/title>\n<meta name=\"robots\" content=\"index, follow, max-snippet:-1, max-image-preview:large, max-video-preview:-1\" \/>\n<link rel=\"canonical\" href=\"https:\/\/amare-atelier.pl\/de\/produkt\/bloom-bluse-mit-dekorativer-blume-weiss\/\" \/>\n<meta property=\"og:locale\" content=\"de_DE\" \/>\n<meta property=\"og:type\" content=\"article\" \/>\n<meta property=\"og:title\" content=\"BLOOM Bluse mit dekorativer Blume - wei\u00df - Amare Atelier \u2013 Modna Odzie\u017c Damska | Styl, Klasa, Kobieco\u015b\u0107\" \/>\n<meta property=\"og:description\" content=\"Minimalismus mit einem einzigartigen Detail. Eine wei\u00dfe Bluse mit einer dekorativen Rose, die die Taille wundersch\u00f6n akzentuiert und dem Styling einen romantischen Touch verleiht. Perfekt f\u00fcr den Alltag und besondere Anl\u00e4sse. &#8211; weiches, angenehmes Material &#8211; dekorative Rose an der Taille &#8211; Passt wunderbar zur Silhouette &#8211; Passt zu Jeans, R\u00f6cken und eleganten Hosen\" \/>\n<meta property=\"og:url\" content=\"https:\/\/amare-atelier.pl\/de\/produkt\/bloom-bluse-mit-dekorativer-blume-weiss\/\" \/>\n<meta property=\"og:site_name\" content=\"Amare Atelier \u2013 Modna Odzie\u017c Damska | Styl, Klasa, Kobieco\u015b\u0107\" \/>\n<meta property=\"article:publisher\" content=\"https:\/\/www.facebook.com\/profile.php?id=61577234792545\" \/>\n<meta property=\"article:modified_time\" content=\"2026-03-31T14:33:38+00:00\" \/>\n<meta property=\"og:image\" content=\"https:\/\/amare-atelier.pl\/wp-content\/uploads\/2026\/03\/IMG_7888.jpeg\" \/>\n\t<meta property=\"og:image:width\" content=\"1228\" \/>\n\t<meta property=\"og:image:height\" content=\"1536\" \/>\n\t<meta property=\"og:image:type\" content=\"image\/jpeg\" \/>\n<meta name=\"twitter:card\" content=\"summary_large_image\" \/>\n<script type=\"application\/ld+json\" class=\"yoast-schema-graph\">{\"@context\":\"https:\/\/schema.org\",\"@graph\":[{\"@type\":\"WebPage\",\"@id\":\"https:\/\/amare-atelier.pl\/de\/produkt\/bloom-bluse-mit-dekorativer-blume-weiss\/\",\"url\":\"https:\/\/amare-atelier.pl\/de\/produkt\/bloom-bluse-mit-dekorativer-blume-weiss\/\",\"name\":\"BLOOM Bluse mit dekorativer Blume - wei\u00df - Amare Atelier \u2013 Modna Odzie\u017c Damska | Styl, Klasa, Kobieco\u015b\u0107\",\"isPartOf\":{\"@id\":\"https:\/\/amare-atelier.pl\/de\/#website\"},\"primaryImageOfPage\":{\"@id\":\"https:\/\/amare-atelier.pl\/de\/produkt\/bloom-bluse-mit-dekorativer-blume-weiss\/#primaryimage\"},\"image\":{\"@id\":\"https:\/\/amare-atelier.pl\/de\/produkt\/bloom-bluse-mit-dekorativer-blume-weiss\/#primaryimage\"},\"thumbnailUrl\":\"https:\/\/amare-atelier.pl\/wp-content\/uploads\/2026\/03\/IMG_7888.jpeg\",\"datePublished\":\"2026-03-05T20:24:35+00:00\",\"dateModified\":\"2026-03-31T14:33:38+00:00\",\"breadcrumb\":{\"@id\":\"https:\/\/amare-atelier.pl\/de\/produkt\/bloom-bluse-mit-dekorativer-blume-weiss\/#breadcrumb\"},\"inLanguage\":\"de\",\"potentialAction\":[{\"@type\":\"ReadAction\",\"target\":[\"https:\/\/amare-atelier.pl\/de\/produkt\/bloom-bluse-mit-dekorativer-blume-weiss\/\"]}]},{\"@type\":\"ImageObject\",\"inLanguage\":\"de\",\"@id\":\"https:\/\/amare-atelier.pl\/de\/produkt\/bloom-bluse-mit-dekorativer-blume-weiss\/#primaryimage\",\"url\":\"https:\/\/amare-atelier.pl\/wp-content\/uploads\/2026\/03\/IMG_7888.jpeg\",\"contentUrl\":\"https:\/\/amare-atelier.pl\/wp-content\/uploads\/2026\/03\/IMG_7888.jpeg\",\"width\":1228,\"height\":1536},{\"@type\":\"BreadcrumbList\",\"@id\":\"https:\/\/amare-atelier.pl\/de\/produkt\/bloom-bluse-mit-dekorativer-blume-weiss\/#breadcrumb\",\"itemListElement\":[{\"@type\":\"ListItem\",\"position\":1,\"name\":\"Startseite\",\"item\":\"https:\/\/amare-atelier.pl\/de\/startseite\/\"},{\"@type\":\"ListItem\",\"position\":2,\"name\":\"Shop\",\"item\":\"https:\/\/amare-atelier.pl\/de\/shop\/\"},{\"@type\":\"ListItem\",\"position\":3,\"name\":\"BLOOM Bluse mit dekorativer Blume &#8211; wei\u00df\"}]},{\"@type\":\"WebSite\",\"@id\":\"https:\/\/amare-atelier.pl\/de\/#website\",\"url\":\"https:\/\/amare-atelier.pl\/de\/\",\"name\":\"Amare Atelier \u2013 Modna Odzie\u017c Damska | Styl, Klasa, Kobieco\u015b\u0107\",\"description\":\"\",\"publisher\":{\"@id\":\"https:\/\/amare-atelier.pl\/de\/#organization\"},\"potentialAction\":[{\"@type\":\"SearchAction\",\"target\":{\"@type\":\"EntryPoint\",\"urlTemplate\":\"https:\/\/amare-atelier.pl\/de\/?s={search_term_string}\"},\"query-input\":{\"@type\":\"PropertyValueSpecification\",\"valueRequired\":true,\"valueName\":\"search_term_string\"}}],\"inLanguage\":\"de\"},{\"@type\":\"Organization\",\"@id\":\"https:\/\/amare-atelier.pl\/de\/#organization\",\"name\":\"Amare Atelier \u2013 Modna Odzie\u017c Damska | Styl, Klasa, Kobieco\u015b\u0107\",\"url\":\"https:\/\/amare-atelier.pl\/de\/\",\"logo\":{\"@type\":\"ImageObject\",\"inLanguage\":\"de\",\"@id\":\"https:\/\/amare-atelier.pl\/de\/#\/schema\/logo\/image\/\",\"url\":\"https:\/\/amare-atelier.pl\/wp-content\/uploads\/2025\/06\/amare-logo.svg\",\"contentUrl\":\"https:\/\/amare-atelier.pl\/wp-content\/uploads\/2025\/06\/amare-logo.svg\",\"width\":578,\"height\":238,\"caption\":\"Amare Atelier \u2013 Modna Odzie\u017c Damska | Styl, Klasa, Kobieco\u015b\u0107\"},\"image\":{\"@id\":\"https:\/\/amare-atelier.pl\/de\/#\/schema\/logo\/image\/\"},\"sameAs\":[\"https:\/\/www.facebook.com\/profile.php?id=61577234792545\",\"https:\/\/www.instagram.com\/amare___atelier\/\"]}]}<\/script>\n<!-- \/ Yoast SEO plugin. -->","yoast_head_json":{"title":"BLOOM Bluse mit dekorativer Blume - wei\u00df - Amare Atelier \u2013 Modna Odzie\u017c Damska | Styl, Klasa, Kobieco\u015b\u0107","robots":{"index":"index","follow":"follow","max-snippet":"max-snippet:-1","max-image-preview":"max-image-preview:large","max-video-preview":"max-video-preview:-1"},"canonical":"https:\/\/amare-atelier.pl\/de\/produkt\/bloom-bluse-mit-dekorativer-blume-weiss\/","og_locale":"de_DE","og_type":"article","og_title":"BLOOM Bluse mit dekorativer Blume - wei\u00df - Amare Atelier \u2013 Modna Odzie\u017c Damska | Styl, Klasa, Kobieco\u015b\u0107","og_description":"Minimalismus mit einem einzigartigen Detail. Eine wei\u00dfe Bluse mit einer dekorativen Rose, die die Taille wundersch\u00f6n akzentuiert und dem Styling einen romantischen Touch verleiht. Perfekt f\u00fcr den Alltag und besondere Anl\u00e4sse. &#8211; weiches, angenehmes Material &#8211; dekorative Rose an der Taille &#8211; Passt wunderbar zur Silhouette &#8211; Passt zu Jeans, R\u00f6cken und eleganten Hosen","og_url":"https:\/\/amare-atelier.pl\/de\/produkt\/bloom-bluse-mit-dekorativer-blume-weiss\/","og_site_name":"Amare Atelier \u2013 Modna Odzie\u017c Damska | Styl, Klasa, Kobieco\u015b\u0107","article_publisher":"https:\/\/www.facebook.com\/profile.php?id=61577234792545","article_modified_time":"2026-03-31T14:33:38+00:00","og_image":[{"width":1228,"height":1536,"url":"https:\/\/amare-atelier.pl\/wp-content\/uploads\/2026\/03\/IMG_7888.jpeg","type":"image\/jpeg"}],"twitter_card":"summary_large_image","schema":{"@context":"https:\/\/schema.org","@graph":[{"@type":"WebPage","@id":"https:\/\/amare-atelier.pl\/de\/produkt\/bloom-bluse-mit-dekorativer-blume-weiss\/","url":"https:\/\/amare-atelier.pl\/de\/produkt\/bloom-bluse-mit-dekorativer-blume-weiss\/","name":"BLOOM Bluse mit dekorativer Blume - wei\u00df - Amare Atelier \u2013 Modna Odzie\u017c Damska | Styl, Klasa, Kobieco\u015b\u0107","isPartOf":{"@id":"https:\/\/amare-atelier.pl\/de\/#website"},"primaryImageOfPage":{"@id":"https:\/\/amare-atelier.pl\/de\/produkt\/bloom-bluse-mit-dekorativer-blume-weiss\/#primaryimage"},"image":{"@id":"https:\/\/amare-atelier.pl\/de\/produkt\/bloom-bluse-mit-dekorativer-blume-weiss\/#primaryimage"},"thumbnailUrl":"https:\/\/amare-atelier.pl\/wp-content\/uploads\/2026\/03\/IMG_7888.jpeg","datePublished":"2026-03-05T20:24:35+00:00","dateModified":"2026-03-31T14:33:38+00:00","breadcrumb":{"@id":"https:\/\/amare-atelier.pl\/de\/produkt\/bloom-bluse-mit-dekorativer-blume-weiss\/#breadcrumb"},"inLanguage":"de","potentialAction":[{"@type":"ReadAction","target":["https:\/\/amare-atelier.pl\/de\/produkt\/bloom-bluse-mit-dekorativer-blume-weiss\/"]}]},{"@type":"ImageObject","inLanguage":"de","@id":"https:\/\/amare-atelier.pl\/de\/produkt\/bloom-bluse-mit-dekorativer-blume-weiss\/#primaryimage","url":"https:\/\/amare-atelier.pl\/wp-content\/uploads\/2026\/03\/IMG_7888.jpeg","contentUrl":"https:\/\/amare-atelier.pl\/wp-content\/uploads\/2026\/03\/IMG_7888.jpeg","width":1228,"height":1536},{"@type":"BreadcrumbList","@id":"https:\/\/amare-atelier.pl\/de\/produkt\/bloom-bluse-mit-dekorativer-blume-weiss\/#breadcrumb","itemListElement":[{"@type":"ListItem","position":1,"name":"Startseite","item":"https:\/\/amare-atelier.pl\/de\/startseite\/"},{"@type":"ListItem","position":2,"name":"Shop","item":"https:\/\/amare-atelier.pl\/de\/shop\/"},{"@type":"ListItem","position":3,"name":"BLOOM Bluse mit dekorativer Blume &#8211; wei\u00df"}]},{"@type":"WebSite","@id":"https:\/\/amare-atelier.pl\/de\/#website","url":"https:\/\/amare-atelier.pl\/de\/","name":"Amare Atelier \u2013 Modna Odzie\u017c Damska | Styl, Klasa, Kobieco\u015b\u0107","description":"","publisher":{"@id":"https:\/\/amare-atelier.pl\/de\/#organization"},"potentialAction":[{"@type":"SearchAction","target":{"@type":"EntryPoint","urlTemplate":"https:\/\/amare-atelier.pl\/de\/?s={search_term_string}"},"query-input":{"@type":"PropertyValueSpecification","valueRequired":true,"valueName":"search_term_string"}}],"inLanguage":"de"},{"@type":"Organization","@id":"https:\/\/amare-atelier.pl\/de\/#organization","name":"Amare Atelier \u2013 Modna Odzie\u017c Damska | Styl, Klasa, Kobieco\u015b\u0107","url":"https:\/\/amare-atelier.pl\/de\/","logo":{"@type":"ImageObject","inLanguage":"de","@id":"https:\/\/amare-atelier.pl\/de\/#\/schema\/logo\/image\/","url":"https:\/\/amare-atelier.pl\/wp-content\/uploads\/2025\/06\/amare-logo.svg","contentUrl":"https:\/\/amare-atelier.pl\/wp-content\/uploads\/2025\/06\/amare-logo.svg","width":578,"height":238,"caption":"Amare Atelier \u2013 Modna Odzie\u017c Damska | Styl, Klasa, Kobieco\u015b\u0107"},"image":{"@id":"https:\/\/amare-atelier.pl\/de\/#\/schema\/logo\/image\/"},"sameAs":["https:\/\/www.facebook.com\/profile.php?id=61577234792545","https:\/\/www.instagram.com\/amare___atelier\/"]}]}},"_links":{"self":[{"href":"https:\/\/amare-atelier.pl\/de\/wp-json\/wp\/v2\/product\/75623","targetHints":{"allow":["GET"]}}],"collection":[{"href":"https:\/\/amare-atelier.pl\/de\/wp-json\/wp\/v2\/product"}],"about":[{"href":"https:\/\/amare-atelier.pl\/de\/wp-json\/wp\/v2\/types\/product"}],"wp:featuredmedia":[{"embeddable":true,"href":"https:\/\/amare-atelier.pl\/de\/wp-json\/wp\/v2\/media\/75100"}],"wp:attachment":[{"href":"https:\/\/amare-atelier.pl\/de\/wp-json\/wp\/v2\/media?parent=75623"}],"wp:term":[{"taxonomy":"product_brand","embeddable":true,"href":"https:\/\/amare-atelier.pl\/de\/wp-json\/wp\/v2\/product_brand?post=75623"},{"taxonomy":"product_cat","embeddable":true,"href":"https:\/\/amare-atelier.pl\/de\/wp-json\/wp\/v2\/product_cat?post=75623"},{"taxonomy":"product_tag","embeddable":true,"href":"https:\/\/amare-atelier.pl\/de\/wp-json\/wp\/v2\/product_tag?post=75623"}],"curies":[{"name":"wp","href":"https:\/\/api.w.org\/{rel}","templated":true}]}}