{"id":67441,"date":"2025-11-20T22:31:16","date_gmt":"2025-11-20T21:31:16","guid":{"rendered":"https:\/\/amare-atelier.pl\/produkt\/braune-bluse-mit-glockenaermeln-flared-chic\/"},"modified":"2026-01-27T16:43:29","modified_gmt":"2026-01-27T15:43:29","slug":"braune-bluse-mit-glockenaermeln-flared-chic","status":"publish","type":"product","link":"https:\/\/amare-atelier.pl\/de\/produkt\/braune-bluse-mit-glockenaermeln-flared-chic\/","title":{"rendered":"Braune Bluse mit Glocken\u00e4rmeln &#8211; Flared Chic"},"content":{"rendered":"<p>Elegant, feminin und mit Charakter. Die braune Flared Chic Bluse besticht durch ihre auff\u00e4lligen Glocken\u00e4rmel, die ihr Leichtigkeit verleihen und sie bei jedem Styling hervorstechen lassen. Der leicht taillierte Schnitt bringt die Figur sch\u00f6n zur Geltung, w\u00e4hrend der weiche, dehnbare Stoff f\u00fcr absoluten Komfort sorgt.  <\/p>\n<p>Dieses Modell eignet sich sowohl f\u00fcr elegantere Ensembles als auch f\u00fcr Alltagslooks &#8211; es passt gut zu Lederhosen, klassischen Jeans oder einem Rock.<\/p>\n","protected":false},"excerpt":{"rendered":"<p>Elegant, feminin und mit Charakter. Die braune Flared Chic Bluse besticht durch ihre auff\u00e4lligen Glocken\u00e4rmel, die ihr Leichtigkeit verleihen und sie bei jedem Styling hervorstechen lassen. Der leicht taillierte Schnitt bringt die Figur sch\u00f6n zur Geltung, w\u00e4hrend der weiche, dehnbare Stoff f\u00fcr absoluten Komfort sorgt. Dieses Modell eignet sich sowohl f\u00fcr elegantere Ensembles als auch [&hellip;]<\/p>\n","protected":false},"featured_media":67418,"template":"","meta":{"inline_featured_image":false},"product_brand":[],"product_cat":[254],"product_tag":[],"class_list":{"0":"post-67441","1":"product","2":"type-product","3":"status-publish","4":"has-post-thumbnail","6":"product_cat-blusen","9":"first","10":"outofstock","11":"shipping-taxable","12":"purchasable","13":"product-type-variable"},"yoast_head":"<!-- This site is optimized with the Yoast SEO plugin v26.3 - https:\/\/yoast.com\/wordpress\/plugins\/seo\/ -->\n<title>Braune Bluse mit Glocken\u00e4rmeln - Flared Chic - Amare Atelier \u2013 Modna Odzie\u017c Damska | Styl, Klasa, Kobieco\u015b\u0107<\/title>\n<meta name=\"robots\" content=\"index, follow, max-snippet:-1, max-image-preview:large, max-video-preview:-1\" \/>\n<link rel=\"canonical\" href=\"https:\/\/amare-atelier.pl\/de\/produkt\/braune-bluse-mit-glockenaermeln-flared-chic\/\" \/>\n<meta property=\"og:locale\" content=\"de_DE\" \/>\n<meta property=\"og:type\" content=\"article\" \/>\n<meta property=\"og:title\" content=\"Braune Bluse mit Glocken\u00e4rmeln - Flared Chic - Amare Atelier \u2013 Modna Odzie\u017c Damska | Styl, Klasa, Kobieco\u015b\u0107\" \/>\n<meta property=\"og:description\" content=\"Elegant, feminin und mit Charakter. Die braune Flared Chic Bluse besticht durch ihre auff\u00e4lligen Glocken\u00e4rmel, die ihr Leichtigkeit verleihen und sie bei jedem Styling hervorstechen lassen. Der leicht taillierte Schnitt bringt die Figur sch\u00f6n zur Geltung, w\u00e4hrend der weiche, dehnbare Stoff f\u00fcr absoluten Komfort sorgt. Dieses Modell eignet sich sowohl f\u00fcr elegantere Ensembles als auch [&hellip;]\" \/>\n<meta property=\"og:url\" content=\"https:\/\/amare-atelier.pl\/de\/produkt\/braune-bluse-mit-glockenaermeln-flared-chic\/\" \/>\n<meta property=\"og:site_name\" content=\"Amare Atelier \u2013 Modna Odzie\u017c Damska | Styl, Klasa, Kobieco\u015b\u0107\" \/>\n<meta property=\"article:publisher\" content=\"https:\/\/www.facebook.com\/profile.php?id=61577234792545\" \/>\n<meta property=\"article:modified_time\" content=\"2026-01-27T15:43:29+00:00\" \/>\n<meta property=\"og:image\" content=\"https:\/\/amare-atelier.pl\/wp-content\/uploads\/2025\/11\/IMG_3110.jpeg\" \/>\n\t<meta property=\"og:image:width\" content=\"488\" \/>\n\t<meta property=\"og:image:height\" content=\"650\" \/>\n\t<meta property=\"og:image:type\" content=\"image\/jpeg\" \/>\n<meta name=\"twitter:card\" content=\"summary_large_image\" \/>\n<script type=\"application\/ld+json\" class=\"yoast-schema-graph\">{\"@context\":\"https:\/\/schema.org\",\"@graph\":[{\"@type\":\"WebPage\",\"@id\":\"https:\/\/amare-atelier.pl\/de\/produkt\/braune-bluse-mit-glockenaermeln-flared-chic\/\",\"url\":\"https:\/\/amare-atelier.pl\/de\/produkt\/braune-bluse-mit-glockenaermeln-flared-chic\/\",\"name\":\"Braune Bluse mit Glocken\u00e4rmeln - Flared Chic - Amare Atelier \u2013 Modna Odzie\u017c Damska | Styl, Klasa, Kobieco\u015b\u0107\",\"isPartOf\":{\"@id\":\"https:\/\/amare-atelier.pl\/de\/#website\"},\"primaryImageOfPage\":{\"@id\":\"https:\/\/amare-atelier.pl\/de\/produkt\/braune-bluse-mit-glockenaermeln-flared-chic\/#primaryimage\"},\"image\":{\"@id\":\"https:\/\/amare-atelier.pl\/de\/produkt\/braune-bluse-mit-glockenaermeln-flared-chic\/#primaryimage\"},\"thumbnailUrl\":\"https:\/\/amare-atelier.pl\/wp-content\/uploads\/2025\/11\/IMG_3110.jpeg\",\"datePublished\":\"2025-11-20T21:31:16+00:00\",\"dateModified\":\"2026-01-27T15:43:29+00:00\",\"breadcrumb\":{\"@id\":\"https:\/\/amare-atelier.pl\/de\/produkt\/braune-bluse-mit-glockenaermeln-flared-chic\/#breadcrumb\"},\"inLanguage\":\"de\",\"potentialAction\":[{\"@type\":\"ReadAction\",\"target\":[\"https:\/\/amare-atelier.pl\/de\/produkt\/braune-bluse-mit-glockenaermeln-flared-chic\/\"]}]},{\"@type\":\"ImageObject\",\"inLanguage\":\"de\",\"@id\":\"https:\/\/amare-atelier.pl\/de\/produkt\/braune-bluse-mit-glockenaermeln-flared-chic\/#primaryimage\",\"url\":\"https:\/\/amare-atelier.pl\/wp-content\/uploads\/2025\/11\/IMG_3110.jpeg\",\"contentUrl\":\"https:\/\/amare-atelier.pl\/wp-content\/uploads\/2025\/11\/IMG_3110.jpeg\",\"width\":488,\"height\":650},{\"@type\":\"BreadcrumbList\",\"@id\":\"https:\/\/amare-atelier.pl\/de\/produkt\/braune-bluse-mit-glockenaermeln-flared-chic\/#breadcrumb\",\"itemListElement\":[{\"@type\":\"ListItem\",\"position\":1,\"name\":\"Startseite\",\"item\":\"https:\/\/amare-atelier.pl\/de\/startseite\/\"},{\"@type\":\"ListItem\",\"position\":2,\"name\":\"Shop\",\"item\":\"https:\/\/amare-atelier.pl\/de\/shop\/\"},{\"@type\":\"ListItem\",\"position\":3,\"name\":\"Braune Bluse mit Glocken\u00e4rmeln &#8211; Flared Chic\"}]},{\"@type\":\"WebSite\",\"@id\":\"https:\/\/amare-atelier.pl\/de\/#website\",\"url\":\"https:\/\/amare-atelier.pl\/de\/\",\"name\":\"Amare Atelier \u2013 Modna Odzie\u017c Damska | Styl, Klasa, Kobieco\u015b\u0107\",\"description\":\"\",\"publisher\":{\"@id\":\"https:\/\/amare-atelier.pl\/de\/#organization\"},\"potentialAction\":[{\"@type\":\"SearchAction\",\"target\":{\"@type\":\"EntryPoint\",\"urlTemplate\":\"https:\/\/amare-atelier.pl\/de\/?s={search_term_string}\"},\"query-input\":{\"@type\":\"PropertyValueSpecification\",\"valueRequired\":true,\"valueName\":\"search_term_string\"}}],\"inLanguage\":\"de\"},{\"@type\":\"Organization\",\"@id\":\"https:\/\/amare-atelier.pl\/de\/#organization\",\"name\":\"Amare Atelier \u2013 Modna Odzie\u017c Damska | Styl, Klasa, Kobieco\u015b\u0107\",\"url\":\"https:\/\/amare-atelier.pl\/de\/\",\"logo\":{\"@type\":\"ImageObject\",\"inLanguage\":\"de\",\"@id\":\"https:\/\/amare-atelier.pl\/de\/#\/schema\/logo\/image\/\",\"url\":\"https:\/\/amare-atelier.pl\/wp-content\/uploads\/2025\/06\/amare-logo.svg\",\"contentUrl\":\"https:\/\/amare-atelier.pl\/wp-content\/uploads\/2025\/06\/amare-logo.svg\",\"width\":578,\"height\":238,\"caption\":\"Amare Atelier \u2013 Modna Odzie\u017c Damska | Styl, Klasa, Kobieco\u015b\u0107\"},\"image\":{\"@id\":\"https:\/\/amare-atelier.pl\/de\/#\/schema\/logo\/image\/\"},\"sameAs\":[\"https:\/\/www.facebook.com\/profile.php?id=61577234792545\",\"https:\/\/www.instagram.com\/amare___atelier\/\"]}]}<\/script>\n<!-- \/ Yoast SEO plugin. -->","yoast_head_json":{"title":"Braune Bluse mit Glocken\u00e4rmeln - Flared Chic - Amare Atelier \u2013 Modna Odzie\u017c Damska | Styl, Klasa, Kobieco\u015b\u0107","robots":{"index":"index","follow":"follow","max-snippet":"max-snippet:-1","max-image-preview":"max-image-preview:large","max-video-preview":"max-video-preview:-1"},"canonical":"https:\/\/amare-atelier.pl\/de\/produkt\/braune-bluse-mit-glockenaermeln-flared-chic\/","og_locale":"de_DE","og_type":"article","og_title":"Braune Bluse mit Glocken\u00e4rmeln - Flared Chic - Amare Atelier \u2013 Modna Odzie\u017c Damska | Styl, Klasa, Kobieco\u015b\u0107","og_description":"Elegant, feminin und mit Charakter. Die braune Flared Chic Bluse besticht durch ihre auff\u00e4lligen Glocken\u00e4rmel, die ihr Leichtigkeit verleihen und sie bei jedem Styling hervorstechen lassen. Der leicht taillierte Schnitt bringt die Figur sch\u00f6n zur Geltung, w\u00e4hrend der weiche, dehnbare Stoff f\u00fcr absoluten Komfort sorgt. Dieses Modell eignet sich sowohl f\u00fcr elegantere Ensembles als auch [&hellip;]","og_url":"https:\/\/amare-atelier.pl\/de\/produkt\/braune-bluse-mit-glockenaermeln-flared-chic\/","og_site_name":"Amare Atelier \u2013 Modna Odzie\u017c Damska | Styl, Klasa, Kobieco\u015b\u0107","article_publisher":"https:\/\/www.facebook.com\/profile.php?id=61577234792545","article_modified_time":"2026-01-27T15:43:29+00:00","og_image":[{"width":488,"height":650,"url":"https:\/\/amare-atelier.pl\/wp-content\/uploads\/2025\/11\/IMG_3110.jpeg","type":"image\/jpeg"}],"twitter_card":"summary_large_image","schema":{"@context":"https:\/\/schema.org","@graph":[{"@type":"WebPage","@id":"https:\/\/amare-atelier.pl\/de\/produkt\/braune-bluse-mit-glockenaermeln-flared-chic\/","url":"https:\/\/amare-atelier.pl\/de\/produkt\/braune-bluse-mit-glockenaermeln-flared-chic\/","name":"Braune Bluse mit Glocken\u00e4rmeln - Flared Chic - Amare Atelier \u2013 Modna Odzie\u017c Damska | Styl, Klasa, Kobieco\u015b\u0107","isPartOf":{"@id":"https:\/\/amare-atelier.pl\/de\/#website"},"primaryImageOfPage":{"@id":"https:\/\/amare-atelier.pl\/de\/produkt\/braune-bluse-mit-glockenaermeln-flared-chic\/#primaryimage"},"image":{"@id":"https:\/\/amare-atelier.pl\/de\/produkt\/braune-bluse-mit-glockenaermeln-flared-chic\/#primaryimage"},"thumbnailUrl":"https:\/\/amare-atelier.pl\/wp-content\/uploads\/2025\/11\/IMG_3110.jpeg","datePublished":"2025-11-20T21:31:16+00:00","dateModified":"2026-01-27T15:43:29+00:00","breadcrumb":{"@id":"https:\/\/amare-atelier.pl\/de\/produkt\/braune-bluse-mit-glockenaermeln-flared-chic\/#breadcrumb"},"inLanguage":"de","potentialAction":[{"@type":"ReadAction","target":["https:\/\/amare-atelier.pl\/de\/produkt\/braune-bluse-mit-glockenaermeln-flared-chic\/"]}]},{"@type":"ImageObject","inLanguage":"de","@id":"https:\/\/amare-atelier.pl\/de\/produkt\/braune-bluse-mit-glockenaermeln-flared-chic\/#primaryimage","url":"https:\/\/amare-atelier.pl\/wp-content\/uploads\/2025\/11\/IMG_3110.jpeg","contentUrl":"https:\/\/amare-atelier.pl\/wp-content\/uploads\/2025\/11\/IMG_3110.jpeg","width":488,"height":650},{"@type":"BreadcrumbList","@id":"https:\/\/amare-atelier.pl\/de\/produkt\/braune-bluse-mit-glockenaermeln-flared-chic\/#breadcrumb","itemListElement":[{"@type":"ListItem","position":1,"name":"Startseite","item":"https:\/\/amare-atelier.pl\/de\/startseite\/"},{"@type":"ListItem","position":2,"name":"Shop","item":"https:\/\/amare-atelier.pl\/de\/shop\/"},{"@type":"ListItem","position":3,"name":"Braune Bluse mit Glocken\u00e4rmeln &#8211; Flared Chic"}]},{"@type":"WebSite","@id":"https:\/\/amare-atelier.pl\/de\/#website","url":"https:\/\/amare-atelier.pl\/de\/","name":"Amare Atelier \u2013 Modna Odzie\u017c Damska | Styl, Klasa, Kobieco\u015b\u0107","description":"","publisher":{"@id":"https:\/\/amare-atelier.pl\/de\/#organization"},"potentialAction":[{"@type":"SearchAction","target":{"@type":"EntryPoint","urlTemplate":"https:\/\/amare-atelier.pl\/de\/?s={search_term_string}"},"query-input":{"@type":"PropertyValueSpecification","valueRequired":true,"valueName":"search_term_string"}}],"inLanguage":"de"},{"@type":"Organization","@id":"https:\/\/amare-atelier.pl\/de\/#organization","name":"Amare Atelier \u2013 Modna Odzie\u017c Damska | Styl, Klasa, Kobieco\u015b\u0107","url":"https:\/\/amare-atelier.pl\/de\/","logo":{"@type":"ImageObject","inLanguage":"de","@id":"https:\/\/amare-atelier.pl\/de\/#\/schema\/logo\/image\/","url":"https:\/\/amare-atelier.pl\/wp-content\/uploads\/2025\/06\/amare-logo.svg","contentUrl":"https:\/\/amare-atelier.pl\/wp-content\/uploads\/2025\/06\/amare-logo.svg","width":578,"height":238,"caption":"Amare Atelier \u2013 Modna Odzie\u017c Damska | Styl, Klasa, Kobieco\u015b\u0107"},"image":{"@id":"https:\/\/amare-atelier.pl\/de\/#\/schema\/logo\/image\/"},"sameAs":["https:\/\/www.facebook.com\/profile.php?id=61577234792545","https:\/\/www.instagram.com\/amare___atelier\/"]}]}},"_links":{"self":[{"href":"https:\/\/amare-atelier.pl\/de\/wp-json\/wp\/v2\/product\/67441","targetHints":{"allow":["GET"]}}],"collection":[{"href":"https:\/\/amare-atelier.pl\/de\/wp-json\/wp\/v2\/product"}],"about":[{"href":"https:\/\/amare-atelier.pl\/de\/wp-json\/wp\/v2\/types\/product"}],"wp:featuredmedia":[{"embeddable":true,"href":"https:\/\/amare-atelier.pl\/de\/wp-json\/wp\/v2\/media\/67418"}],"wp:attachment":[{"href":"https:\/\/amare-atelier.pl\/de\/wp-json\/wp\/v2\/media?parent=67441"}],"wp:term":[{"taxonomy":"product_brand","embeddable":true,"href":"https:\/\/amare-atelier.pl\/de\/wp-json\/wp\/v2\/product_brand?post=67441"},{"taxonomy":"product_cat","embeddable":true,"href":"https:\/\/amare-atelier.pl\/de\/wp-json\/wp\/v2\/product_cat?post=67441"},{"taxonomy":"product_tag","embeddable":true,"href":"https:\/\/amare-atelier.pl\/de\/wp-json\/wp\/v2\/product_tag?post=67441"}],"curies":[{"name":"wp","href":"https:\/\/api.w.org\/{rel}","templated":true}]}}