{"id":66746,"date":"2025-11-20T20:59:38","date_gmt":"2025-11-20T19:59:38","guid":{"rendered":"https:\/\/amare-atelier.pl\/produkt\/beigefarbenes-natural-simplicity-rollkragenpullover-set\/"},"modified":"2025-12-01T12:02:00","modified_gmt":"2025-12-01T11:02:00","slug":"beigefarbenes-natural-simplicity-rollkragenpullover-set","status":"publish","type":"product","link":"https:\/\/amare-atelier.pl\/de\/produkt\/beigefarbenes-natural-simplicity-rollkragenpullover-set\/","title":{"rendered":"Beigefarbenes &#8216;Natural Simplicity&#8217; Rollkragenpullover-Set"},"content":{"rendered":"<p>Das beigefarbene Set wurde aus einem feinen, hochwertigen Strick gefertigt, der sich wunderbar an den K\u00f6rper schmiegt. Das Oberteil mit Rollkragen verleiht ihm eine subtile Eleganz, w\u00e4hrend die Hose mit leichtem Schlag und R\u00fcsche f\u00fcr einen modischen Effekt sorgt. <\/p>\n<p>Vielseitig, stilvoll und sehr bequem &#8211; perfekt f\u00fcr Fans von neutralen, zeitlosen T\u00f6nen.<\/p>\n","protected":false},"excerpt":{"rendered":"<p>Das beigefarbene Set wurde aus einem feinen, hochwertigen Strick gefertigt, der sich wunderbar an den K\u00f6rper schmiegt. Das Oberteil mit Rollkragen verleiht ihm eine subtile Eleganz, w\u00e4hrend die Hose mit leichtem Schlag und R\u00fcsche f\u00fcr einen modischen Effekt sorgt. Vielseitig, stilvoll und sehr bequem &#8211; perfekt f\u00fcr Fans von neutralen, zeitlosen T\u00f6nen.<\/p>\n","protected":false},"featured_media":66730,"template":"","meta":{"inline_featured_image":false},"product_brand":[],"product_cat":[251,249],"product_tag":[],"class_list":{"0":"post-66746","1":"product","2":"type-product","3":"status-publish","4":"has-post-thumbnail","6":"product_cat-neuheiten","7":"product_cat-sets","10":"first","11":"instock","12":"shipping-taxable","13":"purchasable","14":"product-type-variable"},"yoast_head":"<!-- This site is optimized with the Yoast SEO plugin v26.3 - https:\/\/yoast.com\/wordpress\/plugins\/seo\/ -->\n<title>Beigefarbenes &#039;Natural Simplicity&#039; Rollkragenpullover-Set - Amare Atelier \u2013 Modna Odzie\u017c Damska | Styl, Klasa, Kobieco\u015b\u0107<\/title>\n<meta name=\"robots\" content=\"index, follow, max-snippet:-1, max-image-preview:large, max-video-preview:-1\" \/>\n<link rel=\"canonical\" href=\"https:\/\/amare-atelier.pl\/de\/produkt\/beigefarbenes-natural-simplicity-rollkragenpullover-set\/\" \/>\n<meta property=\"og:locale\" content=\"de_DE\" \/>\n<meta property=\"og:type\" content=\"article\" \/>\n<meta property=\"og:title\" content=\"Beigefarbenes &#039;Natural Simplicity&#039; Rollkragenpullover-Set - Amare Atelier \u2013 Modna Odzie\u017c Damska | Styl, Klasa, Kobieco\u015b\u0107\" \/>\n<meta property=\"og:description\" content=\"Das beigefarbene Set wurde aus einem feinen, hochwertigen Strick gefertigt, der sich wunderbar an den K\u00f6rper schmiegt. Das Oberteil mit Rollkragen verleiht ihm eine subtile Eleganz, w\u00e4hrend die Hose mit leichtem Schlag und R\u00fcsche f\u00fcr einen modischen Effekt sorgt. Vielseitig, stilvoll und sehr bequem &#8211; perfekt f\u00fcr Fans von neutralen, zeitlosen T\u00f6nen.\" \/>\n<meta property=\"og:url\" content=\"https:\/\/amare-atelier.pl\/de\/produkt\/beigefarbenes-natural-simplicity-rollkragenpullover-set\/\" \/>\n<meta property=\"og:site_name\" content=\"Amare Atelier \u2013 Modna Odzie\u017c Damska | Styl, Klasa, Kobieco\u015b\u0107\" \/>\n<meta property=\"article:publisher\" content=\"https:\/\/www.facebook.com\/profile.php?id=61577234792545\" \/>\n<meta property=\"article:modified_time\" content=\"2025-12-01T11:02:00+00:00\" \/>\n<meta property=\"og:image\" content=\"https:\/\/amare-atelier.pl\/wp-content\/uploads\/2025\/11\/CE172072-C045-4E9E-B539-C64927E9595D.jpeg\" \/>\n\t<meta property=\"og:image:width\" content=\"1080\" \/>\n\t<meta property=\"og:image:height\" content=\"1620\" \/>\n\t<meta property=\"og:image:type\" content=\"image\/jpeg\" \/>\n<meta name=\"twitter:card\" content=\"summary_large_image\" \/>\n<script type=\"application\/ld+json\" class=\"yoast-schema-graph\">{\"@context\":\"https:\/\/schema.org\",\"@graph\":[{\"@type\":\"WebPage\",\"@id\":\"https:\/\/amare-atelier.pl\/de\/produkt\/beigefarbenes-natural-simplicity-rollkragenpullover-set\/\",\"url\":\"https:\/\/amare-atelier.pl\/de\/produkt\/beigefarbenes-natural-simplicity-rollkragenpullover-set\/\",\"name\":\"Beigefarbenes 'Natural Simplicity' Rollkragenpullover-Set - Amare Atelier \u2013 Modna Odzie\u017c Damska | Styl, Klasa, Kobieco\u015b\u0107\",\"isPartOf\":{\"@id\":\"https:\/\/amare-atelier.pl\/de\/#website\"},\"primaryImageOfPage\":{\"@id\":\"https:\/\/amare-atelier.pl\/de\/produkt\/beigefarbenes-natural-simplicity-rollkragenpullover-set\/#primaryimage\"},\"image\":{\"@id\":\"https:\/\/amare-atelier.pl\/de\/produkt\/beigefarbenes-natural-simplicity-rollkragenpullover-set\/#primaryimage\"},\"thumbnailUrl\":\"https:\/\/amare-atelier.pl\/wp-content\/uploads\/2025\/11\/CE172072-C045-4E9E-B539-C64927E9595D.jpeg\",\"datePublished\":\"2025-11-20T19:59:38+00:00\",\"dateModified\":\"2025-12-01T11:02:00+00:00\",\"breadcrumb\":{\"@id\":\"https:\/\/amare-atelier.pl\/de\/produkt\/beigefarbenes-natural-simplicity-rollkragenpullover-set\/#breadcrumb\"},\"inLanguage\":\"de\",\"potentialAction\":[{\"@type\":\"ReadAction\",\"target\":[\"https:\/\/amare-atelier.pl\/de\/produkt\/beigefarbenes-natural-simplicity-rollkragenpullover-set\/\"]}]},{\"@type\":\"ImageObject\",\"inLanguage\":\"de\",\"@id\":\"https:\/\/amare-atelier.pl\/de\/produkt\/beigefarbenes-natural-simplicity-rollkragenpullover-set\/#primaryimage\",\"url\":\"https:\/\/amare-atelier.pl\/wp-content\/uploads\/2025\/11\/CE172072-C045-4E9E-B539-C64927E9595D.jpeg\",\"contentUrl\":\"https:\/\/amare-atelier.pl\/wp-content\/uploads\/2025\/11\/CE172072-C045-4E9E-B539-C64927E9595D.jpeg\",\"width\":1080,\"height\":1620},{\"@type\":\"BreadcrumbList\",\"@id\":\"https:\/\/amare-atelier.pl\/de\/produkt\/beigefarbenes-natural-simplicity-rollkragenpullover-set\/#breadcrumb\",\"itemListElement\":[{\"@type\":\"ListItem\",\"position\":1,\"name\":\"Startseite\",\"item\":\"https:\/\/amare-atelier.pl\/de\/startseite\/\"},{\"@type\":\"ListItem\",\"position\":2,\"name\":\"Shop\",\"item\":\"https:\/\/amare-atelier.pl\/de\/shop\/\"},{\"@type\":\"ListItem\",\"position\":3,\"name\":\"Beigefarbenes &#8216;Natural Simplicity&#8217; Rollkragenpullover-Set\"}]},{\"@type\":\"WebSite\",\"@id\":\"https:\/\/amare-atelier.pl\/de\/#website\",\"url\":\"https:\/\/amare-atelier.pl\/de\/\",\"name\":\"Amare Atelier \u2013 Modna Odzie\u017c Damska | Styl, Klasa, Kobieco\u015b\u0107\",\"description\":\"\",\"publisher\":{\"@id\":\"https:\/\/amare-atelier.pl\/de\/#organization\"},\"potentialAction\":[{\"@type\":\"SearchAction\",\"target\":{\"@type\":\"EntryPoint\",\"urlTemplate\":\"https:\/\/amare-atelier.pl\/de\/?s={search_term_string}\"},\"query-input\":{\"@type\":\"PropertyValueSpecification\",\"valueRequired\":true,\"valueName\":\"search_term_string\"}}],\"inLanguage\":\"de\"},{\"@type\":\"Organization\",\"@id\":\"https:\/\/amare-atelier.pl\/de\/#organization\",\"name\":\"Amare Atelier \u2013 Modna Odzie\u017c Damska | Styl, Klasa, Kobieco\u015b\u0107\",\"url\":\"https:\/\/amare-atelier.pl\/de\/\",\"logo\":{\"@type\":\"ImageObject\",\"inLanguage\":\"de\",\"@id\":\"https:\/\/amare-atelier.pl\/de\/#\/schema\/logo\/image\/\",\"url\":\"https:\/\/amare-atelier.pl\/wp-content\/uploads\/2025\/06\/amare-logo.svg\",\"contentUrl\":\"https:\/\/amare-atelier.pl\/wp-content\/uploads\/2025\/06\/amare-logo.svg\",\"width\":578,\"height\":238,\"caption\":\"Amare Atelier \u2013 Modna Odzie\u017c Damska | Styl, Klasa, Kobieco\u015b\u0107\"},\"image\":{\"@id\":\"https:\/\/amare-atelier.pl\/de\/#\/schema\/logo\/image\/\"},\"sameAs\":[\"https:\/\/www.facebook.com\/profile.php?id=61577234792545\",\"https:\/\/www.instagram.com\/amare___atelier\/\"]}]}<\/script>\n<!-- \/ Yoast SEO plugin. -->","yoast_head_json":{"title":"Beigefarbenes 'Natural Simplicity' Rollkragenpullover-Set - Amare Atelier \u2013 Modna Odzie\u017c Damska | Styl, Klasa, Kobieco\u015b\u0107","robots":{"index":"index","follow":"follow","max-snippet":"max-snippet:-1","max-image-preview":"max-image-preview:large","max-video-preview":"max-video-preview:-1"},"canonical":"https:\/\/amare-atelier.pl\/de\/produkt\/beigefarbenes-natural-simplicity-rollkragenpullover-set\/","og_locale":"de_DE","og_type":"article","og_title":"Beigefarbenes 'Natural Simplicity' Rollkragenpullover-Set - Amare Atelier \u2013 Modna Odzie\u017c Damska | Styl, Klasa, Kobieco\u015b\u0107","og_description":"Das beigefarbene Set wurde aus einem feinen, hochwertigen Strick gefertigt, der sich wunderbar an den K\u00f6rper schmiegt. Das Oberteil mit Rollkragen verleiht ihm eine subtile Eleganz, w\u00e4hrend die Hose mit leichtem Schlag und R\u00fcsche f\u00fcr einen modischen Effekt sorgt. Vielseitig, stilvoll und sehr bequem &#8211; perfekt f\u00fcr Fans von neutralen, zeitlosen T\u00f6nen.","og_url":"https:\/\/amare-atelier.pl\/de\/produkt\/beigefarbenes-natural-simplicity-rollkragenpullover-set\/","og_site_name":"Amare Atelier \u2013 Modna Odzie\u017c Damska | Styl, Klasa, Kobieco\u015b\u0107","article_publisher":"https:\/\/www.facebook.com\/profile.php?id=61577234792545","article_modified_time":"2025-12-01T11:02:00+00:00","og_image":[{"width":1080,"height":1620,"url":"https:\/\/amare-atelier.pl\/wp-content\/uploads\/2025\/11\/CE172072-C045-4E9E-B539-C64927E9595D.jpeg","type":"image\/jpeg"}],"twitter_card":"summary_large_image","schema":{"@context":"https:\/\/schema.org","@graph":[{"@type":"WebPage","@id":"https:\/\/amare-atelier.pl\/de\/produkt\/beigefarbenes-natural-simplicity-rollkragenpullover-set\/","url":"https:\/\/amare-atelier.pl\/de\/produkt\/beigefarbenes-natural-simplicity-rollkragenpullover-set\/","name":"Beigefarbenes 'Natural Simplicity' Rollkragenpullover-Set - Amare Atelier \u2013 Modna Odzie\u017c Damska | Styl, Klasa, Kobieco\u015b\u0107","isPartOf":{"@id":"https:\/\/amare-atelier.pl\/de\/#website"},"primaryImageOfPage":{"@id":"https:\/\/amare-atelier.pl\/de\/produkt\/beigefarbenes-natural-simplicity-rollkragenpullover-set\/#primaryimage"},"image":{"@id":"https:\/\/amare-atelier.pl\/de\/produkt\/beigefarbenes-natural-simplicity-rollkragenpullover-set\/#primaryimage"},"thumbnailUrl":"https:\/\/amare-atelier.pl\/wp-content\/uploads\/2025\/11\/CE172072-C045-4E9E-B539-C64927E9595D.jpeg","datePublished":"2025-11-20T19:59:38+00:00","dateModified":"2025-12-01T11:02:00+00:00","breadcrumb":{"@id":"https:\/\/amare-atelier.pl\/de\/produkt\/beigefarbenes-natural-simplicity-rollkragenpullover-set\/#breadcrumb"},"inLanguage":"de","potentialAction":[{"@type":"ReadAction","target":["https:\/\/amare-atelier.pl\/de\/produkt\/beigefarbenes-natural-simplicity-rollkragenpullover-set\/"]}]},{"@type":"ImageObject","inLanguage":"de","@id":"https:\/\/amare-atelier.pl\/de\/produkt\/beigefarbenes-natural-simplicity-rollkragenpullover-set\/#primaryimage","url":"https:\/\/amare-atelier.pl\/wp-content\/uploads\/2025\/11\/CE172072-C045-4E9E-B539-C64927E9595D.jpeg","contentUrl":"https:\/\/amare-atelier.pl\/wp-content\/uploads\/2025\/11\/CE172072-C045-4E9E-B539-C64927E9595D.jpeg","width":1080,"height":1620},{"@type":"BreadcrumbList","@id":"https:\/\/amare-atelier.pl\/de\/produkt\/beigefarbenes-natural-simplicity-rollkragenpullover-set\/#breadcrumb","itemListElement":[{"@type":"ListItem","position":1,"name":"Startseite","item":"https:\/\/amare-atelier.pl\/de\/startseite\/"},{"@type":"ListItem","position":2,"name":"Shop","item":"https:\/\/amare-atelier.pl\/de\/shop\/"},{"@type":"ListItem","position":3,"name":"Beigefarbenes &#8216;Natural Simplicity&#8217; Rollkragenpullover-Set"}]},{"@type":"WebSite","@id":"https:\/\/amare-atelier.pl\/de\/#website","url":"https:\/\/amare-atelier.pl\/de\/","name":"Amare Atelier \u2013 Modna Odzie\u017c Damska | Styl, Klasa, Kobieco\u015b\u0107","description":"","publisher":{"@id":"https:\/\/amare-atelier.pl\/de\/#organization"},"potentialAction":[{"@type":"SearchAction","target":{"@type":"EntryPoint","urlTemplate":"https:\/\/amare-atelier.pl\/de\/?s={search_term_string}"},"query-input":{"@type":"PropertyValueSpecification","valueRequired":true,"valueName":"search_term_string"}}],"inLanguage":"de"},{"@type":"Organization","@id":"https:\/\/amare-atelier.pl\/de\/#organization","name":"Amare Atelier \u2013 Modna Odzie\u017c Damska | Styl, Klasa, Kobieco\u015b\u0107","url":"https:\/\/amare-atelier.pl\/de\/","logo":{"@type":"ImageObject","inLanguage":"de","@id":"https:\/\/amare-atelier.pl\/de\/#\/schema\/logo\/image\/","url":"https:\/\/amare-atelier.pl\/wp-content\/uploads\/2025\/06\/amare-logo.svg","contentUrl":"https:\/\/amare-atelier.pl\/wp-content\/uploads\/2025\/06\/amare-logo.svg","width":578,"height":238,"caption":"Amare Atelier \u2013 Modna Odzie\u017c Damska | Styl, Klasa, Kobieco\u015b\u0107"},"image":{"@id":"https:\/\/amare-atelier.pl\/de\/#\/schema\/logo\/image\/"},"sameAs":["https:\/\/www.facebook.com\/profile.php?id=61577234792545","https:\/\/www.instagram.com\/amare___atelier\/"]}]}},"_links":{"self":[{"href":"https:\/\/amare-atelier.pl\/de\/wp-json\/wp\/v2\/product\/66746","targetHints":{"allow":["GET"]}}],"collection":[{"href":"https:\/\/amare-atelier.pl\/de\/wp-json\/wp\/v2\/product"}],"about":[{"href":"https:\/\/amare-atelier.pl\/de\/wp-json\/wp\/v2\/types\/product"}],"wp:featuredmedia":[{"embeddable":true,"href":"https:\/\/amare-atelier.pl\/de\/wp-json\/wp\/v2\/media\/66730"}],"wp:attachment":[{"href":"https:\/\/amare-atelier.pl\/de\/wp-json\/wp\/v2\/media?parent=66746"}],"wp:term":[{"taxonomy":"product_brand","embeddable":true,"href":"https:\/\/amare-atelier.pl\/de\/wp-json\/wp\/v2\/product_brand?post=66746"},{"taxonomy":"product_cat","embeddable":true,"href":"https:\/\/amare-atelier.pl\/de\/wp-json\/wp\/v2\/product_cat?post=66746"},{"taxonomy":"product_tag","embeddable":true,"href":"https:\/\/amare-atelier.pl\/de\/wp-json\/wp\/v2\/product_tag?post=66746"}],"curies":[{"name":"wp","href":"https:\/\/api.w.org\/{rel}","templated":true}]}}