{"id":66621,"date":"2025-11-20T20:45:03","date_gmt":"2025-11-20T19:45:03","guid":{"rendered":"https:\/\/amare-atelier.pl\/produkt\/graues-soft-street-set-mit-rollkragenpullover\/"},"modified":"2026-03-24T18:16:37","modified_gmt":"2026-03-24T17:16:37","slug":"graues-soft-street-set-mit-rollkragenpullover","status":"publish","type":"product","link":"https:\/\/amare-atelier.pl\/de\/produkt\/graues-soft-street-set-mit-rollkragenpullover\/","title":{"rendered":"Graues Soft Street Set mit Rollkragenpullover"},"content":{"rendered":"<p>Ein graues Set aus einem angenehmen, weichen Stoff f\u00fcr ganzt\u00e4gigen Komfort. Der Rollkragen verleiht ihm ein elegantes Finish, w\u00e4hrend die Hose mit ihren ausgefransten und leicht ausgestellten Beinen perfekt f\u00fcr ein urbanes, l\u00e4ssiges Styling ist. <\/p>\n<p>Es ist ideal, wenn Sie etwas Minimalistisches suchen, aber mit einem modischen Detail, das auff\u00e4llt.<\/p>\n","protected":false},"excerpt":{"rendered":"<p>Ein graues Set aus einem angenehmen, weichen Stoff f\u00fcr ganzt\u00e4gigen Komfort. Der Rollkragen verleiht ihm ein elegantes Finish, w\u00e4hrend die Hose mit ihren ausgefransten und leicht ausgestellten Beinen perfekt f\u00fcr ein urbanes, l\u00e4ssiges Styling ist. Es ist ideal, wenn Sie etwas Minimalistisches suchen, aber mit einem modischen Detail, das auff\u00e4llt.<\/p>\n","protected":false},"featured_media":66564,"template":"","meta":{"inline_featured_image":false},"product_brand":[],"product_cat":[249,317],"product_tag":[],"class_list":{"0":"post-66621","1":"product","2":"type-product","3":"status-publish","4":"has-post-thumbnail","6":"product_cat-sets","7":"product_cat-verkauf","10":"first","11":"instock","12":"sale","13":"shipping-taxable","14":"purchasable","15":"product-type-variable"},"yoast_head":"<!-- This site is optimized with the Yoast SEO plugin v26.3 - https:\/\/yoast.com\/wordpress\/plugins\/seo\/ -->\n<title>Graues Soft Street Set mit Rollkragenpullover - Amare Atelier \u2013 Modna Odzie\u017c Damska | Styl, Klasa, Kobieco\u015b\u0107<\/title>\n<meta name=\"robots\" content=\"index, follow, max-snippet:-1, max-image-preview:large, max-video-preview:-1\" \/>\n<link rel=\"canonical\" href=\"https:\/\/amare-atelier.pl\/de\/produkt\/graues-soft-street-set-mit-rollkragenpullover\/\" \/>\n<meta property=\"og:locale\" content=\"de_DE\" \/>\n<meta property=\"og:type\" content=\"article\" \/>\n<meta property=\"og:title\" content=\"Graues Soft Street Set mit Rollkragenpullover - Amare Atelier \u2013 Modna Odzie\u017c Damska | Styl, Klasa, Kobieco\u015b\u0107\" \/>\n<meta property=\"og:description\" content=\"Ein graues Set aus einem angenehmen, weichen Stoff f\u00fcr ganzt\u00e4gigen Komfort. Der Rollkragen verleiht ihm ein elegantes Finish, w\u00e4hrend die Hose mit ihren ausgefransten und leicht ausgestellten Beinen perfekt f\u00fcr ein urbanes, l\u00e4ssiges Styling ist. Es ist ideal, wenn Sie etwas Minimalistisches suchen, aber mit einem modischen Detail, das auff\u00e4llt.\" \/>\n<meta property=\"og:url\" content=\"https:\/\/amare-atelier.pl\/de\/produkt\/graues-soft-street-set-mit-rollkragenpullover\/\" \/>\n<meta property=\"og:site_name\" content=\"Amare Atelier \u2013 Modna Odzie\u017c Damska | Styl, Klasa, Kobieco\u015b\u0107\" \/>\n<meta property=\"article:publisher\" content=\"https:\/\/www.facebook.com\/profile.php?id=61577234792545\" \/>\n<meta property=\"article:modified_time\" content=\"2026-03-24T17:16:37+00:00\" \/>\n<meta property=\"og:image\" content=\"https:\/\/amare-atelier.pl\/wp-content\/uploads\/2025\/11\/62C778C6-533F-40D2-A7DE-38355BC946C7.jpeg\" \/>\n\t<meta property=\"og:image:width\" content=\"1080\" \/>\n\t<meta property=\"og:image:height\" content=\"1620\" \/>\n\t<meta property=\"og:image:type\" content=\"image\/jpeg\" \/>\n<meta name=\"twitter:card\" content=\"summary_large_image\" \/>\n<script type=\"application\/ld+json\" class=\"yoast-schema-graph\">{\"@context\":\"https:\/\/schema.org\",\"@graph\":[{\"@type\":\"WebPage\",\"@id\":\"https:\/\/amare-atelier.pl\/de\/produkt\/graues-soft-street-set-mit-rollkragenpullover\/\",\"url\":\"https:\/\/amare-atelier.pl\/de\/produkt\/graues-soft-street-set-mit-rollkragenpullover\/\",\"name\":\"Graues Soft Street Set mit Rollkragenpullover - Amare Atelier \u2013 Modna Odzie\u017c Damska | Styl, Klasa, Kobieco\u015b\u0107\",\"isPartOf\":{\"@id\":\"https:\/\/amare-atelier.pl\/de\/#website\"},\"primaryImageOfPage\":{\"@id\":\"https:\/\/amare-atelier.pl\/de\/produkt\/graues-soft-street-set-mit-rollkragenpullover\/#primaryimage\"},\"image\":{\"@id\":\"https:\/\/amare-atelier.pl\/de\/produkt\/graues-soft-street-set-mit-rollkragenpullover\/#primaryimage\"},\"thumbnailUrl\":\"https:\/\/amare-atelier.pl\/wp-content\/uploads\/2025\/11\/62C778C6-533F-40D2-A7DE-38355BC946C7.jpeg\",\"datePublished\":\"2025-11-20T19:45:03+00:00\",\"dateModified\":\"2026-03-24T17:16:37+00:00\",\"breadcrumb\":{\"@id\":\"https:\/\/amare-atelier.pl\/de\/produkt\/graues-soft-street-set-mit-rollkragenpullover\/#breadcrumb\"},\"inLanguage\":\"de\",\"potentialAction\":[{\"@type\":\"ReadAction\",\"target\":[\"https:\/\/amare-atelier.pl\/de\/produkt\/graues-soft-street-set-mit-rollkragenpullover\/\"]}]},{\"@type\":\"ImageObject\",\"inLanguage\":\"de\",\"@id\":\"https:\/\/amare-atelier.pl\/de\/produkt\/graues-soft-street-set-mit-rollkragenpullover\/#primaryimage\",\"url\":\"https:\/\/amare-atelier.pl\/wp-content\/uploads\/2025\/11\/62C778C6-533F-40D2-A7DE-38355BC946C7.jpeg\",\"contentUrl\":\"https:\/\/amare-atelier.pl\/wp-content\/uploads\/2025\/11\/62C778C6-533F-40D2-A7DE-38355BC946C7.jpeg\",\"width\":1080,\"height\":1620},{\"@type\":\"BreadcrumbList\",\"@id\":\"https:\/\/amare-atelier.pl\/de\/produkt\/graues-soft-street-set-mit-rollkragenpullover\/#breadcrumb\",\"itemListElement\":[{\"@type\":\"ListItem\",\"position\":1,\"name\":\"Startseite\",\"item\":\"https:\/\/amare-atelier.pl\/de\/startseite\/\"},{\"@type\":\"ListItem\",\"position\":2,\"name\":\"Shop\",\"item\":\"https:\/\/amare-atelier.pl\/de\/shop\/\"},{\"@type\":\"ListItem\",\"position\":3,\"name\":\"Graues Soft Street Set mit Rollkragenpullover\"}]},{\"@type\":\"WebSite\",\"@id\":\"https:\/\/amare-atelier.pl\/de\/#website\",\"url\":\"https:\/\/amare-atelier.pl\/de\/\",\"name\":\"Amare Atelier \u2013 Modna Odzie\u017c Damska | Styl, Klasa, Kobieco\u015b\u0107\",\"description\":\"\",\"publisher\":{\"@id\":\"https:\/\/amare-atelier.pl\/de\/#organization\"},\"potentialAction\":[{\"@type\":\"SearchAction\",\"target\":{\"@type\":\"EntryPoint\",\"urlTemplate\":\"https:\/\/amare-atelier.pl\/de\/?s={search_term_string}\"},\"query-input\":{\"@type\":\"PropertyValueSpecification\",\"valueRequired\":true,\"valueName\":\"search_term_string\"}}],\"inLanguage\":\"de\"},{\"@type\":\"Organization\",\"@id\":\"https:\/\/amare-atelier.pl\/de\/#organization\",\"name\":\"Amare Atelier \u2013 Modna Odzie\u017c Damska | Styl, Klasa, Kobieco\u015b\u0107\",\"url\":\"https:\/\/amare-atelier.pl\/de\/\",\"logo\":{\"@type\":\"ImageObject\",\"inLanguage\":\"de\",\"@id\":\"https:\/\/amare-atelier.pl\/de\/#\/schema\/logo\/image\/\",\"url\":\"https:\/\/amare-atelier.pl\/wp-content\/uploads\/2025\/06\/amare-logo.svg\",\"contentUrl\":\"https:\/\/amare-atelier.pl\/wp-content\/uploads\/2025\/06\/amare-logo.svg\",\"width\":578,\"height\":238,\"caption\":\"Amare Atelier \u2013 Modna Odzie\u017c Damska | Styl, Klasa, Kobieco\u015b\u0107\"},\"image\":{\"@id\":\"https:\/\/amare-atelier.pl\/de\/#\/schema\/logo\/image\/\"},\"sameAs\":[\"https:\/\/www.facebook.com\/profile.php?id=61577234792545\",\"https:\/\/www.instagram.com\/amare___atelier\/\"]}]}<\/script>\n<!-- \/ Yoast SEO plugin. -->","yoast_head_json":{"title":"Graues Soft Street Set mit Rollkragenpullover - Amare Atelier \u2013 Modna Odzie\u017c Damska | Styl, Klasa, Kobieco\u015b\u0107","robots":{"index":"index","follow":"follow","max-snippet":"max-snippet:-1","max-image-preview":"max-image-preview:large","max-video-preview":"max-video-preview:-1"},"canonical":"https:\/\/amare-atelier.pl\/de\/produkt\/graues-soft-street-set-mit-rollkragenpullover\/","og_locale":"de_DE","og_type":"article","og_title":"Graues Soft Street Set mit Rollkragenpullover - Amare Atelier \u2013 Modna Odzie\u017c Damska | Styl, Klasa, Kobieco\u015b\u0107","og_description":"Ein graues Set aus einem angenehmen, weichen Stoff f\u00fcr ganzt\u00e4gigen Komfort. Der Rollkragen verleiht ihm ein elegantes Finish, w\u00e4hrend die Hose mit ihren ausgefransten und leicht ausgestellten Beinen perfekt f\u00fcr ein urbanes, l\u00e4ssiges Styling ist. Es ist ideal, wenn Sie etwas Minimalistisches suchen, aber mit einem modischen Detail, das auff\u00e4llt.","og_url":"https:\/\/amare-atelier.pl\/de\/produkt\/graues-soft-street-set-mit-rollkragenpullover\/","og_site_name":"Amare Atelier \u2013 Modna Odzie\u017c Damska | Styl, Klasa, Kobieco\u015b\u0107","article_publisher":"https:\/\/www.facebook.com\/profile.php?id=61577234792545","article_modified_time":"2026-03-24T17:16:37+00:00","og_image":[{"width":1080,"height":1620,"url":"https:\/\/amare-atelier.pl\/wp-content\/uploads\/2025\/11\/62C778C6-533F-40D2-A7DE-38355BC946C7.jpeg","type":"image\/jpeg"}],"twitter_card":"summary_large_image","schema":{"@context":"https:\/\/schema.org","@graph":[{"@type":"WebPage","@id":"https:\/\/amare-atelier.pl\/de\/produkt\/graues-soft-street-set-mit-rollkragenpullover\/","url":"https:\/\/amare-atelier.pl\/de\/produkt\/graues-soft-street-set-mit-rollkragenpullover\/","name":"Graues Soft Street Set mit Rollkragenpullover - Amare Atelier \u2013 Modna Odzie\u017c Damska | Styl, Klasa, Kobieco\u015b\u0107","isPartOf":{"@id":"https:\/\/amare-atelier.pl\/de\/#website"},"primaryImageOfPage":{"@id":"https:\/\/amare-atelier.pl\/de\/produkt\/graues-soft-street-set-mit-rollkragenpullover\/#primaryimage"},"image":{"@id":"https:\/\/amare-atelier.pl\/de\/produkt\/graues-soft-street-set-mit-rollkragenpullover\/#primaryimage"},"thumbnailUrl":"https:\/\/amare-atelier.pl\/wp-content\/uploads\/2025\/11\/62C778C6-533F-40D2-A7DE-38355BC946C7.jpeg","datePublished":"2025-11-20T19:45:03+00:00","dateModified":"2026-03-24T17:16:37+00:00","breadcrumb":{"@id":"https:\/\/amare-atelier.pl\/de\/produkt\/graues-soft-street-set-mit-rollkragenpullover\/#breadcrumb"},"inLanguage":"de","potentialAction":[{"@type":"ReadAction","target":["https:\/\/amare-atelier.pl\/de\/produkt\/graues-soft-street-set-mit-rollkragenpullover\/"]}]},{"@type":"ImageObject","inLanguage":"de","@id":"https:\/\/amare-atelier.pl\/de\/produkt\/graues-soft-street-set-mit-rollkragenpullover\/#primaryimage","url":"https:\/\/amare-atelier.pl\/wp-content\/uploads\/2025\/11\/62C778C6-533F-40D2-A7DE-38355BC946C7.jpeg","contentUrl":"https:\/\/amare-atelier.pl\/wp-content\/uploads\/2025\/11\/62C778C6-533F-40D2-A7DE-38355BC946C7.jpeg","width":1080,"height":1620},{"@type":"BreadcrumbList","@id":"https:\/\/amare-atelier.pl\/de\/produkt\/graues-soft-street-set-mit-rollkragenpullover\/#breadcrumb","itemListElement":[{"@type":"ListItem","position":1,"name":"Startseite","item":"https:\/\/amare-atelier.pl\/de\/startseite\/"},{"@type":"ListItem","position":2,"name":"Shop","item":"https:\/\/amare-atelier.pl\/de\/shop\/"},{"@type":"ListItem","position":3,"name":"Graues Soft Street Set mit Rollkragenpullover"}]},{"@type":"WebSite","@id":"https:\/\/amare-atelier.pl\/de\/#website","url":"https:\/\/amare-atelier.pl\/de\/","name":"Amare Atelier \u2013 Modna Odzie\u017c Damska | Styl, Klasa, Kobieco\u015b\u0107","description":"","publisher":{"@id":"https:\/\/amare-atelier.pl\/de\/#organization"},"potentialAction":[{"@type":"SearchAction","target":{"@type":"EntryPoint","urlTemplate":"https:\/\/amare-atelier.pl\/de\/?s={search_term_string}"},"query-input":{"@type":"PropertyValueSpecification","valueRequired":true,"valueName":"search_term_string"}}],"inLanguage":"de"},{"@type":"Organization","@id":"https:\/\/amare-atelier.pl\/de\/#organization","name":"Amare Atelier \u2013 Modna Odzie\u017c Damska | Styl, Klasa, Kobieco\u015b\u0107","url":"https:\/\/amare-atelier.pl\/de\/","logo":{"@type":"ImageObject","inLanguage":"de","@id":"https:\/\/amare-atelier.pl\/de\/#\/schema\/logo\/image\/","url":"https:\/\/amare-atelier.pl\/wp-content\/uploads\/2025\/06\/amare-logo.svg","contentUrl":"https:\/\/amare-atelier.pl\/wp-content\/uploads\/2025\/06\/amare-logo.svg","width":578,"height":238,"caption":"Amare Atelier \u2013 Modna Odzie\u017c Damska | Styl, Klasa, Kobieco\u015b\u0107"},"image":{"@id":"https:\/\/amare-atelier.pl\/de\/#\/schema\/logo\/image\/"},"sameAs":["https:\/\/www.facebook.com\/profile.php?id=61577234792545","https:\/\/www.instagram.com\/amare___atelier\/"]}]}},"_links":{"self":[{"href":"https:\/\/amare-atelier.pl\/de\/wp-json\/wp\/v2\/product\/66621","targetHints":{"allow":["GET"]}}],"collection":[{"href":"https:\/\/amare-atelier.pl\/de\/wp-json\/wp\/v2\/product"}],"about":[{"href":"https:\/\/amare-atelier.pl\/de\/wp-json\/wp\/v2\/types\/product"}],"wp:featuredmedia":[{"embeddable":true,"href":"https:\/\/amare-atelier.pl\/de\/wp-json\/wp\/v2\/media\/66564"}],"wp:attachment":[{"href":"https:\/\/amare-atelier.pl\/de\/wp-json\/wp\/v2\/media?parent=66621"}],"wp:term":[{"taxonomy":"product_brand","embeddable":true,"href":"https:\/\/amare-atelier.pl\/de\/wp-json\/wp\/v2\/product_brand?post=66621"},{"taxonomy":"product_cat","embeddable":true,"href":"https:\/\/amare-atelier.pl\/de\/wp-json\/wp\/v2\/product_cat?post=66621"},{"taxonomy":"product_tag","embeddable":true,"href":"https:\/\/amare-atelier.pl\/de\/wp-json\/wp\/v2\/product_tag?post=66621"}],"curies":[{"name":"wp","href":"https:\/\/api.w.org\/{rel}","templated":true}]}}