{"id":65658,"date":"2025-11-09T16:07:13","date_gmt":"2025-11-09T15:07:13","guid":{"rendered":"https:\/\/amareprod.wpenginepowered.com\/produkt\/jacke-oslo-schwarzes-leder-mit-pelz\/"},"modified":"2026-03-06T23:32:11","modified_gmt":"2026-03-06T22:32:11","slug":"jacke-oslo-schwarzes-leder-mit-pelz","status":"publish","type":"product","link":"https:\/\/amare-atelier.pl\/de\/produkt\/jacke-oslo-schwarzes-leder-mit-pelz\/","title":{"rendered":"Jacke &#8220;Oslo&#8221; &#8211; Schwarzes Leder mit Pelz"},"content":{"rendered":"<p>Die &#8216;Oslo&#8217; Jacke ist eine Kombination aus urbanem Schick und gem\u00fctlichem Komfort. Aus weichem \u00d6ko-Leder gefertigt und mit flauschigem Pelz isoliert, bietet sie W\u00e4rme und Stil an k\u00e4lteren Tagen. Der kurze, leicht \u00fcbergro\u00dfe Schnitt betont die Silhouette sch\u00f6n, und die Details in Form von silbernen Rei\u00dfverschl\u00fcssen verleihen ihr Charakter.  <\/p>\n<p>Es ist die perfekte Wahl f\u00fcr Frauen, die modisch aussehen m\u00f6chten, ohne auf Komfort zu verzichten.<\/p>\n<p>Stylen Sie es mit Leggings, Stiefeln oder schweren Stiefeln &#8211; es wird einen Look kreieren, der die Blicke auf sich zieht.<\/p>\n","protected":false},"excerpt":{"rendered":"<p>Die &#8216;Oslo&#8217; Jacke ist eine Kombination aus urbanem Schick und gem\u00fctlichem Komfort. Aus weichem \u00d6ko-Leder gefertigt und mit flauschigem Pelz isoliert, bietet sie W\u00e4rme und Stil an k\u00e4lteren Tagen. Der kurze, leicht \u00fcbergro\u00dfe Schnitt betont die Silhouette sch\u00f6n, und die Details in Form von silbernen Rei\u00dfverschl\u00fcssen verleihen ihr Charakter. Es ist die perfekte Wahl f\u00fcr [&hellip;]<\/p>\n","protected":false},"featured_media":65612,"template":"","meta":{"inline_featured_image":false},"product_brand":[],"product_cat":[259,317],"product_tag":[],"class_list":{"0":"post-65658","1":"product","2":"type-product","3":"status-publish","4":"has-post-thumbnail","6":"product_cat-oberbekleidung","7":"product_cat-verkauf","10":"first","11":"instock","12":"sale","13":"shipping-taxable","14":"purchasable","15":"product-type-variable"},"yoast_head":"<!-- This site is optimized with the Yoast SEO plugin v26.3 - https:\/\/yoast.com\/wordpress\/plugins\/seo\/ -->\n<title>Jacke &quot;Oslo&quot; - Schwarzes Leder mit Pelz - Amare Atelier \u2013 Modna Odzie\u017c Damska | Styl, Klasa, Kobieco\u015b\u0107<\/title>\n<meta name=\"robots\" content=\"index, follow, max-snippet:-1, max-image-preview:large, max-video-preview:-1\" \/>\n<link rel=\"canonical\" href=\"https:\/\/amare-atelier.pl\/de\/produkt\/jacke-oslo-schwarzes-leder-mit-pelz\/\" \/>\n<meta property=\"og:locale\" content=\"de_DE\" \/>\n<meta property=\"og:type\" content=\"article\" \/>\n<meta property=\"og:title\" content=\"Jacke &quot;Oslo&quot; - Schwarzes Leder mit Pelz - Amare Atelier \u2013 Modna Odzie\u017c Damska | Styl, Klasa, Kobieco\u015b\u0107\" \/>\n<meta property=\"og:description\" content=\"Die &#8216;Oslo&#8217; Jacke ist eine Kombination aus urbanem Schick und gem\u00fctlichem Komfort. Aus weichem \u00d6ko-Leder gefertigt und mit flauschigem Pelz isoliert, bietet sie W\u00e4rme und Stil an k\u00e4lteren Tagen. Der kurze, leicht \u00fcbergro\u00dfe Schnitt betont die Silhouette sch\u00f6n, und die Details in Form von silbernen Rei\u00dfverschl\u00fcssen verleihen ihr Charakter. Es ist die perfekte Wahl f\u00fcr [&hellip;]\" \/>\n<meta property=\"og:url\" content=\"https:\/\/amare-atelier.pl\/de\/produkt\/jacke-oslo-schwarzes-leder-mit-pelz\/\" \/>\n<meta property=\"og:site_name\" content=\"Amare Atelier \u2013 Modna Odzie\u017c Damska | Styl, Klasa, Kobieco\u015b\u0107\" \/>\n<meta property=\"article:publisher\" content=\"https:\/\/www.facebook.com\/profile.php?id=61577234792545\" \/>\n<meta property=\"article:modified_time\" content=\"2026-03-06T22:32:11+00:00\" \/>\n<meta property=\"og:image\" content=\"https:\/\/amare-atelier.pl\/wp-content\/uploads\/2025\/11\/Ultralight_IMG_2814-scaled.jpeg\" \/>\n\t<meta property=\"og:image:width\" content=\"1920\" \/>\n\t<meta property=\"og:image:height\" content=\"2560\" \/>\n\t<meta property=\"og:image:type\" content=\"image\/jpeg\" \/>\n<meta name=\"twitter:card\" content=\"summary_large_image\" \/>\n<script type=\"application\/ld+json\" class=\"yoast-schema-graph\">{\"@context\":\"https:\/\/schema.org\",\"@graph\":[{\"@type\":\"WebPage\",\"@id\":\"https:\/\/amare-atelier.pl\/de\/produkt\/jacke-oslo-schwarzes-leder-mit-pelz\/\",\"url\":\"https:\/\/amare-atelier.pl\/de\/produkt\/jacke-oslo-schwarzes-leder-mit-pelz\/\",\"name\":\"Jacke \\\"Oslo\\\" - Schwarzes Leder mit Pelz - Amare Atelier \u2013 Modna Odzie\u017c Damska | Styl, Klasa, Kobieco\u015b\u0107\",\"isPartOf\":{\"@id\":\"https:\/\/amare-atelier.pl\/de\/#website\"},\"primaryImageOfPage\":{\"@id\":\"https:\/\/amare-atelier.pl\/de\/produkt\/jacke-oslo-schwarzes-leder-mit-pelz\/#primaryimage\"},\"image\":{\"@id\":\"https:\/\/amare-atelier.pl\/de\/produkt\/jacke-oslo-schwarzes-leder-mit-pelz\/#primaryimage\"},\"thumbnailUrl\":\"https:\/\/amare-atelier.pl\/wp-content\/uploads\/2025\/11\/Ultralight_IMG_2814-scaled.jpeg\",\"datePublished\":\"2025-11-09T15:07:13+00:00\",\"dateModified\":\"2026-03-06T22:32:11+00:00\",\"breadcrumb\":{\"@id\":\"https:\/\/amare-atelier.pl\/de\/produkt\/jacke-oslo-schwarzes-leder-mit-pelz\/#breadcrumb\"},\"inLanguage\":\"de\",\"potentialAction\":[{\"@type\":\"ReadAction\",\"target\":[\"https:\/\/amare-atelier.pl\/de\/produkt\/jacke-oslo-schwarzes-leder-mit-pelz\/\"]}]},{\"@type\":\"ImageObject\",\"inLanguage\":\"de\",\"@id\":\"https:\/\/amare-atelier.pl\/de\/produkt\/jacke-oslo-schwarzes-leder-mit-pelz\/#primaryimage\",\"url\":\"https:\/\/amare-atelier.pl\/wp-content\/uploads\/2025\/11\/Ultralight_IMG_2814-scaled.jpeg\",\"contentUrl\":\"https:\/\/amare-atelier.pl\/wp-content\/uploads\/2025\/11\/Ultralight_IMG_2814-scaled.jpeg\",\"width\":1920,\"height\":2560},{\"@type\":\"BreadcrumbList\",\"@id\":\"https:\/\/amare-atelier.pl\/de\/produkt\/jacke-oslo-schwarzes-leder-mit-pelz\/#breadcrumb\",\"itemListElement\":[{\"@type\":\"ListItem\",\"position\":1,\"name\":\"Startseite\",\"item\":\"https:\/\/amare-atelier.pl\/de\/startseite\/\"},{\"@type\":\"ListItem\",\"position\":2,\"name\":\"Shop\",\"item\":\"https:\/\/amare-atelier.pl\/de\/shop\/\"},{\"@type\":\"ListItem\",\"position\":3,\"name\":\"Jacke &#8220;Oslo&#8221; &#8211; Schwarzes Leder mit Pelz\"}]},{\"@type\":\"WebSite\",\"@id\":\"https:\/\/amare-atelier.pl\/de\/#website\",\"url\":\"https:\/\/amare-atelier.pl\/de\/\",\"name\":\"Amare Atelier \u2013 Modna Odzie\u017c Damska | Styl, Klasa, Kobieco\u015b\u0107\",\"description\":\"\",\"publisher\":{\"@id\":\"https:\/\/amare-atelier.pl\/de\/#organization\"},\"potentialAction\":[{\"@type\":\"SearchAction\",\"target\":{\"@type\":\"EntryPoint\",\"urlTemplate\":\"https:\/\/amare-atelier.pl\/de\/?s={search_term_string}\"},\"query-input\":{\"@type\":\"PropertyValueSpecification\",\"valueRequired\":true,\"valueName\":\"search_term_string\"}}],\"inLanguage\":\"de\"},{\"@type\":\"Organization\",\"@id\":\"https:\/\/amare-atelier.pl\/de\/#organization\",\"name\":\"Amare Atelier \u2013 Modna Odzie\u017c Damska | Styl, Klasa, Kobieco\u015b\u0107\",\"url\":\"https:\/\/amare-atelier.pl\/de\/\",\"logo\":{\"@type\":\"ImageObject\",\"inLanguage\":\"de\",\"@id\":\"https:\/\/amare-atelier.pl\/de\/#\/schema\/logo\/image\/\",\"url\":\"https:\/\/amare-atelier.pl\/wp-content\/uploads\/2025\/06\/amare-logo.svg\",\"contentUrl\":\"https:\/\/amare-atelier.pl\/wp-content\/uploads\/2025\/06\/amare-logo.svg\",\"width\":578,\"height\":238,\"caption\":\"Amare Atelier \u2013 Modna Odzie\u017c Damska | Styl, Klasa, Kobieco\u015b\u0107\"},\"image\":{\"@id\":\"https:\/\/amare-atelier.pl\/de\/#\/schema\/logo\/image\/\"},\"sameAs\":[\"https:\/\/www.facebook.com\/profile.php?id=61577234792545\",\"https:\/\/www.instagram.com\/amare___atelier\/\"]}]}<\/script>\n<!-- \/ Yoast SEO plugin. -->","yoast_head_json":{"title":"Jacke \"Oslo\" - Schwarzes Leder mit Pelz - Amare Atelier \u2013 Modna Odzie\u017c Damska | Styl, Klasa, Kobieco\u015b\u0107","robots":{"index":"index","follow":"follow","max-snippet":"max-snippet:-1","max-image-preview":"max-image-preview:large","max-video-preview":"max-video-preview:-1"},"canonical":"https:\/\/amare-atelier.pl\/de\/produkt\/jacke-oslo-schwarzes-leder-mit-pelz\/","og_locale":"de_DE","og_type":"article","og_title":"Jacke \"Oslo\" - Schwarzes Leder mit Pelz - Amare Atelier \u2013 Modna Odzie\u017c Damska | Styl, Klasa, Kobieco\u015b\u0107","og_description":"Die &#8216;Oslo&#8217; Jacke ist eine Kombination aus urbanem Schick und gem\u00fctlichem Komfort. Aus weichem \u00d6ko-Leder gefertigt und mit flauschigem Pelz isoliert, bietet sie W\u00e4rme und Stil an k\u00e4lteren Tagen. Der kurze, leicht \u00fcbergro\u00dfe Schnitt betont die Silhouette sch\u00f6n, und die Details in Form von silbernen Rei\u00dfverschl\u00fcssen verleihen ihr Charakter. Es ist die perfekte Wahl f\u00fcr [&hellip;]","og_url":"https:\/\/amare-atelier.pl\/de\/produkt\/jacke-oslo-schwarzes-leder-mit-pelz\/","og_site_name":"Amare Atelier \u2013 Modna Odzie\u017c Damska | Styl, Klasa, Kobieco\u015b\u0107","article_publisher":"https:\/\/www.facebook.com\/profile.php?id=61577234792545","article_modified_time":"2026-03-06T22:32:11+00:00","og_image":[{"width":1920,"height":2560,"url":"https:\/\/amare-atelier.pl\/wp-content\/uploads\/2025\/11\/Ultralight_IMG_2814-scaled.jpeg","type":"image\/jpeg"}],"twitter_card":"summary_large_image","schema":{"@context":"https:\/\/schema.org","@graph":[{"@type":"WebPage","@id":"https:\/\/amare-atelier.pl\/de\/produkt\/jacke-oslo-schwarzes-leder-mit-pelz\/","url":"https:\/\/amare-atelier.pl\/de\/produkt\/jacke-oslo-schwarzes-leder-mit-pelz\/","name":"Jacke \"Oslo\" - Schwarzes Leder mit Pelz - Amare Atelier \u2013 Modna Odzie\u017c Damska | Styl, Klasa, Kobieco\u015b\u0107","isPartOf":{"@id":"https:\/\/amare-atelier.pl\/de\/#website"},"primaryImageOfPage":{"@id":"https:\/\/amare-atelier.pl\/de\/produkt\/jacke-oslo-schwarzes-leder-mit-pelz\/#primaryimage"},"image":{"@id":"https:\/\/amare-atelier.pl\/de\/produkt\/jacke-oslo-schwarzes-leder-mit-pelz\/#primaryimage"},"thumbnailUrl":"https:\/\/amare-atelier.pl\/wp-content\/uploads\/2025\/11\/Ultralight_IMG_2814-scaled.jpeg","datePublished":"2025-11-09T15:07:13+00:00","dateModified":"2026-03-06T22:32:11+00:00","breadcrumb":{"@id":"https:\/\/amare-atelier.pl\/de\/produkt\/jacke-oslo-schwarzes-leder-mit-pelz\/#breadcrumb"},"inLanguage":"de","potentialAction":[{"@type":"ReadAction","target":["https:\/\/amare-atelier.pl\/de\/produkt\/jacke-oslo-schwarzes-leder-mit-pelz\/"]}]},{"@type":"ImageObject","inLanguage":"de","@id":"https:\/\/amare-atelier.pl\/de\/produkt\/jacke-oslo-schwarzes-leder-mit-pelz\/#primaryimage","url":"https:\/\/amare-atelier.pl\/wp-content\/uploads\/2025\/11\/Ultralight_IMG_2814-scaled.jpeg","contentUrl":"https:\/\/amare-atelier.pl\/wp-content\/uploads\/2025\/11\/Ultralight_IMG_2814-scaled.jpeg","width":1920,"height":2560},{"@type":"BreadcrumbList","@id":"https:\/\/amare-atelier.pl\/de\/produkt\/jacke-oslo-schwarzes-leder-mit-pelz\/#breadcrumb","itemListElement":[{"@type":"ListItem","position":1,"name":"Startseite","item":"https:\/\/amare-atelier.pl\/de\/startseite\/"},{"@type":"ListItem","position":2,"name":"Shop","item":"https:\/\/amare-atelier.pl\/de\/shop\/"},{"@type":"ListItem","position":3,"name":"Jacke &#8220;Oslo&#8221; &#8211; Schwarzes Leder mit Pelz"}]},{"@type":"WebSite","@id":"https:\/\/amare-atelier.pl\/de\/#website","url":"https:\/\/amare-atelier.pl\/de\/","name":"Amare Atelier \u2013 Modna Odzie\u017c Damska | Styl, Klasa, Kobieco\u015b\u0107","description":"","publisher":{"@id":"https:\/\/amare-atelier.pl\/de\/#organization"},"potentialAction":[{"@type":"SearchAction","target":{"@type":"EntryPoint","urlTemplate":"https:\/\/amare-atelier.pl\/de\/?s={search_term_string}"},"query-input":{"@type":"PropertyValueSpecification","valueRequired":true,"valueName":"search_term_string"}}],"inLanguage":"de"},{"@type":"Organization","@id":"https:\/\/amare-atelier.pl\/de\/#organization","name":"Amare Atelier \u2013 Modna Odzie\u017c Damska | Styl, Klasa, Kobieco\u015b\u0107","url":"https:\/\/amare-atelier.pl\/de\/","logo":{"@type":"ImageObject","inLanguage":"de","@id":"https:\/\/amare-atelier.pl\/de\/#\/schema\/logo\/image\/","url":"https:\/\/amare-atelier.pl\/wp-content\/uploads\/2025\/06\/amare-logo.svg","contentUrl":"https:\/\/amare-atelier.pl\/wp-content\/uploads\/2025\/06\/amare-logo.svg","width":578,"height":238,"caption":"Amare Atelier \u2013 Modna Odzie\u017c Damska | Styl, Klasa, Kobieco\u015b\u0107"},"image":{"@id":"https:\/\/amare-atelier.pl\/de\/#\/schema\/logo\/image\/"},"sameAs":["https:\/\/www.facebook.com\/profile.php?id=61577234792545","https:\/\/www.instagram.com\/amare___atelier\/"]}]}},"_links":{"self":[{"href":"https:\/\/amare-atelier.pl\/de\/wp-json\/wp\/v2\/product\/65658","targetHints":{"allow":["GET"]}}],"collection":[{"href":"https:\/\/amare-atelier.pl\/de\/wp-json\/wp\/v2\/product"}],"about":[{"href":"https:\/\/amare-atelier.pl\/de\/wp-json\/wp\/v2\/types\/product"}],"wp:featuredmedia":[{"embeddable":true,"href":"https:\/\/amare-atelier.pl\/de\/wp-json\/wp\/v2\/media\/65612"}],"wp:attachment":[{"href":"https:\/\/amare-atelier.pl\/de\/wp-json\/wp\/v2\/media?parent=65658"}],"wp:term":[{"taxonomy":"product_brand","embeddable":true,"href":"https:\/\/amare-atelier.pl\/de\/wp-json\/wp\/v2\/product_brand?post=65658"},{"taxonomy":"product_cat","embeddable":true,"href":"https:\/\/amare-atelier.pl\/de\/wp-json\/wp\/v2\/product_cat?post=65658"},{"taxonomy":"product_tag","embeddable":true,"href":"https:\/\/amare-atelier.pl\/de\/wp-json\/wp\/v2\/product_tag?post=65658"}],"curies":[{"name":"wp","href":"https:\/\/api.w.org\/{rel}","templated":true}]}}