{"id":65579,"date":"2025-11-09T12:41:14","date_gmt":"2025-11-09T11:41:14","guid":{"rendered":"https:\/\/amareprod.wpenginepowered.com\/produkt\/braune-guerteljacke-ein-klassiker-mit-einem-modernen-twist\/"},"modified":"2025-11-09T12:41:14","modified_gmt":"2025-11-09T11:41:14","slug":"braune-guerteljacke-ein-klassiker-mit-einem-modernen-twist","status":"publish","type":"product","link":"https:\/\/amare-atelier.pl\/de\/produkt\/braune-guerteljacke-ein-klassiker-mit-einem-modernen-twist\/","title":{"rendered":"Braune G\u00fcrteljacke &#8211; ein Klassiker mit einem modernen Twist"},"content":{"rendered":"<p>Stilvoll, tailliert und \u00e4u\u00dferst bequem. Dank des Tailleng\u00fcrtels wird die Silhouette sch\u00f6n betont und der Gesamtlook erh\u00e4lt eine elegante Note. Perfekt f\u00fcr den Alltag und das urbane Styling &#8211; sieht sowohl zu Jeans als auch zu Leggings toll aus.  <\/p>\n","protected":false},"excerpt":{"rendered":"<p>Stilvoll, tailliert und \u00e4u\u00dferst bequem. Dank des Tailleng\u00fcrtels wird die Silhouette sch\u00f6n betont und der Gesamtlook erh\u00e4lt eine elegante Note. Perfekt f\u00fcr den Alltag und das urbane Styling &#8211; sieht sowohl zu Jeans als auch zu Leggings toll aus.<\/p>\n","protected":false},"featured_media":65556,"template":"","meta":{"inline_featured_image":false},"product_brand":[],"product_cat":[251,259],"product_tag":[],"class_list":{"0":"post-65579","1":"product","2":"type-product","3":"status-publish","4":"has-post-thumbnail","6":"product_cat-neuheiten","7":"product_cat-oberbekleidung","10":"first","11":"instock","12":"shipping-taxable","13":"purchasable","14":"product-type-variable"},"yoast_head":"<!-- This site is optimized with the Yoast SEO plugin v26.3 - https:\/\/yoast.com\/wordpress\/plugins\/seo\/ -->\n<title>Braune G\u00fcrteljacke - ein Klassiker mit einem modernen Twist - Amare Atelier \u2013 Modna Odzie\u017c Damska | Styl, Klasa, Kobieco\u015b\u0107<\/title>\n<meta name=\"robots\" content=\"index, follow, max-snippet:-1, max-image-preview:large, max-video-preview:-1\" \/>\n<link rel=\"canonical\" href=\"https:\/\/amare-atelier.pl\/de\/produkt\/braune-guerteljacke-ein-klassiker-mit-einem-modernen-twist\/\" \/>\n<meta property=\"og:locale\" content=\"de_DE\" \/>\n<meta property=\"og:type\" content=\"article\" \/>\n<meta property=\"og:title\" content=\"Braune G\u00fcrteljacke - ein Klassiker mit einem modernen Twist - Amare Atelier \u2013 Modna Odzie\u017c Damska | Styl, Klasa, Kobieco\u015b\u0107\" \/>\n<meta property=\"og:description\" content=\"Stilvoll, tailliert und \u00e4u\u00dferst bequem. Dank des Tailleng\u00fcrtels wird die Silhouette sch\u00f6n betont und der Gesamtlook erh\u00e4lt eine elegante Note. Perfekt f\u00fcr den Alltag und das urbane Styling &#8211; sieht sowohl zu Jeans als auch zu Leggings toll aus.\" \/>\n<meta property=\"og:url\" content=\"https:\/\/amare-atelier.pl\/de\/produkt\/braune-guerteljacke-ein-klassiker-mit-einem-modernen-twist\/\" \/>\n<meta property=\"og:site_name\" content=\"Amare Atelier \u2013 Modna Odzie\u017c Damska | Styl, Klasa, Kobieco\u015b\u0107\" \/>\n<meta property=\"article:publisher\" content=\"https:\/\/www.facebook.com\/profile.php?id=61577234792545\" \/>\n<meta property=\"og:image\" content=\"https:\/\/amare-atelier.pl\/wp-content\/uploads\/2025\/11\/5BC7A814-C783-4EAF-BC81-595D7A57DE67.jpeg\" \/>\n\t<meta property=\"og:image:width\" content=\"1206\" \/>\n\t<meta property=\"og:image:height\" content=\"2144\" \/>\n\t<meta property=\"og:image:type\" content=\"image\/jpeg\" \/>\n<meta name=\"twitter:card\" content=\"summary_large_image\" \/>\n<script type=\"application\/ld+json\" class=\"yoast-schema-graph\">{\"@context\":\"https:\/\/schema.org\",\"@graph\":[{\"@type\":\"WebPage\",\"@id\":\"https:\/\/amare-atelier.pl\/de\/produkt\/braune-guerteljacke-ein-klassiker-mit-einem-modernen-twist\/\",\"url\":\"https:\/\/amare-atelier.pl\/de\/produkt\/braune-guerteljacke-ein-klassiker-mit-einem-modernen-twist\/\",\"name\":\"Braune G\u00fcrteljacke - ein Klassiker mit einem modernen Twist - Amare Atelier \u2013 Modna Odzie\u017c Damska | Styl, Klasa, Kobieco\u015b\u0107\",\"isPartOf\":{\"@id\":\"https:\/\/amare-atelier.pl\/de\/#website\"},\"primaryImageOfPage\":{\"@id\":\"https:\/\/amare-atelier.pl\/de\/produkt\/braune-guerteljacke-ein-klassiker-mit-einem-modernen-twist\/#primaryimage\"},\"image\":{\"@id\":\"https:\/\/amare-atelier.pl\/de\/produkt\/braune-guerteljacke-ein-klassiker-mit-einem-modernen-twist\/#primaryimage\"},\"thumbnailUrl\":\"https:\/\/amare-atelier.pl\/wp-content\/uploads\/2025\/11\/5BC7A814-C783-4EAF-BC81-595D7A57DE67.jpeg\",\"datePublished\":\"2025-11-09T11:41:14+00:00\",\"breadcrumb\":{\"@id\":\"https:\/\/amare-atelier.pl\/de\/produkt\/braune-guerteljacke-ein-klassiker-mit-einem-modernen-twist\/#breadcrumb\"},\"inLanguage\":\"de\",\"potentialAction\":[{\"@type\":\"ReadAction\",\"target\":[\"https:\/\/amare-atelier.pl\/de\/produkt\/braune-guerteljacke-ein-klassiker-mit-einem-modernen-twist\/\"]}]},{\"@type\":\"ImageObject\",\"inLanguage\":\"de\",\"@id\":\"https:\/\/amare-atelier.pl\/de\/produkt\/braune-guerteljacke-ein-klassiker-mit-einem-modernen-twist\/#primaryimage\",\"url\":\"https:\/\/amare-atelier.pl\/wp-content\/uploads\/2025\/11\/5BC7A814-C783-4EAF-BC81-595D7A57DE67.jpeg\",\"contentUrl\":\"https:\/\/amare-atelier.pl\/wp-content\/uploads\/2025\/11\/5BC7A814-C783-4EAF-BC81-595D7A57DE67.jpeg\",\"width\":1206,\"height\":2144},{\"@type\":\"BreadcrumbList\",\"@id\":\"https:\/\/amare-atelier.pl\/de\/produkt\/braune-guerteljacke-ein-klassiker-mit-einem-modernen-twist\/#breadcrumb\",\"itemListElement\":[{\"@type\":\"ListItem\",\"position\":1,\"name\":\"Startseite\",\"item\":\"https:\/\/amare-atelier.pl\/de\/startseite\/\"},{\"@type\":\"ListItem\",\"position\":2,\"name\":\"Shop\",\"item\":\"https:\/\/amare-atelier.pl\/de\/shop\/\"},{\"@type\":\"ListItem\",\"position\":3,\"name\":\"Braune G\u00fcrteljacke &#8211; ein Klassiker mit einem modernen Twist\"}]},{\"@type\":\"WebSite\",\"@id\":\"https:\/\/amare-atelier.pl\/de\/#website\",\"url\":\"https:\/\/amare-atelier.pl\/de\/\",\"name\":\"Amare Atelier \u2013 Modna Odzie\u017c Damska | Styl, Klasa, Kobieco\u015b\u0107\",\"description\":\"\",\"publisher\":{\"@id\":\"https:\/\/amare-atelier.pl\/de\/#organization\"},\"potentialAction\":[{\"@type\":\"SearchAction\",\"target\":{\"@type\":\"EntryPoint\",\"urlTemplate\":\"https:\/\/amare-atelier.pl\/de\/?s={search_term_string}\"},\"query-input\":{\"@type\":\"PropertyValueSpecification\",\"valueRequired\":true,\"valueName\":\"search_term_string\"}}],\"inLanguage\":\"de\"},{\"@type\":\"Organization\",\"@id\":\"https:\/\/amare-atelier.pl\/de\/#organization\",\"name\":\"Amare Atelier \u2013 Modna Odzie\u017c Damska | Styl, Klasa, Kobieco\u015b\u0107\",\"url\":\"https:\/\/amare-atelier.pl\/de\/\",\"logo\":{\"@type\":\"ImageObject\",\"inLanguage\":\"de\",\"@id\":\"https:\/\/amare-atelier.pl\/de\/#\/schema\/logo\/image\/\",\"url\":\"https:\/\/amare-atelier.pl\/wp-content\/uploads\/2025\/06\/amare-logo.svg\",\"contentUrl\":\"https:\/\/amare-atelier.pl\/wp-content\/uploads\/2025\/06\/amare-logo.svg\",\"width\":578,\"height\":238,\"caption\":\"Amare Atelier \u2013 Modna Odzie\u017c Damska | Styl, Klasa, Kobieco\u015b\u0107\"},\"image\":{\"@id\":\"https:\/\/amare-atelier.pl\/de\/#\/schema\/logo\/image\/\"},\"sameAs\":[\"https:\/\/www.facebook.com\/profile.php?id=61577234792545\",\"https:\/\/www.instagram.com\/amare___atelier\/\"]}]}<\/script>\n<!-- \/ Yoast SEO plugin. -->","yoast_head_json":{"title":"Braune G\u00fcrteljacke - ein Klassiker mit einem modernen Twist - Amare Atelier \u2013 Modna Odzie\u017c Damska | Styl, Klasa, Kobieco\u015b\u0107","robots":{"index":"index","follow":"follow","max-snippet":"max-snippet:-1","max-image-preview":"max-image-preview:large","max-video-preview":"max-video-preview:-1"},"canonical":"https:\/\/amare-atelier.pl\/de\/produkt\/braune-guerteljacke-ein-klassiker-mit-einem-modernen-twist\/","og_locale":"de_DE","og_type":"article","og_title":"Braune G\u00fcrteljacke - ein Klassiker mit einem modernen Twist - Amare Atelier \u2013 Modna Odzie\u017c Damska | Styl, Klasa, Kobieco\u015b\u0107","og_description":"Stilvoll, tailliert und \u00e4u\u00dferst bequem. Dank des Tailleng\u00fcrtels wird die Silhouette sch\u00f6n betont und der Gesamtlook erh\u00e4lt eine elegante Note. Perfekt f\u00fcr den Alltag und das urbane Styling &#8211; sieht sowohl zu Jeans als auch zu Leggings toll aus.","og_url":"https:\/\/amare-atelier.pl\/de\/produkt\/braune-guerteljacke-ein-klassiker-mit-einem-modernen-twist\/","og_site_name":"Amare Atelier \u2013 Modna Odzie\u017c Damska | Styl, Klasa, Kobieco\u015b\u0107","article_publisher":"https:\/\/www.facebook.com\/profile.php?id=61577234792545","og_image":[{"width":1206,"height":2144,"url":"https:\/\/amare-atelier.pl\/wp-content\/uploads\/2025\/11\/5BC7A814-C783-4EAF-BC81-595D7A57DE67.jpeg","type":"image\/jpeg"}],"twitter_card":"summary_large_image","schema":{"@context":"https:\/\/schema.org","@graph":[{"@type":"WebPage","@id":"https:\/\/amare-atelier.pl\/de\/produkt\/braune-guerteljacke-ein-klassiker-mit-einem-modernen-twist\/","url":"https:\/\/amare-atelier.pl\/de\/produkt\/braune-guerteljacke-ein-klassiker-mit-einem-modernen-twist\/","name":"Braune G\u00fcrteljacke - ein Klassiker mit einem modernen Twist - Amare Atelier \u2013 Modna Odzie\u017c Damska | Styl, Klasa, Kobieco\u015b\u0107","isPartOf":{"@id":"https:\/\/amare-atelier.pl\/de\/#website"},"primaryImageOfPage":{"@id":"https:\/\/amare-atelier.pl\/de\/produkt\/braune-guerteljacke-ein-klassiker-mit-einem-modernen-twist\/#primaryimage"},"image":{"@id":"https:\/\/amare-atelier.pl\/de\/produkt\/braune-guerteljacke-ein-klassiker-mit-einem-modernen-twist\/#primaryimage"},"thumbnailUrl":"https:\/\/amare-atelier.pl\/wp-content\/uploads\/2025\/11\/5BC7A814-C783-4EAF-BC81-595D7A57DE67.jpeg","datePublished":"2025-11-09T11:41:14+00:00","breadcrumb":{"@id":"https:\/\/amare-atelier.pl\/de\/produkt\/braune-guerteljacke-ein-klassiker-mit-einem-modernen-twist\/#breadcrumb"},"inLanguage":"de","potentialAction":[{"@type":"ReadAction","target":["https:\/\/amare-atelier.pl\/de\/produkt\/braune-guerteljacke-ein-klassiker-mit-einem-modernen-twist\/"]}]},{"@type":"ImageObject","inLanguage":"de","@id":"https:\/\/amare-atelier.pl\/de\/produkt\/braune-guerteljacke-ein-klassiker-mit-einem-modernen-twist\/#primaryimage","url":"https:\/\/amare-atelier.pl\/wp-content\/uploads\/2025\/11\/5BC7A814-C783-4EAF-BC81-595D7A57DE67.jpeg","contentUrl":"https:\/\/amare-atelier.pl\/wp-content\/uploads\/2025\/11\/5BC7A814-C783-4EAF-BC81-595D7A57DE67.jpeg","width":1206,"height":2144},{"@type":"BreadcrumbList","@id":"https:\/\/amare-atelier.pl\/de\/produkt\/braune-guerteljacke-ein-klassiker-mit-einem-modernen-twist\/#breadcrumb","itemListElement":[{"@type":"ListItem","position":1,"name":"Startseite","item":"https:\/\/amare-atelier.pl\/de\/startseite\/"},{"@type":"ListItem","position":2,"name":"Shop","item":"https:\/\/amare-atelier.pl\/de\/shop\/"},{"@type":"ListItem","position":3,"name":"Braune G\u00fcrteljacke &#8211; ein Klassiker mit einem modernen Twist"}]},{"@type":"WebSite","@id":"https:\/\/amare-atelier.pl\/de\/#website","url":"https:\/\/amare-atelier.pl\/de\/","name":"Amare Atelier \u2013 Modna Odzie\u017c Damska | Styl, Klasa, Kobieco\u015b\u0107","description":"","publisher":{"@id":"https:\/\/amare-atelier.pl\/de\/#organization"},"potentialAction":[{"@type":"SearchAction","target":{"@type":"EntryPoint","urlTemplate":"https:\/\/amare-atelier.pl\/de\/?s={search_term_string}"},"query-input":{"@type":"PropertyValueSpecification","valueRequired":true,"valueName":"search_term_string"}}],"inLanguage":"de"},{"@type":"Organization","@id":"https:\/\/amare-atelier.pl\/de\/#organization","name":"Amare Atelier \u2013 Modna Odzie\u017c Damska | Styl, Klasa, Kobieco\u015b\u0107","url":"https:\/\/amare-atelier.pl\/de\/","logo":{"@type":"ImageObject","inLanguage":"de","@id":"https:\/\/amare-atelier.pl\/de\/#\/schema\/logo\/image\/","url":"https:\/\/amare-atelier.pl\/wp-content\/uploads\/2025\/06\/amare-logo.svg","contentUrl":"https:\/\/amare-atelier.pl\/wp-content\/uploads\/2025\/06\/amare-logo.svg","width":578,"height":238,"caption":"Amare Atelier \u2013 Modna Odzie\u017c Damska | Styl, Klasa, Kobieco\u015b\u0107"},"image":{"@id":"https:\/\/amare-atelier.pl\/de\/#\/schema\/logo\/image\/"},"sameAs":["https:\/\/www.facebook.com\/profile.php?id=61577234792545","https:\/\/www.instagram.com\/amare___atelier\/"]}]}},"_links":{"self":[{"href":"https:\/\/amare-atelier.pl\/de\/wp-json\/wp\/v2\/product\/65579","targetHints":{"allow":["GET"]}}],"collection":[{"href":"https:\/\/amare-atelier.pl\/de\/wp-json\/wp\/v2\/product"}],"about":[{"href":"https:\/\/amare-atelier.pl\/de\/wp-json\/wp\/v2\/types\/product"}],"wp:featuredmedia":[{"embeddable":true,"href":"https:\/\/amare-atelier.pl\/de\/wp-json\/wp\/v2\/media\/65556"}],"wp:attachment":[{"href":"https:\/\/amare-atelier.pl\/de\/wp-json\/wp\/v2\/media?parent=65579"}],"wp:term":[{"taxonomy":"product_brand","embeddable":true,"href":"https:\/\/amare-atelier.pl\/de\/wp-json\/wp\/v2\/product_brand?post=65579"},{"taxonomy":"product_cat","embeddable":true,"href":"https:\/\/amare-atelier.pl\/de\/wp-json\/wp\/v2\/product_cat?post=65579"},{"taxonomy":"product_tag","embeddable":true,"href":"https:\/\/amare-atelier.pl\/de\/wp-json\/wp\/v2\/product_tag?post=65579"}],"curies":[{"name":"wp","href":"https:\/\/api.w.org\/{rel}","templated":true}]}}