{"id":62497,"date":"2025-06-25T21:25:03","date_gmt":"2025-06-25T19:25:03","guid":{"rendered":"https:\/\/amareprod.wpenginepowered.com\/produkt\/comfort-pink-jogginghose-lockerer-schnitt-stilvolle-naht\/"},"modified":"2025-11-04T02:25:10","modified_gmt":"2025-11-04T01:25:10","slug":"comfort-pink-jogginghose-lockerer-schnitt-stilvolle-naht","status":"publish","type":"product","link":"https:\/\/amare-atelier.pl\/de\/produkt\/comfort-pink-jogginghose-lockerer-schnitt-stilvolle-naht\/","title":{"rendered":"Jogginghose Comfort Pink &#8211; Lockere Passform, modische N\u00e4hte"},"content":{"rendered":"<p>-Aus weichem, angenehmem Material, ideal f\u00fcr den t\u00e4glichen Gebrauch und zur Entspannung.<br \/>\n&#8211; Lockere Passform mit elastischem Bund f\u00fcr Komfort und Bewegungsfreiheit.<br \/>\n&#8211; Stilvolle N\u00e4hte an den Beinen sorgen f\u00fcr einen modischen Touch.<br \/>\n&#8211; Perfekt f\u00fcr l\u00e4ssige und sportliche Stylings.<\/p>\n","protected":false},"excerpt":{"rendered":"<p>-Aus weichem, angenehmem Material, ideal f\u00fcr den t\u00e4glichen Gebrauch und zur Entspannung. &#8211; Lockere Passform mit elastischem Bund f\u00fcr Komfort und Bewegungsfreiheit. &#8211; Stilvolle N\u00e4hte an den Beinen sorgen f\u00fcr einen modischen Touch. &#8211; Perfekt f\u00fcr l\u00e4ssige und sportliche Stylings.<\/p>\n","protected":false},"featured_media":62501,"template":"","meta":{"inline_featured_image":false},"product_brand":[],"product_cat":[263,246],"product_tag":[],"class_list":{"0":"post-62497","1":"product","2":"type-product","3":"status-publish","4":"has-post-thumbnail","6":"product_cat-hosen","7":"product_cat-sommer","10":"first","11":"instock","12":"shipping-taxable","13":"purchasable","14":"product-type-variable"},"yoast_head":"<!-- This site is optimized with the Yoast SEO plugin v26.3 - https:\/\/yoast.com\/wordpress\/plugins\/seo\/ -->\n<title>Jogginghose Comfort Pink - Lockere Passform, modische N\u00e4hte - Amare Atelier \u2013 Modna Odzie\u017c Damska | Styl, Klasa, Kobieco\u015b\u0107<\/title>\n<meta name=\"robots\" content=\"index, follow, max-snippet:-1, max-image-preview:large, max-video-preview:-1\" \/>\n<link rel=\"canonical\" href=\"https:\/\/amare-atelier.pl\/de\/produkt\/comfort-pink-jogginghose-lockerer-schnitt-stilvolle-naht\/\" \/>\n<meta property=\"og:locale\" content=\"de_DE\" \/>\n<meta property=\"og:type\" content=\"article\" \/>\n<meta property=\"og:title\" content=\"Jogginghose Comfort Pink - Lockere Passform, modische N\u00e4hte - Amare Atelier \u2013 Modna Odzie\u017c Damska | Styl, Klasa, Kobieco\u015b\u0107\" \/>\n<meta property=\"og:description\" content=\"-Aus weichem, angenehmem Material, ideal f\u00fcr den t\u00e4glichen Gebrauch und zur Entspannung. &#8211; Lockere Passform mit elastischem Bund f\u00fcr Komfort und Bewegungsfreiheit. &#8211; Stilvolle N\u00e4hte an den Beinen sorgen f\u00fcr einen modischen Touch. &#8211; Perfekt f\u00fcr l\u00e4ssige und sportliche Stylings.\" \/>\n<meta property=\"og:url\" content=\"https:\/\/amare-atelier.pl\/de\/produkt\/comfort-pink-jogginghose-lockerer-schnitt-stilvolle-naht\/\" \/>\n<meta property=\"og:site_name\" content=\"Amare Atelier \u2013 Modna Odzie\u017c Damska | Styl, Klasa, Kobieco\u015b\u0107\" \/>\n<meta property=\"article:publisher\" content=\"https:\/\/www.facebook.com\/profile.php?id=61577234792545\" \/>\n<meta property=\"article:modified_time\" content=\"2025-11-04T01:25:10+00:00\" \/>\n<meta property=\"og:image\" content=\"https:\/\/amare-atelier.pl\/wp-content\/uploads\/2025\/06\/IMG_7687.jpeg\" \/>\n\t<meta property=\"og:image:width\" content=\"1440\" \/>\n\t<meta property=\"og:image:height\" content=\"1254\" \/>\n\t<meta property=\"og:image:type\" content=\"image\/jpeg\" \/>\n<meta name=\"twitter:card\" content=\"summary_large_image\" \/>\n<script type=\"application\/ld+json\" class=\"yoast-schema-graph\">{\"@context\":\"https:\/\/schema.org\",\"@graph\":[{\"@type\":\"WebPage\",\"@id\":\"https:\/\/amare-atelier.pl\/de\/produkt\/comfort-pink-jogginghose-lockerer-schnitt-stilvolle-naht\/\",\"url\":\"https:\/\/amare-atelier.pl\/de\/produkt\/comfort-pink-jogginghose-lockerer-schnitt-stilvolle-naht\/\",\"name\":\"Jogginghose Comfort Pink - Lockere Passform, modische N\u00e4hte - Amare Atelier \u2013 Modna Odzie\u017c Damska | Styl, Klasa, Kobieco\u015b\u0107\",\"isPartOf\":{\"@id\":\"https:\/\/amare-atelier.pl\/de\/#website\"},\"primaryImageOfPage\":{\"@id\":\"https:\/\/amare-atelier.pl\/de\/produkt\/comfort-pink-jogginghose-lockerer-schnitt-stilvolle-naht\/#primaryimage\"},\"image\":{\"@id\":\"https:\/\/amare-atelier.pl\/de\/produkt\/comfort-pink-jogginghose-lockerer-schnitt-stilvolle-naht\/#primaryimage\"},\"thumbnailUrl\":\"https:\/\/amare-atelier.pl\/wp-content\/uploads\/2025\/06\/IMG_7687.jpeg\",\"datePublished\":\"2025-06-25T19:25:03+00:00\",\"dateModified\":\"2025-11-04T01:25:10+00:00\",\"breadcrumb\":{\"@id\":\"https:\/\/amare-atelier.pl\/de\/produkt\/comfort-pink-jogginghose-lockerer-schnitt-stilvolle-naht\/#breadcrumb\"},\"inLanguage\":\"de\",\"potentialAction\":[{\"@type\":\"ReadAction\",\"target\":[\"https:\/\/amare-atelier.pl\/de\/produkt\/comfort-pink-jogginghose-lockerer-schnitt-stilvolle-naht\/\"]}]},{\"@type\":\"ImageObject\",\"inLanguage\":\"de\",\"@id\":\"https:\/\/amare-atelier.pl\/de\/produkt\/comfort-pink-jogginghose-lockerer-schnitt-stilvolle-naht\/#primaryimage\",\"url\":\"https:\/\/amare-atelier.pl\/wp-content\/uploads\/2025\/06\/IMG_7687.jpeg\",\"contentUrl\":\"https:\/\/amare-atelier.pl\/wp-content\/uploads\/2025\/06\/IMG_7687.jpeg\",\"width\":1440,\"height\":1254},{\"@type\":\"BreadcrumbList\",\"@id\":\"https:\/\/amare-atelier.pl\/de\/produkt\/comfort-pink-jogginghose-lockerer-schnitt-stilvolle-naht\/#breadcrumb\",\"itemListElement\":[{\"@type\":\"ListItem\",\"position\":1,\"name\":\"Startseite\",\"item\":\"https:\/\/amare-atelier.pl\/de\/startseite\/\"},{\"@type\":\"ListItem\",\"position\":2,\"name\":\"Shop\",\"item\":\"https:\/\/amare-atelier.pl\/de\/shop\/\"},{\"@type\":\"ListItem\",\"position\":3,\"name\":\"Jogginghose Comfort Pink &#8211; Lockere Passform, modische N\u00e4hte\"}]},{\"@type\":\"WebSite\",\"@id\":\"https:\/\/amare-atelier.pl\/de\/#website\",\"url\":\"https:\/\/amare-atelier.pl\/de\/\",\"name\":\"Amare Atelier \u2013 Modna Odzie\u017c Damska | Styl, Klasa, Kobieco\u015b\u0107\",\"description\":\"\",\"publisher\":{\"@id\":\"https:\/\/amare-atelier.pl\/de\/#organization\"},\"potentialAction\":[{\"@type\":\"SearchAction\",\"target\":{\"@type\":\"EntryPoint\",\"urlTemplate\":\"https:\/\/amare-atelier.pl\/de\/?s={search_term_string}\"},\"query-input\":{\"@type\":\"PropertyValueSpecification\",\"valueRequired\":true,\"valueName\":\"search_term_string\"}}],\"inLanguage\":\"de\"},{\"@type\":\"Organization\",\"@id\":\"https:\/\/amare-atelier.pl\/de\/#organization\",\"name\":\"Amare Atelier \u2013 Modna Odzie\u017c Damska | Styl, Klasa, Kobieco\u015b\u0107\",\"url\":\"https:\/\/amare-atelier.pl\/de\/\",\"logo\":{\"@type\":\"ImageObject\",\"inLanguage\":\"de\",\"@id\":\"https:\/\/amare-atelier.pl\/de\/#\/schema\/logo\/image\/\",\"url\":\"https:\/\/amare-atelier.pl\/wp-content\/uploads\/2025\/06\/amare-logo.svg\",\"contentUrl\":\"https:\/\/amare-atelier.pl\/wp-content\/uploads\/2025\/06\/amare-logo.svg\",\"width\":578,\"height\":238,\"caption\":\"Amare Atelier \u2013 Modna Odzie\u017c Damska | Styl, Klasa, Kobieco\u015b\u0107\"},\"image\":{\"@id\":\"https:\/\/amare-atelier.pl\/de\/#\/schema\/logo\/image\/\"},\"sameAs\":[\"https:\/\/www.facebook.com\/profile.php?id=61577234792545\",\"https:\/\/www.instagram.com\/amare___atelier\/\"]}]}<\/script>\n<!-- \/ Yoast SEO plugin. -->","yoast_head_json":{"title":"Jogginghose Comfort Pink - Lockere Passform, modische N\u00e4hte - Amare Atelier \u2013 Modna Odzie\u017c Damska | Styl, Klasa, Kobieco\u015b\u0107","robots":{"index":"index","follow":"follow","max-snippet":"max-snippet:-1","max-image-preview":"max-image-preview:large","max-video-preview":"max-video-preview:-1"},"canonical":"https:\/\/amare-atelier.pl\/de\/produkt\/comfort-pink-jogginghose-lockerer-schnitt-stilvolle-naht\/","og_locale":"de_DE","og_type":"article","og_title":"Jogginghose Comfort Pink - Lockere Passform, modische N\u00e4hte - Amare Atelier \u2013 Modna Odzie\u017c Damska | Styl, Klasa, Kobieco\u015b\u0107","og_description":"-Aus weichem, angenehmem Material, ideal f\u00fcr den t\u00e4glichen Gebrauch und zur Entspannung. &#8211; Lockere Passform mit elastischem Bund f\u00fcr Komfort und Bewegungsfreiheit. &#8211; Stilvolle N\u00e4hte an den Beinen sorgen f\u00fcr einen modischen Touch. &#8211; Perfekt f\u00fcr l\u00e4ssige und sportliche Stylings.","og_url":"https:\/\/amare-atelier.pl\/de\/produkt\/comfort-pink-jogginghose-lockerer-schnitt-stilvolle-naht\/","og_site_name":"Amare Atelier \u2013 Modna Odzie\u017c Damska | Styl, Klasa, Kobieco\u015b\u0107","article_publisher":"https:\/\/www.facebook.com\/profile.php?id=61577234792545","article_modified_time":"2025-11-04T01:25:10+00:00","og_image":[{"width":1440,"height":1254,"url":"https:\/\/amare-atelier.pl\/wp-content\/uploads\/2025\/06\/IMG_7687.jpeg","type":"image\/jpeg"}],"twitter_card":"summary_large_image","schema":{"@context":"https:\/\/schema.org","@graph":[{"@type":"WebPage","@id":"https:\/\/amare-atelier.pl\/de\/produkt\/comfort-pink-jogginghose-lockerer-schnitt-stilvolle-naht\/","url":"https:\/\/amare-atelier.pl\/de\/produkt\/comfort-pink-jogginghose-lockerer-schnitt-stilvolle-naht\/","name":"Jogginghose Comfort Pink - Lockere Passform, modische N\u00e4hte - Amare Atelier \u2013 Modna Odzie\u017c Damska | Styl, Klasa, Kobieco\u015b\u0107","isPartOf":{"@id":"https:\/\/amare-atelier.pl\/de\/#website"},"primaryImageOfPage":{"@id":"https:\/\/amare-atelier.pl\/de\/produkt\/comfort-pink-jogginghose-lockerer-schnitt-stilvolle-naht\/#primaryimage"},"image":{"@id":"https:\/\/amare-atelier.pl\/de\/produkt\/comfort-pink-jogginghose-lockerer-schnitt-stilvolle-naht\/#primaryimage"},"thumbnailUrl":"https:\/\/amare-atelier.pl\/wp-content\/uploads\/2025\/06\/IMG_7687.jpeg","datePublished":"2025-06-25T19:25:03+00:00","dateModified":"2025-11-04T01:25:10+00:00","breadcrumb":{"@id":"https:\/\/amare-atelier.pl\/de\/produkt\/comfort-pink-jogginghose-lockerer-schnitt-stilvolle-naht\/#breadcrumb"},"inLanguage":"de","potentialAction":[{"@type":"ReadAction","target":["https:\/\/amare-atelier.pl\/de\/produkt\/comfort-pink-jogginghose-lockerer-schnitt-stilvolle-naht\/"]}]},{"@type":"ImageObject","inLanguage":"de","@id":"https:\/\/amare-atelier.pl\/de\/produkt\/comfort-pink-jogginghose-lockerer-schnitt-stilvolle-naht\/#primaryimage","url":"https:\/\/amare-atelier.pl\/wp-content\/uploads\/2025\/06\/IMG_7687.jpeg","contentUrl":"https:\/\/amare-atelier.pl\/wp-content\/uploads\/2025\/06\/IMG_7687.jpeg","width":1440,"height":1254},{"@type":"BreadcrumbList","@id":"https:\/\/amare-atelier.pl\/de\/produkt\/comfort-pink-jogginghose-lockerer-schnitt-stilvolle-naht\/#breadcrumb","itemListElement":[{"@type":"ListItem","position":1,"name":"Startseite","item":"https:\/\/amare-atelier.pl\/de\/startseite\/"},{"@type":"ListItem","position":2,"name":"Shop","item":"https:\/\/amare-atelier.pl\/de\/shop\/"},{"@type":"ListItem","position":3,"name":"Jogginghose Comfort Pink &#8211; Lockere Passform, modische N\u00e4hte"}]},{"@type":"WebSite","@id":"https:\/\/amare-atelier.pl\/de\/#website","url":"https:\/\/amare-atelier.pl\/de\/","name":"Amare Atelier \u2013 Modna Odzie\u017c Damska | Styl, Klasa, Kobieco\u015b\u0107","description":"","publisher":{"@id":"https:\/\/amare-atelier.pl\/de\/#organization"},"potentialAction":[{"@type":"SearchAction","target":{"@type":"EntryPoint","urlTemplate":"https:\/\/amare-atelier.pl\/de\/?s={search_term_string}"},"query-input":{"@type":"PropertyValueSpecification","valueRequired":true,"valueName":"search_term_string"}}],"inLanguage":"de"},{"@type":"Organization","@id":"https:\/\/amare-atelier.pl\/de\/#organization","name":"Amare Atelier \u2013 Modna Odzie\u017c Damska | Styl, Klasa, Kobieco\u015b\u0107","url":"https:\/\/amare-atelier.pl\/de\/","logo":{"@type":"ImageObject","inLanguage":"de","@id":"https:\/\/amare-atelier.pl\/de\/#\/schema\/logo\/image\/","url":"https:\/\/amare-atelier.pl\/wp-content\/uploads\/2025\/06\/amare-logo.svg","contentUrl":"https:\/\/amare-atelier.pl\/wp-content\/uploads\/2025\/06\/amare-logo.svg","width":578,"height":238,"caption":"Amare Atelier \u2013 Modna Odzie\u017c Damska | Styl, Klasa, Kobieco\u015b\u0107"},"image":{"@id":"https:\/\/amare-atelier.pl\/de\/#\/schema\/logo\/image\/"},"sameAs":["https:\/\/www.facebook.com\/profile.php?id=61577234792545","https:\/\/www.instagram.com\/amare___atelier\/"]}]}},"_links":{"self":[{"href":"https:\/\/amare-atelier.pl\/de\/wp-json\/wp\/v2\/product\/62497","targetHints":{"allow":["GET"]}}],"collection":[{"href":"https:\/\/amare-atelier.pl\/de\/wp-json\/wp\/v2\/product"}],"about":[{"href":"https:\/\/amare-atelier.pl\/de\/wp-json\/wp\/v2\/types\/product"}],"wp:featuredmedia":[{"embeddable":true,"href":"https:\/\/amare-atelier.pl\/de\/wp-json\/wp\/v2\/media\/62501"}],"wp:attachment":[{"href":"https:\/\/amare-atelier.pl\/de\/wp-json\/wp\/v2\/media?parent=62497"}],"wp:term":[{"taxonomy":"product_brand","embeddable":true,"href":"https:\/\/amare-atelier.pl\/de\/wp-json\/wp\/v2\/product_brand?post=62497"},{"taxonomy":"product_cat","embeddable":true,"href":"https:\/\/amare-atelier.pl\/de\/wp-json\/wp\/v2\/product_cat?post=62497"},{"taxonomy":"product_tag","embeddable":true,"href":"https:\/\/amare-atelier.pl\/de\/wp-json\/wp\/v2\/product_tag?post=62497"}],"curies":[{"name":"wp","href":"https:\/\/api.w.org\/{rel}","templated":true}]}}