{"id":62462,"date":"2025-10-31T21:35:07","date_gmt":"2025-10-31T20:35:07","guid":{"rendered":"https:\/\/amareprod.wpenginepowered.com\/produkt\/autumn-romb-schokoladenklassiker-im-rautenmuster\/"},"modified":"2025-11-04T02:27:40","modified_gmt":"2025-11-04T01:27:40","slug":"autumn-romb-schokoladenklassiker-im-rautenmuster","status":"publish","type":"product","link":"https:\/\/amare-atelier.pl\/de\/produkt\/autumn-romb-schokoladenklassiker-im-rautenmuster\/","title":{"rendered":"Herbst-Raute &#8211; Schokolade Classic in Raute"},"content":{"rendered":"<p>Warm, weich und herbstlich kuschelig schick \ud83c\udf42.<\/p>\n<p>Der Pullover &#8216;Autumn Rhomboid&#8217; ist eine Kombination aus klassisch und bequem &#8211; die beigen und schokoladenfarbenen Rauten sind ein echter Blickfang und die Oversize-Passform macht ihn zu Leggings und Jeans gleicherma\u00dfen passend. Perfekt f\u00fcr k\u00fchlere Tage, Spazierg\u00e4nge in der Stadt und faule Morgenstunden mit Kaffee. <\/p>\n","protected":false},"excerpt":{"rendered":"<p>Warm, weich und herbstlich kuschelig schick \ud83c\udf42. Der Pullover &#8216;Autumn Rhomboid&#8217; ist eine Kombination aus klassisch und bequem &#8211; die beigen und schokoladenfarbenen Rauten sind ein echter Blickfang und die Oversize-Passform macht ihn zu Leggings und Jeans gleicherma\u00dfen passend. Perfekt f\u00fcr k\u00fchlere Tage, Spazierg\u00e4nge in der Stadt und faule Morgenstunden mit Kaffee.<\/p>\n","protected":false},"featured_media":61260,"template":"","meta":{"inline_featured_image":false},"product_brand":[],"product_cat":[251,260],"product_tag":[],"class_list":{"0":"post-62462","1":"product","2":"type-product","3":"status-publish","4":"has-post-thumbnail","6":"product_cat-neuheiten","7":"product_cat-pullover","10":"first","11":"instock","12":"shipping-taxable","13":"purchasable","14":"product-type-variable"},"yoast_head":"<!-- This site is optimized with the Yoast SEO plugin v26.3 - https:\/\/yoast.com\/wordpress\/plugins\/seo\/ -->\n<title>Herbst-Raute - Schokolade Classic in Raute - Amare Atelier \u2013 Modna Odzie\u017c Damska | Styl, Klasa, Kobieco\u015b\u0107<\/title>\n<meta name=\"robots\" content=\"index, follow, max-snippet:-1, max-image-preview:large, max-video-preview:-1\" \/>\n<link rel=\"canonical\" href=\"https:\/\/amare-atelier.pl\/de\/produkt\/autumn-romb-schokoladenklassiker-im-rautenmuster\/\" \/>\n<meta property=\"og:locale\" content=\"de_DE\" \/>\n<meta property=\"og:type\" content=\"article\" \/>\n<meta property=\"og:title\" content=\"Herbst-Raute - Schokolade Classic in Raute - Amare Atelier \u2013 Modna Odzie\u017c Damska | Styl, Klasa, Kobieco\u015b\u0107\" \/>\n<meta property=\"og:description\" content=\"Warm, weich und herbstlich kuschelig schick \ud83c\udf42. Der Pullover &#8216;Autumn Rhomboid&#8217; ist eine Kombination aus klassisch und bequem &#8211; die beigen und schokoladenfarbenen Rauten sind ein echter Blickfang und die Oversize-Passform macht ihn zu Leggings und Jeans gleicherma\u00dfen passend. Perfekt f\u00fcr k\u00fchlere Tage, Spazierg\u00e4nge in der Stadt und faule Morgenstunden mit Kaffee.\" \/>\n<meta property=\"og:url\" content=\"https:\/\/amare-atelier.pl\/de\/produkt\/autumn-romb-schokoladenklassiker-im-rautenmuster\/\" \/>\n<meta property=\"og:site_name\" content=\"Amare Atelier \u2013 Modna Odzie\u017c Damska | Styl, Klasa, Kobieco\u015b\u0107\" \/>\n<meta property=\"article:publisher\" content=\"https:\/\/www.facebook.com\/profile.php?id=61577234792545\" \/>\n<meta property=\"article:modified_time\" content=\"2025-11-04T01:27:40+00:00\" \/>\n<meta property=\"og:image\" content=\"https:\/\/amare-atelier.pl\/wp-content\/uploads\/2025\/10\/C4DC3AB4-792E-4713-8461-D56DAEF83AAF-scaled.jpeg\" \/>\n\t<meta property=\"og:image:width\" content=\"1920\" \/>\n\t<meta property=\"og:image:height\" content=\"2560\" \/>\n\t<meta property=\"og:image:type\" content=\"image\/jpeg\" \/>\n<meta name=\"twitter:card\" content=\"summary_large_image\" \/>\n<script type=\"application\/ld+json\" class=\"yoast-schema-graph\">{\"@context\":\"https:\/\/schema.org\",\"@graph\":[{\"@type\":\"WebPage\",\"@id\":\"https:\/\/amare-atelier.pl\/de\/produkt\/autumn-romb-schokoladenklassiker-im-rautenmuster\/\",\"url\":\"https:\/\/amare-atelier.pl\/de\/produkt\/autumn-romb-schokoladenklassiker-im-rautenmuster\/\",\"name\":\"Herbst-Raute - Schokolade Classic in Raute - Amare Atelier \u2013 Modna Odzie\u017c Damska | Styl, Klasa, Kobieco\u015b\u0107\",\"isPartOf\":{\"@id\":\"https:\/\/amare-atelier.pl\/de\/#website\"},\"primaryImageOfPage\":{\"@id\":\"https:\/\/amare-atelier.pl\/de\/produkt\/autumn-romb-schokoladenklassiker-im-rautenmuster\/#primaryimage\"},\"image\":{\"@id\":\"https:\/\/amare-atelier.pl\/de\/produkt\/autumn-romb-schokoladenklassiker-im-rautenmuster\/#primaryimage\"},\"thumbnailUrl\":\"https:\/\/amare-atelier.pl\/wp-content\/uploads\/2025\/10\/C4DC3AB4-792E-4713-8461-D56DAEF83AAF-scaled.jpeg\",\"datePublished\":\"2025-10-31T20:35:07+00:00\",\"dateModified\":\"2025-11-04T01:27:40+00:00\",\"breadcrumb\":{\"@id\":\"https:\/\/amare-atelier.pl\/de\/produkt\/autumn-romb-schokoladenklassiker-im-rautenmuster\/#breadcrumb\"},\"inLanguage\":\"de\",\"potentialAction\":[{\"@type\":\"ReadAction\",\"target\":[\"https:\/\/amare-atelier.pl\/de\/produkt\/autumn-romb-schokoladenklassiker-im-rautenmuster\/\"]}]},{\"@type\":\"ImageObject\",\"inLanguage\":\"de\",\"@id\":\"https:\/\/amare-atelier.pl\/de\/produkt\/autumn-romb-schokoladenklassiker-im-rautenmuster\/#primaryimage\",\"url\":\"https:\/\/amare-atelier.pl\/wp-content\/uploads\/2025\/10\/C4DC3AB4-792E-4713-8461-D56DAEF83AAF-scaled.jpeg\",\"contentUrl\":\"https:\/\/amare-atelier.pl\/wp-content\/uploads\/2025\/10\/C4DC3AB4-792E-4713-8461-D56DAEF83AAF-scaled.jpeg\",\"width\":1920,\"height\":2560},{\"@type\":\"BreadcrumbList\",\"@id\":\"https:\/\/amare-atelier.pl\/de\/produkt\/autumn-romb-schokoladenklassiker-im-rautenmuster\/#breadcrumb\",\"itemListElement\":[{\"@type\":\"ListItem\",\"position\":1,\"name\":\"Startseite\",\"item\":\"https:\/\/amare-atelier.pl\/de\/startseite\/\"},{\"@type\":\"ListItem\",\"position\":2,\"name\":\"Shop\",\"item\":\"https:\/\/amare-atelier.pl\/de\/shop\/\"},{\"@type\":\"ListItem\",\"position\":3,\"name\":\"Herbst-Raute &#8211; Schokolade Classic in Raute\"}]},{\"@type\":\"WebSite\",\"@id\":\"https:\/\/amare-atelier.pl\/de\/#website\",\"url\":\"https:\/\/amare-atelier.pl\/de\/\",\"name\":\"Amare Atelier \u2013 Modna Odzie\u017c Damska | Styl, Klasa, Kobieco\u015b\u0107\",\"description\":\"\",\"publisher\":{\"@id\":\"https:\/\/amare-atelier.pl\/de\/#organization\"},\"potentialAction\":[{\"@type\":\"SearchAction\",\"target\":{\"@type\":\"EntryPoint\",\"urlTemplate\":\"https:\/\/amare-atelier.pl\/de\/?s={search_term_string}\"},\"query-input\":{\"@type\":\"PropertyValueSpecification\",\"valueRequired\":true,\"valueName\":\"search_term_string\"}}],\"inLanguage\":\"de\"},{\"@type\":\"Organization\",\"@id\":\"https:\/\/amare-atelier.pl\/de\/#organization\",\"name\":\"Amare Atelier \u2013 Modna Odzie\u017c Damska | Styl, Klasa, Kobieco\u015b\u0107\",\"url\":\"https:\/\/amare-atelier.pl\/de\/\",\"logo\":{\"@type\":\"ImageObject\",\"inLanguage\":\"de\",\"@id\":\"https:\/\/amare-atelier.pl\/de\/#\/schema\/logo\/image\/\",\"url\":\"https:\/\/amare-atelier.pl\/wp-content\/uploads\/2025\/06\/amare-logo.svg\",\"contentUrl\":\"https:\/\/amare-atelier.pl\/wp-content\/uploads\/2025\/06\/amare-logo.svg\",\"width\":578,\"height\":238,\"caption\":\"Amare Atelier \u2013 Modna Odzie\u017c Damska | Styl, Klasa, Kobieco\u015b\u0107\"},\"image\":{\"@id\":\"https:\/\/amare-atelier.pl\/de\/#\/schema\/logo\/image\/\"},\"sameAs\":[\"https:\/\/www.facebook.com\/profile.php?id=61577234792545\",\"https:\/\/www.instagram.com\/amare___atelier\/\"]}]}<\/script>\n<!-- \/ Yoast SEO plugin. -->","yoast_head_json":{"title":"Herbst-Raute - Schokolade Classic in Raute - Amare Atelier \u2013 Modna Odzie\u017c Damska | Styl, Klasa, Kobieco\u015b\u0107","robots":{"index":"index","follow":"follow","max-snippet":"max-snippet:-1","max-image-preview":"max-image-preview:large","max-video-preview":"max-video-preview:-1"},"canonical":"https:\/\/amare-atelier.pl\/de\/produkt\/autumn-romb-schokoladenklassiker-im-rautenmuster\/","og_locale":"de_DE","og_type":"article","og_title":"Herbst-Raute - Schokolade Classic in Raute - Amare Atelier \u2013 Modna Odzie\u017c Damska | Styl, Klasa, Kobieco\u015b\u0107","og_description":"Warm, weich und herbstlich kuschelig schick \ud83c\udf42. Der Pullover &#8216;Autumn Rhomboid&#8217; ist eine Kombination aus klassisch und bequem &#8211; die beigen und schokoladenfarbenen Rauten sind ein echter Blickfang und die Oversize-Passform macht ihn zu Leggings und Jeans gleicherma\u00dfen passend. Perfekt f\u00fcr k\u00fchlere Tage, Spazierg\u00e4nge in der Stadt und faule Morgenstunden mit Kaffee.","og_url":"https:\/\/amare-atelier.pl\/de\/produkt\/autumn-romb-schokoladenklassiker-im-rautenmuster\/","og_site_name":"Amare Atelier \u2013 Modna Odzie\u017c Damska | Styl, Klasa, Kobieco\u015b\u0107","article_publisher":"https:\/\/www.facebook.com\/profile.php?id=61577234792545","article_modified_time":"2025-11-04T01:27:40+00:00","og_image":[{"width":1920,"height":2560,"url":"https:\/\/amare-atelier.pl\/wp-content\/uploads\/2025\/10\/C4DC3AB4-792E-4713-8461-D56DAEF83AAF-scaled.jpeg","type":"image\/jpeg"}],"twitter_card":"summary_large_image","schema":{"@context":"https:\/\/schema.org","@graph":[{"@type":"WebPage","@id":"https:\/\/amare-atelier.pl\/de\/produkt\/autumn-romb-schokoladenklassiker-im-rautenmuster\/","url":"https:\/\/amare-atelier.pl\/de\/produkt\/autumn-romb-schokoladenklassiker-im-rautenmuster\/","name":"Herbst-Raute - Schokolade Classic in Raute - Amare Atelier \u2013 Modna Odzie\u017c Damska | Styl, Klasa, Kobieco\u015b\u0107","isPartOf":{"@id":"https:\/\/amare-atelier.pl\/de\/#website"},"primaryImageOfPage":{"@id":"https:\/\/amare-atelier.pl\/de\/produkt\/autumn-romb-schokoladenklassiker-im-rautenmuster\/#primaryimage"},"image":{"@id":"https:\/\/amare-atelier.pl\/de\/produkt\/autumn-romb-schokoladenklassiker-im-rautenmuster\/#primaryimage"},"thumbnailUrl":"https:\/\/amare-atelier.pl\/wp-content\/uploads\/2025\/10\/C4DC3AB4-792E-4713-8461-D56DAEF83AAF-scaled.jpeg","datePublished":"2025-10-31T20:35:07+00:00","dateModified":"2025-11-04T01:27:40+00:00","breadcrumb":{"@id":"https:\/\/amare-atelier.pl\/de\/produkt\/autumn-romb-schokoladenklassiker-im-rautenmuster\/#breadcrumb"},"inLanguage":"de","potentialAction":[{"@type":"ReadAction","target":["https:\/\/amare-atelier.pl\/de\/produkt\/autumn-romb-schokoladenklassiker-im-rautenmuster\/"]}]},{"@type":"ImageObject","inLanguage":"de","@id":"https:\/\/amare-atelier.pl\/de\/produkt\/autumn-romb-schokoladenklassiker-im-rautenmuster\/#primaryimage","url":"https:\/\/amare-atelier.pl\/wp-content\/uploads\/2025\/10\/C4DC3AB4-792E-4713-8461-D56DAEF83AAF-scaled.jpeg","contentUrl":"https:\/\/amare-atelier.pl\/wp-content\/uploads\/2025\/10\/C4DC3AB4-792E-4713-8461-D56DAEF83AAF-scaled.jpeg","width":1920,"height":2560},{"@type":"BreadcrumbList","@id":"https:\/\/amare-atelier.pl\/de\/produkt\/autumn-romb-schokoladenklassiker-im-rautenmuster\/#breadcrumb","itemListElement":[{"@type":"ListItem","position":1,"name":"Startseite","item":"https:\/\/amare-atelier.pl\/de\/startseite\/"},{"@type":"ListItem","position":2,"name":"Shop","item":"https:\/\/amare-atelier.pl\/de\/shop\/"},{"@type":"ListItem","position":3,"name":"Herbst-Raute &#8211; Schokolade Classic in Raute"}]},{"@type":"WebSite","@id":"https:\/\/amare-atelier.pl\/de\/#website","url":"https:\/\/amare-atelier.pl\/de\/","name":"Amare Atelier \u2013 Modna Odzie\u017c Damska | Styl, Klasa, Kobieco\u015b\u0107","description":"","publisher":{"@id":"https:\/\/amare-atelier.pl\/de\/#organization"},"potentialAction":[{"@type":"SearchAction","target":{"@type":"EntryPoint","urlTemplate":"https:\/\/amare-atelier.pl\/de\/?s={search_term_string}"},"query-input":{"@type":"PropertyValueSpecification","valueRequired":true,"valueName":"search_term_string"}}],"inLanguage":"de"},{"@type":"Organization","@id":"https:\/\/amare-atelier.pl\/de\/#organization","name":"Amare Atelier \u2013 Modna Odzie\u017c Damska | Styl, Klasa, Kobieco\u015b\u0107","url":"https:\/\/amare-atelier.pl\/de\/","logo":{"@type":"ImageObject","inLanguage":"de","@id":"https:\/\/amare-atelier.pl\/de\/#\/schema\/logo\/image\/","url":"https:\/\/amare-atelier.pl\/wp-content\/uploads\/2025\/06\/amare-logo.svg","contentUrl":"https:\/\/amare-atelier.pl\/wp-content\/uploads\/2025\/06\/amare-logo.svg","width":578,"height":238,"caption":"Amare Atelier \u2013 Modna Odzie\u017c Damska | Styl, Klasa, Kobieco\u015b\u0107"},"image":{"@id":"https:\/\/amare-atelier.pl\/de\/#\/schema\/logo\/image\/"},"sameAs":["https:\/\/www.facebook.com\/profile.php?id=61577234792545","https:\/\/www.instagram.com\/amare___atelier\/"]}]}},"_links":{"self":[{"href":"https:\/\/amare-atelier.pl\/de\/wp-json\/wp\/v2\/product\/62462","targetHints":{"allow":["GET"]}}],"collection":[{"href":"https:\/\/amare-atelier.pl\/de\/wp-json\/wp\/v2\/product"}],"about":[{"href":"https:\/\/amare-atelier.pl\/de\/wp-json\/wp\/v2\/types\/product"}],"wp:featuredmedia":[{"embeddable":true,"href":"https:\/\/amare-atelier.pl\/de\/wp-json\/wp\/v2\/media\/61260"}],"wp:attachment":[{"href":"https:\/\/amare-atelier.pl\/de\/wp-json\/wp\/v2\/media?parent=62462"}],"wp:term":[{"taxonomy":"product_brand","embeddable":true,"href":"https:\/\/amare-atelier.pl\/de\/wp-json\/wp\/v2\/product_brand?post=62462"},{"taxonomy":"product_cat","embeddable":true,"href":"https:\/\/amare-atelier.pl\/de\/wp-json\/wp\/v2\/product_cat?post=62462"},{"taxonomy":"product_tag","embeddable":true,"href":"https:\/\/amare-atelier.pl\/de\/wp-json\/wp\/v2\/product_tag?post=62462"}],"curies":[{"name":"wp","href":"https:\/\/api.w.org\/{rel}","templated":true}]}}