{"id":62443,"date":"2025-09-17T08:51:04","date_gmt":"2025-09-17T06:51:04","guid":{"rendered":"https:\/\/amareprod.wpenginepowered.com\/produkt\/pullover-heart-sleeves-weiss-mit-roten-herzen\/"},"modified":"2025-11-04T02:26:27","modified_gmt":"2025-11-04T01:26:27","slug":"pullover-heart-sleeves-weiss-mit-roten-herzen","status":"publish","type":"product","link":"https:\/\/amare-atelier.pl\/de\/produkt\/pullover-heart-sleeves-weiss-mit-roten-herzen\/","title":{"rendered":"Pullover &#8216;Heart Sleeves&#8217; &#8211; wei\u00df mit roten Herzen"},"content":{"rendered":"<p>H\u00fcllen Sie sich in Weichheit und einen subtilen Hauch von Romantik. Der wei\u00dfe &#8216;Heart Sleeves&#8217; Pullover ist die perfekte Wahl f\u00fcr k\u00e4ltere Tage &#8211; der klassische Schnitt mit weiten \u00c4rmeln wird durch niedliche rote Herzen an den B\u00fcndchen aufgewertet. Er passt sowohl zu Jeans als auch zu einem eleganten Rock und verleiht Ihrem Look einen m\u00e4dchenhaften Charme und einzigartigen Charakter.  <\/p>\n<ul>\n<li>Farbe: Wei\u00df mit roten Details<\/li>\n<li>Weiches, taktiles Material<\/li>\n<li>Lose Passform f\u00fcr Komfort<\/li>\n<li>Langes \u00c4rmelende mit Herz-Akzent<\/li>\n<li>Ideal f\u00fcr den Alltag und besondere Anl\u00e4sse<\/li>\n<\/ul>\n","protected":false},"excerpt":{"rendered":"<p>H\u00fcllen Sie sich in Weichheit und einen subtilen Hauch von Romantik. Der wei\u00dfe &#8216;Heart Sleeves&#8217; Pullover ist die perfekte Wahl f\u00fcr k\u00e4ltere Tage &#8211; der klassische Schnitt mit weiten \u00c4rmeln wird durch niedliche rote Herzen an den B\u00fcndchen aufgewertet. Er passt sowohl zu Jeans als auch zu einem eleganten Rock und verleiht Ihrem Look einen [&hellip;]<\/p>\n","protected":false},"featured_media":62446,"template":"","meta":{"inline_featured_image":false},"product_brand":[],"product_cat":[251,260],"product_tag":[],"class_list":{"0":"post-62443","1":"product","2":"type-product","3":"status-publish","4":"has-post-thumbnail","6":"product_cat-neuheiten","7":"product_cat-pullover","10":"first","11":"outofstock","12":"shipping-taxable","13":"purchasable","14":"product-type-simple"},"yoast_head":"<!-- This site is optimized with the Yoast SEO plugin v26.3 - https:\/\/yoast.com\/wordpress\/plugins\/seo\/ -->\n<title>Pullover &#039;Heart Sleeves&#039; - wei\u00df mit roten Herzen - Amare Atelier \u2013 Modna Odzie\u017c Damska | Styl, Klasa, Kobieco\u015b\u0107<\/title>\n<meta name=\"robots\" content=\"index, follow, max-snippet:-1, max-image-preview:large, max-video-preview:-1\" \/>\n<link rel=\"canonical\" href=\"https:\/\/amare-atelier.pl\/de\/produkt\/pullover-heart-sleeves-weiss-mit-roten-herzen\/\" \/>\n<meta property=\"og:locale\" content=\"de_DE\" \/>\n<meta property=\"og:type\" content=\"article\" \/>\n<meta property=\"og:title\" content=\"Pullover &#039;Heart Sleeves&#039; - wei\u00df mit roten Herzen - Amare Atelier \u2013 Modna Odzie\u017c Damska | Styl, Klasa, Kobieco\u015b\u0107\" \/>\n<meta property=\"og:description\" content=\"H\u00fcllen Sie sich in Weichheit und einen subtilen Hauch von Romantik. Der wei\u00dfe &#8216;Heart Sleeves&#8217; Pullover ist die perfekte Wahl f\u00fcr k\u00e4ltere Tage &#8211; der klassische Schnitt mit weiten \u00c4rmeln wird durch niedliche rote Herzen an den B\u00fcndchen aufgewertet. Er passt sowohl zu Jeans als auch zu einem eleganten Rock und verleiht Ihrem Look einen [&hellip;]\" \/>\n<meta property=\"og:url\" content=\"https:\/\/amare-atelier.pl\/de\/produkt\/pullover-heart-sleeves-weiss-mit-roten-herzen\/\" \/>\n<meta property=\"og:site_name\" content=\"Amare Atelier \u2013 Modna Odzie\u017c Damska | Styl, Klasa, Kobieco\u015b\u0107\" \/>\n<meta property=\"article:publisher\" content=\"https:\/\/www.facebook.com\/profile.php?id=61577234792545\" \/>\n<meta property=\"article:modified_time\" content=\"2025-11-04T01:26:27+00:00\" \/>\n<meta property=\"og:image\" content=\"https:\/\/amare-atelier.pl\/wp-content\/uploads\/2025\/09\/IMG_0737.jpeg\" \/>\n\t<meta property=\"og:image:width\" content=\"1206\" \/>\n\t<meta property=\"og:image:height\" content=\"1477\" \/>\n\t<meta property=\"og:image:type\" content=\"image\/jpeg\" \/>\n<meta name=\"twitter:card\" content=\"summary_large_image\" \/>\n<script type=\"application\/ld+json\" class=\"yoast-schema-graph\">{\"@context\":\"https:\/\/schema.org\",\"@graph\":[{\"@type\":\"WebPage\",\"@id\":\"https:\/\/amare-atelier.pl\/de\/produkt\/pullover-heart-sleeves-weiss-mit-roten-herzen\/\",\"url\":\"https:\/\/amare-atelier.pl\/de\/produkt\/pullover-heart-sleeves-weiss-mit-roten-herzen\/\",\"name\":\"Pullover 'Heart Sleeves' - wei\u00df mit roten Herzen - Amare Atelier \u2013 Modna Odzie\u017c Damska | Styl, Klasa, Kobieco\u015b\u0107\",\"isPartOf\":{\"@id\":\"https:\/\/amare-atelier.pl\/de\/#website\"},\"primaryImageOfPage\":{\"@id\":\"https:\/\/amare-atelier.pl\/de\/produkt\/pullover-heart-sleeves-weiss-mit-roten-herzen\/#primaryimage\"},\"image\":{\"@id\":\"https:\/\/amare-atelier.pl\/de\/produkt\/pullover-heart-sleeves-weiss-mit-roten-herzen\/#primaryimage\"},\"thumbnailUrl\":\"https:\/\/amare-atelier.pl\/wp-content\/uploads\/2025\/09\/IMG_0737.jpeg\",\"datePublished\":\"2025-09-17T06:51:04+00:00\",\"dateModified\":\"2025-11-04T01:26:27+00:00\",\"breadcrumb\":{\"@id\":\"https:\/\/amare-atelier.pl\/de\/produkt\/pullover-heart-sleeves-weiss-mit-roten-herzen\/#breadcrumb\"},\"inLanguage\":\"de\",\"potentialAction\":[{\"@type\":\"ReadAction\",\"target\":[\"https:\/\/amare-atelier.pl\/de\/produkt\/pullover-heart-sleeves-weiss-mit-roten-herzen\/\"]}]},{\"@type\":\"ImageObject\",\"inLanguage\":\"de\",\"@id\":\"https:\/\/amare-atelier.pl\/de\/produkt\/pullover-heart-sleeves-weiss-mit-roten-herzen\/#primaryimage\",\"url\":\"https:\/\/amare-atelier.pl\/wp-content\/uploads\/2025\/09\/IMG_0737.jpeg\",\"contentUrl\":\"https:\/\/amare-atelier.pl\/wp-content\/uploads\/2025\/09\/IMG_0737.jpeg\",\"width\":1206,\"height\":1477,\"caption\":\"Bildschirmfoto\"},{\"@type\":\"BreadcrumbList\",\"@id\":\"https:\/\/amare-atelier.pl\/de\/produkt\/pullover-heart-sleeves-weiss-mit-roten-herzen\/#breadcrumb\",\"itemListElement\":[{\"@type\":\"ListItem\",\"position\":1,\"name\":\"Startseite\",\"item\":\"https:\/\/amare-atelier.pl\/de\/startseite\/\"},{\"@type\":\"ListItem\",\"position\":2,\"name\":\"Shop\",\"item\":\"https:\/\/amare-atelier.pl\/de\/shop\/\"},{\"@type\":\"ListItem\",\"position\":3,\"name\":\"Pullover &#8216;Heart Sleeves&#8217; &#8211; wei\u00df mit roten Herzen\"}]},{\"@type\":\"WebSite\",\"@id\":\"https:\/\/amare-atelier.pl\/de\/#website\",\"url\":\"https:\/\/amare-atelier.pl\/de\/\",\"name\":\"Amare Atelier \u2013 Modna Odzie\u017c Damska | Styl, Klasa, Kobieco\u015b\u0107\",\"description\":\"\",\"publisher\":{\"@id\":\"https:\/\/amare-atelier.pl\/de\/#organization\"},\"potentialAction\":[{\"@type\":\"SearchAction\",\"target\":{\"@type\":\"EntryPoint\",\"urlTemplate\":\"https:\/\/amare-atelier.pl\/de\/?s={search_term_string}\"},\"query-input\":{\"@type\":\"PropertyValueSpecification\",\"valueRequired\":true,\"valueName\":\"search_term_string\"}}],\"inLanguage\":\"de\"},{\"@type\":\"Organization\",\"@id\":\"https:\/\/amare-atelier.pl\/de\/#organization\",\"name\":\"Amare Atelier \u2013 Modna Odzie\u017c Damska | Styl, Klasa, Kobieco\u015b\u0107\",\"url\":\"https:\/\/amare-atelier.pl\/de\/\",\"logo\":{\"@type\":\"ImageObject\",\"inLanguage\":\"de\",\"@id\":\"https:\/\/amare-atelier.pl\/de\/#\/schema\/logo\/image\/\",\"url\":\"https:\/\/amare-atelier.pl\/wp-content\/uploads\/2025\/06\/amare-logo.svg\",\"contentUrl\":\"https:\/\/amare-atelier.pl\/wp-content\/uploads\/2025\/06\/amare-logo.svg\",\"width\":578,\"height\":238,\"caption\":\"Amare Atelier \u2013 Modna Odzie\u017c Damska | Styl, Klasa, Kobieco\u015b\u0107\"},\"image\":{\"@id\":\"https:\/\/amare-atelier.pl\/de\/#\/schema\/logo\/image\/\"},\"sameAs\":[\"https:\/\/www.facebook.com\/profile.php?id=61577234792545\",\"https:\/\/www.instagram.com\/amare___atelier\/\"]}]}<\/script>\n<!-- \/ Yoast SEO plugin. -->","yoast_head_json":{"title":"Pullover 'Heart Sleeves' - wei\u00df mit roten Herzen - Amare Atelier \u2013 Modna Odzie\u017c Damska | Styl, Klasa, Kobieco\u015b\u0107","robots":{"index":"index","follow":"follow","max-snippet":"max-snippet:-1","max-image-preview":"max-image-preview:large","max-video-preview":"max-video-preview:-1"},"canonical":"https:\/\/amare-atelier.pl\/de\/produkt\/pullover-heart-sleeves-weiss-mit-roten-herzen\/","og_locale":"de_DE","og_type":"article","og_title":"Pullover 'Heart Sleeves' - wei\u00df mit roten Herzen - Amare Atelier \u2013 Modna Odzie\u017c Damska | Styl, Klasa, Kobieco\u015b\u0107","og_description":"H\u00fcllen Sie sich in Weichheit und einen subtilen Hauch von Romantik. Der wei\u00dfe &#8216;Heart Sleeves&#8217; Pullover ist die perfekte Wahl f\u00fcr k\u00e4ltere Tage &#8211; der klassische Schnitt mit weiten \u00c4rmeln wird durch niedliche rote Herzen an den B\u00fcndchen aufgewertet. Er passt sowohl zu Jeans als auch zu einem eleganten Rock und verleiht Ihrem Look einen [&hellip;]","og_url":"https:\/\/amare-atelier.pl\/de\/produkt\/pullover-heart-sleeves-weiss-mit-roten-herzen\/","og_site_name":"Amare Atelier \u2013 Modna Odzie\u017c Damska | Styl, Klasa, Kobieco\u015b\u0107","article_publisher":"https:\/\/www.facebook.com\/profile.php?id=61577234792545","article_modified_time":"2025-11-04T01:26:27+00:00","og_image":[{"width":1206,"height":1477,"url":"https:\/\/amare-atelier.pl\/wp-content\/uploads\/2025\/09\/IMG_0737.jpeg","type":"image\/jpeg"}],"twitter_card":"summary_large_image","schema":{"@context":"https:\/\/schema.org","@graph":[{"@type":"WebPage","@id":"https:\/\/amare-atelier.pl\/de\/produkt\/pullover-heart-sleeves-weiss-mit-roten-herzen\/","url":"https:\/\/amare-atelier.pl\/de\/produkt\/pullover-heart-sleeves-weiss-mit-roten-herzen\/","name":"Pullover 'Heart Sleeves' - wei\u00df mit roten Herzen - Amare Atelier \u2013 Modna Odzie\u017c Damska | Styl, Klasa, Kobieco\u015b\u0107","isPartOf":{"@id":"https:\/\/amare-atelier.pl\/de\/#website"},"primaryImageOfPage":{"@id":"https:\/\/amare-atelier.pl\/de\/produkt\/pullover-heart-sleeves-weiss-mit-roten-herzen\/#primaryimage"},"image":{"@id":"https:\/\/amare-atelier.pl\/de\/produkt\/pullover-heart-sleeves-weiss-mit-roten-herzen\/#primaryimage"},"thumbnailUrl":"https:\/\/amare-atelier.pl\/wp-content\/uploads\/2025\/09\/IMG_0737.jpeg","datePublished":"2025-09-17T06:51:04+00:00","dateModified":"2025-11-04T01:26:27+00:00","breadcrumb":{"@id":"https:\/\/amare-atelier.pl\/de\/produkt\/pullover-heart-sleeves-weiss-mit-roten-herzen\/#breadcrumb"},"inLanguage":"de","potentialAction":[{"@type":"ReadAction","target":["https:\/\/amare-atelier.pl\/de\/produkt\/pullover-heart-sleeves-weiss-mit-roten-herzen\/"]}]},{"@type":"ImageObject","inLanguage":"de","@id":"https:\/\/amare-atelier.pl\/de\/produkt\/pullover-heart-sleeves-weiss-mit-roten-herzen\/#primaryimage","url":"https:\/\/amare-atelier.pl\/wp-content\/uploads\/2025\/09\/IMG_0737.jpeg","contentUrl":"https:\/\/amare-atelier.pl\/wp-content\/uploads\/2025\/09\/IMG_0737.jpeg","width":1206,"height":1477,"caption":"Bildschirmfoto"},{"@type":"BreadcrumbList","@id":"https:\/\/amare-atelier.pl\/de\/produkt\/pullover-heart-sleeves-weiss-mit-roten-herzen\/#breadcrumb","itemListElement":[{"@type":"ListItem","position":1,"name":"Startseite","item":"https:\/\/amare-atelier.pl\/de\/startseite\/"},{"@type":"ListItem","position":2,"name":"Shop","item":"https:\/\/amare-atelier.pl\/de\/shop\/"},{"@type":"ListItem","position":3,"name":"Pullover &#8216;Heart Sleeves&#8217; &#8211; wei\u00df mit roten Herzen"}]},{"@type":"WebSite","@id":"https:\/\/amare-atelier.pl\/de\/#website","url":"https:\/\/amare-atelier.pl\/de\/","name":"Amare Atelier \u2013 Modna Odzie\u017c Damska | Styl, Klasa, Kobieco\u015b\u0107","description":"","publisher":{"@id":"https:\/\/amare-atelier.pl\/de\/#organization"},"potentialAction":[{"@type":"SearchAction","target":{"@type":"EntryPoint","urlTemplate":"https:\/\/amare-atelier.pl\/de\/?s={search_term_string}"},"query-input":{"@type":"PropertyValueSpecification","valueRequired":true,"valueName":"search_term_string"}}],"inLanguage":"de"},{"@type":"Organization","@id":"https:\/\/amare-atelier.pl\/de\/#organization","name":"Amare Atelier \u2013 Modna Odzie\u017c Damska | Styl, Klasa, Kobieco\u015b\u0107","url":"https:\/\/amare-atelier.pl\/de\/","logo":{"@type":"ImageObject","inLanguage":"de","@id":"https:\/\/amare-atelier.pl\/de\/#\/schema\/logo\/image\/","url":"https:\/\/amare-atelier.pl\/wp-content\/uploads\/2025\/06\/amare-logo.svg","contentUrl":"https:\/\/amare-atelier.pl\/wp-content\/uploads\/2025\/06\/amare-logo.svg","width":578,"height":238,"caption":"Amare Atelier \u2013 Modna Odzie\u017c Damska | Styl, Klasa, Kobieco\u015b\u0107"},"image":{"@id":"https:\/\/amare-atelier.pl\/de\/#\/schema\/logo\/image\/"},"sameAs":["https:\/\/www.facebook.com\/profile.php?id=61577234792545","https:\/\/www.instagram.com\/amare___atelier\/"]}]}},"_links":{"self":[{"href":"https:\/\/amare-atelier.pl\/de\/wp-json\/wp\/v2\/product\/62443","targetHints":{"allow":["GET"]}}],"collection":[{"href":"https:\/\/amare-atelier.pl\/de\/wp-json\/wp\/v2\/product"}],"about":[{"href":"https:\/\/amare-atelier.pl\/de\/wp-json\/wp\/v2\/types\/product"}],"wp:featuredmedia":[{"embeddable":true,"href":"https:\/\/amare-atelier.pl\/de\/wp-json\/wp\/v2\/media\/62446"}],"wp:attachment":[{"href":"https:\/\/amare-atelier.pl\/de\/wp-json\/wp\/v2\/media?parent=62443"}],"wp:term":[{"taxonomy":"product_brand","embeddable":true,"href":"https:\/\/amare-atelier.pl\/de\/wp-json\/wp\/v2\/product_brand?post=62443"},{"taxonomy":"product_cat","embeddable":true,"href":"https:\/\/amare-atelier.pl\/de\/wp-json\/wp\/v2\/product_cat?post=62443"},{"taxonomy":"product_tag","embeddable":true,"href":"https:\/\/amare-atelier.pl\/de\/wp-json\/wp\/v2\/product_tag?post=62443"}],"curies":[{"name":"wp","href":"https:\/\/api.w.org\/{rel}","templated":true}]}}