{"id":62416,"date":"2025-10-12T13:11:55","date_gmt":"2025-10-12T11:11:55","guid":{"rendered":"https:\/\/amareprod.wpenginepowered.com\/produkt\/sleek-noir-set-top-und-leggings-mit-bindedetails-schokolade\/"},"modified":"2025-11-04T02:27:24","modified_gmt":"2025-11-04T01:27:24","slug":"sleek-noir-set-top-und-leggings-mit-bindedetails-schokolade","status":"publish","type":"product","link":"https:\/\/amare-atelier.pl\/de\/produkt\/sleek-noir-set-top-und-leggings-mit-bindedetails-schokolade\/","title":{"rendered":"Sleek Noir Set &#8211; Oberteil und Leggings mit B\u00e4ndern &#8211; Schokolade"},"content":{"rendered":"<p>Das minimalistische und doch charaktervolle Set Sleek Noir ist die perfekte Kombination aus Komfort und femininem Stil.<\/p>\n<p>Das taillierte Crop-Top mit langen \u00c4rmeln und dezenten Bindeb\u00e4ndern an den \u00c4rmelb\u00fcndchen betont wundersch\u00f6n die Taille, w\u00e4hrend die elastischen Leggings die Silhouette f\u00fcr maximalen Komfort formen.<\/p>\n<p>Das Ganze ergibt einen modernen, monochromen Look, der sowohl f\u00fcr den Alltag als auch f\u00fcr den Abend geeignet ist.<\/p>\n<p>Farbe: deep chocolate<\/p>\n","protected":false},"excerpt":{"rendered":"<p>Das minimalistische und doch charaktervolle Set Sleek Noir ist die perfekte Kombination aus Komfort und femininem Stil. Das taillierte Crop-Top mit langen \u00c4rmeln und dezenten Bindeb\u00e4ndern an den \u00c4rmelb\u00fcndchen betont wundersch\u00f6n die Taille, w\u00e4hrend die elastischen Leggings die Silhouette f\u00fcr maximalen Komfort formen. Das Ganze ergibt einen modernen, monochromen Look, der sowohl f\u00fcr den Alltag [&hellip;]<\/p>\n","protected":false},"featured_media":59885,"template":"","meta":{"inline_featured_image":false},"product_brand":[],"product_cat":[251,249],"product_tag":[],"class_list":{"0":"post-62416","1":"product","2":"type-product","3":"status-publish","4":"has-post-thumbnail","6":"product_cat-neuheiten","7":"product_cat-sets","10":"first","11":"instock","12":"shipping-taxable","13":"purchasable","14":"product-type-variable"},"yoast_head":"<!-- This site is optimized with the Yoast SEO plugin v26.3 - https:\/\/yoast.com\/wordpress\/plugins\/seo\/ -->\n<title>Sleek Noir Set - Oberteil und Leggings mit B\u00e4ndern - Schokolade - Amare Atelier \u2013 Modna Odzie\u017c Damska | Styl, Klasa, Kobieco\u015b\u0107<\/title>\n<meta name=\"robots\" content=\"index, follow, max-snippet:-1, max-image-preview:large, max-video-preview:-1\" \/>\n<link rel=\"canonical\" href=\"https:\/\/amare-atelier.pl\/de\/produkt\/sleek-noir-set-top-und-leggings-mit-bindedetails-schokolade\/\" \/>\n<meta property=\"og:locale\" content=\"de_DE\" \/>\n<meta property=\"og:type\" content=\"article\" \/>\n<meta property=\"og:title\" content=\"Sleek Noir Set - Oberteil und Leggings mit B\u00e4ndern - Schokolade - Amare Atelier \u2013 Modna Odzie\u017c Damska | Styl, Klasa, Kobieco\u015b\u0107\" \/>\n<meta property=\"og:description\" content=\"Das minimalistische und doch charaktervolle Set Sleek Noir ist die perfekte Kombination aus Komfort und femininem Stil. Das taillierte Crop-Top mit langen \u00c4rmeln und dezenten Bindeb\u00e4ndern an den \u00c4rmelb\u00fcndchen betont wundersch\u00f6n die Taille, w\u00e4hrend die elastischen Leggings die Silhouette f\u00fcr maximalen Komfort formen. Das Ganze ergibt einen modernen, monochromen Look, der sowohl f\u00fcr den Alltag [&hellip;]\" \/>\n<meta property=\"og:url\" content=\"https:\/\/amare-atelier.pl\/de\/produkt\/sleek-noir-set-top-und-leggings-mit-bindedetails-schokolade\/\" \/>\n<meta property=\"og:site_name\" content=\"Amare Atelier \u2013 Modna Odzie\u017c Damska | Styl, Klasa, Kobieco\u015b\u0107\" \/>\n<meta property=\"article:publisher\" content=\"https:\/\/www.facebook.com\/profile.php?id=61577234792545\" \/>\n<meta property=\"article:modified_time\" content=\"2025-11-04T01:27:24+00:00\" \/>\n<meta property=\"og:image\" content=\"https:\/\/amare-atelier.pl\/wp-content\/uploads\/2025\/10\/IMG_1321.jpeg\" \/>\n\t<meta property=\"og:image:width\" content=\"1206\" \/>\n\t<meta property=\"og:image:height\" content=\"1583\" \/>\n\t<meta property=\"og:image:type\" content=\"image\/jpeg\" \/>\n<meta name=\"twitter:card\" content=\"summary_large_image\" \/>\n<script type=\"application\/ld+json\" class=\"yoast-schema-graph\">{\"@context\":\"https:\/\/schema.org\",\"@graph\":[{\"@type\":\"WebPage\",\"@id\":\"https:\/\/amare-atelier.pl\/de\/produkt\/sleek-noir-set-top-und-leggings-mit-bindedetails-schokolade\/\",\"url\":\"https:\/\/amare-atelier.pl\/de\/produkt\/sleek-noir-set-top-und-leggings-mit-bindedetails-schokolade\/\",\"name\":\"Sleek Noir Set - Oberteil und Leggings mit B\u00e4ndern - Schokolade - Amare Atelier \u2013 Modna Odzie\u017c Damska | Styl, Klasa, Kobieco\u015b\u0107\",\"isPartOf\":{\"@id\":\"https:\/\/amare-atelier.pl\/de\/#website\"},\"primaryImageOfPage\":{\"@id\":\"https:\/\/amare-atelier.pl\/de\/produkt\/sleek-noir-set-top-und-leggings-mit-bindedetails-schokolade\/#primaryimage\"},\"image\":{\"@id\":\"https:\/\/amare-atelier.pl\/de\/produkt\/sleek-noir-set-top-und-leggings-mit-bindedetails-schokolade\/#primaryimage\"},\"thumbnailUrl\":\"https:\/\/amare-atelier.pl\/wp-content\/uploads\/2025\/10\/IMG_1321.jpeg\",\"datePublished\":\"2025-10-12T11:11:55+00:00\",\"dateModified\":\"2025-11-04T01:27:24+00:00\",\"breadcrumb\":{\"@id\":\"https:\/\/amare-atelier.pl\/de\/produkt\/sleek-noir-set-top-und-leggings-mit-bindedetails-schokolade\/#breadcrumb\"},\"inLanguage\":\"de\",\"potentialAction\":[{\"@type\":\"ReadAction\",\"target\":[\"https:\/\/amare-atelier.pl\/de\/produkt\/sleek-noir-set-top-und-leggings-mit-bindedetails-schokolade\/\"]}]},{\"@type\":\"ImageObject\",\"inLanguage\":\"de\",\"@id\":\"https:\/\/amare-atelier.pl\/de\/produkt\/sleek-noir-set-top-und-leggings-mit-bindedetails-schokolade\/#primaryimage\",\"url\":\"https:\/\/amare-atelier.pl\/wp-content\/uploads\/2025\/10\/IMG_1321.jpeg\",\"contentUrl\":\"https:\/\/amare-atelier.pl\/wp-content\/uploads\/2025\/10\/IMG_1321.jpeg\",\"width\":1206,\"height\":1583,\"caption\":\"Bildschirmfoto\"},{\"@type\":\"BreadcrumbList\",\"@id\":\"https:\/\/amare-atelier.pl\/de\/produkt\/sleek-noir-set-top-und-leggings-mit-bindedetails-schokolade\/#breadcrumb\",\"itemListElement\":[{\"@type\":\"ListItem\",\"position\":1,\"name\":\"Startseite\",\"item\":\"https:\/\/amare-atelier.pl\/de\/startseite\/\"},{\"@type\":\"ListItem\",\"position\":2,\"name\":\"Shop\",\"item\":\"https:\/\/amare-atelier.pl\/de\/shop\/\"},{\"@type\":\"ListItem\",\"position\":3,\"name\":\"Sleek Noir Set &#8211; Oberteil und Leggings mit B\u00e4ndern &#8211; Schokolade\"}]},{\"@type\":\"WebSite\",\"@id\":\"https:\/\/amare-atelier.pl\/de\/#website\",\"url\":\"https:\/\/amare-atelier.pl\/de\/\",\"name\":\"Amare Atelier \u2013 Modna Odzie\u017c Damska | Styl, Klasa, Kobieco\u015b\u0107\",\"description\":\"\",\"publisher\":{\"@id\":\"https:\/\/amare-atelier.pl\/de\/#organization\"},\"potentialAction\":[{\"@type\":\"SearchAction\",\"target\":{\"@type\":\"EntryPoint\",\"urlTemplate\":\"https:\/\/amare-atelier.pl\/de\/?s={search_term_string}\"},\"query-input\":{\"@type\":\"PropertyValueSpecification\",\"valueRequired\":true,\"valueName\":\"search_term_string\"}}],\"inLanguage\":\"de\"},{\"@type\":\"Organization\",\"@id\":\"https:\/\/amare-atelier.pl\/de\/#organization\",\"name\":\"Amare Atelier \u2013 Modna Odzie\u017c Damska | Styl, Klasa, Kobieco\u015b\u0107\",\"url\":\"https:\/\/amare-atelier.pl\/de\/\",\"logo\":{\"@type\":\"ImageObject\",\"inLanguage\":\"de\",\"@id\":\"https:\/\/amare-atelier.pl\/de\/#\/schema\/logo\/image\/\",\"url\":\"https:\/\/amare-atelier.pl\/wp-content\/uploads\/2025\/06\/amare-logo.svg\",\"contentUrl\":\"https:\/\/amare-atelier.pl\/wp-content\/uploads\/2025\/06\/amare-logo.svg\",\"width\":578,\"height\":238,\"caption\":\"Amare Atelier \u2013 Modna Odzie\u017c Damska | Styl, Klasa, Kobieco\u015b\u0107\"},\"image\":{\"@id\":\"https:\/\/amare-atelier.pl\/de\/#\/schema\/logo\/image\/\"},\"sameAs\":[\"https:\/\/www.facebook.com\/profile.php?id=61577234792545\",\"https:\/\/www.instagram.com\/amare___atelier\/\"]}]}<\/script>\n<!-- \/ Yoast SEO plugin. -->","yoast_head_json":{"title":"Sleek Noir Set - Oberteil und Leggings mit B\u00e4ndern - Schokolade - Amare Atelier \u2013 Modna Odzie\u017c Damska | Styl, Klasa, Kobieco\u015b\u0107","robots":{"index":"index","follow":"follow","max-snippet":"max-snippet:-1","max-image-preview":"max-image-preview:large","max-video-preview":"max-video-preview:-1"},"canonical":"https:\/\/amare-atelier.pl\/de\/produkt\/sleek-noir-set-top-und-leggings-mit-bindedetails-schokolade\/","og_locale":"de_DE","og_type":"article","og_title":"Sleek Noir Set - Oberteil und Leggings mit B\u00e4ndern - Schokolade - Amare Atelier \u2013 Modna Odzie\u017c Damska | Styl, Klasa, Kobieco\u015b\u0107","og_description":"Das minimalistische und doch charaktervolle Set Sleek Noir ist die perfekte Kombination aus Komfort und femininem Stil. Das taillierte Crop-Top mit langen \u00c4rmeln und dezenten Bindeb\u00e4ndern an den \u00c4rmelb\u00fcndchen betont wundersch\u00f6n die Taille, w\u00e4hrend die elastischen Leggings die Silhouette f\u00fcr maximalen Komfort formen. Das Ganze ergibt einen modernen, monochromen Look, der sowohl f\u00fcr den Alltag [&hellip;]","og_url":"https:\/\/amare-atelier.pl\/de\/produkt\/sleek-noir-set-top-und-leggings-mit-bindedetails-schokolade\/","og_site_name":"Amare Atelier \u2013 Modna Odzie\u017c Damska | Styl, Klasa, Kobieco\u015b\u0107","article_publisher":"https:\/\/www.facebook.com\/profile.php?id=61577234792545","article_modified_time":"2025-11-04T01:27:24+00:00","og_image":[{"width":1206,"height":1583,"url":"https:\/\/amare-atelier.pl\/wp-content\/uploads\/2025\/10\/IMG_1321.jpeg","type":"image\/jpeg"}],"twitter_card":"summary_large_image","schema":{"@context":"https:\/\/schema.org","@graph":[{"@type":"WebPage","@id":"https:\/\/amare-atelier.pl\/de\/produkt\/sleek-noir-set-top-und-leggings-mit-bindedetails-schokolade\/","url":"https:\/\/amare-atelier.pl\/de\/produkt\/sleek-noir-set-top-und-leggings-mit-bindedetails-schokolade\/","name":"Sleek Noir Set - Oberteil und Leggings mit B\u00e4ndern - Schokolade - Amare Atelier \u2013 Modna Odzie\u017c Damska | Styl, Klasa, Kobieco\u015b\u0107","isPartOf":{"@id":"https:\/\/amare-atelier.pl\/de\/#website"},"primaryImageOfPage":{"@id":"https:\/\/amare-atelier.pl\/de\/produkt\/sleek-noir-set-top-und-leggings-mit-bindedetails-schokolade\/#primaryimage"},"image":{"@id":"https:\/\/amare-atelier.pl\/de\/produkt\/sleek-noir-set-top-und-leggings-mit-bindedetails-schokolade\/#primaryimage"},"thumbnailUrl":"https:\/\/amare-atelier.pl\/wp-content\/uploads\/2025\/10\/IMG_1321.jpeg","datePublished":"2025-10-12T11:11:55+00:00","dateModified":"2025-11-04T01:27:24+00:00","breadcrumb":{"@id":"https:\/\/amare-atelier.pl\/de\/produkt\/sleek-noir-set-top-und-leggings-mit-bindedetails-schokolade\/#breadcrumb"},"inLanguage":"de","potentialAction":[{"@type":"ReadAction","target":["https:\/\/amare-atelier.pl\/de\/produkt\/sleek-noir-set-top-und-leggings-mit-bindedetails-schokolade\/"]}]},{"@type":"ImageObject","inLanguage":"de","@id":"https:\/\/amare-atelier.pl\/de\/produkt\/sleek-noir-set-top-und-leggings-mit-bindedetails-schokolade\/#primaryimage","url":"https:\/\/amare-atelier.pl\/wp-content\/uploads\/2025\/10\/IMG_1321.jpeg","contentUrl":"https:\/\/amare-atelier.pl\/wp-content\/uploads\/2025\/10\/IMG_1321.jpeg","width":1206,"height":1583,"caption":"Bildschirmfoto"},{"@type":"BreadcrumbList","@id":"https:\/\/amare-atelier.pl\/de\/produkt\/sleek-noir-set-top-und-leggings-mit-bindedetails-schokolade\/#breadcrumb","itemListElement":[{"@type":"ListItem","position":1,"name":"Startseite","item":"https:\/\/amare-atelier.pl\/de\/startseite\/"},{"@type":"ListItem","position":2,"name":"Shop","item":"https:\/\/amare-atelier.pl\/de\/shop\/"},{"@type":"ListItem","position":3,"name":"Sleek Noir Set &#8211; Oberteil und Leggings mit B\u00e4ndern &#8211; Schokolade"}]},{"@type":"WebSite","@id":"https:\/\/amare-atelier.pl\/de\/#website","url":"https:\/\/amare-atelier.pl\/de\/","name":"Amare Atelier \u2013 Modna Odzie\u017c Damska | Styl, Klasa, Kobieco\u015b\u0107","description":"","publisher":{"@id":"https:\/\/amare-atelier.pl\/de\/#organization"},"potentialAction":[{"@type":"SearchAction","target":{"@type":"EntryPoint","urlTemplate":"https:\/\/amare-atelier.pl\/de\/?s={search_term_string}"},"query-input":{"@type":"PropertyValueSpecification","valueRequired":true,"valueName":"search_term_string"}}],"inLanguage":"de"},{"@type":"Organization","@id":"https:\/\/amare-atelier.pl\/de\/#organization","name":"Amare Atelier \u2013 Modna Odzie\u017c Damska | Styl, Klasa, Kobieco\u015b\u0107","url":"https:\/\/amare-atelier.pl\/de\/","logo":{"@type":"ImageObject","inLanguage":"de","@id":"https:\/\/amare-atelier.pl\/de\/#\/schema\/logo\/image\/","url":"https:\/\/amare-atelier.pl\/wp-content\/uploads\/2025\/06\/amare-logo.svg","contentUrl":"https:\/\/amare-atelier.pl\/wp-content\/uploads\/2025\/06\/amare-logo.svg","width":578,"height":238,"caption":"Amare Atelier \u2013 Modna Odzie\u017c Damska | Styl, Klasa, Kobieco\u015b\u0107"},"image":{"@id":"https:\/\/amare-atelier.pl\/de\/#\/schema\/logo\/image\/"},"sameAs":["https:\/\/www.facebook.com\/profile.php?id=61577234792545","https:\/\/www.instagram.com\/amare___atelier\/"]}]}},"_links":{"self":[{"href":"https:\/\/amare-atelier.pl\/de\/wp-json\/wp\/v2\/product\/62416","targetHints":{"allow":["GET"]}}],"collection":[{"href":"https:\/\/amare-atelier.pl\/de\/wp-json\/wp\/v2\/product"}],"about":[{"href":"https:\/\/amare-atelier.pl\/de\/wp-json\/wp\/v2\/types\/product"}],"wp:featuredmedia":[{"embeddable":true,"href":"https:\/\/amare-atelier.pl\/de\/wp-json\/wp\/v2\/media\/59885"}],"wp:attachment":[{"href":"https:\/\/amare-atelier.pl\/de\/wp-json\/wp\/v2\/media?parent=62416"}],"wp:term":[{"taxonomy":"product_brand","embeddable":true,"href":"https:\/\/amare-atelier.pl\/de\/wp-json\/wp\/v2\/product_brand?post=62416"},{"taxonomy":"product_cat","embeddable":true,"href":"https:\/\/amare-atelier.pl\/de\/wp-json\/wp\/v2\/product_cat?post=62416"},{"taxonomy":"product_tag","embeddable":true,"href":"https:\/\/amare-atelier.pl\/de\/wp-json\/wp\/v2\/product_tag?post=62416"}],"curies":[{"name":"wp","href":"https:\/\/api.w.org\/{rel}","templated":true}]}}