{"id":61850,"date":"2025-06-23T14:55:14","date_gmt":"2025-06-23T12:55:14","guid":{"rendered":"https:\/\/amareprod.wpenginepowered.com\/produkt\/set-in-blauen-streifen-hemd-shorts-lamilla-paris\/"},"modified":"2025-11-04T02:24:56","modified_gmt":"2025-11-04T01:24:56","slug":"set-in-blauen-streifen-hemd-shorts-lamilla-paris","status":"publish","type":"product","link":"https:\/\/amare-atelier.pl\/de\/produkt\/set-in-blauen-streifen-hemd-shorts-lamilla-paris\/","title":{"rendered":"Blau gestreiftes Set &#8211; Hemd &amp; Shorts Lamilla Paris"},"content":{"rendered":"<p>Ein Set mit zeitlosem Charme &#8211; die perfekte Balance aus Eleganz und L\u00e4ssigkeit. Blaue Streifen, perfekte Schnitte und subtile Details machen es sowohl f\u00fcr den Tag als auch f\u00fcr den Abend geeignet. Mit einem wei\u00dfen Oberteil oder solo &#8211; es sieht immer gut aus.  <\/p>\n","protected":false},"excerpt":{"rendered":"<p>Ein Set mit zeitlosem Charme &#8211; die perfekte Balance aus Eleganz und L\u00e4ssigkeit. Blaue Streifen, perfekte Schnitte und subtile Details machen es sowohl f\u00fcr den Tag als auch f\u00fcr den Abend geeignet. Mit einem wei\u00dfen Oberteil oder solo &#8211; es sieht immer gut aus.<\/p>\n","protected":false},"featured_media":61863,"template":"","meta":{"inline_featured_image":false},"product_brand":[],"product_cat":[249],"product_tag":[],"class_list":{"0":"post-61850","1":"product","2":"type-product","3":"status-publish","4":"has-post-thumbnail","6":"product_cat-sets","9":"first","10":"outofstock","11":"shipping-taxable","12":"purchasable","13":"product-type-variable"},"yoast_head":"<!-- This site is optimized with the Yoast SEO plugin v26.3 - https:\/\/yoast.com\/wordpress\/plugins\/seo\/ -->\n<title>Blau gestreiftes Set - Hemd &amp; Shorts Lamilla Paris - Amare Atelier \u2013 Modna Odzie\u017c Damska | Styl, Klasa, Kobieco\u015b\u0107<\/title>\n<meta name=\"robots\" content=\"index, follow, max-snippet:-1, max-image-preview:large, max-video-preview:-1\" \/>\n<link rel=\"canonical\" href=\"https:\/\/amare-atelier.pl\/de\/produkt\/set-in-blauen-streifen-hemd-shorts-lamilla-paris\/\" \/>\n<meta property=\"og:locale\" content=\"de_DE\" \/>\n<meta property=\"og:type\" content=\"article\" \/>\n<meta property=\"og:title\" content=\"Blau gestreiftes Set - Hemd &amp; Shorts Lamilla Paris - Amare Atelier \u2013 Modna Odzie\u017c Damska | Styl, Klasa, Kobieco\u015b\u0107\" \/>\n<meta property=\"og:description\" content=\"Ein Set mit zeitlosem Charme &#8211; die perfekte Balance aus Eleganz und L\u00e4ssigkeit. Blaue Streifen, perfekte Schnitte und subtile Details machen es sowohl f\u00fcr den Tag als auch f\u00fcr den Abend geeignet. Mit einem wei\u00dfen Oberteil oder solo &#8211; es sieht immer gut aus.\" \/>\n<meta property=\"og:url\" content=\"https:\/\/amare-atelier.pl\/de\/produkt\/set-in-blauen-streifen-hemd-shorts-lamilla-paris\/\" \/>\n<meta property=\"og:site_name\" content=\"Amare Atelier \u2013 Modna Odzie\u017c Damska | Styl, Klasa, Kobieco\u015b\u0107\" \/>\n<meta property=\"article:publisher\" content=\"https:\/\/www.facebook.com\/profile.php?id=61577234792545\" \/>\n<meta property=\"article:modified_time\" content=\"2025-11-04T01:24:56+00:00\" \/>\n<meta property=\"og:image\" content=\"https:\/\/amare-atelier.pl\/wp-content\/uploads\/2025\/06\/IMG_7667.jpeg\" \/>\n\t<meta property=\"og:image:width\" content=\"1206\" \/>\n\t<meta property=\"og:image:height\" content=\"1456\" \/>\n\t<meta property=\"og:image:type\" content=\"image\/jpeg\" \/>\n<meta name=\"twitter:card\" content=\"summary_large_image\" \/>\n<script type=\"application\/ld+json\" class=\"yoast-schema-graph\">{\"@context\":\"https:\/\/schema.org\",\"@graph\":[{\"@type\":\"WebPage\",\"@id\":\"https:\/\/amare-atelier.pl\/de\/produkt\/set-in-blauen-streifen-hemd-shorts-lamilla-paris\/\",\"url\":\"https:\/\/amare-atelier.pl\/de\/produkt\/set-in-blauen-streifen-hemd-shorts-lamilla-paris\/\",\"name\":\"Blau gestreiftes Set - Hemd &amp; Shorts Lamilla Paris - Amare Atelier \u2013 Modna Odzie\u017c Damska | Styl, Klasa, Kobieco\u015b\u0107\",\"isPartOf\":{\"@id\":\"https:\/\/amare-atelier.pl\/de\/#website\"},\"primaryImageOfPage\":{\"@id\":\"https:\/\/amare-atelier.pl\/de\/produkt\/set-in-blauen-streifen-hemd-shorts-lamilla-paris\/#primaryimage\"},\"image\":{\"@id\":\"https:\/\/amare-atelier.pl\/de\/produkt\/set-in-blauen-streifen-hemd-shorts-lamilla-paris\/#primaryimage\"},\"thumbnailUrl\":\"https:\/\/amare-atelier.pl\/wp-content\/uploads\/2025\/06\/IMG_7667.jpeg\",\"datePublished\":\"2025-06-23T12:55:14+00:00\",\"dateModified\":\"2025-11-04T01:24:56+00:00\",\"breadcrumb\":{\"@id\":\"https:\/\/amare-atelier.pl\/de\/produkt\/set-in-blauen-streifen-hemd-shorts-lamilla-paris\/#breadcrumb\"},\"inLanguage\":\"de\",\"potentialAction\":[{\"@type\":\"ReadAction\",\"target\":[\"https:\/\/amare-atelier.pl\/de\/produkt\/set-in-blauen-streifen-hemd-shorts-lamilla-paris\/\"]}]},{\"@type\":\"ImageObject\",\"inLanguage\":\"de\",\"@id\":\"https:\/\/amare-atelier.pl\/de\/produkt\/set-in-blauen-streifen-hemd-shorts-lamilla-paris\/#primaryimage\",\"url\":\"https:\/\/amare-atelier.pl\/wp-content\/uploads\/2025\/06\/IMG_7667.jpeg\",\"contentUrl\":\"https:\/\/amare-atelier.pl\/wp-content\/uploads\/2025\/06\/IMG_7667.jpeg\",\"width\":1206,\"height\":1456,\"caption\":\"Bildschirmfoto\"},{\"@type\":\"BreadcrumbList\",\"@id\":\"https:\/\/amare-atelier.pl\/de\/produkt\/set-in-blauen-streifen-hemd-shorts-lamilla-paris\/#breadcrumb\",\"itemListElement\":[{\"@type\":\"ListItem\",\"position\":1,\"name\":\"Startseite\",\"item\":\"https:\/\/amare-atelier.pl\/de\/startseite\/\"},{\"@type\":\"ListItem\",\"position\":2,\"name\":\"Shop\",\"item\":\"https:\/\/amare-atelier.pl\/de\/shop\/\"},{\"@type\":\"ListItem\",\"position\":3,\"name\":\"Blau gestreiftes Set &#8211; Hemd &amp; Shorts Lamilla Paris\"}]},{\"@type\":\"WebSite\",\"@id\":\"https:\/\/amare-atelier.pl\/de\/#website\",\"url\":\"https:\/\/amare-atelier.pl\/de\/\",\"name\":\"Amare Atelier \u2013 Modna Odzie\u017c Damska | Styl, Klasa, Kobieco\u015b\u0107\",\"description\":\"\",\"publisher\":{\"@id\":\"https:\/\/amare-atelier.pl\/de\/#organization\"},\"potentialAction\":[{\"@type\":\"SearchAction\",\"target\":{\"@type\":\"EntryPoint\",\"urlTemplate\":\"https:\/\/amare-atelier.pl\/de\/?s={search_term_string}\"},\"query-input\":{\"@type\":\"PropertyValueSpecification\",\"valueRequired\":true,\"valueName\":\"search_term_string\"}}],\"inLanguage\":\"de\"},{\"@type\":\"Organization\",\"@id\":\"https:\/\/amare-atelier.pl\/de\/#organization\",\"name\":\"Amare Atelier \u2013 Modna Odzie\u017c Damska | Styl, Klasa, Kobieco\u015b\u0107\",\"url\":\"https:\/\/amare-atelier.pl\/de\/\",\"logo\":{\"@type\":\"ImageObject\",\"inLanguage\":\"de\",\"@id\":\"https:\/\/amare-atelier.pl\/de\/#\/schema\/logo\/image\/\",\"url\":\"https:\/\/amare-atelier.pl\/wp-content\/uploads\/2025\/06\/amare-logo.svg\",\"contentUrl\":\"https:\/\/amare-atelier.pl\/wp-content\/uploads\/2025\/06\/amare-logo.svg\",\"width\":578,\"height\":238,\"caption\":\"Amare Atelier \u2013 Modna Odzie\u017c Damska | Styl, Klasa, Kobieco\u015b\u0107\"},\"image\":{\"@id\":\"https:\/\/amare-atelier.pl\/de\/#\/schema\/logo\/image\/\"},\"sameAs\":[\"https:\/\/www.facebook.com\/profile.php?id=61577234792545\",\"https:\/\/www.instagram.com\/amare___atelier\/\"]}]}<\/script>\n<!-- \/ Yoast SEO plugin. -->","yoast_head_json":{"title":"Blau gestreiftes Set - Hemd &amp; Shorts Lamilla Paris - Amare Atelier \u2013 Modna Odzie\u017c Damska | Styl, Klasa, Kobieco\u015b\u0107","robots":{"index":"index","follow":"follow","max-snippet":"max-snippet:-1","max-image-preview":"max-image-preview:large","max-video-preview":"max-video-preview:-1"},"canonical":"https:\/\/amare-atelier.pl\/de\/produkt\/set-in-blauen-streifen-hemd-shorts-lamilla-paris\/","og_locale":"de_DE","og_type":"article","og_title":"Blau gestreiftes Set - Hemd &amp; Shorts Lamilla Paris - Amare Atelier \u2013 Modna Odzie\u017c Damska | Styl, Klasa, Kobieco\u015b\u0107","og_description":"Ein Set mit zeitlosem Charme &#8211; die perfekte Balance aus Eleganz und L\u00e4ssigkeit. Blaue Streifen, perfekte Schnitte und subtile Details machen es sowohl f\u00fcr den Tag als auch f\u00fcr den Abend geeignet. Mit einem wei\u00dfen Oberteil oder solo &#8211; es sieht immer gut aus.","og_url":"https:\/\/amare-atelier.pl\/de\/produkt\/set-in-blauen-streifen-hemd-shorts-lamilla-paris\/","og_site_name":"Amare Atelier \u2013 Modna Odzie\u017c Damska | Styl, Klasa, Kobieco\u015b\u0107","article_publisher":"https:\/\/www.facebook.com\/profile.php?id=61577234792545","article_modified_time":"2025-11-04T01:24:56+00:00","og_image":[{"width":1206,"height":1456,"url":"https:\/\/amare-atelier.pl\/wp-content\/uploads\/2025\/06\/IMG_7667.jpeg","type":"image\/jpeg"}],"twitter_card":"summary_large_image","schema":{"@context":"https:\/\/schema.org","@graph":[{"@type":"WebPage","@id":"https:\/\/amare-atelier.pl\/de\/produkt\/set-in-blauen-streifen-hemd-shorts-lamilla-paris\/","url":"https:\/\/amare-atelier.pl\/de\/produkt\/set-in-blauen-streifen-hemd-shorts-lamilla-paris\/","name":"Blau gestreiftes Set - Hemd &amp; Shorts Lamilla Paris - Amare Atelier \u2013 Modna Odzie\u017c Damska | Styl, Klasa, Kobieco\u015b\u0107","isPartOf":{"@id":"https:\/\/amare-atelier.pl\/de\/#website"},"primaryImageOfPage":{"@id":"https:\/\/amare-atelier.pl\/de\/produkt\/set-in-blauen-streifen-hemd-shorts-lamilla-paris\/#primaryimage"},"image":{"@id":"https:\/\/amare-atelier.pl\/de\/produkt\/set-in-blauen-streifen-hemd-shorts-lamilla-paris\/#primaryimage"},"thumbnailUrl":"https:\/\/amare-atelier.pl\/wp-content\/uploads\/2025\/06\/IMG_7667.jpeg","datePublished":"2025-06-23T12:55:14+00:00","dateModified":"2025-11-04T01:24:56+00:00","breadcrumb":{"@id":"https:\/\/amare-atelier.pl\/de\/produkt\/set-in-blauen-streifen-hemd-shorts-lamilla-paris\/#breadcrumb"},"inLanguage":"de","potentialAction":[{"@type":"ReadAction","target":["https:\/\/amare-atelier.pl\/de\/produkt\/set-in-blauen-streifen-hemd-shorts-lamilla-paris\/"]}]},{"@type":"ImageObject","inLanguage":"de","@id":"https:\/\/amare-atelier.pl\/de\/produkt\/set-in-blauen-streifen-hemd-shorts-lamilla-paris\/#primaryimage","url":"https:\/\/amare-atelier.pl\/wp-content\/uploads\/2025\/06\/IMG_7667.jpeg","contentUrl":"https:\/\/amare-atelier.pl\/wp-content\/uploads\/2025\/06\/IMG_7667.jpeg","width":1206,"height":1456,"caption":"Bildschirmfoto"},{"@type":"BreadcrumbList","@id":"https:\/\/amare-atelier.pl\/de\/produkt\/set-in-blauen-streifen-hemd-shorts-lamilla-paris\/#breadcrumb","itemListElement":[{"@type":"ListItem","position":1,"name":"Startseite","item":"https:\/\/amare-atelier.pl\/de\/startseite\/"},{"@type":"ListItem","position":2,"name":"Shop","item":"https:\/\/amare-atelier.pl\/de\/shop\/"},{"@type":"ListItem","position":3,"name":"Blau gestreiftes Set &#8211; Hemd &amp; Shorts Lamilla Paris"}]},{"@type":"WebSite","@id":"https:\/\/amare-atelier.pl\/de\/#website","url":"https:\/\/amare-atelier.pl\/de\/","name":"Amare Atelier \u2013 Modna Odzie\u017c Damska | Styl, Klasa, Kobieco\u015b\u0107","description":"","publisher":{"@id":"https:\/\/amare-atelier.pl\/de\/#organization"},"potentialAction":[{"@type":"SearchAction","target":{"@type":"EntryPoint","urlTemplate":"https:\/\/amare-atelier.pl\/de\/?s={search_term_string}"},"query-input":{"@type":"PropertyValueSpecification","valueRequired":true,"valueName":"search_term_string"}}],"inLanguage":"de"},{"@type":"Organization","@id":"https:\/\/amare-atelier.pl\/de\/#organization","name":"Amare Atelier \u2013 Modna Odzie\u017c Damska | Styl, Klasa, Kobieco\u015b\u0107","url":"https:\/\/amare-atelier.pl\/de\/","logo":{"@type":"ImageObject","inLanguage":"de","@id":"https:\/\/amare-atelier.pl\/de\/#\/schema\/logo\/image\/","url":"https:\/\/amare-atelier.pl\/wp-content\/uploads\/2025\/06\/amare-logo.svg","contentUrl":"https:\/\/amare-atelier.pl\/wp-content\/uploads\/2025\/06\/amare-logo.svg","width":578,"height":238,"caption":"Amare Atelier \u2013 Modna Odzie\u017c Damska | Styl, Klasa, Kobieco\u015b\u0107"},"image":{"@id":"https:\/\/amare-atelier.pl\/de\/#\/schema\/logo\/image\/"},"sameAs":["https:\/\/www.facebook.com\/profile.php?id=61577234792545","https:\/\/www.instagram.com\/amare___atelier\/"]}]}},"_links":{"self":[{"href":"https:\/\/amare-atelier.pl\/de\/wp-json\/wp\/v2\/product\/61850","targetHints":{"allow":["GET"]}}],"collection":[{"href":"https:\/\/amare-atelier.pl\/de\/wp-json\/wp\/v2\/product"}],"about":[{"href":"https:\/\/amare-atelier.pl\/de\/wp-json\/wp\/v2\/types\/product"}],"wp:featuredmedia":[{"embeddable":true,"href":"https:\/\/amare-atelier.pl\/de\/wp-json\/wp\/v2\/media\/61863"}],"wp:attachment":[{"href":"https:\/\/amare-atelier.pl\/de\/wp-json\/wp\/v2\/media?parent=61850"}],"wp:term":[{"taxonomy":"product_brand","embeddable":true,"href":"https:\/\/amare-atelier.pl\/de\/wp-json\/wp\/v2\/product_brand?post=61850"},{"taxonomy":"product_cat","embeddable":true,"href":"https:\/\/amare-atelier.pl\/de\/wp-json\/wp\/v2\/product_cat?post=61850"},{"taxonomy":"product_tag","embeddable":true,"href":"https:\/\/amare-atelier.pl\/de\/wp-json\/wp\/v2\/product_tag?post=61850"}],"curies":[{"name":"wp","href":"https:\/\/api.w.org\/{rel}","templated":true}]}}