{"id":61849,"date":"2025-06-25T06:06:16","date_gmt":"2025-06-25T04:06:16","guid":{"rendered":"https:\/\/amareprod.wpenginepowered.com\/produkt\/neutral-chic-beiges-t-shirt-mit-puffaermeln\/"},"modified":"2026-03-06T23:32:34","modified_gmt":"2026-03-06T22:32:34","slug":"neutral-chic-beiges-t-shirt-mit-puffaermeln","status":"publish","type":"product","link":"https:\/\/amare-atelier.pl\/de\/produkt\/neutral-chic-beiges-t-shirt-mit-puffaermeln\/","title":{"rendered":"&#8220;Neutral Chic&#8221; &#8211; Beigefarbenes T-Shirt mit Schulterklappen"},"content":{"rendered":"<p>Minimalistische Form mit einem modischen Touch &#8211; dieses beigefarbene T-Shirt mit B\u00fcffeln ist die perfekte Basis f\u00fcr eine Capsule Garderobe. Die gedeckte Farbe in Kombination mit den dekorativen \u00c4rmeln schafft einen Look, der f\u00fcr die Arbeit, Meetings und den Alltag geeignet ist. Der weiche Strickstoff sorgt f\u00fcr Komfort, w\u00e4hrend der Stil zeitlos bleibt.  <\/p>\n","protected":false},"excerpt":{"rendered":"<p>Minimalistische Form mit einem modischen Touch &#8211; dieses beigefarbene T-Shirt mit B\u00fcffeln ist die perfekte Basis f\u00fcr eine Capsule Garderobe. Die gedeckte Farbe in Kombination mit den dekorativen \u00c4rmeln schafft einen Look, der f\u00fcr die Arbeit, Meetings und den Alltag geeignet ist. Der weiche Strickstoff sorgt f\u00fcr Komfort, w\u00e4hrend der Stil zeitlos bleibt.<\/p>\n","protected":false},"featured_media":61853,"template":"","meta":{"inline_featured_image":false},"product_brand":[],"product_cat":[254,246,317],"product_tag":[],"class_list":{"0":"post-61849","1":"product","2":"type-product","3":"status-publish","4":"has-post-thumbnail","6":"product_cat-blusen","7":"product_cat-sommer","8":"product_cat-verkauf","11":"first","12":"instock","13":"sale","14":"shipping-taxable","15":"purchasable","16":"product-type-variable"},"yoast_head":"<!-- This site is optimized with the Yoast SEO plugin v26.3 - https:\/\/yoast.com\/wordpress\/plugins\/seo\/ -->\n<title>&quot;Neutral Chic&quot; - Beigefarbenes T-Shirt mit Schulterklappen - Amare Atelier \u2013 Modna Odzie\u017c Damska | Styl, Klasa, Kobieco\u015b\u0107<\/title>\n<meta name=\"robots\" content=\"index, follow, max-snippet:-1, max-image-preview:large, max-video-preview:-1\" \/>\n<link rel=\"canonical\" href=\"https:\/\/amare-atelier.pl\/de\/produkt\/neutral-chic-beiges-t-shirt-mit-puffaermeln\/\" \/>\n<meta property=\"og:locale\" content=\"de_DE\" \/>\n<meta property=\"og:type\" content=\"article\" \/>\n<meta property=\"og:title\" content=\"&quot;Neutral Chic&quot; - Beigefarbenes T-Shirt mit Schulterklappen - Amare Atelier \u2013 Modna Odzie\u017c Damska | Styl, Klasa, Kobieco\u015b\u0107\" \/>\n<meta property=\"og:description\" content=\"Minimalistische Form mit einem modischen Touch &#8211; dieses beigefarbene T-Shirt mit B\u00fcffeln ist die perfekte Basis f\u00fcr eine Capsule Garderobe. Die gedeckte Farbe in Kombination mit den dekorativen \u00c4rmeln schafft einen Look, der f\u00fcr die Arbeit, Meetings und den Alltag geeignet ist. Der weiche Strickstoff sorgt f\u00fcr Komfort, w\u00e4hrend der Stil zeitlos bleibt.\" \/>\n<meta property=\"og:url\" content=\"https:\/\/amare-atelier.pl\/de\/produkt\/neutral-chic-beiges-t-shirt-mit-puffaermeln\/\" \/>\n<meta property=\"og:site_name\" content=\"Amare Atelier \u2013 Modna Odzie\u017c Damska | Styl, Klasa, Kobieco\u015b\u0107\" \/>\n<meta property=\"article:publisher\" content=\"https:\/\/www.facebook.com\/profile.php?id=61577234792545\" \/>\n<meta property=\"article:modified_time\" content=\"2026-03-06T22:32:34+00:00\" \/>\n<meta property=\"og:image\" content=\"https:\/\/amare-atelier.pl\/wp-content\/uploads\/2025\/06\/IMG_7685.jpeg\" \/>\n\t<meta property=\"og:image:width\" content=\"1440\" \/>\n\t<meta property=\"og:image:height\" content=\"1571\" \/>\n\t<meta property=\"og:image:type\" content=\"image\/jpeg\" \/>\n<meta name=\"twitter:card\" content=\"summary_large_image\" \/>\n<script type=\"application\/ld+json\" class=\"yoast-schema-graph\">{\"@context\":\"https:\/\/schema.org\",\"@graph\":[{\"@type\":\"WebPage\",\"@id\":\"https:\/\/amare-atelier.pl\/de\/produkt\/neutral-chic-beiges-t-shirt-mit-puffaermeln\/\",\"url\":\"https:\/\/amare-atelier.pl\/de\/produkt\/neutral-chic-beiges-t-shirt-mit-puffaermeln\/\",\"name\":\"\\\"Neutral Chic\\\" - Beigefarbenes T-Shirt mit Schulterklappen - Amare Atelier \u2013 Modna Odzie\u017c Damska | Styl, Klasa, Kobieco\u015b\u0107\",\"isPartOf\":{\"@id\":\"https:\/\/amare-atelier.pl\/de\/#website\"},\"primaryImageOfPage\":{\"@id\":\"https:\/\/amare-atelier.pl\/de\/produkt\/neutral-chic-beiges-t-shirt-mit-puffaermeln\/#primaryimage\"},\"image\":{\"@id\":\"https:\/\/amare-atelier.pl\/de\/produkt\/neutral-chic-beiges-t-shirt-mit-puffaermeln\/#primaryimage\"},\"thumbnailUrl\":\"https:\/\/amare-atelier.pl\/wp-content\/uploads\/2025\/06\/IMG_7685.jpeg\",\"datePublished\":\"2025-06-25T04:06:16+00:00\",\"dateModified\":\"2026-03-06T22:32:34+00:00\",\"breadcrumb\":{\"@id\":\"https:\/\/amare-atelier.pl\/de\/produkt\/neutral-chic-beiges-t-shirt-mit-puffaermeln\/#breadcrumb\"},\"inLanguage\":\"de\",\"potentialAction\":[{\"@type\":\"ReadAction\",\"target\":[\"https:\/\/amare-atelier.pl\/de\/produkt\/neutral-chic-beiges-t-shirt-mit-puffaermeln\/\"]}]},{\"@type\":\"ImageObject\",\"inLanguage\":\"de\",\"@id\":\"https:\/\/amare-atelier.pl\/de\/produkt\/neutral-chic-beiges-t-shirt-mit-puffaermeln\/#primaryimage\",\"url\":\"https:\/\/amare-atelier.pl\/wp-content\/uploads\/2025\/06\/IMG_7685.jpeg\",\"contentUrl\":\"https:\/\/amare-atelier.pl\/wp-content\/uploads\/2025\/06\/IMG_7685.jpeg\",\"width\":1440,\"height\":1571},{\"@type\":\"BreadcrumbList\",\"@id\":\"https:\/\/amare-atelier.pl\/de\/produkt\/neutral-chic-beiges-t-shirt-mit-puffaermeln\/#breadcrumb\",\"itemListElement\":[{\"@type\":\"ListItem\",\"position\":1,\"name\":\"Startseite\",\"item\":\"https:\/\/amare-atelier.pl\/de\/startseite\/\"},{\"@type\":\"ListItem\",\"position\":2,\"name\":\"Shop\",\"item\":\"https:\/\/amare-atelier.pl\/de\/shop\/\"},{\"@type\":\"ListItem\",\"position\":3,\"name\":\"&#8220;Neutral Chic&#8221; &#8211; Beigefarbenes T-Shirt mit Schulterklappen\"}]},{\"@type\":\"WebSite\",\"@id\":\"https:\/\/amare-atelier.pl\/de\/#website\",\"url\":\"https:\/\/amare-atelier.pl\/de\/\",\"name\":\"Amare Atelier \u2013 Modna Odzie\u017c Damska | Styl, Klasa, Kobieco\u015b\u0107\",\"description\":\"\",\"publisher\":{\"@id\":\"https:\/\/amare-atelier.pl\/de\/#organization\"},\"potentialAction\":[{\"@type\":\"SearchAction\",\"target\":{\"@type\":\"EntryPoint\",\"urlTemplate\":\"https:\/\/amare-atelier.pl\/de\/?s={search_term_string}\"},\"query-input\":{\"@type\":\"PropertyValueSpecification\",\"valueRequired\":true,\"valueName\":\"search_term_string\"}}],\"inLanguage\":\"de\"},{\"@type\":\"Organization\",\"@id\":\"https:\/\/amare-atelier.pl\/de\/#organization\",\"name\":\"Amare Atelier \u2013 Modna Odzie\u017c Damska | Styl, Klasa, Kobieco\u015b\u0107\",\"url\":\"https:\/\/amare-atelier.pl\/de\/\",\"logo\":{\"@type\":\"ImageObject\",\"inLanguage\":\"de\",\"@id\":\"https:\/\/amare-atelier.pl\/de\/#\/schema\/logo\/image\/\",\"url\":\"https:\/\/amare-atelier.pl\/wp-content\/uploads\/2025\/06\/amare-logo.svg\",\"contentUrl\":\"https:\/\/amare-atelier.pl\/wp-content\/uploads\/2025\/06\/amare-logo.svg\",\"width\":578,\"height\":238,\"caption\":\"Amare Atelier \u2013 Modna Odzie\u017c Damska | Styl, Klasa, Kobieco\u015b\u0107\"},\"image\":{\"@id\":\"https:\/\/amare-atelier.pl\/de\/#\/schema\/logo\/image\/\"},\"sameAs\":[\"https:\/\/www.facebook.com\/profile.php?id=61577234792545\",\"https:\/\/www.instagram.com\/amare___atelier\/\"]}]}<\/script>\n<!-- \/ Yoast SEO plugin. -->","yoast_head_json":{"title":"\"Neutral Chic\" - Beigefarbenes T-Shirt mit Schulterklappen - Amare Atelier \u2013 Modna Odzie\u017c Damska | Styl, Klasa, Kobieco\u015b\u0107","robots":{"index":"index","follow":"follow","max-snippet":"max-snippet:-1","max-image-preview":"max-image-preview:large","max-video-preview":"max-video-preview:-1"},"canonical":"https:\/\/amare-atelier.pl\/de\/produkt\/neutral-chic-beiges-t-shirt-mit-puffaermeln\/","og_locale":"de_DE","og_type":"article","og_title":"\"Neutral Chic\" - Beigefarbenes T-Shirt mit Schulterklappen - Amare Atelier \u2013 Modna Odzie\u017c Damska | Styl, Klasa, Kobieco\u015b\u0107","og_description":"Minimalistische Form mit einem modischen Touch &#8211; dieses beigefarbene T-Shirt mit B\u00fcffeln ist die perfekte Basis f\u00fcr eine Capsule Garderobe. Die gedeckte Farbe in Kombination mit den dekorativen \u00c4rmeln schafft einen Look, der f\u00fcr die Arbeit, Meetings und den Alltag geeignet ist. Der weiche Strickstoff sorgt f\u00fcr Komfort, w\u00e4hrend der Stil zeitlos bleibt.","og_url":"https:\/\/amare-atelier.pl\/de\/produkt\/neutral-chic-beiges-t-shirt-mit-puffaermeln\/","og_site_name":"Amare Atelier \u2013 Modna Odzie\u017c Damska | Styl, Klasa, Kobieco\u015b\u0107","article_publisher":"https:\/\/www.facebook.com\/profile.php?id=61577234792545","article_modified_time":"2026-03-06T22:32:34+00:00","og_image":[{"width":1440,"height":1571,"url":"https:\/\/amare-atelier.pl\/wp-content\/uploads\/2025\/06\/IMG_7685.jpeg","type":"image\/jpeg"}],"twitter_card":"summary_large_image","schema":{"@context":"https:\/\/schema.org","@graph":[{"@type":"WebPage","@id":"https:\/\/amare-atelier.pl\/de\/produkt\/neutral-chic-beiges-t-shirt-mit-puffaermeln\/","url":"https:\/\/amare-atelier.pl\/de\/produkt\/neutral-chic-beiges-t-shirt-mit-puffaermeln\/","name":"\"Neutral Chic\" - Beigefarbenes T-Shirt mit Schulterklappen - Amare Atelier \u2013 Modna Odzie\u017c Damska | Styl, Klasa, Kobieco\u015b\u0107","isPartOf":{"@id":"https:\/\/amare-atelier.pl\/de\/#website"},"primaryImageOfPage":{"@id":"https:\/\/amare-atelier.pl\/de\/produkt\/neutral-chic-beiges-t-shirt-mit-puffaermeln\/#primaryimage"},"image":{"@id":"https:\/\/amare-atelier.pl\/de\/produkt\/neutral-chic-beiges-t-shirt-mit-puffaermeln\/#primaryimage"},"thumbnailUrl":"https:\/\/amare-atelier.pl\/wp-content\/uploads\/2025\/06\/IMG_7685.jpeg","datePublished":"2025-06-25T04:06:16+00:00","dateModified":"2026-03-06T22:32:34+00:00","breadcrumb":{"@id":"https:\/\/amare-atelier.pl\/de\/produkt\/neutral-chic-beiges-t-shirt-mit-puffaermeln\/#breadcrumb"},"inLanguage":"de","potentialAction":[{"@type":"ReadAction","target":["https:\/\/amare-atelier.pl\/de\/produkt\/neutral-chic-beiges-t-shirt-mit-puffaermeln\/"]}]},{"@type":"ImageObject","inLanguage":"de","@id":"https:\/\/amare-atelier.pl\/de\/produkt\/neutral-chic-beiges-t-shirt-mit-puffaermeln\/#primaryimage","url":"https:\/\/amare-atelier.pl\/wp-content\/uploads\/2025\/06\/IMG_7685.jpeg","contentUrl":"https:\/\/amare-atelier.pl\/wp-content\/uploads\/2025\/06\/IMG_7685.jpeg","width":1440,"height":1571},{"@type":"BreadcrumbList","@id":"https:\/\/amare-atelier.pl\/de\/produkt\/neutral-chic-beiges-t-shirt-mit-puffaermeln\/#breadcrumb","itemListElement":[{"@type":"ListItem","position":1,"name":"Startseite","item":"https:\/\/amare-atelier.pl\/de\/startseite\/"},{"@type":"ListItem","position":2,"name":"Shop","item":"https:\/\/amare-atelier.pl\/de\/shop\/"},{"@type":"ListItem","position":3,"name":"&#8220;Neutral Chic&#8221; &#8211; Beigefarbenes T-Shirt mit Schulterklappen"}]},{"@type":"WebSite","@id":"https:\/\/amare-atelier.pl\/de\/#website","url":"https:\/\/amare-atelier.pl\/de\/","name":"Amare Atelier \u2013 Modna Odzie\u017c Damska | Styl, Klasa, Kobieco\u015b\u0107","description":"","publisher":{"@id":"https:\/\/amare-atelier.pl\/de\/#organization"},"potentialAction":[{"@type":"SearchAction","target":{"@type":"EntryPoint","urlTemplate":"https:\/\/amare-atelier.pl\/de\/?s={search_term_string}"},"query-input":{"@type":"PropertyValueSpecification","valueRequired":true,"valueName":"search_term_string"}}],"inLanguage":"de"},{"@type":"Organization","@id":"https:\/\/amare-atelier.pl\/de\/#organization","name":"Amare Atelier \u2013 Modna Odzie\u017c Damska | Styl, Klasa, Kobieco\u015b\u0107","url":"https:\/\/amare-atelier.pl\/de\/","logo":{"@type":"ImageObject","inLanguage":"de","@id":"https:\/\/amare-atelier.pl\/de\/#\/schema\/logo\/image\/","url":"https:\/\/amare-atelier.pl\/wp-content\/uploads\/2025\/06\/amare-logo.svg","contentUrl":"https:\/\/amare-atelier.pl\/wp-content\/uploads\/2025\/06\/amare-logo.svg","width":578,"height":238,"caption":"Amare Atelier \u2013 Modna Odzie\u017c Damska | Styl, Klasa, Kobieco\u015b\u0107"},"image":{"@id":"https:\/\/amare-atelier.pl\/de\/#\/schema\/logo\/image\/"},"sameAs":["https:\/\/www.facebook.com\/profile.php?id=61577234792545","https:\/\/www.instagram.com\/amare___atelier\/"]}]}},"_links":{"self":[{"href":"https:\/\/amare-atelier.pl\/de\/wp-json\/wp\/v2\/product\/61849","targetHints":{"allow":["GET"]}}],"collection":[{"href":"https:\/\/amare-atelier.pl\/de\/wp-json\/wp\/v2\/product"}],"about":[{"href":"https:\/\/amare-atelier.pl\/de\/wp-json\/wp\/v2\/types\/product"}],"wp:featuredmedia":[{"embeddable":true,"href":"https:\/\/amare-atelier.pl\/de\/wp-json\/wp\/v2\/media\/61853"}],"wp:attachment":[{"href":"https:\/\/amare-atelier.pl\/de\/wp-json\/wp\/v2\/media?parent=61849"}],"wp:term":[{"taxonomy":"product_brand","embeddable":true,"href":"https:\/\/amare-atelier.pl\/de\/wp-json\/wp\/v2\/product_brand?post=61849"},{"taxonomy":"product_cat","embeddable":true,"href":"https:\/\/amare-atelier.pl\/de\/wp-json\/wp\/v2\/product_cat?post=61849"},{"taxonomy":"product_tag","embeddable":true,"href":"https:\/\/amare-atelier.pl\/de\/wp-json\/wp\/v2\/product_tag?post=61849"}],"curies":[{"name":"wp","href":"https:\/\/api.w.org\/{rel}","templated":true}]}}