{"id":61834,"date":"2025-06-23T15:00:53","date_gmt":"2025-06-23T13:00:53","guid":{"rendered":"https:\/\/amareprod.wpenginepowered.com\/produkt\/braune-bikerjacke-aus-kunstleder\/"},"modified":"2025-11-04T02:24:58","modified_gmt":"2025-11-04T01:24:58","slug":"braune-bikerjacke-aus-kunstleder","status":"publish","type":"product","link":"https:\/\/amare-atelier.pl\/de\/produkt\/braune-bikerjacke-aus-kunstleder\/","title":{"rendered":"Braunes \u00d6ko-Leder Ramones"},"content":{"rendered":"<div>Entdecken Sie einen modernen Twist eines Klassikers &#8211; die Rameson Jacke f\u00fcr Damen in einem tiefen Schokoladenton ist ein Vorschlag f\u00fcr Frauen, die Stil und Komfort zu sch\u00e4tzen wissen. Das Modell ist aus hochwertigem Bio-Leder mit einer unverwechselbaren gepr\u00e4gten Textur gefertigt, die der Jacke einen einzigartigen Charakter verleiht. <\/div>\n<ul>\n<li>Der Oversize-Schnitt mit breiten Schultern und ausgepr\u00e4gtem Revers betont die Silhouette und liegt voll im Trend.<\/li>\n<li>Zahlreiche Rei\u00dfverschl\u00fcsse und Taschen verleihen der Jacke ein rockiges Flair und sind praktisch.<\/li>\n<li>Dekorative Paddles an den Schultern und B\u00e4nder an den Seiten sorgen f\u00fcr Originalit\u00e4t und erm\u00f6glichen eine individuelle Passform.<\/li>\n<li>Die Jacke passt sowohl zu einem l\u00e4ssigen Styling mit Jeans als auch zu einem femininen Kleid oder Rock, der einen auff\u00e4lligen Kontrast bildet.<\/li>\n<\/ul>\n","protected":false},"excerpt":{"rendered":"<p>Entdecken Sie einen modernen Twist eines Klassikers &#8211; die Rameson Jacke f\u00fcr Damen in einem tiefen Schokoladenton ist ein Vorschlag f\u00fcr Frauen, die Stil und Komfort zu sch\u00e4tzen wissen. Das Modell ist aus hochwertigem Bio-Leder mit einer unverwechselbaren gepr\u00e4gten Textur gefertigt, die der Jacke einen einzigartigen Charakter verleiht. Der Oversize-Schnitt mit breiten Schultern und ausgepr\u00e4gtem [&hellip;]<\/p>\n","protected":false},"featured_media":61848,"template":"","meta":{"inline_featured_image":false},"product_brand":[],"product_cat":[251,259],"product_tag":[],"class_list":{"0":"post-61834","1":"product","2":"type-product","3":"status-publish","4":"has-post-thumbnail","6":"product_cat-neuheiten","7":"product_cat-oberbekleidung","10":"first","11":"instock","12":"shipping-taxable","13":"purchasable","14":"product-type-simple"},"yoast_head":"<!-- This site is optimized with the Yoast SEO plugin v26.3 - https:\/\/yoast.com\/wordpress\/plugins\/seo\/ -->\n<title>Braunes \u00d6ko-Leder Ramones - Amare Atelier \u2013 Modna Odzie\u017c Damska | Styl, Klasa, Kobieco\u015b\u0107<\/title>\n<meta name=\"robots\" content=\"index, follow, max-snippet:-1, max-image-preview:large, max-video-preview:-1\" \/>\n<link rel=\"canonical\" href=\"https:\/\/amare-atelier.pl\/de\/produkt\/braune-bikerjacke-aus-kunstleder\/\" \/>\n<meta property=\"og:locale\" content=\"de_DE\" \/>\n<meta property=\"og:type\" content=\"article\" \/>\n<meta property=\"og:title\" content=\"Braunes \u00d6ko-Leder Ramones - Amare Atelier \u2013 Modna Odzie\u017c Damska | Styl, Klasa, Kobieco\u015b\u0107\" \/>\n<meta property=\"og:description\" content=\"Entdecken Sie einen modernen Twist eines Klassikers &#8211; die Rameson Jacke f\u00fcr Damen in einem tiefen Schokoladenton ist ein Vorschlag f\u00fcr Frauen, die Stil und Komfort zu sch\u00e4tzen wissen. Das Modell ist aus hochwertigem Bio-Leder mit einer unverwechselbaren gepr\u00e4gten Textur gefertigt, die der Jacke einen einzigartigen Charakter verleiht. Der Oversize-Schnitt mit breiten Schultern und ausgepr\u00e4gtem [&hellip;]\" \/>\n<meta property=\"og:url\" content=\"https:\/\/amare-atelier.pl\/de\/produkt\/braune-bikerjacke-aus-kunstleder\/\" \/>\n<meta property=\"og:site_name\" content=\"Amare Atelier \u2013 Modna Odzie\u017c Damska | Styl, Klasa, Kobieco\u015b\u0107\" \/>\n<meta property=\"article:publisher\" content=\"https:\/\/www.facebook.com\/profile.php?id=61577234792545\" \/>\n<meta property=\"article:modified_time\" content=\"2025-11-04T01:24:58+00:00\" \/>\n<meta property=\"og:image\" content=\"https:\/\/amare-atelier.pl\/wp-content\/uploads\/2025\/06\/IMG_7664.jpeg\" \/>\n\t<meta property=\"og:image:width\" content=\"1206\" \/>\n\t<meta property=\"og:image:height\" content=\"1453\" \/>\n\t<meta property=\"og:image:type\" content=\"image\/jpeg\" \/>\n<meta name=\"twitter:card\" content=\"summary_large_image\" \/>\n<meta name=\"twitter:label1\" content=\"Gesch\u00e4tzte Lesezeit\" \/>\n\t<meta name=\"twitter:data1\" content=\"1\u00a0Minute\" \/>\n<script type=\"application\/ld+json\" class=\"yoast-schema-graph\">{\"@context\":\"https:\/\/schema.org\",\"@graph\":[{\"@type\":\"WebPage\",\"@id\":\"https:\/\/amare-atelier.pl\/de\/produkt\/braune-bikerjacke-aus-kunstleder\/\",\"url\":\"https:\/\/amare-atelier.pl\/de\/produkt\/braune-bikerjacke-aus-kunstleder\/\",\"name\":\"Braunes \u00d6ko-Leder Ramones - Amare Atelier \u2013 Modna Odzie\u017c Damska | Styl, Klasa, Kobieco\u015b\u0107\",\"isPartOf\":{\"@id\":\"https:\/\/amare-atelier.pl\/de\/#website\"},\"primaryImageOfPage\":{\"@id\":\"https:\/\/amare-atelier.pl\/de\/produkt\/braune-bikerjacke-aus-kunstleder\/#primaryimage\"},\"image\":{\"@id\":\"https:\/\/amare-atelier.pl\/de\/produkt\/braune-bikerjacke-aus-kunstleder\/#primaryimage\"},\"thumbnailUrl\":\"https:\/\/amare-atelier.pl\/wp-content\/uploads\/2025\/06\/IMG_7664.jpeg\",\"datePublished\":\"2025-06-23T13:00:53+00:00\",\"dateModified\":\"2025-11-04T01:24:58+00:00\",\"breadcrumb\":{\"@id\":\"https:\/\/amare-atelier.pl\/de\/produkt\/braune-bikerjacke-aus-kunstleder\/#breadcrumb\"},\"inLanguage\":\"de\",\"potentialAction\":[{\"@type\":\"ReadAction\",\"target\":[\"https:\/\/amare-atelier.pl\/de\/produkt\/braune-bikerjacke-aus-kunstleder\/\"]}]},{\"@type\":\"ImageObject\",\"inLanguage\":\"de\",\"@id\":\"https:\/\/amare-atelier.pl\/de\/produkt\/braune-bikerjacke-aus-kunstleder\/#primaryimage\",\"url\":\"https:\/\/amare-atelier.pl\/wp-content\/uploads\/2025\/06\/IMG_7664.jpeg\",\"contentUrl\":\"https:\/\/amare-atelier.pl\/wp-content\/uploads\/2025\/06\/IMG_7664.jpeg\",\"width\":1206,\"height\":1453,\"caption\":\"Bildschirmfoto\"},{\"@type\":\"BreadcrumbList\",\"@id\":\"https:\/\/amare-atelier.pl\/de\/produkt\/braune-bikerjacke-aus-kunstleder\/#breadcrumb\",\"itemListElement\":[{\"@type\":\"ListItem\",\"position\":1,\"name\":\"Startseite\",\"item\":\"https:\/\/amare-atelier.pl\/de\/startseite\/\"},{\"@type\":\"ListItem\",\"position\":2,\"name\":\"Shop\",\"item\":\"https:\/\/amare-atelier.pl\/de\/shop\/\"},{\"@type\":\"ListItem\",\"position\":3,\"name\":\"Braunes \u00d6ko-Leder Ramones\"}]},{\"@type\":\"WebSite\",\"@id\":\"https:\/\/amare-atelier.pl\/de\/#website\",\"url\":\"https:\/\/amare-atelier.pl\/de\/\",\"name\":\"Amare Atelier \u2013 Modna Odzie\u017c Damska | Styl, Klasa, Kobieco\u015b\u0107\",\"description\":\"\",\"publisher\":{\"@id\":\"https:\/\/amare-atelier.pl\/de\/#organization\"},\"potentialAction\":[{\"@type\":\"SearchAction\",\"target\":{\"@type\":\"EntryPoint\",\"urlTemplate\":\"https:\/\/amare-atelier.pl\/de\/?s={search_term_string}\"},\"query-input\":{\"@type\":\"PropertyValueSpecification\",\"valueRequired\":true,\"valueName\":\"search_term_string\"}}],\"inLanguage\":\"de\"},{\"@type\":\"Organization\",\"@id\":\"https:\/\/amare-atelier.pl\/de\/#organization\",\"name\":\"Amare Atelier \u2013 Modna Odzie\u017c Damska | Styl, Klasa, Kobieco\u015b\u0107\",\"url\":\"https:\/\/amare-atelier.pl\/de\/\",\"logo\":{\"@type\":\"ImageObject\",\"inLanguage\":\"de\",\"@id\":\"https:\/\/amare-atelier.pl\/de\/#\/schema\/logo\/image\/\",\"url\":\"https:\/\/amare-atelier.pl\/wp-content\/uploads\/2025\/06\/amare-logo.svg\",\"contentUrl\":\"https:\/\/amare-atelier.pl\/wp-content\/uploads\/2025\/06\/amare-logo.svg\",\"width\":578,\"height\":238,\"caption\":\"Amare Atelier \u2013 Modna Odzie\u017c Damska | Styl, Klasa, Kobieco\u015b\u0107\"},\"image\":{\"@id\":\"https:\/\/amare-atelier.pl\/de\/#\/schema\/logo\/image\/\"},\"sameAs\":[\"https:\/\/www.facebook.com\/profile.php?id=61577234792545\",\"https:\/\/www.instagram.com\/amare___atelier\/\"]}]}<\/script>\n<!-- \/ Yoast SEO plugin. -->","yoast_head_json":{"title":"Braunes \u00d6ko-Leder Ramones - Amare Atelier \u2013 Modna Odzie\u017c Damska | Styl, Klasa, Kobieco\u015b\u0107","robots":{"index":"index","follow":"follow","max-snippet":"max-snippet:-1","max-image-preview":"max-image-preview:large","max-video-preview":"max-video-preview:-1"},"canonical":"https:\/\/amare-atelier.pl\/de\/produkt\/braune-bikerjacke-aus-kunstleder\/","og_locale":"de_DE","og_type":"article","og_title":"Braunes \u00d6ko-Leder Ramones - Amare Atelier \u2013 Modna Odzie\u017c Damska | Styl, Klasa, Kobieco\u015b\u0107","og_description":"Entdecken Sie einen modernen Twist eines Klassikers &#8211; die Rameson Jacke f\u00fcr Damen in einem tiefen Schokoladenton ist ein Vorschlag f\u00fcr Frauen, die Stil und Komfort zu sch\u00e4tzen wissen. Das Modell ist aus hochwertigem Bio-Leder mit einer unverwechselbaren gepr\u00e4gten Textur gefertigt, die der Jacke einen einzigartigen Charakter verleiht. Der Oversize-Schnitt mit breiten Schultern und ausgepr\u00e4gtem [&hellip;]","og_url":"https:\/\/amare-atelier.pl\/de\/produkt\/braune-bikerjacke-aus-kunstleder\/","og_site_name":"Amare Atelier \u2013 Modna Odzie\u017c Damska | Styl, Klasa, Kobieco\u015b\u0107","article_publisher":"https:\/\/www.facebook.com\/profile.php?id=61577234792545","article_modified_time":"2025-11-04T01:24:58+00:00","og_image":[{"width":1206,"height":1453,"url":"https:\/\/amare-atelier.pl\/wp-content\/uploads\/2025\/06\/IMG_7664.jpeg","type":"image\/jpeg"}],"twitter_card":"summary_large_image","twitter_misc":{"Gesch\u00e4tzte Lesezeit":"1\u00a0Minute"},"schema":{"@context":"https:\/\/schema.org","@graph":[{"@type":"WebPage","@id":"https:\/\/amare-atelier.pl\/de\/produkt\/braune-bikerjacke-aus-kunstleder\/","url":"https:\/\/amare-atelier.pl\/de\/produkt\/braune-bikerjacke-aus-kunstleder\/","name":"Braunes \u00d6ko-Leder Ramones - Amare Atelier \u2013 Modna Odzie\u017c Damska | Styl, Klasa, Kobieco\u015b\u0107","isPartOf":{"@id":"https:\/\/amare-atelier.pl\/de\/#website"},"primaryImageOfPage":{"@id":"https:\/\/amare-atelier.pl\/de\/produkt\/braune-bikerjacke-aus-kunstleder\/#primaryimage"},"image":{"@id":"https:\/\/amare-atelier.pl\/de\/produkt\/braune-bikerjacke-aus-kunstleder\/#primaryimage"},"thumbnailUrl":"https:\/\/amare-atelier.pl\/wp-content\/uploads\/2025\/06\/IMG_7664.jpeg","datePublished":"2025-06-23T13:00:53+00:00","dateModified":"2025-11-04T01:24:58+00:00","breadcrumb":{"@id":"https:\/\/amare-atelier.pl\/de\/produkt\/braune-bikerjacke-aus-kunstleder\/#breadcrumb"},"inLanguage":"de","potentialAction":[{"@type":"ReadAction","target":["https:\/\/amare-atelier.pl\/de\/produkt\/braune-bikerjacke-aus-kunstleder\/"]}]},{"@type":"ImageObject","inLanguage":"de","@id":"https:\/\/amare-atelier.pl\/de\/produkt\/braune-bikerjacke-aus-kunstleder\/#primaryimage","url":"https:\/\/amare-atelier.pl\/wp-content\/uploads\/2025\/06\/IMG_7664.jpeg","contentUrl":"https:\/\/amare-atelier.pl\/wp-content\/uploads\/2025\/06\/IMG_7664.jpeg","width":1206,"height":1453,"caption":"Bildschirmfoto"},{"@type":"BreadcrumbList","@id":"https:\/\/amare-atelier.pl\/de\/produkt\/braune-bikerjacke-aus-kunstleder\/#breadcrumb","itemListElement":[{"@type":"ListItem","position":1,"name":"Startseite","item":"https:\/\/amare-atelier.pl\/de\/startseite\/"},{"@type":"ListItem","position":2,"name":"Shop","item":"https:\/\/amare-atelier.pl\/de\/shop\/"},{"@type":"ListItem","position":3,"name":"Braunes \u00d6ko-Leder Ramones"}]},{"@type":"WebSite","@id":"https:\/\/amare-atelier.pl\/de\/#website","url":"https:\/\/amare-atelier.pl\/de\/","name":"Amare Atelier \u2013 Modna Odzie\u017c Damska | Styl, Klasa, Kobieco\u015b\u0107","description":"","publisher":{"@id":"https:\/\/amare-atelier.pl\/de\/#organization"},"potentialAction":[{"@type":"SearchAction","target":{"@type":"EntryPoint","urlTemplate":"https:\/\/amare-atelier.pl\/de\/?s={search_term_string}"},"query-input":{"@type":"PropertyValueSpecification","valueRequired":true,"valueName":"search_term_string"}}],"inLanguage":"de"},{"@type":"Organization","@id":"https:\/\/amare-atelier.pl\/de\/#organization","name":"Amare Atelier \u2013 Modna Odzie\u017c Damska | Styl, Klasa, Kobieco\u015b\u0107","url":"https:\/\/amare-atelier.pl\/de\/","logo":{"@type":"ImageObject","inLanguage":"de","@id":"https:\/\/amare-atelier.pl\/de\/#\/schema\/logo\/image\/","url":"https:\/\/amare-atelier.pl\/wp-content\/uploads\/2025\/06\/amare-logo.svg","contentUrl":"https:\/\/amare-atelier.pl\/wp-content\/uploads\/2025\/06\/amare-logo.svg","width":578,"height":238,"caption":"Amare Atelier \u2013 Modna Odzie\u017c Damska | Styl, Klasa, Kobieco\u015b\u0107"},"image":{"@id":"https:\/\/amare-atelier.pl\/de\/#\/schema\/logo\/image\/"},"sameAs":["https:\/\/www.facebook.com\/profile.php?id=61577234792545","https:\/\/www.instagram.com\/amare___atelier\/"]}]}},"_links":{"self":[{"href":"https:\/\/amare-atelier.pl\/de\/wp-json\/wp\/v2\/product\/61834","targetHints":{"allow":["GET"]}}],"collection":[{"href":"https:\/\/amare-atelier.pl\/de\/wp-json\/wp\/v2\/product"}],"about":[{"href":"https:\/\/amare-atelier.pl\/de\/wp-json\/wp\/v2\/types\/product"}],"wp:featuredmedia":[{"embeddable":true,"href":"https:\/\/amare-atelier.pl\/de\/wp-json\/wp\/v2\/media\/61848"}],"wp:attachment":[{"href":"https:\/\/amare-atelier.pl\/de\/wp-json\/wp\/v2\/media?parent=61834"}],"wp:term":[{"taxonomy":"product_brand","embeddable":true,"href":"https:\/\/amare-atelier.pl\/de\/wp-json\/wp\/v2\/product_brand?post=61834"},{"taxonomy":"product_cat","embeddable":true,"href":"https:\/\/amare-atelier.pl\/de\/wp-json\/wp\/v2\/product_cat?post=61834"},{"taxonomy":"product_tag","embeddable":true,"href":"https:\/\/amare-atelier.pl\/de\/wp-json\/wp\/v2\/product_tag?post=61834"}],"curies":[{"name":"wp","href":"https:\/\/api.w.org\/{rel}","templated":true}]}}