{"id":61817,"date":"2025-06-23T19:16:05","date_gmt":"2025-06-23T17:16:05","guid":{"rendered":"https:\/\/amareprod.wpenginepowered.com\/produkt\/set-mit-weissem-top-braunem-sweatshirt-mit-wickelausschnitt-und-kurzen-shorts\/"},"modified":"2025-11-04T02:25:03","modified_gmt":"2025-11-04T01:25:03","slug":"set-mit-weissem-top-braunem-sweatshirt-mit-wickelausschnitt-und-kurzen-shorts","status":"publish","type":"product","link":"https:\/\/amare-atelier.pl\/de\/produkt\/set-mit-weissem-top-braunem-sweatshirt-mit-wickelausschnitt-und-kurzen-shorts\/","title":{"rendered":"Set mit wei\u00dfem Oberteil und brauner Bluse mit Umschlagausschnitt und kurzen Shorts"},"content":{"rendered":"<div>Ein Set bestehend aus einem wei\u00dfen Oberteil und einem braunen Oberteil mit Umschlagausschnitt und kurzen Shorts mit Bindeband in der Taille. Bequemes, weiches Material f\u00fcr den t\u00e4glichen Gebrauch. Ideal f\u00fcr Sommertage und ein l\u00e4ssiges Styling.  <\/div>\n","protected":false},"excerpt":{"rendered":"<p>Ein Set bestehend aus einem wei\u00dfen Oberteil und einem braunen Oberteil mit Umschlagausschnitt und kurzen Shorts mit Bindeband in der Taille. Bequemes, weiches Material f\u00fcr den t\u00e4glichen Gebrauch. Ideal f\u00fcr Sommertage und ein l\u00e4ssiges Styling.<\/p>\n","protected":false},"featured_media":0,"template":"","meta":{"inline_featured_image":false},"product_brand":[],"product_cat":[249],"product_tag":[],"class_list":{"0":"post-61817","1":"product","2":"type-product","3":"status-publish","5":"product_cat-sets","7":"first","8":"instock","9":"shipping-taxable","10":"purchasable","11":"product-type-variable"},"yoast_head":"<!-- This site is optimized with the Yoast SEO plugin v26.3 - https:\/\/yoast.com\/wordpress\/plugins\/seo\/ -->\n<title>Set mit wei\u00dfem Oberteil und brauner Bluse mit Umschlagausschnitt und kurzen Shorts - Amare Atelier \u2013 Modna Odzie\u017c Damska | Styl, Klasa, Kobieco\u015b\u0107<\/title>\n<meta name=\"robots\" content=\"index, follow, max-snippet:-1, max-image-preview:large, max-video-preview:-1\" \/>\n<link rel=\"canonical\" href=\"https:\/\/amare-atelier.pl\/de\/produkt\/set-mit-weissem-top-braunem-sweatshirt-mit-wickelausschnitt-und-kurzen-shorts\/\" \/>\n<meta property=\"og:locale\" content=\"de_DE\" \/>\n<meta property=\"og:type\" content=\"article\" \/>\n<meta property=\"og:title\" content=\"Set mit wei\u00dfem Oberteil und brauner Bluse mit Umschlagausschnitt und kurzen Shorts - Amare Atelier \u2013 Modna Odzie\u017c Damska | Styl, Klasa, Kobieco\u015b\u0107\" \/>\n<meta property=\"og:description\" content=\"Ein Set bestehend aus einem wei\u00dfen Oberteil und einem braunen Oberteil mit Umschlagausschnitt und kurzen Shorts mit Bindeband in der Taille. Bequemes, weiches Material f\u00fcr den t\u00e4glichen Gebrauch. Ideal f\u00fcr Sommertage und ein l\u00e4ssiges Styling.\" \/>\n<meta property=\"og:url\" content=\"https:\/\/amare-atelier.pl\/de\/produkt\/set-mit-weissem-top-braunem-sweatshirt-mit-wickelausschnitt-und-kurzen-shorts\/\" \/>\n<meta property=\"og:site_name\" content=\"Amare Atelier \u2013 Modna Odzie\u017c Damska | Styl, Klasa, Kobieco\u015b\u0107\" \/>\n<meta property=\"article:publisher\" content=\"https:\/\/www.facebook.com\/profile.php?id=61577234792545\" \/>\n<meta property=\"article:modified_time\" content=\"2025-11-04T01:25:03+00:00\" \/>\n<meta property=\"og:image\" content=\"https:\/\/amare-atelier.pl\/wp-content\/uploads\/2025\/06\/IMG_1403-scaled.jpg\" \/>\n\t<meta property=\"og:image:width\" content=\"2560\" \/>\n\t<meta property=\"og:image:height\" content=\"2135\" \/>\n\t<meta property=\"og:image:type\" content=\"image\/jpeg\" \/>\n<meta name=\"twitter:card\" content=\"summary_large_image\" \/>\n<script type=\"application\/ld+json\" class=\"yoast-schema-graph\">{\"@context\":\"https:\/\/schema.org\",\"@graph\":[{\"@type\":\"WebPage\",\"@id\":\"https:\/\/amare-atelier.pl\/de\/produkt\/set-mit-weissem-top-braunem-sweatshirt-mit-wickelausschnitt-und-kurzen-shorts\/\",\"url\":\"https:\/\/amare-atelier.pl\/de\/produkt\/set-mit-weissem-top-braunem-sweatshirt-mit-wickelausschnitt-und-kurzen-shorts\/\",\"name\":\"Set mit wei\u00dfem Oberteil und brauner Bluse mit Umschlagausschnitt und kurzen Shorts - Amare Atelier \u2013 Modna Odzie\u017c Damska | Styl, Klasa, Kobieco\u015b\u0107\",\"isPartOf\":{\"@id\":\"https:\/\/amare-atelier.pl\/de\/#website\"},\"datePublished\":\"2025-06-23T17:16:05+00:00\",\"dateModified\":\"2025-11-04T01:25:03+00:00\",\"breadcrumb\":{\"@id\":\"https:\/\/amare-atelier.pl\/de\/produkt\/set-mit-weissem-top-braunem-sweatshirt-mit-wickelausschnitt-und-kurzen-shorts\/#breadcrumb\"},\"inLanguage\":\"de\",\"potentialAction\":[{\"@type\":\"ReadAction\",\"target\":[\"https:\/\/amare-atelier.pl\/de\/produkt\/set-mit-weissem-top-braunem-sweatshirt-mit-wickelausschnitt-und-kurzen-shorts\/\"]}]},{\"@type\":\"BreadcrumbList\",\"@id\":\"https:\/\/amare-atelier.pl\/de\/produkt\/set-mit-weissem-top-braunem-sweatshirt-mit-wickelausschnitt-und-kurzen-shorts\/#breadcrumb\",\"itemListElement\":[{\"@type\":\"ListItem\",\"position\":1,\"name\":\"Startseite\",\"item\":\"https:\/\/amare-atelier.pl\/de\/startseite\/\"},{\"@type\":\"ListItem\",\"position\":2,\"name\":\"Shop\",\"item\":\"https:\/\/amare-atelier.pl\/de\/shop\/\"},{\"@type\":\"ListItem\",\"position\":3,\"name\":\"Set mit wei\u00dfem Oberteil und brauner Bluse mit Umschlagausschnitt und kurzen Shorts\"}]},{\"@type\":\"WebSite\",\"@id\":\"https:\/\/amare-atelier.pl\/de\/#website\",\"url\":\"https:\/\/amare-atelier.pl\/de\/\",\"name\":\"Amare Atelier \u2013 Modna Odzie\u017c Damska | Styl, Klasa, Kobieco\u015b\u0107\",\"description\":\"\",\"publisher\":{\"@id\":\"https:\/\/amare-atelier.pl\/de\/#organization\"},\"potentialAction\":[{\"@type\":\"SearchAction\",\"target\":{\"@type\":\"EntryPoint\",\"urlTemplate\":\"https:\/\/amare-atelier.pl\/de\/?s={search_term_string}\"},\"query-input\":{\"@type\":\"PropertyValueSpecification\",\"valueRequired\":true,\"valueName\":\"search_term_string\"}}],\"inLanguage\":\"de\"},{\"@type\":\"Organization\",\"@id\":\"https:\/\/amare-atelier.pl\/de\/#organization\",\"name\":\"Amare Atelier \u2013 Modna Odzie\u017c Damska | Styl, Klasa, Kobieco\u015b\u0107\",\"url\":\"https:\/\/amare-atelier.pl\/de\/\",\"logo\":{\"@type\":\"ImageObject\",\"inLanguage\":\"de\",\"@id\":\"https:\/\/amare-atelier.pl\/de\/#\/schema\/logo\/image\/\",\"url\":\"https:\/\/amare-atelier.pl\/wp-content\/uploads\/2025\/06\/amare-logo.svg\",\"contentUrl\":\"https:\/\/amare-atelier.pl\/wp-content\/uploads\/2025\/06\/amare-logo.svg\",\"width\":578,\"height\":238,\"caption\":\"Amare Atelier \u2013 Modna Odzie\u017c Damska | Styl, Klasa, Kobieco\u015b\u0107\"},\"image\":{\"@id\":\"https:\/\/amare-atelier.pl\/de\/#\/schema\/logo\/image\/\"},\"sameAs\":[\"https:\/\/www.facebook.com\/profile.php?id=61577234792545\",\"https:\/\/www.instagram.com\/amare___atelier\/\"]}]}<\/script>\n<!-- \/ Yoast SEO plugin. -->","yoast_head_json":{"title":"Set mit wei\u00dfem Oberteil und brauner Bluse mit Umschlagausschnitt und kurzen Shorts - Amare Atelier \u2013 Modna Odzie\u017c Damska | Styl, Klasa, Kobieco\u015b\u0107","robots":{"index":"index","follow":"follow","max-snippet":"max-snippet:-1","max-image-preview":"max-image-preview:large","max-video-preview":"max-video-preview:-1"},"canonical":"https:\/\/amare-atelier.pl\/de\/produkt\/set-mit-weissem-top-braunem-sweatshirt-mit-wickelausschnitt-und-kurzen-shorts\/","og_locale":"de_DE","og_type":"article","og_title":"Set mit wei\u00dfem Oberteil und brauner Bluse mit Umschlagausschnitt und kurzen Shorts - Amare Atelier \u2013 Modna Odzie\u017c Damska | Styl, Klasa, Kobieco\u015b\u0107","og_description":"Ein Set bestehend aus einem wei\u00dfen Oberteil und einem braunen Oberteil mit Umschlagausschnitt und kurzen Shorts mit Bindeband in der Taille. Bequemes, weiches Material f\u00fcr den t\u00e4glichen Gebrauch. Ideal f\u00fcr Sommertage und ein l\u00e4ssiges Styling.","og_url":"https:\/\/amare-atelier.pl\/de\/produkt\/set-mit-weissem-top-braunem-sweatshirt-mit-wickelausschnitt-und-kurzen-shorts\/","og_site_name":"Amare Atelier \u2013 Modna Odzie\u017c Damska | Styl, Klasa, Kobieco\u015b\u0107","article_publisher":"https:\/\/www.facebook.com\/profile.php?id=61577234792545","article_modified_time":"2025-11-04T01:25:03+00:00","og_image":[{"width":2560,"height":2135,"url":"https:\/\/amare-atelier.pl\/wp-content\/uploads\/2025\/06\/IMG_1403-scaled.jpg","type":"image\/jpeg"}],"twitter_card":"summary_large_image","schema":{"@context":"https:\/\/schema.org","@graph":[{"@type":"WebPage","@id":"https:\/\/amare-atelier.pl\/de\/produkt\/set-mit-weissem-top-braunem-sweatshirt-mit-wickelausschnitt-und-kurzen-shorts\/","url":"https:\/\/amare-atelier.pl\/de\/produkt\/set-mit-weissem-top-braunem-sweatshirt-mit-wickelausschnitt-und-kurzen-shorts\/","name":"Set mit wei\u00dfem Oberteil und brauner Bluse mit Umschlagausschnitt und kurzen Shorts - Amare Atelier \u2013 Modna Odzie\u017c Damska | Styl, Klasa, Kobieco\u015b\u0107","isPartOf":{"@id":"https:\/\/amare-atelier.pl\/de\/#website"},"datePublished":"2025-06-23T17:16:05+00:00","dateModified":"2025-11-04T01:25:03+00:00","breadcrumb":{"@id":"https:\/\/amare-atelier.pl\/de\/produkt\/set-mit-weissem-top-braunem-sweatshirt-mit-wickelausschnitt-und-kurzen-shorts\/#breadcrumb"},"inLanguage":"de","potentialAction":[{"@type":"ReadAction","target":["https:\/\/amare-atelier.pl\/de\/produkt\/set-mit-weissem-top-braunem-sweatshirt-mit-wickelausschnitt-und-kurzen-shorts\/"]}]},{"@type":"BreadcrumbList","@id":"https:\/\/amare-atelier.pl\/de\/produkt\/set-mit-weissem-top-braunem-sweatshirt-mit-wickelausschnitt-und-kurzen-shorts\/#breadcrumb","itemListElement":[{"@type":"ListItem","position":1,"name":"Startseite","item":"https:\/\/amare-atelier.pl\/de\/startseite\/"},{"@type":"ListItem","position":2,"name":"Shop","item":"https:\/\/amare-atelier.pl\/de\/shop\/"},{"@type":"ListItem","position":3,"name":"Set mit wei\u00dfem Oberteil und brauner Bluse mit Umschlagausschnitt und kurzen Shorts"}]},{"@type":"WebSite","@id":"https:\/\/amare-atelier.pl\/de\/#website","url":"https:\/\/amare-atelier.pl\/de\/","name":"Amare Atelier \u2013 Modna Odzie\u017c Damska | Styl, Klasa, Kobieco\u015b\u0107","description":"","publisher":{"@id":"https:\/\/amare-atelier.pl\/de\/#organization"},"potentialAction":[{"@type":"SearchAction","target":{"@type":"EntryPoint","urlTemplate":"https:\/\/amare-atelier.pl\/de\/?s={search_term_string}"},"query-input":{"@type":"PropertyValueSpecification","valueRequired":true,"valueName":"search_term_string"}}],"inLanguage":"de"},{"@type":"Organization","@id":"https:\/\/amare-atelier.pl\/de\/#organization","name":"Amare Atelier \u2013 Modna Odzie\u017c Damska | Styl, Klasa, Kobieco\u015b\u0107","url":"https:\/\/amare-atelier.pl\/de\/","logo":{"@type":"ImageObject","inLanguage":"de","@id":"https:\/\/amare-atelier.pl\/de\/#\/schema\/logo\/image\/","url":"https:\/\/amare-atelier.pl\/wp-content\/uploads\/2025\/06\/amare-logo.svg","contentUrl":"https:\/\/amare-atelier.pl\/wp-content\/uploads\/2025\/06\/amare-logo.svg","width":578,"height":238,"caption":"Amare Atelier \u2013 Modna Odzie\u017c Damska | Styl, Klasa, Kobieco\u015b\u0107"},"image":{"@id":"https:\/\/amare-atelier.pl\/de\/#\/schema\/logo\/image\/"},"sameAs":["https:\/\/www.facebook.com\/profile.php?id=61577234792545","https:\/\/www.instagram.com\/amare___atelier\/"]}]}},"_links":{"self":[{"href":"https:\/\/amare-atelier.pl\/de\/wp-json\/wp\/v2\/product\/61817","targetHints":{"allow":["GET"]}}],"collection":[{"href":"https:\/\/amare-atelier.pl\/de\/wp-json\/wp\/v2\/product"}],"about":[{"href":"https:\/\/amare-atelier.pl\/de\/wp-json\/wp\/v2\/types\/product"}],"wp:attachment":[{"href":"https:\/\/amare-atelier.pl\/de\/wp-json\/wp\/v2\/media?parent=61817"}],"wp:term":[{"taxonomy":"product_brand","embeddable":true,"href":"https:\/\/amare-atelier.pl\/de\/wp-json\/wp\/v2\/product_brand?post=61817"},{"taxonomy":"product_cat","embeddable":true,"href":"https:\/\/amare-atelier.pl\/de\/wp-json\/wp\/v2\/product_cat?post=61817"},{"taxonomy":"product_tag","embeddable":true,"href":"https:\/\/amare-atelier.pl\/de\/wp-json\/wp\/v2\/product_tag?post=61817"}],"curies":[{"name":"wp","href":"https:\/\/api.w.org\/{rel}","templated":true}]}}