{"id":61797,"date":"2025-06-23T19:21:57","date_gmt":"2025-06-23T17:21:57","guid":{"rendered":"https:\/\/amareprod.wpenginepowered.com\/produkt\/oversize-bluse-te-amo-quila-haargummi\/"},"modified":"2025-11-04T02:25:05","modified_gmt":"2025-11-04T01:25:05","slug":"oversize-bluse-te-amo-quila-haargummi","status":"publish","type":"product","link":"https:\/\/amare-atelier.pl\/de\/produkt\/oversize-bluse-te-amo-quila-haargummi\/","title":{"rendered":"\u00dcbergro\u00dfe Bluse TE AMO QUILA &amp; Haargummi"},"content":{"rendered":"<div>\n<div>Eine einzigartige Oversize-Bluse in intensivem Rosa mit einem verspielten Aufdruck von &#8220;TE: \u25a1AMO \u2611QUILA&#8221; in kontrastierendem Rot. Das Modell zeichnet sich durch seinen lockeren Schnitt aus, der f\u00fcr vollen Komfort und Bewegungsfreiheit sorgt. Die Bluse kann auf verschiedene Weise getragen werden: klassisch, in der Taille gebunden oder in eine Hose oder einen Rock gesteckt &#8211; alles h\u00e4ngt von Ihrem Stil und Ihrer Stimmung ab.  <\/div>\n<div>Sie wird mit einem passenden Haargummi geliefert, das zur Bluse passt und f\u00fcr einen stimmigen, modischen Look sorgt. Es ist perfekt f\u00fcr den Alltag, aber auch f\u00fcr Treffen mit Freunden oder Ausfl\u00fcge im Sommer. <\/div>\n<\/div>\n","protected":false},"excerpt":{"rendered":"<p>Eine einzigartige Oversize-Bluse in intensivem Rosa mit einem verspielten Aufdruck von &#8220;TE: \u25a1AMO \u2611QUILA&#8221; in kontrastierendem Rot. Das Modell zeichnet sich durch seinen lockeren Schnitt aus, der f\u00fcr vollen Komfort und Bewegungsfreiheit sorgt. Die Bluse kann auf verschiedene Weise getragen werden: klassisch, in der Taille gebunden oder in eine Hose oder einen Rock gesteckt &#8211; [&hellip;]<\/p>\n","protected":false},"featured_media":61809,"template":"","meta":{"inline_featured_image":false},"product_brand":[],"product_cat":[254,246],"product_tag":[],"class_list":{"0":"post-61797","1":"product","2":"type-product","3":"status-publish","4":"has-post-thumbnail","6":"product_cat-blusen","7":"product_cat-sommer","10":"first","11":"instock","12":"shipping-taxable","13":"purchasable","14":"product-type-variable"},"yoast_head":"<!-- This site is optimized with the Yoast SEO plugin v26.3 - https:\/\/yoast.com\/wordpress\/plugins\/seo\/ -->\n<title>\u00dcbergro\u00dfe Bluse TE AMO QUILA &amp; Haargummi - Amare Atelier \u2013 Modna Odzie\u017c Damska | Styl, Klasa, Kobieco\u015b\u0107<\/title>\n<meta name=\"robots\" content=\"index, follow, max-snippet:-1, max-image-preview:large, max-video-preview:-1\" \/>\n<link rel=\"canonical\" href=\"https:\/\/amare-atelier.pl\/de\/produkt\/oversize-bluse-te-amo-quila-haargummi\/\" \/>\n<meta property=\"og:locale\" content=\"de_DE\" \/>\n<meta property=\"og:type\" content=\"article\" \/>\n<meta property=\"og:title\" content=\"\u00dcbergro\u00dfe Bluse TE AMO QUILA &amp; Haargummi - Amare Atelier \u2013 Modna Odzie\u017c Damska | Styl, Klasa, Kobieco\u015b\u0107\" \/>\n<meta property=\"og:description\" content=\"Eine einzigartige Oversize-Bluse in intensivem Rosa mit einem verspielten Aufdruck von &#8220;TE: \u25a1AMO \u2611QUILA&#8221; in kontrastierendem Rot. Das Modell zeichnet sich durch seinen lockeren Schnitt aus, der f\u00fcr vollen Komfort und Bewegungsfreiheit sorgt. Die Bluse kann auf verschiedene Weise getragen werden: klassisch, in der Taille gebunden oder in eine Hose oder einen Rock gesteckt &#8211; [&hellip;]\" \/>\n<meta property=\"og:url\" content=\"https:\/\/amare-atelier.pl\/de\/produkt\/oversize-bluse-te-amo-quila-haargummi\/\" \/>\n<meta property=\"og:site_name\" content=\"Amare Atelier \u2013 Modna Odzie\u017c Damska | Styl, Klasa, Kobieco\u015b\u0107\" \/>\n<meta property=\"article:publisher\" content=\"https:\/\/www.facebook.com\/profile.php?id=61577234792545\" \/>\n<meta property=\"article:modified_time\" content=\"2025-11-04T01:25:05+00:00\" \/>\n<meta property=\"og:image\" content=\"https:\/\/amare-atelier.pl\/wp-content\/uploads\/2025\/06\/IMG_7681.jpeg\" \/>\n\t<meta property=\"og:image:width\" content=\"1206\" \/>\n\t<meta property=\"og:image:height\" content=\"1167\" \/>\n\t<meta property=\"og:image:type\" content=\"image\/jpeg\" \/>\n<meta name=\"twitter:card\" content=\"summary_large_image\" \/>\n<meta name=\"twitter:label1\" content=\"Gesch\u00e4tzte Lesezeit\" \/>\n\t<meta name=\"twitter:data1\" content=\"1\u00a0Minute\" \/>\n<script type=\"application\/ld+json\" class=\"yoast-schema-graph\">{\"@context\":\"https:\/\/schema.org\",\"@graph\":[{\"@type\":\"WebPage\",\"@id\":\"https:\/\/amare-atelier.pl\/de\/produkt\/oversize-bluse-te-amo-quila-haargummi\/\",\"url\":\"https:\/\/amare-atelier.pl\/de\/produkt\/oversize-bluse-te-amo-quila-haargummi\/\",\"name\":\"\u00dcbergro\u00dfe Bluse TE AMO QUILA &amp; Haargummi - Amare Atelier \u2013 Modna Odzie\u017c Damska | Styl, Klasa, Kobieco\u015b\u0107\",\"isPartOf\":{\"@id\":\"https:\/\/amare-atelier.pl\/de\/#website\"},\"primaryImageOfPage\":{\"@id\":\"https:\/\/amare-atelier.pl\/de\/produkt\/oversize-bluse-te-amo-quila-haargummi\/#primaryimage\"},\"image\":{\"@id\":\"https:\/\/amare-atelier.pl\/de\/produkt\/oversize-bluse-te-amo-quila-haargummi\/#primaryimage\"},\"thumbnailUrl\":\"https:\/\/amare-atelier.pl\/wp-content\/uploads\/2025\/06\/IMG_7681.jpeg\",\"datePublished\":\"2025-06-23T17:21:57+00:00\",\"dateModified\":\"2025-11-04T01:25:05+00:00\",\"breadcrumb\":{\"@id\":\"https:\/\/amare-atelier.pl\/de\/produkt\/oversize-bluse-te-amo-quila-haargummi\/#breadcrumb\"},\"inLanguage\":\"de\",\"potentialAction\":[{\"@type\":\"ReadAction\",\"target\":[\"https:\/\/amare-atelier.pl\/de\/produkt\/oversize-bluse-te-amo-quila-haargummi\/\"]}]},{\"@type\":\"ImageObject\",\"inLanguage\":\"de\",\"@id\":\"https:\/\/amare-atelier.pl\/de\/produkt\/oversize-bluse-te-amo-quila-haargummi\/#primaryimage\",\"url\":\"https:\/\/amare-atelier.pl\/wp-content\/uploads\/2025\/06\/IMG_7681.jpeg\",\"contentUrl\":\"https:\/\/amare-atelier.pl\/wp-content\/uploads\/2025\/06\/IMG_7681.jpeg\",\"width\":1206,\"height\":1167,\"caption\":\"Bildschirmfoto\"},{\"@type\":\"BreadcrumbList\",\"@id\":\"https:\/\/amare-atelier.pl\/de\/produkt\/oversize-bluse-te-amo-quila-haargummi\/#breadcrumb\",\"itemListElement\":[{\"@type\":\"ListItem\",\"position\":1,\"name\":\"Startseite\",\"item\":\"https:\/\/amare-atelier.pl\/de\/startseite\/\"},{\"@type\":\"ListItem\",\"position\":2,\"name\":\"Shop\",\"item\":\"https:\/\/amare-atelier.pl\/de\/shop\/\"},{\"@type\":\"ListItem\",\"position\":3,\"name\":\"\u00dcbergro\u00dfe Bluse TE AMO QUILA &amp; Haargummi\"}]},{\"@type\":\"WebSite\",\"@id\":\"https:\/\/amare-atelier.pl\/de\/#website\",\"url\":\"https:\/\/amare-atelier.pl\/de\/\",\"name\":\"Amare Atelier \u2013 Modna Odzie\u017c Damska | Styl, Klasa, Kobieco\u015b\u0107\",\"description\":\"\",\"publisher\":{\"@id\":\"https:\/\/amare-atelier.pl\/de\/#organization\"},\"potentialAction\":[{\"@type\":\"SearchAction\",\"target\":{\"@type\":\"EntryPoint\",\"urlTemplate\":\"https:\/\/amare-atelier.pl\/de\/?s={search_term_string}\"},\"query-input\":{\"@type\":\"PropertyValueSpecification\",\"valueRequired\":true,\"valueName\":\"search_term_string\"}}],\"inLanguage\":\"de\"},{\"@type\":\"Organization\",\"@id\":\"https:\/\/amare-atelier.pl\/de\/#organization\",\"name\":\"Amare Atelier \u2013 Modna Odzie\u017c Damska | Styl, Klasa, Kobieco\u015b\u0107\",\"url\":\"https:\/\/amare-atelier.pl\/de\/\",\"logo\":{\"@type\":\"ImageObject\",\"inLanguage\":\"de\",\"@id\":\"https:\/\/amare-atelier.pl\/de\/#\/schema\/logo\/image\/\",\"url\":\"https:\/\/amare-atelier.pl\/wp-content\/uploads\/2025\/06\/amare-logo.svg\",\"contentUrl\":\"https:\/\/amare-atelier.pl\/wp-content\/uploads\/2025\/06\/amare-logo.svg\",\"width\":578,\"height\":238,\"caption\":\"Amare Atelier \u2013 Modna Odzie\u017c Damska | Styl, Klasa, Kobieco\u015b\u0107\"},\"image\":{\"@id\":\"https:\/\/amare-atelier.pl\/de\/#\/schema\/logo\/image\/\"},\"sameAs\":[\"https:\/\/www.facebook.com\/profile.php?id=61577234792545\",\"https:\/\/www.instagram.com\/amare___atelier\/\"]}]}<\/script>\n<!-- \/ Yoast SEO plugin. -->","yoast_head_json":{"title":"\u00dcbergro\u00dfe Bluse TE AMO QUILA &amp; Haargummi - Amare Atelier \u2013 Modna Odzie\u017c Damska | Styl, Klasa, Kobieco\u015b\u0107","robots":{"index":"index","follow":"follow","max-snippet":"max-snippet:-1","max-image-preview":"max-image-preview:large","max-video-preview":"max-video-preview:-1"},"canonical":"https:\/\/amare-atelier.pl\/de\/produkt\/oversize-bluse-te-amo-quila-haargummi\/","og_locale":"de_DE","og_type":"article","og_title":"\u00dcbergro\u00dfe Bluse TE AMO QUILA &amp; Haargummi - Amare Atelier \u2013 Modna Odzie\u017c Damska | Styl, Klasa, Kobieco\u015b\u0107","og_description":"Eine einzigartige Oversize-Bluse in intensivem Rosa mit einem verspielten Aufdruck von &#8220;TE: \u25a1AMO \u2611QUILA&#8221; in kontrastierendem Rot. Das Modell zeichnet sich durch seinen lockeren Schnitt aus, der f\u00fcr vollen Komfort und Bewegungsfreiheit sorgt. Die Bluse kann auf verschiedene Weise getragen werden: klassisch, in der Taille gebunden oder in eine Hose oder einen Rock gesteckt &#8211; [&hellip;]","og_url":"https:\/\/amare-atelier.pl\/de\/produkt\/oversize-bluse-te-amo-quila-haargummi\/","og_site_name":"Amare Atelier \u2013 Modna Odzie\u017c Damska | Styl, Klasa, Kobieco\u015b\u0107","article_publisher":"https:\/\/www.facebook.com\/profile.php?id=61577234792545","article_modified_time":"2025-11-04T01:25:05+00:00","og_image":[{"width":1206,"height":1167,"url":"https:\/\/amare-atelier.pl\/wp-content\/uploads\/2025\/06\/IMG_7681.jpeg","type":"image\/jpeg"}],"twitter_card":"summary_large_image","twitter_misc":{"Gesch\u00e4tzte Lesezeit":"1\u00a0Minute"},"schema":{"@context":"https:\/\/schema.org","@graph":[{"@type":"WebPage","@id":"https:\/\/amare-atelier.pl\/de\/produkt\/oversize-bluse-te-amo-quila-haargummi\/","url":"https:\/\/amare-atelier.pl\/de\/produkt\/oversize-bluse-te-amo-quila-haargummi\/","name":"\u00dcbergro\u00dfe Bluse TE AMO QUILA &amp; Haargummi - Amare Atelier \u2013 Modna Odzie\u017c Damska | Styl, Klasa, Kobieco\u015b\u0107","isPartOf":{"@id":"https:\/\/amare-atelier.pl\/de\/#website"},"primaryImageOfPage":{"@id":"https:\/\/amare-atelier.pl\/de\/produkt\/oversize-bluse-te-amo-quila-haargummi\/#primaryimage"},"image":{"@id":"https:\/\/amare-atelier.pl\/de\/produkt\/oversize-bluse-te-amo-quila-haargummi\/#primaryimage"},"thumbnailUrl":"https:\/\/amare-atelier.pl\/wp-content\/uploads\/2025\/06\/IMG_7681.jpeg","datePublished":"2025-06-23T17:21:57+00:00","dateModified":"2025-11-04T01:25:05+00:00","breadcrumb":{"@id":"https:\/\/amare-atelier.pl\/de\/produkt\/oversize-bluse-te-amo-quila-haargummi\/#breadcrumb"},"inLanguage":"de","potentialAction":[{"@type":"ReadAction","target":["https:\/\/amare-atelier.pl\/de\/produkt\/oversize-bluse-te-amo-quila-haargummi\/"]}]},{"@type":"ImageObject","inLanguage":"de","@id":"https:\/\/amare-atelier.pl\/de\/produkt\/oversize-bluse-te-amo-quila-haargummi\/#primaryimage","url":"https:\/\/amare-atelier.pl\/wp-content\/uploads\/2025\/06\/IMG_7681.jpeg","contentUrl":"https:\/\/amare-atelier.pl\/wp-content\/uploads\/2025\/06\/IMG_7681.jpeg","width":1206,"height":1167,"caption":"Bildschirmfoto"},{"@type":"BreadcrumbList","@id":"https:\/\/amare-atelier.pl\/de\/produkt\/oversize-bluse-te-amo-quila-haargummi\/#breadcrumb","itemListElement":[{"@type":"ListItem","position":1,"name":"Startseite","item":"https:\/\/amare-atelier.pl\/de\/startseite\/"},{"@type":"ListItem","position":2,"name":"Shop","item":"https:\/\/amare-atelier.pl\/de\/shop\/"},{"@type":"ListItem","position":3,"name":"\u00dcbergro\u00dfe Bluse TE AMO QUILA &amp; Haargummi"}]},{"@type":"WebSite","@id":"https:\/\/amare-atelier.pl\/de\/#website","url":"https:\/\/amare-atelier.pl\/de\/","name":"Amare Atelier \u2013 Modna Odzie\u017c Damska | Styl, Klasa, Kobieco\u015b\u0107","description":"","publisher":{"@id":"https:\/\/amare-atelier.pl\/de\/#organization"},"potentialAction":[{"@type":"SearchAction","target":{"@type":"EntryPoint","urlTemplate":"https:\/\/amare-atelier.pl\/de\/?s={search_term_string}"},"query-input":{"@type":"PropertyValueSpecification","valueRequired":true,"valueName":"search_term_string"}}],"inLanguage":"de"},{"@type":"Organization","@id":"https:\/\/amare-atelier.pl\/de\/#organization","name":"Amare Atelier \u2013 Modna Odzie\u017c Damska | Styl, Klasa, Kobieco\u015b\u0107","url":"https:\/\/amare-atelier.pl\/de\/","logo":{"@type":"ImageObject","inLanguage":"de","@id":"https:\/\/amare-atelier.pl\/de\/#\/schema\/logo\/image\/","url":"https:\/\/amare-atelier.pl\/wp-content\/uploads\/2025\/06\/amare-logo.svg","contentUrl":"https:\/\/amare-atelier.pl\/wp-content\/uploads\/2025\/06\/amare-logo.svg","width":578,"height":238,"caption":"Amare Atelier \u2013 Modna Odzie\u017c Damska | Styl, Klasa, Kobieco\u015b\u0107"},"image":{"@id":"https:\/\/amare-atelier.pl\/de\/#\/schema\/logo\/image\/"},"sameAs":["https:\/\/www.facebook.com\/profile.php?id=61577234792545","https:\/\/www.instagram.com\/amare___atelier\/"]}]}},"_links":{"self":[{"href":"https:\/\/amare-atelier.pl\/de\/wp-json\/wp\/v2\/product\/61797","targetHints":{"allow":["GET"]}}],"collection":[{"href":"https:\/\/amare-atelier.pl\/de\/wp-json\/wp\/v2\/product"}],"about":[{"href":"https:\/\/amare-atelier.pl\/de\/wp-json\/wp\/v2\/types\/product"}],"wp:featuredmedia":[{"embeddable":true,"href":"https:\/\/amare-atelier.pl\/de\/wp-json\/wp\/v2\/media\/61809"}],"wp:attachment":[{"href":"https:\/\/amare-atelier.pl\/de\/wp-json\/wp\/v2\/media?parent=61797"}],"wp:term":[{"taxonomy":"product_brand","embeddable":true,"href":"https:\/\/amare-atelier.pl\/de\/wp-json\/wp\/v2\/product_brand?post=61797"},{"taxonomy":"product_cat","embeddable":true,"href":"https:\/\/amare-atelier.pl\/de\/wp-json\/wp\/v2\/product_cat?post=61797"},{"taxonomy":"product_tag","embeddable":true,"href":"https:\/\/amare-atelier.pl\/de\/wp-json\/wp\/v2\/product_tag?post=61797"}],"curies":[{"name":"wp","href":"https:\/\/api.w.org\/{rel}","templated":true}]}}