{"id":61779,"date":"2025-06-25T19:26:40","date_gmt":"2025-06-25T17:26:40","guid":{"rendered":"https:\/\/amareprod.wpenginepowered.com\/produkt\/fuchsia-mini-kleid-mit-raffung\/"},"modified":"2026-03-24T17:04:56","modified_gmt":"2026-03-24T16:04:56","slug":"fuchsia-mini-kleid-mit-raffung","status":"publish","type":"product","link":"https:\/\/amare-atelier.pl\/de\/produkt\/fuchsia-mini-kleid-mit-raffung\/","title":{"rendered":"Fuchsiafarbenes Minikleid mit B\u00fcgelfalte"},"content":{"rendered":"<p>Setzen Sie auf Farbe und einen femininen Schnitt! Dieses taillierte Minikleid in einem intensiven Fuchsia-Ton ist f\u00fcr mutige Frauen, die gerne die Blicke auf sich ziehen. Das Modell mit Falten an den Seiten betont die Silhouette wundersch\u00f6n, und die B\u00e4nder erm\u00f6glichen es Ihnen, die L\u00e4nge des Kleides nach Ihren W\u00fcnschen anzupassen. Der \u00e4rmellose Schnitt entbl\u00f6\u00dft die Schultern, w\u00e4hrend der Stretch-Stoff f\u00fcr angenehmen Tragekomfort sorgt. Perfekt f\u00fcr eine Party, ein Date oder einen Sommerausflug mit Freunden. Vervollst\u00e4ndigen Sie den Look mit auff\u00e4lligen hochhackigen Sandalen.     <\/p>\n","protected":false},"excerpt":{"rendered":"<p>Setzen Sie auf Farbe und einen femininen Schnitt! Dieses taillierte Minikleid in einem intensiven Fuchsia-Ton ist f\u00fcr mutige Frauen, die gerne die Blicke auf sich ziehen. Das Modell mit Falten an den Seiten betont die Silhouette wundersch\u00f6n, und die B\u00e4nder erm\u00f6glichen es Ihnen, die L\u00e4nge des Kleides nach Ihren W\u00fcnschen anzupassen. Der \u00e4rmellose Schnitt entbl\u00f6\u00dft [&hellip;]<\/p>\n","protected":false},"featured_media":61782,"template":"","meta":{"inline_featured_image":false},"product_brand":[],"product_cat":[245,246,317],"product_tag":[],"class_list":{"0":"post-61779","1":"product","2":"type-product","3":"status-publish","4":"has-post-thumbnail","6":"product_cat-kleider","7":"product_cat-sommer","8":"product_cat-verkauf","11":"first","12":"instock","13":"sale","14":"shipping-taxable","15":"purchasable","16":"product-type-variable"},"yoast_head":"<!-- This site is optimized with the Yoast SEO plugin v26.3 - https:\/\/yoast.com\/wordpress\/plugins\/seo\/ -->\n<title>Fuchsiafarbenes Minikleid mit B\u00fcgelfalte - Amare Atelier \u2013 Modna Odzie\u017c Damska | Styl, Klasa, Kobieco\u015b\u0107<\/title>\n<meta name=\"robots\" content=\"index, follow, max-snippet:-1, max-image-preview:large, max-video-preview:-1\" \/>\n<link rel=\"canonical\" href=\"https:\/\/amare-atelier.pl\/de\/produkt\/fuchsia-mini-kleid-mit-raffung\/\" \/>\n<meta property=\"og:locale\" content=\"de_DE\" \/>\n<meta property=\"og:type\" content=\"article\" \/>\n<meta property=\"og:title\" content=\"Fuchsiafarbenes Minikleid mit B\u00fcgelfalte - Amare Atelier \u2013 Modna Odzie\u017c Damska | Styl, Klasa, Kobieco\u015b\u0107\" \/>\n<meta property=\"og:description\" content=\"Setzen Sie auf Farbe und einen femininen Schnitt! Dieses taillierte Minikleid in einem intensiven Fuchsia-Ton ist f\u00fcr mutige Frauen, die gerne die Blicke auf sich ziehen. Das Modell mit Falten an den Seiten betont die Silhouette wundersch\u00f6n, und die B\u00e4nder erm\u00f6glichen es Ihnen, die L\u00e4nge des Kleides nach Ihren W\u00fcnschen anzupassen. Der \u00e4rmellose Schnitt entbl\u00f6\u00dft [&hellip;]\" \/>\n<meta property=\"og:url\" content=\"https:\/\/amare-atelier.pl\/de\/produkt\/fuchsia-mini-kleid-mit-raffung\/\" \/>\n<meta property=\"og:site_name\" content=\"Amare Atelier \u2013 Modna Odzie\u017c Damska | Styl, Klasa, Kobieco\u015b\u0107\" \/>\n<meta property=\"article:publisher\" content=\"https:\/\/www.facebook.com\/profile.php?id=61577234792545\" \/>\n<meta property=\"article:modified_time\" content=\"2026-03-24T16:04:56+00:00\" \/>\n<meta property=\"og:image\" content=\"https:\/\/amare-atelier.pl\/wp-content\/uploads\/2025\/06\/IMG_7658.jpeg\" \/>\n\t<meta property=\"og:image:width\" content=\"1536\" \/>\n\t<meta property=\"og:image:height\" content=\"2048\" \/>\n\t<meta property=\"og:image:type\" content=\"image\/jpeg\" \/>\n<meta name=\"twitter:card\" content=\"summary_large_image\" \/>\n<script type=\"application\/ld+json\" class=\"yoast-schema-graph\">{\"@context\":\"https:\/\/schema.org\",\"@graph\":[{\"@type\":\"WebPage\",\"@id\":\"https:\/\/amare-atelier.pl\/de\/produkt\/fuchsia-mini-kleid-mit-raffung\/\",\"url\":\"https:\/\/amare-atelier.pl\/de\/produkt\/fuchsia-mini-kleid-mit-raffung\/\",\"name\":\"Fuchsiafarbenes Minikleid mit B\u00fcgelfalte - Amare Atelier \u2013 Modna Odzie\u017c Damska | Styl, Klasa, Kobieco\u015b\u0107\",\"isPartOf\":{\"@id\":\"https:\/\/amare-atelier.pl\/de\/#website\"},\"primaryImageOfPage\":{\"@id\":\"https:\/\/amare-atelier.pl\/de\/produkt\/fuchsia-mini-kleid-mit-raffung\/#primaryimage\"},\"image\":{\"@id\":\"https:\/\/amare-atelier.pl\/de\/produkt\/fuchsia-mini-kleid-mit-raffung\/#primaryimage\"},\"thumbnailUrl\":\"https:\/\/amare-atelier.pl\/wp-content\/uploads\/2025\/06\/IMG_7658.jpeg\",\"datePublished\":\"2025-06-25T17:26:40+00:00\",\"dateModified\":\"2026-03-24T16:04:56+00:00\",\"breadcrumb\":{\"@id\":\"https:\/\/amare-atelier.pl\/de\/produkt\/fuchsia-mini-kleid-mit-raffung\/#breadcrumb\"},\"inLanguage\":\"de\",\"potentialAction\":[{\"@type\":\"ReadAction\",\"target\":[\"https:\/\/amare-atelier.pl\/de\/produkt\/fuchsia-mini-kleid-mit-raffung\/\"]}]},{\"@type\":\"ImageObject\",\"inLanguage\":\"de\",\"@id\":\"https:\/\/amare-atelier.pl\/de\/produkt\/fuchsia-mini-kleid-mit-raffung\/#primaryimage\",\"url\":\"https:\/\/amare-atelier.pl\/wp-content\/uploads\/2025\/06\/IMG_7658.jpeg\",\"contentUrl\":\"https:\/\/amare-atelier.pl\/wp-content\/uploads\/2025\/06\/IMG_7658.jpeg\",\"width\":1536,\"height\":2048},{\"@type\":\"BreadcrumbList\",\"@id\":\"https:\/\/amare-atelier.pl\/de\/produkt\/fuchsia-mini-kleid-mit-raffung\/#breadcrumb\",\"itemListElement\":[{\"@type\":\"ListItem\",\"position\":1,\"name\":\"Startseite\",\"item\":\"https:\/\/amare-atelier.pl\/de\/startseite\/\"},{\"@type\":\"ListItem\",\"position\":2,\"name\":\"Shop\",\"item\":\"https:\/\/amare-atelier.pl\/de\/shop\/\"},{\"@type\":\"ListItem\",\"position\":3,\"name\":\"Fuchsiafarbenes Minikleid mit B\u00fcgelfalte\"}]},{\"@type\":\"WebSite\",\"@id\":\"https:\/\/amare-atelier.pl\/de\/#website\",\"url\":\"https:\/\/amare-atelier.pl\/de\/\",\"name\":\"Amare Atelier \u2013 Modna Odzie\u017c Damska | Styl, Klasa, Kobieco\u015b\u0107\",\"description\":\"\",\"publisher\":{\"@id\":\"https:\/\/amare-atelier.pl\/de\/#organization\"},\"potentialAction\":[{\"@type\":\"SearchAction\",\"target\":{\"@type\":\"EntryPoint\",\"urlTemplate\":\"https:\/\/amare-atelier.pl\/de\/?s={search_term_string}\"},\"query-input\":{\"@type\":\"PropertyValueSpecification\",\"valueRequired\":true,\"valueName\":\"search_term_string\"}}],\"inLanguage\":\"de\"},{\"@type\":\"Organization\",\"@id\":\"https:\/\/amare-atelier.pl\/de\/#organization\",\"name\":\"Amare Atelier \u2013 Modna Odzie\u017c Damska | Styl, Klasa, Kobieco\u015b\u0107\",\"url\":\"https:\/\/amare-atelier.pl\/de\/\",\"logo\":{\"@type\":\"ImageObject\",\"inLanguage\":\"de\",\"@id\":\"https:\/\/amare-atelier.pl\/de\/#\/schema\/logo\/image\/\",\"url\":\"https:\/\/amare-atelier.pl\/wp-content\/uploads\/2025\/06\/amare-logo.svg\",\"contentUrl\":\"https:\/\/amare-atelier.pl\/wp-content\/uploads\/2025\/06\/amare-logo.svg\",\"width\":578,\"height\":238,\"caption\":\"Amare Atelier \u2013 Modna Odzie\u017c Damska | Styl, Klasa, Kobieco\u015b\u0107\"},\"image\":{\"@id\":\"https:\/\/amare-atelier.pl\/de\/#\/schema\/logo\/image\/\"},\"sameAs\":[\"https:\/\/www.facebook.com\/profile.php?id=61577234792545\",\"https:\/\/www.instagram.com\/amare___atelier\/\"]}]}<\/script>\n<!-- \/ Yoast SEO plugin. -->","yoast_head_json":{"title":"Fuchsiafarbenes Minikleid mit B\u00fcgelfalte - Amare Atelier \u2013 Modna Odzie\u017c Damska | Styl, Klasa, Kobieco\u015b\u0107","robots":{"index":"index","follow":"follow","max-snippet":"max-snippet:-1","max-image-preview":"max-image-preview:large","max-video-preview":"max-video-preview:-1"},"canonical":"https:\/\/amare-atelier.pl\/de\/produkt\/fuchsia-mini-kleid-mit-raffung\/","og_locale":"de_DE","og_type":"article","og_title":"Fuchsiafarbenes Minikleid mit B\u00fcgelfalte - Amare Atelier \u2013 Modna Odzie\u017c Damska | Styl, Klasa, Kobieco\u015b\u0107","og_description":"Setzen Sie auf Farbe und einen femininen Schnitt! Dieses taillierte Minikleid in einem intensiven Fuchsia-Ton ist f\u00fcr mutige Frauen, die gerne die Blicke auf sich ziehen. Das Modell mit Falten an den Seiten betont die Silhouette wundersch\u00f6n, und die B\u00e4nder erm\u00f6glichen es Ihnen, die L\u00e4nge des Kleides nach Ihren W\u00fcnschen anzupassen. Der \u00e4rmellose Schnitt entbl\u00f6\u00dft [&hellip;]","og_url":"https:\/\/amare-atelier.pl\/de\/produkt\/fuchsia-mini-kleid-mit-raffung\/","og_site_name":"Amare Atelier \u2013 Modna Odzie\u017c Damska | Styl, Klasa, Kobieco\u015b\u0107","article_publisher":"https:\/\/www.facebook.com\/profile.php?id=61577234792545","article_modified_time":"2026-03-24T16:04:56+00:00","og_image":[{"width":1536,"height":2048,"url":"https:\/\/amare-atelier.pl\/wp-content\/uploads\/2025\/06\/IMG_7658.jpeg","type":"image\/jpeg"}],"twitter_card":"summary_large_image","schema":{"@context":"https:\/\/schema.org","@graph":[{"@type":"WebPage","@id":"https:\/\/amare-atelier.pl\/de\/produkt\/fuchsia-mini-kleid-mit-raffung\/","url":"https:\/\/amare-atelier.pl\/de\/produkt\/fuchsia-mini-kleid-mit-raffung\/","name":"Fuchsiafarbenes Minikleid mit B\u00fcgelfalte - Amare Atelier \u2013 Modna Odzie\u017c Damska | Styl, Klasa, Kobieco\u015b\u0107","isPartOf":{"@id":"https:\/\/amare-atelier.pl\/de\/#website"},"primaryImageOfPage":{"@id":"https:\/\/amare-atelier.pl\/de\/produkt\/fuchsia-mini-kleid-mit-raffung\/#primaryimage"},"image":{"@id":"https:\/\/amare-atelier.pl\/de\/produkt\/fuchsia-mini-kleid-mit-raffung\/#primaryimage"},"thumbnailUrl":"https:\/\/amare-atelier.pl\/wp-content\/uploads\/2025\/06\/IMG_7658.jpeg","datePublished":"2025-06-25T17:26:40+00:00","dateModified":"2026-03-24T16:04:56+00:00","breadcrumb":{"@id":"https:\/\/amare-atelier.pl\/de\/produkt\/fuchsia-mini-kleid-mit-raffung\/#breadcrumb"},"inLanguage":"de","potentialAction":[{"@type":"ReadAction","target":["https:\/\/amare-atelier.pl\/de\/produkt\/fuchsia-mini-kleid-mit-raffung\/"]}]},{"@type":"ImageObject","inLanguage":"de","@id":"https:\/\/amare-atelier.pl\/de\/produkt\/fuchsia-mini-kleid-mit-raffung\/#primaryimage","url":"https:\/\/amare-atelier.pl\/wp-content\/uploads\/2025\/06\/IMG_7658.jpeg","contentUrl":"https:\/\/amare-atelier.pl\/wp-content\/uploads\/2025\/06\/IMG_7658.jpeg","width":1536,"height":2048},{"@type":"BreadcrumbList","@id":"https:\/\/amare-atelier.pl\/de\/produkt\/fuchsia-mini-kleid-mit-raffung\/#breadcrumb","itemListElement":[{"@type":"ListItem","position":1,"name":"Startseite","item":"https:\/\/amare-atelier.pl\/de\/startseite\/"},{"@type":"ListItem","position":2,"name":"Shop","item":"https:\/\/amare-atelier.pl\/de\/shop\/"},{"@type":"ListItem","position":3,"name":"Fuchsiafarbenes Minikleid mit B\u00fcgelfalte"}]},{"@type":"WebSite","@id":"https:\/\/amare-atelier.pl\/de\/#website","url":"https:\/\/amare-atelier.pl\/de\/","name":"Amare Atelier \u2013 Modna Odzie\u017c Damska | Styl, Klasa, Kobieco\u015b\u0107","description":"","publisher":{"@id":"https:\/\/amare-atelier.pl\/de\/#organization"},"potentialAction":[{"@type":"SearchAction","target":{"@type":"EntryPoint","urlTemplate":"https:\/\/amare-atelier.pl\/de\/?s={search_term_string}"},"query-input":{"@type":"PropertyValueSpecification","valueRequired":true,"valueName":"search_term_string"}}],"inLanguage":"de"},{"@type":"Organization","@id":"https:\/\/amare-atelier.pl\/de\/#organization","name":"Amare Atelier \u2013 Modna Odzie\u017c Damska | Styl, Klasa, Kobieco\u015b\u0107","url":"https:\/\/amare-atelier.pl\/de\/","logo":{"@type":"ImageObject","inLanguage":"de","@id":"https:\/\/amare-atelier.pl\/de\/#\/schema\/logo\/image\/","url":"https:\/\/amare-atelier.pl\/wp-content\/uploads\/2025\/06\/amare-logo.svg","contentUrl":"https:\/\/amare-atelier.pl\/wp-content\/uploads\/2025\/06\/amare-logo.svg","width":578,"height":238,"caption":"Amare Atelier \u2013 Modna Odzie\u017c Damska | Styl, Klasa, Kobieco\u015b\u0107"},"image":{"@id":"https:\/\/amare-atelier.pl\/de\/#\/schema\/logo\/image\/"},"sameAs":["https:\/\/www.facebook.com\/profile.php?id=61577234792545","https:\/\/www.instagram.com\/amare___atelier\/"]}]}},"_links":{"self":[{"href":"https:\/\/amare-atelier.pl\/de\/wp-json\/wp\/v2\/product\/61779","targetHints":{"allow":["GET"]}}],"collection":[{"href":"https:\/\/amare-atelier.pl\/de\/wp-json\/wp\/v2\/product"}],"about":[{"href":"https:\/\/amare-atelier.pl\/de\/wp-json\/wp\/v2\/types\/product"}],"wp:featuredmedia":[{"embeddable":true,"href":"https:\/\/amare-atelier.pl\/de\/wp-json\/wp\/v2\/media\/61782"}],"wp:attachment":[{"href":"https:\/\/amare-atelier.pl\/de\/wp-json\/wp\/v2\/media?parent=61779"}],"wp:term":[{"taxonomy":"product_brand","embeddable":true,"href":"https:\/\/amare-atelier.pl\/de\/wp-json\/wp\/v2\/product_brand?post=61779"},{"taxonomy":"product_cat","embeddable":true,"href":"https:\/\/amare-atelier.pl\/de\/wp-json\/wp\/v2\/product_cat?post=61779"},{"taxonomy":"product_tag","embeddable":true,"href":"https:\/\/amare-atelier.pl\/de\/wp-json\/wp\/v2\/product_tag?post=61779"}],"curies":[{"name":"wp","href":"https:\/\/api.w.org\/{rel}","templated":true}]}}