{"id":61759,"date":"2025-06-25T21:31:38","date_gmt":"2025-06-25T19:31:38","guid":{"rendered":"https:\/\/amareprod.wpenginepowered.com\/produkt\/bikerjacke-berry-chic-bordeauxrote-kunstlederjacke-mit-reissverschluessen\/"},"modified":"2025-11-04T02:25:15","modified_gmt":"2025-11-04T01:25:15","slug":"bikerjacke-berry-chic-bordeauxrote-kunstlederjacke-mit-reissverschluessen","status":"publish","type":"product","link":"https:\/\/amare-atelier.pl\/de\/produkt\/bikerjacke-berry-chic-bordeauxrote-kunstlederjacke-mit-reissverschluessen\/","title":{"rendered":"Berry Chic Ramones &#8211; Kastanienbraune Eco Lederjacke mit Rei\u00dfverschl\u00fcssen"},"content":{"rendered":"<p>Stilvoller, kurzer Damen-Rameson aus hochwertigem \u00d6ko-Leder in einem modischen Kastanienbraunton. Ein Modell mit klassischem Revers, dekorativen Rei\u00dfverschl\u00fcssen und einem markanten Schnitt, der sowohl sportliche als auch legere Stylings perfekt erg\u00e4nzt. Ideal f\u00fcr alle Jahreszeiten f\u00fcr Frauen, die Wert auf Mode und Komfort legen.  <\/p>\n","protected":false},"excerpt":{"rendered":"<p>Stilvoller, kurzer Damen-Rameson aus hochwertigem \u00d6ko-Leder in einem modischen Kastanienbraunton. Ein Modell mit klassischem Revers, dekorativen Rei\u00dfverschl\u00fcssen und einem markanten Schnitt, der sowohl sportliche als auch legere Stylings perfekt erg\u00e4nzt. Ideal f\u00fcr alle Jahreszeiten f\u00fcr Frauen, die Wert auf Mode und Komfort legen.<\/p>\n","protected":false},"featured_media":61761,"template":"","meta":{"inline_featured_image":false},"product_brand":[],"product_cat":[251,259],"product_tag":[],"class_list":{"0":"post-61759","1":"product","2":"type-product","3":"status-publish","4":"has-post-thumbnail","6":"product_cat-neuheiten","7":"product_cat-oberbekleidung","10":"first","11":"instock","12":"shipping-taxable","13":"purchasable","14":"product-type-variable"},"yoast_head":"<!-- This site is optimized with the Yoast SEO plugin v26.3 - https:\/\/yoast.com\/wordpress\/plugins\/seo\/ -->\n<title>Berry Chic Ramones - Kastanienbraune Eco Lederjacke mit Rei\u00dfverschl\u00fcssen - Amare Atelier \u2013 Modna Odzie\u017c Damska | Styl, Klasa, Kobieco\u015b\u0107<\/title>\n<meta name=\"robots\" content=\"index, follow, max-snippet:-1, max-image-preview:large, max-video-preview:-1\" \/>\n<link rel=\"canonical\" href=\"https:\/\/amare-atelier.pl\/de\/produkt\/bikerjacke-berry-chic-bordeauxrote-kunstlederjacke-mit-reissverschluessen\/\" \/>\n<meta property=\"og:locale\" content=\"de_DE\" \/>\n<meta property=\"og:type\" content=\"article\" \/>\n<meta property=\"og:title\" content=\"Berry Chic Ramones - Kastanienbraune Eco Lederjacke mit Rei\u00dfverschl\u00fcssen - Amare Atelier \u2013 Modna Odzie\u017c Damska | Styl, Klasa, Kobieco\u015b\u0107\" \/>\n<meta property=\"og:description\" content=\"Stilvoller, kurzer Damen-Rameson aus hochwertigem \u00d6ko-Leder in einem modischen Kastanienbraunton. Ein Modell mit klassischem Revers, dekorativen Rei\u00dfverschl\u00fcssen und einem markanten Schnitt, der sowohl sportliche als auch legere Stylings perfekt erg\u00e4nzt. Ideal f\u00fcr alle Jahreszeiten f\u00fcr Frauen, die Wert auf Mode und Komfort legen.\" \/>\n<meta property=\"og:url\" content=\"https:\/\/amare-atelier.pl\/de\/produkt\/bikerjacke-berry-chic-bordeauxrote-kunstlederjacke-mit-reissverschluessen\/\" \/>\n<meta property=\"og:site_name\" content=\"Amare Atelier \u2013 Modna Odzie\u017c Damska | Styl, Klasa, Kobieco\u015b\u0107\" \/>\n<meta property=\"article:publisher\" content=\"https:\/\/www.facebook.com\/profile.php?id=61577234792545\" \/>\n<meta property=\"article:modified_time\" content=\"2025-11-04T01:25:15+00:00\" \/>\n<meta property=\"og:image\" content=\"https:\/\/amare-atelier.pl\/wp-content\/uploads\/2025\/06\/IMG_7693.jpeg\" \/>\n\t<meta property=\"og:image:width\" content=\"1206\" \/>\n\t<meta property=\"og:image:height\" content=\"1878\" \/>\n\t<meta property=\"og:image:type\" content=\"image\/jpeg\" \/>\n<meta name=\"twitter:card\" content=\"summary_large_image\" \/>\n<script type=\"application\/ld+json\" class=\"yoast-schema-graph\">{\"@context\":\"https:\/\/schema.org\",\"@graph\":[{\"@type\":\"WebPage\",\"@id\":\"https:\/\/amare-atelier.pl\/de\/produkt\/bikerjacke-berry-chic-bordeauxrote-kunstlederjacke-mit-reissverschluessen\/\",\"url\":\"https:\/\/amare-atelier.pl\/de\/produkt\/bikerjacke-berry-chic-bordeauxrote-kunstlederjacke-mit-reissverschluessen\/\",\"name\":\"Berry Chic Ramones - Kastanienbraune Eco Lederjacke mit Rei\u00dfverschl\u00fcssen - Amare Atelier \u2013 Modna Odzie\u017c Damska | Styl, Klasa, Kobieco\u015b\u0107\",\"isPartOf\":{\"@id\":\"https:\/\/amare-atelier.pl\/de\/#website\"},\"primaryImageOfPage\":{\"@id\":\"https:\/\/amare-atelier.pl\/de\/produkt\/bikerjacke-berry-chic-bordeauxrote-kunstlederjacke-mit-reissverschluessen\/#primaryimage\"},\"image\":{\"@id\":\"https:\/\/amare-atelier.pl\/de\/produkt\/bikerjacke-berry-chic-bordeauxrote-kunstlederjacke-mit-reissverschluessen\/#primaryimage\"},\"thumbnailUrl\":\"https:\/\/amare-atelier.pl\/wp-content\/uploads\/2025\/06\/IMG_7693.jpeg\",\"datePublished\":\"2025-06-25T19:31:38+00:00\",\"dateModified\":\"2025-11-04T01:25:15+00:00\",\"breadcrumb\":{\"@id\":\"https:\/\/amare-atelier.pl\/de\/produkt\/bikerjacke-berry-chic-bordeauxrote-kunstlederjacke-mit-reissverschluessen\/#breadcrumb\"},\"inLanguage\":\"de\",\"potentialAction\":[{\"@type\":\"ReadAction\",\"target\":[\"https:\/\/amare-atelier.pl\/de\/produkt\/bikerjacke-berry-chic-bordeauxrote-kunstlederjacke-mit-reissverschluessen\/\"]}]},{\"@type\":\"ImageObject\",\"inLanguage\":\"de\",\"@id\":\"https:\/\/amare-atelier.pl\/de\/produkt\/bikerjacke-berry-chic-bordeauxrote-kunstlederjacke-mit-reissverschluessen\/#primaryimage\",\"url\":\"https:\/\/amare-atelier.pl\/wp-content\/uploads\/2025\/06\/IMG_7693.jpeg\",\"contentUrl\":\"https:\/\/amare-atelier.pl\/wp-content\/uploads\/2025\/06\/IMG_7693.jpeg\",\"width\":1206,\"height\":1878,\"caption\":\"Bildschirmfoto\"},{\"@type\":\"BreadcrumbList\",\"@id\":\"https:\/\/amare-atelier.pl\/de\/produkt\/bikerjacke-berry-chic-bordeauxrote-kunstlederjacke-mit-reissverschluessen\/#breadcrumb\",\"itemListElement\":[{\"@type\":\"ListItem\",\"position\":1,\"name\":\"Startseite\",\"item\":\"https:\/\/amare-atelier.pl\/de\/startseite\/\"},{\"@type\":\"ListItem\",\"position\":2,\"name\":\"Shop\",\"item\":\"https:\/\/amare-atelier.pl\/de\/shop\/\"},{\"@type\":\"ListItem\",\"position\":3,\"name\":\"Berry Chic Ramones &#8211; Kastanienbraune Eco Lederjacke mit Rei\u00dfverschl\u00fcssen\"}]},{\"@type\":\"WebSite\",\"@id\":\"https:\/\/amare-atelier.pl\/de\/#website\",\"url\":\"https:\/\/amare-atelier.pl\/de\/\",\"name\":\"Amare Atelier \u2013 Modna Odzie\u017c Damska | Styl, Klasa, Kobieco\u015b\u0107\",\"description\":\"\",\"publisher\":{\"@id\":\"https:\/\/amare-atelier.pl\/de\/#organization\"},\"potentialAction\":[{\"@type\":\"SearchAction\",\"target\":{\"@type\":\"EntryPoint\",\"urlTemplate\":\"https:\/\/amare-atelier.pl\/de\/?s={search_term_string}\"},\"query-input\":{\"@type\":\"PropertyValueSpecification\",\"valueRequired\":true,\"valueName\":\"search_term_string\"}}],\"inLanguage\":\"de\"},{\"@type\":\"Organization\",\"@id\":\"https:\/\/amare-atelier.pl\/de\/#organization\",\"name\":\"Amare Atelier \u2013 Modna Odzie\u017c Damska | Styl, Klasa, Kobieco\u015b\u0107\",\"url\":\"https:\/\/amare-atelier.pl\/de\/\",\"logo\":{\"@type\":\"ImageObject\",\"inLanguage\":\"de\",\"@id\":\"https:\/\/amare-atelier.pl\/de\/#\/schema\/logo\/image\/\",\"url\":\"https:\/\/amare-atelier.pl\/wp-content\/uploads\/2025\/06\/amare-logo.svg\",\"contentUrl\":\"https:\/\/amare-atelier.pl\/wp-content\/uploads\/2025\/06\/amare-logo.svg\",\"width\":578,\"height\":238,\"caption\":\"Amare Atelier \u2013 Modna Odzie\u017c Damska | Styl, Klasa, Kobieco\u015b\u0107\"},\"image\":{\"@id\":\"https:\/\/amare-atelier.pl\/de\/#\/schema\/logo\/image\/\"},\"sameAs\":[\"https:\/\/www.facebook.com\/profile.php?id=61577234792545\",\"https:\/\/www.instagram.com\/amare___atelier\/\"]}]}<\/script>\n<!-- \/ Yoast SEO plugin. -->","yoast_head_json":{"title":"Berry Chic Ramones - Kastanienbraune Eco Lederjacke mit Rei\u00dfverschl\u00fcssen - Amare Atelier \u2013 Modna Odzie\u017c Damska | Styl, Klasa, Kobieco\u015b\u0107","robots":{"index":"index","follow":"follow","max-snippet":"max-snippet:-1","max-image-preview":"max-image-preview:large","max-video-preview":"max-video-preview:-1"},"canonical":"https:\/\/amare-atelier.pl\/de\/produkt\/bikerjacke-berry-chic-bordeauxrote-kunstlederjacke-mit-reissverschluessen\/","og_locale":"de_DE","og_type":"article","og_title":"Berry Chic Ramones - Kastanienbraune Eco Lederjacke mit Rei\u00dfverschl\u00fcssen - Amare Atelier \u2013 Modna Odzie\u017c Damska | Styl, Klasa, Kobieco\u015b\u0107","og_description":"Stilvoller, kurzer Damen-Rameson aus hochwertigem \u00d6ko-Leder in einem modischen Kastanienbraunton. Ein Modell mit klassischem Revers, dekorativen Rei\u00dfverschl\u00fcssen und einem markanten Schnitt, der sowohl sportliche als auch legere Stylings perfekt erg\u00e4nzt. Ideal f\u00fcr alle Jahreszeiten f\u00fcr Frauen, die Wert auf Mode und Komfort legen.","og_url":"https:\/\/amare-atelier.pl\/de\/produkt\/bikerjacke-berry-chic-bordeauxrote-kunstlederjacke-mit-reissverschluessen\/","og_site_name":"Amare Atelier \u2013 Modna Odzie\u017c Damska | Styl, Klasa, Kobieco\u015b\u0107","article_publisher":"https:\/\/www.facebook.com\/profile.php?id=61577234792545","article_modified_time":"2025-11-04T01:25:15+00:00","og_image":[{"width":1206,"height":1878,"url":"https:\/\/amare-atelier.pl\/wp-content\/uploads\/2025\/06\/IMG_7693.jpeg","type":"image\/jpeg"}],"twitter_card":"summary_large_image","schema":{"@context":"https:\/\/schema.org","@graph":[{"@type":"WebPage","@id":"https:\/\/amare-atelier.pl\/de\/produkt\/bikerjacke-berry-chic-bordeauxrote-kunstlederjacke-mit-reissverschluessen\/","url":"https:\/\/amare-atelier.pl\/de\/produkt\/bikerjacke-berry-chic-bordeauxrote-kunstlederjacke-mit-reissverschluessen\/","name":"Berry Chic Ramones - Kastanienbraune Eco Lederjacke mit Rei\u00dfverschl\u00fcssen - Amare Atelier \u2013 Modna Odzie\u017c Damska | Styl, Klasa, Kobieco\u015b\u0107","isPartOf":{"@id":"https:\/\/amare-atelier.pl\/de\/#website"},"primaryImageOfPage":{"@id":"https:\/\/amare-atelier.pl\/de\/produkt\/bikerjacke-berry-chic-bordeauxrote-kunstlederjacke-mit-reissverschluessen\/#primaryimage"},"image":{"@id":"https:\/\/amare-atelier.pl\/de\/produkt\/bikerjacke-berry-chic-bordeauxrote-kunstlederjacke-mit-reissverschluessen\/#primaryimage"},"thumbnailUrl":"https:\/\/amare-atelier.pl\/wp-content\/uploads\/2025\/06\/IMG_7693.jpeg","datePublished":"2025-06-25T19:31:38+00:00","dateModified":"2025-11-04T01:25:15+00:00","breadcrumb":{"@id":"https:\/\/amare-atelier.pl\/de\/produkt\/bikerjacke-berry-chic-bordeauxrote-kunstlederjacke-mit-reissverschluessen\/#breadcrumb"},"inLanguage":"de","potentialAction":[{"@type":"ReadAction","target":["https:\/\/amare-atelier.pl\/de\/produkt\/bikerjacke-berry-chic-bordeauxrote-kunstlederjacke-mit-reissverschluessen\/"]}]},{"@type":"ImageObject","inLanguage":"de","@id":"https:\/\/amare-atelier.pl\/de\/produkt\/bikerjacke-berry-chic-bordeauxrote-kunstlederjacke-mit-reissverschluessen\/#primaryimage","url":"https:\/\/amare-atelier.pl\/wp-content\/uploads\/2025\/06\/IMG_7693.jpeg","contentUrl":"https:\/\/amare-atelier.pl\/wp-content\/uploads\/2025\/06\/IMG_7693.jpeg","width":1206,"height":1878,"caption":"Bildschirmfoto"},{"@type":"BreadcrumbList","@id":"https:\/\/amare-atelier.pl\/de\/produkt\/bikerjacke-berry-chic-bordeauxrote-kunstlederjacke-mit-reissverschluessen\/#breadcrumb","itemListElement":[{"@type":"ListItem","position":1,"name":"Startseite","item":"https:\/\/amare-atelier.pl\/de\/startseite\/"},{"@type":"ListItem","position":2,"name":"Shop","item":"https:\/\/amare-atelier.pl\/de\/shop\/"},{"@type":"ListItem","position":3,"name":"Berry Chic Ramones &#8211; Kastanienbraune Eco Lederjacke mit Rei\u00dfverschl\u00fcssen"}]},{"@type":"WebSite","@id":"https:\/\/amare-atelier.pl\/de\/#website","url":"https:\/\/amare-atelier.pl\/de\/","name":"Amare Atelier \u2013 Modna Odzie\u017c Damska | Styl, Klasa, Kobieco\u015b\u0107","description":"","publisher":{"@id":"https:\/\/amare-atelier.pl\/de\/#organization"},"potentialAction":[{"@type":"SearchAction","target":{"@type":"EntryPoint","urlTemplate":"https:\/\/amare-atelier.pl\/de\/?s={search_term_string}"},"query-input":{"@type":"PropertyValueSpecification","valueRequired":true,"valueName":"search_term_string"}}],"inLanguage":"de"},{"@type":"Organization","@id":"https:\/\/amare-atelier.pl\/de\/#organization","name":"Amare Atelier \u2013 Modna Odzie\u017c Damska | Styl, Klasa, Kobieco\u015b\u0107","url":"https:\/\/amare-atelier.pl\/de\/","logo":{"@type":"ImageObject","inLanguage":"de","@id":"https:\/\/amare-atelier.pl\/de\/#\/schema\/logo\/image\/","url":"https:\/\/amare-atelier.pl\/wp-content\/uploads\/2025\/06\/amare-logo.svg","contentUrl":"https:\/\/amare-atelier.pl\/wp-content\/uploads\/2025\/06\/amare-logo.svg","width":578,"height":238,"caption":"Amare Atelier \u2013 Modna Odzie\u017c Damska | Styl, Klasa, Kobieco\u015b\u0107"},"image":{"@id":"https:\/\/amare-atelier.pl\/de\/#\/schema\/logo\/image\/"},"sameAs":["https:\/\/www.facebook.com\/profile.php?id=61577234792545","https:\/\/www.instagram.com\/amare___atelier\/"]}]}},"_links":{"self":[{"href":"https:\/\/amare-atelier.pl\/de\/wp-json\/wp\/v2\/product\/61759","targetHints":{"allow":["GET"]}}],"collection":[{"href":"https:\/\/amare-atelier.pl\/de\/wp-json\/wp\/v2\/product"}],"about":[{"href":"https:\/\/amare-atelier.pl\/de\/wp-json\/wp\/v2\/types\/product"}],"wp:featuredmedia":[{"embeddable":true,"href":"https:\/\/amare-atelier.pl\/de\/wp-json\/wp\/v2\/media\/61761"}],"wp:attachment":[{"href":"https:\/\/amare-atelier.pl\/de\/wp-json\/wp\/v2\/media?parent=61759"}],"wp:term":[{"taxonomy":"product_brand","embeddable":true,"href":"https:\/\/amare-atelier.pl\/de\/wp-json\/wp\/v2\/product_brand?post=61759"},{"taxonomy":"product_cat","embeddable":true,"href":"https:\/\/amare-atelier.pl\/de\/wp-json\/wp\/v2\/product_cat?post=61759"},{"taxonomy":"product_tag","embeddable":true,"href":"https:\/\/amare-atelier.pl\/de\/wp-json\/wp\/v2\/product_tag?post=61759"}],"curies":[{"name":"wp","href":"https:\/\/api.w.org\/{rel}","templated":true}]}}