{"id":61744,"date":"2025-06-25T21:36:13","date_gmt":"2025-06-25T19:36:13","guid":{"rendered":"https:\/\/amareprod.wpenginepowered.com\/produkt\/ramoneska-black-urban-kurze-kunstlederjacke-mit-metalldetails\/"},"modified":"2025-11-04T02:25:17","modified_gmt":"2025-11-04T01:25:17","slug":"ramoneska-black-urban-kurze-kunstlederjacke-mit-metalldetails","status":"publish","type":"product","link":"https:\/\/amare-atelier.pl\/de\/produkt\/ramoneska-black-urban-kurze-kunstlederjacke-mit-metalldetails\/","title":{"rendered":"Schwarze Urban Ramones &#8211; Kurze Eco-Lederjacke mit metallischen Details"},"content":{"rendered":"<p>Ein modischer, kurzer Damen-Rameson aus hochwertigem \u00d6ko-Leder in klassischem Schwarz. Die Jacke hat breite Aufschl\u00e4ge, dekorative Rei\u00dfverschl\u00fcsse und Schulterklappen, was ihr einen unverwechselbaren, urbanen Charakter verleiht. Ideal f\u00fcr die Alltags- und Abendgarderobe.  <\/p>\n","protected":false},"excerpt":{"rendered":"<p>Ein modischer, kurzer Damen-Rameson aus hochwertigem \u00d6ko-Leder in klassischem Schwarz. Die Jacke hat breite Aufschl\u00e4ge, dekorative Rei\u00dfverschl\u00fcsse und Schulterklappen, was ihr einen unverwechselbaren, urbanen Charakter verleiht. Ideal f\u00fcr die Alltags- und Abendgarderobe.<\/p>\n","protected":false},"featured_media":61745,"template":"","meta":{"inline_featured_image":false},"product_brand":[],"product_cat":[251,259],"product_tag":[],"class_list":{"0":"post-61744","1":"product","2":"type-product","3":"status-publish","4":"has-post-thumbnail","6":"product_cat-neuheiten","7":"product_cat-oberbekleidung","10":"first","11":"outofstock","12":"shipping-taxable","13":"purchasable","14":"product-type-simple"},"yoast_head":"<!-- This site is optimized with the Yoast SEO plugin v26.3 - https:\/\/yoast.com\/wordpress\/plugins\/seo\/ -->\n<title>Schwarze Urban Ramones - Kurze Eco-Lederjacke mit metallischen Details - Amare Atelier \u2013 Modna Odzie\u017c Damska | Styl, Klasa, Kobieco\u015b\u0107<\/title>\n<meta name=\"robots\" content=\"index, follow, max-snippet:-1, max-image-preview:large, max-video-preview:-1\" \/>\n<link rel=\"canonical\" href=\"https:\/\/amare-atelier.pl\/de\/produkt\/ramoneska-black-urban-kurze-kunstlederjacke-mit-metalldetails\/\" \/>\n<meta property=\"og:locale\" content=\"de_DE\" \/>\n<meta property=\"og:type\" content=\"article\" \/>\n<meta property=\"og:title\" content=\"Schwarze Urban Ramones - Kurze Eco-Lederjacke mit metallischen Details - Amare Atelier \u2013 Modna Odzie\u017c Damska | Styl, Klasa, Kobieco\u015b\u0107\" \/>\n<meta property=\"og:description\" content=\"Ein modischer, kurzer Damen-Rameson aus hochwertigem \u00d6ko-Leder in klassischem Schwarz. Die Jacke hat breite Aufschl\u00e4ge, dekorative Rei\u00dfverschl\u00fcsse und Schulterklappen, was ihr einen unverwechselbaren, urbanen Charakter verleiht. Ideal f\u00fcr die Alltags- und Abendgarderobe.\" \/>\n<meta property=\"og:url\" content=\"https:\/\/amare-atelier.pl\/de\/produkt\/ramoneska-black-urban-kurze-kunstlederjacke-mit-metalldetails\/\" \/>\n<meta property=\"og:site_name\" content=\"Amare Atelier \u2013 Modna Odzie\u017c Damska | Styl, Klasa, Kobieco\u015b\u0107\" \/>\n<meta property=\"article:publisher\" content=\"https:\/\/www.facebook.com\/profile.php?id=61577234792545\" \/>\n<meta property=\"article:modified_time\" content=\"2025-11-04T01:25:17+00:00\" \/>\n<meta property=\"og:image\" content=\"https:\/\/amare-atelier.pl\/wp-content\/uploads\/2025\/06\/IMG_7695.jpeg\" \/>\n\t<meta property=\"og:image:width\" content=\"1206\" \/>\n\t<meta property=\"og:image:height\" content=\"1516\" \/>\n\t<meta property=\"og:image:type\" content=\"image\/jpeg\" \/>\n<meta name=\"twitter:card\" content=\"summary_large_image\" \/>\n<script type=\"application\/ld+json\" class=\"yoast-schema-graph\">{\"@context\":\"https:\/\/schema.org\",\"@graph\":[{\"@type\":\"WebPage\",\"@id\":\"https:\/\/amare-atelier.pl\/de\/produkt\/ramoneska-black-urban-kurze-kunstlederjacke-mit-metalldetails\/\",\"url\":\"https:\/\/amare-atelier.pl\/de\/produkt\/ramoneska-black-urban-kurze-kunstlederjacke-mit-metalldetails\/\",\"name\":\"Schwarze Urban Ramones - Kurze Eco-Lederjacke mit metallischen Details - Amare Atelier \u2013 Modna Odzie\u017c Damska | Styl, Klasa, Kobieco\u015b\u0107\",\"isPartOf\":{\"@id\":\"https:\/\/amare-atelier.pl\/de\/#website\"},\"primaryImageOfPage\":{\"@id\":\"https:\/\/amare-atelier.pl\/de\/produkt\/ramoneska-black-urban-kurze-kunstlederjacke-mit-metalldetails\/#primaryimage\"},\"image\":{\"@id\":\"https:\/\/amare-atelier.pl\/de\/produkt\/ramoneska-black-urban-kurze-kunstlederjacke-mit-metalldetails\/#primaryimage\"},\"thumbnailUrl\":\"https:\/\/amare-atelier.pl\/wp-content\/uploads\/2025\/06\/IMG_7695.jpeg\",\"datePublished\":\"2025-06-25T19:36:13+00:00\",\"dateModified\":\"2025-11-04T01:25:17+00:00\",\"breadcrumb\":{\"@id\":\"https:\/\/amare-atelier.pl\/de\/produkt\/ramoneska-black-urban-kurze-kunstlederjacke-mit-metalldetails\/#breadcrumb\"},\"inLanguage\":\"de\",\"potentialAction\":[{\"@type\":\"ReadAction\",\"target\":[\"https:\/\/amare-atelier.pl\/de\/produkt\/ramoneska-black-urban-kurze-kunstlederjacke-mit-metalldetails\/\"]}]},{\"@type\":\"ImageObject\",\"inLanguage\":\"de\",\"@id\":\"https:\/\/amare-atelier.pl\/de\/produkt\/ramoneska-black-urban-kurze-kunstlederjacke-mit-metalldetails\/#primaryimage\",\"url\":\"https:\/\/amare-atelier.pl\/wp-content\/uploads\/2025\/06\/IMG_7695.jpeg\",\"contentUrl\":\"https:\/\/amare-atelier.pl\/wp-content\/uploads\/2025\/06\/IMG_7695.jpeg\",\"width\":1206,\"height\":1516,\"caption\":\"Bildschirmfoto\"},{\"@type\":\"BreadcrumbList\",\"@id\":\"https:\/\/amare-atelier.pl\/de\/produkt\/ramoneska-black-urban-kurze-kunstlederjacke-mit-metalldetails\/#breadcrumb\",\"itemListElement\":[{\"@type\":\"ListItem\",\"position\":1,\"name\":\"Startseite\",\"item\":\"https:\/\/amare-atelier.pl\/de\/startseite\/\"},{\"@type\":\"ListItem\",\"position\":2,\"name\":\"Shop\",\"item\":\"https:\/\/amare-atelier.pl\/de\/shop\/\"},{\"@type\":\"ListItem\",\"position\":3,\"name\":\"Schwarze Urban Ramones &#8211; Kurze Eco-Lederjacke mit metallischen Details\"}]},{\"@type\":\"WebSite\",\"@id\":\"https:\/\/amare-atelier.pl\/de\/#website\",\"url\":\"https:\/\/amare-atelier.pl\/de\/\",\"name\":\"Amare Atelier \u2013 Modna Odzie\u017c Damska | Styl, Klasa, Kobieco\u015b\u0107\",\"description\":\"\",\"publisher\":{\"@id\":\"https:\/\/amare-atelier.pl\/de\/#organization\"},\"potentialAction\":[{\"@type\":\"SearchAction\",\"target\":{\"@type\":\"EntryPoint\",\"urlTemplate\":\"https:\/\/amare-atelier.pl\/de\/?s={search_term_string}\"},\"query-input\":{\"@type\":\"PropertyValueSpecification\",\"valueRequired\":true,\"valueName\":\"search_term_string\"}}],\"inLanguage\":\"de\"},{\"@type\":\"Organization\",\"@id\":\"https:\/\/amare-atelier.pl\/de\/#organization\",\"name\":\"Amare Atelier \u2013 Modna Odzie\u017c Damska | Styl, Klasa, Kobieco\u015b\u0107\",\"url\":\"https:\/\/amare-atelier.pl\/de\/\",\"logo\":{\"@type\":\"ImageObject\",\"inLanguage\":\"de\",\"@id\":\"https:\/\/amare-atelier.pl\/de\/#\/schema\/logo\/image\/\",\"url\":\"https:\/\/amare-atelier.pl\/wp-content\/uploads\/2025\/06\/amare-logo.svg\",\"contentUrl\":\"https:\/\/amare-atelier.pl\/wp-content\/uploads\/2025\/06\/amare-logo.svg\",\"width\":578,\"height\":238,\"caption\":\"Amare Atelier \u2013 Modna Odzie\u017c Damska | Styl, Klasa, Kobieco\u015b\u0107\"},\"image\":{\"@id\":\"https:\/\/amare-atelier.pl\/de\/#\/schema\/logo\/image\/\"},\"sameAs\":[\"https:\/\/www.facebook.com\/profile.php?id=61577234792545\",\"https:\/\/www.instagram.com\/amare___atelier\/\"]}]}<\/script>\n<!-- \/ Yoast SEO plugin. -->","yoast_head_json":{"title":"Schwarze Urban Ramones - Kurze Eco-Lederjacke mit metallischen Details - Amare Atelier \u2013 Modna Odzie\u017c Damska | Styl, Klasa, Kobieco\u015b\u0107","robots":{"index":"index","follow":"follow","max-snippet":"max-snippet:-1","max-image-preview":"max-image-preview:large","max-video-preview":"max-video-preview:-1"},"canonical":"https:\/\/amare-atelier.pl\/de\/produkt\/ramoneska-black-urban-kurze-kunstlederjacke-mit-metalldetails\/","og_locale":"de_DE","og_type":"article","og_title":"Schwarze Urban Ramones - Kurze Eco-Lederjacke mit metallischen Details - Amare Atelier \u2013 Modna Odzie\u017c Damska | Styl, Klasa, Kobieco\u015b\u0107","og_description":"Ein modischer, kurzer Damen-Rameson aus hochwertigem \u00d6ko-Leder in klassischem Schwarz. Die Jacke hat breite Aufschl\u00e4ge, dekorative Rei\u00dfverschl\u00fcsse und Schulterklappen, was ihr einen unverwechselbaren, urbanen Charakter verleiht. Ideal f\u00fcr die Alltags- und Abendgarderobe.","og_url":"https:\/\/amare-atelier.pl\/de\/produkt\/ramoneska-black-urban-kurze-kunstlederjacke-mit-metalldetails\/","og_site_name":"Amare Atelier \u2013 Modna Odzie\u017c Damska | Styl, Klasa, Kobieco\u015b\u0107","article_publisher":"https:\/\/www.facebook.com\/profile.php?id=61577234792545","article_modified_time":"2025-11-04T01:25:17+00:00","og_image":[{"width":1206,"height":1516,"url":"https:\/\/amare-atelier.pl\/wp-content\/uploads\/2025\/06\/IMG_7695.jpeg","type":"image\/jpeg"}],"twitter_card":"summary_large_image","schema":{"@context":"https:\/\/schema.org","@graph":[{"@type":"WebPage","@id":"https:\/\/amare-atelier.pl\/de\/produkt\/ramoneska-black-urban-kurze-kunstlederjacke-mit-metalldetails\/","url":"https:\/\/amare-atelier.pl\/de\/produkt\/ramoneska-black-urban-kurze-kunstlederjacke-mit-metalldetails\/","name":"Schwarze Urban Ramones - Kurze Eco-Lederjacke mit metallischen Details - Amare Atelier \u2013 Modna Odzie\u017c Damska | Styl, Klasa, Kobieco\u015b\u0107","isPartOf":{"@id":"https:\/\/amare-atelier.pl\/de\/#website"},"primaryImageOfPage":{"@id":"https:\/\/amare-atelier.pl\/de\/produkt\/ramoneska-black-urban-kurze-kunstlederjacke-mit-metalldetails\/#primaryimage"},"image":{"@id":"https:\/\/amare-atelier.pl\/de\/produkt\/ramoneska-black-urban-kurze-kunstlederjacke-mit-metalldetails\/#primaryimage"},"thumbnailUrl":"https:\/\/amare-atelier.pl\/wp-content\/uploads\/2025\/06\/IMG_7695.jpeg","datePublished":"2025-06-25T19:36:13+00:00","dateModified":"2025-11-04T01:25:17+00:00","breadcrumb":{"@id":"https:\/\/amare-atelier.pl\/de\/produkt\/ramoneska-black-urban-kurze-kunstlederjacke-mit-metalldetails\/#breadcrumb"},"inLanguage":"de","potentialAction":[{"@type":"ReadAction","target":["https:\/\/amare-atelier.pl\/de\/produkt\/ramoneska-black-urban-kurze-kunstlederjacke-mit-metalldetails\/"]}]},{"@type":"ImageObject","inLanguage":"de","@id":"https:\/\/amare-atelier.pl\/de\/produkt\/ramoneska-black-urban-kurze-kunstlederjacke-mit-metalldetails\/#primaryimage","url":"https:\/\/amare-atelier.pl\/wp-content\/uploads\/2025\/06\/IMG_7695.jpeg","contentUrl":"https:\/\/amare-atelier.pl\/wp-content\/uploads\/2025\/06\/IMG_7695.jpeg","width":1206,"height":1516,"caption":"Bildschirmfoto"},{"@type":"BreadcrumbList","@id":"https:\/\/amare-atelier.pl\/de\/produkt\/ramoneska-black-urban-kurze-kunstlederjacke-mit-metalldetails\/#breadcrumb","itemListElement":[{"@type":"ListItem","position":1,"name":"Startseite","item":"https:\/\/amare-atelier.pl\/de\/startseite\/"},{"@type":"ListItem","position":2,"name":"Shop","item":"https:\/\/amare-atelier.pl\/de\/shop\/"},{"@type":"ListItem","position":3,"name":"Schwarze Urban Ramones &#8211; Kurze Eco-Lederjacke mit metallischen Details"}]},{"@type":"WebSite","@id":"https:\/\/amare-atelier.pl\/de\/#website","url":"https:\/\/amare-atelier.pl\/de\/","name":"Amare Atelier \u2013 Modna Odzie\u017c Damska | Styl, Klasa, Kobieco\u015b\u0107","description":"","publisher":{"@id":"https:\/\/amare-atelier.pl\/de\/#organization"},"potentialAction":[{"@type":"SearchAction","target":{"@type":"EntryPoint","urlTemplate":"https:\/\/amare-atelier.pl\/de\/?s={search_term_string}"},"query-input":{"@type":"PropertyValueSpecification","valueRequired":true,"valueName":"search_term_string"}}],"inLanguage":"de"},{"@type":"Organization","@id":"https:\/\/amare-atelier.pl\/de\/#organization","name":"Amare Atelier \u2013 Modna Odzie\u017c Damska | Styl, Klasa, Kobieco\u015b\u0107","url":"https:\/\/amare-atelier.pl\/de\/","logo":{"@type":"ImageObject","inLanguage":"de","@id":"https:\/\/amare-atelier.pl\/de\/#\/schema\/logo\/image\/","url":"https:\/\/amare-atelier.pl\/wp-content\/uploads\/2025\/06\/amare-logo.svg","contentUrl":"https:\/\/amare-atelier.pl\/wp-content\/uploads\/2025\/06\/amare-logo.svg","width":578,"height":238,"caption":"Amare Atelier \u2013 Modna Odzie\u017c Damska | Styl, Klasa, Kobieco\u015b\u0107"},"image":{"@id":"https:\/\/amare-atelier.pl\/de\/#\/schema\/logo\/image\/"},"sameAs":["https:\/\/www.facebook.com\/profile.php?id=61577234792545","https:\/\/www.instagram.com\/amare___atelier\/"]}]}},"_links":{"self":[{"href":"https:\/\/amare-atelier.pl\/de\/wp-json\/wp\/v2\/product\/61744","targetHints":{"allow":["GET"]}}],"collection":[{"href":"https:\/\/amare-atelier.pl\/de\/wp-json\/wp\/v2\/product"}],"about":[{"href":"https:\/\/amare-atelier.pl\/de\/wp-json\/wp\/v2\/types\/product"}],"wp:featuredmedia":[{"embeddable":true,"href":"https:\/\/amare-atelier.pl\/de\/wp-json\/wp\/v2\/media\/61745"}],"wp:attachment":[{"href":"https:\/\/amare-atelier.pl\/de\/wp-json\/wp\/v2\/media?parent=61744"}],"wp:term":[{"taxonomy":"product_brand","embeddable":true,"href":"https:\/\/amare-atelier.pl\/de\/wp-json\/wp\/v2\/product_brand?post=61744"},{"taxonomy":"product_cat","embeddable":true,"href":"https:\/\/amare-atelier.pl\/de\/wp-json\/wp\/v2\/product_cat?post=61744"},{"taxonomy":"product_tag","embeddable":true,"href":"https:\/\/amare-atelier.pl\/de\/wp-json\/wp\/v2\/product_tag?post=61744"}],"curies":[{"name":"wp","href":"https:\/\/api.w.org\/{rel}","templated":true}]}}