{"id":61726,"date":"2025-06-25T22:18:52","date_gmt":"2025-06-25T20:18:52","guid":{"rendered":"https:\/\/amareprod.wpenginepowered.com\/produkt\/jeans-by-me-mit-stickerei-helles-denim-hoher-bund\/"},"modified":"2025-12-01T12:22:53","modified_gmt":"2025-12-01T11:22:53","slug":"jeans-by-me-mit-stickerei-helles-denim-hoher-bund","status":"publish","type":"product","link":"https:\/\/amare-atelier.pl\/de\/produkt\/jeans-by-me-mit-stickerei-helles-denim-hoher-bund\/","title":{"rendered":"Jeans &#8220;BY ME&#8221; mit Stickerei &#8211; Heller Denim, Highwaist"},"content":{"rendered":"<p>Unterstreichen Sie Ihren individuellen Stil mit der &#8220;BY ME&#8221; Jeans. &#8211; das absolute Must-Have dieser Saison! Das aus hochwertigem Stretch-Denim gefertigte Modell garantiert ganzt\u00e4gigen Komfort und eine perfekte Passform. Die unverwechselbare &#8220;BY ME&#8221; Stickerei auf beiden Beinen f\u00e4llt ins Auge und macht diese Hose einzigartig &#8211; ein modisches Statement f\u00fcr Frauen, die gerne auffallen.<br \/>\nDie hohe Taille betont die Taille und der klassische, leicht taillierte Schnitt macht die Jeans sowohl f\u00fcr legere als auch f\u00fcr elegantere Outfits perfekt. Kombinieren Sie sie mit einer romantischen Bluse, einem einfachen T-Shirt oder einem Blazer, um einen Look f\u00fcr jeden Anlass zu kreieren, vom Treffen mit Freunden bis zum Ausgehen. <\/p>\n","protected":false},"excerpt":{"rendered":"<p>Unterstreichen Sie Ihren individuellen Stil mit der &#8220;BY ME&#8221; Jeans. &#8211; das absolute Must-Have dieser Saison! Das aus hochwertigem Stretch-Denim gefertigte Modell garantiert ganzt\u00e4gigen Komfort und eine perfekte Passform. Die unverwechselbare &#8220;BY ME&#8221; Stickerei auf beiden Beinen f\u00e4llt ins Auge und macht diese Hose einzigartig &#8211; ein modisches Statement f\u00fcr Frauen, die gerne auffallen. Die [&hellip;]<\/p>\n","protected":false},"featured_media":61733,"template":"","meta":{"inline_featured_image":false},"product_brand":[],"product_cat":[15],"product_tag":[],"class_list":{"0":"post-61726","1":"product","2":"type-product","3":"status-publish","4":"has-post-thumbnail","6":"product_cat-bez-kategorii","9":"first","10":"outofstock","11":"shipping-taxable","12":"purchasable","13":"product-type-variable"},"yoast_head":"<!-- This site is optimized with the Yoast SEO plugin v26.3 - https:\/\/yoast.com\/wordpress\/plugins\/seo\/ -->\n<title>Jeans &quot;BY ME&quot; mit Stickerei - Heller Denim, Highwaist - Amare Atelier \u2013 Modna Odzie\u017c Damska | Styl, Klasa, Kobieco\u015b\u0107<\/title>\n<meta name=\"robots\" content=\"index, follow, max-snippet:-1, max-image-preview:large, max-video-preview:-1\" \/>\n<link rel=\"canonical\" href=\"https:\/\/amare-atelier.pl\/de\/produkt\/jeans-by-me-mit-stickerei-helles-denim-hoher-bund\/\" \/>\n<meta property=\"og:locale\" content=\"de_DE\" \/>\n<meta property=\"og:type\" content=\"article\" \/>\n<meta property=\"og:title\" content=\"Jeans &quot;BY ME&quot; mit Stickerei - Heller Denim, Highwaist - Amare Atelier \u2013 Modna Odzie\u017c Damska | Styl, Klasa, Kobieco\u015b\u0107\" \/>\n<meta property=\"og:description\" content=\"Unterstreichen Sie Ihren individuellen Stil mit der &#8220;BY ME&#8221; Jeans. &#8211; das absolute Must-Have dieser Saison! Das aus hochwertigem Stretch-Denim gefertigte Modell garantiert ganzt\u00e4gigen Komfort und eine perfekte Passform. Die unverwechselbare &#8220;BY ME&#8221; Stickerei auf beiden Beinen f\u00e4llt ins Auge und macht diese Hose einzigartig &#8211; ein modisches Statement f\u00fcr Frauen, die gerne auffallen. Die [&hellip;]\" \/>\n<meta property=\"og:url\" content=\"https:\/\/amare-atelier.pl\/de\/produkt\/jeans-by-me-mit-stickerei-helles-denim-hoher-bund\/\" \/>\n<meta property=\"og:site_name\" content=\"Amare Atelier \u2013 Modna Odzie\u017c Damska | Styl, Klasa, Kobieco\u015b\u0107\" \/>\n<meta property=\"article:publisher\" content=\"https:\/\/www.facebook.com\/profile.php?id=61577234792545\" \/>\n<meta property=\"article:modified_time\" content=\"2025-12-01T11:22:53+00:00\" \/>\n<meta property=\"og:image\" content=\"https:\/\/amare-atelier.pl\/wp-content\/uploads\/2025\/06\/IMG_7700.jpeg\" \/>\n\t<meta property=\"og:image:width\" content=\"1206\" \/>\n\t<meta property=\"og:image:height\" content=\"1064\" \/>\n\t<meta property=\"og:image:type\" content=\"image\/jpeg\" \/>\n<meta name=\"twitter:card\" content=\"summary_large_image\" \/>\n<meta name=\"twitter:label1\" content=\"Gesch\u00e4tzte Lesezeit\" \/>\n\t<meta name=\"twitter:data1\" content=\"1\u00a0Minute\" \/>\n<script type=\"application\/ld+json\" class=\"yoast-schema-graph\">{\"@context\":\"https:\/\/schema.org\",\"@graph\":[{\"@type\":\"WebPage\",\"@id\":\"https:\/\/amare-atelier.pl\/de\/produkt\/jeans-by-me-mit-stickerei-helles-denim-hoher-bund\/\",\"url\":\"https:\/\/amare-atelier.pl\/de\/produkt\/jeans-by-me-mit-stickerei-helles-denim-hoher-bund\/\",\"name\":\"Jeans \\\"BY ME\\\" mit Stickerei - Heller Denim, Highwaist - Amare Atelier \u2013 Modna Odzie\u017c Damska | Styl, Klasa, Kobieco\u015b\u0107\",\"isPartOf\":{\"@id\":\"https:\/\/amare-atelier.pl\/de\/#website\"},\"primaryImageOfPage\":{\"@id\":\"https:\/\/amare-atelier.pl\/de\/produkt\/jeans-by-me-mit-stickerei-helles-denim-hoher-bund\/#primaryimage\"},\"image\":{\"@id\":\"https:\/\/amare-atelier.pl\/de\/produkt\/jeans-by-me-mit-stickerei-helles-denim-hoher-bund\/#primaryimage\"},\"thumbnailUrl\":\"https:\/\/amare-atelier.pl\/wp-content\/uploads\/2025\/06\/IMG_7700.jpeg\",\"datePublished\":\"2025-06-25T20:18:52+00:00\",\"dateModified\":\"2025-12-01T11:22:53+00:00\",\"breadcrumb\":{\"@id\":\"https:\/\/amare-atelier.pl\/de\/produkt\/jeans-by-me-mit-stickerei-helles-denim-hoher-bund\/#breadcrumb\"},\"inLanguage\":\"de\",\"potentialAction\":[{\"@type\":\"ReadAction\",\"target\":[\"https:\/\/amare-atelier.pl\/de\/produkt\/jeans-by-me-mit-stickerei-helles-denim-hoher-bund\/\"]}]},{\"@type\":\"ImageObject\",\"inLanguage\":\"de\",\"@id\":\"https:\/\/amare-atelier.pl\/de\/produkt\/jeans-by-me-mit-stickerei-helles-denim-hoher-bund\/#primaryimage\",\"url\":\"https:\/\/amare-atelier.pl\/wp-content\/uploads\/2025\/06\/IMG_7700.jpeg\",\"contentUrl\":\"https:\/\/amare-atelier.pl\/wp-content\/uploads\/2025\/06\/IMG_7700.jpeg\",\"width\":1206,\"height\":1064,\"caption\":\"Bildschirmfoto\"},{\"@type\":\"BreadcrumbList\",\"@id\":\"https:\/\/amare-atelier.pl\/de\/produkt\/jeans-by-me-mit-stickerei-helles-denim-hoher-bund\/#breadcrumb\",\"itemListElement\":[{\"@type\":\"ListItem\",\"position\":1,\"name\":\"Startseite\",\"item\":\"https:\/\/amare-atelier.pl\/de\/startseite\/\"},{\"@type\":\"ListItem\",\"position\":2,\"name\":\"Shop\",\"item\":\"https:\/\/amare-atelier.pl\/de\/shop\/\"},{\"@type\":\"ListItem\",\"position\":3,\"name\":\"Jeans &#8220;BY ME&#8221; mit Stickerei &#8211; Heller Denim, Highwaist\"}]},{\"@type\":\"WebSite\",\"@id\":\"https:\/\/amare-atelier.pl\/de\/#website\",\"url\":\"https:\/\/amare-atelier.pl\/de\/\",\"name\":\"Amare Atelier \u2013 Modna Odzie\u017c Damska | Styl, Klasa, Kobieco\u015b\u0107\",\"description\":\"\",\"publisher\":{\"@id\":\"https:\/\/amare-atelier.pl\/de\/#organization\"},\"potentialAction\":[{\"@type\":\"SearchAction\",\"target\":{\"@type\":\"EntryPoint\",\"urlTemplate\":\"https:\/\/amare-atelier.pl\/de\/?s={search_term_string}\"},\"query-input\":{\"@type\":\"PropertyValueSpecification\",\"valueRequired\":true,\"valueName\":\"search_term_string\"}}],\"inLanguage\":\"de\"},{\"@type\":\"Organization\",\"@id\":\"https:\/\/amare-atelier.pl\/de\/#organization\",\"name\":\"Amare Atelier \u2013 Modna Odzie\u017c Damska | Styl, Klasa, Kobieco\u015b\u0107\",\"url\":\"https:\/\/amare-atelier.pl\/de\/\",\"logo\":{\"@type\":\"ImageObject\",\"inLanguage\":\"de\",\"@id\":\"https:\/\/amare-atelier.pl\/de\/#\/schema\/logo\/image\/\",\"url\":\"https:\/\/amare-atelier.pl\/wp-content\/uploads\/2025\/06\/amare-logo.svg\",\"contentUrl\":\"https:\/\/amare-atelier.pl\/wp-content\/uploads\/2025\/06\/amare-logo.svg\",\"width\":578,\"height\":238,\"caption\":\"Amare Atelier \u2013 Modna Odzie\u017c Damska | Styl, Klasa, Kobieco\u015b\u0107\"},\"image\":{\"@id\":\"https:\/\/amare-atelier.pl\/de\/#\/schema\/logo\/image\/\"},\"sameAs\":[\"https:\/\/www.facebook.com\/profile.php?id=61577234792545\",\"https:\/\/www.instagram.com\/amare___atelier\/\"]}]}<\/script>\n<!-- \/ Yoast SEO plugin. -->","yoast_head_json":{"title":"Jeans \"BY ME\" mit Stickerei - Heller Denim, Highwaist - Amare Atelier \u2013 Modna Odzie\u017c Damska | Styl, Klasa, Kobieco\u015b\u0107","robots":{"index":"index","follow":"follow","max-snippet":"max-snippet:-1","max-image-preview":"max-image-preview:large","max-video-preview":"max-video-preview:-1"},"canonical":"https:\/\/amare-atelier.pl\/de\/produkt\/jeans-by-me-mit-stickerei-helles-denim-hoher-bund\/","og_locale":"de_DE","og_type":"article","og_title":"Jeans \"BY ME\" mit Stickerei - Heller Denim, Highwaist - Amare Atelier \u2013 Modna Odzie\u017c Damska | Styl, Klasa, Kobieco\u015b\u0107","og_description":"Unterstreichen Sie Ihren individuellen Stil mit der &#8220;BY ME&#8221; Jeans. &#8211; das absolute Must-Have dieser Saison! Das aus hochwertigem Stretch-Denim gefertigte Modell garantiert ganzt\u00e4gigen Komfort und eine perfekte Passform. Die unverwechselbare &#8220;BY ME&#8221; Stickerei auf beiden Beinen f\u00e4llt ins Auge und macht diese Hose einzigartig &#8211; ein modisches Statement f\u00fcr Frauen, die gerne auffallen. Die [&hellip;]","og_url":"https:\/\/amare-atelier.pl\/de\/produkt\/jeans-by-me-mit-stickerei-helles-denim-hoher-bund\/","og_site_name":"Amare Atelier \u2013 Modna Odzie\u017c Damska | Styl, Klasa, Kobieco\u015b\u0107","article_publisher":"https:\/\/www.facebook.com\/profile.php?id=61577234792545","article_modified_time":"2025-12-01T11:22:53+00:00","og_image":[{"width":1206,"height":1064,"url":"https:\/\/amare-atelier.pl\/wp-content\/uploads\/2025\/06\/IMG_7700.jpeg","type":"image\/jpeg"}],"twitter_card":"summary_large_image","twitter_misc":{"Gesch\u00e4tzte Lesezeit":"1\u00a0Minute"},"schema":{"@context":"https:\/\/schema.org","@graph":[{"@type":"WebPage","@id":"https:\/\/amare-atelier.pl\/de\/produkt\/jeans-by-me-mit-stickerei-helles-denim-hoher-bund\/","url":"https:\/\/amare-atelier.pl\/de\/produkt\/jeans-by-me-mit-stickerei-helles-denim-hoher-bund\/","name":"Jeans \"BY ME\" mit Stickerei - Heller Denim, Highwaist - Amare Atelier \u2013 Modna Odzie\u017c Damska | Styl, Klasa, Kobieco\u015b\u0107","isPartOf":{"@id":"https:\/\/amare-atelier.pl\/de\/#website"},"primaryImageOfPage":{"@id":"https:\/\/amare-atelier.pl\/de\/produkt\/jeans-by-me-mit-stickerei-helles-denim-hoher-bund\/#primaryimage"},"image":{"@id":"https:\/\/amare-atelier.pl\/de\/produkt\/jeans-by-me-mit-stickerei-helles-denim-hoher-bund\/#primaryimage"},"thumbnailUrl":"https:\/\/amare-atelier.pl\/wp-content\/uploads\/2025\/06\/IMG_7700.jpeg","datePublished":"2025-06-25T20:18:52+00:00","dateModified":"2025-12-01T11:22:53+00:00","breadcrumb":{"@id":"https:\/\/amare-atelier.pl\/de\/produkt\/jeans-by-me-mit-stickerei-helles-denim-hoher-bund\/#breadcrumb"},"inLanguage":"de","potentialAction":[{"@type":"ReadAction","target":["https:\/\/amare-atelier.pl\/de\/produkt\/jeans-by-me-mit-stickerei-helles-denim-hoher-bund\/"]}]},{"@type":"ImageObject","inLanguage":"de","@id":"https:\/\/amare-atelier.pl\/de\/produkt\/jeans-by-me-mit-stickerei-helles-denim-hoher-bund\/#primaryimage","url":"https:\/\/amare-atelier.pl\/wp-content\/uploads\/2025\/06\/IMG_7700.jpeg","contentUrl":"https:\/\/amare-atelier.pl\/wp-content\/uploads\/2025\/06\/IMG_7700.jpeg","width":1206,"height":1064,"caption":"Bildschirmfoto"},{"@type":"BreadcrumbList","@id":"https:\/\/amare-atelier.pl\/de\/produkt\/jeans-by-me-mit-stickerei-helles-denim-hoher-bund\/#breadcrumb","itemListElement":[{"@type":"ListItem","position":1,"name":"Startseite","item":"https:\/\/amare-atelier.pl\/de\/startseite\/"},{"@type":"ListItem","position":2,"name":"Shop","item":"https:\/\/amare-atelier.pl\/de\/shop\/"},{"@type":"ListItem","position":3,"name":"Jeans &#8220;BY ME&#8221; mit Stickerei &#8211; Heller Denim, Highwaist"}]},{"@type":"WebSite","@id":"https:\/\/amare-atelier.pl\/de\/#website","url":"https:\/\/amare-atelier.pl\/de\/","name":"Amare Atelier \u2013 Modna Odzie\u017c Damska | Styl, Klasa, Kobieco\u015b\u0107","description":"","publisher":{"@id":"https:\/\/amare-atelier.pl\/de\/#organization"},"potentialAction":[{"@type":"SearchAction","target":{"@type":"EntryPoint","urlTemplate":"https:\/\/amare-atelier.pl\/de\/?s={search_term_string}"},"query-input":{"@type":"PropertyValueSpecification","valueRequired":true,"valueName":"search_term_string"}}],"inLanguage":"de"},{"@type":"Organization","@id":"https:\/\/amare-atelier.pl\/de\/#organization","name":"Amare Atelier \u2013 Modna Odzie\u017c Damska | Styl, Klasa, Kobieco\u015b\u0107","url":"https:\/\/amare-atelier.pl\/de\/","logo":{"@type":"ImageObject","inLanguage":"de","@id":"https:\/\/amare-atelier.pl\/de\/#\/schema\/logo\/image\/","url":"https:\/\/amare-atelier.pl\/wp-content\/uploads\/2025\/06\/amare-logo.svg","contentUrl":"https:\/\/amare-atelier.pl\/wp-content\/uploads\/2025\/06\/amare-logo.svg","width":578,"height":238,"caption":"Amare Atelier \u2013 Modna Odzie\u017c Damska | Styl, Klasa, Kobieco\u015b\u0107"},"image":{"@id":"https:\/\/amare-atelier.pl\/de\/#\/schema\/logo\/image\/"},"sameAs":["https:\/\/www.facebook.com\/profile.php?id=61577234792545","https:\/\/www.instagram.com\/amare___atelier\/"]}]}},"_links":{"self":[{"href":"https:\/\/amare-atelier.pl\/de\/wp-json\/wp\/v2\/product\/61726","targetHints":{"allow":["GET"]}}],"collection":[{"href":"https:\/\/amare-atelier.pl\/de\/wp-json\/wp\/v2\/product"}],"about":[{"href":"https:\/\/amare-atelier.pl\/de\/wp-json\/wp\/v2\/types\/product"}],"wp:featuredmedia":[{"embeddable":true,"href":"https:\/\/amare-atelier.pl\/de\/wp-json\/wp\/v2\/media\/61733"}],"wp:attachment":[{"href":"https:\/\/amare-atelier.pl\/de\/wp-json\/wp\/v2\/media?parent=61726"}],"wp:term":[{"taxonomy":"product_brand","embeddable":true,"href":"https:\/\/amare-atelier.pl\/de\/wp-json\/wp\/v2\/product_brand?post=61726"},{"taxonomy":"product_cat","embeddable":true,"href":"https:\/\/amare-atelier.pl\/de\/wp-json\/wp\/v2\/product_cat?post=61726"},{"taxonomy":"product_tag","embeddable":true,"href":"https:\/\/amare-atelier.pl\/de\/wp-json\/wp\/v2\/product_tag?post=61726"}],"curies":[{"name":"wp","href":"https:\/\/api.w.org\/{rel}","templated":true}]}}