{"id":61712,"date":"2025-06-25T22:48:15","date_gmt":"2025-06-25T20:48:15","guid":{"rendered":"https:\/\/amareprod.wpenginepowered.com\/produkt\/rotes-minikleid-mit-effektvoller-raffung-und-bindedetail\/"},"modified":"2025-11-08T10:41:36","modified_gmt":"2025-11-08T09:41:36","slug":"rotes-minikleid-mit-effektvoller-raffung-und-bindedetail","status":"publish","type":"product","link":"https:\/\/amare-atelier.pl\/de\/produkt\/rotes-minikleid-mit-effektvoller-raffung-und-bindedetail\/","title":{"rendered":"Rotes Minikleid mit auff\u00e4lligen Falten und Schleifen"},"content":{"rendered":"<p>Ein umwerfendes rotes Minikleid, das die Blicke auf sich zieht! Das Modell ist aus einem dehnbaren, weich anliegenden Stoff gefertigt, der die Silhouette sch\u00f6n betont. Das Kleid hat ein locker sitzendes Oberteil mit kurzen \u00c4rmeln und einen taillierten, ger\u00fcschten Saum. Damit ist es perfekt, um kleine Makel zu kaschieren und Ihr Selbstbewusstsein zu st\u00e4rken. Das asymmetrische Bindeband an der Taille und die auff\u00e4llige lange Stoffbahn verleihen dem Kleid einen einzigartigen Charakter. Perfekt f\u00fcr einen Ausgehabend, ein Date oder eine Party &#8211; f\u00fcgen Sie einfach Ihre Lieblingsstilettos hinzu und schon sind Sie bereit!    <\/p>\n","protected":false},"excerpt":{"rendered":"<p>Ein umwerfendes rotes Minikleid, das die Blicke auf sich zieht! Das Modell ist aus einem dehnbaren, weich anliegenden Stoff gefertigt, der die Silhouette sch\u00f6n betont. Das Kleid hat ein locker sitzendes Oberteil mit kurzen \u00c4rmeln und einen taillierten, ger\u00fcschten Saum. Damit ist es perfekt, um kleine Makel zu kaschieren und Ihr Selbstbewusstsein zu st\u00e4rken. Das [&hellip;]<\/p>\n","protected":false},"featured_media":61714,"template":"","meta":{"inline_featured_image":false},"product_brand":[],"product_cat":[245,246],"product_tag":[],"class_list":{"0":"post-61712","1":"product","2":"type-product","3":"status-publish","4":"has-post-thumbnail","6":"product_cat-kleider","7":"product_cat-sommer","10":"first","11":"outofstock","12":"shipping-taxable","13":"purchasable","14":"product-type-variable"},"yoast_head":"<!-- This site is optimized with the Yoast SEO plugin v26.3 - https:\/\/yoast.com\/wordpress\/plugins\/seo\/ -->\n<title>Rotes Minikleid mit auff\u00e4lligen Falten und Schleifen - Amare Atelier \u2013 Modna Odzie\u017c Damska | Styl, Klasa, Kobieco\u015b\u0107<\/title>\n<meta name=\"robots\" content=\"index, follow, max-snippet:-1, max-image-preview:large, max-video-preview:-1\" \/>\n<link rel=\"canonical\" href=\"https:\/\/amare-atelier.pl\/de\/produkt\/rotes-minikleid-mit-effektvoller-raffung-und-bindedetail\/\" \/>\n<meta property=\"og:locale\" content=\"de_DE\" \/>\n<meta property=\"og:type\" content=\"article\" \/>\n<meta property=\"og:title\" content=\"Rotes Minikleid mit auff\u00e4lligen Falten und Schleifen - Amare Atelier \u2013 Modna Odzie\u017c Damska | Styl, Klasa, Kobieco\u015b\u0107\" \/>\n<meta property=\"og:description\" content=\"Ein umwerfendes rotes Minikleid, das die Blicke auf sich zieht! Das Modell ist aus einem dehnbaren, weich anliegenden Stoff gefertigt, der die Silhouette sch\u00f6n betont. Das Kleid hat ein locker sitzendes Oberteil mit kurzen \u00c4rmeln und einen taillierten, ger\u00fcschten Saum. Damit ist es perfekt, um kleine Makel zu kaschieren und Ihr Selbstbewusstsein zu st\u00e4rken. Das [&hellip;]\" \/>\n<meta property=\"og:url\" content=\"https:\/\/amare-atelier.pl\/de\/produkt\/rotes-minikleid-mit-effektvoller-raffung-und-bindedetail\/\" \/>\n<meta property=\"og:site_name\" content=\"Amare Atelier \u2013 Modna Odzie\u017c Damska | Styl, Klasa, Kobieco\u015b\u0107\" \/>\n<meta property=\"article:publisher\" content=\"https:\/\/www.facebook.com\/profile.php?id=61577234792545\" \/>\n<meta property=\"article:modified_time\" content=\"2025-11-08T09:41:36+00:00\" \/>\n<meta property=\"og:image\" content=\"https:\/\/amare-atelier.pl\/wp-content\/uploads\/2025\/06\/IMG_7702.jpeg\" \/>\n\t<meta property=\"og:image:width\" content=\"1066\" \/>\n\t<meta property=\"og:image:height\" content=\"1299\" \/>\n\t<meta property=\"og:image:type\" content=\"image\/jpeg\" \/>\n<meta name=\"twitter:card\" content=\"summary_large_image\" \/>\n<script type=\"application\/ld+json\" class=\"yoast-schema-graph\">{\"@context\":\"https:\/\/schema.org\",\"@graph\":[{\"@type\":\"WebPage\",\"@id\":\"https:\/\/amare-atelier.pl\/de\/produkt\/rotes-minikleid-mit-effektvoller-raffung-und-bindedetail\/\",\"url\":\"https:\/\/amare-atelier.pl\/de\/produkt\/rotes-minikleid-mit-effektvoller-raffung-und-bindedetail\/\",\"name\":\"Rotes Minikleid mit auff\u00e4lligen Falten und Schleifen - Amare Atelier \u2013 Modna Odzie\u017c Damska | Styl, Klasa, Kobieco\u015b\u0107\",\"isPartOf\":{\"@id\":\"https:\/\/amare-atelier.pl\/de\/#website\"},\"primaryImageOfPage\":{\"@id\":\"https:\/\/amare-atelier.pl\/de\/produkt\/rotes-minikleid-mit-effektvoller-raffung-und-bindedetail\/#primaryimage\"},\"image\":{\"@id\":\"https:\/\/amare-atelier.pl\/de\/produkt\/rotes-minikleid-mit-effektvoller-raffung-und-bindedetail\/#primaryimage\"},\"thumbnailUrl\":\"https:\/\/amare-atelier.pl\/wp-content\/uploads\/2025\/06\/IMG_7702.jpeg\",\"datePublished\":\"2025-06-25T20:48:15+00:00\",\"dateModified\":\"2025-11-08T09:41:36+00:00\",\"breadcrumb\":{\"@id\":\"https:\/\/amare-atelier.pl\/de\/produkt\/rotes-minikleid-mit-effektvoller-raffung-und-bindedetail\/#breadcrumb\"},\"inLanguage\":\"de\",\"potentialAction\":[{\"@type\":\"ReadAction\",\"target\":[\"https:\/\/amare-atelier.pl\/de\/produkt\/rotes-minikleid-mit-effektvoller-raffung-und-bindedetail\/\"]}]},{\"@type\":\"ImageObject\",\"inLanguage\":\"de\",\"@id\":\"https:\/\/amare-atelier.pl\/de\/produkt\/rotes-minikleid-mit-effektvoller-raffung-und-bindedetail\/#primaryimage\",\"url\":\"https:\/\/amare-atelier.pl\/wp-content\/uploads\/2025\/06\/IMG_7702.jpeg\",\"contentUrl\":\"https:\/\/amare-atelier.pl\/wp-content\/uploads\/2025\/06\/IMG_7702.jpeg\",\"width\":1066,\"height\":1299,\"caption\":\"Bildschirmfoto\"},{\"@type\":\"BreadcrumbList\",\"@id\":\"https:\/\/amare-atelier.pl\/de\/produkt\/rotes-minikleid-mit-effektvoller-raffung-und-bindedetail\/#breadcrumb\",\"itemListElement\":[{\"@type\":\"ListItem\",\"position\":1,\"name\":\"Startseite\",\"item\":\"https:\/\/amare-atelier.pl\/de\/startseite\/\"},{\"@type\":\"ListItem\",\"position\":2,\"name\":\"Shop\",\"item\":\"https:\/\/amare-atelier.pl\/de\/shop\/\"},{\"@type\":\"ListItem\",\"position\":3,\"name\":\"Rotes Minikleid mit auff\u00e4lligen Falten und Schleifen\"}]},{\"@type\":\"WebSite\",\"@id\":\"https:\/\/amare-atelier.pl\/de\/#website\",\"url\":\"https:\/\/amare-atelier.pl\/de\/\",\"name\":\"Amare Atelier \u2013 Modna Odzie\u017c Damska | Styl, Klasa, Kobieco\u015b\u0107\",\"description\":\"\",\"publisher\":{\"@id\":\"https:\/\/amare-atelier.pl\/de\/#organization\"},\"potentialAction\":[{\"@type\":\"SearchAction\",\"target\":{\"@type\":\"EntryPoint\",\"urlTemplate\":\"https:\/\/amare-atelier.pl\/de\/?s={search_term_string}\"},\"query-input\":{\"@type\":\"PropertyValueSpecification\",\"valueRequired\":true,\"valueName\":\"search_term_string\"}}],\"inLanguage\":\"de\"},{\"@type\":\"Organization\",\"@id\":\"https:\/\/amare-atelier.pl\/de\/#organization\",\"name\":\"Amare Atelier \u2013 Modna Odzie\u017c Damska | Styl, Klasa, Kobieco\u015b\u0107\",\"url\":\"https:\/\/amare-atelier.pl\/de\/\",\"logo\":{\"@type\":\"ImageObject\",\"inLanguage\":\"de\",\"@id\":\"https:\/\/amare-atelier.pl\/de\/#\/schema\/logo\/image\/\",\"url\":\"https:\/\/amare-atelier.pl\/wp-content\/uploads\/2025\/06\/amare-logo.svg\",\"contentUrl\":\"https:\/\/amare-atelier.pl\/wp-content\/uploads\/2025\/06\/amare-logo.svg\",\"width\":578,\"height\":238,\"caption\":\"Amare Atelier \u2013 Modna Odzie\u017c Damska | Styl, Klasa, Kobieco\u015b\u0107\"},\"image\":{\"@id\":\"https:\/\/amare-atelier.pl\/de\/#\/schema\/logo\/image\/\"},\"sameAs\":[\"https:\/\/www.facebook.com\/profile.php?id=61577234792545\",\"https:\/\/www.instagram.com\/amare___atelier\/\"]}]}<\/script>\n<!-- \/ Yoast SEO plugin. -->","yoast_head_json":{"title":"Rotes Minikleid mit auff\u00e4lligen Falten und Schleifen - Amare Atelier \u2013 Modna Odzie\u017c Damska | Styl, Klasa, Kobieco\u015b\u0107","robots":{"index":"index","follow":"follow","max-snippet":"max-snippet:-1","max-image-preview":"max-image-preview:large","max-video-preview":"max-video-preview:-1"},"canonical":"https:\/\/amare-atelier.pl\/de\/produkt\/rotes-minikleid-mit-effektvoller-raffung-und-bindedetail\/","og_locale":"de_DE","og_type":"article","og_title":"Rotes Minikleid mit auff\u00e4lligen Falten und Schleifen - Amare Atelier \u2013 Modna Odzie\u017c Damska | Styl, Klasa, Kobieco\u015b\u0107","og_description":"Ein umwerfendes rotes Minikleid, das die Blicke auf sich zieht! Das Modell ist aus einem dehnbaren, weich anliegenden Stoff gefertigt, der die Silhouette sch\u00f6n betont. Das Kleid hat ein locker sitzendes Oberteil mit kurzen \u00c4rmeln und einen taillierten, ger\u00fcschten Saum. Damit ist es perfekt, um kleine Makel zu kaschieren und Ihr Selbstbewusstsein zu st\u00e4rken. Das [&hellip;]","og_url":"https:\/\/amare-atelier.pl\/de\/produkt\/rotes-minikleid-mit-effektvoller-raffung-und-bindedetail\/","og_site_name":"Amare Atelier \u2013 Modna Odzie\u017c Damska | Styl, Klasa, Kobieco\u015b\u0107","article_publisher":"https:\/\/www.facebook.com\/profile.php?id=61577234792545","article_modified_time":"2025-11-08T09:41:36+00:00","og_image":[{"width":1066,"height":1299,"url":"https:\/\/amare-atelier.pl\/wp-content\/uploads\/2025\/06\/IMG_7702.jpeg","type":"image\/jpeg"}],"twitter_card":"summary_large_image","schema":{"@context":"https:\/\/schema.org","@graph":[{"@type":"WebPage","@id":"https:\/\/amare-atelier.pl\/de\/produkt\/rotes-minikleid-mit-effektvoller-raffung-und-bindedetail\/","url":"https:\/\/amare-atelier.pl\/de\/produkt\/rotes-minikleid-mit-effektvoller-raffung-und-bindedetail\/","name":"Rotes Minikleid mit auff\u00e4lligen Falten und Schleifen - Amare Atelier \u2013 Modna Odzie\u017c Damska | Styl, Klasa, Kobieco\u015b\u0107","isPartOf":{"@id":"https:\/\/amare-atelier.pl\/de\/#website"},"primaryImageOfPage":{"@id":"https:\/\/amare-atelier.pl\/de\/produkt\/rotes-minikleid-mit-effektvoller-raffung-und-bindedetail\/#primaryimage"},"image":{"@id":"https:\/\/amare-atelier.pl\/de\/produkt\/rotes-minikleid-mit-effektvoller-raffung-und-bindedetail\/#primaryimage"},"thumbnailUrl":"https:\/\/amare-atelier.pl\/wp-content\/uploads\/2025\/06\/IMG_7702.jpeg","datePublished":"2025-06-25T20:48:15+00:00","dateModified":"2025-11-08T09:41:36+00:00","breadcrumb":{"@id":"https:\/\/amare-atelier.pl\/de\/produkt\/rotes-minikleid-mit-effektvoller-raffung-und-bindedetail\/#breadcrumb"},"inLanguage":"de","potentialAction":[{"@type":"ReadAction","target":["https:\/\/amare-atelier.pl\/de\/produkt\/rotes-minikleid-mit-effektvoller-raffung-und-bindedetail\/"]}]},{"@type":"ImageObject","inLanguage":"de","@id":"https:\/\/amare-atelier.pl\/de\/produkt\/rotes-minikleid-mit-effektvoller-raffung-und-bindedetail\/#primaryimage","url":"https:\/\/amare-atelier.pl\/wp-content\/uploads\/2025\/06\/IMG_7702.jpeg","contentUrl":"https:\/\/amare-atelier.pl\/wp-content\/uploads\/2025\/06\/IMG_7702.jpeg","width":1066,"height":1299,"caption":"Bildschirmfoto"},{"@type":"BreadcrumbList","@id":"https:\/\/amare-atelier.pl\/de\/produkt\/rotes-minikleid-mit-effektvoller-raffung-und-bindedetail\/#breadcrumb","itemListElement":[{"@type":"ListItem","position":1,"name":"Startseite","item":"https:\/\/amare-atelier.pl\/de\/startseite\/"},{"@type":"ListItem","position":2,"name":"Shop","item":"https:\/\/amare-atelier.pl\/de\/shop\/"},{"@type":"ListItem","position":3,"name":"Rotes Minikleid mit auff\u00e4lligen Falten und Schleifen"}]},{"@type":"WebSite","@id":"https:\/\/amare-atelier.pl\/de\/#website","url":"https:\/\/amare-atelier.pl\/de\/","name":"Amare Atelier \u2013 Modna Odzie\u017c Damska | Styl, Klasa, Kobieco\u015b\u0107","description":"","publisher":{"@id":"https:\/\/amare-atelier.pl\/de\/#organization"},"potentialAction":[{"@type":"SearchAction","target":{"@type":"EntryPoint","urlTemplate":"https:\/\/amare-atelier.pl\/de\/?s={search_term_string}"},"query-input":{"@type":"PropertyValueSpecification","valueRequired":true,"valueName":"search_term_string"}}],"inLanguage":"de"},{"@type":"Organization","@id":"https:\/\/amare-atelier.pl\/de\/#organization","name":"Amare Atelier \u2013 Modna Odzie\u017c Damska | Styl, Klasa, Kobieco\u015b\u0107","url":"https:\/\/amare-atelier.pl\/de\/","logo":{"@type":"ImageObject","inLanguage":"de","@id":"https:\/\/amare-atelier.pl\/de\/#\/schema\/logo\/image\/","url":"https:\/\/amare-atelier.pl\/wp-content\/uploads\/2025\/06\/amare-logo.svg","contentUrl":"https:\/\/amare-atelier.pl\/wp-content\/uploads\/2025\/06\/amare-logo.svg","width":578,"height":238,"caption":"Amare Atelier \u2013 Modna Odzie\u017c Damska | Styl, Klasa, Kobieco\u015b\u0107"},"image":{"@id":"https:\/\/amare-atelier.pl\/de\/#\/schema\/logo\/image\/"},"sameAs":["https:\/\/www.facebook.com\/profile.php?id=61577234792545","https:\/\/www.instagram.com\/amare___atelier\/"]}]}},"_links":{"self":[{"href":"https:\/\/amare-atelier.pl\/de\/wp-json\/wp\/v2\/product\/61712","targetHints":{"allow":["GET"]}}],"collection":[{"href":"https:\/\/amare-atelier.pl\/de\/wp-json\/wp\/v2\/product"}],"about":[{"href":"https:\/\/amare-atelier.pl\/de\/wp-json\/wp\/v2\/types\/product"}],"wp:featuredmedia":[{"embeddable":true,"href":"https:\/\/amare-atelier.pl\/de\/wp-json\/wp\/v2\/media\/61714"}],"wp:attachment":[{"href":"https:\/\/amare-atelier.pl\/de\/wp-json\/wp\/v2\/media?parent=61712"}],"wp:term":[{"taxonomy":"product_brand","embeddable":true,"href":"https:\/\/amare-atelier.pl\/de\/wp-json\/wp\/v2\/product_brand?post=61712"},{"taxonomy":"product_cat","embeddable":true,"href":"https:\/\/amare-atelier.pl\/de\/wp-json\/wp\/v2\/product_cat?post=61712"},{"taxonomy":"product_tag","embeddable":true,"href":"https:\/\/amare-atelier.pl\/de\/wp-json\/wp\/v2\/product_tag?post=61712"}],"curies":[{"name":"wp","href":"https:\/\/api.w.org\/{rel}","templated":true}]}}