{"id":61711,"date":"2025-07-08T22:14:02","date_gmt":"2025-07-08T20:14:02","guid":{"rendered":"https:\/\/amareprod.wpenginepowered.com\/produkt\/das-kleine-schwarze-mit-puffaermeln-klassische-eleganz\/"},"modified":"2025-11-04T02:25:20","modified_gmt":"2025-11-04T01:25:20","slug":"das-kleine-schwarze-mit-puffaermeln-klassische-eleganz","status":"publish","type":"product","link":"https:\/\/amare-atelier.pl\/de\/produkt\/das-kleine-schwarze-mit-puffaermeln-klassische-eleganz\/","title":{"rendered":"Kleines Schwarzes mit Buff Sleeve &#8211; Klassische Eleganz"},"content":{"rendered":"<p>Entscheiden Sie sich f\u00fcr einen zeitlosen Stil mit einem modernen Twist!<\/p>\n<p>Unser kleines schwarzes Kleid mit Puff\u00e4rmeln ist der Inbegriff von Eleganz und Weiblichkeit. Der taillierte Schnitt mit einer B\u00fcgelfalte an der Taille betont die Silhouette wundersch\u00f6n, w\u00e4hrend die weiten \u00c4rmel einen modischen Touch verleihen. Perfekt f\u00fcr Abendausfl\u00fcge, Dates oder besondere Anl\u00e4sse.  <\/p>\n","protected":false},"excerpt":{"rendered":"<p>Entscheiden Sie sich f\u00fcr einen zeitlosen Stil mit einem modernen Twist! Unser kleines schwarzes Kleid mit Puff\u00e4rmeln ist der Inbegriff von Eleganz und Weiblichkeit. Der taillierte Schnitt mit einer B\u00fcgelfalte an der Taille betont die Silhouette wundersch\u00f6n, w\u00e4hrend die weiten \u00c4rmel einen modischen Touch verleihen. Perfekt f\u00fcr Abendausfl\u00fcge, Dates oder besondere Anl\u00e4sse.<\/p>\n","protected":false},"featured_media":61713,"template":"","meta":{"inline_featured_image":false},"product_brand":[],"product_cat":[245],"product_tag":[],"class_list":{"0":"post-61711","1":"product","2":"type-product","3":"status-publish","4":"has-post-thumbnail","6":"product_cat-kleider","9":"first","10":"outofstock","11":"shipping-taxable","12":"purchasable","13":"product-type-simple"},"yoast_head":"<!-- This site is optimized with the Yoast SEO plugin v26.3 - https:\/\/yoast.com\/wordpress\/plugins\/seo\/ -->\n<title>Kleines Schwarzes mit Buff Sleeve - Klassische Eleganz - Amare Atelier \u2013 Modna Odzie\u017c Damska | Styl, Klasa, Kobieco\u015b\u0107<\/title>\n<meta name=\"robots\" content=\"index, follow, max-snippet:-1, max-image-preview:large, max-video-preview:-1\" \/>\n<link rel=\"canonical\" href=\"https:\/\/amare-atelier.pl\/de\/produkt\/das-kleine-schwarze-mit-puffaermeln-klassische-eleganz\/\" \/>\n<meta property=\"og:locale\" content=\"de_DE\" \/>\n<meta property=\"og:type\" content=\"article\" \/>\n<meta property=\"og:title\" content=\"Kleines Schwarzes mit Buff Sleeve - Klassische Eleganz - Amare Atelier \u2013 Modna Odzie\u017c Damska | Styl, Klasa, Kobieco\u015b\u0107\" \/>\n<meta property=\"og:description\" content=\"Entscheiden Sie sich f\u00fcr einen zeitlosen Stil mit einem modernen Twist! Unser kleines schwarzes Kleid mit Puff\u00e4rmeln ist der Inbegriff von Eleganz und Weiblichkeit. Der taillierte Schnitt mit einer B\u00fcgelfalte an der Taille betont die Silhouette wundersch\u00f6n, w\u00e4hrend die weiten \u00c4rmel einen modischen Touch verleihen. Perfekt f\u00fcr Abendausfl\u00fcge, Dates oder besondere Anl\u00e4sse.\" \/>\n<meta property=\"og:url\" content=\"https:\/\/amare-atelier.pl\/de\/produkt\/das-kleine-schwarze-mit-puffaermeln-klassische-eleganz\/\" \/>\n<meta property=\"og:site_name\" content=\"Amare Atelier \u2013 Modna Odzie\u017c Damska | Styl, Klasa, Kobieco\u015b\u0107\" \/>\n<meta property=\"article:publisher\" content=\"https:\/\/www.facebook.com\/profile.php?id=61577234792545\" \/>\n<meta property=\"article:modified_time\" content=\"2025-11-04T01:25:20+00:00\" \/>\n<meta property=\"og:image\" content=\"https:\/\/amare-atelier.pl\/wp-content\/uploads\/2025\/07\/IMG_8387.jpeg\" \/>\n\t<meta property=\"og:image:width\" content=\"488\" \/>\n\t<meta property=\"og:image:height\" content=\"650\" \/>\n\t<meta property=\"og:image:type\" content=\"image\/jpeg\" \/>\n<meta name=\"twitter:card\" content=\"summary_large_image\" \/>\n<script type=\"application\/ld+json\" class=\"yoast-schema-graph\">{\"@context\":\"https:\/\/schema.org\",\"@graph\":[{\"@type\":\"WebPage\",\"@id\":\"https:\/\/amare-atelier.pl\/de\/produkt\/das-kleine-schwarze-mit-puffaermeln-klassische-eleganz\/\",\"url\":\"https:\/\/amare-atelier.pl\/de\/produkt\/das-kleine-schwarze-mit-puffaermeln-klassische-eleganz\/\",\"name\":\"Kleines Schwarzes mit Buff Sleeve - Klassische Eleganz - Amare Atelier \u2013 Modna Odzie\u017c Damska | Styl, Klasa, Kobieco\u015b\u0107\",\"isPartOf\":{\"@id\":\"https:\/\/amare-atelier.pl\/de\/#website\"},\"primaryImageOfPage\":{\"@id\":\"https:\/\/amare-atelier.pl\/de\/produkt\/das-kleine-schwarze-mit-puffaermeln-klassische-eleganz\/#primaryimage\"},\"image\":{\"@id\":\"https:\/\/amare-atelier.pl\/de\/produkt\/das-kleine-schwarze-mit-puffaermeln-klassische-eleganz\/#primaryimage\"},\"thumbnailUrl\":\"https:\/\/amare-atelier.pl\/wp-content\/uploads\/2025\/07\/IMG_8387.jpeg\",\"datePublished\":\"2025-07-08T20:14:02+00:00\",\"dateModified\":\"2025-11-04T01:25:20+00:00\",\"breadcrumb\":{\"@id\":\"https:\/\/amare-atelier.pl\/de\/produkt\/das-kleine-schwarze-mit-puffaermeln-klassische-eleganz\/#breadcrumb\"},\"inLanguage\":\"de\",\"potentialAction\":[{\"@type\":\"ReadAction\",\"target\":[\"https:\/\/amare-atelier.pl\/de\/produkt\/das-kleine-schwarze-mit-puffaermeln-klassische-eleganz\/\"]}]},{\"@type\":\"ImageObject\",\"inLanguage\":\"de\",\"@id\":\"https:\/\/amare-atelier.pl\/de\/produkt\/das-kleine-schwarze-mit-puffaermeln-klassische-eleganz\/#primaryimage\",\"url\":\"https:\/\/amare-atelier.pl\/wp-content\/uploads\/2025\/07\/IMG_8387.jpeg\",\"contentUrl\":\"https:\/\/amare-atelier.pl\/wp-content\/uploads\/2025\/07\/IMG_8387.jpeg\",\"width\":488,\"height\":650},{\"@type\":\"BreadcrumbList\",\"@id\":\"https:\/\/amare-atelier.pl\/de\/produkt\/das-kleine-schwarze-mit-puffaermeln-klassische-eleganz\/#breadcrumb\",\"itemListElement\":[{\"@type\":\"ListItem\",\"position\":1,\"name\":\"Startseite\",\"item\":\"https:\/\/amare-atelier.pl\/de\/startseite\/\"},{\"@type\":\"ListItem\",\"position\":2,\"name\":\"Shop\",\"item\":\"https:\/\/amare-atelier.pl\/de\/shop\/\"},{\"@type\":\"ListItem\",\"position\":3,\"name\":\"Kleines Schwarzes mit Buff Sleeve &#8211; Klassische Eleganz\"}]},{\"@type\":\"WebSite\",\"@id\":\"https:\/\/amare-atelier.pl\/de\/#website\",\"url\":\"https:\/\/amare-atelier.pl\/de\/\",\"name\":\"Amare Atelier \u2013 Modna Odzie\u017c Damska | Styl, Klasa, Kobieco\u015b\u0107\",\"description\":\"\",\"publisher\":{\"@id\":\"https:\/\/amare-atelier.pl\/de\/#organization\"},\"potentialAction\":[{\"@type\":\"SearchAction\",\"target\":{\"@type\":\"EntryPoint\",\"urlTemplate\":\"https:\/\/amare-atelier.pl\/de\/?s={search_term_string}\"},\"query-input\":{\"@type\":\"PropertyValueSpecification\",\"valueRequired\":true,\"valueName\":\"search_term_string\"}}],\"inLanguage\":\"de\"},{\"@type\":\"Organization\",\"@id\":\"https:\/\/amare-atelier.pl\/de\/#organization\",\"name\":\"Amare Atelier \u2013 Modna Odzie\u017c Damska | Styl, Klasa, Kobieco\u015b\u0107\",\"url\":\"https:\/\/amare-atelier.pl\/de\/\",\"logo\":{\"@type\":\"ImageObject\",\"inLanguage\":\"de\",\"@id\":\"https:\/\/amare-atelier.pl\/de\/#\/schema\/logo\/image\/\",\"url\":\"https:\/\/amare-atelier.pl\/wp-content\/uploads\/2025\/06\/amare-logo.svg\",\"contentUrl\":\"https:\/\/amare-atelier.pl\/wp-content\/uploads\/2025\/06\/amare-logo.svg\",\"width\":578,\"height\":238,\"caption\":\"Amare Atelier \u2013 Modna Odzie\u017c Damska | Styl, Klasa, Kobieco\u015b\u0107\"},\"image\":{\"@id\":\"https:\/\/amare-atelier.pl\/de\/#\/schema\/logo\/image\/\"},\"sameAs\":[\"https:\/\/www.facebook.com\/profile.php?id=61577234792545\",\"https:\/\/www.instagram.com\/amare___atelier\/\"]}]}<\/script>\n<!-- \/ Yoast SEO plugin. -->","yoast_head_json":{"title":"Kleines Schwarzes mit Buff Sleeve - Klassische Eleganz - Amare Atelier \u2013 Modna Odzie\u017c Damska | Styl, Klasa, Kobieco\u015b\u0107","robots":{"index":"index","follow":"follow","max-snippet":"max-snippet:-1","max-image-preview":"max-image-preview:large","max-video-preview":"max-video-preview:-1"},"canonical":"https:\/\/amare-atelier.pl\/de\/produkt\/das-kleine-schwarze-mit-puffaermeln-klassische-eleganz\/","og_locale":"de_DE","og_type":"article","og_title":"Kleines Schwarzes mit Buff Sleeve - Klassische Eleganz - Amare Atelier \u2013 Modna Odzie\u017c Damska | Styl, Klasa, Kobieco\u015b\u0107","og_description":"Entscheiden Sie sich f\u00fcr einen zeitlosen Stil mit einem modernen Twist! Unser kleines schwarzes Kleid mit Puff\u00e4rmeln ist der Inbegriff von Eleganz und Weiblichkeit. Der taillierte Schnitt mit einer B\u00fcgelfalte an der Taille betont die Silhouette wundersch\u00f6n, w\u00e4hrend die weiten \u00c4rmel einen modischen Touch verleihen. Perfekt f\u00fcr Abendausfl\u00fcge, Dates oder besondere Anl\u00e4sse.","og_url":"https:\/\/amare-atelier.pl\/de\/produkt\/das-kleine-schwarze-mit-puffaermeln-klassische-eleganz\/","og_site_name":"Amare Atelier \u2013 Modna Odzie\u017c Damska | Styl, Klasa, Kobieco\u015b\u0107","article_publisher":"https:\/\/www.facebook.com\/profile.php?id=61577234792545","article_modified_time":"2025-11-04T01:25:20+00:00","og_image":[{"width":488,"height":650,"url":"https:\/\/amare-atelier.pl\/wp-content\/uploads\/2025\/07\/IMG_8387.jpeg","type":"image\/jpeg"}],"twitter_card":"summary_large_image","schema":{"@context":"https:\/\/schema.org","@graph":[{"@type":"WebPage","@id":"https:\/\/amare-atelier.pl\/de\/produkt\/das-kleine-schwarze-mit-puffaermeln-klassische-eleganz\/","url":"https:\/\/amare-atelier.pl\/de\/produkt\/das-kleine-schwarze-mit-puffaermeln-klassische-eleganz\/","name":"Kleines Schwarzes mit Buff Sleeve - Klassische Eleganz - Amare Atelier \u2013 Modna Odzie\u017c Damska | Styl, Klasa, Kobieco\u015b\u0107","isPartOf":{"@id":"https:\/\/amare-atelier.pl\/de\/#website"},"primaryImageOfPage":{"@id":"https:\/\/amare-atelier.pl\/de\/produkt\/das-kleine-schwarze-mit-puffaermeln-klassische-eleganz\/#primaryimage"},"image":{"@id":"https:\/\/amare-atelier.pl\/de\/produkt\/das-kleine-schwarze-mit-puffaermeln-klassische-eleganz\/#primaryimage"},"thumbnailUrl":"https:\/\/amare-atelier.pl\/wp-content\/uploads\/2025\/07\/IMG_8387.jpeg","datePublished":"2025-07-08T20:14:02+00:00","dateModified":"2025-11-04T01:25:20+00:00","breadcrumb":{"@id":"https:\/\/amare-atelier.pl\/de\/produkt\/das-kleine-schwarze-mit-puffaermeln-klassische-eleganz\/#breadcrumb"},"inLanguage":"de","potentialAction":[{"@type":"ReadAction","target":["https:\/\/amare-atelier.pl\/de\/produkt\/das-kleine-schwarze-mit-puffaermeln-klassische-eleganz\/"]}]},{"@type":"ImageObject","inLanguage":"de","@id":"https:\/\/amare-atelier.pl\/de\/produkt\/das-kleine-schwarze-mit-puffaermeln-klassische-eleganz\/#primaryimage","url":"https:\/\/amare-atelier.pl\/wp-content\/uploads\/2025\/07\/IMG_8387.jpeg","contentUrl":"https:\/\/amare-atelier.pl\/wp-content\/uploads\/2025\/07\/IMG_8387.jpeg","width":488,"height":650},{"@type":"BreadcrumbList","@id":"https:\/\/amare-atelier.pl\/de\/produkt\/das-kleine-schwarze-mit-puffaermeln-klassische-eleganz\/#breadcrumb","itemListElement":[{"@type":"ListItem","position":1,"name":"Startseite","item":"https:\/\/amare-atelier.pl\/de\/startseite\/"},{"@type":"ListItem","position":2,"name":"Shop","item":"https:\/\/amare-atelier.pl\/de\/shop\/"},{"@type":"ListItem","position":3,"name":"Kleines Schwarzes mit Buff Sleeve &#8211; Klassische Eleganz"}]},{"@type":"WebSite","@id":"https:\/\/amare-atelier.pl\/de\/#website","url":"https:\/\/amare-atelier.pl\/de\/","name":"Amare Atelier \u2013 Modna Odzie\u017c Damska | Styl, Klasa, Kobieco\u015b\u0107","description":"","publisher":{"@id":"https:\/\/amare-atelier.pl\/de\/#organization"},"potentialAction":[{"@type":"SearchAction","target":{"@type":"EntryPoint","urlTemplate":"https:\/\/amare-atelier.pl\/de\/?s={search_term_string}"},"query-input":{"@type":"PropertyValueSpecification","valueRequired":true,"valueName":"search_term_string"}}],"inLanguage":"de"},{"@type":"Organization","@id":"https:\/\/amare-atelier.pl\/de\/#organization","name":"Amare Atelier \u2013 Modna Odzie\u017c Damska | Styl, Klasa, Kobieco\u015b\u0107","url":"https:\/\/amare-atelier.pl\/de\/","logo":{"@type":"ImageObject","inLanguage":"de","@id":"https:\/\/amare-atelier.pl\/de\/#\/schema\/logo\/image\/","url":"https:\/\/amare-atelier.pl\/wp-content\/uploads\/2025\/06\/amare-logo.svg","contentUrl":"https:\/\/amare-atelier.pl\/wp-content\/uploads\/2025\/06\/amare-logo.svg","width":578,"height":238,"caption":"Amare Atelier \u2013 Modna Odzie\u017c Damska | Styl, Klasa, Kobieco\u015b\u0107"},"image":{"@id":"https:\/\/amare-atelier.pl\/de\/#\/schema\/logo\/image\/"},"sameAs":["https:\/\/www.facebook.com\/profile.php?id=61577234792545","https:\/\/www.instagram.com\/amare___atelier\/"]}]}},"_links":{"self":[{"href":"https:\/\/amare-atelier.pl\/de\/wp-json\/wp\/v2\/product\/61711","targetHints":{"allow":["GET"]}}],"collection":[{"href":"https:\/\/amare-atelier.pl\/de\/wp-json\/wp\/v2\/product"}],"about":[{"href":"https:\/\/amare-atelier.pl\/de\/wp-json\/wp\/v2\/types\/product"}],"wp:featuredmedia":[{"embeddable":true,"href":"https:\/\/amare-atelier.pl\/de\/wp-json\/wp\/v2\/media\/61713"}],"wp:attachment":[{"href":"https:\/\/amare-atelier.pl\/de\/wp-json\/wp\/v2\/media?parent=61711"}],"wp:term":[{"taxonomy":"product_brand","embeddable":true,"href":"https:\/\/amare-atelier.pl\/de\/wp-json\/wp\/v2\/product_brand?post=61711"},{"taxonomy":"product_cat","embeddable":true,"href":"https:\/\/amare-atelier.pl\/de\/wp-json\/wp\/v2\/product_cat?post=61711"},{"taxonomy":"product_tag","embeddable":true,"href":"https:\/\/amare-atelier.pl\/de\/wp-json\/wp\/v2\/product_tag?post=61711"}],"curies":[{"name":"wp","href":"https:\/\/api.w.org\/{rel}","templated":true}]}}