{"id":61697,"date":"2025-06-27T15:05:18","date_gmt":"2025-06-27T13:05:18","guid":{"rendered":"https:\/\/amareprod.wpenginepowered.com\/produkt\/t-shirt-kleid-ivory-chic-weiss\/"},"modified":"2025-11-04T02:25:21","modified_gmt":"2025-11-04T01:25:21","slug":"t-shirt-kleid-ivory-chic-weiss","status":"publish","type":"product","link":"https:\/\/amare-atelier.pl\/de\/produkt\/t-shirt-kleid-ivory-chic-weiss\/","title":{"rendered":"Elfenbeinfarbenes Chic T-Shirt Kleid &#8211; Wei\u00df"},"content":{"rendered":"<p>Das &#8216;Ivory Chic&#8217; Kleid ist eine Kombination aus leger und elegant in einem. Es ist aus weichem, dehnbarem Stoff in einer einheitlichen schneewei\u00dfen Farbe gefertigt. Es passt sich perfekt der Silhouette an und betont die femininen Kurven. Das Oberteil \u00e4hnelt einem klassischen Oversize-T-Shirt mit weiten \u00c4rmeln, w\u00e4hrend das Unterteil ein taillierter Mini mit einer auff\u00e4lligen B\u00fcgelfalte an den Seiten ist. Der elastische Bund sorgt f\u00fcr einen bequemen Sitz und einen modischen Look. Perfekt sowohl f\u00fcr den Tag als auch f\u00fcr den Abend &#8211; w\u00e4hlen Sie einfach die richtigen Accessoires!    <\/p>\n","protected":false},"excerpt":{"rendered":"<p>Das &#8216;Ivory Chic&#8217; Kleid ist eine Kombination aus leger und elegant in einem. Es ist aus weichem, dehnbarem Stoff in einer einheitlichen schneewei\u00dfen Farbe gefertigt. Es passt sich perfekt der Silhouette an und betont die femininen Kurven. Das Oberteil \u00e4hnelt einem klassischen Oversize-T-Shirt mit weiten \u00c4rmeln, w\u00e4hrend das Unterteil ein taillierter Mini mit einer auff\u00e4lligen [&hellip;]<\/p>\n","protected":false},"featured_media":61700,"template":"","meta":{"inline_featured_image":false},"product_brand":[],"product_cat":[148,153],"product_tag":[],"class_list":{"0":"post-61697","1":"product","2":"type-product","3":"status-publish","4":"has-post-thumbnail","6":"product_cat-sukienki","7":"product_cat-lato","10":"first","11":"outofstock","12":"shipping-taxable","13":"purchasable","14":"product-type-variable"},"yoast_head":"<!-- This site is optimized with the Yoast SEO plugin v26.3 - https:\/\/yoast.com\/wordpress\/plugins\/seo\/ -->\n<title>Elfenbeinfarbenes Chic T-Shirt Kleid - Wei\u00df - Amare Atelier \u2013 Modna Odzie\u017c Damska | Styl, Klasa, Kobieco\u015b\u0107<\/title>\n<meta name=\"robots\" content=\"index, follow, max-snippet:-1, max-image-preview:large, max-video-preview:-1\" \/>\n<link rel=\"canonical\" href=\"https:\/\/amare-atelier.pl\/de\/produkt\/t-shirt-kleid-ivory-chic-weiss\/\" \/>\n<meta property=\"og:locale\" content=\"de_DE\" \/>\n<meta property=\"og:type\" content=\"article\" \/>\n<meta property=\"og:title\" content=\"Elfenbeinfarbenes Chic T-Shirt Kleid - Wei\u00df - Amare Atelier \u2013 Modna Odzie\u017c Damska | Styl, Klasa, Kobieco\u015b\u0107\" \/>\n<meta property=\"og:description\" content=\"Das &#8216;Ivory Chic&#8217; Kleid ist eine Kombination aus leger und elegant in einem. Es ist aus weichem, dehnbarem Stoff in einer einheitlichen schneewei\u00dfen Farbe gefertigt. Es passt sich perfekt der Silhouette an und betont die femininen Kurven. Das Oberteil \u00e4hnelt einem klassischen Oversize-T-Shirt mit weiten \u00c4rmeln, w\u00e4hrend das Unterteil ein taillierter Mini mit einer auff\u00e4lligen [&hellip;]\" \/>\n<meta property=\"og:url\" content=\"https:\/\/amare-atelier.pl\/de\/produkt\/t-shirt-kleid-ivory-chic-weiss\/\" \/>\n<meta property=\"og:site_name\" content=\"Amare Atelier \u2013 Modna Odzie\u017c Damska | Styl, Klasa, Kobieco\u015b\u0107\" \/>\n<meta property=\"article:publisher\" content=\"https:\/\/www.facebook.com\/profile.php?id=61577234792545\" \/>\n<meta property=\"article:modified_time\" content=\"2025-11-04T01:25:21+00:00\" \/>\n<meta property=\"og:image\" content=\"https:\/\/amare-atelier.pl\/wp-content\/uploads\/2025\/06\/IMG_7802.jpeg\" \/>\n\t<meta property=\"og:image:width\" content=\"600\" \/>\n\t<meta property=\"og:image:height\" content=\"698\" \/>\n\t<meta property=\"og:image:type\" content=\"image\/jpeg\" \/>\n<meta name=\"twitter:card\" content=\"summary_large_image\" \/>\n<script type=\"application\/ld+json\" class=\"yoast-schema-graph\">{\"@context\":\"https:\/\/schema.org\",\"@graph\":[{\"@type\":\"WebPage\",\"@id\":\"https:\/\/amare-atelier.pl\/de\/produkt\/t-shirt-kleid-ivory-chic-weiss\/\",\"url\":\"https:\/\/amare-atelier.pl\/de\/produkt\/t-shirt-kleid-ivory-chic-weiss\/\",\"name\":\"Elfenbeinfarbenes Chic T-Shirt Kleid - Wei\u00df - Amare Atelier \u2013 Modna Odzie\u017c Damska | Styl, Klasa, Kobieco\u015b\u0107\",\"isPartOf\":{\"@id\":\"https:\/\/amare-atelier.pl\/de\/#website\"},\"primaryImageOfPage\":{\"@id\":\"https:\/\/amare-atelier.pl\/de\/produkt\/t-shirt-kleid-ivory-chic-weiss\/#primaryimage\"},\"image\":{\"@id\":\"https:\/\/amare-atelier.pl\/de\/produkt\/t-shirt-kleid-ivory-chic-weiss\/#primaryimage\"},\"thumbnailUrl\":\"https:\/\/amare-atelier.pl\/wp-content\/uploads\/2025\/06\/IMG_7802.jpeg\",\"datePublished\":\"2025-06-27T13:05:18+00:00\",\"dateModified\":\"2025-11-04T01:25:21+00:00\",\"breadcrumb\":{\"@id\":\"https:\/\/amare-atelier.pl\/de\/produkt\/t-shirt-kleid-ivory-chic-weiss\/#breadcrumb\"},\"inLanguage\":\"de\",\"potentialAction\":[{\"@type\":\"ReadAction\",\"target\":[\"https:\/\/amare-atelier.pl\/de\/produkt\/t-shirt-kleid-ivory-chic-weiss\/\"]}]},{\"@type\":\"ImageObject\",\"inLanguage\":\"de\",\"@id\":\"https:\/\/amare-atelier.pl\/de\/produkt\/t-shirt-kleid-ivory-chic-weiss\/#primaryimage\",\"url\":\"https:\/\/amare-atelier.pl\/wp-content\/uploads\/2025\/06\/IMG_7802.jpeg\",\"contentUrl\":\"https:\/\/amare-atelier.pl\/wp-content\/uploads\/2025\/06\/IMG_7802.jpeg\",\"width\":600,\"height\":698},{\"@type\":\"BreadcrumbList\",\"@id\":\"https:\/\/amare-atelier.pl\/de\/produkt\/t-shirt-kleid-ivory-chic-weiss\/#breadcrumb\",\"itemListElement\":[{\"@type\":\"ListItem\",\"position\":1,\"name\":\"Startseite\",\"item\":\"https:\/\/amare-atelier.pl\/de\/startseite\/\"},{\"@type\":\"ListItem\",\"position\":2,\"name\":\"Shop\",\"item\":\"https:\/\/amare-atelier.pl\/de\/shop\/\"},{\"@type\":\"ListItem\",\"position\":3,\"name\":\"Elfenbeinfarbenes Chic T-Shirt Kleid &#8211; Wei\u00df\"}]},{\"@type\":\"WebSite\",\"@id\":\"https:\/\/amare-atelier.pl\/de\/#website\",\"url\":\"https:\/\/amare-atelier.pl\/de\/\",\"name\":\"Amare Atelier \u2013 Modna Odzie\u017c Damska | Styl, Klasa, Kobieco\u015b\u0107\",\"description\":\"\",\"publisher\":{\"@id\":\"https:\/\/amare-atelier.pl\/de\/#organization\"},\"potentialAction\":[{\"@type\":\"SearchAction\",\"target\":{\"@type\":\"EntryPoint\",\"urlTemplate\":\"https:\/\/amare-atelier.pl\/de\/?s={search_term_string}\"},\"query-input\":{\"@type\":\"PropertyValueSpecification\",\"valueRequired\":true,\"valueName\":\"search_term_string\"}}],\"inLanguage\":\"de\"},{\"@type\":\"Organization\",\"@id\":\"https:\/\/amare-atelier.pl\/de\/#organization\",\"name\":\"Amare Atelier \u2013 Modna Odzie\u017c Damska | Styl, Klasa, Kobieco\u015b\u0107\",\"url\":\"https:\/\/amare-atelier.pl\/de\/\",\"logo\":{\"@type\":\"ImageObject\",\"inLanguage\":\"de\",\"@id\":\"https:\/\/amare-atelier.pl\/de\/#\/schema\/logo\/image\/\",\"url\":\"https:\/\/amare-atelier.pl\/wp-content\/uploads\/2025\/06\/amare-logo.svg\",\"contentUrl\":\"https:\/\/amare-atelier.pl\/wp-content\/uploads\/2025\/06\/amare-logo.svg\",\"width\":578,\"height\":238,\"caption\":\"Amare Atelier \u2013 Modna Odzie\u017c Damska | Styl, Klasa, Kobieco\u015b\u0107\"},\"image\":{\"@id\":\"https:\/\/amare-atelier.pl\/de\/#\/schema\/logo\/image\/\"},\"sameAs\":[\"https:\/\/www.facebook.com\/profile.php?id=61577234792545\",\"https:\/\/www.instagram.com\/amare___atelier\/\"]}]}<\/script>\n<!-- \/ Yoast SEO plugin. -->","yoast_head_json":{"title":"Elfenbeinfarbenes Chic T-Shirt Kleid - Wei\u00df - Amare Atelier \u2013 Modna Odzie\u017c Damska | Styl, Klasa, Kobieco\u015b\u0107","robots":{"index":"index","follow":"follow","max-snippet":"max-snippet:-1","max-image-preview":"max-image-preview:large","max-video-preview":"max-video-preview:-1"},"canonical":"https:\/\/amare-atelier.pl\/de\/produkt\/t-shirt-kleid-ivory-chic-weiss\/","og_locale":"de_DE","og_type":"article","og_title":"Elfenbeinfarbenes Chic T-Shirt Kleid - Wei\u00df - Amare Atelier \u2013 Modna Odzie\u017c Damska | Styl, Klasa, Kobieco\u015b\u0107","og_description":"Das &#8216;Ivory Chic&#8217; Kleid ist eine Kombination aus leger und elegant in einem. Es ist aus weichem, dehnbarem Stoff in einer einheitlichen schneewei\u00dfen Farbe gefertigt. Es passt sich perfekt der Silhouette an und betont die femininen Kurven. Das Oberteil \u00e4hnelt einem klassischen Oversize-T-Shirt mit weiten \u00c4rmeln, w\u00e4hrend das Unterteil ein taillierter Mini mit einer auff\u00e4lligen [&hellip;]","og_url":"https:\/\/amare-atelier.pl\/de\/produkt\/t-shirt-kleid-ivory-chic-weiss\/","og_site_name":"Amare Atelier \u2013 Modna Odzie\u017c Damska | Styl, Klasa, Kobieco\u015b\u0107","article_publisher":"https:\/\/www.facebook.com\/profile.php?id=61577234792545","article_modified_time":"2025-11-04T01:25:21+00:00","og_image":[{"width":600,"height":698,"url":"https:\/\/amare-atelier.pl\/wp-content\/uploads\/2025\/06\/IMG_7802.jpeg","type":"image\/jpeg"}],"twitter_card":"summary_large_image","schema":{"@context":"https:\/\/schema.org","@graph":[{"@type":"WebPage","@id":"https:\/\/amare-atelier.pl\/de\/produkt\/t-shirt-kleid-ivory-chic-weiss\/","url":"https:\/\/amare-atelier.pl\/de\/produkt\/t-shirt-kleid-ivory-chic-weiss\/","name":"Elfenbeinfarbenes Chic T-Shirt Kleid - Wei\u00df - Amare Atelier \u2013 Modna Odzie\u017c Damska | Styl, Klasa, Kobieco\u015b\u0107","isPartOf":{"@id":"https:\/\/amare-atelier.pl\/de\/#website"},"primaryImageOfPage":{"@id":"https:\/\/amare-atelier.pl\/de\/produkt\/t-shirt-kleid-ivory-chic-weiss\/#primaryimage"},"image":{"@id":"https:\/\/amare-atelier.pl\/de\/produkt\/t-shirt-kleid-ivory-chic-weiss\/#primaryimage"},"thumbnailUrl":"https:\/\/amare-atelier.pl\/wp-content\/uploads\/2025\/06\/IMG_7802.jpeg","datePublished":"2025-06-27T13:05:18+00:00","dateModified":"2025-11-04T01:25:21+00:00","breadcrumb":{"@id":"https:\/\/amare-atelier.pl\/de\/produkt\/t-shirt-kleid-ivory-chic-weiss\/#breadcrumb"},"inLanguage":"de","potentialAction":[{"@type":"ReadAction","target":["https:\/\/amare-atelier.pl\/de\/produkt\/t-shirt-kleid-ivory-chic-weiss\/"]}]},{"@type":"ImageObject","inLanguage":"de","@id":"https:\/\/amare-atelier.pl\/de\/produkt\/t-shirt-kleid-ivory-chic-weiss\/#primaryimage","url":"https:\/\/amare-atelier.pl\/wp-content\/uploads\/2025\/06\/IMG_7802.jpeg","contentUrl":"https:\/\/amare-atelier.pl\/wp-content\/uploads\/2025\/06\/IMG_7802.jpeg","width":600,"height":698},{"@type":"BreadcrumbList","@id":"https:\/\/amare-atelier.pl\/de\/produkt\/t-shirt-kleid-ivory-chic-weiss\/#breadcrumb","itemListElement":[{"@type":"ListItem","position":1,"name":"Startseite","item":"https:\/\/amare-atelier.pl\/de\/startseite\/"},{"@type":"ListItem","position":2,"name":"Shop","item":"https:\/\/amare-atelier.pl\/de\/shop\/"},{"@type":"ListItem","position":3,"name":"Elfenbeinfarbenes Chic T-Shirt Kleid &#8211; Wei\u00df"}]},{"@type":"WebSite","@id":"https:\/\/amare-atelier.pl\/de\/#website","url":"https:\/\/amare-atelier.pl\/de\/","name":"Amare Atelier \u2013 Modna Odzie\u017c Damska | Styl, Klasa, Kobieco\u015b\u0107","description":"","publisher":{"@id":"https:\/\/amare-atelier.pl\/de\/#organization"},"potentialAction":[{"@type":"SearchAction","target":{"@type":"EntryPoint","urlTemplate":"https:\/\/amare-atelier.pl\/de\/?s={search_term_string}"},"query-input":{"@type":"PropertyValueSpecification","valueRequired":true,"valueName":"search_term_string"}}],"inLanguage":"de"},{"@type":"Organization","@id":"https:\/\/amare-atelier.pl\/de\/#organization","name":"Amare Atelier \u2013 Modna Odzie\u017c Damska | Styl, Klasa, Kobieco\u015b\u0107","url":"https:\/\/amare-atelier.pl\/de\/","logo":{"@type":"ImageObject","inLanguage":"de","@id":"https:\/\/amare-atelier.pl\/de\/#\/schema\/logo\/image\/","url":"https:\/\/amare-atelier.pl\/wp-content\/uploads\/2025\/06\/amare-logo.svg","contentUrl":"https:\/\/amare-atelier.pl\/wp-content\/uploads\/2025\/06\/amare-logo.svg","width":578,"height":238,"caption":"Amare Atelier \u2013 Modna Odzie\u017c Damska | Styl, Klasa, Kobieco\u015b\u0107"},"image":{"@id":"https:\/\/amare-atelier.pl\/de\/#\/schema\/logo\/image\/"},"sameAs":["https:\/\/www.facebook.com\/profile.php?id=61577234792545","https:\/\/www.instagram.com\/amare___atelier\/"]}]}},"_links":{"self":[{"href":"https:\/\/amare-atelier.pl\/de\/wp-json\/wp\/v2\/product\/61697","targetHints":{"allow":["GET"]}}],"collection":[{"href":"https:\/\/amare-atelier.pl\/de\/wp-json\/wp\/v2\/product"}],"about":[{"href":"https:\/\/amare-atelier.pl\/de\/wp-json\/wp\/v2\/types\/product"}],"wp:featuredmedia":[{"embeddable":true,"href":"https:\/\/amare-atelier.pl\/de\/wp-json\/wp\/v2\/media\/61700"}],"wp:attachment":[{"href":"https:\/\/amare-atelier.pl\/de\/wp-json\/wp\/v2\/media?parent=61697"}],"wp:term":[{"taxonomy":"product_brand","embeddable":true,"href":"https:\/\/amare-atelier.pl\/de\/wp-json\/wp\/v2\/product_brand?post=61697"},{"taxonomy":"product_cat","embeddable":true,"href":"https:\/\/amare-atelier.pl\/de\/wp-json\/wp\/v2\/product_cat?post=61697"},{"taxonomy":"product_tag","embeddable":true,"href":"https:\/\/amare-atelier.pl\/de\/wp-json\/wp\/v2\/product_tag?post=61697"}],"curies":[{"name":"wp","href":"https:\/\/api.w.org\/{rel}","templated":true}]}}